{"id":7771,"date":"2021-02-12T11:23:33","date_gmt":"2021-02-12T10:23:33","guid":{"rendered":"https:\/\/www.welaunch.io\/fr\/?post_type=product&#038;p=7771"},"modified":"2025-08-28T13:17:42","modified_gmt":"2025-08-28T11:17:42","slug":"woocommerce-shop-look","status":"publish","type":"product","link":"https:\/\/www.welaunch.io\/fr\/product\/woocommerce-shop-look\/","title":{"rendered":"WooCommerce compl\u00e8te le look"},"content":{"rendered":"\n\t<section class=\"section\" id=\"section_2088517255\">\n\t\t<div class=\"section-bg fill\" >\n\t\t\t\t\t\t\t\t\t\n\t\t\t\n\n\t\t<\/div>\n\n\t\t\n\n\t\t<div class=\"section-content relative\">\n\t\t\t<div class=\"row row-solid\"  id=\"row-1637202877\">\n\t<div id=\"col-1833931597\" class=\"col medium-4 small-12 large-4\"  >\n\t\t\t\t<div class=\"col-inner text-center\"  >\n\t\t\t\n\t\t\t\n\t\t<div class=\"icon-box featured-box icon-box-center text-center\"  >\n\t\t\t\t\t<div class=\"icon-box-img\" style=\"width: 69px\">\n\t\t\t\t<div class=\"icon\">\n\t\t\t\t\t<div class=\"icon-inner\" style=\"color:rgb(101, 28, 255);\">\n\t\t\t\t\t\t<svg xmlns=\"http:\/\/www.w3.org\/2000\/svg\" viewBox=\"0 0 24 24\"><path d=\"M3.172,22.561A1,1,0,0,0,4,23H20a1,1,0,0,0,.929-1.372l-3.373-8.421A11.013,11.013,0,0,0,19,8V2a1,1,0,0,0-2,0V4.885a8.1,8.1,0,0,0-3-.44,2.882,2.882,0,0,0-2,1.2,2.882,2.882,0,0,0-2-1.2,8.1,8.1,0,0,0-3,.44V2A1,1,0,0,0,5,2V8a11.013,11.013,0,0,0,1.444,5.207L3.071,21.628A1,1,0,0,0,3.172,22.561Zm5.361-9.189A1,1,0,0,0,8.207,12.2C7.7,11.819,7,9.385,7,8c0-.91.215-1.555,2.92-1.566.28.111.97,1.077,1.577,1.43a1,1,0,0,0,1.006,0c.682-.4,1.155-1.166,1.5-1.419,2.785,0,3,.645,3,1.555,0,1.385-.7,3.819-1.207,4.2a1,1,0,0,0-.326,1.171L18.522,21H5.478Z\"\/><\/svg>\t\t\t\t\t<\/div>\n\t\t\t\t<\/div>\n\t\t\t<\/div>\n\t\t\t\t<div class=\"icon-box-text last-reset\">\n\t\t\t<h5 class=\"uppercase\">Acheter le look<\/h5>\t\t\t\t\t\t\n<p>Cr\u00e9ez des produits &#8220;shop the look&#8221; dans WooCommerce et vendez des tenues compl\u00e8tes en toute simplicit\u00e9<\/p>\n\t\t<\/div>\n\t<\/div>\n\t\n\t\t\t<\/div>\n\t\t\t\t\t<\/div>\n\n\t\n\t<div id=\"col-1037562967\" class=\"col medium-4 small-12 large-4\"  >\n\t\t\t\t<div class=\"col-inner\"  >\n\t\t\t\n\t\t\t\n\t\t<div class=\"icon-box featured-box icon-box-center text-center\"  >\n\t\t\t\t\t<div class=\"icon-box-img\" style=\"width: 71px\">\n\t\t\t\t<div class=\"icon\">\n\t\t\t\t\t<div class=\"icon-inner\" style=\"color:rgb(101, 28, 255);\">\n\t\t\t\t\t\t<svg xmlns=\"http:\/\/www.w3.org\/2000\/svg\" viewBox=\"0 0 576 512\"><path d=\"M551.991 64H129.28l-8.329-44.423C118.822 8.226 108.911 0 97.362 0H12C5.373 0 0 5.373 0 12v8c0 6.627 5.373 12 12 12h78.72l69.927 372.946C150.305 416.314 144 431.42 144 448c0 35.346 28.654 64 64 64s64-28.654 64-64a63.681 63.681 0 0 0-8.583-32h145.167a63.681 63.681 0 0 0-8.583 32c0 35.346 28.654 64 64 64 35.346 0 64-28.654 64-64 0-17.993-7.435-34.24-19.388-45.868C506.022 391.891 496.76 384 485.328 384H189.28l-12-64h331.381c11.368 0 21.177-7.976 23.496-19.105l43.331-208C578.592 77.991 567.215 64 551.991 64zM464 416c17.645 0 32 14.355 32 32s-14.355 32-32 32-32-14.355-32-32 14.355-32 32-32zm-256 0c17.645 0 32 14.355 32 32s-14.355 32-32 32-32-14.355-32-32 14.355-32 32-32zm294.156-128H171.28l-36-192h406.876l-40 192zM272 196v-8c0-6.627 5.373-12 12-12h36v-36c0-6.627 5.373-12 12-12h8c6.627 0 12 5.373 12 12v36h36c6.627 0 12 5.373 12 12v8c0 6.627-5.373 12-12 12h-36v36c0 6.627-5.373 12-12 12h-8c-6.627 0-12-5.373-12-12v-36h-36c-6.627 0-12-5.373-12-12z\"\/><\/svg>\t\t\t\t\t<\/div>\n\t\t\t\t<\/div>\n\t\t\t<\/div>\n\t\t\t\t<div class=\"icon-box-text last-reset\">\n\t\t\t<h5 class=\"uppercase\">AJAX ajouter au panier<\/h5>\t\t\t\t\t\t\n<p>Ajoutez un ou tous les produits dans le panier via la fonctionnalit\u00e9 AJAX en direct<\/p>\n\t\t<\/div>\n\t<\/div>\n\t\n\t\t\t<\/div>\n\t\t\t\t\t<\/div>\n\n\t\n\t<div id=\"col-1385449618\" class=\"col medium-4 small-12 large-4\"  >\n\t\t\t\t<div class=\"col-inner\"  >\n\t\t\t\n\t\t\t\n\t\t<div class=\"icon-box featured-box icon-box-center text-center\"  >\n\t\t\t\t\t<div class=\"icon-box-img\" style=\"width: 79px\">\n\t\t\t\t<div class=\"icon\">\n\t\t\t\t\t<div class=\"icon-inner\" style=\"color:rgb(101, 28, 255);\">\n\t\t\t\t\t\t<svg xmlns=\"http:\/\/www.w3.org\/2000\/svg\" viewBox=\"0 0 640 512\"><path d=\"M624 224H480V16c0-8.8-7.2-16-16-16H176c-8.8 0-16 7.2-16 16v208H16c-8.8 0-16 7.2-16 16v256c0 8.8 7.2 16 16 16h608c8.8 0 16-7.2 16-16V240c0-8.8-7.2-16-16-16zm-176 32h64v62.3l-32-10.7-32 10.7V256zM352 32v62.3l-32-10.7-32 10.7V32h64zm-160 0h64v106.7l64-21.3 64 21.3V32h64v192H192V32zm0 224v62.3l-32-10.7-32 10.7V256h64zm-160 0h64v106.7l64-21.3 64 21.3V256h80v224H32V256zm576 224H336V256h80v106.7l64-21.3 64 21.3V256h64v224z\"\/><\/svg>\t\t\t\t\t<\/div>\n\t\t\t\t<\/div>\n\t\t\t<\/div>\n\t\t\t\t<div class=\"icon-box-text last-reset\">\n\t\t\t<h5 class=\"uppercase\">Soutien aux variations<\/h5>\t\t\t\t\t\t\n<p>Les variables et leurs produits de variation, par exemple taille + couleur, sont bien pris en charge<\/p>\n\t\t<\/div>\n\t<\/div>\n\t\n\t\t\t<\/div>\n\t\t\t\t\t<\/div>\n\n\t<\/div>\t\t<\/div>\n\n\t\t\n<style>\n#section_2088517255 {\n  padding-top: 30px;\n  padding-bottom: 30px;\n}\n<\/style>\n\t<\/section>\n\t\n\t<section class=\"section dark\" id=\"section_320749009\">\n\t\t<div class=\"section-bg fill\" >\n\t\t\t\t\t\t\t\t\t<div class=\"section-bg-overlay absolute fill\"><\/div>\n\t\t\t\n\n\t\t<\/div>\n\n\t\t\n\n\t\t<div class=\"section-content relative\">\n\t\t\t<div class=\"row align-middle align-center\"  id=\"row-2009335839\">\n\t<div id=\"col-1513881434\" class=\"col medium-12 small-12 large-6\"  >\n\t\t\t\t<div class=\"col-inner\"  >\n\t\t\t\n\t\t\t\n<h2>Pr\u00e9senter les Lookbooks \u00e0 acheter<\/h2>\n<p>Zalando et de nombreuses autres grandes marques de mode, ainsi que des magasins de meubles, vendent des lookbooks \u00e0 shopper Utilisez-les comme source d&#8217;inspiration pour vos clients Lorsqu&#8217;ils voient un look qui leur pla\u00eet, qu&#8217;il s&#8217;agisse d&#8217;une salle \u00e0 manger ou d&#8217;une tenue f\u00e9minine, ils ont envie de l&#8217;acheter<\/p>\n<p>Au lieu de pr\u00e9senter une liste de 5 produits, cr\u00e9ez une tenue de type &#8220;shop the look&#8221; contenant ces 5 produits et vendez-les tous en un seul lot Les clients aiment voir comment les v\u00eatements ou les produits en g\u00e9n\u00e9ral se pr\u00e9sentent en situation r\u00e9elle Utilisez cet avantage <\/p>\n<a href=\"https:\/\/demos.welaunch.io\/woocommerce-shop-look\/\" target=\"_blank\" class=\"button white is-link\" rel=\"noopener\">\n\t\t<span>Voir la d\u00e9mo<\/span>\n\t<\/a>\n\t\t<\/div>\n\t\t\t\t\t<\/div>\n\n\t\n\t<div id=\"col-1471006603\" class=\"col medium-12 small-12 large-6\"  >\n\t\t\t\t<div class=\"col-inner text-center\"  >\n\t\t\t\n\t\t\t<div class=\"video video-fit mb box-shadow-2 box-shadow-3-hover\" style=\"padding-top:56.25%;\"><p><iframe title=\"WooCommere Shop the Look\" width=\"1020\" height=\"574\" src=\"https:\/\/www.youtube.com\/embed\/EZl8VbHjejc?feature=oembed\" frameborder=\"0\" allow=\"accelerometer; autoplay; clipboard-write; encrypted-media; gyroscope; picture-in-picture\" allowfullscreen><\/iframe><\/p>\n<\/div>\t\t<\/div>\n\t\t\t\t\t<\/div>\n\n\t<\/div>\t\t<\/div>\n\n\t\t\n<style>\n#section_320749009 {\n  padding-top: 40px;\n  padding-bottom: 40px;\n}\n#section_320749009 .section-bg-overlay {\n  background-color: rgb(49, 113, 238);\n}\n@media (min-width:550px) {\n  #section_320749009 {\n    padding-top: 50px;\n    padding-bottom: 50px;\n  }\n}\n@media (min-width:850px) {\n  #section_320749009 {\n    padding-top: 80px;\n    padding-bottom: 80px;\n  }\n}\n<\/style>\n\t<\/section>\n\t\n\t<section class=\"section\" id=\"section_801753807\">\n\t\t<div class=\"section-bg fill\" >\n\t\t\t\t\t\t\t\t\t\n\t\t\t\n\n\t\t<\/div>\n\n\t\t\n\n\t\t<div class=\"section-content relative\">\n\t\t\t<div class=\"row align-middle align-center\"  id=\"row-1508142587\">\n\t<div id=\"col-1836731241\" class=\"col medium-12 small-12 large-6\"  >\n\t\t\t\t<div class=\"col-inner text-center\"  >\n\t\t\t\n\t\t\t\t<div class=\"img has-hover x md-x lg-x y md-y lg-y\" id=\"image_1257608674\">\n\t\t\t\t\t\t<div data-animate=\"fadeInLeft\">\t\t<div class=\"img-inner box-shadow-2 box-shadow-3-hover dark\" >\n\t\t\t<img loading=\"lazy\" decoding=\"async\" width=\"1020\" height=\"788\" src=\"https:\/\/www.welaunch.io\/fr\/wp-content\/uploads\/sites\/13\/2021\/02\/complete-the-look-example-1024x791.png\" class=\"attachment-large size-large\" alt=\"complete the look example\" srcset=\"https:\/\/www.welaunch.io\/fr\/wp-content\/uploads\/sites\/13\/2021\/02\/complete-the-look-example-1024x791.png 1024w, https:\/\/www.welaunch.io\/fr\/wp-content\/uploads\/sites\/13\/2021\/02\/complete-the-look-example-300x232.png 300w, https:\/\/www.welaunch.io\/fr\/wp-content\/uploads\/sites\/13\/2021\/02\/complete-the-look-example-768x593.png 768w, https:\/\/www.welaunch.io\/fr\/wp-content\/uploads\/sites\/13\/2021\/02\/complete-the-look-example-1536x1186.png 1536w, https:\/\/www.welaunch.io\/fr\/wp-content\/uploads\/sites\/13\/2021\/02\/complete-the-look-example-2048x1582.png 2048w, https:\/\/www.welaunch.io\/fr\/wp-content\/uploads\/sites\/13\/2021\/02\/complete-the-look-example-247x191.png 247w, https:\/\/www.welaunch.io\/fr\/wp-content\/uploads\/sites\/13\/2021\/02\/complete-the-look-example-510x394.png 510w\" sizes=\"auto, (max-width: 1020px) 100vw, 1020px\" \/>\t\t\t\t\t\t\n\t\t\t\t\t<\/div>\n\t\t<\/div>\t\t\t\t\t\t\n<style>\n#image_1257608674 {\n  width: 100%;\n}\n<\/style>\n\t<\/div>\n\t\t\t<\/div>\n\t\t\t\t\t<\/div>\n\n\t\n\t<div id=\"col-336479369\" class=\"col medium-12 small-12 large-6 medium-col-first\"  >\n\t\t\t\t<div class=\"col-inner\"  >\n\t\t\t\n\t\t\t\n<h2>Vendez des tenues pour le look<\/h2>\n<p>Utilisez notre plugin pour cr\u00e9er des tenues &#8221; get the look &#8221; dans votre boutique de mode WooCommerce Invitez des mannequins \u00e0 porter vos produits, laissez-les prendre des photos et vendez ensuite les tenues compl\u00e8tes dans votre boutique eCommerce<\/p>\n<p>Les clients peuvent choisir leur taille, leur couleur et les produits qu&#8217;ils souhaitent avoir En outre, ils peuvent \u00e9galement utiliser les cases \u00e0 cocher pour ajouter tous les produits au panier<\/p>\n<a href=\"https:\/\/demos.welaunch.io\/woocommerce-shop-look\/product\/feminine-business\/\" target=\"_blank\" class=\"button primary is-link\" rel=\"WooCommerce Get the Look outfit noopener\">\n\t\t<span>Voir la d\u00e9mo<\/span>\n\t<\/a>\n\t\t<\/div>\n\t\t\t\t\t<\/div>\n\n\t<\/div>\t\t<\/div>\n\n\t\t\n<style>\n#section_801753807 {\n  padding-top: 20px;\n  padding-bottom: 20px;\n}\n@media (min-width:550px) {\n  #section_801753807 {\n    padding-top: 50px;\n    padding-bottom: 50px;\n  }\n}\n@media (min-width:850px) {\n  #section_801753807 {\n    padding-top: 80px;\n    padding-bottom: 80px;\n  }\n}\n<\/style>\n\t<\/section>\n\t\n\t<section class=\"section dark\" id=\"section_1935011430\">\n\t\t<div class=\"section-bg fill\" >\n\t\t\t\t\t\t\t\t\t<div class=\"section-bg-overlay absolute fill\"><\/div>\n\t\t\t\n\n\t\t<\/div>\n\n\t\t\n\n\t\t<div class=\"section-content relative\">\n\t\t\t<div class=\"row align-middle align-center\"  id=\"row-38198276\">\n\t<div id=\"col-1002229146\" class=\"col medium-12 small-12 large-6\"  >\n\t\t\t\t<div class=\"col-inner\"  >\n\t\t\t\n\t\t\t\n<h2>Cr\u00e9ez des lookbooks en toute simplicit\u00e9<\/h2>\n<p>Bien s\u00fbr, vous pouvez utiliser notre plugin Woo pour cr\u00e9er des lookbooks pour toutes sortes d&#8217;applications Imaginez que vous \u00eates propri\u00e9taire d&#8217;un magasin de meubles et que vous voulez promouvoir tous les produits que les gens peuvent voir dans votre salle \u00e0 manger meubl\u00e9e<\/p>\n<p>Prenez une image impressionnante, cr\u00e9ez le produit du lookbook et attribuez des produits \u00e0 ce lookbook, afin que les clients puissent obtenir la m\u00eame salle \u00e0 manger chez eux<\/p>\n<a href=\"https:\/\/demos.welaunch.io\/woocommerce-shop-look\/product\/dining-room\/\" target=\"_blank\" class=\"button white is-link\" rel=\"WooCommerce Furniture Lookbook Example noopener\">\n\t\t<span>Voir la d\u00e9mo<\/span>\n\t<\/a>\n\t\t<\/div>\n\t\t\t\t\t<\/div>\n\n\t\n\t<div id=\"col-1402873933\" class=\"col medium-12 small-12 large-6\"  >\n\t\t\t\t<div class=\"col-inner text-center\"  >\n\t\t\t\n\t\t\t\t<div class=\"img has-hover x md-x lg-x y md-y lg-y\" id=\"image_2070145562\">\n\t\t<a class=\"image-lightbox lightbox-gallery\" title=\"\" href=\"https:\/\/www.welaunch.io\/fr\/wp-content\/uploads\/sites\/13\/2021\/02\/furniture-lookbook-1024x911.png\">\t\t\t\t<div data-animate=\"fadeInRight\">\t\t<div class=\"img-inner box-shadow-2 box-shadow-3-hover dark\" >\n\t\t\t<img loading=\"lazy\" decoding=\"async\" width=\"1020\" height=\"907\" src=\"https:\/\/www.welaunch.io\/fr\/wp-content\/uploads\/sites\/13\/2021\/02\/furniture-lookbook-1024x911.png\" class=\"attachment-large size-large\" alt=\"furniture lookbook\" srcset=\"https:\/\/www.welaunch.io\/fr\/wp-content\/uploads\/sites\/13\/2021\/02\/furniture-lookbook-1024x911.png 1024w, https:\/\/www.welaunch.io\/fr\/wp-content\/uploads\/sites\/13\/2021\/02\/furniture-lookbook-300x267.png 300w, https:\/\/www.welaunch.io\/fr\/wp-content\/uploads\/sites\/13\/2021\/02\/furniture-lookbook-768x683.png 768w, https:\/\/www.welaunch.io\/fr\/wp-content\/uploads\/sites\/13\/2021\/02\/furniture-lookbook-1536x1367.png 1536w, https:\/\/www.welaunch.io\/fr\/wp-content\/uploads\/sites\/13\/2021\/02\/furniture-lookbook-2048x1823.png 2048w, https:\/\/www.welaunch.io\/fr\/wp-content\/uploads\/sites\/13\/2021\/02\/furniture-lookbook-247x220.png 247w, https:\/\/www.welaunch.io\/fr\/wp-content\/uploads\/sites\/13\/2021\/02\/furniture-lookbook-510x454.png 510w\" sizes=\"auto, (max-width: 1020px) 100vw, 1020px\" \/>\t\t\t\t\t\t\n\t\t\t\t\t<\/div>\n\t\t<\/div>\t\t\t\t<\/a>\t\t\n<style>\n#image_2070145562 {\n  width: 100%;\n}\n<\/style>\n\t<\/div>\n\t\t\t<\/div>\n\t\t\t\t\t<\/div>\n\n\t<\/div>\t\t<\/div>\n\n\t\t\n<style>\n#section_1935011430 {\n  padding-top: 40px;\n  padding-bottom: 40px;\n}\n#section_1935011430 .section-bg-overlay {\n  background-color: #3171ee;\n}\n@media (min-width:550px) {\n  #section_1935011430 {\n    padding-top: 50px;\n    padding-bottom: 50px;\n  }\n}\n@media (min-width:850px) {\n  #section_1935011430 {\n    padding-top: 80px;\n    padding-bottom: 80px;\n  }\n}\n<\/style>\n\t<\/section>\n\t\n\t<section class=\"section\" id=\"section_1797095375\">\n\t\t<div class=\"section-bg fill\" >\n\t\t\t\t\t\t\t\t\t\n\t\t\t\n\n\t\t<\/div>\n\n\t\t\n\n\t\t<div class=\"section-content relative\">\n\t\t\t<div class=\"row align-middle align-center\"  id=\"row-1667991432\">\n\t<div id=\"col-1237218205\" class=\"col medium-12 small-12 large-6\"  >\n\t\t\t\t<div class=\"col-inner text-center\"  >\n\t\t\t\n\t\t\t\t<div class=\"img has-hover x md-x lg-x y md-y lg-y\" id=\"image_1440017932\">\n\t\t\t\t\t\t<div data-animate=\"fadeInLeft\">\t\t<div class=\"img-inner box-shadow-2 box-shadow-3-hover dark\" >\n\t\t\t<img loading=\"lazy\" decoding=\"async\" width=\"1020\" height=\"701\" src=\"https:\/\/www.welaunch.io\/fr\/wp-content\/uploads\/sites\/13\/2021\/02\/office-get-the-look-1024x704.png\" class=\"attachment-large size-large\" alt=\"\" srcset=\"https:\/\/www.welaunch.io\/fr\/wp-content\/uploads\/sites\/13\/2021\/02\/office-get-the-look-1024x704.png 1024w, https:\/\/www.welaunch.io\/fr\/wp-content\/uploads\/sites\/13\/2021\/02\/office-get-the-look-300x206.png 300w, https:\/\/www.welaunch.io\/fr\/wp-content\/uploads\/sites\/13\/2021\/02\/office-get-the-look-768x528.png 768w, https:\/\/www.welaunch.io\/fr\/wp-content\/uploads\/sites\/13\/2021\/02\/office-get-the-look-1536x1056.png 1536w, https:\/\/www.welaunch.io\/fr\/wp-content\/uploads\/sites\/13\/2021\/02\/office-get-the-look-2048x1407.png 2048w, https:\/\/www.welaunch.io\/fr\/wp-content\/uploads\/sites\/13\/2021\/02\/office-get-the-look-247x170.png 247w, https:\/\/www.welaunch.io\/fr\/wp-content\/uploads\/sites\/13\/2021\/02\/office-get-the-look-510x350.png 510w\" sizes=\"auto, (max-width: 1020px) 100vw, 1020px\" \/>\t\t\t\t\t\t\n\t\t\t\t\t<\/div>\n\t\t<\/div>\t\t\t\t\t\t\n<style>\n#image_1440017932 {\n  width: 100%;\n}\n<\/style>\n\t<\/div>\n\t\t\t<\/div>\n\t\t\t\t\t<\/div>\n\n\t\n\t<div id=\"col-1229397788\" class=\"col medium-12 small-12 large-6 medium-col-first\"  >\n\t\t\t\t<div class=\"col-inner\"  >\n\t\t\t\n\t\t\t\n<h2>Augmentez vos ventes<\/h2>\n<p>Notre plugin, s&#8217;il est bien configur\u00e9, augmentera vos ventes de fa\u00e7on spectaculaire Il est prouv\u00e9 que les gens ach\u00e8tent plus de produits lorsqu&#8217;ils ont une id\u00e9e de leur apparence dans des exemples concrets Utilisez ceci comme un avantage et am\u00e9liorez les ventes crois\u00e9es avec facilit\u00e9<\/p>\n<a href=\"https:\/\/demos.welaunch.io\/woocommerce-shop-look\/product\/profi-workspace\/\" target=\"_blank\" class=\"button primary is-link\" rel=\"Electronic Lookbook noopener\">\n\t\t<span>Voir la d\u00e9mo<\/span>\n\t<\/a>\n\t\t<\/div>\n\t\t\t\t\t<\/div>\n\n\t<\/div>\t\t<\/div>\n\n\t\t\n<style>\n#section_1797095375 {\n  padding-top: 40px;\n  padding-bottom: 40px;\n}\n@media (min-width:550px) {\n  #section_1797095375 {\n    padding-top: 50px;\n    padding-bottom: 50px;\n  }\n}\n@media (min-width:850px) {\n  #section_1797095375 {\n    padding-top: 80px;\n    padding-bottom: 80px;\n  }\n}\n<\/style>\n\t<\/section>\n\t\n\t<section class=\"section dark\" id=\"section_111119190\">\n\t\t<div class=\"section-bg fill\" >\n\t\t\t\t\t\t\t\t\t<div class=\"section-bg-overlay absolute fill\"><\/div>\n\t\t\t\n\n\t\t<\/div>\n\n\t\t\n\n\t\t<div class=\"section-content relative\">\n\t\t\t<div class=\"row align-middle align-center\"  id=\"row-687629341\">\n\t<div id=\"col-871640125\" class=\"col medium-12 small-12 large-6 medium-col-first\"  >\n\t\t\t\t<div class=\"col-inner\"  >\n\t\t\t\n\t\t\t\n<h2>Enti\u00e8rement personnalisable<\/h2>\n<p>Bien s\u00fbr, notre plugin est enti\u00e8rement personnalisable Vous pouvez changer les textes, les couleurs et activer ou d\u00e9sactiver toutes les donn\u00e9es affich\u00e9es dans le frontend pour compl\u00e9ter le look des produits<\/p>\n<a href=\"https:\/\/demos.welaunch.io\/woocommerce-shop-look\/wp-admin\" target=\"_blank\" class=\"button white is-link\" rel=\"WooCommerce Shop the look Admin Demo noopener\">\n\t\t<span>Voir la d\u00e9mo de l'administrateur<\/span>\n\t<\/a>\n\t\t<\/div>\n\t\t\t\t\t<\/div>\n\n\t\n\t<div id=\"col-182119998\" class=\"col medium-12 small-12 large-6 small-col-first\"  >\n\t\t\t\t<div class=\"col-inner text-center\"  >\n\t\t\t\n\t\t\t\t<div class=\"img has-hover x md-x lg-x y md-y lg-y\" id=\"image_1723875996\">\n\t\t\t\t\t\t<div data-animate=\"fadeInRight\">\t\t<div class=\"img-inner box-shadow-3 dark\" >\n\t\t\t<img loading=\"lazy\" decoding=\"async\" width=\"1020\" height=\"517\" src=\"https:\/\/www.welaunch.io\/fr\/wp-content\/uploads\/sites\/13\/2021\/02\/shop-the-look-customizable-1024x519.png\" class=\"attachment-large size-large\" alt=\"shop the look customizable\" srcset=\"https:\/\/www.welaunch.io\/fr\/wp-content\/uploads\/sites\/13\/2021\/02\/shop-the-look-customizable-1024x519.png 1024w, https:\/\/www.welaunch.io\/fr\/wp-content\/uploads\/sites\/13\/2021\/02\/shop-the-look-customizable-300x152.png 300w, https:\/\/www.welaunch.io\/fr\/wp-content\/uploads\/sites\/13\/2021\/02\/shop-the-look-customizable-768x389.png 768w, https:\/\/www.welaunch.io\/fr\/wp-content\/uploads\/sites\/13\/2021\/02\/shop-the-look-customizable-1536x778.png 1536w, https:\/\/www.welaunch.io\/fr\/wp-content\/uploads\/sites\/13\/2021\/02\/shop-the-look-customizable-2048x1038.png 2048w, https:\/\/www.welaunch.io\/fr\/wp-content\/uploads\/sites\/13\/2021\/02\/shop-the-look-customizable-247x125.png 247w, https:\/\/www.welaunch.io\/fr\/wp-content\/uploads\/sites\/13\/2021\/02\/shop-the-look-customizable-510x258.png 510w\" sizes=\"auto, (max-width: 1020px) 100vw, 1020px\" \/>\t\t\t\t\t\t\n\t\t\t\t\t<\/div>\n\t\t<\/div>\t\t\t\t\t\t\n<style>\n#image_1723875996 {\n  width: 100%;\n}\n<\/style>\n\t<\/div>\n\t\t\t<\/div>\n\t\t\t\t\t<\/div>\n\n\t<\/div>\t\t<\/div>\n\n\t\t\n<style>\n#section_111119190 {\n  padding-top: 40px;\n  padding-bottom: 40px;\n}\n#section_111119190 .section-bg-overlay {\n  background-color: #3171ee;\n}\n@media (min-width:550px) {\n  #section_111119190 {\n    padding-top: 50px;\n    padding-bottom: 50px;\n  }\n}\n@media (min-width:850px) {\n  #section_111119190 {\n    padding-top: 80px;\n    padding-bottom: 80px;\n  }\n}\n<\/style>\n\t<\/section>\n\t\n","protected":false},"excerpt":{"rendered":"<p>Utilisez notre plugin pour cr\u00e9er facilement des produits \u00e0 l&#8217;aspect complet dans WooCommerce. Vendez des tenues ou des forfaits shoppables en utilisant notre fonctionnalit\u00e9 get the look et augmentez votre valeur de commande moyenne.<\/p>\n","protected":false},"featured_media":7772,"comment_status":"open","ping_status":"closed","template":"","meta":{"inline_featured_image":false},"product_brand":[],"product_cat":[43,41],"product_tag":[],"class_list":{"0":"post-7771","1":"product","2":"type-product","3":"status-publish","4":"has-post-thumbnail","6":"product_cat-woocommerce-plugins","7":"product_cat-plugins","9":"first","10":"instock","11":"downloadable","12":"virtual","13":"taxable","14":"purchasable","15":"product-type-simple"},"_links":{"self":[{"href":"https:\/\/www.welaunch.io\/fr\/wp-json\/wp\/v2\/product\/7771","targetHints":{"allow":["GET"]}}],"collection":[{"href":"https:\/\/www.welaunch.io\/fr\/wp-json\/wp\/v2\/product"}],"about":[{"href":"https:\/\/www.welaunch.io\/fr\/wp-json\/wp\/v2\/types\/product"}],"replies":[{"embeddable":true,"href":"https:\/\/www.welaunch.io\/fr\/wp-json\/wp\/v2\/comments?post=7771"}],"wp:featuredmedia":[{"embeddable":true,"href":"https:\/\/www.welaunch.io\/fr\/wp-json\/wp\/v2\/media\/7772"}],"wp:attachment":[{"href":"https:\/\/www.welaunch.io\/fr\/wp-json\/wp\/v2\/media?parent=7771"}],"wp:term":[{"taxonomy":"product_brand","embeddable":true,"href":"https:\/\/www.welaunch.io\/fr\/wp-json\/wp\/v2\/product_brand?post=7771"},{"taxonomy":"product_cat","embeddable":true,"href":"https:\/\/www.welaunch.io\/fr\/wp-json\/wp\/v2\/product_cat?post=7771"},{"taxonomy":"product_tag","embeddable":true,"href":"https:\/\/www.welaunch.io\/fr\/wp-json\/wp\/v2\/product_tag?post=7771"}],"curies":[{"name":"wp","href":"https:\/\/api.w.org\/{rel}","templated":true}]}}