{"id":4654,"date":"2020-07-08T14:12:23","date_gmt":"2020-07-08T12:12:23","guid":{"rendered":"https:\/\/www.welaunch.io\/fr\/?post_type=product&#038;p=4654"},"modified":"2025-08-31T12:59:11","modified_gmt":"2025-08-31T10:59:11","slug":"woocommerce-cart-pdf","status":"publish","type":"product","link":"https:\/\/www.welaunch.io\/fr\/product\/woocommerce-cart-pdf\/","title":{"rendered":"WooCommerce Cart to PDF"},"content":{"rendered":"\n\t<section class=\"section\" id=\"section_1411856394\">\n\t\t<div class=\"section-bg fill\" >\n\t\t\t\t\t\t\t\t\t\n\t\t\t\n\n\t\t<\/div>\n\n\t\t\n\n\t\t<div class=\"section-content relative\">\n\t\t\t<div class=\"row row-solid\"  id=\"row-1564674412\">\n\t<div id=\"col-1540794278\" class=\"col medium-4 small-12 large-4\"  >\n\t\t\t\t<div class=\"col-inner text-center\"  >\n\t\t\t\n\t\t\t\n\t\t<div class=\"icon-box featured-box icon-box-center text-center\"  >\n\t\t\t\t\t<div class=\"icon-box-img\" style=\"width: 50px\">\n\t\t\t\t<div class=\"icon\">\n\t\t\t\t\t<div class=\"icon-inner\" style=\"color:rgb(101, 28, 255);\">\n\t\t\t\t\t\t<svg xmlns=\"http:\/\/www.w3.org\/2000\/svg\" viewBox=\"0 0 384 512\"><path d=\"M369.9 97.9L286 14C277 5 264.8-.1 252.1-.1H48C21.5 0 0 21.5 0 48v416c0 26.5 21.5 48 48 48h288c26.5 0 48-21.5 48-48V131.9c0-12.7-5.1-25-14.1-34zm-22.6 22.7c2.1 2.1 3.5 4.6 4.2 7.4H256V32.5c2.8.7 5.3 2.1 7.4 4.2l83.9 83.9zM336 480H48c-8.8 0-16-7.2-16-16V48c0-8.8 7.2-16 16-16h176v104c0 13.3 10.7 24 24 24h104v304c0 8.8-7.2 16-16 16zm-22-171.2c-13.5-13.3-55-9.2-73.7-6.7-21.2-12.8-35.2-30.4-45.1-56.6 4.3-18 12-47.2 6.4-64.9-4.4-28.1-39.7-24.7-44.6-6.8-5 18.3-.3 44.4 8.4 77.8-11.9 28.4-29.7 66.9-42.1 88.6-20.8 10.7-54.1 29.3-58.8 52.4-3.5 16.8 22.9 39.4 53.1 6.4 9.1-9.9 19.3-24.8 31.3-45.5 26.7-8.8 56.1-19.8 82-24 21.9 12 47.6 19.9 64.6 19.9 27.7.1 28.9-30.2 18.5-40.6zm-229.2 89c5.9-15.9 28.6-34.4 35.5-40.8-22.1 35.3-35.5 41.5-35.5 40.8zM180 175.5c8.7 0 7.8 37.5 2.1 47.6-5.2-16.3-5-47.6-2.1-47.6zm-28.4 159.3c11.3-19.8 21-43.2 28.8-63.7 9.7 17.7 22.1 31.7 35.1 41.5-24.3 4.7-45.4 15.1-63.9 22.2zm153.4-5.9s-5.8 7-43.5-9.1c41-3 47.7 6.4 43.5 9.1z\"\/><\/svg>\t\t\t\t\t<\/div>\n\t\t\t\t<\/div>\n\t\t\t<\/div>\n\t\t\t\t<div class=\"icon-box-text last-reset\">\n\t\t\t<h5 class=\"uppercase\">Exportation du panier en PDF<\/h5>\t\t\t\t\t\tLes clients peuvent facilement exporter leur panier WooCommerce actuel au format PDF. Vous pouvez ensuite l&#8217;imprimer et l&#8217;apporter \u00e0 un revendeur local.\t\t<\/div>\n\t<\/div>\n\t\n\t\t\t<\/div>\n\t\t\t\t\t<\/div>\n\n\t\n\t<div id=\"col-1734402698\" class=\"col medium-4 small-12 large-4\"  >\n\t\t\t\t<div class=\"col-inner\"  >\n\t\t\t\n\t\t\t\n\t\t<div class=\"icon-box featured-box icon-box-center text-center\"  >\n\t\t\t\t\t<div class=\"icon-box-img\" style=\"width: 63px\">\n\t\t\t\t<div class=\"icon\">\n\t\t\t\t\t<div class=\"icon-inner\" style=\"color:rgb(101, 28, 255);\">\n\t\t\t\t\t\t<svg xmlns=\"http:\/\/www.w3.org\/2000\/svg\" viewBox=\"0 0 512 512\"><path d=\"M489.17 144.05C547.44 80.02 483.28 0 418.52 0c-23.39 0-46.87 10.44-64.68 35.85L187.9 284.01c-45.13 2.9-86.1 20.09-109.34 81.34-2.65 6.99-9 11.22-16.41 11.22-12.49 0-51.14-31.13-62.15-38.65C0 430.58 42.67 512 144 512c141.21 0 145.89-117.04 142.91-145.49l.02-.02 202.24-222.44zM230.96 449.18C212.54 469.63 183.28 480 144 480c-62.08 0-90.15-37.47-102.57-76.29 7.55 3.32 14.15 4.86 20.72 4.86 20.81 0 39-12.52 46.33-31.87 6.86-18.09 17.63-56.66 89.31-61.26L254.68 366c2.96 28.21-4.08 61.37-23.72 83.18zm39.4-112.03l-49.86-44.32L380.05 54.22C390.38 39.47 403.33 32 418.52 32c22.9 0 47.56 16.71 57.36 38.88 7.94 17.96 4.45 35.34-10.39 51.64L270.36 337.15z\"\/><\/svg>\t\t\t\t\t<\/div>\n\t\t\t\t<\/div>\n\t\t\t<\/div>\n\t\t\t\t<div class=\"icon-box-text last-reset\">\n\t\t\t<h5 class=\"uppercase\">Concevoir comme vous le souhaitez<\/h5>\t\t\t\t\t\tTout le contenu du PDF export\u00e9 peut \u00eatre personnalis\u00e9. Vous pouvez facilement masquer les colonnes de donn\u00e9es, ajouter des textes personnalis\u00e9s ou ajouter votre propre image de couverture.\t\t<\/div>\n\t<\/div>\n\t\n\t\t\t<\/div>\n\t\t\t\t\t<\/div>\n\n\t\n\t<div id=\"col-156346004\" class=\"col medium-4 small-12 large-4\"  >\n\t\t\t\t<div class=\"col-inner\"  >\n\t\t\t\n\t\t\t\n\t\t<div class=\"icon-box featured-box icon-box-center text-center\"  >\n\t\t\t\t\t<div class=\"icon-box-img\" style=\"width: 61px\">\n\t\t\t\t<div class=\"icon\">\n\t\t\t\t\t<div class=\"icon-inner\" style=\"color:rgb(101, 28, 255);\">\n\t\t\t\t\t\t<svg xmlns=\"http:\/\/www.w3.org\/2000\/svg\" viewBox=\"0 0 512 512\"><path d=\"M224 96l16-32 32-16-32-16-16-32-16 32-32 16 32 16 16 32zM80 160l26.66-53.33L160 80l-53.34-26.67L80 0 53.34 53.33 0 80l53.34 26.67L80 160zm0-96c8.84 0 16 7.16 16 16s-7.16 16-16 16-16-7.16-16-16 7.16-16 16-16zm352 224l-26.66 53.33L352 368l53.34 26.67L432 448l26.66-53.33L512 368l-53.34-26.67L432 288zm0 96c-8.84 0-16-7.16-16-16s7.16-16 16-16 16 7.16 16 16-7.16 16-16 16zm70.63-306.04L434.04 9.37C427.79 3.12 419.6 0 411.41 0s-16.38 3.12-22.63 9.37L9.37 388.79c-12.5 12.5-12.5 32.76 0 45.25l68.59 68.59c6.25 6.25 14.44 9.37 22.63 9.37s16.38-3.12 22.63-9.37l379.41-379.41c12.49-12.5 12.49-32.76 0-45.26zM100.59 480L32 411.41l258.38-258.4 68.6 68.6L100.59 480zm281.02-281.02l-68.6-68.6L411.38 32h.03L480 100.59l-98.39 98.39z\"\/><\/svg>\t\t\t\t\t<\/div>\n\t\t\t\t<\/div>\n\t\t\t<\/div>\n\t\t\t\t<div class=\"icon-box-text last-reset\">\n\t\t\t<h5 class=\"uppercase\">Facile \u00e0 utiliser<\/h5>\t\t\t\t\t\tTout g\u00e9rer \u00e0 partir d&#8217;un seul panneau d&#8217;options. Configurez-le comme vous le souhaitez en quelques \u00e9tapes.\t\t<\/div>\n\t<\/div>\n\t\n\t\t\t<\/div>\n\t\t\t\t\t<\/div>\n\n\t<\/div>\t\t<\/div>\n\n\t\t\n<style>\n#section_1411856394 {\n  padding-top: 30px;\n  padding-bottom: 30px;\n}\n<\/style>\n\t<\/section>\n\t\n\t<section class=\"section dark\" id=\"section_1964652910\">\n\t\t<div class=\"section-bg fill\" >\n\t\t\t\t\t\t\t\t\t<div class=\"section-bg-overlay absolute fill\"><\/div>\n\t\t\t\n\n\t\t<\/div>\n\n\t\t\n\n\t\t<div class=\"section-content relative\">\n\t\t\t<div class=\"row align-middle align-center\"  id=\"row-1647366001\">\n\t<div id=\"col-1010250544\" class=\"col medium-12 small-12 large-6\"  >\n\t\t\t\t<div class=\"col-inner\"  >\n\t\t\t\n\t\t\t\n<h2>Exporter les articles du panier en PDF<\/h2>\n<p>Notre plugin WooCommerce Cart PDF cr\u00e9e automatiquement un fichier PDF des articles du panier du client actuel. Les utilisateurs du magasin peuvent ensuite enregistrer ce document sur leur ordinateur local, l&#8217;imprimer et l&#8217;apporter \u00e0 leur prochain concessionnaire local.En outre, en tant que propri\u00e9taire d&#8217;un magasin, vous \u00eates en mesure de :<\/p>\n<ul>\n<li>Limiter l&#8217;acc\u00e8s \u00e0 des r\u00f4les d&#8217;utilisateurs sp\u00e9cifiques<\/li>\n<li>D\u00e9finir un en-t\u00eate et un pied de page personnalis\u00e9s avec un logo ou un \u00e9diteur WYSIWG<\/li>\n<li>Cr\u00e9er une page de couverture personnalis\u00e9e<\/li>\n<\/ul>\n\t\t<\/div>\n\t\t\t\t\t<\/div>\n\n\t\n\t<div id=\"col-51102810\" class=\"col medium-12 small-12 large-6\"  >\n\t\t\t\t<div class=\"col-inner text-center\"  >\n\t\t\t\n\t\t\t\t<div class=\"img has-hover x md-x lg-x y md-y lg-y\" id=\"image_1108472620\">\n\t\t\t\t\t\t<div data-animate=\"fadeInRight\">\t\t<div class=\"img-inner box-shadow-2 box-shadow-3-hover dark\" >\n\t\t\t<img loading=\"lazy\" decoding=\"async\" width=\"1020\" height=\"564\" src=\"https:\/\/www.welaunch.io\/fr\/wp-content\/uploads\/sites\/13\/2020\/07\/export-button-in-cart-1024x566.png\" class=\"attachment-large size-large\" alt=\"export button in cart\" srcset=\"https:\/\/www.welaunch.io\/fr\/wp-content\/uploads\/sites\/13\/2020\/07\/export-button-in-cart-1024x566.png 1024w, https:\/\/www.welaunch.io\/fr\/wp-content\/uploads\/sites\/13\/2020\/07\/export-button-in-cart-500x276.png 500w, https:\/\/www.welaunch.io\/fr\/wp-content\/uploads\/sites\/13\/2020\/07\/export-button-in-cart-1000x553.png 1000w, https:\/\/www.welaunch.io\/fr\/wp-content\/uploads\/sites\/13\/2020\/07\/export-button-in-cart-300x166.png 300w, https:\/\/www.welaunch.io\/fr\/wp-content\/uploads\/sites\/13\/2020\/07\/export-button-in-cart-768x424.png 768w, https:\/\/www.welaunch.io\/fr\/wp-content\/uploads\/sites\/13\/2020\/07\/export-button-in-cart-1536x849.png 1536w, https:\/\/www.welaunch.io\/fr\/wp-content\/uploads\/sites\/13\/2020\/07\/export-button-in-cart-2048x1132.png 2048w\" sizes=\"auto, (max-width: 1020px) 100vw, 1020px\" \/>\t\t\t\t\t\t\n\t\t\t\t\t<\/div>\n\t\t<\/div>\t\t\t\t\t\t\n<style>\n#image_1108472620 {\n  width: 100%;\n}\n<\/style>\n\t<\/div>\n\t\t\t<\/div>\n\t\t\t\t\t<\/div>\n\n\t<\/div>\t\t<\/div>\n\n\t\t\n<style>\n#section_1964652910 {\n  padding-top: 40px;\n  padding-bottom: 40px;\n}\n#section_1964652910 .section-bg-overlay {\n  background-color: rgb(49, 113, 238);\n}\n@media (min-width:550px) {\n  #section_1964652910 {\n    padding-top: 50px;\n    padding-bottom: 50px;\n  }\n}\n@media (min-width:850px) {\n  #section_1964652910 {\n    padding-top: 60px;\n    padding-bottom: 60px;\n  }\n}\n<\/style>\n\t<\/section>\n\t\n\t<section class=\"section\" id=\"section_552347826\">\n\t\t<div class=\"section-bg fill\" >\n\t\t\t\t\t\t\t\t\t\n\t\t\t\n\n\t\t<\/div>\n\n\t\t\n\n\t\t<div class=\"section-content relative\">\n\t\t\t<div class=\"row align-middle align-center\"  id=\"row-2012539235\">\n\t<div id=\"col-1429769897\" class=\"col medium-12 small-12 large-4\"  >\n\t\t\t\t<div class=\"col-inner text-center\"  >\n\t\t\t\n\t\t\t\t<div class=\"img has-hover x md-x lg-x y md-y lg-y\" id=\"image_1329315750\">\n\t\t\t\t\t\t<div data-animate=\"fadeInLeft\">\t\t<div class=\"img-inner box-shadow-2 box-shadow-3-hover dark\" >\n\t\t\t<img loading=\"lazy\" decoding=\"async\" width=\"747\" height=\"1024\" src=\"https:\/\/www.welaunch.io\/fr\/wp-content\/uploads\/sites\/13\/2020\/07\/export-cart-as-pdf--747x1024.png\" class=\"attachment-large size-large\" alt=\"export WooCommerce cart as pdf\" srcset=\"https:\/\/www.welaunch.io\/fr\/wp-content\/uploads\/sites\/13\/2020\/07\/export-cart-as-pdf--747x1024.png 747w, https:\/\/www.welaunch.io\/fr\/wp-content\/uploads\/sites\/13\/2020\/07\/export-cart-as-pdf--500x685.png 500w, https:\/\/www.welaunch.io\/fr\/wp-content\/uploads\/sites\/13\/2020\/07\/export-cart-as-pdf--1000x1371.png 1000w, https:\/\/www.welaunch.io\/fr\/wp-content\/uploads\/sites\/13\/2020\/07\/export-cart-as-pdf--219x300.png 219w, https:\/\/www.welaunch.io\/fr\/wp-content\/uploads\/sites\/13\/2020\/07\/export-cart-as-pdf--768x1053.png 768w, https:\/\/www.welaunch.io\/fr\/wp-content\/uploads\/sites\/13\/2020\/07\/export-cart-as-pdf--1120x1536.png 1120w, https:\/\/www.welaunch.io\/fr\/wp-content\/uploads\/sites\/13\/2020\/07\/export-cart-as-pdf-.png 1488w\" sizes=\"auto, (max-width: 747px) 100vw, 747px\" \/>\t\t\t\t\t\t\n\t\t\t\t\t<\/div>\n\t\t<\/div>\t\t\t\t\t\t\n<style>\n#image_1329315750 {\n  width: 100%;\n}\n<\/style>\n\t<\/div>\n\t\t\t<\/div>\n\t\t\t\t\t<\/div>\n\n\t\n\t<div id=\"col-1290385932\" class=\"col medium-12 small-12 large-6\"  >\n\t\t\t\t<div class=\"col-inner\"  >\n\t\t\t\n\t\t\t\n<h2>Exporter les articles du panier en PDF<\/h2>\n<p>Notre plugin WooCommerce Cart PDF cr\u00e9e automatiquement un fichier PDF des articles du panier du client actuel. Les utilisateurs du magasin peuvent ensuite enregistrer ce document sur leur ordinateur local, l&#8217;imprimer et l&#8217;apporter \u00e0 leur prochain concessionnaire local.En outre, en tant que propri\u00e9taire d&#8217;un magasin, vous \u00eates en mesure de :<\/p>\n<ul>\n<li>Limiter l&#8217;acc\u00e8s \u00e0 des r\u00f4les d&#8217;utilisateurs sp\u00e9cifiques<\/li>\n<li>D\u00e9finir un en-t\u00eate et un pied de page personnalis\u00e9s avec un logo ou un \u00e9diteur WYSIWG<\/li>\n<li>Cr\u00e9er une page de couverture personnalis\u00e9e<\/li>\n<\/ul>\n\t\t<\/div>\n\t\t\t\t\t<\/div>\n\n\t<\/div>\t\t<\/div>\n\n\t\t\n<style>\n#section_552347826 {\n  padding-top: 40px;\n  padding-bottom: 40px;\n}\n@media (min-width:550px) {\n  #section_552347826 {\n    padding-top: 50px;\n    padding-bottom: 50px;\n  }\n}\n@media (min-width:850px) {\n  #section_552347826 {\n    padding-top: 60px;\n    padding-bottom: 60px;\n  }\n}\n<\/style>\n\t<\/section>\n\t\n","protected":false},"excerpt":{"rendered":"<p>Laissez vos clients exporter leur panier WooCommerce avec notre plugin unique. D\u00e9finissez une couverture personnalis\u00e9e, ajoutez des textes suppl\u00e9mentaires avant ou apr\u00e8s les articles du panier ou masquez \/ affichez les donn\u00e9es des articles du panier avec facilit\u00e9.<\/p>\n","protected":false},"featured_media":2629,"comment_status":"open","ping_status":"closed","template":"","meta":{"inline_featured_image":false},"product_brand":[],"product_cat":[43,41],"product_tag":[],"class_list":{"0":"post-4654","1":"product","2":"type-product","3":"status-publish","4":"has-post-thumbnail","6":"product_cat-woocommerce-plugins","7":"product_cat-plugins","9":"first","10":"instock","11":"taxable","12":"shipping-taxable","13":"purchasable","14":"product-type-variable"},"_links":{"self":[{"href":"https:\/\/www.welaunch.io\/fr\/wp-json\/wp\/v2\/product\/4654","targetHints":{"allow":["GET"]}}],"collection":[{"href":"https:\/\/www.welaunch.io\/fr\/wp-json\/wp\/v2\/product"}],"about":[{"href":"https:\/\/www.welaunch.io\/fr\/wp-json\/wp\/v2\/types\/product"}],"replies":[{"embeddable":true,"href":"https:\/\/www.welaunch.io\/fr\/wp-json\/wp\/v2\/comments?post=4654"}],"wp:featuredmedia":[{"embeddable":true,"href":"https:\/\/www.welaunch.io\/fr\/wp-json\/wp\/v2\/media\/2629"}],"wp:attachment":[{"href":"https:\/\/www.welaunch.io\/fr\/wp-json\/wp\/v2\/media?parent=4654"}],"wp:term":[{"taxonomy":"product_brand","embeddable":true,"href":"https:\/\/www.welaunch.io\/fr\/wp-json\/wp\/v2\/product_brand?post=4654"},{"taxonomy":"product_cat","embeddable":true,"href":"https:\/\/www.welaunch.io\/fr\/wp-json\/wp\/v2\/product_cat?post=4654"},{"taxonomy":"product_tag","embeddable":true,"href":"https:\/\/www.welaunch.io\/fr\/wp-json\/wp\/v2\/product_tag?post=4654"}],"curies":[{"name":"wp","href":"https:\/\/api.w.org\/{rel}","templated":true}]}}