{"id":4646,"date":"2020-07-08T13:59:49","date_gmt":"2020-07-08T11:59:49","guid":{"rendered":"https:\/\/www.welaunch.io\/fr\/?post_type=product&#038;p=4646"},"modified":"2022-06-15T22:49:54","modified_gmt":"2022-06-15T20:49:54","slug":"cf7-paypal","status":"publish","type":"product","link":"https:\/\/www.welaunch.io\/fr\/product\/cf7-paypal\/","title":{"rendered":"CF7 PayPal Extension"},"content":{"rendered":"\n\t<section class=\"section\" id=\"section_1607651229\">\n\t\t<div class=\"section-bg fill\" >\n\t\t\t\t\t\t\t\t\t\n\t\t\t\n\n\t\t<\/div>\n\n\t\t\n\n\t\t<div class=\"section-content relative\">\n\t\t\t<div class=\"row row-solid\"  id=\"row-1945735003\">\n\t<div id=\"col-1576161386\" class=\"col medium-4 small-12 large-4\"  >\n\t\t\t\t<div class=\"col-inner text-center\"  >\n\t\t\t\n\t\t\t\n\t\t<div class=\"icon-box featured-box icon-box-center text-center\"  >\n\t\t\t\t\t<div class=\"icon-box-img\" style=\"width: 50px\">\n\t\t\t\t<div class=\"icon\">\n\t\t\t\t\t<div class=\"icon-inner\" style=\"color:rgb(101, 28, 255);\">\n\t\t\t\t\t\t<svg xmlns=\"http:\/\/www.w3.org\/2000\/svg\" viewBox=\"0 0 384 512\"><path d=\"M111.4 295.9c-3.5 19.2-17.4 108.7-21.5 134-.3 1.8-1 2.5-3 2.5H12.3c-7.6 0-13.1-6.6-12.1-13.9L58.8 46.6c1.5-9.6 10.1-16.9 20-16.9 152.3 0 165.1-3.7 204 11.4 60.1 23.3 65.6 79.5 44 140.3-21.5 62.6-72.5 89.5-140.1 90.3-43.4.7-69.5-7-75.3 24.2zM357.1 152c-1.8-1.3-2.5-1.8-3 1.3-2 11.4-5.1 22.5-8.8 33.6-39.9 113.8-150.5 103.9-204.5 103.9-6.1 0-10.1 3.3-10.9 9.4-22.6 140.4-27.1 169.7-27.1 169.7-1 7.1 3.5 12.9 10.6 12.9h63.5c8.6 0 15.7-6.3 17.4-14.9.7-5.4-1.1 6.1 14.4-91.3 4.6-22 14.3-19.7 29.3-19.7 71 0 126.4-28.8 142.9-112.3 6.5-34.8 4.6-71.4-23.8-92.6z\"\/><\/svg>\t\t\t\t\t<\/div>\n\t\t\t\t<\/div>\n\t\t\t<\/div>\n\t\t\t\t<div class=\"icon-box-text last-reset\">\n\t\t\t<h5 class=\"uppercase\">PayPal en CF7<\/h5>\t\t\t\t\t\tVendre des produits sans syst\u00e8me de boutique complet. Utilisez simplement CF7 PayPal pour offrir \u00e0 vos clients un moyen simple d&#8217;acheter vos produits.\t\t<\/div>\n\t<\/div>\n\t\n\t\t\t<\/div>\n\t\t\t\t\t<\/div>\n\n\t\n\t<div id=\"col-442579278\" class=\"col medium-4 small-12 large-4\"  >\n\t\t\t\t<div class=\"col-inner\"  >\n\t\t\t\n\t\t\t\n\t\t<div class=\"icon-box featured-box icon-box-center text-center\"  >\n\t\t\t\t\t<div class=\"icon-box-img\" style=\"width: 56px\">\n\t\t\t\t<div class=\"icon\">\n\t\t\t\t\t<div class=\"icon-inner\" style=\"color:rgb(101, 28, 255);\">\n\t\t\t\t\t\t<svg xmlns=\"http:\/\/www.w3.org\/2000\/svg\" viewBox=\"0 0 512 512\"><path d=\"M256 8C119.033 8 8 119.033 8 256s111.033 248 248 248 248-111.033 248-248S392.967 8 256 8zm0 464c-118.664 0-216-96.055-216-216 0-118.663 96.055-216 216-216 118.664 0 216 96.055 216 216 0 118.663-96.055 216-216 216zm141.63-274.961L217.15 376.071c-4.705 4.667-12.303 4.637-16.97-.068l-85.878-86.572c-4.667-4.705-4.637-12.303.068-16.97l8.52-8.451c4.705-4.667 12.303-4.637 16.97.068l68.976 69.533 163.441-162.13c4.705-4.667 12.303-4.637 16.97.068l8.451 8.52c4.668 4.705 4.637 12.303-.068 16.97z\"\/><\/svg>\t\t\t\t\t<\/div>\n\t\t\t\t<\/div>\n\t\t\t<\/div>\n\t\t\t\t<div class=\"icon-box-text last-reset\">\n\t\t\t<h5 class=\"uppercase\">Soumettre apr\u00e8s le succ\u00e8s<\/h5>\t\t\t\t\t\tNe soumettez les donn\u00e9es du formulaire de contact 7 \u00e0 votre courrier \u00e9lectronique qu&#8217;apr\u00e8s avoir effectu\u00e9 un paiement r\u00e9ussi.\t\t<\/div>\n\t<\/div>\n\t\n\t\t\t<\/div>\n\t\t\t\t\t<\/div>\n\n\t\n\t<div id=\"col-17026498\" class=\"col medium-4 small-12 large-4\"  >\n\t\t\t\t<div class=\"col-inner\"  >\n\t\t\t\n\t\t\t\n\t\t<div class=\"icon-box featured-box icon-box-center text-center\"  >\n\t\t\t\t\t<div class=\"icon-box-img\" style=\"width: 40px\">\n\t\t\t\t<div class=\"icon\">\n\t\t\t\t\t<div class=\"icon-inner\" style=\"color:rgb(101, 28, 255);\">\n\t\t\t\t\t\t<svg xmlns=\"http:\/\/www.w3.org\/2000\/svg\" viewBox=\"0 0 384 512\"><path d=\"M312 416h-80c-4.42 0-8 3.58-8 8v16c0 4.42 3.58 8 8 8h80c4.42 0 8-3.58 8-8v-16c0-4.42-3.58-8-8-8zM64 240v96c0 8.84 8.19 16 18.29 16h219.43c10.1 0 18.29-7.16 18.29-16v-96c0-8.84-8.19-16-18.29-16H82.29C72.19 224 64 231.16 64 240zm32 16h192v64H96v-64zM72 96h112c4.42 0 8-3.58 8-8V72c0-4.42-3.58-8-8-8H72c-4.42 0-8 3.58-8 8v16c0 4.42 3.58 8 8 8zm0 64h112c4.42 0 8-3.58 8-8v-16c0-4.42-3.58-8-8-8H72c-4.42 0-8 3.58-8 8v16c0 4.42 3.58 8 8 8zm297.9-62.02L286.02 14.1c-9-9-21.2-14.1-33.89-14.1H47.99C21.5.1 0 21.6 0 48.09v415.92C0 490.5 21.5 512 47.99 512h288.02c26.49 0 47.99-21.5 47.99-47.99V131.97c0-12.69-5.1-24.99-14.1-33.99zM256.03 32.59c2.8.7 5.3 2.1 7.4 4.2l83.88 83.88c2.1 2.1 3.5 4.6 4.2 7.4h-95.48V32.59zm95.98 431.42c0 8.8-7.2 16-16 16H47.99c-8.8 0-16-7.2-16-16V48.09c0-8.8 7.2-16.09 16-16.09h176.04v104.07c0 13.3 10.7 23.93 24 23.93h103.98v304.01z\"\/><\/svg>\t\t\t\t\t<\/div>\n\t\t\t\t<\/div>\n\t\t\t<\/div>\n\t\t\t\t<div class=\"icon-box-text last-reset\">\n\t\t\t<h5 class=\"uppercase\">Support de Flamingo DB<\/h5>\t\t\t\t\t\tEnregistrez facilement tous les courriers CF7 transactionnels dans le plugin Flamingo DB.\t\t<\/div>\n\t<\/div>\n\t\n\t\t\t<\/div>\n\t\t\t\t\t<\/div>\n\n\t<\/div>\t\t<\/div>\n\n\t\t\n<style>\n#section_1607651229 {\n  padding-top: 30px;\n  padding-bottom: 30px;\n}\n<\/style>\n\t<\/section>\n\t\n\t<section class=\"section dark\" id=\"section_942706483\">\n\t\t<div class=\"section-bg fill\" >\n\t\t\t\t\t\t\t\t\t<div class=\"section-bg-overlay absolute fill\"><\/div>\n\t\t\t\n\n\t\t<\/div>\n\n\t\t\n\n\t\t<div class=\"section-content relative\">\n\t\t\t<div class=\"row align-middle align-center\"  id=\"row-350945982\">\n\t<div id=\"col-1903700576\" class=\"col medium-12 small-12 large-6\"  >\n\t\t\t\t<div class=\"col-inner\"  >\n\t\t\t\n\t\t\t\n<h2>Int\u00e9grer PayPal dans Contact Form 7 avec facilit\u00e9<\/h2>\n<p>Cr\u00e9ez ou utilisez un formulaire de contact 7 existant et ajoutez un bouton de paiement avec PayPal en toute simplicit\u00e9. Sp\u00e9cifiez le prix, la quantit\u00e9 et le nom du produit et ajoutez tout autre champ cf7 que vous souhaitez.<\/p>\n<ul>\n<li>Valider la soumission CF7 avant de rediriger vers PayPal<\/li>\n<li>N&#8217;envoyez un courriel de confirmation qu&#8217;une fois le paiement effectu\u00e9<\/li>\n<li>D\u00e9finir des URL d&#8217;erreur et de succ\u00e8s personnalis\u00e9s<\/li>\n<li>Facile \u00e0 utiliser<\/li>\n<\/ul>\n<a href=\"https:\/\/demos.welaunch.io\/cf7-paypal\/\" target=\"_blank\" class=\"button white is-link\" rel=\"noopener\">\n\t\t<span>Voir la d\u00e9mo<\/span>\n\t<\/a>\n\t\t<\/div>\n\t\t\t\t\t<\/div>\n\n\t\n\t<div id=\"col-2135820400\" class=\"col medium-12 small-12 large-6\"  >\n\t\t\t\t<div class=\"col-inner text-center\"  >\n\t\t\t\n\t\t\t\t<div class=\"img has-hover x md-x lg-x y md-y lg-y\" id=\"image_1080252636\">\n\t\t\t\t\t\t\t\t<div class=\"img-inner box-shadow-2 box-shadow-3-hover dark\" >\n\t\t\t<img loading=\"lazy\" decoding=\"async\" width=\"1020\" height=\"514\" src=\"https:\/\/www.welaunch.io\/fr\/wp-content\/uploads\/sites\/13\/2020\/07\/integrate-paypal-into-contact-form-7-1024x516.png\" class=\"attachment-large size-large\" alt=\"integrate paypal into contact form 7\" srcset=\"https:\/\/www.welaunch.io\/fr\/wp-content\/uploads\/sites\/13\/2020\/07\/integrate-paypal-into-contact-form-7-1024x516.png 1024w, https:\/\/www.welaunch.io\/fr\/wp-content\/uploads\/sites\/13\/2020\/07\/integrate-paypal-into-contact-form-7-300x151.png 300w, https:\/\/www.welaunch.io\/fr\/wp-content\/uploads\/sites\/13\/2020\/07\/integrate-paypal-into-contact-form-7-768x387.png 768w, https:\/\/www.welaunch.io\/fr\/wp-content\/uploads\/sites\/13\/2020\/07\/integrate-paypal-into-contact-form-7-500x252.png 500w, https:\/\/www.welaunch.io\/fr\/wp-content\/uploads\/sites\/13\/2020\/07\/integrate-paypal-into-contact-form-7-1000x504.png 1000w, https:\/\/www.welaunch.io\/fr\/wp-content\/uploads\/sites\/13\/2020\/07\/integrate-paypal-into-contact-form-7.png 1114w\" sizes=\"auto, (max-width: 1020px) 100vw, 1020px\" \/>\t\t\t\t\t\t\n\t\t\t\t\t<\/div>\n\t\t\t\t\t\t\t\t\n<style>\n#image_1080252636 {\n  width: 100%;\n}\n<\/style>\n\t<\/div>\n\t\t\t<\/div>\n\t\t\t\t\t<\/div>\n\n\t<\/div>\t\t<\/div>\n\n\t\t\n<style>\n#section_942706483 {\n  padding-top: 40px;\n  padding-bottom: 40px;\n}\n#section_942706483 .section-bg-overlay {\n  background-color: rgb(49, 113, 238);\n}\n@media (min-width:550px) {\n  #section_942706483 {\n    padding-top: 50px;\n    padding-bottom: 50px;\n  }\n}\n@media (min-width:850px) {\n  #section_942706483 {\n    padding-top: 80px;\n    padding-bottom: 80px;\n  }\n}\n<\/style>\n\t<\/section>\n\t\n\t<section class=\"section\" id=\"section_1375978231\">\n\t\t<div class=\"section-bg fill\" >\n\t\t\t\t\t\t\t\t\t\n\t\t\t\n\n\t\t<\/div>\n\n\t\t\n\n\t\t<div class=\"section-content relative\">\n\t\t\t<div class=\"row align-middle align-center\"  id=\"row-2131373048\">\n\t<div id=\"col-168869620\" class=\"col medium-12 small-12 large-6\"  >\n\t\t\t\t<div class=\"col-inner text-center\"  >\n\t\t\t\n\t\t\t\t<div class=\"img has-hover x md-x lg-x y md-y lg-y\" id=\"image_1441692347\">\n\t\t\t\t\t\t\t\t<div class=\"img-inner box-shadow-2 box-shadow-3-hover dark\" >\n\t\t\t<img loading=\"lazy\" decoding=\"async\" width=\"1020\" height=\"625\" src=\"https:\/\/www.welaunch.io\/fr\/wp-content\/uploads\/sites\/13\/2020\/07\/cf7-paypal-backend-settings-1024x627.png\" class=\"attachment-large size-large\" alt=\"cf7 paypal backend settings\" srcset=\"https:\/\/www.welaunch.io\/fr\/wp-content\/uploads\/sites\/13\/2020\/07\/cf7-paypal-backend-settings-1024x627.png 1024w, https:\/\/www.welaunch.io\/fr\/wp-content\/uploads\/sites\/13\/2020\/07\/cf7-paypal-backend-settings-300x184.png 300w, https:\/\/www.welaunch.io\/fr\/wp-content\/uploads\/sites\/13\/2020\/07\/cf7-paypal-backend-settings-768x471.png 768w, https:\/\/www.welaunch.io\/fr\/wp-content\/uploads\/sites\/13\/2020\/07\/cf7-paypal-backend-settings-500x306.png 500w, https:\/\/www.welaunch.io\/fr\/wp-content\/uploads\/sites\/13\/2020\/07\/cf7-paypal-backend-settings-1000x613.png 1000w, https:\/\/www.welaunch.io\/fr\/wp-content\/uploads\/sites\/13\/2020\/07\/cf7-paypal-backend-settings.png 1092w\" sizes=\"auto, (max-width: 1020px) 100vw, 1020px\" \/>\t\t\t\t\t\t\n\t\t\t\t\t<\/div>\n\t\t\t\t\t\t\t\t\n<style>\n#image_1441692347 {\n  width: 100%;\n}\n<\/style>\n\t<\/div>\n\t\t\t<\/div>\n\t\t\t\t\t<\/div>\n\n\t\n\t<div id=\"col-1368416269\" class=\"col medium-12 small-12 large-6 medium-col-first\"  >\n\t\t\t\t<div class=\"col-inner\"  >\n\t\t\t\n\t\t\t\n<h2>Param\u00e8tres simples du backend CF7 PayPal<\/h2>\n<p>Ajoutez les informations d&#8217;identification de PayPal, configurez les taxes et la devise et vous \u00eates pr\u00eat \u00e0 vendre en ligne. Si vous avez besoin d&#8217;aide, consultez notre documentation d\u00e9taill\u00e9e sur la fa\u00e7on de configurer et de saisir les donn\u00e9es. Tout est bien d\u00e9crit et dans les param\u00e8tres du plugin, vous obtiendrez des conseils pour tout configurer correctement.<a href=\"https:\/\/demos.welaunch.io\/cf7-paypal\/wp-admin\/admin.php?page=Wordpress_CF7_PayPal_options_options\" target=\"_blank\" class=\"button primary is-link\" rel=\"noopener\">\n\t\t<span>Voir la d\u00e9mo de l'administrateur<\/span>\n\t<\/a>\n\t\t<\/div>\n\t\t\t\t\t<\/div>\n\n\t<\/div>\t\t<\/div>\n\n\t\t\n<style>\n#section_1375978231 {\n  padding-top: 20px;\n  padding-bottom: 20px;\n}\n@media (min-width:550px) {\n  #section_1375978231 {\n    padding-top: 50px;\n    padding-bottom: 50px;\n  }\n}\n@media (min-width:850px) {\n  #section_1375978231 {\n    padding-top: 80px;\n    padding-bottom: 80px;\n  }\n}\n<\/style>\n\t<\/section>\n\t\n","protected":false},"excerpt":{"rendered":"<p>La vente de produits simples ne n\u00e9cessite pas toujours un syst\u00e8me de boutique complet. Il est parfois pr\u00e9f\u00e9rable, et plus facile, de cr\u00e9er un formulaire de contact CF7, de le connecter \u00e0 PayPal et de vendre vos produits.<\/p>\n","protected":false},"featured_media":4647,"comment_status":"open","ping_status":"closed","template":"","meta":{"inline_featured_image":false},"product_brand":[],"product_cat":[46,41],"product_tag":[],"class_list":{"0":"post-4646","1":"product","2":"type-product","3":"status-publish","4":"has-post-thumbnail","6":"product_cat-contact-form-7-extension","7":"product_cat-plugins","9":"first","10":"instock","11":"downloadable","12":"virtual","13":"taxable","14":"purchasable","15":"product-type-simple"},"_links":{"self":[{"href":"https:\/\/www.welaunch.io\/fr\/wp-json\/wp\/v2\/product\/4646","targetHints":{"allow":["GET"]}}],"collection":[{"href":"https:\/\/www.welaunch.io\/fr\/wp-json\/wp\/v2\/product"}],"about":[{"href":"https:\/\/www.welaunch.io\/fr\/wp-json\/wp\/v2\/types\/product"}],"replies":[{"embeddable":true,"href":"https:\/\/www.welaunch.io\/fr\/wp-json\/wp\/v2\/comments?post=4646"}],"wp:featuredmedia":[{"embeddable":true,"href":"https:\/\/www.welaunch.io\/fr\/wp-json\/wp\/v2\/media\/4647"}],"wp:attachment":[{"href":"https:\/\/www.welaunch.io\/fr\/wp-json\/wp\/v2\/media?parent=4646"}],"wp:term":[{"taxonomy":"product_brand","embeddable":true,"href":"https:\/\/www.welaunch.io\/fr\/wp-json\/wp\/v2\/product_brand?post=4646"},{"taxonomy":"product_cat","embeddable":true,"href":"https:\/\/www.welaunch.io\/fr\/wp-json\/wp\/v2\/product_cat?post=4646"},{"taxonomy":"product_tag","embeddable":true,"href":"https:\/\/www.welaunch.io\/fr\/wp-json\/wp\/v2\/product_tag?post=4646"}],"curies":[{"name":"wp","href":"https:\/\/api.w.org\/{rel}","templated":true}]}}