{"id":4628,"date":"2020-07-06T14:30:28","date_gmt":"2020-07-06T12:30:28","guid":{"rendered":"https:\/\/www.welaunch.io\/fr\/?post_type=product&#038;p=4628"},"modified":"2025-08-28T14:10:40","modified_gmt":"2025-08-28T12:10:40","slug":"woocommerce-bought-together","status":"publish","type":"product","link":"https:\/\/www.welaunch.io\/fr\/product\/woocommerce-bought-together\/","title":{"rendered":"WooCommerce Fr\u00e9quemment Achet\u00e9s Ensemble"},"content":{"rendered":"\n\t<section class=\"section\" id=\"section_985544420\">\n\t\t<div class=\"section-bg fill\" >\n\t\t\t\t\t\t\t\t\t\n\t\t\t\n\n\t\t<\/div>\n\n\t\t\n\n\t\t<div class=\"section-content relative\">\n\t\t\t<div class=\"row row-solid\"  id=\"row-2093732231\">\n\t<div id=\"col-649404745\" class=\"col medium-4 small-12 large-4\"  >\n\t\t\t\t<div class=\"col-inner text-center\"  >\n\t\t\t\n\t\t\t\n\t\t<div class=\"icon-box featured-box icon-box-center text-center\"  >\n\t\t\t\t\t<div class=\"icon-box-img\" style=\"width: 50px\">\n\t\t\t\t<div class=\"icon\">\n\t\t\t\t\t<div class=\"icon-inner\" style=\"color:rgb(101, 28, 255);\">\n\t\t\t\t\t\t<svg xmlns=\"http:\/\/www.w3.org\/2000\/svg\" viewBox=\"0 0 448 512\"><path d=\"M224 32c106 0 192 28.75 192 64v32c0 35.25-86 64-192 64S32 163.25 32 128V96c0-35.25 86-64 192-64m192 149.5V224c0 35.25-86 64-192 64S32 259.25 32 224v-42.5c41.25 29 116.75 42.5 192 42.5s150.749-13.5 192-42.5m0 96V320c0 35.25-86 64-192 64S32 355.25 32 320v-42.5c41.25 29 116.75 42.5 192 42.5s150.749-13.5 192-42.5m0 96V416c0 35.25-86 64-192 64S32 451.25 32 416v-42.5c41.25 29 116.75 42.5 192 42.5s150.749-13.5 192-42.5M224 0C145.858 0 0 18.801 0 96v320c0 77.338 146.096 96 224 96 78.142 0 224-18.801 224-96V96c0-77.338-146.096-96-224-96z\"\/><\/svg>\t\t\t\t\t<\/div>\n\t\t\t\t<\/div>\n\t\t\t<\/div>\n\t\t\t\t<div class=\"icon-box-text last-reset\">\n\t\t\t<h5 class=\"uppercase\">Correspondance automatique<\/h5>\t\t\t\t\t\tLes produits achet\u00e9s ensemble sont attribu\u00e9s automatiquement lorsque les clients ajoutent des produits au panier ou ach\u00e8tent.\t\t<\/div>\n\t<\/div>\n\t\n\t\t\t<\/div>\n\t\t\t\t\t<\/div>\n\n\t\n\t<div id=\"col-1717252097\" class=\"col medium-4 small-12 large-4\"  >\n\t\t\t\t<div class=\"col-inner\"  >\n\t\t\t\n\t\t\t\n\t\t<div class=\"icon-box featured-box icon-box-center text-center\"  >\n\t\t\t\t\t<div class=\"icon-box-img\" style=\"width: 56px\">\n\t\t\t\t<div class=\"icon\">\n\t\t\t\t\t<div class=\"icon-inner\" style=\"color:rgb(101, 28, 255);\">\n\t\t\t\t\t\t<svg xmlns=\"http:\/\/www.w3.org\/2000\/svg\" viewBox=\"0 0 512 512\"><path d=\"M455.59 0c-15.81 0-30.62 6.99-41.93 17.15C195.73 211.82 169.77 216.5 179.98 281.99c-41.52 4.96-78.59 24.05-100.32 81.32-2.68 7.08-9.12 11.38-16.64 11.38-12.67 0-51.85-31.56-63.02-39.19C0 429.45 43.26 512 146 512c117.18 0 152.72-87.75 145.06-145.89 56.9-7.01 97.15-62.51 206.45-266.49C505.2 84.65 512 68.48 512 51.66 512 21.52 484.89 0 455.59 0zM236.52 445.55C216.47 468.41 186.02 480 146 480c-63.78 0-92.29-38.83-104.75-78.69 8.02 3.65 14.98 5.39 21.77 5.39 20.92 0 39.2-12.58 46.56-32.03 6.65-17.52 16.05-53.95 83.76-62.04l65.08 50.62c4.03 30.68-1.25 58.75-21.9 82.3zM469.31 84.5c-118.4 220.96-143.69 245.11-194.08 251.31l-62-48.22c-8.8-56.43-14.8-35.28 221.82-246.64 6.33-5.69 13.81-8.95 20.54-8.95C467.38 32 480 39.9 480 51.66c0 10.58-5.54 22.79-10.69 32.84z\"\/><\/svg>\t\t\t\t\t<\/div>\n\t\t\t\t<\/div>\n\t\t\t<\/div>\n\t\t\t\t<div class=\"icon-box-text last-reset\">\n\t\t\t<h5 class=\"uppercase\">Affichage sur la page du produit \/ panier<\/h5>\t\t\t\t\t\tAffichez les produits achet\u00e9s ensemble sur les pages des produits individuels ou sur la page du panier.\t\t<\/div>\n\t<\/div>\n\t\n\t\t\t<\/div>\n\t\t\t\t\t<\/div>\n\n\t\n\t<div id=\"col-1576348494\" class=\"col medium-4 small-12 large-4\"  >\n\t\t\t\t<div class=\"col-inner\"  >\n\t\t\t\n\t\t\t\n\t\t<div class=\"icon-box featured-box icon-box-center text-center\"  >\n\t\t\t\t\t<div class=\"icon-box-img\" style=\"width: 54px\">\n\t\t\t\t<div class=\"icon\">\n\t\t\t\t\t<div class=\"icon-inner\" style=\"color:rgb(101, 28, 255);\">\n\t\t\t\t\t\t<svg xmlns=\"http:\/\/www.w3.org\/2000\/svg\" viewBox=\"0 0 512 512\"><path d=\"M464 64c8.823 0 16 7.178 16 16v352c0 8.822-7.177 16-16 16H48c-8.823 0-16-7.178-16-16V80c0-8.822 7.177-16 16-16h416m0-32H48C21.49 32 0 53.49 0 80v352c0 26.51 21.49 48 48 48h416c26.51 0 48-21.49 48-48V80c0-26.51-21.49-48-48-48zm-336 96c-17.673 0-32 14.327-32 32s14.327 32 32 32 32-14.327 32-32-14.327-32-32-32zm0 96c-17.673 0-32 14.327-32 32s14.327 32 32 32 32-14.327 32-32-14.327-32-32-32zm0 96c-17.673 0-32 14.327-32 32s14.327 32 32 32 32-14.327 32-32-14.327-32-32-32zm288-148v-24a6 6 0 0 0-6-6H198a6 6 0 0 0-6 6v24a6 6 0 0 0 6 6h212a6 6 0 0 0 6-6zm0 96v-24a6 6 0 0 0-6-6H198a6 6 0 0 0-6 6v24a6 6 0 0 0 6 6h212a6 6 0 0 0 6-6zm0 96v-24a6 6 0 0 0-6-6H198a6 6 0 0 0-6 6v24a6 6 0 0 0 6 6h212a6 6 0 0 0 6-6z\"\/><\/svg>\t\t\t\t\t<\/div>\n\t\t\t\t<\/div>\n\t\t\t<\/div>\n\t\t\t\t<div class=\"icon-box-text last-reset\">\n\t\t\t<h5 class=\"uppercase\">Ajouter tout au panier<\/h5>\t\t\t\t\t\tDonnez \u00e0 vos clients la possibilit\u00e9 d&#8217;ajouter tous les produits achet\u00e9s ensemble \u00e0 leur panier en une seule fois.\t\t<\/div>\n\t<\/div>\n\t\n\t\t\t<\/div>\n\t\t\t\t\t<\/div>\n\n\t<\/div>\t\t<\/div>\n\n\t\t\n<style>\n#section_985544420 {\n  padding-top: 30px;\n  padding-bottom: 30px;\n}\n<\/style>\n\t<\/section>\n\t\n\t<section class=\"section dark\" id=\"section_835649140\">\n\t\t<div class=\"section-bg fill\" >\n\t\t\t\t\t\t\t\t\t<div class=\"section-bg-overlay absolute fill\"><\/div>\n\t\t\t\n\n\t\t<\/div>\n\n\t\t\n\n\t\t<div class=\"section-content relative\">\n\t\t\t<div class=\"row align-middle align-center\"  id=\"row-704095839\">\n\t<div id=\"col-968121977\" class=\"col medium-12 small-12 large-6\"  >\n\t\t\t\t<div class=\"col-inner\"  >\n\t\t\t\n\t\t\t\n<h2>Augmenter automatiquement les ventes crois\u00e9es<\/h2>\n<p>Les clients sont toujours \u00e0 la recherche de produits suppl\u00e9mentaires pour augmenter les fonctionnalit\u00e9s de leur produit principal. Qu&#8217;il s&#8217;agisse d&#8217;un \u00e9tui ou d&#8217;un chargeur pour leur t\u00e9l\u00e9phone. Alors pourquoi ne pas les vendre directement lorsque le client veut acheter le produit principal ? Avec notre produit WooCommerce achet\u00e9 ensemble, vous pouvez faire ceci.Montrer \u00e0 nos clients les produits souvent achet\u00e9s ensemble. Affectez les produits manuellement ou automatiquement par panier\/achats et augmentez les ventes en vous adossant \u00e0 l&#8217;arri\u00e8re.\t\t<\/div>\n\t\t\t\t\t<\/div>\n\n\t\n\t<div id=\"col-56192813\" class=\"col medium-12 small-12 large-6\"  >\n\t\t\t\t<div class=\"col-inner text-center\"  >\n\t\t\t\n\t\t\t<div class=\"video video-fit mb\" style=\"padding-top:56.25%;\"><p><iframe title=\"WooCommerce Frequently Bought Together\" width=\"1020\" height=\"574\" src=\"https:\/\/www.youtube.com\/embed\/sf1O9D-zKro?feature=oembed\" frameborder=\"0\" allow=\"accelerometer; autoplay; encrypted-media; gyroscope; picture-in-picture\" allowfullscreen><\/iframe><\/p>\n<\/div>\t\t<\/div>\n\t\t\t\t\t<\/div>\n\n\t<\/div>\t\t<\/div>\n\n\t\t\n<style>\n#section_835649140 {\n  padding-top: 40px;\n  padding-bottom: 40px;\n}\n#section_835649140 .section-bg-overlay {\n  background-color: rgb(49, 113, 238);\n}\n@media (min-width:550px) {\n  #section_835649140 {\n    padding-top: 50px;\n    padding-bottom: 50px;\n  }\n}\n@media (min-width:850px) {\n  #section_835649140 {\n    padding-top: 80px;\n    padding-bottom: 80px;\n  }\n}\n<\/style>\n\t<\/section>\n\t\n\t<section class=\"section\" id=\"section_166800609\">\n\t\t<div class=\"section-bg fill\" >\n\t\t\t\t\t\t\t\t\t\n\t\t\t\n\n\t\t<\/div>\n\n\t\t\n\n\t\t<div class=\"section-content relative\">\n\t\t\t<div class=\"row align-middle align-center\"  id=\"row-1497120609\">\n\t<div id=\"col-1158032534\" class=\"col medium-12 small-12 large-6\"  >\n\t\t\t\t<div class=\"col-inner text-center\"  >\n\t\t\t\n\t\t\t\t<div class=\"img has-hover x md-x lg-x y md-y lg-y\" id=\"image_437823129\">\n\t\t\t\t\t\t<div data-animate=\"fadeInLeft\">\t\t<div class=\"img-inner box-shadow-2 box-shadow-3-hover dark\" >\n\t\t\t<img loading=\"lazy\" decoding=\"async\" width=\"1020\" height=\"803\" src=\"https:\/\/www.welaunch.io\/fr\/wp-content\/uploads\/sites\/13\/2020\/07\/bought-together-products-on-single-product-pages-1024x806.png\" class=\"attachment-large size-large\" alt=\"bought together products on single product pages\" srcset=\"https:\/\/www.welaunch.io\/fr\/wp-content\/uploads\/sites\/13\/2020\/07\/bought-together-products-on-single-product-pages-1024x806.png 1024w, https:\/\/www.welaunch.io\/fr\/wp-content\/uploads\/sites\/13\/2020\/07\/bought-together-products-on-single-product-pages-300x236.png 300w, https:\/\/www.welaunch.io\/fr\/wp-content\/uploads\/sites\/13\/2020\/07\/bought-together-products-on-single-product-pages-768x604.png 768w, https:\/\/www.welaunch.io\/fr\/wp-content\/uploads\/sites\/13\/2020\/07\/bought-together-products-on-single-product-pages-500x393.png 500w, https:\/\/www.welaunch.io\/fr\/wp-content\/uploads\/sites\/13\/2020\/07\/bought-together-products-on-single-product-pages-1000x787.png 1000w, https:\/\/www.welaunch.io\/fr\/wp-content\/uploads\/sites\/13\/2020\/07\/bought-together-products-on-single-product-pages.png 1191w\" sizes=\"auto, (max-width: 1020px) 100vw, 1020px\" \/>\t\t\t\t\t\t\n\t\t\t\t\t<\/div>\n\t\t<\/div>\t\t\t\t\t\t\n<style>\n#image_437823129 {\n  width: 100%;\n}\n<\/style>\n\t<\/div>\n\t\t\t<\/div>\n\t\t\t\t\t<\/div>\n\n\t\n\t<div id=\"col-2120118646\" class=\"col medium-12 small-12 large-6 medium-col-first\"  >\n\t\t\t\t<div class=\"col-inner\"  >\n\t\t\t\n\t\t\t\n<h2>Afficher les produits souvent achet\u00e9s ensemble<\/h2>\n<p>Les produits souvent achet\u00e9s ensemble, qui sont affect\u00e9s manuellement ou automatiquement, appara\u00eetront sur des pages uniques de produits ou de panier WooCommerce. Vous pouvez choisir o\u00f9 et comment ils appara\u00eetront. Slider, pas de slider, 3 produits ou plus, avec ou sans &#8220;ajouter la s\u00e9lection au panier&#8221; bouton &#8211; cela d\u00e9pend enti\u00e8rement de vous.[bouton text=&#8221;Voir la d\u00e9mo&#8221; style=&#8221;link&#8221; link=&#8221;https:\/\/demos.welaunch.io\/woocommerce-bought-together\/product\/demo\/&#8221; target=&#8221;_blank&#8221;]\t\t<\/div>\n\t\t\t\t\t<\/div>\n\n\t<\/div>\t\t<\/div>\n\n\t\t\n<style>\n#section_166800609 {\n  padding-top: 20px;\n  padding-bottom: 20px;\n}\n@media (min-width:550px) {\n  #section_166800609 {\n    padding-top: 50px;\n    padding-bottom: 50px;\n  }\n}\n@media (min-width:850px) {\n  #section_166800609 {\n    padding-top: 80px;\n    padding-bottom: 80px;\n  }\n}\n<\/style>\n\t<\/section>\n\t\n\t<section class=\"section dark\" id=\"section_2093095680\">\n\t\t<div class=\"section-bg fill\" >\n\t\t\t\t\t\t\t\t\t<div class=\"section-bg-overlay absolute fill\"><\/div>\n\t\t\t\n\n\t\t<\/div>\n\n\t\t\n\n\t\t<div class=\"section-content relative\">\n\t\t\t<div class=\"row align-middle align-center\"  id=\"row-1361872025\">\n\t<div id=\"col-1479185469\" class=\"col medium-12 small-12 large-6 medium-col-first\"  >\n\t\t\t\t<div class=\"col-inner\"  >\n\t\t\t\n\t\t\t\n<h2>Ajouter tout ou s\u00e9lectionn\u00e9 au panier<\/h2>\n<p>Facultatif, mais souvent utilis\u00e9. Les clients peuvent facilement ajouter \u00e0 leur panier tous les produits achet\u00e9s ensemble ou seulement certains d&#8217;entre eux. Il suffit de cocher une case pour chaque produit, puis de cliquer sur le bouton &#8220;ajouter la s\u00e9lection au panier&#8221; bouton.[bouton text=&#8221;Voir la d\u00e9mo&#8221; color=&#8221;white&#8221; style=&#8221;link&#8221; link=&#8221;https:\/\/demos.welaunch.io\/woocommerce-bought-together\/product\/demo\/&#8221; target=&#8221;_blank&#8221;]\t\t<\/div>\n\t\t\t\t\t<\/div>\n\n\t\n\t<div id=\"col-701917437\" class=\"col medium-12 small-12 large-6 small-col-first\"  >\n\t\t\t\t<div class=\"col-inner text-center\"  >\n\t\t\t\n\t\t\t\t<div class=\"img has-hover x md-x lg-x y md-y lg-y\" id=\"image_1429277946\">\n\t\t\t\t\t\t<div data-animate=\"fadeInRight\">\t\t<div class=\"img-inner box-shadow-2 box-shadow-3-hover dark\" >\n\t\t\t<img loading=\"lazy\" decoding=\"async\" width=\"1020\" height=\"446\" src=\"https:\/\/www.welaunch.io\/fr\/wp-content\/uploads\/sites\/13\/2020\/07\/add-all-products-to-cart-1024x448.png\" class=\"attachment-large size-large\" alt=\"add all products to cart\" srcset=\"https:\/\/www.welaunch.io\/fr\/wp-content\/uploads\/sites\/13\/2020\/07\/add-all-products-to-cart-1024x448.png 1024w, https:\/\/www.welaunch.io\/fr\/wp-content\/uploads\/sites\/13\/2020\/07\/add-all-products-to-cart-300x131.png 300w, https:\/\/www.welaunch.io\/fr\/wp-content\/uploads\/sites\/13\/2020\/07\/add-all-products-to-cart-768x336.png 768w, https:\/\/www.welaunch.io\/fr\/wp-content\/uploads\/sites\/13\/2020\/07\/add-all-products-to-cart-500x219.png 500w, https:\/\/www.welaunch.io\/fr\/wp-content\/uploads\/sites\/13\/2020\/07\/add-all-products-to-cart-1000x437.png 1000w, https:\/\/www.welaunch.io\/fr\/wp-content\/uploads\/sites\/13\/2020\/07\/add-all-products-to-cart.png 1162w\" sizes=\"auto, (max-width: 1020px) 100vw, 1020px\" \/>\t\t\t\t\t\t\n\t\t\t\t\t<\/div>\n\t\t<\/div>\t\t\t\t\t\t\n<style>\n#image_1429277946 {\n  width: 100%;\n}\n<\/style>\n\t<\/div>\n\t\t\t<\/div>\n\t\t\t\t\t<\/div>\n\n\t<\/div>\t\t<\/div>\n\n\t\t\n<style>\n#section_2093095680 {\n  padding-top: 40px;\n  padding-bottom: 40px;\n}\n#section_2093095680 .section-bg-overlay {\n  background-color: #3171ee;\n}\n@media (min-width:550px) {\n  #section_2093095680 {\n    padding-top: 50px;\n    padding-bottom: 50px;\n  }\n}\n@media (min-width:850px) {\n  #section_2093095680 {\n    padding-top: 80px;\n    padding-bottom: 80px;\n  }\n}\n<\/style>\n\t<\/section>\n\t\n\t<section class=\"section\" id=\"section_696072063\">\n\t\t<div class=\"section-bg fill\" >\n\t\t\t\t\t\t\t\t\t\n\t\t\t\n\n\t\t<\/div>\n\n\t\t\n\n\t\t<div class=\"section-content relative\">\n\t\t\t<div class=\"row align-middle align-center\"  id=\"row-588375836\">\n\t<div id=\"col-2139493127\" class=\"col medium-12 small-12 large-6\"  >\n\t\t\t\t<div class=\"col-inner text-center\"  >\n\t\t\t\n\t\t\t\t<div class=\"img has-hover x md-x lg-x y md-y lg-y\" id=\"image_1317831421\">\n\t\t\t\t\t\t<div data-animate=\"fadeInLeft\">\t\t<div class=\"img-inner box-shadow-2 box-shadow-3-hover dark\" >\n\t\t\t<img loading=\"lazy\" decoding=\"async\" width=\"1020\" height=\"344\" src=\"https:\/\/www.welaunch.io\/fr\/wp-content\/uploads\/sites\/13\/2020\/07\/bought-togehter-statistics-1024x345.png\" class=\"attachment-large size-large\" alt=\"bought togehter statistics\" srcset=\"https:\/\/www.welaunch.io\/fr\/wp-content\/uploads\/sites\/13\/2020\/07\/bought-togehter-statistics-1024x345.png 1024w, https:\/\/www.welaunch.io\/fr\/wp-content\/uploads\/sites\/13\/2020\/07\/bought-togehter-statistics-300x101.png 300w, https:\/\/www.welaunch.io\/fr\/wp-content\/uploads\/sites\/13\/2020\/07\/bought-togehter-statistics-768x258.png 768w, https:\/\/www.welaunch.io\/fr\/wp-content\/uploads\/sites\/13\/2020\/07\/bought-togehter-statistics-500x168.png 500w, https:\/\/www.welaunch.io\/fr\/wp-content\/uploads\/sites\/13\/2020\/07\/bought-togehter-statistics-1000x337.png 1000w, https:\/\/www.welaunch.io\/fr\/wp-content\/uploads\/sites\/13\/2020\/07\/bought-togehter-statistics.png 1138w\" sizes=\"auto, (max-width: 1020px) 100vw, 1020px\" \/>\t\t\t\t\t\t\n\t\t\t\t\t<\/div>\n\t\t<\/div>\t\t\t\t\t\t\n<style>\n#image_1317831421 {\n  width: 100%;\n}\n<\/style>\n\t<\/div>\n\t\t\t<\/div>\n\t\t\t\t\t<\/div>\n\n\t\n\t<div id=\"col-1846834802\" class=\"col medium-12 small-12 large-6 medium-col-first\"  >\n\t\t\t\t<div class=\"col-inner\"  >\n\t\t\t\n\t\t\t\n<h2>Statistiques<\/h2>\n<p>L&#8217;administrateur ou le gestionnaire de la boutique a la possibilit\u00e9 de voir les statistiques de chaque produit WooCommerce dans le backend. Gr\u00e2ce \u00e0 ce syst\u00e8me, vous pouvez analyser facilement les produits achet\u00e9s en m\u00eame temps que le manuel, le panier ou la commande.[bouton text=&#8221;Voir la d\u00e9mo&#8221; style=&#8221;link&#8221; link=&#8221;https:\/\/demos.welaunch.io\/woocommerce-bought-together\/wp-admin\/admin.php?page=bought-together-statistics&#8221; target=&#8221;_blank&#8221;]\t\t<\/div>\n\t\t\t\t\t<\/div>\n\n\t<\/div>\t\t<\/div>\n\n\t\t\n<style>\n#section_696072063 {\n  padding-top: 20px;\n  padding-bottom: 20px;\n}\n@media (min-width:550px) {\n  #section_696072063 {\n    padding-top: 50px;\n    padding-bottom: 50px;\n  }\n}\n@media (min-width:850px) {\n  #section_696072063 {\n    padding-top: 80px;\n    padding-bottom: 80px;\n  }\n}\n<\/style>\n\t<\/section>\n\t\n\t<section class=\"section dark\" id=\"section_102571653\">\n\t\t<div class=\"section-bg fill\" >\n\t\t\t\t\t\t\t\t\t<div class=\"section-bg-overlay absolute fill\"><\/div>\n\t\t\t\n\n\t\t<\/div>\n\n\t\t\n\n\t\t<div class=\"section-content relative\">\n\t\t\t<div class=\"row align-middle align-center\"  id=\"row-1271962250\">\n\t<div id=\"col-223562801\" class=\"col medium-12 small-12 large-6\"  >\n\t\t\t\t<div class=\"col-inner\"  >\n\t\t\t\n\t\t\t\n<h2>Afficher les ventes crois\u00e9es du panier<\/h2>\n<p>Les produits achet\u00e9s ensemble ne s&#8217;afficheront pas uniquement sur les pages de produits WooCommerce. Ces ventes crois\u00e9es appara\u00eetront \u00e9galement dans la page du panier, lorsque le produit correspondant aura \u00e9t\u00e9 ajout\u00e9 au panier du client.\u00c0 partir de l\u00e0, l&#8217;utilisateur peut facilement ajouter tous les produits, ou seulement certains, \u00e0 son panier.\t\t<\/div>\n\t\t\t\t\t<\/div>\n\n\t\n\t<div id=\"col-1804862399\" class=\"col medium-12 small-12 large-6\"  >\n\t\t\t\t<div class=\"col-inner text-center\"  >\n\t\t\t\n\t\t\t\t<div class=\"img has-hover x md-x lg-x y md-y lg-y\" id=\"image_1170060645\">\n\t\t\t\t\t\t\t\t<div class=\"img-inner box-shadow-2 box-shadow-3-hover dark\" >\n\t\t\t<img loading=\"lazy\" decoding=\"async\" width=\"1020\" height=\"640\" src=\"https:\/\/www.welaunch.io\/fr\/wp-content\/uploads\/sites\/13\/2020\/07\/bought-together-on-cart-1024x643.png\" class=\"attachment-large size-large\" alt=\"bought together on cart\" srcset=\"https:\/\/www.welaunch.io\/fr\/wp-content\/uploads\/sites\/13\/2020\/07\/bought-together-on-cart-1024x643.png 1024w, https:\/\/www.welaunch.io\/fr\/wp-content\/uploads\/sites\/13\/2020\/07\/bought-together-on-cart-300x188.png 300w, https:\/\/www.welaunch.io\/fr\/wp-content\/uploads\/sites\/13\/2020\/07\/bought-together-on-cart-768x482.png 768w, https:\/\/www.welaunch.io\/fr\/wp-content\/uploads\/sites\/13\/2020\/07\/bought-together-on-cart-1536x964.png 1536w, https:\/\/www.welaunch.io\/fr\/wp-content\/uploads\/sites\/13\/2020\/07\/bought-together-on-cart-500x314.png 500w, https:\/\/www.welaunch.io\/fr\/wp-content\/uploads\/sites\/13\/2020\/07\/bought-together-on-cart-1000x628.png 1000w, https:\/\/www.welaunch.io\/fr\/wp-content\/uploads\/sites\/13\/2020\/07\/bought-together-on-cart.png 1545w\" sizes=\"auto, (max-width: 1020px) 100vw, 1020px\" \/>\t\t\t\t\t\t\n\t\t\t\t\t<\/div>\n\t\t\t\t\t\t\t\t\n<style>\n#image_1170060645 {\n  width: 100%;\n}\n<\/style>\n\t<\/div>\n\t\t\t<\/div>\n\t\t\t\t\t<\/div>\n\n\t<\/div>\t\t<\/div>\n\n\t\t\n<style>\n#section_102571653 {\n  padding-top: 40px;\n  padding-bottom: 40px;\n}\n#section_102571653 .section-bg-overlay {\n  background-color: #3171ee;\n}\n@media (min-width:550px) {\n  #section_102571653 {\n    padding-top: 50px;\n    padding-bottom: 50px;\n  }\n}\n@media (min-width:850px) {\n  #section_102571653 {\n    padding-top: 80px;\n    padding-bottom: 80px;\n  }\n}\n<\/style>\n\t<\/section>\n\t\n","protected":false},"excerpt":{"rendered":"<p>Avec notre plugin, vous pouvez afficher les produits fr\u00e9quemment achet\u00e9s ensemble dans votre boutique WooCommerce et augmenter les ventes en promouvant automatiquement les produits de vente crois\u00e9e.<\/p>\n","protected":false},"featured_media":2636,"comment_status":"open","ping_status":"closed","template":"","meta":{"inline_featured_image":false},"product_brand":[],"product_cat":[43,41],"product_tag":[],"class_list":{"0":"post-4628","1":"product","2":"type-product","3":"status-publish","4":"has-post-thumbnail","6":"product_cat-woocommerce-plugins","7":"product_cat-plugins","9":"first","10":"instock","11":"taxable","12":"shipping-taxable","13":"purchasable","14":"product-type-variable"},"_links":{"self":[{"href":"https:\/\/www.welaunch.io\/fr\/wp-json\/wp\/v2\/product\/4628","targetHints":{"allow":["GET"]}}],"collection":[{"href":"https:\/\/www.welaunch.io\/fr\/wp-json\/wp\/v2\/product"}],"about":[{"href":"https:\/\/www.welaunch.io\/fr\/wp-json\/wp\/v2\/types\/product"}],"replies":[{"embeddable":true,"href":"https:\/\/www.welaunch.io\/fr\/wp-json\/wp\/v2\/comments?post=4628"}],"wp:featuredmedia":[{"embeddable":true,"href":"https:\/\/www.welaunch.io\/fr\/wp-json\/wp\/v2\/media\/2636"}],"wp:attachment":[{"href":"https:\/\/www.welaunch.io\/fr\/wp-json\/wp\/v2\/media?parent=4628"}],"wp:term":[{"taxonomy":"product_brand","embeddable":true,"href":"https:\/\/www.welaunch.io\/fr\/wp-json\/wp\/v2\/product_brand?post=4628"},{"taxonomy":"product_cat","embeddable":true,"href":"https:\/\/www.welaunch.io\/fr\/wp-json\/wp\/v2\/product_cat?post=4628"},{"taxonomy":"product_tag","embeddable":true,"href":"https:\/\/www.welaunch.io\/fr\/wp-json\/wp\/v2\/product_tag?post=4628"}],"curies":[{"name":"wp","href":"https:\/\/api.w.org\/{rel}","templated":true}]}}