{"id":4542,"date":"2020-07-01T22:43:48","date_gmt":"2020-07-01T20:43:48","guid":{"rendered":"https:\/\/www.welaunch.io\/fr\/?post_type=product&#038;p=4542"},"modified":"2025-08-28T15:11:00","modified_gmt":"2025-08-28T13:11:00","slug":"woocommerce-product-accessories","status":"publish","type":"product","link":"https:\/\/www.welaunch.io\/fr\/product\/woocommerce-product-accessories\/","title":{"rendered":"Accessoires pour produits WooCommerce"},"content":{"rendered":"\n\t<section class=\"section\" id=\"section_1188563532\">\n\t\t<div class=\"section-bg fill\" >\n\t\t\t\t\t\t\t\t\t\n\t\t\t\n\n\t\t<\/div>\n\n\t\t\n\n\t\t<div class=\"section-content relative\">\n\t\t\t<div class=\"row row-solid\"  id=\"row-670837343\">\n\t<div id=\"col-1323375428\" class=\"col medium-4 small-12 large-4\"  >\n\t\t\t\t<div class=\"col-inner text-center\"  >\n\t\t\t\n\t\t\t\n\t\t<div class=\"icon-box featured-box icon-box-center text-center\"  >\n\t\t\t\t\t<div class=\"icon-box-img\" style=\"width: 50px\">\n\t\t\t\t<div class=\"icon\">\n\t\t\t\t\t<div class=\"icon-inner\" style=\"color:rgb(101, 28, 255);\">\n\t\t\t\t\t\t<svg xmlns=\"http:\/\/www.w3.org\/2000\/svg\" viewBox=\"0 0 511.9 512\"><path d=\"M501.8 19.1c-1.1-4.4-4.5-7.8-8.8-8.8C453.7.7 442.5 0 408 0c-68.6 0-128.1 44.9-173.8 96H106.7c-11.4 0-21.9 6-27.6 15.9l-74.7 128C-8 261.2 7.4 288 32 288h82.7c-8.6 19.1-14.3 33.5-18.6 44.6-1.7 4.4-.7 9.5 2.7 12.8l67.7 67.7c3.4 3.4 8.4 4.4 12.8 2.7 11.2-4.3 25.5-10 44.6-18.6V480c0 24.7 26.8 40.1 48.1 27.6l128-74.7c9.8-5.7 15.9-16.3 15.9-27.6V277.8c51.1-45.7 96-105.2 96-173.8.1-34.5-.6-45.8-10.1-84.9zM32 256l74.7-128h101.1c-32.5 42.6-58.6 88.3-78.1 128H32zm224 224v-97.7c39.7-19.5 85.4-45.5 128-78.1v101.1L256 480zm-76.1-98.7l-49.1-49.1C177.6 215.9 283.8 32 408.1 32c24.7 0 37.3 0 65.5 6.5C480 66.7 480 79.2 480 104c0 124.3-184.1 230.5-300.1 277.3zM368 88c-30.9 0-56 25.1-56 56s25.1 56 56 56 56-25.1 56-56-25.1-56-56-56zm0 80c-13.2 0-24-10.8-24-24s10.8-24 24-24 24 10.8 24 24-10.8 24-24 24z\"\/><\/svg>\t\t\t\t\t<\/div>\n\t\t\t\t<\/div>\n\t\t\t<\/div>\n\t\t\t\t<div class=\"icon-box-text last-reset\">\n\t\t\t<h5 class=\"uppercase\">Accessoires obligatoires<\/h5>\t\t\t\t\t\tAjouter des accessoires obligatoires \/ requis \u00e0 vos produits. Ceux-ci seront automatiquement mis dans le panier de l&#8217;utilisateur.\t\t<\/div>\n\t<\/div>\n\t\n\t\t\t<\/div>\n\t\t\t\t\t<\/div>\n\n\t\n\t<div id=\"col-1252892056\" class=\"col medium-4 small-12 large-4\"  >\n\t\t\t\t<div class=\"col-inner\"  >\n\t\t\t\n\t\t\t\n\t\t<div class=\"icon-box featured-box icon-box-center text-center\"  >\n\t\t\t\t\t<div class=\"icon-box-img\" style=\"width: 63px\">\n\t\t\t\t<div class=\"icon\">\n\t\t\t\t\t<div class=\"icon-inner\" style=\"color:rgb(101, 28, 255);\">\n\t\t\t\t\t\t<svg xmlns=\"http:\/\/www.w3.org\/2000\/svg\" viewBox=\"0 0 576 512\"><path d=\"M564 192h-76.875L347.893 37.297c-5.91-6.568-16.027-7.101-22.596-1.189s-7.101 16.028-1.189 22.596L444.075 192h-312.15L251.893 58.703c5.912-6.567 5.379-16.685-1.189-22.596-6.569-5.912-16.686-5.38-22.596 1.189L88.875 192H12c-6.627 0-12 5.373-12 12v8c0 6.627 5.373 12 12 12h16.444L58.25 438.603C61.546 462.334 81.836 480 105.794 480h364.412c23.958 0 44.248-17.666 47.544-41.397L547.556 224H564c6.627 0 12-5.373 12-12v-8c0-6.627-5.373-12-12-12zm-77.946 242.201c-1.093 7.867-7.906 13.799-15.848 13.799H105.794c-7.942 0-14.755-5.932-15.848-13.799L60.752 224h454.497l-29.195 210.201zM304 280v112c0 8.837-7.163 16-16 16-8.836 0-16-7.163-16-16V280c0-8.837 7.164-16 16-16 8.837 0 16 7.163 16 16zm112 0v112c0 8.837-7.163 16-16 16s-16-7.163-16-16V280c0-8.837 7.163-16 16-16s16 7.163 16 16zm-224 0v112c0 8.837-7.164 16-16 16s-16-7.163-16-16V280c0-8.837 7.164-16 16-16s16 7.163 16 16z\"\/><\/svg>\t\t\t\t\t<\/div>\n\t\t\t\t<\/div>\n\t\t\t<\/div>\n\t\t\t\t<div class=\"icon-box-text last-reset\">\n\t\t\t<h5 class=\"uppercase\">Accessoires en option<\/h5>\t\t\t\t\t\tPr\u00e9sentez des accessoires optionnels et augmentez vos ventes en vendant des produits dont vos clients pourraient avoir besoin.\t\t<\/div>\n\t<\/div>\n\t\n\t\t\t<\/div>\n\t\t\t\t\t<\/div>\n\n\t\n\t<div id=\"col-1533193737\" class=\"col medium-4 small-12 large-4\"  >\n\t\t\t\t<div class=\"col-inner\"  >\n\t\t\t\n\t\t\t\n\t\t<div class=\"icon-box featured-box icon-box-center text-center\"  >\n\t\t\t\t\t<div class=\"icon-box-img\" style=\"width: 61px\">\n\t\t\t\t<div class=\"icon\">\n\t\t\t\t\t<div class=\"icon-inner\" style=\"color:rgb(101, 28, 255);\">\n\t\t\t\t\t\t<svg xmlns=\"http:\/\/www.w3.org\/2000\/svg\" viewBox=\"0 0 576 512\"><path d=\"M551.991 64H129.28l-8.329-44.423C118.822 8.226 108.911 0 97.362 0H12C5.373 0 0 5.373 0 12v8c0 6.627 5.373 12 12 12h78.72l69.927 372.946C150.305 416.314 144 431.42 144 448c0 35.346 28.654 64 64 64s64-28.654 64-64a63.681 63.681 0 0 0-8.583-32h145.167a63.681 63.681 0 0 0-8.583 32c0 35.346 28.654 64 64 64 35.346 0 64-28.654 64-64 0-17.993-7.435-34.24-19.388-45.868C506.022 391.891 496.76 384 485.328 384H189.28l-12-64h331.381c11.368 0 21.177-7.976 23.496-19.105l43.331-208C578.592 77.991 567.215 64 551.991 64zM240 448c0 17.645-14.355 32-32 32s-32-14.355-32-32 14.355-32 32-32 32 14.355 32 32zm224 32c-17.645 0-32-14.355-32-32s14.355-32 32-32 32 14.355 32 32-14.355 32-32 32zm38.156-192H171.28l-36-192h406.876l-40 192zm-106.641-75.515l-51.029 51.029c-4.686 4.686-12.284 4.686-16.971 0l-51.029-51.029c-7.56-7.56-2.206-20.485 8.485-20.485H320v-52c0-6.627 5.373-12 12-12h8c6.627 0 12 5.373 12 12v52h35.029c10.691 0 16.045 12.926 8.486 20.485z\"\/><\/svg>\t\t\t\t\t<\/div>\n\t\t\t\t<\/div>\n\t\t\t<\/div>\n\t\t\t\t<div class=\"icon-box-text last-reset\">\n\t\t\t<h5 class=\"uppercase\">Mise \u00e0 jour automatique du panier<\/h5>\t\t\t\t\t\tL&#8217;ajout ou le retrait des produits principaux du panier entra\u00eene automatiquement l&#8217;ajout ou le retrait des accessoires requis.\t\t<\/div>\n\t<\/div>\n\t\n\t\t\t<\/div>\n\t\t\t\t\t<\/div>\n\n\t<\/div>\t\t<\/div>\n\n\t\t\n<style>\n#section_1188563532 {\n  padding-top: 30px;\n  padding-bottom: 30px;\n}\n<\/style>\n\t<\/section>\n\t\n\t<section class=\"section dark\" id=\"section_1158363392\">\n\t\t<div class=\"section-bg fill\" >\n\t\t\t\t\t\t\t\t\t<div class=\"section-bg-overlay absolute fill\"><\/div>\n\t\t\t\n\n\t\t<\/div>\n\n\t\t\n\n\t\t<div class=\"section-content relative\">\n\t\t\t<div class=\"row align-middle align-center\"  id=\"row-1515564527\">\n\t<div id=\"col-1589408860\" class=\"col medium-12 small-12 large-6\"  >\n\t\t\t\t<div class=\"col-inner\"  >\n\t\t\t\n\t\t\t\n<h2>Compl\u00e9ments de produits WooCommerce<\/h2>\n<p>Les pages de produits de WooCommerce sont comme des vitrines num\u00e9riques pour vos produits. Cependant, les acheteurs aiment aussi accessoiriser et profiter des offres group\u00e9es. Le plugin WooCommerce Product Accessories permet donc aux propri\u00e9taires de magasins de regrouper les accessoires obligatoires et facultatifs avec les produits parents.Lorsque vous consultez les pages de produits de WooCommerce, les pages elles-m\u00eames affichent des id\u00e9es d&#8217;accessoires et d&#8217;ajouts visuels qui compl\u00e8tent les achats. Cela permet de refl\u00e9ter les exp\u00e9riences d&#8217;achat r\u00e9elles et d&#8217;aider les propri\u00e9taires de magasins \u00e0 r\u00e9aliser plus efficacement des ventes crois\u00e9es de produits suppl\u00e9mentaires.\t\t<\/div>\n\t\t\t\t\t<\/div>\n\n\t\n\t<div id=\"col-773990220\" class=\"col medium-12 small-12 large-6\"  >\n\t\t\t\t<div class=\"col-inner text-center\"  >\n\t\t\t\n\t\t\t<div class=\"video video-fit mb\" style=\"padding-top:56.25%;\"><p><iframe title=\"WooCommerce Product Accessories\" width=\"1020\" height=\"765\" src=\"https:\/\/www.youtube.com\/embed\/wW6inMB2fPM?feature=oembed\" frameborder=\"0\" allow=\"accelerometer; autoplay; encrypted-media; gyroscope; picture-in-picture\" allowfullscreen><\/iframe><\/p>\n<\/div>\t\t<\/div>\n\t\t\t\t\t<\/div>\n\n\t<\/div>\t\t<\/div>\n\n\t\t\n<style>\n#section_1158363392 {\n  padding-top: 40px;\n  padding-bottom: 40px;\n}\n#section_1158363392 .section-bg-overlay {\n  background-color: rgb(49, 113, 238);\n}\n@media (min-width:550px) {\n  #section_1158363392 {\n    padding-top: 50px;\n    padding-bottom: 50px;\n  }\n}\n@media (min-width:850px) {\n  #section_1158363392 {\n    padding-top: 80px;\n    padding-bottom: 80px;\n  }\n}\n<\/style>\n\t<\/section>\n\t\n\t<section class=\"section\" id=\"section_1279362434\">\n\t\t<div class=\"section-bg fill\" >\n\t\t\t\t\t\t\t\t\t\n\t\t\t\n\n\t\t<\/div>\n\n\t\t\n\n\t\t<div class=\"section-content relative\">\n\t\t\t<div class=\"row align-middle align-center\"  id=\"row-331881072\">\n\t<div id=\"col-658289631\" class=\"col medium-12 small-12 large-6\"  >\n\t\t\t\t<div class=\"col-inner text-center\"  >\n\t\t\t\n\t\t\t\t<div class=\"img has-hover x md-x lg-x y md-y lg-y\" id=\"image_93893866\">\n\t\t\t\t\t\t<div data-animate=\"fadeInLeft\">\t\t<div class=\"img-inner box-shadow-2 box-shadow-3-hover dark\" >\n\t\t\t<img loading=\"lazy\" decoding=\"async\" width=\"1020\" height=\"882\" src=\"https:\/\/www.welaunch.io\/fr\/wp-content\/uploads\/sites\/13\/2020\/07\/Mandatory-WooCommerce-Product-Addons-1024x885.jpg\" class=\"attachment-large size-large\" alt=\"Mandatory WooCommerce Product Addons\" srcset=\"https:\/\/www.welaunch.io\/fr\/wp-content\/uploads\/sites\/13\/2020\/07\/Mandatory-WooCommerce-Product-Addons-1024x885.jpg 1024w, https:\/\/www.welaunch.io\/fr\/wp-content\/uploads\/sites\/13\/2020\/07\/Mandatory-WooCommerce-Product-Addons-500x432.jpg 500w, https:\/\/www.welaunch.io\/fr\/wp-content\/uploads\/sites\/13\/2020\/07\/Mandatory-WooCommerce-Product-Addons-1000x864.jpg 1000w, https:\/\/www.welaunch.io\/fr\/wp-content\/uploads\/sites\/13\/2020\/07\/Mandatory-WooCommerce-Product-Addons-300x259.jpg 300w, https:\/\/www.welaunch.io\/fr\/wp-content\/uploads\/sites\/13\/2020\/07\/Mandatory-WooCommerce-Product-Addons-768x664.jpg 768w, https:\/\/www.welaunch.io\/fr\/wp-content\/uploads\/sites\/13\/2020\/07\/Mandatory-WooCommerce-Product-Addons-1536x1327.jpg 1536w, https:\/\/www.welaunch.io\/fr\/wp-content\/uploads\/sites\/13\/2020\/07\/Mandatory-WooCommerce-Product-Addons-2048x1770.jpg 2048w\" sizes=\"auto, (max-width: 1020px) 100vw, 1020px\" \/>\t\t\t\t\t\t\n\t\t\t\t\t<\/div>\n\t\t<\/div>\t\t\t\t\t\t\n<style>\n#image_93893866 {\n  width: 100%;\n}\n<\/style>\n\t<\/div>\n\t\t\t<\/div>\n\t\t\t\t\t<\/div>\n\n\t\n\t<div id=\"col-2090435495\" class=\"col medium-12 small-12 large-6 medium-col-first\"  >\n\t\t\t\t<div class=\"col-inner\"  >\n\t\t\t\n\t\t\t\n<h2>Configurer les modules compl\u00e9mentaires obligatoires pour les produits WooCommerce<\/h2>\n<p>L&#8217;id\u00e9e d&#8217;accessoires obligatoires pour les produits WooCommerce peut sembler r\u00e9barbative. Cependant, il existe plusieurs contextes o\u00f9 l&#8217;ajout d&#8217;addons obligatoires pour les produits WooCommerce apporte une valeur ajout\u00e9e.Les produits tels que les appareils photo et les smartphones n\u00e9cessitent des c\u00e2bles et des chargeurs sp\u00e9cifiques pour fonctionner. Dans la plupart des cas, les produits parents auront donc besoin d&#8217;au moins un accessoire obligatoire pour fonctionner comme pr\u00e9vu.Plut\u00f4t que de recommander des articles distincts dans les descriptions de produits, le plugin WooCommerce Product Accessories permet aux propri\u00e9taires de magasins d&#8217;ajouter automatiquement des accessoires obligatoires aux listes de produits.<\/p>\n<ul>\n<li>Les administrateurs de sites s\u00e9lectionnent les accessoires obligatoires \u00e0 associer aux produits dans le back-office du plugin<\/li>\n<li>Les accessoires peuvent toujours \u00eatre vendus de mani\u00e8re autonome via leurs propres pages de produits WooCommerce<\/li>\n<li>Lorsque les produits parents sont s\u00e9lectionn\u00e9s, les accessoires obligatoires sont automatiquement ajout\u00e9s au panier des clients<\/li>\n<\/ul>\n<p>Qu&#8217;ils soient s\u00e9lectionn\u00e9s manuellement par les consommateurs ou non, les accessoires obligatoires appara\u00eetront dans le panier d&#8217;achat de la boutique WooCommerce lorsque les clients cliqueront pour finaliser leurs achats. Plus important encore, un \u00e9tiquetage clair des accessoires sur les pages des produits permet aux acheteurs de savoir \u00e0 l&#8217;avance que l&#8217;achat d&#8217;accessoires est obligatoire.\t\t<\/div>\n\t\t\t\t\t<\/div>\n\n\t<\/div>\t\t<\/div>\n\n\t\t\n<style>\n#section_1279362434 {\n  padding-top: 20px;\n  padding-bottom: 20px;\n}\n@media (min-width:550px) {\n  #section_1279362434 {\n    padding-top: 50px;\n    padding-bottom: 50px;\n  }\n}\n@media (min-width:850px) {\n  #section_1279362434 {\n    padding-top: 80px;\n    padding-bottom: 80px;\n  }\n}\n<\/style>\n\t<\/section>\n\t\n\t<section class=\"section dark\" id=\"section_511702598\">\n\t\t<div class=\"section-bg fill\" >\n\t\t\t\t\t\t\t\t\t<div class=\"section-bg-overlay absolute fill\"><\/div>\n\t\t\t\n\n\t\t<\/div>\n\n\t\t\n\n\t\t<div class=\"section-content relative\">\n\t\t\t<div class=\"row align-middle align-center\"  id=\"row-1869678103\">\n\t<div id=\"col-1374836371\" class=\"col medium-12 small-12 large-6\"  >\n\t\t\t\t<div class=\"col-inner\"  >\n\t\t\t\n\t\t\t\n<h2>Compl\u00e9ments facultatifs pour les produits WooCommerce<\/h2>\n<p>Le plugin WooCommerce Product Accessories permet aux propri\u00e9taires de magasins de r\u00e9aliser des ventes crois\u00e9es sur une vari\u00e9t\u00e9 d&#8217;articles autrement s\u00e9par\u00e9s. Plus pr\u00e9cis\u00e9ment, en recommandant des articles qui peuvent compl\u00e9ter les achats de produits des parents. Les accessoires facultatifs les plus courants sont donc les \u00e9tuis pour smartphones et les p\u00e9riph\u00e9riques d&#8217;appareils \u00e9lectroniques non essentiels.<\/p>\n<ul>\n<li>Dans le back-office du plugin WooCommerce Product Accessories, les propri\u00e9taires de magasins identifient les accessoires facultatifs qui doivent figurer sur les pages des produits parents<\/li>\n<li>Les listes de produits et les paniers d&#8217;achat de WooCommerce pr\u00e9sentent des id\u00e9es d&#8217;accessoires aux consommateurs<\/li>\n<li>Augmentation des possibilit\u00e9s de ventes crois\u00e9es. Plus pr\u00e9cis\u00e9ment, gr\u00e2ce au fait que les acheteurs sont souvent enthousiastes \u00e0 l&#8217;id\u00e9e d&#8217;acheter des produits de la m\u00eame famille (ou d&#8217;une famille apparent\u00e9e)<\/li>\n<\/ul>\n<p>Afin de tirer le meilleur parti de la vente crois\u00e9e avec les accessoires de produits WooCommerce, les accessoires optionnels doivent toujours ajouter de la valeur aux produits parents. Les articles tels que les cartes micro SD doivent, par exemple, toujours \u00eatre associ\u00e9s \u00e0 des appareils \u00e9lectroniques adapt\u00e9s.\t\t<\/div>\n\t\t\t\t\t<\/div>\n\n\t\n\t<div id=\"col-1525543012\" class=\"col medium-12 small-12 large-6\"  >\n\t\t\t\t<div class=\"col-inner text-center\"  >\n\t\t\t\n\t\t\t\t<div class=\"img has-hover x md-x lg-x y md-y lg-y\" id=\"image_2046874371\">\n\t\t\t\t\t\t<div data-animate=\"fadeInRight\">\t\t<div class=\"img-inner box-shadow-2 box-shadow-3-hover dark\" >\n\t\t\t<img loading=\"lazy\" decoding=\"async\" width=\"1020\" height=\"498\" src=\"https:\/\/www.welaunch.io\/fr\/wp-content\/uploads\/sites\/13\/2020\/07\/Optional-product-accessories-1024x500.jpg\" class=\"attachment-large size-large\" alt=\"Optional product accessories\" srcset=\"https:\/\/www.welaunch.io\/fr\/wp-content\/uploads\/sites\/13\/2020\/07\/Optional-product-accessories-1024x500.jpg 1024w, https:\/\/www.welaunch.io\/fr\/wp-content\/uploads\/sites\/13\/2020\/07\/Optional-product-accessories-500x244.jpg 500w, https:\/\/www.welaunch.io\/fr\/wp-content\/uploads\/sites\/13\/2020\/07\/Optional-product-accessories-1000x489.jpg 1000w, https:\/\/www.welaunch.io\/fr\/wp-content\/uploads\/sites\/13\/2020\/07\/Optional-product-accessories-300x147.jpg 300w, https:\/\/www.welaunch.io\/fr\/wp-content\/uploads\/sites\/13\/2020\/07\/Optional-product-accessories-768x375.jpg 768w, https:\/\/www.welaunch.io\/fr\/wp-content\/uploads\/sites\/13\/2020\/07\/Optional-product-accessories-1536x750.jpg 1536w, https:\/\/www.welaunch.io\/fr\/wp-content\/uploads\/sites\/13\/2020\/07\/Optional-product-accessories-2048x1001.jpg 2048w\" sizes=\"auto, (max-width: 1020px) 100vw, 1020px\" \/>\t\t\t\t\t\t\n\t\t\t\t\t<\/div>\n\t\t<\/div>\t\t\t\t\t\t\n<style>\n#image_2046874371 {\n  width: 100%;\n}\n<\/style>\n\t<\/div>\n\t\t\t<\/div>\n\t\t\t\t\t<\/div>\n\n\t<\/div>\t\t<\/div>\n\n\t\t\n<style>\n#section_511702598 {\n  padding-top: 40px;\n  padding-bottom: 40px;\n}\n#section_511702598 .section-bg-overlay {\n  background-color: #3171ee;\n}\n@media (min-width:550px) {\n  #section_511702598 {\n    padding-top: 50px;\n    padding-bottom: 50px;\n  }\n}\n@media (min-width:850px) {\n  #section_511702598 {\n    padding-top: 80px;\n    padding-bottom: 80px;\n  }\n}\n<\/style>\n\t<\/section>\n\t\n\t<section class=\"section\" id=\"section_1804696068\">\n\t\t<div class=\"section-bg fill\" >\n\t\t\t\t\t\t\t\t\t\n\t\t\t\n\n\t\t<\/div>\n\n\t\t\n\n\t\t<div class=\"section-content relative\">\n\t\t\t<div class=\"row align-middle align-center\"  id=\"row-329714678\">\n\t<div id=\"col-1798950699\" class=\"col medium-12 small-12 large-12 medium-col-first\"  >\n\t\t\t\t<div class=\"col-inner\"  >\n\t\t\t\n\t\t\t\n<h2>Mises \u00e0 jour automatiques du panier d&#8217;achat<\/h2>\n<p>Les accessoires optionnels favorisent les ventes crois\u00e9es en encourageant les achats impulsifs. Toutefois, comme pour tout achat impulsif, les consommateurs peuvent changer d&#8217;avis au dernier moment.Avant de confirmer leurs achats sur les pages de paiement du panier, les clients de WooCommerce se voient pr\u00e9senter un aper\u00e7u de l&#8217;ensemble de leur commande. Ici, les acheteurs peuvent retirer les accessoires optionnels sans retirer les produits parents. \u00c0 l&#8217;inverse, les modules compl\u00e9mentaires obligatoires pour les produits WooCommerce seront conserv\u00e9s, \u00e0 moins que les produits parents ne soient supprim\u00e9s des paniers d&#8217;achat.<\/p>\n<ul>\n<li>La mise \u00e0 jour automatique des paniers d&#8217;achat \u00e9vite que les consommateurs n&#8217;ach\u00e8tent accidentellement des accessoires obligatoires lorsque les achats du produit principal sont abandonn\u00e9s<\/li>\n<li>Les accessoires en option peuvent \u00eatre retir\u00e9s individuellement des chariots<\/li>\n<li>Avant d&#8217;atteindre les zones de paiement, les paniers sont mis \u00e0 jour automatiquement, au fur et \u00e0 mesure que les acheteurs s\u00e9lectionnent et d\u00e9s\u00e9lectionnent diff\u00e9rents articles<\/li>\n<\/ul>\n<p>Tout comme les recommandations de personnes en magasin dans la vie r\u00e9elle, les accessoires de produits WooCommerce inspirent des achats suppl\u00e9mentaires et ajoutent de la valeur aux exp\u00e9riences d&#8217;achat. T\u00e9l\u00e9chargez maintenant ou cliquez ici pour voir une d\u00e9monstration en direct.\t<div class=\"img has-hover x md-x lg-x y md-y lg-y\" id=\"image_706272817\">\n\t\t\t\t\t\t<div data-animate=\"fadeInLeft\">\t\t<div class=\"img-inner box-shadow-2 box-shadow-3-hover dark\" >\n\t\t\t<img loading=\"lazy\" decoding=\"async\" width=\"1020\" height=\"306\" src=\"https:\/\/www.welaunch.io\/fr\/wp-content\/uploads\/sites\/13\/2020\/07\/accessories-cart-update-1024x307.png\" class=\"attachment-large size-large\" alt=\"accessories cart update\" srcset=\"https:\/\/www.welaunch.io\/fr\/wp-content\/uploads\/sites\/13\/2020\/07\/accessories-cart-update-1024x307.png 1024w, https:\/\/www.welaunch.io\/fr\/wp-content\/uploads\/sites\/13\/2020\/07\/accessories-cart-update-500x150.png 500w, https:\/\/www.welaunch.io\/fr\/wp-content\/uploads\/sites\/13\/2020\/07\/accessories-cart-update-1000x299.png 1000w, https:\/\/www.welaunch.io\/fr\/wp-content\/uploads\/sites\/13\/2020\/07\/accessories-cart-update-300x90.png 300w, https:\/\/www.welaunch.io\/fr\/wp-content\/uploads\/sites\/13\/2020\/07\/accessories-cart-update-768x230.png 768w, https:\/\/www.welaunch.io\/fr\/wp-content\/uploads\/sites\/13\/2020\/07\/accessories-cart-update-1536x460.png 1536w, https:\/\/www.welaunch.io\/fr\/wp-content\/uploads\/sites\/13\/2020\/07\/accessories-cart-update-2048x613.png 2048w\" sizes=\"auto, (max-width: 1020px) 100vw, 1020px\" \/>\t\t\t\t\t\t\n\t\t\t\t\t<\/div>\n\t\t<\/div>\t\t\t\t\t\t\n<style>\n#image_706272817 {\n  width: 100%;\n}\n<\/style>\n\t<\/div>\n\t\t\t<\/div>\n\t\t\t\t\t<\/div>\n\n\t<\/div>\t\t<\/div>\n\n\t\t\n<style>\n#section_1804696068 {\n  padding-top: 40px;\n  padding-bottom: 40px;\n}\n@media (min-width:550px) {\n  #section_1804696068 {\n    padding-top: 50px;\n    padding-bottom: 50px;\n  }\n}\n@media (min-width:850px) {\n  #section_1804696068 {\n    padding-top: 80px;\n    padding-bottom: 80px;\n  }\n}\n<\/style>\n\t<\/section>\n\t\n\t<section class=\"section dark\" id=\"section_1964078753\">\n\t\t<div class=\"section-bg fill\" >\n\t\t\t\t\t\t\t\t\t<div class=\"section-bg-overlay absolute fill\"><\/div>\n\t\t\t\n\n\t\t<\/div>\n\n\t\t\n\n\t\t<div class=\"section-content relative\">\n\t\t\t<div class=\"row align-middle align-center\"  id=\"row-1510588650\">\n\t<div id=\"col-51378189\" class=\"col medium-12 small-12 large-6\"  >\n\t\t\t\t<div class=\"col-inner\"  >\n\t\t\t\n\t\t\t\n<h2>R\u00e9glages faciles de l&#8217;arri\u00e8re-plan<\/h2>\n<p>Pour ajouter des accessoires obligatoires ou facultatifs dans WooCommerce, il suffit d&#8217;\u00e9diter un produit dans le backend. Ensuite, vous passez \u00e0 &#8220;Produits li\u00e9s&#8221; section. Lorsque vous ouvrez cette section, vous voyez deux nouveaux champs, un pour les accessoires obligatoires et un pour les accessoires facultatifs.Entrez le nom du produit ou le SKU l\u00e0. La recherche en direct interrogera tous vos produits et vous pourrez ensuite s\u00e9lectionner l&#8217;un des articles propos\u00e9s.\t\t<\/div>\n\t\t\t\t\t<\/div>\n\n\t\n\t<div id=\"col-1474850098\" class=\"col medium-12 small-12 large-6\"  >\n\t\t\t\t<div class=\"col-inner text-center\"  >\n\t\t\t\n\t\t\t\t<div class=\"img has-hover x md-x lg-x y md-y lg-y\" id=\"image_877894038\">\n\t\t\t\t\t\t<div data-animate=\"fadeInRight\">\t\t<div class=\"img-inner box-shadow-2 box-shadow-3-hover dark\" >\n\t\t\t<img loading=\"lazy\" decoding=\"async\" width=\"982\" height=\"411\" src=\"https:\/\/www.welaunch.io\/fr\/wp-content\/uploads\/sites\/13\/2020\/07\/woo-accessory-admin-panel.png\" class=\"attachment-large size-large\" alt=\"WooCommerce mange accessories in backend\" srcset=\"https:\/\/www.welaunch.io\/fr\/wp-content\/uploads\/sites\/13\/2020\/07\/woo-accessory-admin-panel.png 982w, https:\/\/www.welaunch.io\/fr\/wp-content\/uploads\/sites\/13\/2020\/07\/woo-accessory-admin-panel-300x126.png 300w, https:\/\/www.welaunch.io\/fr\/wp-content\/uploads\/sites\/13\/2020\/07\/woo-accessory-admin-panel-768x321.png 768w, https:\/\/www.welaunch.io\/fr\/wp-content\/uploads\/sites\/13\/2020\/07\/woo-accessory-admin-panel-500x209.png 500w\" sizes=\"auto, (max-width: 982px) 100vw, 982px\" \/>\t\t\t\t\t\t\n\t\t\t\t\t<\/div>\n\t\t<\/div>\t\t\t\t\t\t\n<style>\n#image_877894038 {\n  width: 100%;\n}\n<\/style>\n\t<\/div>\n\t\t\t<\/div>\n\t\t\t\t\t<\/div>\n\n\t<\/div>\t\t<\/div>\n\n\t\t\n<style>\n#section_1964078753 {\n  padding-top: 40px;\n  padding-bottom: 40px;\n}\n#section_1964078753 .section-bg-overlay {\n  background-color: #3171ee;\n}\n@media (min-width:550px) {\n  #section_1964078753 {\n    padding-top: 50px;\n    padding-bottom: 50px;\n  }\n}\n@media (min-width:850px) {\n  #section_1964078753 {\n    padding-top: 80px;\n    padding-bottom: 80px;\n  }\n}\n<\/style>\n\t<\/section>\n\t\n","protected":false},"excerpt":{"rendered":"<p>Ajoutez des accessoires obligatoires et facultatifs \u00e0 vos produits avec notre plugin WooCommerce. Augmentez vos ventes et proposez des produits suppl\u00e9mentaires.<\/p>\n","protected":false},"featured_media":2633,"comment_status":"open","ping_status":"closed","template":"","meta":{"inline_featured_image":false},"product_brand":[],"product_cat":[43,41],"product_tag":[],"class_list":{"0":"post-4542","1":"product","2":"type-product","3":"status-publish","4":"has-post-thumbnail","6":"product_cat-woocommerce-plugins","7":"product_cat-plugins","9":"first","10":"instock","11":"taxable","12":"shipping-taxable","13":"purchasable","14":"product-type-variable"},"_links":{"self":[{"href":"https:\/\/www.welaunch.io\/fr\/wp-json\/wp\/v2\/product\/4542","targetHints":{"allow":["GET"]}}],"collection":[{"href":"https:\/\/www.welaunch.io\/fr\/wp-json\/wp\/v2\/product"}],"about":[{"href":"https:\/\/www.welaunch.io\/fr\/wp-json\/wp\/v2\/types\/product"}],"replies":[{"embeddable":true,"href":"https:\/\/www.welaunch.io\/fr\/wp-json\/wp\/v2\/comments?post=4542"}],"wp:featuredmedia":[{"embeddable":true,"href":"https:\/\/www.welaunch.io\/fr\/wp-json\/wp\/v2\/media\/2633"}],"wp:attachment":[{"href":"https:\/\/www.welaunch.io\/fr\/wp-json\/wp\/v2\/media?parent=4542"}],"wp:term":[{"taxonomy":"product_brand","embeddable":true,"href":"https:\/\/www.welaunch.io\/fr\/wp-json\/wp\/v2\/product_brand?post=4542"},{"taxonomy":"product_cat","embeddable":true,"href":"https:\/\/www.welaunch.io\/fr\/wp-json\/wp\/v2\/product_cat?post=4542"},{"taxonomy":"product_tag","embeddable":true,"href":"https:\/\/www.welaunch.io\/fr\/wp-json\/wp\/v2\/product_tag?post=4542"}],"curies":[{"name":"wp","href":"https:\/\/api.w.org\/{rel}","templated":true}]}}