{"id":295,"date":"2017-03-07T10:17:07","date_gmt":"2017-03-07T09:17:07","guid":{"rendered":"https:\/\/www.welaunch.io\/fr\/?page_id=295"},"modified":"2022-10-26T15:44:09","modified_gmt":"2022-10-26T13:44:09","slug":"impression","status":"publish","type":"page","link":"https:\/\/www.welaunch.io\/fr\/impression\/","title":{"rendered":"Impression"},"content":{"rendered":"\n\t<section class=\"section\" id=\"section_1894515794\">\n\t\t<div class=\"section-bg fill\" >\n\t\t\t\t\t\t\t\t\t\n\t\t\t\n\n\t\t<\/div>\n\n\t\t\n\n\t\t<div class=\"section-content relative\">\n\t\t\t\n<div class=\"row\"  id=\"row-842024990\">\n\n\t<div id=\"col-1464186822\" class=\"col small-12 large-12\"  >\n\t\t\t\t<div class=\"col-inner\"  >\n\t\t\t\n\t\t\t\n<h1>Impression<\/h1>\n<h4>Informations conform\u00e9ment \u00e0 l&#8217;article 5 TMG<\/h4>\n<p>weLaunch<br \/>Am Biener Esch 8<br \/>49808 Lingen (Ems)<br \/>Deutschland<\/p>\n<p>USt-ID: DE320741735<br \/>VAT-ID: 61\/102\/05552<\/p>\n<h4>Contact<\/h4>\n<p>E-Mail : <span \n                data-original-string='gC36dxKs8WfeAQ7Iaf++uw==e89hqptmEdpVTjtrik\/27E4BkOSmCt+3HFVL+jWEdSnHN0='\n                class='apbct-email-encoder'\n                title='This contact has been encoded by Anti-Spam by CleanTalk. Click to decode. To finish the decoding make sure that JavaScript is enabled in your browser.'>in<span class=\"apbct-blur\">**<\/span>@<span class=\"apbct-blur\">******<\/span>ch.io<\/span><br \/>Website : https:\/\/wwwwelaunch.io<\/p>\n<h2>Avis de non-responsabilit\u00e9<\/h2>\n<p>Responsabilit\u00e9 du contenuLe contenu de nos pages a \u00e9t\u00e9 cr\u00e9\u00e9 avec le plus grand soin Nous ne pouvons toutefois pas garantir l&#8217;exactitude, l&#8217;exhaustivit\u00e9 et l&#8217;actualit\u00e9 de ces contenus Conform\u00e9ment aux dispositions l\u00e9gales, nous sommes en outre responsables de nos propres contenus sur ces pages web Dans ce contexte, nous attirons l&#8217;attention sur le fait que nous ne sommes pas tenus de surveiller uniquement les informations transmises ou enregistr\u00e9es par des tiers, ni d&#8217;enqu\u00eater sur des circonstances indiquant une activit\u00e9 ill\u00e9gale Nos obligations de supprimer ou de bloquer l&#8217;utilisation d&#8217;informations en vertu des lois g\u00e9n\u00e9ralement applicables n&#8217;en sont pas affect\u00e9es, conform\u00e9ment aux \u00a7\u00a7 8 \u00e0 10 de la loi sur les t\u00e9l\u00e9m\u00e9dias (TMG)<\/p>\n<p>Responsabilit\u00e9 des liensLa responsabilit\u00e9 du contenu des liens externes (vers des pages web de tiers) incombe exclusivement aux exploitants des pages li\u00e9es Aucune infraction ne nous a \u00e9t\u00e9 signal\u00e9e au moment de la cr\u00e9ation du lien Si nous avons connaissance d&#8217;une violation du droit, nous supprimerons imm\u00e9diatement le lien concern\u00e9<\/p>\n<p>Droits d&#8217;auteurNos pages Web et leur contenu sont soumis \u00e0 la loi allemande sur les droits d&#8217;auteur Sauf autorisation expresse de la loi (\u00a7 44a et suivants de la loi sur le droit d&#8217;auteur), toute forme d&#8217;utilisation, de reproduction ou de traitement d&#8217;\u0153uvres prot\u00e9g\u00e9es par le droit d&#8217;auteur sur nos pages Web n\u00e9cessite l&#8217;accord pr\u00e9alable du titulaire des droits Les reproductions individuelles d&#8217;une \u0153uvre ne sont autoris\u00e9es que pour un usage priv\u00e9 et ne doivent donc pas servir directement ou indirectement \u00e0 des fins lucratives L&#8217;utilisation non autoris\u00e9e d&#8217;\u0153uvres prot\u00e9g\u00e9es par le droit d&#8217;auteur est punissable (\u00a7 106 de la loi sur le droit d&#8217;auteur)<\/p>\n\t\t<\/div>\n\t\t\t\t\t<\/div>\n\n\t\n<\/div>\n\t\t<\/div>\n\n\t\t\n<style>\n#section_1894515794 {\n  padding-top: 30px;\n  padding-bottom: 30px;\n}\n<\/style>\n\t<\/section>\n\t\n","protected":false},"excerpt":{"rendered":"","protected":false},"author":1,"featured_media":0,"parent":0,"menu_order":0,"comment_status":"closed","ping_status":"closed","template":"","meta":{"inline_featured_image":false,"footnotes":""},"class_list":["post-295","page","type-page","status-publish","hentry"],"_links":{"self":[{"href":"https:\/\/www.welaunch.io\/fr\/wp-json\/wp\/v2\/pages\/295","targetHints":{"allow":["GET"]}}],"collection":[{"href":"https:\/\/www.welaunch.io\/fr\/wp-json\/wp\/v2\/pages"}],"about":[{"href":"https:\/\/www.welaunch.io\/fr\/wp-json\/wp\/v2\/types\/page"}],"author":[{"embeddable":true,"href":"https:\/\/www.welaunch.io\/fr\/wp-json\/wp\/v2\/users\/1"}],"replies":[{"embeddable":true,"href":"https:\/\/www.welaunch.io\/fr\/wp-json\/wp\/v2\/comments?post=295"}],"version-history":[{"count":10,"href":"https:\/\/www.welaunch.io\/fr\/wp-json\/wp\/v2\/pages\/295\/revisions"}],"predecessor-version":[{"id":8642,"href":"https:\/\/www.welaunch.io\/fr\/wp-json\/wp\/v2\/pages\/295\/revisions\/8642"}],"wp:attachment":[{"href":"https:\/\/www.welaunch.io\/fr\/wp-json\/wp\/v2\/media?parent=295"}],"curies":[{"name":"wp","href":"https:\/\/api.w.org\/{rel}","templated":true}]}}