{"id":14,"date":"2017-03-06T11:59:57","date_gmt":"2017-03-06T10:59:57","guid":{"rendered":"https:\/\/www.welaunch.io\/fr\/?page_id=14"},"modified":"2021-11-15T13:37:54","modified_gmt":"2021-11-15T12:37:54","slug":"about-us","status":"publish","type":"page","link":"https:\/\/www.welaunch.io\/fr\/about-us\/","title":{"rendered":"\u00c0 propos de notre agence de marketing"},"content":{"rendered":"\n\t<section class=\"section dark has-scroll-for-more\" id=\"section_967448885\">\n\t\t<div class=\"section-bg fill\" >\n\t\t\t\t\t\t\t\t\t<div class=\"section-bg-overlay absolute fill\"><\/div><button class=\"scroll-for-more z-5 icon absolute bottom h-center\" aria-label=\"Fais d\u00e9filer pour en savoir plus\"><i class=\"icon-angle-down\" aria-hidden=\"true\" style=\"font-size:42px;\"><\/i><\/button>\n\t\t\t\n\n\t\t<\/div>\n\n\t\t\n\n\t\t<div class=\"section-content relative\">\n\t\t\t<div class=\"row\"  id=\"row-1413044745\">\n\t<div id=\"col-397275450\" class=\"col medium-12 small-12 large-6\"  >\n\t\t\t\t<div class=\"col-inner\"  >\n\t\t\t\n\t\t\t\n<h1>Conduite de projets num\u00e9riques depuis 2014<\/h1>\n<p>L&#8217;exp\u00e9rience est ce qui nous rend unique Depuis des ann\u00e9es, nous nous concentrons sur l&#8217;am\u00e9lioration de la strat\u00e9gie num\u00e9rique de nos clients Au cours de ces ann\u00e9es, nous avons beaucoup appris &#8211; tellement que nous pouvons vous aider \u00e0 \u00e9viter de faire les m\u00eames erreurs et \u00e0 \u00e9conomiser du temps et de l&#8217;argent<\/p>\n\t\t<\/div>\n\t\t\t\t\t<\/div>\n\n\t<\/div>\t\t<\/div>\n\n\t\t\n<style>\n#section_967448885 {\n  padding-top: 100px;\n  padding-bottom: 100px;\n}\n#section_967448885 .section-bg-overlay {\n  background-color: #3171ee;\n}\n@media (min-width:550px) {\n  #section_967448885 {\n    padding-top: 140px;\n    padding-bottom: 140px;\n  }\n}\n@media (min-width:850px) {\n  #section_967448885 {\n    padding-top: 180px;\n    padding-bottom: 180px;\n  }\n}\n<\/style>\n\t<\/section>\n\t\n\t<section class=\"section\" id=\"section_1390915576\">\n\t\t<div class=\"section-bg fill\" >\n\t\t\t\t\t\t\t\t\t\n\t\t\t\n\n\t\t<\/div>\n\n\t\t\n\n\t\t<div class=\"section-content relative\">\n\t\t\t<div class=\"row row-solid\"  id=\"row-657891124\">\n\t<div id=\"col-1151959525\" class=\"col medium-4 small-12 large-4\"  >\n\t\t\t\t<div class=\"col-inner text-center\"  >\n\t\t\t\n\t\t\t<a href=\"#introduction\" class=\"button primary is-link\" >\n\t\t<span>Introduction<\/span>\n\t<\/a>\n\t\t<\/div>\n\t\t\t\t\t<\/div>\n\n\t\n\t<div id=\"col-323260437\" class=\"col medium-4 small-12 large-4\"  >\n\t\t\t\t<div class=\"col-inner text-center\"  >\n\t\t\t\n\t\t\t<a href=\"#services\" class=\"button primary is-link\" >\n\t\t<span>Services<\/span>\n\t<\/a>\n\t\t<\/div>\n\t\t\t\t\t<\/div>\n\n\t\n\t<div id=\"col-433200997\" class=\"col medium-4 small-12 large-4\"  >\n\t\t\t\t<div class=\"col-inner text-center\"  >\n\t\t\t\n\t\t\t<a href=\"#testimonials\" class=\"button primary is-link\" >\n\t\t<span>Services<\/span>\n\t<\/a>\n\t\t<\/div>\n\t\t\t\t\t<\/div>\n\n\t\n<style>\n#row-657891124 > .col > .col-inner {\n  padding: 10px 0px 0px 0px;\n}\n<\/style>\n<\/div>\t\t<\/div>\n\n\t\t\n<style>\n#section_1390915576 {\n  padding-top: 30px;\n  padding-bottom: 30px;\n}\n<\/style>\n\t<\/section>\n\t\n\t<section class=\"section\" id=\"section_132602431\">\n\t\t<div class=\"section-bg fill\" >\n\t\t\t\t\t\t\t\t\t\n\t\t\t\n\n\t\t<\/div>\n\n\t\t\n\n\t\t<div class=\"section-content relative\">\n\t\t\t<div class=\"row\"  id=\"row-496030430\">\n\t<div id=\"col-70460145\" class=\"col small-12 large-12\"  >\n\t\t\t\t<div class=\"col-inner\"  >\n\t\t\t\n\t\t\t<div class=\"is-divider divider clearfix\" style=\"max-width:50px;height:2px;background-color:rgb(49, 113, 238);\"><\/div><span class=\"scroll-to\" data-label=\"Scroll to: #introduction\" data-bullet=\"false\" data-link=\"#introduction\" data-title=\"introduction\"><a name=\"introduction\"><\/a><\/span>\n<h2>Nous sommes une agence de marketing num\u00e9rique ax\u00e9e sur le design<\/h2>\n\t\t<\/div>\n\t\t\t\t\t<\/div>\n\n\t<\/div><div class=\"row align-right\"  id=\"row-173914442\">\n\t<div id=\"col-1656364640\" class=\"col medium-6 small-12 large-6\"  >\n\t\t\t\t<div class=\"col-inner\"  >\n\t\t\t\n\t\t\t\n<p>&#8220;Dynamiser votre activit\u00e9 en ligne&#8221; &#8211; tel est notre objectif principal En permanence Peu importe que vous soyez un restaurant \u00e0 la recherche de plus de visiteurs ou que vous poss\u00e9diez une boutique en ligne qui souhaite augmenter ses ventes Nous sommes le partenaire qui vous permettra de dynamiser votre activit\u00e9 gr\u00e2ce aux technologies num\u00e9riques<\/p>\n\t\t<\/div>\n\t\t\t\t\t<\/div>\n\n\t\n\t<div id=\"col-235001847\" class=\"col medium-6 small-12 large-6\"  >\n\t\t\t\t<div class=\"col-inner text-center\"  >\n\t\t\t\n\t\t\t\n<p><img decoding=\"async\" style=\"margin-right: 5px;\" title=\"Niveau d'auteur 9\" src=\"https:\/\/www.welaunch.io\/en\/wp-content\/uploads\/sites\/8\/2020\/06\/Weekly-Top-Seller.svg\" alt=\"Niveau d'auteur 9\" width=\"50px\" \/><img decoding=\"async\" style=\"margin-right: 5px;\" title=\"Meilleure vente de la semaine\" src=\"https:\/\/www.welaunch.io\/en\/wp-content\/uploads\/sites\/8\/2020\/06\/Had-trendsetting-item.svg\" alt=\"Meilleure vente de la semaine\" width=\"50px\" \/><img decoding=\"async\" style=\"margin-right: 5px;\" title=\"Avait \u00e9t\u00e9 un \u00e9l\u00e9ment de tendance\" src=\"https:\/\/www.welaunch.io\/en\/wp-content\/uploads\/sites\/8\/2020\/06\/Monthly-Top-Author.svg\" alt=\"Avait \u00e9t\u00e9 un \u00e9l\u00e9ment de tendance\" width=\"50px\" \/><img decoding=\"async\" style=\"margin-right: 5px;\" title=\"Meilleur auteur du mois\" src=\"https:\/\/www.welaunch.io\/en\/wp-content\/uploads\/sites\/8\/2020\/06\/German-Quality.svg\" alt=\"Meilleur auteur du mois\" width=\"50px\" \/><img decoding=\"async\" style=\"margin-right: 5px;\" title=\"Qualit\u00e9 allemande\" src=\"https:\/\/www.welaunch.io\/en\/wp-content\/uploads\/sites\/8\/2020\/06\/Featured-Author.svg\" alt=\"Qualit\u00e9 allemande\" width=\"50px\" \/><img decoding=\"async\" style=\"margin-right: 5px;\" title=\"Auteur vedette\" src=\"https:\/\/www.welaunch.io\/en\/wp-content\/uploads\/sites\/8\/2020\/06\/Exclusive-Author.svg\" alt=\"Auteur vedette\" width=\"50px\" \/><img decoding=\"async\" style=\"margin-right: 5px;\" title=\"Auteur exclusif\" src=\"https:\/\/www.welaunch.io\/en\/wp-content\/uploads\/sites\/8\/2020\/06\/Envato-Elite-Author.svg\" alt=\"Auteur exclusif\" width=\"50px\" \/><img decoding=\"async\" style=\"margin-right: 5px;\" title=\"Envato Elite Auteur\" src=\"https:\/\/www.welaunch.io\/en\/wp-content\/uploads\/sites\/8\/2020\/06\/Author-Level-9.svg\" alt=\"Envato Elite Auteur\" width=\"50px\" \/><\/p>\n<a href=\"https:\/\/codecanyon.net\/user\/welaunch\/portfolio\" target=\"_blank\" class=\"button primary is-link is-smaller\" rel=\"noopener\">\n\t\t<span>Visitez notre portefeuille CodeCanyon<\/span>\n\t<\/a>\n\t\t<\/div>\n\t\t\t\t\t<\/div>\n\n\t<\/div>\t\t<\/div>\n\n\t\t\n<style>\n#section_132602431 {\n  padding-top: 0px;\n  padding-bottom: 0px;\n}\n<\/style>\n\t<\/section>\n\t\n\t<section class=\"section has-scroll-for-more\" id=\"section_2123251527\">\n\t\t<div class=\"section-bg fill\" >\n\t\t\t\t\t\t\t\t\t<button class=\"scroll-for-more z-5 icon absolute bottom h-center\" aria-label=\"Fais d\u00e9filer pour en savoir plus\"><i class=\"icon-angle-down\" aria-hidden=\"true\" style=\"font-size:42px;\"><\/i><\/button>\n\t\t\t\n\n\t\t<\/div>\n\n\t\t\n\n\t\t<div class=\"section-content relative\">\n\t\t\t<div class=\"row row-solid\"  id=\"row-1103709301\">\n\t<div id=\"col-2104971041\" class=\"col medium-4 small-12 large-4\"  >\n\t\t\t\t<div class=\"col-inner text-center\"  >\n\t\t\t\n\t\t\t\n<h2 style=\"font-size: 200%;margin-bottom:0;\">+40<\/h2>\n<p>Websites developed<span style=\"font-size: 75%;\">(and 30+ Happy Customers)<\/span><\/p>\n\t\t<\/div>\n\t\t\t\t\t<\/div>\n\n\t\n\t<div id=\"col-2143216600\" class=\"col medium-4 small-12 large-4\"  >\n\t\t\t\t<div class=\"col-inner text-center\"  >\n\t\t\t\n\t\t\t\n<h2 style=\"font-size: 200%;margin-bottom:0;\">+14.000<\/h2>\n<p>Plugins Sold<span style=\"font-size: 75%;\">(based on 38 Plugins on CodeCanyon)<\/span><\/p>\n\t\t<\/div>\n\t\t\t\t\t<\/div>\n\n\t\n\t<div id=\"col-1737311783\" class=\"col medium-4 small-12 large-4\"  >\n\t\t\t\t<div class=\"col-inner text-center\"  >\n\t\t\t\n\t\t\t\n<h2 style=\"font-size: 200%;margin-bottom:0;\">4.84\/5<\/h2>\n<p>Average Rating <span style=\"font-size: 75%;\">(based on 398 ratings)<\/span><\/p>\n\t\t<\/div>\n\t\t\t\t\t<\/div>\n\n\t<\/div>\t\t<\/div>\n\n\t\t\n<style>\n#section_2123251527 {\n  padding-top: 60px;\n  padding-bottom: 60px;\n}\n<\/style>\n\t<\/section>\n\t\n\t<section class=\"section dark\" id=\"section_76403535\">\n\t\t<div class=\"section-bg fill\" >\n\t\t\t\t\t\t\t\t\t<div class=\"section-bg-overlay absolute fill\"><\/div>\n\t\t\t\n\n\t\t<\/div>\n\n\t\t\n\n\t\t<div class=\"section-content relative\">\n\t\t\t<div class=\"row\"  id=\"row-1898241598\">\n\t<div id=\"col-56122323\" class=\"col small-12 large-12\"  >\n\t\t\t\t<div class=\"col-inner text-left\"  >\n\t\t\t\n\t\t\t<span class=\"scroll-to\" data-label=\"Scroll to: #services\" data-bullet=\"false\" data-link=\"#services\" data-title=\"services\"><a name=\"services\"><\/a><\/span><div class=\"is-divider divider clearfix\" style=\"max-width:50px;height:2px;background-color:rgb(255, 255, 255);\"><\/div>\n<h2>Ce que nous faisons<\/h2>\n\t\t<\/div>\n\t\t\t\t\t<\/div>\n\n\t<\/div><div class=\"row\"  id=\"row-52932502\">\n\t<div id=\"col-781547966\" class=\"col medium-6 small-12 large-6\"  >\n\t\t\t\t<div class=\"col-inner\"  >\n\t\t\t\n\t\t\t<div class=\"container section-title-container\" style=\"margin-top:5px;margin-bottom:5px;\"><h3 class=\"section-title section-title-normal\"><b aria-hidden=\"true\"><\/b><span class=\"section-title-main\" style=\"font-size:80%;color:rgb(247, 247, 247);\">01 - Services num\u00e9riques<\/span><b aria-hidden=\"true\"><\/b><\/h3><\/div>\n<p>Une boutique en ligne sans trafic ni ventes est inutile Nous nous occupons de votre strat\u00e9gie de publicit\u00e9 num\u00e9rique Ensemble avec Google Ads (SEA), Social Media Marketing Facebook &#038; Instagram<\/p>\n<a href=\"https:\/\/www.welaunch.io\/en\/services\/\" class=\"button white is-link\">\n\t\t<span>Explorer les services<\/span>\n\t<\/a>\n\t\t<\/div>\n\t\t\t\t\t<\/div>\n\n\t\n\t<div id=\"col-702044883\" class=\"col medium-12 small-12 large-6\"  >\n\t\t\t\t<div class=\"col-inner\"  >\n\t\t\t\n\t\t\t<div class=\"container section-title-container\" style=\"margin-top:5px;margin-bottom:5px;\"><h3 class=\"section-title section-title-normal\"><b aria-hidden=\"true\"><\/b><span class=\"section-title-main\" style=\"font-size:80%;color:rgb(247, 247, 247);\">02 - Plugins WP et WooCommerce<\/span><b aria-hidden=\"true\"><\/b><\/h3><\/div>\n<p>Depuis plus de 10 ans, nous cr\u00e9ons des plugins et des sites web WordPress et WooCommerce avec passion Notre portfolio comprend plus de 20 plugins WooCommerce et plus de 10 plugins WordPress<\/p>\n<a href=\"https:\/\/www.welaunch.io\/en\/shop\/plugins\/\" class=\"button white is-link\">\n\t\t<span>Explorer les plugins<\/span>\n\t<\/a>\n\t\t<\/div>\n\t\t\t\t\t<\/div>\n\n\t<\/div>\t\t<\/div>\n\n\t\t\n<style>\n#section_76403535 {\n  padding-top: 80px;\n  padding-bottom: 80px;\n  background-color: rgb(247, 245, 244);\n}\n#section_76403535 .section-bg-overlay {\n  background-color: #3171ee;\n}\n<\/style>\n\t<\/section>\n\t\n\t<section class=\"section\" id=\"section_784978411\">\n\t\t<div class=\"section-bg fill\" >\n\t\t\t\t\t\t\t\t\t\n\t\t\t\n\n\t\t<\/div>\n\n\t\t\n\n\t\t<div class=\"section-content relative\">\n\t\t\t<div class=\"row\"  id=\"row-1780862854\">\n\t<div id=\"col-826508757\" class=\"col small-12 large-12\"  >\n\t\t\t\t<div class=\"col-inner\"  >\n\t\t\t\n\t\t\t<div class=\"is-divider divider clearfix\" style=\"max-width:50px;height:2px;background-color:rgb(49, 113, 238);\"><\/div><span class=\"scroll-to\" data-label=\"Scroll to: #services\" data-bullet=\"false\" data-link=\"#services\" data-title=\"services\"><a name=\"services\"><\/a><\/span>\n<h2>Commentaires des clients<\/h2>\n\t\t<\/div>\n\t\t\t\t\t<\/div>\n\n\t<\/div>\t<div id=\"gap-1894023584\" class=\"gap-element clearfix\" style=\"display:block; height:auto;\">\n\t\t\n<style>\n#gap-1894023584 {\n  padding-top: 60px;\n}\n<\/style>\n\t<\/div>\n\t<div class=\"row align-center\"  id=\"row-1209934241\">\n\t<div id=\"col-1557466419\" class=\"col medium-4 small-12 large-4\"  >\n\t\t\t\t<div class=\"col-inner\" style=\"background-color:rgb(255, 255, 255);\" >\n\t\t\t\n\t\t\t  <div class=\"icon-box testimonial-box icon-box-center text-center\">\n                <div class=\"icon-box-img testimonial-image circle\" style=\"width: 80px\">\n              <img loading=\"lazy\" decoding=\"async\" width=\"150\" height=\"150\" src=\"https:\/\/www.welaunch.io\/fr\/wp-content\/uploads\/sites\/13\/2020\/06\/Pingel_Kalle_-8321r_web-800x534-1-150x150.jpg\" class=\"attachment-thumbnail size-thumbnail\" alt=\"Kalle Pingel - funeral service Lingen\" srcset=\"https:\/\/www.welaunch.io\/fr\/wp-content\/uploads\/sites\/13\/2020\/06\/Pingel_Kalle_-8321r_web-800x534-1-150x150.jpg 150w, https:\/\/www.welaunch.io\/fr\/wp-content\/uploads\/sites\/13\/2020\/06\/Pingel_Kalle_-8321r_web-800x534-1-100x100.jpg 100w\" sizes=\"auto, (max-width: 150px) 100vw, 150px\" \/>        <\/div>\n                <div class=\"icon-box-text p-last-0\">\n          <div class=\"star-rating\" role=\"img\" aria-label=\"Rated 5 out of 5\"><span style=\"width:100%\"><strong class=\"rating\"><\/strong><\/span><\/div>  \t\t\t\t<div class=\"testimonial-text line-height-small italic test_text first-reset last-reset is-italic\">\n            \n<h3>Une agence sur laquelle vous pouvez compter<\/h3>\n<p>En tant que soci\u00e9t\u00e9 de services fun\u00e9raires, nous avons une relation \u00e0 long terme avec weLaunch Pour nous, il s&#8217;agit d&#8217;une agence de marketing \u00e0 laquelle vous pouvez faire confiance et sur laquelle vous pouvez compter<\/p>\n<h5>Karl-Hermann Pingel &#8211; Fun\u00e9raire Pingel<\/h5>\n          <\/div>\n          <div class=\"testimonial-meta pt-half\">\n             <strong class=\"testimonial-name test_name\"><\/strong>\n                          <span class=\"testimonial-company test_company\"><\/span>\n          <\/div>\n        <\/div>\n  <\/div>\n\n  \t\t<\/div>\n\t\t\t\t\t<\/div>\n\n\t\n\t<div id=\"col-233432375\" class=\"col medium-4 small-12 large-4\"  >\n\t\t\t\t<div class=\"col-inner\" style=\"background-color:rgb(255, 255, 255);\" >\n\t\t\t\n\t\t\t  <div class=\"icon-box testimonial-box icon-box-center text-center\">\n                <div class=\"icon-box-img testimonial-image circle\" style=\"width: 80px\">\n              <img loading=\"lazy\" decoding=\"async\" width=\"150\" height=\"150\" src=\"https:\/\/www.welaunch.io\/fr\/wp-content\/uploads\/sites\/13\/2020\/06\/17426144_10155017563383257_8343296751971916844_n-150x150.jpg\" class=\"attachment-thumbnail size-thumbnail\" alt=\"Rainer Appel\" srcset=\"https:\/\/www.welaunch.io\/fr\/wp-content\/uploads\/sites\/13\/2020\/06\/17426144_10155017563383257_8343296751971916844_n-150x150.jpg 150w, https:\/\/www.welaunch.io\/fr\/wp-content\/uploads\/sites\/13\/2020\/06\/17426144_10155017563383257_8343296751971916844_n-100x100.jpg 100w, https:\/\/www.welaunch.io\/fr\/wp-content\/uploads\/sites\/13\/2020\/06\/17426144_10155017563383257_8343296751971916844_n-300x300.jpg 300w, https:\/\/www.welaunch.io\/fr\/wp-content\/uploads\/sites\/13\/2020\/06\/17426144_10155017563383257_8343296751971916844_n-200x200.jpg 200w, https:\/\/www.welaunch.io\/fr\/wp-content\/uploads\/sites\/13\/2020\/06\/17426144_10155017563383257_8343296751971916844_n.jpg 320w\" sizes=\"auto, (max-width: 150px) 100vw, 150px\" \/>        <\/div>\n                <div class=\"icon-box-text p-last-0\">\n          <div class=\"star-rating\" role=\"img\" aria-label=\"Rated 5 out of 5\"><span style=\"width:100%\"><strong class=\"rating\"><\/strong><\/span><\/div>  \t\t\t\t<div class=\"testimonial-text line-height-small italic test_text first-reset last-reset is-italic\">\n            \n<h3>Assistance professionnelle aux boutiques en ligne<\/h3>\n<p>Notre boutique en ligne WooCommerce sindibaba est soutenue par weLaunch depuis quelques ann\u00e9es maintenant Depuis, nous avons eu le meilleur mois de vente B2C en mai 2020<\/p>\n<h5>Rainer Appel &#8211; Sindibaba<\/h5>\n          <\/div>\n          <div class=\"testimonial-meta pt-half\">\n             <strong class=\"testimonial-name test_name\"><\/strong>\n                          <span class=\"testimonial-company test_company\"><\/span>\n          <\/div>\n        <\/div>\n  <\/div>\n\n  \t\t<\/div>\n\t\t\t\t\t<\/div>\n\n\t\n\t<div id=\"col-111726740\" class=\"col medium-4 small-12 large-4\"  >\n\t\t\t\t<div class=\"col-inner\" style=\"background-color:rgb(255, 255, 255);\" >\n\t\t\t\n\t\t\t  <div class=\"icon-box testimonial-box icon-box-center text-center\">\n                <div class=\"icon-box-img testimonial-image circle\" style=\"width: 80px\">\n              <img loading=\"lazy\" decoding=\"async\" width=\"150\" height=\"150\" src=\"https:\/\/www.welaunch.io\/fr\/wp-content\/uploads\/sites\/13\/2020\/07\/Melanie-Moxhet-150x150.jpg\" class=\"attachment-thumbnail size-thumbnail\" alt=\"Melanie Moxhet\" srcset=\"https:\/\/www.welaunch.io\/fr\/wp-content\/uploads\/sites\/13\/2020\/07\/Melanie-Moxhet-150x150.jpg 150w, https:\/\/www.welaunch.io\/fr\/wp-content\/uploads\/sites\/13\/2020\/07\/Melanie-Moxhet-100x100.jpg 100w, https:\/\/www.welaunch.io\/fr\/wp-content\/uploads\/sites\/13\/2020\/07\/Melanie-Moxhet.jpg 200w\" sizes=\"auto, (max-width: 150px) 100vw, 150px\" \/>        <\/div>\n                <div class=\"icon-box-text p-last-0\">\n          <div class=\"star-rating\" role=\"img\" aria-label=\"Rated 5 out of 5\"><span style=\"width:100%\"><strong class=\"rating\"><\/strong><\/span><\/div>  \t\t\t\t<div class=\"testimonial-text line-height-small italic test_text first-reset last-reset is-italic\">\n            \n<h3>Masters WordPress<\/h3>\n<p>Ce fut un plaisir de travailler avec weLaunch lors de la refonte de notre site web de B Medical Systems Des discussions difficiles, mais nous avons toujours trouv\u00e9 une solution<\/p>\n<h5>Melanie Moxhet &#8211; B Medical Systems<\/h5>\n          <\/div>\n          <div class=\"testimonial-meta pt-half\">\n             <strong class=\"testimonial-name test_name\"><\/strong>\n                          <span class=\"testimonial-company test_company\"><\/span>\n          <\/div>\n        <\/div>\n  <\/div>\n\n  \t\t<\/div>\n\t\t\t\t\t<\/div>\n\n\t\n\t<div id=\"col-1946531467\" class=\"col \/en\/portfolio\/ small-12 large-12\"  >\n\t\t\t\t<div class=\"col-inner text-center\"  >\n\t\t\t\n\t\t\t<a href=\"https:\/\/www.welaunch.io\/en\/portfolio\/\" class=\"button primary is-link\">\n\t\t<span>Explorer le portefeuille<\/span>\n\t<\/a>\n\t\t<\/div>\n\t\t\t\t\t<\/div>\n\n\t<\/div>\t\t<\/div>\n\n\t\t\n<style>\n#section_784978411 {\n  padding-top: 80px;\n  padding-bottom: 80px;\n}\n<\/style>\n\t<\/section>\n\t\n\t<section class=\"section dark\" id=\"section_169238153\">\n\t\t<div class=\"section-bg fill\" >\n\t\t\t\t\t\t\t\t\t<div class=\"section-bg-overlay absolute fill\"><\/div>\n\t\t\t\n\n\t\t<\/div>\n\n\t\t\n\n\t\t<div class=\"section-content relative\">\n\t\t\t<div class=\"row row-collapse align-center\"  id=\"row-1929899188\">\n\t<div id=\"col-1501529299\" class=\"col medium-7 small-10 large-10\"  >\n\t\t\t\t<div class=\"col-inner text-center\"  >\n\t\t\t\n\t\t\t\n<h2 style=\"font-size: 400%; line-height: 130%;\">Notre MISSION est d&#8217;augmenter vos ventes en ligne<\/h2>\n\t\t<\/div>\n\t\t\t\t\t<\/div>\n\n\t<\/div>\t\t<\/div>\n\n\t\t\n<style>\n#section_169238153 {\n  padding-top: 80px;\n  padding-bottom: 80px;\n  background-color: rgb(247, 245, 244);\n}\n#section_169238153 .section-bg-overlay {\n  background-color: #3171ee;\n}\n<\/style>\n\t<\/section>\n\t\n","protected":false},"excerpt":{"rendered":"","protected":false},"author":1,"featured_media":0,"parent":0,"menu_order":0,"comment_status":"closed","ping_status":"closed","template":"","meta":{"inline_featured_image":false,"footnotes":""},"class_list":["post-14","page","type-page","status-publish","hentry"],"_links":{"self":[{"href":"https:\/\/www.welaunch.io\/fr\/wp-json\/wp\/v2\/pages\/14","targetHints":{"allow":["GET"]}}],"collection":[{"href":"https:\/\/www.welaunch.io\/fr\/wp-json\/wp\/v2\/pages"}],"about":[{"href":"https:\/\/www.welaunch.io\/fr\/wp-json\/wp\/v2\/types\/page"}],"author":[{"embeddable":true,"href":"https:\/\/www.welaunch.io\/fr\/wp-json\/wp\/v2\/users\/1"}],"replies":[{"embeddable":true,"href":"https:\/\/www.welaunch.io\/fr\/wp-json\/wp\/v2\/comments?post=14"}],"version-history":[{"count":10,"href":"https:\/\/www.welaunch.io\/fr\/wp-json\/wp\/v2\/pages\/14\/revisions"}],"predecessor-version":[{"id":8609,"href":"https:\/\/www.welaunch.io\/fr\/wp-json\/wp\/v2\/pages\/14\/revisions\/8609"}],"wp:attachment":[{"href":"https:\/\/www.welaunch.io\/fr\/wp-json\/wp\/v2\/media?parent=14"}],"curies":[{"name":"wp","href":"https:\/\/api.w.org\/{rel}","templated":true}]}}