{"id":7771,"date":"2021-02-12T11:23:33","date_gmt":"2021-02-12T10:23:33","guid":{"rendered":"https:\/\/www.welaunch.io\/es\/?post_type=product&#038;p=7771"},"modified":"2025-08-28T13:17:42","modified_gmt":"2025-08-28T11:17:42","slug":"woocommerce-shop-look","status":"publish","type":"product","link":"https:\/\/www.welaunch.io\/es\/product\/woocommerce-shop-look\/","title":{"rendered":"WooCommerce completa el look"},"content":{"rendered":"\n\t<section class=\"section\" id=\"section_1274734260\">\n\t\t<div class=\"section-bg fill\" >\n\t\t\t\t\t\t\t\t\t\n\t\t\t\n\n\t\t<\/div>\n\n\t\t\n\n\t\t<div class=\"section-content relative\">\n\t\t\t<div class=\"row row-solid\"  id=\"row-1849221246\">\n\t<div id=\"col-2122099204\" class=\"col medium-4 small-12 large-4\"  >\n\t\t\t\t<div class=\"col-inner text-center\"  >\n\t\t\t\n\t\t\t\n\t\t<div class=\"icon-box featured-box icon-box-center text-center\"  >\n\t\t\t\t\t<div class=\"icon-box-img\" style=\"width: 69px\">\n\t\t\t\t<div class=\"icon\">\n\t\t\t\t\t<div class=\"icon-inner\" style=\"color:rgb(101, 28, 255);\">\n\t\t\t\t\t\t<svg xmlns=\"http:\/\/www.w3.org\/2000\/svg\" viewBox=\"0 0 24 24\"><path d=\"M3.172,22.561A1,1,0,0,0,4,23H20a1,1,0,0,0,.929-1.372l-3.373-8.421A11.013,11.013,0,0,0,19,8V2a1,1,0,0,0-2,0V4.885a8.1,8.1,0,0,0-3-.44,2.882,2.882,0,0,0-2,1.2,2.882,2.882,0,0,0-2-1.2,8.1,8.1,0,0,0-3,.44V2A1,1,0,0,0,5,2V8a11.013,11.013,0,0,0,1.444,5.207L3.071,21.628A1,1,0,0,0,3.172,22.561Zm5.361-9.189A1,1,0,0,0,8.207,12.2C7.7,11.819,7,9.385,7,8c0-.91.215-1.555,2.92-1.566.28.111.97,1.077,1.577,1.43a1,1,0,0,0,1.006,0c.682-.4,1.155-1.166,1.5-1.419,2.785,0,3,.645,3,1.555,0,1.385-.7,3.819-1.207,4.2a1,1,0,0,0-.326,1.171L18.522,21H5.478Z\"\/><\/svg>\t\t\t\t\t<\/div>\n\t\t\t\t<\/div>\n\t\t\t<\/div>\n\t\t\t\t<div class=\"icon-box-text last-reset\">\n\t\t\t<h5 class=\"uppercase\">Compra el look<\/h5>\t\t\t\t\t\t\n<p>Cree productos para la tienda en WooCommerce y venda conjuntos completos con facilidad<\/p>\n\t\t<\/div>\n\t<\/div>\n\t\n\t\t\t<\/div>\n\t\t\t\t\t<\/div>\n\n\t\n\t<div id=\"col-1543676422\" class=\"col medium-4 small-12 large-4\"  >\n\t\t\t\t<div class=\"col-inner\"  >\n\t\t\t\n\t\t\t\n\t\t<div class=\"icon-box featured-box icon-box-center text-center\"  >\n\t\t\t\t\t<div class=\"icon-box-img\" style=\"width: 71px\">\n\t\t\t\t<div class=\"icon\">\n\t\t\t\t\t<div class=\"icon-inner\" style=\"color:rgb(101, 28, 255);\">\n\t\t\t\t\t\t<svg xmlns=\"http:\/\/www.w3.org\/2000\/svg\" viewBox=\"0 0 576 512\"><path d=\"M551.991 64H129.28l-8.329-44.423C118.822 8.226 108.911 0 97.362 0H12C5.373 0 0 5.373 0 12v8c0 6.627 5.373 12 12 12h78.72l69.927 372.946C150.305 416.314 144 431.42 144 448c0 35.346 28.654 64 64 64s64-28.654 64-64a63.681 63.681 0 0 0-8.583-32h145.167a63.681 63.681 0 0 0-8.583 32c0 35.346 28.654 64 64 64 35.346 0 64-28.654 64-64 0-17.993-7.435-34.24-19.388-45.868C506.022 391.891 496.76 384 485.328 384H189.28l-12-64h331.381c11.368 0 21.177-7.976 23.496-19.105l43.331-208C578.592 77.991 567.215 64 551.991 64zM464 416c17.645 0 32 14.355 32 32s-14.355 32-32 32-32-14.355-32-32 14.355-32 32-32zm-256 0c17.645 0 32 14.355 32 32s-14.355 32-32 32-32-14.355-32-32 14.355-32 32-32zm294.156-128H171.28l-36-192h406.876l-40 192zM272 196v-8c0-6.627 5.373-12 12-12h36v-36c0-6.627 5.373-12 12-12h8c6.627 0 12 5.373 12 12v36h36c6.627 0 12 5.373 12 12v8c0 6.627-5.373 12-12 12h-36v36c0 6.627-5.373 12-12 12h-8c-6.627 0-12-5.373-12-12v-36h-36c-6.627 0-12-5.373-12-12z\"\/><\/svg>\t\t\t\t\t<\/div>\n\t\t\t\t<\/div>\n\t\t\t<\/div>\n\t\t\t\t<div class=\"icon-box-text last-reset\">\n\t\t\t<h5 class=\"uppercase\">AJAX a\u00f1adir a la cesta<\/h5>\t\t\t\t\t\t\n<p>Agregue uno o todos los productos al carrito mediante la funcionalidad AJAX en vivo<\/p>\n\t\t<\/div>\n\t<\/div>\n\t\n\t\t\t<\/div>\n\t\t\t\t\t<\/div>\n\n\t\n\t<div id=\"col-726107932\" class=\"col medium-4 small-12 large-4\"  >\n\t\t\t\t<div class=\"col-inner\"  >\n\t\t\t\n\t\t\t\n\t\t<div class=\"icon-box featured-box icon-box-center text-center\"  >\n\t\t\t\t\t<div class=\"icon-box-img\" style=\"width: 79px\">\n\t\t\t\t<div class=\"icon\">\n\t\t\t\t\t<div class=\"icon-inner\" style=\"color:rgb(101, 28, 255);\">\n\t\t\t\t\t\t<svg xmlns=\"http:\/\/www.w3.org\/2000\/svg\" viewBox=\"0 0 640 512\"><path d=\"M624 224H480V16c0-8.8-7.2-16-16-16H176c-8.8 0-16 7.2-16 16v208H16c-8.8 0-16 7.2-16 16v256c0 8.8 7.2 16 16 16h608c8.8 0 16-7.2 16-16V240c0-8.8-7.2-16-16-16zm-176 32h64v62.3l-32-10.7-32 10.7V256zM352 32v62.3l-32-10.7-32 10.7V32h64zm-160 0h64v106.7l64-21.3 64 21.3V32h64v192H192V32zm0 224v62.3l-32-10.7-32 10.7V256h64zm-160 0h64v106.7l64-21.3 64 21.3V256h80v224H32V256zm576 224H336V256h80v106.7l64-21.3 64 21.3V256h64v224z\"\/><\/svg>\t\t\t\t\t<\/div>\n\t\t\t\t<\/div>\n\t\t\t<\/div>\n\t\t\t\t<div class=\"icon-box-text last-reset\">\n\t\t\t<h5 class=\"uppercase\">Apoyo a las variaciones<\/h5>\t\t\t\t\t\t\n<p>Las variables y sus productos de variaci\u00f3n, por ejemplo, tama\u00f1o + color, est\u00e1n bien soportados<\/p>\n\t\t<\/div>\n\t<\/div>\n\t\n\t\t\t<\/div>\n\t\t\t\t\t<\/div>\n\n\t<\/div>\t\t<\/div>\n\n\t\t\n<style>\n#section_1274734260 {\n  padding-top: 30px;\n  padding-bottom: 30px;\n}\n<\/style>\n\t<\/section>\n\t\n\t<section class=\"section dark\" id=\"section_1782557460\">\n\t\t<div class=\"section-bg fill\" >\n\t\t\t\t\t\t\t\t\t<div class=\"section-bg-overlay absolute fill\"><\/div>\n\t\t\t\n\n\t\t<\/div>\n\n\t\t\n\n\t\t<div class=\"section-content relative\">\n\t\t\t<div class=\"row align-middle align-center\"  id=\"row-1372795083\">\n\t<div id=\"col-2081124674\" class=\"col medium-12 small-12 large-6\"  >\n\t\t\t\t<div class=\"col-inner\"  >\n\t\t\t\n\t\t\t\n<h2>Escaparate de Lookbooks comprables<\/h2>\n<p>Zalando y muchas otras grandes marcas de moda, as\u00ed como tiendas de muebles, venden lookbooks para comprar Util\u00edzalo como inspiraci\u00f3n para tus clientes Cuando vean un look que les guste, ya sea un conjunto de comedor o de mujer, querr\u00e1n comprarlo<\/p>\n<p>En lugar de mostrar una lista de 5 productos, cree un conjunto de look de tienda que contenga estos 5 productos y v\u00e9ndalo todo en un solo lote A los clientes les encanta ver c\u00f3mo queda la ropa o los productos en general en directo \u00a1Aprovecha esta ventaja<\/p>\n<a href=\"https:\/\/demos.welaunch.io\/woocommerce-shop-look\/\" target=\"_blank\" class=\"button white is-link\" rel=\"noopener\">\n\t\t<span>Ver demostraci\u00f3n<\/span>\n\t<\/a>\n\t\t<\/div>\n\t\t\t\t\t<\/div>\n\n\t\n\t<div id=\"col-794529689\" class=\"col medium-12 small-12 large-6\"  >\n\t\t\t\t<div class=\"col-inner text-center\"  >\n\t\t\t\n\t\t\t<div class=\"video video-fit mb box-shadow-2 box-shadow-3-hover\" style=\"padding-top:56.25%;\"><p><iframe title=\"WooCommere Shop the Look\" width=\"1020\" height=\"574\" src=\"https:\/\/www.youtube.com\/embed\/EZl8VbHjejc?feature=oembed\" frameborder=\"0\" allow=\"accelerometer; autoplay; clipboard-write; encrypted-media; gyroscope; picture-in-picture\" allowfullscreen><\/iframe><\/p>\n<\/div>\t\t<\/div>\n\t\t\t\t\t<\/div>\n\n\t<\/div>\t\t<\/div>\n\n\t\t\n<style>\n#section_1782557460 {\n  padding-top: 40px;\n  padding-bottom: 40px;\n}\n#section_1782557460 .section-bg-overlay {\n  background-color: rgb(49, 113, 238);\n}\n@media (min-width:550px) {\n  #section_1782557460 {\n    padding-top: 50px;\n    padding-bottom: 50px;\n  }\n}\n@media (min-width:850px) {\n  #section_1782557460 {\n    padding-top: 80px;\n    padding-bottom: 80px;\n  }\n}\n<\/style>\n\t<\/section>\n\t\n\t<section class=\"section\" id=\"section_1062453370\">\n\t\t<div class=\"section-bg fill\" >\n\t\t\t\t\t\t\t\t\t\n\t\t\t\n\n\t\t<\/div>\n\n\t\t\n\n\t\t<div class=\"section-content relative\">\n\t\t\t<div class=\"row align-middle align-center\"  id=\"row-750182700\">\n\t<div id=\"col-1171785451\" class=\"col medium-12 small-12 large-6\"  >\n\t\t\t\t<div class=\"col-inner text-center\"  >\n\t\t\t\n\t\t\t\t<div class=\"img has-hover x md-x lg-x y md-y lg-y\" id=\"image_1155406076\">\n\t\t\t\t\t\t<div data-animate=\"fadeInLeft\">\t\t<div class=\"img-inner box-shadow-2 box-shadow-3-hover dark\" >\n\t\t\t<img loading=\"lazy\" decoding=\"async\" width=\"1020\" height=\"788\" src=\"https:\/\/www.welaunch.io\/es\/wp-content\/uploads\/sites\/12\/2021\/02\/complete-the-look-example-1024x791.png\" class=\"attachment-large size-large\" alt=\"complete the look example\" srcset=\"https:\/\/www.welaunch.io\/es\/wp-content\/uploads\/sites\/12\/2021\/02\/complete-the-look-example-1024x791.png 1024w, https:\/\/www.welaunch.io\/es\/wp-content\/uploads\/sites\/12\/2021\/02\/complete-the-look-example-300x232.png 300w, https:\/\/www.welaunch.io\/es\/wp-content\/uploads\/sites\/12\/2021\/02\/complete-the-look-example-768x593.png 768w, https:\/\/www.welaunch.io\/es\/wp-content\/uploads\/sites\/12\/2021\/02\/complete-the-look-example-1536x1186.png 1536w, https:\/\/www.welaunch.io\/es\/wp-content\/uploads\/sites\/12\/2021\/02\/complete-the-look-example-2048x1582.png 2048w, https:\/\/www.welaunch.io\/es\/wp-content\/uploads\/sites\/12\/2021\/02\/complete-the-look-example-247x191.png 247w, https:\/\/www.welaunch.io\/es\/wp-content\/uploads\/sites\/12\/2021\/02\/complete-the-look-example-510x394.png 510w\" sizes=\"auto, (max-width: 1020px) 100vw, 1020px\" \/>\t\t\t\t\t\t\n\t\t\t\t\t<\/div>\n\t\t<\/div>\t\t\t\t\t\t\n<style>\n#image_1155406076 {\n  width: 100%;\n}\n<\/style>\n\t<\/div>\n\t\t\t<\/div>\n\t\t\t\t\t<\/div>\n\n\t\n\t<div id=\"col-895664335\" class=\"col medium-12 small-12 large-6 medium-col-first\"  >\n\t\t\t\t<div class=\"col-inner\"  >\n\t\t\t\n\t\t\t\n<h2>Vender los conjuntos del look<\/h2>\n<p>Utiliza nuestro plugin para crear conjuntos de ropa en tu tienda de moda WooCommerce Invita a modelos a llevar tus productos, deja que se hagan fotos y vende los conjuntos completos despu\u00e9s en tu tienda de comercio electr\u00f3nico<\/p>\n<p>Los clientes pueden elegir la talla, el color y los productos que desean Adem\u00e1s, pueden utilizar las casillas de verificaci\u00f3n para a\u00f1adir todos los productos al carrito<\/p>\n<a href=\"https:\/\/demos.welaunch.io\/woocommerce-shop-look\/product\/feminine-business\/\" target=\"_blank\" class=\"button primary is-link\" rel=\"WooCommerce Get the Look outfit noopener\">\n\t\t<span>Ver demostraci\u00f3n<\/span>\n\t<\/a>\n\t\t<\/div>\n\t\t\t\t\t<\/div>\n\n\t<\/div>\t\t<\/div>\n\n\t\t\n<style>\n#section_1062453370 {\n  padding-top: 20px;\n  padding-bottom: 20px;\n}\n@media (min-width:550px) {\n  #section_1062453370 {\n    padding-top: 50px;\n    padding-bottom: 50px;\n  }\n}\n@media (min-width:850px) {\n  #section_1062453370 {\n    padding-top: 80px;\n    padding-bottom: 80px;\n  }\n}\n<\/style>\n\t<\/section>\n\t\n\t<section class=\"section dark\" id=\"section_1939203914\">\n\t\t<div class=\"section-bg fill\" >\n\t\t\t\t\t\t\t\t\t<div class=\"section-bg-overlay absolute fill\"><\/div>\n\t\t\t\n\n\t\t<\/div>\n\n\t\t\n\n\t\t<div class=\"section-content relative\">\n\t\t\t<div class=\"row align-middle align-center\"  id=\"row-370474169\">\n\t<div id=\"col-174289749\" class=\"col medium-12 small-12 large-6\"  >\n\t\t\t\t<div class=\"col-inner\"  >\n\t\t\t\n\t\t\t\n<h2>Cree libros de consulta con facilidad<\/h2>\n<p>Por supuesto, usted puede utilizar nuestro plugin Woo para crear lookbooks de todo tipo de aplicaciones Piensa en que tienes una tienda de muebles y quieres promocionar todos los productos, que la gente puede ver en tu comedor amueblado<\/p>\n<p>Toma una imagen impresionante, crea el producto del lookbook y asigna productos a ese lookbook, para que los clientes puedan tener el mismo comedor en sus casas<\/p>\n<a href=\"https:\/\/demos.welaunch.io\/woocommerce-shop-look\/product\/dining-room\/\" target=\"_blank\" class=\"button white is-link\" rel=\"WooCommerce Furniture Lookbook Example noopener\">\n\t\t<span>Ver demostraci\u00f3n<\/span>\n\t<\/a>\n\t\t<\/div>\n\t\t\t\t\t<\/div>\n\n\t\n\t<div id=\"col-229473704\" class=\"col medium-12 small-12 large-6\"  >\n\t\t\t\t<div class=\"col-inner text-center\"  >\n\t\t\t\n\t\t\t\t<div class=\"img has-hover x md-x lg-x y md-y lg-y\" id=\"image_915786442\">\n\t\t<a class=\"image-lightbox lightbox-gallery\" title=\"\" href=\"https:\/\/www.welaunch.io\/es\/wp-content\/uploads\/sites\/12\/2021\/02\/furniture-lookbook-1024x911.png\">\t\t\t\t<div data-animate=\"fadeInRight\">\t\t<div class=\"img-inner box-shadow-2 box-shadow-3-hover dark\" >\n\t\t\t<img loading=\"lazy\" decoding=\"async\" width=\"1020\" height=\"907\" src=\"https:\/\/www.welaunch.io\/es\/wp-content\/uploads\/sites\/12\/2021\/02\/furniture-lookbook-1024x911.png\" class=\"attachment-large size-large\" alt=\"furniture lookbook\" srcset=\"https:\/\/www.welaunch.io\/es\/wp-content\/uploads\/sites\/12\/2021\/02\/furniture-lookbook-1024x911.png 1024w, https:\/\/www.welaunch.io\/es\/wp-content\/uploads\/sites\/12\/2021\/02\/furniture-lookbook-300x267.png 300w, https:\/\/www.welaunch.io\/es\/wp-content\/uploads\/sites\/12\/2021\/02\/furniture-lookbook-768x683.png 768w, https:\/\/www.welaunch.io\/es\/wp-content\/uploads\/sites\/12\/2021\/02\/furniture-lookbook-1536x1367.png 1536w, https:\/\/www.welaunch.io\/es\/wp-content\/uploads\/sites\/12\/2021\/02\/furniture-lookbook-2048x1823.png 2048w, https:\/\/www.welaunch.io\/es\/wp-content\/uploads\/sites\/12\/2021\/02\/furniture-lookbook-247x220.png 247w, https:\/\/www.welaunch.io\/es\/wp-content\/uploads\/sites\/12\/2021\/02\/furniture-lookbook-510x454.png 510w\" sizes=\"auto, (max-width: 1020px) 100vw, 1020px\" \/>\t\t\t\t\t\t\n\t\t\t\t\t<\/div>\n\t\t<\/div>\t\t\t\t<\/a>\t\t\n<style>\n#image_915786442 {\n  width: 100%;\n}\n<\/style>\n\t<\/div>\n\t\t\t<\/div>\n\t\t\t\t\t<\/div>\n\n\t<\/div>\t\t<\/div>\n\n\t\t\n<style>\n#section_1939203914 {\n  padding-top: 40px;\n  padding-bottom: 40px;\n}\n#section_1939203914 .section-bg-overlay {\n  background-color: #3171ee;\n}\n@media (min-width:550px) {\n  #section_1939203914 {\n    padding-top: 50px;\n    padding-bottom: 50px;\n  }\n}\n@media (min-width:850px) {\n  #section_1939203914 {\n    padding-top: 80px;\n    padding-bottom: 80px;\n  }\n}\n<\/style>\n\t<\/section>\n\t\n\t<section class=\"section\" id=\"section_552607828\">\n\t\t<div class=\"section-bg fill\" >\n\t\t\t\t\t\t\t\t\t\n\t\t\t\n\n\t\t<\/div>\n\n\t\t\n\n\t\t<div class=\"section-content relative\">\n\t\t\t<div class=\"row align-middle align-center\"  id=\"row-560552717\">\n\t<div id=\"col-481637725\" class=\"col medium-12 small-12 large-6\"  >\n\t\t\t\t<div class=\"col-inner text-center\"  >\n\t\t\t\n\t\t\t\t<div class=\"img has-hover x md-x lg-x y md-y lg-y\" id=\"image_1886706810\">\n\t\t\t\t\t\t<div data-animate=\"fadeInLeft\">\t\t<div class=\"img-inner box-shadow-2 box-shadow-3-hover dark\" >\n\t\t\t<img loading=\"lazy\" decoding=\"async\" width=\"1020\" height=\"701\" src=\"https:\/\/www.welaunch.io\/es\/wp-content\/uploads\/sites\/12\/2021\/02\/office-get-the-look-1024x704.png\" class=\"attachment-large size-large\" alt=\"\" srcset=\"https:\/\/www.welaunch.io\/es\/wp-content\/uploads\/sites\/12\/2021\/02\/office-get-the-look-1024x704.png 1024w, https:\/\/www.welaunch.io\/es\/wp-content\/uploads\/sites\/12\/2021\/02\/office-get-the-look-300x206.png 300w, https:\/\/www.welaunch.io\/es\/wp-content\/uploads\/sites\/12\/2021\/02\/office-get-the-look-768x528.png 768w, https:\/\/www.welaunch.io\/es\/wp-content\/uploads\/sites\/12\/2021\/02\/office-get-the-look-1536x1056.png 1536w, https:\/\/www.welaunch.io\/es\/wp-content\/uploads\/sites\/12\/2021\/02\/office-get-the-look-2048x1407.png 2048w, https:\/\/www.welaunch.io\/es\/wp-content\/uploads\/sites\/12\/2021\/02\/office-get-the-look-247x170.png 247w, https:\/\/www.welaunch.io\/es\/wp-content\/uploads\/sites\/12\/2021\/02\/office-get-the-look-510x350.png 510w\" sizes=\"auto, (max-width: 1020px) 100vw, 1020px\" \/>\t\t\t\t\t\t\n\t\t\t\t\t<\/div>\n\t\t<\/div>\t\t\t\t\t\t\n<style>\n#image_1886706810 {\n  width: 100%;\n}\n<\/style>\n\t<\/div>\n\t\t\t<\/div>\n\t\t\t\t\t<\/div>\n\n\t\n\t<div id=\"col-1413648951\" class=\"col medium-12 small-12 large-6 medium-col-first\"  >\n\t\t\t\t<div class=\"col-inner\"  >\n\t\t\t\n\t\t\t\n<h2>Aumente sus ventas<\/h2>\n<p>Nuestro plugin, cuando se configura correctamente, aumentar\u00e1 sus ventas de forma espectacular Est\u00e1 comprobado que la gente compra m\u00e1s productos cuando tiene una idea de c\u00f3mo se ven en ejemplos del mundo real Use esto como una ventaja y mejore las ventas cruzadas con facilidad<\/p>\n<a href=\"https:\/\/demos.welaunch.io\/woocommerce-shop-look\/product\/profi-workspace\/\" target=\"_blank\" class=\"button primary is-link\" rel=\"Electronic Lookbook noopener\">\n\t\t<span>Ver demostraci\u00f3n<\/span>\n\t<\/a>\n\t\t<\/div>\n\t\t\t\t\t<\/div>\n\n\t<\/div>\t\t<\/div>\n\n\t\t\n<style>\n#section_552607828 {\n  padding-top: 40px;\n  padding-bottom: 40px;\n}\n@media (min-width:550px) {\n  #section_552607828 {\n    padding-top: 50px;\n    padding-bottom: 50px;\n  }\n}\n@media (min-width:850px) {\n  #section_552607828 {\n    padding-top: 80px;\n    padding-bottom: 80px;\n  }\n}\n<\/style>\n\t<\/section>\n\t\n\t<section class=\"section dark\" id=\"section_227394339\">\n\t\t<div class=\"section-bg fill\" >\n\t\t\t\t\t\t\t\t\t<div class=\"section-bg-overlay absolute fill\"><\/div>\n\t\t\t\n\n\t\t<\/div>\n\n\t\t\n\n\t\t<div class=\"section-content relative\">\n\t\t\t<div class=\"row align-middle align-center\"  id=\"row-630572582\">\n\t<div id=\"col-562721956\" class=\"col medium-12 small-12 large-6 medium-col-first\"  >\n\t\t\t\t<div class=\"col-inner\"  >\n\t\t\t\n\t\t\t\n<h2>Totalmente personalizable<\/h2>\n<p>Por supuesto, nuestro plugin es totalmente personalizable Usted puede cambiar los textos, los colores y activar o desactivar todos los datos que se muestran en el frontend completar los productos de la mirada<\/p>\n<a href=\"https:\/\/demos.welaunch.io\/woocommerce-shop-look\/wp-admin\" target=\"_blank\" class=\"button white is-link\" rel=\"WooCommerce Shop the look Admin Demo noopener\">\n\t\t<span>Ver demostraci\u00f3n de administraci\u00f3n<\/span>\n\t<\/a>\n\t\t<\/div>\n\t\t\t\t\t<\/div>\n\n\t\n\t<div id=\"col-1560165681\" class=\"col medium-12 small-12 large-6 small-col-first\"  >\n\t\t\t\t<div class=\"col-inner text-center\"  >\n\t\t\t\n\t\t\t\t<div class=\"img has-hover x md-x lg-x y md-y lg-y\" id=\"image_1116200712\">\n\t\t\t\t\t\t<div data-animate=\"fadeInRight\">\t\t<div class=\"img-inner box-shadow-3 dark\" >\n\t\t\t<img loading=\"lazy\" decoding=\"async\" width=\"1020\" height=\"517\" src=\"https:\/\/www.welaunch.io\/es\/wp-content\/uploads\/sites\/12\/2021\/02\/shop-the-look-customizable-1024x519.png\" class=\"attachment-large size-large\" alt=\"shop the look customizable\" srcset=\"https:\/\/www.welaunch.io\/es\/wp-content\/uploads\/sites\/12\/2021\/02\/shop-the-look-customizable-1024x519.png 1024w, https:\/\/www.welaunch.io\/es\/wp-content\/uploads\/sites\/12\/2021\/02\/shop-the-look-customizable-300x152.png 300w, https:\/\/www.welaunch.io\/es\/wp-content\/uploads\/sites\/12\/2021\/02\/shop-the-look-customizable-768x389.png 768w, https:\/\/www.welaunch.io\/es\/wp-content\/uploads\/sites\/12\/2021\/02\/shop-the-look-customizable-1536x778.png 1536w, https:\/\/www.welaunch.io\/es\/wp-content\/uploads\/sites\/12\/2021\/02\/shop-the-look-customizable-2048x1038.png 2048w, https:\/\/www.welaunch.io\/es\/wp-content\/uploads\/sites\/12\/2021\/02\/shop-the-look-customizable-247x125.png 247w, https:\/\/www.welaunch.io\/es\/wp-content\/uploads\/sites\/12\/2021\/02\/shop-the-look-customizable-510x258.png 510w\" sizes=\"auto, (max-width: 1020px) 100vw, 1020px\" \/>\t\t\t\t\t\t\n\t\t\t\t\t<\/div>\n\t\t<\/div>\t\t\t\t\t\t\n<style>\n#image_1116200712 {\n  width: 100%;\n}\n<\/style>\n\t<\/div>\n\t\t\t<\/div>\n\t\t\t\t\t<\/div>\n\n\t<\/div>\t\t<\/div>\n\n\t\t\n<style>\n#section_227394339 {\n  padding-top: 40px;\n  padding-bottom: 40px;\n}\n#section_227394339 .section-bg-overlay {\n  background-color: #3171ee;\n}\n@media (min-width:550px) {\n  #section_227394339 {\n    padding-top: 50px;\n    padding-bottom: 50px;\n  }\n}\n@media (min-width:850px) {\n  #section_227394339 {\n    padding-top: 80px;\n    padding-bottom: 80px;\n  }\n}\n<\/style>\n\t<\/section>\n\t\n","protected":false},"excerpt":{"rendered":"<p>Use our plugin to create complete the look products in WooCommerce with ease. Sell shoppable outfits or packages by using our get the look functionality and increase your average order value.<\/p>\n","protected":false},"featured_media":7772,"comment_status":"open","ping_status":"closed","template":"","meta":{"inline_featured_image":false},"product_brand":[],"product_cat":[43,41],"product_tag":[],"class_list":{"0":"post-7771","1":"product","2":"type-product","3":"status-publish","4":"has-post-thumbnail","6":"product_cat-woocommerce-plugins","7":"product_cat-plugins","9":"first","10":"instock","11":"downloadable","12":"virtual","13":"purchasable","14":"product-type-simple"},"_links":{"self":[{"href":"https:\/\/www.welaunch.io\/es\/wp-json\/wp\/v2\/product\/7771","targetHints":{"allow":["GET"]}}],"collection":[{"href":"https:\/\/www.welaunch.io\/es\/wp-json\/wp\/v2\/product"}],"about":[{"href":"https:\/\/www.welaunch.io\/es\/wp-json\/wp\/v2\/types\/product"}],"replies":[{"embeddable":true,"href":"https:\/\/www.welaunch.io\/es\/wp-json\/wp\/v2\/comments?post=7771"}],"wp:featuredmedia":[{"embeddable":true,"href":"https:\/\/www.welaunch.io\/es\/wp-json\/wp\/v2\/media\/7772"}],"wp:attachment":[{"href":"https:\/\/www.welaunch.io\/es\/wp-json\/wp\/v2\/media?parent=7771"}],"wp:term":[{"taxonomy":"product_brand","embeddable":true,"href":"https:\/\/www.welaunch.io\/es\/wp-json\/wp\/v2\/product_brand?post=7771"},{"taxonomy":"product_cat","embeddable":true,"href":"https:\/\/www.welaunch.io\/es\/wp-json\/wp\/v2\/product_cat?post=7771"},{"taxonomy":"product_tag","embeddable":true,"href":"https:\/\/www.welaunch.io\/es\/wp-json\/wp\/v2\/product_tag?post=7771"}],"curies":[{"name":"wp","href":"https:\/\/api.w.org\/{rel}","templated":true}]}}