{"id":7688,"date":"2021-02-06T12:37:49","date_gmt":"2021-02-06T11:37:49","guid":{"rendered":"https:\/\/www.welaunch.io\/es\/?post_type=product&#038;p=7688"},"modified":"2025-08-28T13:35:48","modified_gmt":"2025-08-28T11:35:48","slug":"woocommerce-dark-pattern","status":"publish","type":"product","link":"https:\/\/www.welaunch.io\/es\/product\/woocommerce-dark-pattern\/","title":{"rendered":"WooCommerce Patr\u00f3n oscuro"},"content":{"rendered":"\n\t<section class=\"section\" id=\"section_1376720411\">\n\t\t<div class=\"section-bg fill\" >\n\t\t\t\t\t\t\t\t\t\n\t\t\t\n\n\t\t<\/div>\n\n\t\t\n\n\t\t<div class=\"section-content relative\">\n\t\t\t<div class=\"row row-solid\"  id=\"row-485581815\">\n\t<div id=\"col-690004054\" class=\"col medium-4 small-12 large-4\"  >\n\t\t\t\t<div class=\"col-inner text-center\"  >\n\t\t\t\n\t\t\t\n\t\t<div class=\"icon-box featured-box icon-box-center text-center\"  >\n\t\t\t\t\t<div class=\"icon-box-img\" style=\"width: 56px\">\n\t\t\t\t<div class=\"icon\">\n\t\t\t\t\t<div class=\"icon-inner\" style=\"color:rgb(101, 28, 255);\">\n\t\t\t\t\t\t<svg xmlns=\"http:\/\/www.w3.org\/2000\/svg\" viewBox=\"0 0 448 512\"><path d=\"M393.3 141.3l17.5-17.5c4.7-4.7 4.7-12.3 0-17l-5.7-5.7c-4.7-4.7-12.3-4.7-17 0l-17.5 17.5c-35.8-31-81.5-50.9-131.7-54.2V32h25c6.6 0 12-5.4 12-12v-8c0-6.6-5.4-12-12-12h-80c-6.6 0-12 5.4-12 12v8c0 6.6 5.4 12 12 12h23v32.6C91.2 73.3 0 170 0 288c0 123.7 100.3 224 224 224s224-100.3 224-224c0-56.1-20.6-107.4-54.7-146.7zM224 480c-106.1 0-192-85.9-192-192S117.9 96 224 96s192 85.9 192 192-85.9 192-192 192zm4-128h-8c-6.6 0-12-5.4-12-12V172c0-6.6 5.4-12 12-12h8c6.6 0 12 5.4 12 12v168c0 6.6-5.4 12-12 12z\"\/><\/svg>\t\t\t\t\t<\/div>\n\t\t\t\t<\/div>\n\t\t\t<\/div>\n\t\t\t\t<div class=\"icon-box-text last-reset\">\n\t\t\t<h5 class=\"uppercase\">Cuenta atr\u00e1s de las rebajas<\/h5>\t\t\t\t\t\tUtilice el temporizador de cuenta atr\u00e1s de fin e inicio de venta para aumentar sus ventas con facilidad.\t\t<\/div>\n\t<\/div>\n\t\n\t\t\t<\/div>\n\t\t\t\t\t<\/div>\n\n\t\n\t<div id=\"col-1137721701\" class=\"col medium-4 small-12 large-4\"  >\n\t\t\t\t<div class=\"col-inner\"  >\n\t\t\t\n\t\t\t\n\t\t<div class=\"icon-box featured-box icon-box-center text-center\"  >\n\t\t\t\t\t<div class=\"icon-box-img\" style=\"width: 71px\">\n\t\t\t\t<div class=\"icon\">\n\t\t\t\t\t<div class=\"icon-inner\" style=\"color:rgb(101, 28, 255);\">\n\t\t\t\t\t\t<svg xmlns=\"http:\/\/www.w3.org\/2000\/svg\" viewBox=\"0 0 576 512\"><path d=\"M551.991 64H129.28l-8.329-44.423C118.822 8.226 108.911 0 97.362 0H12C5.373 0 0 5.373 0 12v8c0 6.627 5.373 12 12 12h78.72l69.927 372.946C150.305 416.314 144 431.42 144 448c0 35.346 28.654 64 64 64s64-28.654 64-64a63.681 63.681 0 0 0-8.583-32h145.167a63.681 63.681 0 0 0-8.583 32c0 35.346 28.654 64 64 64 35.346 0 64-28.654 64-64 0-17.993-7.435-34.24-19.388-45.868C506.022 391.891 496.76 384 485.328 384H189.28l-12-64h331.381c11.368 0 21.177-7.976 23.496-19.105l43.331-208C578.592 77.991 567.215 64 551.991 64zM464 416c17.645 0 32 14.355 32 32s-14.355 32-32 32-32-14.355-32-32 14.355-32 32-32zm-256 0c17.645 0 32 14.355 32 32s-14.355 32-32 32-32-14.355-32-32 14.355-32 32-32zm294.156-128H171.28l-36-192h406.876l-40 192zM272 196v-8c0-6.627 5.373-12 12-12h36v-36c0-6.627 5.373-12 12-12h8c6.627 0 12 5.373 12 12v36h36c6.627 0 12 5.373 12 12v8c0 6.627-5.373 12-12 12h-36v36c0 6.627-5.373 12-12 12h-8c-6.627 0-12-5.373-12-12v-36h-36c-6.627 0-12-5.373-12-12z\"\/><\/svg>\t\t\t\t\t<\/div>\n\t\t\t\t<\/div>\n\t\t\t<\/div>\n\t\t\t\t<div class=\"icon-box-text last-reset\">\n\t\t\t<h5 class=\"uppercase\">Colarse en la cesta<\/h5>\t\t\t\t\t\tA\u00f1adir autom\u00e1ticamente productos a la cesta cuando se ha a\u00f1adido un producto espec\u00edfico.\t\t<\/div>\n\t<\/div>\n\t\n\t\t\t<\/div>\n\t\t\t\t\t<\/div>\n\n\t\n\t<div id=\"col-956654853\" class=\"col medium-4 small-12 large-4\"  >\n\t\t\t\t<div class=\"col-inner\"  >\n\t\t\t\n\t\t\t\n\t\t<div class=\"icon-box featured-box icon-box-center text-center\"  >\n\t\t\t\t\t<div class=\"icon-box-img\" style=\"width: 79px\">\n\t\t\t\t<div class=\"icon\">\n\t\t\t\t\t<div class=\"icon-inner\" style=\"color:rgb(101, 28, 255);\">\n\t\t\t\t\t\t<svg xmlns=\"http:\/\/www.w3.org\/2000\/svg\" viewBox=\"0 0 640 512\"><path d=\"M624 224H480V16c0-8.8-7.2-16-16-16H176c-8.8 0-16 7.2-16 16v208H16c-8.8 0-16 7.2-16 16v256c0 8.8 7.2 16 16 16h608c8.8 0 16-7.2 16-16V240c0-8.8-7.2-16-16-16zm-176 32h64v62.3l-32-10.7-32 10.7V256zM352 32v62.3l-32-10.7-32 10.7V32h64zm-160 0h64v106.7l64-21.3 64 21.3V32h64v192H192V32zm0 224v62.3l-32-10.7-32 10.7V256h64zm-160 0h64v106.7l64-21.3 64 21.3V256h80v224H32V256zm576 224H336V256h80v106.7l64-21.3 64 21.3V256h64v224z\"\/><\/svg>\t\t\t\t\t<\/div>\n\t\t\t\t<\/div>\n\t\t\t<\/div>\n\t\t\t\t<div class=\"icon-box-text last-reset\">\n\t\t\t<h5 class=\"uppercase\">Barras de izquierda de stock<\/h5>\t\t\t\t\t\tMostrar barras de progreso animadas de las existencias a la izquierda, que disminuyen autom\u00e1ticamente las existencias de vez en cuando.\t\t<\/div>\n\t<\/div>\n\t\n\t\t\t<\/div>\n\t\t\t\t\t<\/div>\n\n\t<\/div>\t\t<\/div>\n\n\t\t\n<style>\n#section_1376720411 {\n  padding-top: 30px;\n  padding-bottom: 30px;\n}\n<\/style>\n\t<\/section>\n\t\n\t<section class=\"section dark\" id=\"section_1352010503\">\n\t\t<div class=\"section-bg fill\" >\n\t\t\t\t\t\t\t\t\t<div class=\"section-bg-overlay absolute fill\"><\/div>\n\t\t\t\n\n\t\t<\/div>\n\n\t\t\n\n\t\t<div class=\"section-content relative\">\n\t\t\t<div class=\"row align-middle align-center\"  id=\"row-2082271230\">\n\t<div id=\"col-1590063361\" class=\"col medium-12 small-12 large-6\"  >\n\t\t\t\t<div class=\"col-inner\"  >\n\t\t\t\n\t\t\t\n<h2>Activadores de venta intuitivos<\/h2>\n<p>Amazon, Reservas.com y muchas otras empresas de comercio electr\u00f3nico utilizan el patr\u00f3n oscuro en el comercio electr\u00f3nico desde hace a\u00f1os. Es un m\u00e9todo com\u00fan, utilizado desde hace a\u00f1os, para aumentar las ventas mediante el uso de activadores psicol\u00f3gicos de la venta. Algunos ejemplos:<\/p>\n<ul>\n<li>Mostrar una cuenta atr\u00e1s para apresurar a los clientes a comprar<\/li>\n<li>Utiliza X personas que est\u00e1n viendo este producto para sugerir una alta demanda<\/li>\n<li>Mostrar los distintivos de existencias y rebajas para mostrar las ventajas de comprar ahora<\/li>\n<\/ul>\n<a href=\"https:\/\/demos.welaunch.io\/woocommerce-dark-pattern\/\" target=\"_blank\" class=\"button white is-link\" rel=\"noopener\">\n\t\t<span>Ver demostraci\u00f3n<\/span>\n\t<\/a>\n\t\t<\/div>\n\t\t\t\t\t<\/div>\n\n\t\n\t<div id=\"col-1236256893\" class=\"col medium-12 small-12 large-6\"  >\n\t\t\t\t<div class=\"col-inner text-center\"  >\n\t\t\t\n\t\t\t<div class=\"video video-fit mb box-shadow-2 box-shadow-3-hover\" style=\"padding-top:56.25%;\"><p><iframe title=\"WooCommerce Dark &amp; Sale Pattern\" width=\"1020\" height=\"574\" src=\"https:\/\/www.youtube.com\/embed\/Lpt60gqvKo0?feature=oembed\" frameborder=\"0\" allow=\"accelerometer; autoplay; clipboard-write; encrypted-media; gyroscope; picture-in-picture\" allowfullscreen><\/iframe><\/p>\n<\/div>\t\t<\/div>\n\t\t\t\t\t<\/div>\n\n\t<\/div>\t\t<\/div>\n\n\t\t\n<style>\n#section_1352010503 {\n  padding-top: 40px;\n  padding-bottom: 40px;\n}\n#section_1352010503 .section-bg-overlay {\n  background-color: rgb(49, 113, 238);\n}\n@media (min-width:550px) {\n  #section_1352010503 {\n    padding-top: 50px;\n    padding-bottom: 50px;\n  }\n}\n@media (min-width:850px) {\n  #section_1352010503 {\n    padding-top: 80px;\n    padding-bottom: 80px;\n  }\n}\n<\/style>\n\t<\/section>\n\t\n\t<section class=\"section\" id=\"section_1538019936\">\n\t\t<div class=\"section-bg fill\" >\n\t\t\t\t\t\t\t\t\t\n\t\t\t\n\n\t\t<\/div>\n\n\t\t\n\n\t\t<div class=\"section-content relative\">\n\t\t\t<div class=\"row align-middle align-center\"  id=\"row-1321207028\">\n\t<div id=\"col-1506373167\" class=\"col medium-12 small-12 large-6\"  >\n\t\t\t\t<div class=\"col-inner text-center\"  >\n\t\t\t\n\t\t\t\t<div class=\"img has-hover x md-x lg-x y md-y lg-y\" id=\"image_1444695215\">\n\t\t\t\t\t\t<div data-animate=\"fadeInLeft\">\t\t<div class=\"img-inner box-shadow-2 box-shadow-3-hover dark\" >\n\t\t\t<img loading=\"lazy\" decoding=\"async\" width=\"1020\" height=\"566\" src=\"https:\/\/www.welaunch.io\/es\/wp-content\/uploads\/sites\/12\/2021\/02\/woocommerce-category-sales-trigger-1024x568.png\" class=\"attachment-large size-large\" alt=\"woocommerce category sales trigger\" srcset=\"https:\/\/www.welaunch.io\/es\/wp-content\/uploads\/sites\/12\/2021\/02\/woocommerce-category-sales-trigger-1024x568.png 1024w, https:\/\/www.welaunch.io\/es\/wp-content\/uploads\/sites\/12\/2021\/02\/woocommerce-category-sales-trigger-300x166.png 300w, https:\/\/www.welaunch.io\/es\/wp-content\/uploads\/sites\/12\/2021\/02\/woocommerce-category-sales-trigger-768x426.png 768w, https:\/\/www.welaunch.io\/es\/wp-content\/uploads\/sites\/12\/2021\/02\/woocommerce-category-sales-trigger-1536x852.png 1536w, https:\/\/www.welaunch.io\/es\/wp-content\/uploads\/sites\/12\/2021\/02\/woocommerce-category-sales-trigger-2048x1136.png 2048w, https:\/\/www.welaunch.io\/es\/wp-content\/uploads\/sites\/12\/2021\/02\/woocommerce-category-sales-trigger-247x137.png 247w, https:\/\/www.welaunch.io\/es\/wp-content\/uploads\/sites\/12\/2021\/02\/woocommerce-category-sales-trigger-510x283.png 510w\" sizes=\"auto, (max-width: 1020px) 100vw, 1020px\" \/>\t\t\t\t\t\t\n\t\t\t\t\t<\/div>\n\t\t<\/div>\t\t\t\t\t\t\n<style>\n#image_1444695215 {\n  width: 100%;\n}\n<\/style>\n\t<\/div>\n\t\t\t<\/div>\n\t\t\t\t\t<\/div>\n\n\t\n\t<div id=\"col-1510315680\" class=\"col medium-12 small-12 large-6 medium-col-first\"  >\n\t\t\t\t<div class=\"col-inner\"  >\n\t\t\t\n\t\t\t\n<h2>Categor\u00eda de productos Activadores de ventas<\/h2>\n<p>Provocar a los clientes para que compren sus productos en oferta mostr\u00e1ndoles una cuenta atr\u00e1s, un distintivo de venta sobre lo que se ahorran y la cantidad actual de existencias.Estos desencadenantes de la categor\u00eda, deben influir y mostrar a sus clientes directamente los productos que est\u00e1n a la venta.<a href=\"https:\/\/demos.welaunch.io\/woocommerce-dark-pattern\/\" target=\"_blank\" class=\"button primary is-link\" rel=\"noopener\">\n\t\t<span>Ver demostraci\u00f3n<\/span>\n\t<\/a>\n\t\t<\/div>\n\t\t\t\t\t<\/div>\n\n\t<\/div>\t\t<\/div>\n\n\t\t\n<style>\n#section_1538019936 {\n  padding-top: 20px;\n  padding-bottom: 20px;\n}\n@media (min-width:550px) {\n  #section_1538019936 {\n    padding-top: 50px;\n    padding-bottom: 50px;\n  }\n}\n@media (min-width:850px) {\n  #section_1538019936 {\n    padding-top: 80px;\n    padding-bottom: 80px;\n  }\n}\n<\/style>\n\t<\/section>\n\t\n\t<section class=\"section dark\" id=\"section_1575106800\">\n\t\t<div class=\"section-bg fill\" >\n\t\t\t\t\t\t\t\t\t<div class=\"section-bg-overlay absolute fill\"><\/div>\n\t\t\t\n\n\t\t<\/div>\n\n\t\t\n\n\t\t<div class=\"section-content relative\">\n\t\t\t<div class=\"row align-middle align-center\"  id=\"row-2082046323\">\n\t<div id=\"col-1983080555\" class=\"col medium-12 small-12 large-6\"  >\n\t\t\t\t<div class=\"col-inner\"  >\n\t\t\t\n\t\t\t\n<h2>Patr\u00f3n oscuro en las p\u00e1ginas de productos<\/h2>\n<p>Alineado con los activadores de categor\u00eda, todos los patrones oscuros pueden, por supuesto, ser mostrados en p\u00e1ginas de productos individuales con facilidad.La cuenta atr\u00e1s en vivo, la disminuci\u00f3n de las barras de existencias restantes y la informaci\u00f3n que se est\u00e1 viendo actualmente motivar\u00e1n a sus clientes a comprar sus productos m\u00e1s r\u00e1pidamente.<a href=\"https:\/\/demos.welaunch.io\/woocommerce-dark-pattern\/product\/beanie\/\" target=\"_blank\" class=\"button white is-link\" rel=\"noopener\">\n\t\t<span>Ver demostraci\u00f3n<\/span>\n\t<\/a>\n\t\t<\/div>\n\t\t\t\t\t<\/div>\n\n\t\n\t<div id=\"col-1510720673\" class=\"col medium-12 small-12 large-6\"  >\n\t\t\t\t<div class=\"col-inner text-center\"  >\n\t\t\t\n\t\t\t\t<div class=\"img has-hover x md-x lg-x y md-y lg-y\" id=\"image_1842140380\">\n\t\t<a class=\"image-lightbox lightbox-gallery\" title=\"\" href=\"https:\/\/www.welaunch.io\/es\/wp-content\/uploads\/sites\/12\/2021\/02\/product-page-ecom-pattern-1024x616.png\">\t\t\t\t<div data-animate=\"fadeInRight\">\t\t<div class=\"img-inner box-shadow-2 box-shadow-3-hover dark\" >\n\t\t\t<img loading=\"lazy\" decoding=\"async\" width=\"1020\" height=\"614\" src=\"https:\/\/www.welaunch.io\/es\/wp-content\/uploads\/sites\/12\/2021\/02\/product-page-ecom-pattern-1024x616.png\" class=\"attachment-large size-large\" alt=\"product page ecom pattern\" srcset=\"https:\/\/www.welaunch.io\/es\/wp-content\/uploads\/sites\/12\/2021\/02\/product-page-ecom-pattern-1024x616.png 1024w, https:\/\/www.welaunch.io\/es\/wp-content\/uploads\/sites\/12\/2021\/02\/product-page-ecom-pattern-300x181.png 300w, https:\/\/www.welaunch.io\/es\/wp-content\/uploads\/sites\/12\/2021\/02\/product-page-ecom-pattern-768x462.png 768w, https:\/\/www.welaunch.io\/es\/wp-content\/uploads\/sites\/12\/2021\/02\/product-page-ecom-pattern-1536x924.png 1536w, https:\/\/www.welaunch.io\/es\/wp-content\/uploads\/sites\/12\/2021\/02\/product-page-ecom-pattern-2048x1232.png 2048w, https:\/\/www.welaunch.io\/es\/wp-content\/uploads\/sites\/12\/2021\/02\/product-page-ecom-pattern-247x149.png 247w, https:\/\/www.welaunch.io\/es\/wp-content\/uploads\/sites\/12\/2021\/02\/product-page-ecom-pattern-510x307.png 510w\" sizes=\"auto, (max-width: 1020px) 100vw, 1020px\" \/>\t\t\t\t\t\t\n\t\t\t\t\t<\/div>\n\t\t<\/div>\t\t\t\t<\/a>\t\t\n<style>\n#image_1842140380 {\n  width: 100%;\n}\n<\/style>\n\t<\/div>\n\t\t\t<\/div>\n\t\t\t\t\t<\/div>\n\n\t<\/div>\t\t<\/div>\n\n\t\t\n<style>\n#section_1575106800 {\n  padding-top: 40px;\n  padding-bottom: 40px;\n}\n#section_1575106800 .section-bg-overlay {\n  background-color: #3171ee;\n}\n@media (min-width:550px) {\n  #section_1575106800 {\n    padding-top: 50px;\n    padding-bottom: 50px;\n  }\n}\n@media (min-width:850px) {\n  #section_1575106800 {\n    padding-top: 80px;\n    padding-bottom: 80px;\n  }\n}\n<\/style>\n\t<\/section>\n\t\n\t<section class=\"section\" id=\"section_1283344\">\n\t\t<div class=\"section-bg fill\" >\n\t\t\t\t\t\t\t\t\t\n\t\t\t\n\n\t\t<\/div>\n\n\t\t\n\n\t\t<div class=\"section-content relative\">\n\t\t\t<div class=\"row align-middle align-center\"  id=\"row-1231261326\">\n\t<div id=\"col-1039507733\" class=\"col medium-12 small-12 large-6\"  >\n\t\t\t\t<div class=\"col-inner text-center\"  >\n\t\t\t\n\t\t\t\t<div class=\"img has-hover x md-x lg-x y md-y lg-y\" id=\"image_1548389898\">\n\t\t\t\t\t\t<div data-animate=\"fadeInLeft\">\t\t<div class=\"img-inner box-shadow-2 box-shadow-3-hover dark\" >\n\t\t\t<img loading=\"lazy\" decoding=\"async\" width=\"1020\" height=\"423\" src=\"https:\/\/www.welaunch.io\/es\/wp-content\/uploads\/sites\/12\/2021\/02\/dark-pattern-in-woocommerce-cart--1024x425.png\" class=\"attachment-large size-large\" alt=\"dark pattern in woocommerce cart\" srcset=\"https:\/\/www.welaunch.io\/es\/wp-content\/uploads\/sites\/12\/2021\/02\/dark-pattern-in-woocommerce-cart--1024x425.png 1024w, https:\/\/www.welaunch.io\/es\/wp-content\/uploads\/sites\/12\/2021\/02\/dark-pattern-in-woocommerce-cart--300x125.png 300w, https:\/\/www.welaunch.io\/es\/wp-content\/uploads\/sites\/12\/2021\/02\/dark-pattern-in-woocommerce-cart--768x319.png 768w, https:\/\/www.welaunch.io\/es\/wp-content\/uploads\/sites\/12\/2021\/02\/dark-pattern-in-woocommerce-cart--1536x638.png 1536w, https:\/\/www.welaunch.io\/es\/wp-content\/uploads\/sites\/12\/2021\/02\/dark-pattern-in-woocommerce-cart--2048x850.png 2048w, https:\/\/www.welaunch.io\/es\/wp-content\/uploads\/sites\/12\/2021\/02\/dark-pattern-in-woocommerce-cart--247x103.png 247w, https:\/\/www.welaunch.io\/es\/wp-content\/uploads\/sites\/12\/2021\/02\/dark-pattern-in-woocommerce-cart--510x212.png 510w\" sizes=\"auto, (max-width: 1020px) 100vw, 1020px\" \/>\t\t\t\t\t\t\n\t\t\t\t\t<\/div>\n\t\t<\/div>\t\t\t\t\t\t\n<style>\n#image_1548389898 {\n  width: 100%;\n}\n<\/style>\n\t<\/div>\n\t\t\t<\/div>\n\t\t\t\t\t<\/div>\n\n\t\n\t<div id=\"col-2105543081\" class=\"col medium-12 small-12 large-6 medium-col-first\"  >\n\t\t\t\t<div class=\"col-inner\"  >\n\t\t\t\n\t\t\t\n<h2>Colarse en la cesta y m\u00e1s<\/h2>\n<p>Aumente las ventas cruzadas a\u00f1adiendo autom\u00e1ticamente productos a la cesta mediante nuestro m\u00f3dulo de colada en la cesta. Tambi\u00e9n puede activar la funci\u00f3n de cesta reservada para asegurarse de que el precio de venta actual para el cliente se guarda durante ciertos minutos.Adem\u00e1s, puede utilizar todos los patrones oscuros tambi\u00e9n en el carrito y el proceso de pago. Como mostrar los temporizadores de cuenta atr\u00e1s o el estado de las existencias.<a href=\"https:\/\/demos.welaunch.io\/woocommerce-dark-pattern\/cart\/\" target=\"_blank\" class=\"button primary is-link\" rel=\"noopener\">\n\t\t<span>Ver demostraci\u00f3n<\/span>\n\t<\/a>\n\t\t<\/div>\n\t\t\t\t\t<\/div>\n\n\t<\/div>\t\t<\/div>\n\n\t\t\n<style>\n#section_1283344 {\n  padding-top: 40px;\n  padding-bottom: 40px;\n}\n@media (min-width:550px) {\n  #section_1283344 {\n    padding-top: 50px;\n    padding-bottom: 50px;\n  }\n}\n@media (min-width:850px) {\n  #section_1283344 {\n    padding-top: 80px;\n    padding-bottom: 80px;\n  }\n}\n<\/style>\n\t<\/section>\n\t\n\t<section class=\"section dark\" id=\"section_607429883\">\n\t\t<div class=\"section-bg fill\" >\n\t\t\t\t\t\t\t\t\t<div class=\"section-bg-overlay absolute fill\"><\/div>\n\t\t\t\n\n\t\t<\/div>\n\n\t\t\n\n\t\t<div class=\"section-content relative\">\n\t\t\t<div class=\"row align-middle align-center\"  id=\"row-1666236391\">\n\t<div id=\"col-472561856\" class=\"col medium-12 small-12 large-6 medium-col-first\"  >\n\t\t\t\t<div class=\"col-inner\"  >\n\t\t\t\n\t\t\t\n<h2>Totalmente personalizable<\/h2>\n<p>Todos los m\u00f3dulos pueden activarse o desactivarse por separado y configurarse en detalle. Puede definir d\u00f3nde mostrar qu\u00e9 m\u00f3dulo y estilizar\/cambiar los textos a su gusto.<a href=\"https:\/\/demos.welaunch.io\/woocommerce-dark-pattern\/wp-admin\" target=\"_blank\" class=\"button white is-link\" rel=\"Dark Pattern Admin Demo noopener\">\n\t\t<span>Ver demostraci\u00f3n de administraci\u00f3n<\/span>\n\t<\/a>\n\t\t<\/div>\n\t\t\t\t\t<\/div>\n\n\t\n\t<div id=\"col-1958631732\" class=\"col medium-12 small-12 large-6 small-col-first\"  >\n\t\t\t\t<div class=\"col-inner text-center\"  >\n\t\t\t\n\t\t\t\t<div class=\"img has-hover x md-x lg-x y md-y lg-y\" id=\"image_1616773431\">\n\t\t\t\t\t\t<div data-animate=\"fadeInRight\">\t\t<div class=\"img-inner box-shadow-3 dark\" >\n\t\t\t<img loading=\"lazy\" decoding=\"async\" width=\"1020\" height=\"624\" src=\"https:\/\/www.welaunch.io\/es\/wp-content\/uploads\/sites\/12\/2021\/02\/woocommerce-sales-pattern-admin-settings-1024x626.png\" class=\"attachment-large size-large\" alt=\"woocommerce sales pattern admin settings\" srcset=\"https:\/\/www.welaunch.io\/es\/wp-content\/uploads\/sites\/12\/2021\/02\/woocommerce-sales-pattern-admin-settings-1024x626.png 1024w, https:\/\/www.welaunch.io\/es\/wp-content\/uploads\/sites\/12\/2021\/02\/woocommerce-sales-pattern-admin-settings-300x183.png 300w, https:\/\/www.welaunch.io\/es\/wp-content\/uploads\/sites\/12\/2021\/02\/woocommerce-sales-pattern-admin-settings-768x470.png 768w, https:\/\/www.welaunch.io\/es\/wp-content\/uploads\/sites\/12\/2021\/02\/woocommerce-sales-pattern-admin-settings-1536x939.png 1536w, https:\/\/www.welaunch.io\/es\/wp-content\/uploads\/sites\/12\/2021\/02\/woocommerce-sales-pattern-admin-settings-2048x1253.png 2048w, https:\/\/www.welaunch.io\/es\/wp-content\/uploads\/sites\/12\/2021\/02\/woocommerce-sales-pattern-admin-settings-247x151.png 247w, https:\/\/www.welaunch.io\/es\/wp-content\/uploads\/sites\/12\/2021\/02\/woocommerce-sales-pattern-admin-settings-510x312.png 510w\" sizes=\"auto, (max-width: 1020px) 100vw, 1020px\" \/>\t\t\t\t\t\t\n\t\t\t\t\t<\/div>\n\t\t<\/div>\t\t\t\t\t\t\n<style>\n#image_1616773431 {\n  width: 100%;\n}\n<\/style>\n\t<\/div>\n\t\t\t<\/div>\n\t\t\t\t\t<\/div>\n\n\t<\/div>\t\t<\/div>\n\n\t\t\n<style>\n#section_607429883 {\n  padding-top: 40px;\n  padding-bottom: 40px;\n}\n#section_607429883 .section-bg-overlay {\n  background-color: #3171ee;\n}\n@media (min-width:550px) {\n  #section_607429883 {\n    padding-top: 50px;\n    padding-bottom: 50px;\n  }\n}\n@media (min-width:850px) {\n  #section_607429883 {\n    padding-top: 80px;\n    padding-bottom: 80px;\n  }\n}\n<\/style>\n\t<\/section>\n\t\n\t<section class=\"section\" id=\"section_1177378276\">\n\t\t<div class=\"section-bg fill\" >\n\t\t\t\t\t\t\t\t\t\n\t\t\t\n\n\t\t<\/div>\n\n\t\t\n\n\t\t<div class=\"section-content relative\">\n\t\t\t<div class=\"row align-middle align-center\"  id=\"row-640079006\">\n\t<div id=\"col-1755608756\" class=\"col medium-12 small-12 large-6\"  >\n\t\t\t\t<div class=\"col-inner text-center\"  >\n\t\t\t\n\t\t\t\t<div class=\"img has-hover x md-x lg-x y md-y lg-y\" id=\"image_750224298\">\n\t\t\t\t\t\t<div data-animate=\"fadeInLeft\">\t\t<div class=\"img-inner box-shadow-2 box-shadow-3-hover dark\" >\n\t\t\t<img loading=\"lazy\" decoding=\"async\" width=\"1020\" height=\"887\" src=\"https:\/\/www.welaunch.io\/es\/wp-content\/uploads\/sites\/12\/2021\/02\/woocommerce-sale-automations-1024x890.png\" class=\"attachment-large size-large\" alt=\"woocommerce sale automations\" srcset=\"https:\/\/www.welaunch.io\/es\/wp-content\/uploads\/sites\/12\/2021\/02\/woocommerce-sale-automations-1024x890.png 1024w, https:\/\/www.welaunch.io\/es\/wp-content\/uploads\/sites\/12\/2021\/02\/woocommerce-sale-automations-300x261.png 300w, https:\/\/www.welaunch.io\/es\/wp-content\/uploads\/sites\/12\/2021\/02\/woocommerce-sale-automations-768x668.png 768w, https:\/\/www.welaunch.io\/es\/wp-content\/uploads\/sites\/12\/2021\/02\/woocommerce-sale-automations-1536x1335.png 1536w, https:\/\/www.welaunch.io\/es\/wp-content\/uploads\/sites\/12\/2021\/02\/woocommerce-sale-automations-2048x1780.png 2048w, https:\/\/www.welaunch.io\/es\/wp-content\/uploads\/sites\/12\/2021\/02\/woocommerce-sale-automations-247x215.png 247w, https:\/\/www.welaunch.io\/es\/wp-content\/uploads\/sites\/12\/2021\/02\/woocommerce-sale-automations-510x443.png 510w\" sizes=\"auto, (max-width: 1020px) 100vw, 1020px\" \/>\t\t\t\t\t\t\n\t\t\t\t\t<\/div>\n\t\t<\/div>\t\t\t\t\t\t\n<style>\n#image_750224298 {\n  width: 100%;\n}\n<\/style>\n\t<\/div>\n\t\t\t<\/div>\n\t\t\t\t\t<\/div>\n\n\t\n\t<div id=\"col-1983599451\" class=\"col medium-12 small-12 large-6 medium-col-first\"  >\n\t\t\t\t<div class=\"col-inner\"  >\n\t\t\t\n\t\t\t\n<h2>Automatizaci\u00f3n de los precios de venta<\/h2>\n<p>Establezca autom\u00e1ticamente los productos en venta de forma recurrente sin tener que tocarlos manualmente. Simplemente active una de nuestras automatizaciones de precios de venta y por porcentaje del precio regular establezca un precio de venta por d\u00eda, semana, mes u otra recurrencia.Por ejemplo, establezca un precio de venta del 5% cada semana s\u00f3lo para su categor\u00eda de productos de camisetas. Cada nueva semana otras 10 camisetas tendr\u00e1n un descuento.<a href=\"https:\/\/demos.welaunch.io\/woocommerce-dark-pattern\/wp-admin\" target=\"_blank\" class=\"button primary is-link\" rel=\"noopener\">\n\t\t<span>Ver demostraci\u00f3n<\/span>\n\t<\/a>\n\t\t<\/div>\n\t\t\t\t\t<\/div>\n\n\t<\/div>\t\t<\/div>\n\n\t\t\n<style>\n#section_1177378276 {\n  padding-top: 40px;\n  padding-bottom: 40px;\n}\n@media (min-width:550px) {\n  #section_1177378276 {\n    padding-top: 50px;\n    padding-bottom: 50px;\n  }\n}\n@media (min-width:850px) {\n  #section_1177378276 {\n    padding-top: 80px;\n    padding-bottom: 80px;\n  }\n}\n<\/style>\n\t<\/section>\n\t\n","protected":false},"excerpt":{"rendered":"<p>Los patrones oscuros son un m\u00e9todo com\u00fan en eCommerce para aumentar las ventas en sus tiendas con facilidad. Con nuestro plugin esto es ahora tambi\u00e9n posible en WooCommerce. Utiliza las cuentas atr\u00e1s de las ventas, las barras de existencias o los m\u00f3dulos de visualizaci\u00f3n actual para motivar a tus clientes a comprar tus productos m\u00e1s r\u00e1pidamente.<\/p>\n","protected":false},"featured_media":7707,"comment_status":"open","ping_status":"closed","template":"","meta":{"inline_featured_image":false},"product_brand":[],"product_cat":[43,41],"product_tag":[],"class_list":{"0":"post-7688","1":"product","2":"type-product","3":"status-publish","4":"has-post-thumbnail","6":"product_cat-woocommerce-plugins","7":"product_cat-plugins","9":"first","10":"instock","11":"downloadable","12":"virtual","13":"purchasable","14":"product-type-simple"},"_links":{"self":[{"href":"https:\/\/www.welaunch.io\/es\/wp-json\/wp\/v2\/product\/7688","targetHints":{"allow":["GET"]}}],"collection":[{"href":"https:\/\/www.welaunch.io\/es\/wp-json\/wp\/v2\/product"}],"about":[{"href":"https:\/\/www.welaunch.io\/es\/wp-json\/wp\/v2\/types\/product"}],"replies":[{"embeddable":true,"href":"https:\/\/www.welaunch.io\/es\/wp-json\/wp\/v2\/comments?post=7688"}],"wp:featuredmedia":[{"embeddable":true,"href":"https:\/\/www.welaunch.io\/es\/wp-json\/wp\/v2\/media\/7707"}],"wp:attachment":[{"href":"https:\/\/www.welaunch.io\/es\/wp-json\/wp\/v2\/media?parent=7688"}],"wp:term":[{"taxonomy":"product_brand","embeddable":true,"href":"https:\/\/www.welaunch.io\/es\/wp-json\/wp\/v2\/product_brand?post=7688"},{"taxonomy":"product_cat","embeddable":true,"href":"https:\/\/www.welaunch.io\/es\/wp-json\/wp\/v2\/product_cat?post=7688"},{"taxonomy":"product_tag","embeddable":true,"href":"https:\/\/www.welaunch.io\/es\/wp-json\/wp\/v2\/product_tag?post=7688"}],"curies":[{"name":"wp","href":"https:\/\/api.w.org\/{rel}","templated":true}]}}