{"id":6070,"date":"2020-10-05T14:03:16","date_gmt":"2020-10-05T12:03:16","guid":{"rendered":"https:\/\/www.welaunch.io\/es\/?post_type=product&#038;p=6070"},"modified":"2025-08-30T12:43:37","modified_gmt":"2025-08-30T10:43:37","slug":"woocommerce-gallery-images","status":"publish","type":"product","link":"https:\/\/www.welaunch.io\/es\/product\/woocommerce-gallery-images\/","title":{"rendered":"Im\u00e1genes de la galer\u00eda de productos y variaciones de WooCommerce"},"content":{"rendered":"\n\t<section class=\"section\" id=\"section_594516830\">\n\t\t<div class=\"section-bg fill\" >\n\t\t\t\t\t\t\t\t\t\n\t\t\t\n\n\t\t<\/div>\n\n\t\t\n\n\t\t<div class=\"section-content relative\">\n\t\t\t<div class=\"row row-solid\"  id=\"row-1170763239\">\n\t<div id=\"col-2026894504\" class=\"col medium-4 small-12 large-4\"  >\n\t\t\t\t<div class=\"col-inner text-center\"  >\n\t\t\t\n\t\t\t\n\t\t<div class=\"icon-box featured-box icon-box-center text-center\"  >\n\t\t\t\t\t<div class=\"icon-box-img\" style=\"width: 79px\">\n\t\t\t\t<div class=\"icon\">\n\t\t\t\t\t<div class=\"icon-inner\" style=\"color:rgb(101, 28, 255);\">\n\t\t\t\t\t\t<svg xmlns=\"http:\/\/www.w3.org\/2000\/svg\" viewBox=\"0 0 576 512\"><path d=\"M528 32H112c-26.51 0-48 21.49-48 48v16H48c-26.51 0-48 21.49-48 48v288c0 26.51 21.49 48 48 48h416c26.51 0 48-21.49 48-48v-16h16c26.51 0 48-21.49 48-48V80c0-26.51-21.49-48-48-48zm-48 400c0 8.822-7.178 16-16 16H48c-8.822 0-16-7.178-16-16V144c0-8.822 7.178-16 16-16h16v240c0 26.51 21.49 48 48 48h368v16zm64-64c0 8.822-7.178 16-16 16H112c-8.822 0-16-7.178-16-16V80c0-8.822 7.178-16 16-16h416c8.822 0 16 7.178 16 16v288zM176 200c30.928 0 56-25.072 56-56s-25.072-56-56-56-56 25.072-56 56 25.072 56 56 56zm0-80c13.234 0 24 10.766 24 24s-10.766 24-24 24-24-10.766-24-24 10.766-24 24-24zm240.971 23.029c-9.373-9.373-24.568-9.373-33.941 0L288 238.059l-31.029-31.03c-9.373-9.373-24.569-9.373-33.941 0l-88 88A24.002 24.002 0 0 0 128 312v28c0 6.627 5.373 12 12 12h360c6.627 0 12-5.373 12-12v-92c0-6.365-2.529-12.47-7.029-16.971l-88-88zM480 320H160v-4.686l80-80 48 48 112-112 80 80V320z\"\/><\/svg>\t\t\t\t\t<\/div>\n\t\t\t\t<\/div>\n\t\t\t<\/div>\n\t\t\t\t<div class=\"icon-box-text last-reset\">\n\t\t\t<h5 class=\"uppercase\">A\u00f1adir im\u00e1genes de la galer\u00eda de variaciones<\/h5>\t\t\t\t\t\tMostrar m\u00faltiples im\u00e1genes para cada producto de la variaci\u00f3n de WooCommerce con facilidad.\t\t<\/div>\n\t<\/div>\n\t\n\t\t\t<\/div>\n\t\t\t\t\t<\/div>\n\n\t\n\t<div id=\"col-193492267\" class=\"col medium-4 small-12 large-4\"  >\n\t\t\t\t<div class=\"col-inner\"  >\n\t\t\t\n\t\t\t\n\t\t<div class=\"icon-box featured-box icon-box-center text-center\"  >\n\t\t\t\t\t<div class=\"icon-box-img\" style=\"width: 77px\">\n\t\t\t\t<div class=\"icon\">\n\t\t\t\t\t<div class=\"icon-inner\" style=\"color:rgb(101, 28, 255);\">\n\t\t\t\t\t\t<svg xmlns=\"http:\/\/www.w3.org\/2000\/svg\" viewBox=\"0 0 512 512\"><path d=\"M464 64H48C21.49 64 0 85.49 0 112v288c0 26.51 21.49 48 48 48h416c26.51 0 48-21.49 48-48V112c0-26.51-21.49-48-48-48zm16 336c0 8.822-7.178 16-16 16H48c-8.822 0-16-7.178-16-16V112c0-8.822 7.178-16 16-16h416c8.822 0 16 7.178 16 16v288zM112 232c30.928 0 56-25.072 56-56s-25.072-56-56-56-56 25.072-56 56 25.072 56 56 56zm0-80c13.234 0 24 10.766 24 24s-10.766 24-24 24-24-10.766-24-24 10.766-24 24-24zm207.029 23.029L224 270.059l-31.029-31.029c-9.373-9.373-24.569-9.373-33.941 0l-88 88A23.998 23.998 0 0 0 64 344v28c0 6.627 5.373 12 12 12h360c6.627 0 12-5.373 12-12v-92c0-6.365-2.529-12.47-7.029-16.971l-88-88c-9.373-9.372-24.569-9.372-33.942 0zM416 352H96v-4.686l80-80 48 48 112-112 80 80V352z\"\/><\/svg>\t\t\t\t\t<\/div>\n\t\t\t\t<\/div>\n\t\t\t<\/div>\n\t\t\t\t<div class=\"icon-box-text last-reset\">\n\t\t\t<h5 class=\"uppercase\">Funcionalidades de la galer\u00eda<\/h5>\t\t\t\t\t\tActive las opciones de lightbox, zoom, pantalla completa o galer\u00eda de productos de navegaci\u00f3n con un solo clic.\t\t<\/div>\n\t<\/div>\n\t\n\t\t\t<\/div>\n\t\t\t\t\t<\/div>\n\n\t\n\t<div id=\"col-1089971982\" class=\"col medium-4 small-12 large-4\"  >\n\t\t\t\t<div class=\"col-inner\"  >\n\t\t\t\n\t\t\t\n\t\t<div class=\"icon-box featured-box icon-box-center text-center\"  >\n\t\t\t\t\t<div class=\"icon-box-img\" style=\"width: 61px\">\n\t\t\t\t<div class=\"icon\">\n\t\t\t\t\t<div class=\"icon-inner\" style=\"color:rgb(101, 28, 255);\">\n\t\t\t\t\t\t<svg xmlns=\"http:\/\/www.w3.org\/2000\/svg\" viewBox=\"0 0 512 512\"><path d=\"M288 32c0 17.673-14.327 32-32 32s-32-14.327-32-32 14.327-32 32-32 32 14.327 32 32zm-32 416c-17.673 0-32 14.327-32 32s14.327 32 32 32 32-14.327 32-32-14.327-32-32-32zm256-192c0-17.673-14.327-32-32-32s-32 14.327-32 32 14.327 32 32 32 32-14.327 32-32zm-448 0c0-17.673-14.327-32-32-32S0 238.327 0 256s14.327 32 32 32 32-14.327 32-32zm33.608 126.392c-17.673 0-32 14.327-32 32s14.327 32 32 32 32-14.327 32-32-14.327-32-32-32zm316.784 0c-17.673 0-32 14.327-32 32s14.327 32 32 32 32-14.327 32-32-14.327-32-32-32zM97.608 65.608c-17.673 0-32 14.327-32 32 0 17.673 14.327 32 32 32s32-14.327 32-32c0-17.673-14.327-32-32-32z\"\/><\/svg>\t\t\t\t\t<\/div>\n\t\t\t\t<\/div>\n\t\t\t<\/div>\n\t\t\t\t<div class=\"icon-box-text last-reset\">\n\t\t\t<h5 class=\"uppercase\">Carga de rendimiento<\/h5>\t\t\t\t\t\tA diferencia de otros plugins, utilizamos la carga AJAX para obtener todos los archivos de imagen.\t\t<\/div>\n\t<\/div>\n\t\n\t\t\t<\/div>\n\t\t\t\t\t<\/div>\n\n\t<\/div>\t\t<\/div>\n\n\t\t\n<style>\n#section_594516830 {\n  padding-top: 30px;\n  padding-bottom: 30px;\n}\n<\/style>\n\t<\/section>\n\t\n\t<section class=\"section dark\" id=\"section_171691662\">\n\t\t<div class=\"section-bg fill\" >\n\t\t\t\t\t\t\t\t\t<div class=\"section-bg-overlay absolute fill\"><\/div>\n\t\t\t\n\n\t\t<\/div>\n\n\t\t\n\n\t\t<div class=\"section-content relative\">\n\t\t\t<div class=\"row align-middle align-center\"  id=\"row-983402481\">\n\t<div id=\"col-171809054\" class=\"col medium-12 small-12 large-6\"  >\n\t\t\t\t<div class=\"col-inner\"  >\n\t\t\t\n\t\t\t\n<h2>A\u00f1adir im\u00e1genes de variaci\u00f3n<\/h2>\n<p>Las im\u00e1genes adicionales de la galer\u00eda suelen aumentar las conversiones de su tienda. Los clientes pueden ver detalles de sus productos, inspeccionar diferentes \u00e1ngulos y materiales.Lamentablemente WooCommerce no ofrece la posibilidad de a\u00f1adir m\u00faltiples im\u00e1genes a productos de una sola variaci\u00f3n. Aqu\u00ed es donde entra en juego nuestro plugin. Despu\u00e9s de la instalaci\u00f3n, puede a\u00f1adir todos los detalles de las variaciones que desee.<\/p>\n<ul>\n<li>Im\u00e1genes de la galer\u00eda de variaciones ilimitadas<\/li>\n<li>Mostrar las im\u00e1genes de la galer\u00eda en el bucle de la tienda (se necesita el plugin Single Variation)<\/li>\n<li>M\u00faltiples opciones de Galer\u00eda<\/li>\n<\/ul>\n<a href=\"https:\/\/demos.welaunch.io\/woocommerce-variation-gallery-images\/product\/variable-t-shirt\/?attribute_pa_color=red\" target=\"_blank\" class=\"button white is-link\" rel=\"noopener\">\n\t\t<span>Ver demostraci\u00f3n<\/span>\n\t<\/a>\n\t\t<\/div>\n\t\t\t\t\t<\/div>\n\n\t\n\t<div id=\"col-2046064884\" class=\"col medium-12 small-12 large-6\"  >\n\t\t\t\t<div class=\"col-inner text-center\"  >\n\t\t\t\n\t\t\t<div class=\"video video-fit mb box-shadow-2 box-shadow-3-hover\" style=\"padding-top:56.25%;\"><p><iframe title=\"WooCommerce Variation Gallery Images\" width=\"1020\" height=\"574\" src=\"https:\/\/www.youtube.com\/embed\/_ury1jtPDcw?feature=oembed\" frameborder=\"0\" allow=\"accelerometer; autoplay; clipboard-write; encrypted-media; gyroscope; picture-in-picture\" allowfullscreen><\/iframe><\/p>\n<\/div>\t\t<\/div>\n\t\t\t\t\t<\/div>\n\n\t<\/div>\t\t<\/div>\n\n\t\t\n<style>\n#section_171691662 {\n  padding-top: 40px;\n  padding-bottom: 40px;\n}\n#section_171691662 .section-bg-overlay {\n  background-color: rgb(49, 113, 238);\n}\n@media (min-width:550px) {\n  #section_171691662 {\n    padding-top: 50px;\n    padding-bottom: 50px;\n  }\n}\n@media (min-width:850px) {\n  #section_171691662 {\n    padding-top: 80px;\n    padding-bottom: 80px;\n  }\n}\n<\/style>\n\t<\/section>\n\t\n\t<section class=\"section\" id=\"section_358488701\">\n\t\t<div class=\"section-bg fill\" >\n\t\t\t\t\t\t\t\t\t\n\t\t\t\n\n\t\t<\/div>\n\n\t\t\n\n\t\t<div class=\"section-content relative\">\n\t\t\t<div class=\"row align-middle align-center\"  id=\"row-931097566\">\n\t<div id=\"col-14899524\" class=\"col medium-12 small-12 large-6\"  >\n\t\t\t\t<div class=\"col-inner text-center\"  >\n\t\t\t\n\t\t\t\t<div class=\"img has-hover x md-x lg-x y md-y lg-y\" id=\"image_1653720989\">\n\t\t\t\t\t\t<div data-animate=\"fadeInLeft\">\t\t<div class=\"img-inner dark\" >\n\t\t\t<img loading=\"lazy\" decoding=\"async\" width=\"1020\" height=\"403\" src=\"https:\/\/www.welaunch.io\/es\/wp-content\/uploads\/sites\/12\/2020\/10\/Show-Variation-Gallery-images-in-Shop-Loop-amp-Categories-1024x405.png\" class=\"attachment-large size-large\" alt=\"Show Variation Gallery images in Shop Loop &amp; Categories\" srcset=\"https:\/\/www.welaunch.io\/es\/wp-content\/uploads\/sites\/12\/2020\/10\/Show-Variation-Gallery-images-in-Shop-Loop-amp-Categories-1024x405.png 1024w, https:\/\/www.welaunch.io\/es\/wp-content\/uploads\/sites\/12\/2020\/10\/Show-Variation-Gallery-images-in-Shop-Loop-amp-Categories-300x119.png 300w, https:\/\/www.welaunch.io\/es\/wp-content\/uploads\/sites\/12\/2020\/10\/Show-Variation-Gallery-images-in-Shop-Loop-amp-Categories-768x304.png 768w, https:\/\/www.welaunch.io\/es\/wp-content\/uploads\/sites\/12\/2020\/10\/Show-Variation-Gallery-images-in-Shop-Loop-amp-Categories-510x202.png 510w, https:\/\/www.welaunch.io\/es\/wp-content\/uploads\/sites\/12\/2020\/10\/Show-Variation-Gallery-images-in-Shop-Loop-amp-Categories.png 1157w\" sizes=\"auto, (max-width: 1020px) 100vw, 1020px\" \/>\t\t\t\t\t\t\n\t\t\t\t\t<\/div>\n\t\t<\/div>\t\t\t\t\t\t\n<style>\n#image_1653720989 {\n  width: 100%;\n}\n<\/style>\n\t<\/div>\n\t\t\t<\/div>\n\t\t\t\t\t<\/div>\n\n\t\n\t<div id=\"col-2060352195\" class=\"col medium-12 small-12 large-6 medium-col-first\"  >\n\t\t\t\t<div class=\"col-inner\"  >\n\t\t\t\n\t\t\t\n<h2>Mostrar las im\u00e1genes de la Galer\u00eda de Variaciones en el Bucle de la Tienda y en las Categor\u00edas<\/h2>\n<p>Si ya utiliza nuestro plugin WooCommerce Show single variations, entonces puede utilizar nuestro plugin gallery images para mostrar la segunda imagen de la galer\u00eda directamente en el bucle de su tienda (e.g. al pasar por encima). Si utilizas cualquier tema popular como Flatsome, entonces funcionar\u00e1 sin ninguna complicaci\u00f3n.<a href=\"https:\/\/demos.welaunch.io\/woocommerce-variation-gallery-images\/\" target=\"_blank\" class=\"button primary is-link\" rel=\"noopener\">\n\t\t<span>Ver demostraci\u00f3n<\/span>\n\t<\/a>\n\t\t<\/div>\n\t\t\t\t\t<\/div>\n\n\t<\/div>\t\t<\/div>\n\n\t\t\n<style>\n#section_358488701 {\n  padding-top: 20px;\n  padding-bottom: 20px;\n}\n@media (min-width:550px) {\n  #section_358488701 {\n    padding-top: 50px;\n    padding-bottom: 50px;\n  }\n}\n@media (min-width:850px) {\n  #section_358488701 {\n    padding-top: 80px;\n    padding-bottom: 80px;\n  }\n}\n<\/style>\n\t<\/section>\n\t\n\t<section class=\"section dark\" id=\"section_1572374581\">\n\t\t<div class=\"section-bg fill\" >\n\t\t\t\t\t\t\t\t\t<div class=\"section-bg-overlay absolute fill\"><\/div>\n\t\t\t\n\n\t\t<\/div>\n\n\t\t\n\n\t\t<div class=\"section-content relative\">\n\t\t\t<div class=\"row align-middle align-center\"  id=\"row-286970498\">\n\t<div id=\"col-1939828784\" class=\"col medium-12 small-12 large-6\"  >\n\t\t\t\t<div class=\"col-inner\"  >\n\t\t\t\n\t\t\t\n<h2>M\u00faltiples opciones de im\u00e1genes de la galer\u00eda de WooCommerce<\/h2>\n<p>Como utilizamos uno de los plugins de carrusel m\u00e1s populares, hemos hecho posible que puedas utilizar todas las opciones. Active o desactive las opciones en la configuraci\u00f3n del plugin con facilidad y ver\u00e1 todos los cambios en directo.<\/p>\n<ul>\n<li>Mostrar flechas anteriores \/ siguientes<\/li>\n<li>A\u00f1adir puntos de paginaci\u00f3n del deslizador<\/li>\n<li>Permitir la funcionalidad de pantalla completa<\/li>\n<li>Anular las soluciones de imagen de la galer\u00eda por defecto<\/li>\n<\/ul>\n<a href=\"https:\/\/demos.welaunch.io\/woocommerce-variation-gallery-images\/product\/variable-t-shirt\/\" target=\"_blank\" class=\"button white is-link\" rel=\"noopener\">\n\t\t<span>Ver demostraci\u00f3n<\/span>\n\t<\/a>\n\t\t<\/div>\n\t\t\t\t\t<\/div>\n\n\t\n\t<div id=\"col-1702216409\" class=\"col medium-12 small-12 large-6\"  >\n\t\t\t\t<div class=\"col-inner text-center\"  >\n\t\t\t\n\t\t\t\t<div class=\"img has-hover x md-x lg-x y md-y lg-y\" id=\"image_69559414\">\n\t\t<a class=\"image-lightbox lightbox-gallery\" title=\"\" href=\"https:\/\/www.welaunch.io\/es\/wp-content\/uploads\/sites\/12\/2020\/10\/Multiple-WooCommerce-Gallery-Images-Options-1024x512.png\">\t\t\t\t<div data-animate=\"fadeInRight\">\t\t<div class=\"img-inner box-shadow-3-hover dark\" >\n\t\t\t<img loading=\"lazy\" decoding=\"async\" width=\"1020\" height=\"510\" src=\"https:\/\/www.welaunch.io\/es\/wp-content\/uploads\/sites\/12\/2020\/10\/Multiple-WooCommerce-Gallery-Images-Options-1024x512.png\" class=\"attachment-large size-large\" alt=\"Multiple WooCommerce Gallery Images Options\" srcset=\"https:\/\/www.welaunch.io\/es\/wp-content\/uploads\/sites\/12\/2020\/10\/Multiple-WooCommerce-Gallery-Images-Options-1024x512.png 1024w, https:\/\/www.welaunch.io\/es\/wp-content\/uploads\/sites\/12\/2020\/10\/Multiple-WooCommerce-Gallery-Images-Options-300x150.png 300w, https:\/\/www.welaunch.io\/es\/wp-content\/uploads\/sites\/12\/2020\/10\/Multiple-WooCommerce-Gallery-Images-Options-768x384.png 768w, https:\/\/www.welaunch.io\/es\/wp-content\/uploads\/sites\/12\/2020\/10\/Multiple-WooCommerce-Gallery-Images-Options-1536x768.png 1536w, https:\/\/www.welaunch.io\/es\/wp-content\/uploads\/sites\/12\/2020\/10\/Multiple-WooCommerce-Gallery-Images-Options-510x255.png 510w, https:\/\/www.welaunch.io\/es\/wp-content\/uploads\/sites\/12\/2020\/10\/Multiple-WooCommerce-Gallery-Images-Options.png 1717w\" sizes=\"auto, (max-width: 1020px) 100vw, 1020px\" \/>\t\t\t\t\t\t\n\t\t\t\t\t<\/div>\n\t\t<\/div>\t\t\t\t<\/a>\t\t\n<style>\n#image_69559414 {\n  width: 100%;\n}\n<\/style>\n\t<\/div>\n\t\t\t<\/div>\n\t\t\t\t\t<\/div>\n\n\t<\/div>\t\t<\/div>\n\n\t\t\n<style>\n#section_1572374581 {\n  padding-top: 40px;\n  padding-bottom: 40px;\n}\n#section_1572374581 .section-bg-overlay {\n  background-color: #3171ee;\n}\n@media (min-width:550px) {\n  #section_1572374581 {\n    padding-top: 50px;\n    padding-bottom: 50px;\n  }\n}\n@media (min-width:850px) {\n  #section_1572374581 {\n    padding-top: 80px;\n    padding-bottom: 80px;\n  }\n}\n<\/style>\n\t<\/section>\n\t\n\t<section class=\"section\" id=\"section_774585183\">\n\t\t<div class=\"section-bg fill\" >\n\t\t\t\t\t\t\t\t\t\n\t\t\t\n\n\t\t<\/div>\n\n\t\t\n\n\t\t<div class=\"section-content relative\">\n\t\t\t<div class=\"row align-middle align-center\"  id=\"row-10130829\">\n\t<div id=\"col-1563530246\" class=\"col medium-12 small-12 large-6\"  >\n\t\t\t\t<div class=\"col-inner text-center\"  >\n\t\t\t\n\t\t\t\t<div class=\"img has-hover x md-x lg-x y md-y lg-y\" id=\"image_409649900\">\n\t\t\t\t\t\t<div data-animate=\"fadeInLeft\">\t\t<div class=\"img-inner dark\" >\n\t\t\t<img loading=\"lazy\" decoding=\"async\" width=\"1020\" height=\"551\" src=\"https:\/\/www.welaunch.io\/es\/wp-content\/uploads\/sites\/12\/2020\/10\/Keep-Variable-gallery-images-1024x553.jpg\" class=\"attachment-large size-large\" alt=\"Keep Variable gallery images\" srcset=\"https:\/\/www.welaunch.io\/es\/wp-content\/uploads\/sites\/12\/2020\/10\/Keep-Variable-gallery-images-1024x553.jpg 1024w, https:\/\/www.welaunch.io\/es\/wp-content\/uploads\/sites\/12\/2020\/10\/Keep-Variable-gallery-images-300x162.jpg 300w, https:\/\/www.welaunch.io\/es\/wp-content\/uploads\/sites\/12\/2020\/10\/Keep-Variable-gallery-images-768x415.jpg 768w, https:\/\/www.welaunch.io\/es\/wp-content\/uploads\/sites\/12\/2020\/10\/Keep-Variable-gallery-images-1536x830.jpg 1536w, https:\/\/www.welaunch.io\/es\/wp-content\/uploads\/sites\/12\/2020\/10\/Keep-Variable-gallery-images-2048x1107.jpg 2048w, https:\/\/www.welaunch.io\/es\/wp-content\/uploads\/sites\/12\/2020\/10\/Keep-Variable-gallery-images-510x276.jpg 510w\" sizes=\"auto, (max-width: 1020px) 100vw, 1020px\" \/>\t\t\t\t\t\t\n\t\t\t\t\t<\/div>\n\t\t<\/div>\t\t\t\t\t\t\n<style>\n#image_409649900 {\n  width: 100%;\n}\n<\/style>\n\t<\/div>\n\t\t\t<\/div>\n\t\t\t\t\t<\/div>\n\n\t\n\t<div id=\"col-1816381271\" class=\"col medium-12 small-12 large-6 medium-col-first\"  >\n\t\t\t\t<div class=\"col-inner\"  >\n\t\t\t\n\t\t\t\n<h2>Mantener las im\u00e1genes de la galer\u00eda variable<\/h2>\n<p>Otros plugins suelen eliminar la galer\u00eda de productos variable por defecto. Tenemos una opci\u00f3n para mantener estas im\u00e1genes. De esta forma, puede seguir mostrando las im\u00e1genes generales de los detalles del producto para cada variaci\u00f3n, en lugar de asignarlas manualmente a cada una de ellas.<a href=\"https:\/\/demos.welaunch.io\/woocommerce-variation-gallery-images\/product\/variable-t-shirt\/\" target=\"_blank\" class=\"button primary is-link\" rel=\"noopener\">\n\t\t<span>Ver demostraci\u00f3n<\/span>\n\t<\/a>\n\t\t<\/div>\n\t\t\t\t\t<\/div>\n\n\t<\/div>\t\t<\/div>\n\n\t\t\n<style>\n#section_774585183 {\n  padding-top: 40px;\n  padding-bottom: 40px;\n}\n@media (min-width:550px) {\n  #section_774585183 {\n    padding-top: 50px;\n    padding-bottom: 50px;\n  }\n}\n@media (min-width:850px) {\n  #section_774585183 {\n    padding-top: 80px;\n    padding-bottom: 80px;\n  }\n}\n<\/style>\n\t<\/section>\n\t\n\t<section class=\"section dark\" id=\"section_1635233682\">\n\t\t<div class=\"section-bg fill\" >\n\t\t\t\t\t\t\t\t\t<div class=\"section-bg-overlay absolute fill\"><\/div>\n\t\t\t\n\n\t\t<\/div>\n\n\t\t\n\n\t\t<div class=\"section-content relative\">\n\t\t\t<div class=\"row align-middle align-center\"  id=\"row-918284217\">\n\t<div id=\"col-1226101014\" class=\"col medium-12 small-12 large-6 medium-col-first\"  >\n\t\t\t\t<div class=\"col-inner\"  >\n\t\t\t\n\t\t\t\n<h2>Mostrar todas las im\u00e1genes de variaci\u00f3n en la Galer\u00eda de Variables<\/h2>\n<p>Con la activaci\u00f3n de un ajuste, puede mostrar todas las im\u00e1genes de variaci\u00f3n en su galer\u00eda de productos variables. Deje de asignar manualmente las im\u00e1genes de la galer\u00eda a cada variaci\u00f3n y variable.<a href=\"https:\/\/demos.welaunch.io\/woocommerce-variation-gallery-images\/product\/variable-t-shirt\/\" target=\"_blank\" class=\"button white is-link\" rel=\"noopener\">\n\t\t<span>Ver demostraci\u00f3n de administraci\u00f3n<\/span>\n\t<\/a>\n\t\t<\/div>\n\t\t\t\t\t<\/div>\n\n\t\n\t<div id=\"col-2053252531\" class=\"col medium-12 small-12 large-6 small-col-first\"  >\n\t\t\t\t<div class=\"col-inner text-center\"  >\n\t\t\t\n\t\t\t\t<div class=\"img has-hover x md-x lg-x y md-y lg-y\" id=\"image_1727191571\">\n\t\t\t\t\t\t<div data-animate=\"fadeInRight\">\t\t<div class=\"img-inner box-shadow-3 dark\" >\n\t\t\t<img loading=\"lazy\" decoding=\"async\" width=\"1020\" height=\"631\" src=\"https:\/\/www.welaunch.io\/es\/wp-content\/uploads\/sites\/12\/2020\/10\/show-all-variation-images-in-Variable-Gallery-1024x633.png\" class=\"attachment-large size-large\" alt=\"show all variation images in Variable Gallery\" srcset=\"https:\/\/www.welaunch.io\/es\/wp-content\/uploads\/sites\/12\/2020\/10\/show-all-variation-images-in-Variable-Gallery-1024x633.png 1024w, https:\/\/www.welaunch.io\/es\/wp-content\/uploads\/sites\/12\/2020\/10\/show-all-variation-images-in-Variable-Gallery-300x185.png 300w, https:\/\/www.welaunch.io\/es\/wp-content\/uploads\/sites\/12\/2020\/10\/show-all-variation-images-in-Variable-Gallery-768x475.png 768w, https:\/\/www.welaunch.io\/es\/wp-content\/uploads\/sites\/12\/2020\/10\/show-all-variation-images-in-Variable-Gallery-510x315.png 510w, https:\/\/www.welaunch.io\/es\/wp-content\/uploads\/sites\/12\/2020\/10\/show-all-variation-images-in-Variable-Gallery.png 1225w\" sizes=\"auto, (max-width: 1020px) 100vw, 1020px\" \/>\t\t\t\t\t\t\n\t\t\t\t\t<\/div>\n\t\t<\/div>\t\t\t\t\t\t\n<style>\n#image_1727191571 {\n  width: 100%;\n}\n<\/style>\n\t<\/div>\n\t\t\t<\/div>\n\t\t\t\t\t<\/div>\n\n\t<\/div>\t\t<\/div>\n\n\t\t\n<style>\n#section_1635233682 {\n  padding-top: 40px;\n  padding-bottom: 40px;\n}\n#section_1635233682 .section-bg-overlay {\n  background-color: #3171ee;\n}\n@media (min-width:550px) {\n  #section_1635233682 {\n    padding-top: 50px;\n    padding-bottom: 50px;\n  }\n}\n@media (min-width:850px) {\n  #section_1635233682 {\n    padding-top: 80px;\n    padding-bottom: 80px;\n  }\n}\n<\/style>\n\t<\/section>\n\t\n\t<section class=\"section\" id=\"section_1810857738\">\n\t\t<div class=\"section-bg fill\" >\n\t\t\t\t\t\t\t\t\t\n\t\t\t\n\n\t\t<\/div>\n\n\t\t\n\n\t\t<div class=\"section-content relative\">\n\t\t\t<div class=\"row align-middle align-center\"  id=\"row-2123330480\">\n\t<div id=\"col-103028813\" class=\"col medium-12 small-12 large-6\"  >\n\t\t\t\t<div class=\"col-inner text-center\"  >\n\t\t\t\n\t\t\t\t<div class=\"img has-hover x md-x lg-x y md-y lg-y\" id=\"image_1172607853\">\n\t\t<a class=\"image-lightbox lightbox-gallery\" title=\"\" href=\"https:\/\/www.welaunch.io\/es\/wp-content\/uploads\/sites\/12\/2020\/10\/variation-gallery-images-admin-panel.png\">\t\t\t\t\t\t<div class=\"img-inner box-shadow-2 box-shadow-3-hover dark\" >\n\t\t\t<img loading=\"lazy\" decoding=\"async\" width=\"986\" height=\"716\" src=\"https:\/\/www.welaunch.io\/es\/wp-content\/uploads\/sites\/12\/2020\/10\/variation-gallery-images-admin-panel.png\" class=\"attachment-large size-large\" alt=\"variation gallery images admin panel\" srcset=\"https:\/\/www.welaunch.io\/es\/wp-content\/uploads\/sites\/12\/2020\/10\/variation-gallery-images-admin-panel.png 986w, https:\/\/www.welaunch.io\/es\/wp-content\/uploads\/sites\/12\/2020\/10\/variation-gallery-images-admin-panel-300x218.png 300w, https:\/\/www.welaunch.io\/es\/wp-content\/uploads\/sites\/12\/2020\/10\/variation-gallery-images-admin-panel-768x558.png 768w, https:\/\/www.welaunch.io\/es\/wp-content\/uploads\/sites\/12\/2020\/10\/variation-gallery-images-admin-panel-510x370.png 510w\" sizes=\"auto, (max-width: 986px) 100vw, 986px\" \/>\t\t\t\t\t\t\n\t\t\t\t\t<\/div>\n\t\t\t\t\t\t<\/a>\t\t\n<style>\n#image_1172607853 {\n  width: 100%;\n}\n<\/style>\n\t<\/div>\n\t\t\t<\/div>\n\t\t\t\t\t<\/div>\n\n\t\n\t<div id=\"col-1438731830\" class=\"col medium-12 small-12 large-6 medium-col-first\"  >\n\t\t\t\t<div class=\"col-inner\"  >\n\t\t\t\n\t\t\t\n<h2>Activar y desactivar opciones con simples clics<\/h2>\n<p>Todas las funciones de nuestro plugin son independientes y pueden activarse o desactivarse a su gusto.<a href=\"https:\/\/demos.welaunch.io\/woocommerce-variation-gallery-images\/wp-admin\/admin.php?page=woocommerce_variation_gallery_images_options_options\" target=\"_blank\" class=\"button primary is-link\" rel=\"noopener\">\n\t\t<span>Ver demostraci\u00f3n de administraci\u00f3n<\/span>\n\t<\/a>\n\t\t<\/div>\n\t\t\t\t\t<\/div>\n\n\t<\/div>\t\t<\/div>\n\n\t\t\n<style>\n#section_1810857738 {\n  padding-top: 20px;\n  padding-bottom: 20px;\n}\n@media (min-width:550px) {\n  #section_1810857738 {\n    padding-top: 50px;\n    padding-bottom: 50px;\n  }\n}\n@media (min-width:850px) {\n  #section_1810857738 {\n    padding-top: 80px;\n    padding-bottom: 80px;\n  }\n}\n<\/style>\n\t<\/section>\n\t\n","protected":false},"excerpt":{"rendered":"<p>Aumente las ventas y muestre todos los detalles de sus productos con una nueva \/ intuitiva galer\u00eda de productos de WooCommerce. Agregue im\u00e1genes ilimitadas de la galer\u00eda a sus productos de WooCommerce Variation con facilidad.<\/p>\n","protected":false},"featured_media":6089,"comment_status":"open","ping_status":"closed","template":"","meta":{"inline_featured_image":false},"product_brand":[],"product_cat":[43,41],"product_tag":[],"class_list":{"0":"post-6070","1":"product","2":"type-product","3":"status-publish","4":"has-post-thumbnail","6":"product_cat-woocommerce-plugins","7":"product_cat-plugins","9":"first","10":"instock","11":"shipping-taxable","12":"purchasable","13":"product-type-variable"},"_links":{"self":[{"href":"https:\/\/www.welaunch.io\/es\/wp-json\/wp\/v2\/product\/6070","targetHints":{"allow":["GET"]}}],"collection":[{"href":"https:\/\/www.welaunch.io\/es\/wp-json\/wp\/v2\/product"}],"about":[{"href":"https:\/\/www.welaunch.io\/es\/wp-json\/wp\/v2\/types\/product"}],"replies":[{"embeddable":true,"href":"https:\/\/www.welaunch.io\/es\/wp-json\/wp\/v2\/comments?post=6070"}],"wp:featuredmedia":[{"embeddable":true,"href":"https:\/\/www.welaunch.io\/es\/wp-json\/wp\/v2\/media\/6089"}],"wp:attachment":[{"href":"https:\/\/www.welaunch.io\/es\/wp-json\/wp\/v2\/media?parent=6070"}],"wp:term":[{"taxonomy":"product_brand","embeddable":true,"href":"https:\/\/www.welaunch.io\/es\/wp-json\/wp\/v2\/product_brand?post=6070"},{"taxonomy":"product_cat","embeddable":true,"href":"https:\/\/www.welaunch.io\/es\/wp-json\/wp\/v2\/product_cat?post=6070"},{"taxonomy":"product_tag","embeddable":true,"href":"https:\/\/www.welaunch.io\/es\/wp-json\/wp\/v2\/product_tag?post=6070"}],"curies":[{"name":"wp","href":"https:\/\/api.w.org\/{rel}","templated":true}]}}