{"id":4656,"date":"2020-07-08T14:15:18","date_gmt":"2020-07-08T12:15:18","guid":{"rendered":"https:\/\/www.welaunch.io\/es\/?post_type=product&#038;p=4656"},"modified":"2025-08-28T13:41:36","modified_gmt":"2025-08-28T11:41:36","slug":"wordpress-pdf-catalog","status":"publish","type":"product","link":"https:\/\/www.welaunch.io\/es\/product\/wordpress-pdf-catalog\/","title":{"rendered":"Cat\u00e1logo PDF de WordPress"},"content":{"rendered":"\n\t<section class=\"section\" id=\"section_1962651316\">\n\t\t<div class=\"section-bg fill\" >\n\t\t\t\t\t\t\t\t\t\n\t\t\t\n\n\t\t<\/div>\n\n\t\t\n\n\t\t<div class=\"section-content relative\">\n\t\t\t<div class=\"row row-solid\"  id=\"row-718077122\">\n\t<div id=\"col-441554947\" class=\"col medium-4 small-12 large-4\"  >\n\t\t\t\t<div class=\"col-inner text-center\"  >\n\t\t\t\n\t\t\t\n\t\t<div class=\"icon-box featured-box icon-box-center text-center\"  >\n\t\t\t\t\t<div class=\"icon-box-img\" style=\"width: 48px\">\n\t\t\t\t<div class=\"icon\">\n\t\t\t\t\t<div class=\"icon-inner\" style=\"color:rgb(101, 28, 255);\">\n\t\t\t\t\t\t<svg xmlns=\"http:\/\/www.w3.org\/2000\/svg\" viewBox=\"0 0 384 512\"><path d=\"M369.9 97.9L286 14C277 5 264.8-.1 252.1-.1H48C21.5 0 0 21.5 0 48v416c0 26.5 21.5 48 48 48h288c26.5 0 48-21.5 48-48V131.9c0-12.7-5.1-25-14.1-34zm-22.6 22.7c2.1 2.1 3.5 4.6 4.2 7.4H256V32.5c2.8.7 5.3 2.1 7.4 4.2l83.9 83.9zM336 480H48c-8.8 0-16-7.2-16-16V48c0-8.8 7.2-16 16-16h176v104c0 13.3 10.7 24 24 24h104v304c0 8.8-7.2 16-16 16zm-22-171.2c-13.5-13.3-55-9.2-73.7-6.7-21.2-12.8-35.2-30.4-45.1-56.6 4.3-18 12-47.2 6.4-64.9-4.4-28.1-39.7-24.7-44.6-6.8-5 18.3-.3 44.4 8.4 77.8-11.9 28.4-29.7 66.9-42.1 88.6-20.8 10.7-54.1 29.3-58.8 52.4-3.5 16.8 22.9 39.4 53.1 6.4 9.1-9.9 19.3-24.8 31.3-45.5 26.7-8.8 56.1-19.8 82-24 21.9 12 47.6 19.9 64.6 19.9 27.7.1 28.9-30.2 18.5-40.6zm-229.2 89c5.9-15.9 28.6-34.4 35.5-40.8-22.1 35.3-35.5 41.5-35.5 40.8zM180 175.5c8.7 0 7.8 37.5 2.1 47.6-5.2-16.3-5-47.6-2.1-47.6zm-28.4 159.3c11.3-19.8 21-43.2 28.8-63.7 9.7 17.7 22.1 31.7 35.1 41.5-24.3 4.7-45.4 15.1-63.9 22.2zm153.4-5.9s-5.8 7-43.5-9.1c41-3 47.7 6.4 43.5 9.1z\"\/><\/svg>\t\t\t\t\t<\/div>\n\t\t\t\t<\/div>\n\t\t\t<\/div>\n\t\t\t\t<div class=\"icon-box-text last-reset\">\n\t\t\t<h5 class=\"uppercase\">Exportar el blog como PDF<\/h5>\t\t\t\t\t\t\n<p>Exportar todas las entradas del blog de WordPress como un PDF<\/p>\n\t\t<\/div>\n\t<\/div>\n\t\n\t\t\t<\/div>\n\t\t\t\t\t<\/div>\n\n\t\n\t<div id=\"col-2054583913\" class=\"col medium-4 small-12 large-4\"  >\n\t\t\t\t<div class=\"col-inner text-center\"  >\n\t\t\t\n\t\t\t\n\t\t<div class=\"icon-box featured-box icon-box-center text-center\"  >\n\t\t\t\t\t<div class=\"icon-box-img\" style=\"width: 59px\">\n\t\t\t\t<div class=\"icon\">\n\t\t\t\t\t<div class=\"icon-inner\" style=\"color:rgb(101, 28, 255);\">\n\t\t\t\t\t\t<svg xmlns=\"http:\/\/www.w3.org\/2000\/svg\" viewBox=\"0 0 512 512\"><path d=\"M489.17 144.05C547.44 80.02 483.28 0 418.52 0c-23.39 0-46.87 10.44-64.68 35.85L187.9 284.01c-45.13 2.9-86.1 20.09-109.34 81.34-2.65 6.99-9 11.22-16.41 11.22-12.49 0-51.14-31.13-62.15-38.65C0 430.58 42.67 512 144 512c141.21 0 145.89-117.04 142.91-145.49l.02-.02 202.24-222.44zM230.96 449.18C212.54 469.63 183.28 480 144 480c-62.08 0-90.15-37.47-102.57-76.29 7.55 3.32 14.15 4.86 20.72 4.86 20.81 0 39-12.52 46.33-31.87 6.86-18.09 17.63-56.66 89.31-61.26L254.68 366c2.96 28.21-4.08 61.37-23.72 83.18zm39.4-112.03l-49.86-44.32L380.05 54.22C390.38 39.47 403.33 32 418.52 32c22.9 0 47.56 16.71 57.36 38.88 7.94 17.96 4.45 35.34-10.39 51.64L270.36 337.15z\"\/><\/svg>\t\t\t\t\t<\/div>\n\t\t\t\t<\/div>\n\t\t\t<\/div>\n\t\t\t\t<div class=\"icon-box-text last-reset\">\n\t\t\t<h5 class=\"uppercase\">35 Dise\u00f1os<\/h5>\t\t\t\t\t\t\n<p>Elige entre m\u00e1s de 35 opciones de dise\u00f1o posibles, utiliza Google Fonts y dale el estilo que quieras<\/p>\n\t\t<\/div>\n\t<\/div>\n\t\n\t\t\t<\/div>\n\t\t\t\t\t<\/div>\n\n\t\n\t<div id=\"col-1199435917\" class=\"col medium-4 small-12 large-4\"  >\n\t\t\t\t<div class=\"col-inner text-center\"  >\n\t\t\t\n\t\t\t\n\t\t<div class=\"icon-box featured-box icon-box-center text-center\"  >\n\t\t\t\t\t<div class=\"icon-box-img\" style=\"width: 59px\">\n\t\t\t\t<div class=\"icon\">\n\t\t\t\t\t<div class=\"icon-inner\" style=\"color:rgb(101, 28, 255);\">\n\t\t\t\t\t\t<svg xmlns=\"http:\/\/www.w3.org\/2000\/svg\" viewBox=\"0 0 448 512\"><path d=\"M224 32c106 0 192 28.75 192 64v32c0 35.25-86 64-192 64S32 163.25 32 128V96c0-35.25 86-64 192-64m192 149.5V224c0 35.25-86 64-192 64S32 259.25 32 224v-42.5c41.25 29 116.75 42.5 192 42.5s150.749-13.5 192-42.5m0 96V320c0 35.25-86 64-192 64S32 355.25 32 320v-42.5c41.25 29 116.75 42.5 192 42.5s150.749-13.5 192-42.5m0 96V416c0 35.25-86 64-192 64S32 451.25 32 416v-42.5c41.25 29 116.75 42.5 192 42.5s150.749-13.5 192-42.5M224 0C145.858 0 0 18.801 0 96v320c0 77.338 146.096 96 224 96 78.142 0 224-18.801 224-96V96c0-77.338-146.096-96-224-96z\"\/><\/svg>\t\t\t\t\t<\/div>\n\t\t\t\t<\/div>\n\t\t\t<\/div>\n\t\t\t\t<div class=\"icon-box-text last-reset\">\n\t\t\t<h5 class=\"uppercase\">Datos para mostrar<\/h5>\t\t\t\t\t\t\n<p>Muestre un \u00edndice de contenidos, im\u00e1genes de publicaciones, c\u00f3digos QR, enlaces de lectura y mucho m\u00e1s<\/p>\n\t\t<\/div>\n\t<\/div>\n\t\n\t\t\t<\/div>\n\t\t\t\t\t<\/div>\n\n\t<\/div>\t\t<\/div>\n\n\t\t\n<style>\n#section_1962651316 {\n  padding-top: 30px;\n  padding-bottom: 30px;\n}\n<\/style>\n\t<\/section>\n\t\n\t<section class=\"section dark\" id=\"section_922318026\">\n\t\t<div class=\"section-bg fill\" >\n\t\t\t\t\t\t\t\t\t<div class=\"section-bg-overlay absolute fill\"><\/div>\n\t\t\t\n\n\t\t<\/div>\n\n\t\t\n\n\t\t<div class=\"section-content relative\">\n\t\t\t<div class=\"row align-middle align-center\"  id=\"row-815871399\">\n\t<div id=\"col-1120242346\" class=\"col medium-12 small-12 large-6\"  >\n\t\t\t\t<div class=\"col-inner\"  >\n\t\t\t\n\t\t\t\n<h2>Exportar todas las entradas de WordPress como PDF<\/h2>\n<p>Simplemente ofrezca a sus usuarios la opci\u00f3n de exportar los archivos de sus publicaciones en formato PDF Con un solo clic en el frontend, nuestro plugin generar\u00e1 un archivo de exportaci\u00f3n sobre la marcha<\/p>\n<ul>\n<li>Exportar todas las entradas o las basadas en categor\u00edas como PDF<\/li>\n<li>M\u00faltiples dise\u00f1os para entradas y categor\u00edas<\/li>\n<li>Elija los datos que desea mostrar<\/li>\n<\/ul>\n<a href=\"https:\/\/demos.welaunch.io\/wordpress-pdf-catalog\/\" target=\"_blank\" class=\"button white is-link\" rel=\"noopener\">\n\t\t<span>Ver demostraci\u00f3n<\/span>\n\t<\/a>\n\t\t<\/div>\n\t\t\t\t\t<\/div>\n\n\t\n\t<div id=\"col-1576366275\" class=\"col medium-12 small-12 large-6\"  >\n\t\t\t\t<div class=\"col-inner text-center\"  >\n\t\t\t\n\t\t\t\t<div class=\"img has-hover x md-x lg-x y md-y lg-y\" id=\"image_1429961129\">\n\t\t\t\t\t\t\t\t<div class=\"img-inner box-shadow-3 dark\" >\n\t\t\t<img loading=\"lazy\" decoding=\"async\" width=\"1020\" height=\"559\" src=\"https:\/\/www.welaunch.io\/es\/wp-content\/uploads\/sites\/12\/2020\/07\/wordpress-pdf-catalog-1024x561.png\" class=\"attachment-large size-large\" alt=\"wordpress pdf catalog\" srcset=\"https:\/\/www.welaunch.io\/es\/wp-content\/uploads\/sites\/12\/2020\/07\/wordpress-pdf-catalog-1024x561.png 1024w, https:\/\/www.welaunch.io\/es\/wp-content\/uploads\/sites\/12\/2020\/07\/wordpress-pdf-catalog-300x164.png 300w, https:\/\/www.welaunch.io\/es\/wp-content\/uploads\/sites\/12\/2020\/07\/wordpress-pdf-catalog-768x420.png 768w, https:\/\/www.welaunch.io\/es\/wp-content\/uploads\/sites\/12\/2020\/07\/wordpress-pdf-catalog-1536x841.png 1536w, https:\/\/www.welaunch.io\/es\/wp-content\/uploads\/sites\/12\/2020\/07\/wordpress-pdf-catalog-2048x1121.png 2048w, https:\/\/www.welaunch.io\/es\/wp-content\/uploads\/sites\/12\/2020\/07\/wordpress-pdf-catalog-500x274.png 500w, https:\/\/www.welaunch.io\/es\/wp-content\/uploads\/sites\/12\/2020\/07\/wordpress-pdf-catalog-1000x547.png 1000w\" sizes=\"auto, (max-width: 1020px) 100vw, 1020px\" \/>\t\t\t\t\t\t\n\t\t\t\t\t<\/div>\n\t\t\t\t\t\t\t\t\n<style>\n#image_1429961129 {\n  width: 100%;\n}\n<\/style>\n\t<\/div>\n\t\t\t<\/div>\n\t\t\t\t\t<\/div>\n\n\t<\/div>\t\t<\/div>\n\n\t\t\n<style>\n#section_922318026 {\n  padding-top: 40px;\n  padding-bottom: 40px;\n}\n#section_922318026 .section-bg-overlay {\n  background-color: #3171ee;\n}\n@media (min-width:550px) {\n  #section_922318026 {\n    padding-top: 50px;\n    padding-bottom: 50px;\n  }\n}\n@media (min-width:850px) {\n  #section_922318026 {\n    padding-top: 80px;\n    padding-bottom: 80px;\n  }\n}\n<\/style>\n\t<\/section>\n\t\n","protected":false},"excerpt":{"rendered":"<p>Exporte las entradas de su blog en formato PDF con facilidad. D\u00e9 a sus lectores la oportunidad de leer su blog sin conexi\u00f3n o impreso. Exportaci\u00f3n completa o solo de las categor\u00edas de los posts: t\u00fa eliges.<\/p>\n","protected":false},"featured_media":4892,"comment_status":"open","ping_status":"closed","template":"","meta":{"inline_featured_image":false},"product_brand":[],"product_cat":[41,44],"product_tag":[],"class_list":{"0":"post-4656","1":"product","2":"type-product","3":"status-publish","4":"has-post-thumbnail","6":"product_cat-plugins","7":"product_cat-wordpress-plugins","9":"first","10":"instock","11":"sale","12":"downloadable","13":"virtual","14":"purchasable","15":"product-type-simple"},"_links":{"self":[{"href":"https:\/\/www.welaunch.io\/es\/wp-json\/wp\/v2\/product\/4656","targetHints":{"allow":["GET"]}}],"collection":[{"href":"https:\/\/www.welaunch.io\/es\/wp-json\/wp\/v2\/product"}],"about":[{"href":"https:\/\/www.welaunch.io\/es\/wp-json\/wp\/v2\/types\/product"}],"replies":[{"embeddable":true,"href":"https:\/\/www.welaunch.io\/es\/wp-json\/wp\/v2\/comments?post=4656"}],"wp:featuredmedia":[{"embeddable":true,"href":"https:\/\/www.welaunch.io\/es\/wp-json\/wp\/v2\/media\/4892"}],"wp:attachment":[{"href":"https:\/\/www.welaunch.io\/es\/wp-json\/wp\/v2\/media?parent=4656"}],"wp:term":[{"taxonomy":"product_brand","embeddable":true,"href":"https:\/\/www.welaunch.io\/es\/wp-json\/wp\/v2\/product_brand?post=4656"},{"taxonomy":"product_cat","embeddable":true,"href":"https:\/\/www.welaunch.io\/es\/wp-json\/wp\/v2\/product_cat?post=4656"},{"taxonomy":"product_tag","embeddable":true,"href":"https:\/\/www.welaunch.io\/es\/wp-json\/wp\/v2\/product_tag?post=4656"}],"curies":[{"name":"wp","href":"https:\/\/api.w.org\/{rel}","templated":true}]}}