{"id":4637,"date":"2020-07-07T15:41:22","date_gmt":"2020-07-07T13:41:22","guid":{"rendered":"https:\/\/www.welaunch.io\/es\/?post_type=product&#038;p=4637"},"modified":"2022-02-17T08:21:14","modified_gmt":"2022-02-17T07:21:14","slug":"vc-personalizacion","status":"publish","type":"product","link":"https:\/\/www.welaunch.io\/es\/product\/vc-personalizacion\/","title":{"rendered":"Personalizaci\u00f3n de WPBakery Page Builder"},"content":{"rendered":"\n\t<section class=\"section\" id=\"section_237612447\">\n\t\t<div class=\"section-bg fill\" >\n\t\t\t\t\t\t\t\t\t\n\t\t\t\n\n\t\t<\/div>\n\n\t\t\n\n\t\t<div class=\"section-content relative\">\n\t\t\t<div class=\"row row-solid\"  id=\"row-450749590\">\n\t<div id=\"col-661835337\" class=\"col medium-4 small-12 large-4\"  >\n\t\t\t\t<div class=\"col-inner text-center\"  >\n\t\t\t\n\t\t\t\n\t\t<div class=\"icon-box featured-box icon-box-center text-center\"  >\n\t\t\t\t\t<div class=\"icon-box-img\" style=\"width: 50px\">\n\t\t\t\t<div class=\"icon\">\n\t\t\t\t\t<div class=\"icon-inner\" style=\"color:rgb(101, 28, 255);\">\n\t\t\t\t\t\t<svg xmlns=\"http:\/\/www.w3.org\/2000\/svg\" viewBox=\"0 0 448 512\"><path d=\"M224 32c106 0 192 28.75 192 64v32c0 35.25-86 64-192 64S32 163.25 32 128V96c0-35.25 86-64 192-64m192 149.5V224c0 35.25-86 64-192 64S32 259.25 32 224v-42.5c41.25 29 116.75 42.5 192 42.5s150.749-13.5 192-42.5m0 96V320c0 35.25-86 64-192 64S32 355.25 32 320v-42.5c41.25 29 116.75 42.5 192 42.5s150.749-13.5 192-42.5m0 96V416c0 35.25-86 64-192 64S32 451.25 32 416v-42.5c41.25 29 116.75 42.5 192 42.5s150.749-13.5 192-42.5M224 0C145.858 0 0 18.801 0 96v320c0 77.338 146.096 96 224 96 78.142 0 224-18.801 224-96V96c0-77.338-146.096-96-224-96z\"\/><\/svg>\t\t\t\t\t<\/div>\n\t\t\t\t<\/div>\n\t\t\t<\/div>\n\t\t\t\t<div class=\"icon-box-text last-reset\">\n\t\t\t<h5 class=\"uppercase\">Personalice con facilidad<\/h5>\t\t\t\t\t\tMostrar contenido basado en los datos del usuario.\t\t<\/div>\n\t<\/div>\n\t\n\t\t\t<\/div>\n\t\t\t\t\t<\/div>\n\n\t\n\t<div id=\"col-1580342807\" class=\"col medium-4 small-12 large-4\"  >\n\t\t\t\t<div class=\"col-inner\"  >\n\t\t\t\n\t\t\t\n\t\t<div class=\"icon-box featured-box icon-box-center text-center\"  >\n\t\t\t\t\t<div class=\"icon-box-img\" style=\"width: 56px\">\n\t\t\t\t<div class=\"icon\">\n\t\t\t\t\t<div class=\"icon-inner\" style=\"color:rgb(101, 28, 255);\">\n\t\t\t\t\t\t<svg xmlns=\"http:\/\/www.w3.org\/2000\/svg\" viewBox=\"0 0 512 512\"><path d=\"M455.59 0c-15.81 0-30.62 6.99-41.93 17.15C195.73 211.82 169.77 216.5 179.98 281.99c-41.52 4.96-78.59 24.05-100.32 81.32-2.68 7.08-9.12 11.38-16.64 11.38-12.67 0-51.85-31.56-63.02-39.19C0 429.45 43.26 512 146 512c117.18 0 152.72-87.75 145.06-145.89 56.9-7.01 97.15-62.51 206.45-266.49C505.2 84.65 512 68.48 512 51.66 512 21.52 484.89 0 455.59 0zM236.52 445.55C216.47 468.41 186.02 480 146 480c-63.78 0-92.29-38.83-104.75-78.69 8.02 3.65 14.98 5.39 21.77 5.39 20.92 0 39.2-12.58 46.56-32.03 6.65-17.52 16.05-53.95 83.76-62.04l65.08 50.62c4.03 30.68-1.25 58.75-21.9 82.3zM469.31 84.5c-118.4 220.96-143.69 245.11-194.08 251.31l-62-48.22c-8.8-56.43-14.8-35.28 221.82-246.64 6.33-5.69 13.81-8.95 20.54-8.95C467.38 32 480 39.9 480 51.66c0 10.58-5.54 22.79-10.69 32.84z\"\/><\/svg>\t\t\t\t\t<\/div>\n\t\t\t\t<\/div>\n\t\t\t<\/div>\n\t\t\t\t<div class=\"icon-box-text last-reset\">\n\t\t\t<h5 class=\"uppercase\">11 reglas posibles<\/h5>\t\t\t\t\t\tUtilice una de las 11 reglas de personalizaci\u00f3n.\t\t<\/div>\n\t<\/div>\n\t\n\t\t\t<\/div>\n\t\t\t\t\t<\/div>\n\n\t\n\t<div id=\"col-179770133\" class=\"col medium-4 small-12 large-4\"  >\n\t\t\t\t<div class=\"col-inner\"  >\n\t\t\t\n\t\t\t\n\t\t<div class=\"icon-box featured-box icon-box-center text-center\"  >\n\t\t\t\t\t<div class=\"icon-box-img\" style=\"width: 54px\">\n\t\t\t\t<div class=\"icon\">\n\t\t\t\t\t<div class=\"icon-inner\" style=\"color:rgb(101, 28, 255);\">\n\t\t\t\t\t\t<svg xmlns=\"http:\/\/www.w3.org\/2000\/svg\" viewBox=\"0 0 512 512\"><path d=\"M464 64c8.823 0 16 7.178 16 16v352c0 8.822-7.177 16-16 16H48c-8.823 0-16-7.178-16-16V80c0-8.822 7.177-16 16-16h416m0-32H48C21.49 32 0 53.49 0 80v352c0 26.51 21.49 48 48 48h416c26.51 0 48-21.49 48-48V80c0-26.51-21.49-48-48-48zm-336 96c-17.673 0-32 14.327-32 32s14.327 32 32 32 32-14.327 32-32-14.327-32-32-32zm0 96c-17.673 0-32 14.327-32 32s14.327 32 32 32 32-14.327 32-32-14.327-32-32-32zm0 96c-17.673 0-32 14.327-32 32s14.327 32 32 32 32-14.327 32-32-14.327-32-32-32zm288-148v-24a6 6 0 0 0-6-6H198a6 6 0 0 0-6 6v24a6 6 0 0 0 6 6h212a6 6 0 0 0 6-6zm0 96v-24a6 6 0 0 0-6-6H198a6 6 0 0 0-6 6v24a6 6 0 0 0 6 6h212a6 6 0 0 0 6-6zm0 96v-24a6 6 0 0 0-6-6H198a6 6 0 0 0-6 6v24a6 6 0 0 0 6 6h212a6 6 0 0 0 6-6z\"\/><\/svg>\t\t\t\t\t<\/div>\n\t\t\t\t<\/div>\n\t\t\t<\/div>\n\t\t\t\t<div class=\"icon-box-text last-reset\">\n\t\t\t<h5 class=\"uppercase\">Aplicar a filas o columnas<\/h5>\t\t\t\t\t\tLas reglas pueden aplicarse a todas las filas y columnas.\t\t<\/div>\n\t<\/div>\n\t\n\t\t\t<\/div>\n\t\t\t\t\t<\/div>\n\n\t<\/div>\t\t<\/div>\n\n\t\t\n<style>\n#section_237612447 {\n  padding-top: 30px;\n  padding-bottom: 30px;\n}\n<\/style>\n\t<\/section>\n\t\n\t<section class=\"section dark\" id=\"section_1079728796\">\n\t\t<div class=\"section-bg fill\" >\n\t\t\t\t\t\t\t\t\t<div class=\"section-bg-overlay absolute fill\"><\/div>\n\t\t\t\n\n\t\t<\/div>\n\n\t\t\n\n\t\t<div class=\"section-content relative\">\n\t\t\t<div class=\"row align-middle align-center\"  id=\"row-2134555801\">\n\t<div id=\"col-1925118590\" class=\"col medium-12 small-12 large-6\"  >\n\t\t\t\t<div class=\"col-inner\"  >\n\t\t\t\n\t\t\t\n<h2>Personalizar las filas y columnas de la CV<\/h2>\n<p>La personalizaci\u00f3n de la CV le permite enriquecer la experiencia de su cliente adaptando su contenido. Algunos ejemplos de lo que se puede conseguir con la personalizaci\u00f3n:<\/p>\n<ul>\n<li>Mostrar ofertas especiales durante la navidad o el este<\/li>\n<li>Exponga su mejor receta para la cena todos los d\u00edas de 18:00 a 22:00 horas<\/li>\n<li>Los usuarios de Estados Unidos deber\u00edan ver un banner de promoci\u00f3n especial<\/li>\n<li>Los competidores con una IP espec\u00edfica ver\u00e1n una ventana emergente de bloqueo<\/li>\n<li>Cada visitante dentro de un rango IP debe ser notificado<\/li>\n<li>Mostrar ofertas especiales de fin de semana<\/li>\n<\/ul>\n\t\t<\/div>\n\t\t\t\t\t<\/div>\n\n\t\n\t<div id=\"col-1729765500\" class=\"col medium-12 small-12 large-6\"  >\n\t\t\t\t<div class=\"col-inner text-center\"  >\n\t\t\t\n\t\t\t\t<div class=\"img has-hover x md-x lg-x y md-y lg-y\" id=\"image_851790222\">\n\t\t\t\t\t\t<div data-animate=\"fadeInRight\">\t\t<div class=\"img-inner box-shadow-2 box-shadow-3-hover dark\" >\n\t\t\t<img loading=\"lazy\" decoding=\"async\" width=\"1020\" height=\"771\" src=\"https:\/\/www.welaunch.io\/es\/wp-content\/uploads\/sites\/12\/2020\/07\/personalize-vc-rows-and-columns-1024x774.png\" class=\"attachment-large size-large\" alt=\"personalize vc rows and columns\" srcset=\"https:\/\/www.welaunch.io\/es\/wp-content\/uploads\/sites\/12\/2020\/07\/personalize-vc-rows-and-columns-1024x774.png 1024w, https:\/\/www.welaunch.io\/es\/wp-content\/uploads\/sites\/12\/2020\/07\/personalize-vc-rows-and-columns-500x378.png 500w, https:\/\/www.welaunch.io\/es\/wp-content\/uploads\/sites\/12\/2020\/07\/personalize-vc-rows-and-columns-1000x756.png 1000w, https:\/\/www.welaunch.io\/es\/wp-content\/uploads\/sites\/12\/2020\/07\/personalize-vc-rows-and-columns-300x227.png 300w, https:\/\/www.welaunch.io\/es\/wp-content\/uploads\/sites\/12\/2020\/07\/personalize-vc-rows-and-columns-768x580.png 768w, https:\/\/www.welaunch.io\/es\/wp-content\/uploads\/sites\/12\/2020\/07\/personalize-vc-rows-and-columns-1536x1161.png 1536w, https:\/\/www.welaunch.io\/es\/wp-content\/uploads\/sites\/12\/2020\/07\/personalize-vc-rows-and-columns.png 1884w\" sizes=\"auto, (max-width: 1020px) 100vw, 1020px\" \/>\t\t\t\t\t\t\n\t\t\t\t\t<\/div>\n\t\t<\/div>\t\t\t\t\t\t\n<style>\n#image_851790222 {\n  width: 100%;\n}\n<\/style>\n\t<\/div>\n\t\t\t<\/div>\n\t\t\t\t\t<\/div>\n\n\t<\/div>\t\t<\/div>\n\n\t\t\n<style>\n#section_1079728796 {\n  padding-top: 40px;\n  padding-bottom: 40px;\n}\n#section_1079728796 .section-bg-overlay {\n  background-color: rgb(49, 113, 238);\n}\n@media (min-width:550px) {\n  #section_1079728796 {\n    padding-top: 50px;\n    padding-bottom: 50px;\n  }\n}\n@media (min-width:850px) {\n  #section_1079728796 {\n    padding-top: 80px;\n    padding-bottom: 80px;\n  }\n}\n<\/style>\n\t<\/section>\n\t\n\t<section class=\"section\" id=\"section_99845829\">\n\t\t<div class=\"section-bg fill\" >\n\t\t\t\t\t\t\t\t\t\n\t\t\t\n\n\t\t<\/div>\n\n\t\t\n\n\t\t<div class=\"section-content relative\">\n\t\t\t<div class=\"row align-middle align-center\"  id=\"row-2001570587\">\n\t<div id=\"col-403293219\" class=\"col medium-12 small-12 large-6\"  >\n\t\t\t\t<div class=\"col-inner text-center\"  >\n\t\t\t\n\t\t\t\t<div class=\"img has-hover x md-x lg-x y md-y lg-y\" id=\"image_490298116\">\n\t\t\t\t\t\t<div data-animate=\"fadeInLeft\">\t\t<div class=\"img-inner box-shadow-2 box-shadow-3-hover dark\" >\n\t\t\t<img loading=\"lazy\" decoding=\"async\" width=\"1020\" height=\"390\" src=\"https:\/\/www.welaunch.io\/es\/wp-content\/uploads\/sites\/12\/2020\/07\/multiple-personalization-types-1024x392.png\" class=\"attachment-large size-large\" alt=\"multiple personalization types\" srcset=\"https:\/\/www.welaunch.io\/es\/wp-content\/uploads\/sites\/12\/2020\/07\/multiple-personalization-types-1024x392.png 1024w, https:\/\/www.welaunch.io\/es\/wp-content\/uploads\/sites\/12\/2020\/07\/multiple-personalization-types-500x192.png 500w, https:\/\/www.welaunch.io\/es\/wp-content\/uploads\/sites\/12\/2020\/07\/multiple-personalization-types-1000x383.png 1000w, https:\/\/www.welaunch.io\/es\/wp-content\/uploads\/sites\/12\/2020\/07\/multiple-personalization-types-300x115.png 300w, https:\/\/www.welaunch.io\/es\/wp-content\/uploads\/sites\/12\/2020\/07\/multiple-personalization-types-768x294.png 768w, https:\/\/www.welaunch.io\/es\/wp-content\/uploads\/sites\/12\/2020\/07\/multiple-personalization-types-1536x588.png 1536w, https:\/\/www.welaunch.io\/es\/wp-content\/uploads\/sites\/12\/2020\/07\/multiple-personalization-types.png 1728w\" sizes=\"auto, (max-width: 1020px) 100vw, 1020px\" \/>\t\t\t\t\t\t\n\t\t\t\t\t<\/div>\n\t\t<\/div>\t\t\t\t\t\t\n<style>\n#image_490298116 {\n  width: 100%;\n}\n<\/style>\n\t<\/div>\n\t\t\t<\/div>\n\t\t\t\t\t<\/div>\n\n\t\n\t<div id=\"col-1951336971\" class=\"col medium-12 small-12 large-6 medium-col-first\"  >\n\t\t\t\t<div class=\"col-inner\"  >\n\t\t\t\n\t\t\t\n<h2>M\u00faltiples reglas de personalizaci\u00f3n<\/h2>\n<p>Con este plugin tienes la posibilidad de mostrar contenido basado en las siguientes reglas:<\/p>\n<ul>\n<li>Fecha \/ Hora (de la fecha 1 a la fecha 2)<\/li>\n<li>Ubicaci\u00f3n (s\u00f3lo en el pa\u00eds XX)<\/li>\n<li>D\u00eda recurrente (lunes de 10:00 a 12:00 horas)<\/li>\n<li>N\u00famero de visitas<\/li>\n<li>Direcci\u00f3n IP<\/li>\n<li>Rango de direcciones IP<\/li>\n<li>Dispositivo (ordenador, tableta, m\u00f3vil o ambos)<\/li>\n<li>Nombre de usuario<\/li>\n<li>Capacidades del usuario<\/li>\n<li>Funciones de los usuarios<\/li>\n<\/ul>\n\t\t<\/div>\n\t\t\t\t\t<\/div>\n\n\t<\/div>\t\t<\/div>\n\n\t\t\n<style>\n#section_99845829 {\n  padding-top: 20px;\n  padding-bottom: 20px;\n}\n@media (min-width:550px) {\n  #section_99845829 {\n    padding-top: 50px;\n    padding-bottom: 50px;\n  }\n}\n@media (min-width:850px) {\n  #section_99845829 {\n    padding-top: 80px;\n    padding-bottom: 80px;\n  }\n}\n<\/style>\n\t<\/section>\n\t\n","protected":false},"excerpt":{"rendered":"<p>Personalice su sitio web con contenido espec\u00edfico. Cree informaci\u00f3n espec\u00edfica para el usuario y trate a los usuarios de su sitio web de forma individual con nuestra extensi\u00f3n WPBakery Page Builder.<\/p>\n","protected":false},"featured_media":4638,"comment_status":"open","ping_status":"closed","template":"","meta":{"inline_featured_image":false},"product_brand":[],"product_cat":[41,45],"product_tag":[],"class_list":{"0":"post-4637","1":"product","2":"type-product","3":"status-publish","4":"has-post-thumbnail","6":"product_cat-plugins","7":"product_cat-wpbakery-page-builder-plugins","9":"first","10":"instock","11":"sale","12":"downloadable","13":"virtual","14":"purchasable","15":"product-type-simple"},"_links":{"self":[{"href":"https:\/\/www.welaunch.io\/es\/wp-json\/wp\/v2\/product\/4637","targetHints":{"allow":["GET"]}}],"collection":[{"href":"https:\/\/www.welaunch.io\/es\/wp-json\/wp\/v2\/product"}],"about":[{"href":"https:\/\/www.welaunch.io\/es\/wp-json\/wp\/v2\/types\/product"}],"replies":[{"embeddable":true,"href":"https:\/\/www.welaunch.io\/es\/wp-json\/wp\/v2\/comments?post=4637"}],"wp:featuredmedia":[{"embeddable":true,"href":"https:\/\/www.welaunch.io\/es\/wp-json\/wp\/v2\/media\/4638"}],"wp:attachment":[{"href":"https:\/\/www.welaunch.io\/es\/wp-json\/wp\/v2\/media?parent=4637"}],"wp:term":[{"taxonomy":"product_brand","embeddable":true,"href":"https:\/\/www.welaunch.io\/es\/wp-json\/wp\/v2\/product_brand?post=4637"},{"taxonomy":"product_cat","embeddable":true,"href":"https:\/\/www.welaunch.io\/es\/wp-json\/wp\/v2\/product_cat?post=4637"},{"taxonomy":"product_tag","embeddable":true,"href":"https:\/\/www.welaunch.io\/es\/wp-json\/wp\/v2\/product_tag?post=4637"}],"curies":[{"name":"wp","href":"https:\/\/api.w.org\/{rel}","templated":true}]}}