{"id":4539,"date":"2020-07-01T22:27:04","date_gmt":"2020-07-01T20:27:04","guid":{"rendered":"https:\/\/www.welaunch.io\/es\/?post_type=product&#038;p=4539"},"modified":"2025-08-30T12:51:12","modified_gmt":"2025-08-30T10:51:12","slug":"woocommerce-mi-cuenta","status":"publish","type":"product","link":"https:\/\/www.welaunch.io\/es\/product\/woocommerce-mi-cuenta\/","title":{"rendered":"P\u00e1ginas personalizadas de Mi Cuenta de WooCommerce"},"content":{"rendered":"\n\t<section class=\"section\" id=\"section_970762602\">\n\t\t<div class=\"section-bg fill\" >\n\t\t\t\t\t\t\t\t\t\n\t\t\t\n\n\t\t<\/div>\n\n\t\t\n\n\t\t<div class=\"section-content relative\">\n\t\t\t<div class=\"row row-solid\"  id=\"row-1439985794\">\n\t<div id=\"col-701880717\" class=\"col medium-4 small-12 large-4\"  >\n\t\t\t\t<div class=\"col-inner text-center\"  >\n\t\t\t\n\t\t\t\n\t\t<div class=\"icon-box featured-box icon-box-center text-center\"  >\n\t\t\t\t\t<div class=\"icon-box-img\" style=\"width: 50px\">\n\t\t\t\t<div class=\"icon\">\n\t\t\t\t\t<div class=\"icon-inner\" style=\"color:rgb(101, 28, 255);\">\n\t\t\t\t\t\t<svg xmlns=\"http:\/\/www.w3.org\/2000\/svg\" viewBox=\"0 0 512 512\"><path d=\"M464 128H272l-64-64H48C21.49 64 0 85.49 0 112v288c0 26.51 21.49 48 48 48h416c26.51 0 48-21.49 48-48V176c0-26.51-21.49-48-48-48zm16 272c0 8.837-7.163 16-16 16H48c-8.837 0-16-7.163-16-16V112c0-8.837 7.163-16 16-16h146.745l64 64H464c8.837 0 16 7.163 16 16v224z\"\/><\/svg>\t\t\t\t\t<\/div>\n\t\t\t\t<\/div>\n\t\t\t<\/div>\n\t\t\t\t<div class=\"icon-box-text last-reset\">\n\t\t\t<h5 class=\"uppercase\">Pesta\u00f1as personalizadas de Mi Cuenta<\/h5>\t\t\t\t\t\tCree f\u00e1cilmente fichas personalizadas de mi cuenta para sus clientes.\t\t<\/div>\n\t<\/div>\n\t\n\t\t\t<\/div>\n\t\t\t\t\t<\/div>\n\n\t\n\t<div id=\"col-1105588867\" class=\"col medium-4 small-12 large-4\"  >\n\t\t\t\t<div class=\"col-inner\"  >\n\t\t\t\n\t\t\t\n\t\t<div class=\"icon-box featured-box icon-box-center text-center\"  >\n\t\t\t\t\t<div class=\"icon-box-img\" style=\"width: 50px\">\n\t\t\t\t<div class=\"icon\">\n\t\t\t\t\t<div class=\"icon-inner\" style=\"color:rgb(101, 28, 255);\">\n\t\t\t\t\t\t<svg xmlns=\"http:\/\/www.w3.org\/2000\/svg\" viewBox=\"0 0 384 512\"><path d=\"M369.9 97.9L286 14C277 5 264.8-.1 252.1-.1H48C21.5 0 0 21.5 0 48v416c0 26.5 21.5 48 48 48h288c26.5 0 48-21.5 48-48V131.9c0-12.7-5.1-25-14.1-34zm-22.6 22.7c2.1 2.1 3.5 4.6 4.2 7.4H256V32.5c2.8.7 5.3 2.1 7.4 4.2l83.9 83.9zM336 480H48c-8.8 0-16-7.2-16-16V48c0-8.8 7.2-16 16-16h176v104c0 13.3 10.7 24 24 24h104v304c0 8.8-7.2 16-16 16zm-48-244v8c0 6.6-5.4 12-12 12H108c-6.6 0-12-5.4-12-12v-8c0-6.6 5.4-12 12-12h168c6.6 0 12 5.4 12 12zm0 64v8c0 6.6-5.4 12-12 12H108c-6.6 0-12-5.4-12-12v-8c0-6.6 5.4-12 12-12h168c6.6 0 12 5.4 12 12zm0 64v8c0 6.6-5.4 12-12 12H108c-6.6 0-12-5.4-12-12v-8c0-6.6 5.4-12 12-12h168c6.6 0 12 5.4 12 12z\"\/><\/svg>\t\t\t\t\t<\/div>\n\t\t\t\t<\/div>\n\t\t\t<\/div>\n\t\t\t\t<div class=\"icon-box-text last-reset\">\n\t\t\t<h5 class=\"uppercase\">M\u00faltiples tipos de contenido<\/h5>\t\t\t\t\t\tCada pesta\u00f1a puede tener m\u00e1s de 10 tipos de contenido diferentes: texto personalizado, productos, carro de los usuarios y m\u00e1s.\t\t<\/div>\n\t<\/div>\n\t\n\t\t\t<\/div>\n\t\t\t\t\t<\/div>\n\n\t\n\t<div id=\"col-809252157\" class=\"col medium-4 small-12 large-4\"  >\n\t\t\t\t<div class=\"col-inner\"  >\n\t\t\t\n\t\t\t\n\t\t<div class=\"icon-box featured-box icon-box-center text-center\"  >\n\t\t\t\t\t<div class=\"icon-box-img\" style=\"width: 61px\">\n\t\t\t\t<div class=\"icon\">\n\t\t\t\t\t<div class=\"icon-inner\" style=\"color:rgb(101, 28, 255);\">\n\t\t\t\t\t\t<svg xmlns=\"http:\/\/www.w3.org\/2000\/svg\" viewBox=\"0 0 512 512\"><path d=\"M455.59 0c-15.81 0-30.62 6.99-41.93 17.15C195.73 211.82 169.77 216.5 179.98 281.99c-41.52 4.96-78.59 24.05-100.32 81.32-2.68 7.08-9.12 11.38-16.64 11.38-12.67 0-51.85-31.56-63.02-39.19C0 429.45 43.26 512 146 512c117.18 0 152.72-87.75 145.06-145.89 56.9-7.01 97.15-62.51 206.45-266.49C505.2 84.65 512 68.48 512 51.66 512 21.52 484.89 0 455.59 0zM236.52 445.55C216.47 468.41 186.02 480 146 480c-63.78 0-92.29-38.83-104.75-78.69 8.02 3.65 14.98 5.39 21.77 5.39 20.92 0 39.2-12.58 46.56-32.03 6.65-17.52 16.05-53.95 83.76-62.04l65.08 50.62c4.03 30.68-1.25 58.75-21.9 82.3zM469.31 84.5c-118.4 220.96-143.69 245.11-194.08 251.31l-62-48.22c-8.8-56.43-14.8-35.28 221.82-246.64 6.33-5.69 13.81-8.95 20.54-8.95C467.38 32 480 39.9 480 51.66c0 10.58-5.54 22.79-10.69 32.84z\"\/><\/svg>\t\t\t\t\t<\/div>\n\t\t\t\t<\/div>\n\t\t\t<\/div>\n\t\t\t\t<div class=\"icon-box-text last-reset\">\n\t\t\t<h5 class=\"uppercase\">Estilos de pesta\u00f1as<\/h5>\t\t\t\t\t\tElige entre m\u00e1s de 3 estilos de pesta\u00f1a diferentes y ajusta el texto de la pesta\u00f1a y el color de fondo.\t\t<\/div>\n\t<\/div>\n\t\n\t\t\t<\/div>\n\t\t\t\t\t<\/div>\n\n\t<\/div><div class=\"row row-solid\"  id=\"row-127267013\">\n\t<div id=\"col-888154886\" class=\"col medium-4 small-12 large-4\"  >\n\t\t\t\t<div class=\"col-inner text-center\"  >\n\t\t\t\n\t\t\t\n\t\t<div class=\"icon-box featured-box icon-box-center text-center\"  >\n\t\t\t\t\t<div class=\"icon-box-img\" style=\"width: 50px\">\n\t\t\t\t<div class=\"icon\">\n\t\t\t\t\t<div class=\"icon-inner\" style=\"color:rgb(101, 28, 255);\">\n\t\t\t\t\t\t<svg xmlns=\"http:\/\/www.w3.org\/2000\/svg\" viewBox=\"0 0 320 512\"><path d=\"M288 288H32c-28.4 0-42.8 34.5-22.6 54.6l128 128c12.5 12.5 32.8 12.5 45.3 0l128-128c20-20.1 5.7-54.6-22.7-54.6zM160 448L32 320h256L160 448zM32 224h256c28.4 0 42.8-34.5 22.6-54.6l-128-128c-12.5-12.5-32.8-12.5-45.3 0l-128 128C-10.7 189.5 3.6 224 32 224zM160 64l128 128H32L160 64z\"\/><\/svg>\t\t\t\t\t<\/div>\n\t\t\t\t<\/div>\n\t\t\t<\/div>\n\t\t\t\t<div class=\"icon-box-text last-reset\">\n\t\t\t<h5 class=\"uppercase\">Reordenar \/ Desactivar Pesta\u00f1as de WooCommerce<\/h5>\t\t\t\t\t\tCambiar el nombre, reordenar o incluso desactivar las pesta\u00f1as de mi cuenta de WooCommerce.\t\t<\/div>\n\t<\/div>\n\t\n\t\t\t<\/div>\n\t\t\t\t\t<\/div>\n\n\t\n\t<div id=\"col-262579846\" class=\"col medium-4 small-12 large-4\"  >\n\t\t\t\t<div class=\"col-inner\"  >\n\t\t\t\n\t\t\t\n\t\t<div class=\"icon-box featured-box icon-box-center text-center\"  >\n\t\t\t\t\t<div class=\"icon-box-img\" style=\"width: 63px\">\n\t\t\t\t<div class=\"icon\">\n\t\t\t\t\t<div class=\"icon-inner\" style=\"color:rgb(101, 28, 255);\">\n\t\t\t\t\t\t<svg xmlns=\"http:\/\/www.w3.org\/2000\/svg\" viewBox=\"0 0 496 512\"><path d=\"M248 8C111 8 0 119 0 256s111 248 248 248 248-111 248-248S385 8 248 8zm128 421.6c-35.9 26.5-80.1 42.4-128 42.4s-92.1-15.9-128-42.4V416c0-35.3 28.7-64 64-64 11.1 0 27.5 11.4 64 11.4 36.6 0 52.8-11.4 64-11.4 35.3 0 64 28.7 64 64v13.6zm30.6-27.5c-6.8-46.4-46.3-82.1-94.6-82.1-20.5 0-30.4 11.4-64 11.4S204.6 320 184 320c-48.3 0-87.8 35.7-94.6 82.1C53.9 363.6 32 312.4 32 256c0-119.1 96.9-216 216-216s216 96.9 216 216c0 56.4-21.9 107.6-57.4 146.1zM248 120c-48.6 0-88 39.4-88 88s39.4 88 88 88 88-39.4 88-88-39.4-88-88-88zm0 144c-30.9 0-56-25.1-56-56s25.1-56 56-56 56 25.1 56 56-25.1 56-56 56z\"\/><\/svg>\t\t\t\t\t<\/div>\n\t\t\t\t<\/div>\n\t\t\t<\/div>\n\t\t\t\t<div class=\"icon-box-text last-reset\">\n\t\t\t<h5 class=\"uppercase\">Soporte de Meta y Shortcode de usuario<\/h5>\t\t\t\t\t\tUtilizar los metadatos del usuario (como el nombre) o los c\u00f3digos cortos dentro del tipo de contenido del editor.\t\t<\/div>\n\t<\/div>\n\t\n\t\t\t<\/div>\n\t\t\t\t\t<\/div>\n\n\t\n\t<div id=\"col-76984361\" class=\"col medium-4 small-12 large-4\"  >\n\t\t\t\t<div class=\"col-inner\"  >\n\t\t\t\n\t\t\t\n\t\t<div class=\"icon-box featured-box icon-box-center text-center\"  >\n\t\t\t\t\t<div class=\"icon-box-img\" style=\"width: 61px\">\n\t\t\t\t<div class=\"icon\">\n\t\t\t\t\t<div class=\"icon-inner\" style=\"color:rgb(101, 28, 255);\">\n\t\t\t\t\t\t<svg xmlns=\"http:\/\/www.w3.org\/2000\/svg\" viewBox=\"0 0 640 512\"><path d=\"M544 224c44.2 0 80-35.8 80-80s-35.8-80-80-80-80 35.8-80 80 35.8 80 80 80zm0-128c26.5 0 48 21.5 48 48s-21.5 48-48 48-48-21.5-48-48 21.5-48 48-48zM320 256c61.9 0 112-50.1 112-112S381.9 32 320 32 208 82.1 208 144s50.1 112 112 112zm0-192c44.1 0 80 35.9 80 80s-35.9 80-80 80-80-35.9-80-80 35.9-80 80-80zm244 192h-40c-15.2 0-29.3 4.8-41.1 12.9 9.4 6.4 17.9 13.9 25.4 22.4 4.9-2.1 10.2-3.3 15.7-3.3h40c24.2 0 44 21.5 44 48 0 8.8 7.2 16 16 16s16-7.2 16-16c0-44.1-34.1-80-76-80zM96 224c44.2 0 80-35.8 80-80s-35.8-80-80-80-80 35.8-80 80 35.8 80 80 80zm0-128c26.5 0 48 21.5 48 48s-21.5 48-48 48-48-21.5-48-48 21.5-48 48-48zm304.1 180c-33.4 0-41.7 12-80.1 12-38.4 0-46.7-12-80.1-12-36.3 0-71.6 16.2-92.3 46.9-12.4 18.4-19.6 40.5-19.6 64.3V432c0 26.5 21.5 48 48 48h288c26.5 0 48-21.5 48-48v-44.8c0-23.8-7.2-45.9-19.6-64.3-20.7-30.7-56-46.9-92.3-46.9zM480 432c0 8.8-7.2 16-16 16H176c-8.8 0-16-7.2-16-16v-44.8c0-16.6 4.9-32.7 14.1-46.4 13.8-20.5 38.4-32.8 65.7-32.8 27.4 0 37.2 12 80.2 12s52.8-12 80.1-12c27.3 0 51.9 12.3 65.7 32.8 9.2 13.7 14.1 29.8 14.1 46.4V432zM157.1 268.9c-11.9-8.1-26-12.9-41.1-12.9H76c-41.9 0-76 35.9-76 80 0 8.8 7.2 16 16 16s16-7.2 16-16c0-26.5 19.8-48 44-48h40c5.5 0 10.8 1.2 15.7 3.3 7.5-8.5 16.1-16 25.4-22.4z\"\/><\/svg>\t\t\t\t\t<\/div>\n\t\t\t\t<\/div>\n\t\t\t<\/div>\n\t\t\t\t<div class=\"icon-box-text last-reset\">\n\t\t\t<h5 class=\"uppercase\">Limitaciones de la funci\u00f3n del usuario<\/h5>\t\t\t\t\t\tL\u00edmite de acceso de las pesta\u00f1as personalizadas a determinados roles de usuario.\t\t<\/div>\n\t<\/div>\n\t\n\t\t\t<\/div>\n\t\t\t\t\t<\/div>\n\n\t<\/div>\t\t<\/div>\n\n\t\t\n<style>\n#section_970762602 {\n  padding-top: 30px;\n  padding-bottom: 30px;\n}\n<\/style>\n\t<\/section>\n\t\n\t<section class=\"section dark\" id=\"section_349458426\">\n\t\t<div class=\"section-bg fill\" >\n\t\t\t\t\t\t\t\t\t<div class=\"section-bg-overlay absolute fill\"><\/div>\n\t\t\t\n\n\t\t<\/div>\n\n\t\t\n\n\t\t<div class=\"section-content relative\">\n\t\t\t<div class=\"row align-middle align-center\"  id=\"row-1208382077\">\n\t<div id=\"col-2066714811\" class=\"col medium-12 small-12 large-6\"  >\n\t\t\t\t<div class=\"col-inner\"  >\n\t\t\t\n\t\t\t\n<h2>Personalizar la p\u00e1gina Mi cuenta de WooCommerce<\/h2>\n<p>Algunos propietarios de tiendas piensan que el viaje del cliente termina cuando el cliente ha comprado el producto. Pero esa es una suposici\u00f3n falsa. Muchos usuarios requieren asistencia, necesitan el seguimiento de sus pedidos o quieren obtener m\u00e1s informaci\u00f3n, como por ejemplo, c\u00f3mo instalar sus productos.Aqu\u00ed es donde entra nuestro plugin WooCommerce My Account. Cree contenido propio en la secci\u00f3n de mi cuenta de sus clientes para disminuir las solicitudes de soporte:<\/p>\n<ul>\n<li>P\u00e1ginas personalizadas de Mi Cuenta con soporte de shortcode<\/li>\n<li>Ficha de seguimiento del pedido<\/li>\n<li>Ficha del formulario de soporte<\/li>\n<li>y m\u00e1s<\/li>\n<\/ul>\n<a href=\"https:\/\/demos.welaunch.io\/woocommerce-my-account\/\" target=\"_blank\" class=\"button white is-link\" rel=\"noopener\">\n\t\t<span>Ver demostraci\u00f3n<\/span>\n\t<\/a>\n\t\t<\/div>\n\t\t\t\t\t<\/div>\n\n\t\n\t<div id=\"col-898927481\" class=\"col medium-12 small-12 large-6\"  >\n\t\t\t\t<div class=\"col-inner text-center\"  >\n\t\t\t\n\t\t\t\t<div class=\"img has-hover x md-x lg-x y md-y lg-y\" id=\"image_254202014\">\n\t\t\t\t\t\t<div data-animate=\"fadeInRight\">\t\t<div class=\"img-inner box-shadow-2 box-shadow-3-hover dark\" >\n\t\t\t<img loading=\"lazy\" decoding=\"async\" width=\"1020\" height=\"474\" src=\"https:\/\/www.welaunch.io\/es\/wp-content\/uploads\/sites\/12\/2020\/07\/customize-the-WooCommerce-my-account-page--1024x476.png\" class=\"attachment-large size-large\" alt=\"customize the WooCommerce my account page\" srcset=\"https:\/\/www.welaunch.io\/es\/wp-content\/uploads\/sites\/12\/2020\/07\/customize-the-WooCommerce-my-account-page--1024x476.png 1024w, https:\/\/www.welaunch.io\/es\/wp-content\/uploads\/sites\/12\/2020\/07\/customize-the-WooCommerce-my-account-page--500x232.png 500w, https:\/\/www.welaunch.io\/es\/wp-content\/uploads\/sites\/12\/2020\/07\/customize-the-WooCommerce-my-account-page--1000x465.png 1000w, https:\/\/www.welaunch.io\/es\/wp-content\/uploads\/sites\/12\/2020\/07\/customize-the-WooCommerce-my-account-page--300x139.png 300w, https:\/\/www.welaunch.io\/es\/wp-content\/uploads\/sites\/12\/2020\/07\/customize-the-WooCommerce-my-account-page--768x357.png 768w, https:\/\/www.welaunch.io\/es\/wp-content\/uploads\/sites\/12\/2020\/07\/customize-the-WooCommerce-my-account-page--1536x714.png 1536w, https:\/\/www.welaunch.io\/es\/wp-content\/uploads\/sites\/12\/2020\/07\/customize-the-WooCommerce-my-account-page--2048x952.png 2048w\" sizes=\"auto, (max-width: 1020px) 100vw, 1020px\" \/>\t\t\t\t\t\t\n\t\t\t\t\t<\/div>\n\t\t<\/div>\t\t\t\t\t\t\n<style>\n#image_254202014 {\n  width: 100%;\n}\n<\/style>\n\t<\/div>\n\t\t\t<\/div>\n\t\t\t\t\t<\/div>\n\n\t<\/div>\t\t<\/div>\n\n\t\t\n<style>\n#section_349458426 {\n  padding-top: 40px;\n  padding-bottom: 40px;\n}\n#section_349458426 .section-bg-overlay {\n  background-color: rgb(49, 113, 238);\n}\n@media (min-width:550px) {\n  #section_349458426 {\n    padding-top: 50px;\n    padding-bottom: 50px;\n  }\n}\n@media (min-width:850px) {\n  #section_349458426 {\n    padding-top: 80px;\n    padding-bottom: 80px;\n  }\n}\n<\/style>\n\t<\/section>\n\t\n\t<section class=\"section\" id=\"section_221160384\">\n\t\t<div class=\"section-bg fill\" >\n\t\t\t\t\t\t\t\t\t\n\t\t\t\n\n\t\t<\/div>\n\n\t\t\n\n\t\t<div class=\"section-content relative\">\n\t\t\t<div class=\"row align-middle align-center\"  id=\"row-1985041255\">\n\t<div id=\"col-1859382982\" class=\"col medium-12 small-12 large-6\"  >\n\t\t\t\t<div class=\"col-inner text-center\"  >\n\t\t\t\n\t\t\t\t<div class=\"img has-hover x md-x lg-x y md-y lg-y\" id=\"image_1854015029\">\n\t\t\t\t\t\t<div data-animate=\"fadeInLeft\">\t\t<div class=\"img-inner box-shadow-2 box-shadow-3-hover dark\" >\n\t\t\t<img loading=\"lazy\" decoding=\"async\" width=\"1020\" height=\"555\" src=\"https:\/\/www.welaunch.io\/es\/wp-content\/uploads\/sites\/12\/2020\/07\/easy-settings-panel-1024x557.png\" class=\"attachment-large size-large\" alt=\"easy settings panel\" srcset=\"https:\/\/www.welaunch.io\/es\/wp-content\/uploads\/sites\/12\/2020\/07\/easy-settings-panel-1024x557.png 1024w, https:\/\/www.welaunch.io\/es\/wp-content\/uploads\/sites\/12\/2020\/07\/easy-settings-panel-500x272.png 500w, https:\/\/www.welaunch.io\/es\/wp-content\/uploads\/sites\/12\/2020\/07\/easy-settings-panel-1000x544.png 1000w, https:\/\/www.welaunch.io\/es\/wp-content\/uploads\/sites\/12\/2020\/07\/easy-settings-panel-300x163.png 300w, https:\/\/www.welaunch.io\/es\/wp-content\/uploads\/sites\/12\/2020\/07\/easy-settings-panel-768x418.png 768w, https:\/\/www.welaunch.io\/es\/wp-content\/uploads\/sites\/12\/2020\/07\/easy-settings-panel-1536x836.png 1536w, https:\/\/www.welaunch.io\/es\/wp-content\/uploads\/sites\/12\/2020\/07\/easy-settings-panel-2048x1115.png 2048w\" sizes=\"auto, (max-width: 1020px) 100vw, 1020px\" \/>\t\t\t\t\t\t\n\t\t\t\t\t<\/div>\n\t\t<\/div>\t\t\t\t\t\t\n<style>\n#image_1854015029 {\n  width: 100%;\n}\n<\/style>\n\t<\/div>\n\t\t\t<\/div>\n\t\t\t\t\t<\/div>\n\n\t\n\t<div id=\"col-410412110\" class=\"col medium-12 small-12 large-6 medium-col-first\"  >\n\t\t\t\t<div class=\"col-inner\"  >\n\t\t\t\n\t\t\t\n<h2>Panel de configuraci\u00f3n de arrastrar y soltar<\/h2>\n<p>Habilitar o deshabilitar las pesta\u00f1as personalizadas o predeterminadas de Mi Cuenta de WooCommerce a trav\u00e9s de arrastrar y soltar con facilidad. Tambi\u00e9n puede cambiar el nombre de la pesta\u00f1a existente desde aqu\u00ed.Tambi\u00e9n se pueden estilizar las pesta\u00f1as dentro de la configuraci\u00f3n de nuestro plugin con facilidad.<a href=\"https:\/\/demos.welaunch.io\/woocommerce-my-account\/wp-admin\/\" target=\"_blank\" class=\"button primary is-link\" rel=\"noopener\">\n\t\t<span>Ver demostraci\u00f3n de administraci\u00f3n<\/span>\n\t<\/a>\n\t\t<\/div>\n\t\t\t\t\t<\/div>\n\n\t<\/div>\t\t<\/div>\n\n\t\t\n<style>\n#section_221160384 {\n  padding-top: 20px;\n  padding-bottom: 20px;\n}\n@media (min-width:550px) {\n  #section_221160384 {\n    padding-top: 50px;\n    padding-bottom: 50px;\n  }\n}\n@media (min-width:850px) {\n  #section_221160384 {\n    padding-top: 80px;\n    padding-bottom: 80px;\n  }\n}\n<\/style>\n\t<\/section>\n\t\n\t<section class=\"section dark\" id=\"section_1949636969\">\n\t\t<div class=\"section-bg fill\" >\n\t\t\t\t\t\t\t\t\t<div class=\"section-bg-overlay absolute fill\"><\/div>\n\t\t\t\n\n\t\t<\/div>\n\n\t\t\n\n\t\t<div class=\"section-content relative\">\n\t\t\t<div class=\"row align-middle align-center\"  id=\"row-651619326\">\n\t<div id=\"col-243156061\" class=\"col medium-12 small-12 large-6\"  >\n\t\t\t\t<div class=\"col-inner\"  >\n\t\t\t\n\t\t\t\n<h2>Contenido espec\u00edfico de la funci\u00f3n del usuario<\/h2>\n<p>Adem\u00e1s de todas las configuraciones diferentes, tambi\u00e9n puedes limitar las pesta\u00f1as y p\u00e1ginas personalizadas de mi cuenta a roles de usuario espec\u00edficos. Elija uno o varios roles, qui\u00e9n debe tener acceso y guarde. Eso es todo.\t\t<\/div>\n\t\t\t\t\t<\/div>\n\n\t\n\t<div id=\"col-1030501764\" class=\"col medium-12 small-12 large-6\"  >\n\t\t\t\t<div class=\"col-inner text-center\"  >\n\t\t\t\n\t\t\t\t<div class=\"img has-hover x md-x lg-x y md-y lg-y\" id=\"image_153225953\">\n\t\t\t\t\t\t<div data-animate=\"fadeInRight\">\t\t<div class=\"img-inner box-shadow-2 box-shadow-3-hover dark\" >\n\t\t\t<img loading=\"lazy\" decoding=\"async\" width=\"1020\" height=\"744\" src=\"https:\/\/www.welaunch.io\/es\/wp-content\/uploads\/sites\/12\/2020\/07\/user-role-specific-custom-my-account-tabs-1024x747.png\" class=\"attachment-large size-large\" alt=\"user role specific custom my account tabs\" srcset=\"https:\/\/www.welaunch.io\/es\/wp-content\/uploads\/sites\/12\/2020\/07\/user-role-specific-custom-my-account-tabs-1024x747.png 1024w, https:\/\/www.welaunch.io\/es\/wp-content\/uploads\/sites\/12\/2020\/07\/user-role-specific-custom-my-account-tabs-500x365.png 500w, https:\/\/www.welaunch.io\/es\/wp-content\/uploads\/sites\/12\/2020\/07\/user-role-specific-custom-my-account-tabs-1000x729.png 1000w, https:\/\/www.welaunch.io\/es\/wp-content\/uploads\/sites\/12\/2020\/07\/user-role-specific-custom-my-account-tabs-300x219.png 300w, https:\/\/www.welaunch.io\/es\/wp-content\/uploads\/sites\/12\/2020\/07\/user-role-specific-custom-my-account-tabs-768x560.png 768w, https:\/\/www.welaunch.io\/es\/wp-content\/uploads\/sites\/12\/2020\/07\/user-role-specific-custom-my-account-tabs-1536x1120.png 1536w, https:\/\/www.welaunch.io\/es\/wp-content\/uploads\/sites\/12\/2020\/07\/user-role-specific-custom-my-account-tabs-2048x1494.png 2048w\" sizes=\"auto, (max-width: 1020px) 100vw, 1020px\" \/>\t\t\t\t\t\t\n\t\t\t\t\t<\/div>\n\t\t<\/div>\t\t\t\t\t\t\n<style>\n#image_153225953 {\n  width: 100%;\n}\n<\/style>\n\t<\/div>\n\t\t\t<\/div>\n\t\t\t\t\t<\/div>\n\n\t<\/div>\t\t<\/div>\n\n\t\t\n<style>\n#section_1949636969 {\n  padding-top: 40px;\n  padding-bottom: 40px;\n}\n#section_1949636969 .section-bg-overlay {\n  background-color: rgb(49, 113, 238);\n}\n@media (min-width:550px) {\n  #section_1949636969 {\n    padding-top: 50px;\n    padding-bottom: 50px;\n  }\n}\n@media (min-width:850px) {\n  #section_1949636969 {\n    padding-top: 80px;\n    padding-bottom: 80px;\n  }\n}\n<\/style>\n\t<\/section>\n\t\n\t<section class=\"section\" id=\"section_1109293540\">\n\t\t<div class=\"section-bg fill\" >\n\t\t\t\t\t\t\t\t\t\n\t\t\t\n\n\t\t<\/div>\n\n\t\t\n\n\t\t<div class=\"section-content relative\">\n\t\t\t<div class=\"row align-middle align-center\"  id=\"row-1631608284\">\n\t<div id=\"col-2024930258\" class=\"col medium-12 small-12 large-6\"  >\n\t\t\t\t<div class=\"col-inner text-center\"  >\n\t\t\t\n\t\t\t\t<div class=\"img has-hover x md-x lg-x y md-y lg-y\" id=\"image_1950277421\">\n\t\t\t\t\t\t<div data-animate=\"fadeInLeft\">\t\t<div class=\"img-inner box-shadow-2 box-shadow-3-hover dark\" >\n\t\t\t<img loading=\"lazy\" decoding=\"async\" width=\"1020\" height=\"580\" src=\"https:\/\/www.welaunch.io\/es\/wp-content\/uploads\/sites\/12\/2020\/07\/my-account-content-types-1024x582.png\" class=\"attachment-large size-large\" alt=\"my account content types\" srcset=\"https:\/\/www.welaunch.io\/es\/wp-content\/uploads\/sites\/12\/2020\/07\/my-account-content-types-1024x582.png 1024w, https:\/\/www.welaunch.io\/es\/wp-content\/uploads\/sites\/12\/2020\/07\/my-account-content-types-500x284.png 500w, https:\/\/www.welaunch.io\/es\/wp-content\/uploads\/sites\/12\/2020\/07\/my-account-content-types-1000x568.png 1000w, https:\/\/www.welaunch.io\/es\/wp-content\/uploads\/sites\/12\/2020\/07\/my-account-content-types-300x170.png 300w, https:\/\/www.welaunch.io\/es\/wp-content\/uploads\/sites\/12\/2020\/07\/my-account-content-types-768x436.png 768w, https:\/\/www.welaunch.io\/es\/wp-content\/uploads\/sites\/12\/2020\/07\/my-account-content-types-1536x873.png 1536w, https:\/\/www.welaunch.io\/es\/wp-content\/uploads\/sites\/12\/2020\/07\/my-account-content-types-2048x1163.png 2048w\" sizes=\"auto, (max-width: 1020px) 100vw, 1020px\" \/>\t\t\t\t\t\t\n\t\t\t\t\t<\/div>\n\t\t<\/div>\t\t\t\t\t\t\n<style>\n#image_1950277421 {\n  width: 100%;\n}\n<\/style>\n\t<\/div>\n\t\t\t<\/div>\n\t\t\t\t\t<\/div>\n\n\t\n\t<div id=\"col-1132860807\" class=\"col medium-12 small-12 large-6 medium-col-first\"  >\n\t\t\t\t<div class=\"col-inner\"  >\n\t\t\t\n\t\t\t\n<h2>M\u00faltiples tipos de contenido<\/h2>\n<p>Disponemos de m\u00e1s de 10 tipos de contenido preconfigurados que puede utilizar para mostrar contenido personalizado:<\/p>\n<ul>\n<li>Editor (con soporte de shortcode)<\/li>\n<li>Enlace (interno \/ externo)<\/li>\n<li>Formulario CF7<\/li>\n<li>Funci\u00f3n PHP personalizada<\/li>\n<li>Productos por par\u00e1metro (m\u00e1s vendidos, categor\u00eda)<\/li>\n<li>Carrito<\/li>\n<li>Seguimiento de pedidos<\/li>\n<li>y m\u00e1s &#8230;<\/li>\n<\/ul>\n<a href=\"https:\/\/demos.welaunch.io\/woocommerce-my-account\/wp-admin\/\" target=\"_blank\" class=\"button primary is-link\" rel=\"noopener\">\n\t\t<span>Ver demostraci\u00f3n de administraci\u00f3n<\/span>\n\t<\/a>\n\t\t<\/div>\n\t\t\t\t\t<\/div>\n\n\t<\/div>\t\t<\/div>\n\n\t\t\n<style>\n#section_1109293540 {\n  padding-top: 20px;\n  padding-bottom: 20px;\n}\n@media (min-width:550px) {\n  #section_1109293540 {\n    padding-top: 50px;\n    padding-bottom: 50px;\n  }\n}\n@media (min-width:850px) {\n  #section_1109293540 {\n    padding-top: 80px;\n    padding-bottom: 80px;\n  }\n}\n<\/style>\n\t<\/section>\n\t\n","protected":false},"excerpt":{"rendered":"<p>Con nuestro plugin WooCommerce Account podr\u00e1s crear, renombrar, reordenar o deshabilitar p\u00e1ginas personalizadas en la secci\u00f3n mi cuenta de tus usuarios.<\/p>\n","protected":false},"featured_media":2628,"comment_status":"open","ping_status":"closed","template":"","meta":{"inline_featured_image":false},"product_brand":[],"product_cat":[43,41],"product_tag":[],"class_list":{"0":"post-4539","1":"product","2":"type-product","3":"status-publish","4":"has-post-thumbnail","6":"product_cat-woocommerce-plugins","7":"product_cat-plugins","9":"first","10":"instock","11":"shipping-taxable","12":"purchasable","13":"product-type-variable"},"_links":{"self":[{"href":"https:\/\/www.welaunch.io\/es\/wp-json\/wp\/v2\/product\/4539","targetHints":{"allow":["GET"]}}],"collection":[{"href":"https:\/\/www.welaunch.io\/es\/wp-json\/wp\/v2\/product"}],"about":[{"href":"https:\/\/www.welaunch.io\/es\/wp-json\/wp\/v2\/types\/product"}],"replies":[{"embeddable":true,"href":"https:\/\/www.welaunch.io\/es\/wp-json\/wp\/v2\/comments?post=4539"}],"wp:featuredmedia":[{"embeddable":true,"href":"https:\/\/www.welaunch.io\/es\/wp-json\/wp\/v2\/media\/2628"}],"wp:attachment":[{"href":"https:\/\/www.welaunch.io\/es\/wp-json\/wp\/v2\/media?parent=4539"}],"wp:term":[{"taxonomy":"product_brand","embeddable":true,"href":"https:\/\/www.welaunch.io\/es\/wp-json\/wp\/v2\/product_brand?post=4539"},{"taxonomy":"product_cat","embeddable":true,"href":"https:\/\/www.welaunch.io\/es\/wp-json\/wp\/v2\/product_cat?post=4539"},{"taxonomy":"product_tag","embeddable":true,"href":"https:\/\/www.welaunch.io\/es\/wp-json\/wp\/v2\/product_tag?post=4539"}],"curies":[{"name":"wp","href":"https:\/\/api.w.org\/{rel}","templated":true}]}}