{"id":4424,"date":"2020-06-23T23:02:44","date_gmt":"2020-06-23T21:02:44","guid":{"rendered":"https:\/\/www.welaunch.io\/es\/?post_type=product&#038;p=4424"},"modified":"2025-08-28T10:32:33","modified_gmt":"2025-08-28T08:32:33","slug":"woocommerce-ultimate-tabs","status":"publish","type":"product","link":"https:\/\/www.welaunch.io\/es\/product\/woocommerce-ultimate-tabs\/","title":{"rendered":"WooCommerce Ultimate Custom Product Tabs"},"content":{"rendered":"\n\t<section class=\"section\" id=\"section_1195249728\">\n\t\t<div class=\"section-bg fill\" >\n\t\t\t\t\t\t\t\t\t\n\t\t\t\n\n\t\t<\/div>\n\n\t\t\n\n\t\t<div class=\"section-content relative\">\n\t\t\t<div class=\"row row-solid\"  id=\"row-813230585\">\n\t<div id=\"col-574836503\" class=\"col medium-4 small-12 large-4\"  >\n\t\t\t\t<div class=\"col-inner text-center\"  >\n\t\t\t\n\t\t\t\n\t\t<div class=\"icon-box featured-box icon-box-center text-center\"  >\n\t\t\t\t\t<div class=\"icon-box-img\" style=\"width: 50px\">\n\t\t\t\t<div class=\"icon\">\n\t\t\t\t\t<div class=\"icon-inner\" style=\"color:rgb(101, 28, 255);\">\n\t\t\t\t\t\t<svg xmlns=\"http:\/\/www.w3.org\/2000\/svg\" viewBox=\"0 0 496 512\"><path d=\"M248 8C111.03 8 0 119.03 0 256s111.03 248 248 248 248-111.03 248-248S384.97 8 248 8zm215.72 253.45l-42.82-10.71c-1.97-.5-3.66-1.67-4.75-3.33l-17.97-26.97a8.05 8.05 0 0 1 0-8.88l19.59-29.39c.78-1.16 1.81-2.09 3.06-2.7l23.97-11.99C457.03 194.53 464 224.44 464 256c0 1.84-.23 3.62-.28 5.45zM32 256c0-11.92 1.22-23.53 3.09-34.93 7.16 10.6 14.52 21.46 19.91 29.36 5.88 8.67 12.81 16.61 21.38 24.34 10.72 9.69 22.56 17.83 35.16 24.16 13.81 6.97 34.06 17.95 48.28 25.83 5.03 2.8 8.19 8.16 8.19 13.97v32.02c0 12.81 5 24.88 14.06 33.94 12.66 12.66 18.91 31.67 17.94 39.94v21.81C103.95 444.53 32 358.59 32 256zm199.92 215.19l-.08-24.44c2.5-18.58-9.44-46.98-27.16-64.69-2.97-2.98-4.69-7.11-4.69-11.31v-32.02c0-17.47-9.47-33.55-24.72-41.97-14.5-8.03-35.19-19.27-49.34-26.41-10.06-5.05-19.53-11.56-28.94-20.05a100.36 100.36 0 0 1-15.56-17.89c-9.66-14.19-25.54-37.72-35.4-52.35 25.98-68.87 85.98-121.14 159.56-135.85L257.38 96l-15.03 15.03c-9.03 9.03-9.34 23.53-.94 32.94l-5.72.03c-6.25 0-12.19 2.41-16.72 6.8l-9.91 9.64c-7.56 7.3-9.47 18.53-4.75 27.95l4 7.98c-6.94-2.75-14.78-3.12-22.03-.66l-31.19 10.39A27.893 27.893 0 0 0 136 232.6c0 10.66 5.91 20.23 15.44 25l11.09 5.55c10.72 5.36 22.62 8.38 34.62 8.8 2.38 2.3 6.25 7.56 8.69 10.89 5.91 8.08 11.5 15.72 19 19.47l3.38 1.69h70.53c4.22 0 8.34 1.7 11.31 4.69l13.69 13.69a14.66 14.66 0 0 1 4.25 10.27c0 8.05-3.28 15.92-9.06 21.66l-11.34 11.33a39.93 39.93 0 0 0-10.25 17.88l-1.12 4.41c-.94 3.69-1.84 7.38-3.19 11l-26.78 72.17c-6.03.51-12.09.92-18.25.92-5.44-.02-10.76-.44-16.09-.83zm70.82-6.49L323 410.09c1.78-4.7 3.03-9.53 4.25-14.36l1.03-4.05c.34-1.31 1.06-2.55 4.09-5.58l9.19-9.16c11.72-11.64 18.44-27.8 18.44-44.31 0-12.25-4.97-24.23-13.62-32.89l-13.69-13.69c-8.94-8.94-21.31-14.06-33.94-14.06h-60.94c-1.91-2.23-4.34-5.59-6.16-8.06C223.44 252.72 214.12 240 200 240c-8 0-16-1.89-23.16-5.47l-2.34-1.17 21.91-7.3 9.28 8.06c4.38 3.78 9.94 5.88 15.72 5.88h5.66c8.38 0 16-4.25 20.41-11.39 4.41-7.12 4.81-15.86 1.06-23.34l-12.97-25.95 3.38-3.31h5.75c6.41 0 12.44-2.5 16.97-7.03l8-8c9.03-9.03 9.34-23.53.94-32.94l9.41-9.41c6.03-6.05 9.38-14.08 9.38-22.62s-3.34-16.58-9.38-22.62l-33.31-33.31c.44 0 .87-.07 1.31-.07 76.13 0 143.04 39.68 181.52 99.35l-22.98 11.49a39.974 39.974 0 0 0-15.38 13.58l-19.59 29.39c-9 13.48-9 30.89 0 44.38l17.97 26.97c5.53 8.28 13.88 14.17 23.59 16.61l47.38 11.84c-14.72 83.15-77.04 149.87-157.79 171.08z\"\/><\/svg>\t\t\t\t\t<\/div>\n\t\t\t\t<\/div>\n\t\t\t<\/div>\n\t\t\t\t<div class=\"icon-box-text last-reset\">\n\t\t\t<h5 class=\"uppercase\">Pesta\u00f1as globales<\/h5>\t\t\t\t\t\tCrear pesta\u00f1as globales que aparezcan en todas las p\u00e1ginas de productos. Por ejemplo, un formulario de contacto o una ficha de asistencia.\t\t<\/div>\n\t<\/div>\n\t\n\t\t\t<\/div>\n\t\t\t\t\t<\/div>\n\n\t\n\t<div id=\"col-1361251399\" class=\"col medium-4 small-12 large-4\"  >\n\t\t\t\t<div class=\"col-inner\"  >\n\t\t\t\n\t\t\t\n\t\t<div class=\"icon-box featured-box icon-box-center text-center\"  >\n\t\t\t\t\t<div class=\"icon-box-img\" style=\"width: 63px\">\n\t\t\t\t<div class=\"icon\">\n\t\t\t\t\t<div class=\"icon-inner\" style=\"color:rgb(101, 28, 255);\">\n\t\t\t\t\t\t<svg xmlns=\"http:\/\/www.w3.org\/2000\/svg\" viewBox=\"0 0 640 512\"><path d=\"M608 352h-32v-97.59c0-16.77-13.62-30.41-30.41-30.41H336v-64h48c17.67 0 32-14.33 32-32V32c0-17.67-14.33-32-32-32H256c-17.67 0-32 14.33-32 32v96c0 17.67 14.33 32 32 32h48v64H94.41C77.62 224 64 237.64 64 254.41V352H32c-17.67 0-32 14.33-32 32v96c0 17.67 14.33 32 32 32h96c17.67 0 32-14.33 32-32v-96c0-17.67-14.33-32-32-32H96v-96h208v96h-32c-17.67 0-32 14.33-32 32v96c0 17.67 14.33 32 32 32h96c17.67 0 32-14.33 32-32v-96c0-17.67-14.33-32-32-32h-32v-96h208v96h-32c-17.67 0-32 14.33-32 32v96c0 17.67 14.33 32 32 32h96c17.67 0 32-14.33 32-32v-96c0-17.67-14.33-32-32-32zm-480 32v96H32v-96h96zm240 0v96h-96v-96h96zM256 128V32h128v96H256zm352 352h-96v-96h96v96z\"\/><\/svg>\t\t\t\t\t<\/div>\n\t\t\t\t<\/div>\n\t\t\t<\/div>\n\t\t\t\t<div class=\"icon-box-text last-reset\">\n\t\t\t<h5 class=\"uppercase\">Fichas de categor\u00edas<\/h5>\t\t\t\t\t\tA\u00f1adir pesta\u00f1as de categor\u00eda, que s\u00f3lo se muestran en las categor\u00edas de productos especiales. Mostrar informaci\u00f3n de tallas de ropa para todas las categor\u00edas de ropa, por ejemplo.\t\t<\/div>\n\t<\/div>\n\t\n\t\t\t<\/div>\n\t\t\t\t\t<\/div>\n\n\t\n\t<div id=\"col-1887815526\" class=\"col medium-4 small-12 large-4\"  >\n\t\t\t\t<div class=\"col-inner\"  >\n\t\t\t\n\t\t\t\n\t\t<div class=\"icon-box featured-box icon-box-center text-center\"  >\n\t\t\t\t\t<div class=\"icon-box-img\" style=\"width: 61px\">\n\t\t\t\t<div class=\"icon\">\n\t\t\t\t\t<div class=\"icon-inner\" style=\"color:rgb(101, 28, 255);\">\n\t\t\t\t\t\t<svg xmlns=\"http:\/\/www.w3.org\/2000\/svg\" viewBox=\"0 0 512 512\"><path d=\"M464 128H272l-64-64H48C21.49 64 0 85.49 0 112v288c0 26.51 21.49 48 48 48h416c26.51 0 48-21.49 48-48V176c0-26.51-21.49-48-48-48zm16 272c0 8.837-7.163 16-16 16H48c-8.837 0-16-7.163-16-16V112c0-8.837 7.163-16 16-16h146.745l64 64H464c8.837 0 16 7.163 16 16v224z\"\/><\/svg>\t\t\t\t\t<\/div>\n\t\t\t\t<\/div>\n\t\t\t<\/div>\n\t\t\t\t<div class=\"icon-box-text last-reset\">\n\t\t\t<h5 class=\"uppercase\">Fichas de productos personalizadas<\/h5>\t\t\t\t\t\tPublicar productos individuales con fichas de producto personalizadas, que pueden contener informaci\u00f3n espec\u00edfica del producto como un Manual.\t\t<\/div>\n\t<\/div>\n\t\n\t\t\t<\/div>\n\t\t\t\t\t<\/div>\n\n\t<\/div><div class=\"row row-solid\"  id=\"row-717605208\">\n\t<div id=\"col-192087628\" class=\"col medium-4 small-12 large-4\"  >\n\t\t\t\t<div class=\"col-inner text-center\"  >\n\t\t\t\n\t\t\t\n\t\t<div class=\"icon-box featured-box icon-box-center text-center\"  >\n\t\t\t\t\t<div class=\"icon-box-img\" style=\"width: 50px\">\n\t\t\t\t<div class=\"icon\">\n\t\t\t\t\t<div class=\"icon-inner\" style=\"color:rgb(101, 28, 255);\">\n\t\t\t\t\t\t<svg xmlns=\"http:\/\/www.w3.org\/2000\/svg\" viewBox=\"0 0 320 512\"><path d=\"M288 288H32c-28.4 0-42.8 34.5-22.6 54.6l128 128c12.5 12.5 32.8 12.5 45.3 0l128-128c20-20.1 5.7-54.6-22.7-54.6zM160 448L32 320h256L160 448zM32 224h256c28.4 0 42.8-34.5 22.6-54.6l-128-128c-12.5-12.5-32.8-12.5-45.3 0l-128 128C-10.7 189.5 3.6 224 32 224zM160 64l128 128H32L160 64z\"\/><\/svg>\t\t\t\t\t<\/div>\n\t\t\t\t<\/div>\n\t\t\t<\/div>\n\t\t\t\t<div class=\"icon-box-text last-reset\">\n\t\t\t<h5 class=\"uppercase\">Reordenar \/ Desactivar Pesta\u00f1as de WooCommerce<\/h5>\t\t\t\t\t\tReordenar o incluso desactivar las pesta\u00f1as generales de WooCommerce\t\t<\/div>\n\t<\/div>\n\t\n\t\t\t<\/div>\n\t\t\t\t\t<\/div>\n\n\t\n\t<div id=\"col-209725648\" class=\"col medium-4 small-12 large-4\"  >\n\t\t\t\t<div class=\"col-inner\"  >\n\t\t\t\n\t\t\t\n\t\t<div class=\"icon-box featured-box icon-box-center text-center\"  >\n\t\t\t\t\t<div class=\"icon-box-img\" style=\"width: 63px\">\n\t\t\t\t<div class=\"icon\">\n\t\t\t\t\t<div class=\"icon-inner\" style=\"color:rgb(101, 28, 255);\">\n\t\t\t\t\t\t<svg xmlns=\"http:\/\/www.w3.org\/2000\/svg\" viewBox=\"0 0 448 512\"><path d=\"M232.594 32h-17.187a11.998 11.998 0 0 0-11.239 7.796L51.473 448H28c-6.627 0-12 5.373-12 12v8c0 6.627 5.373 12 12 12h88c6.627 0 12-5.373 12-12v-8c0-6.627-5.373-12-12-12H87.913l44.651-120.46h182.253L360.063 448H332c-6.627 0-12 5.373-12 12v8c0 6.627 5.373 12 12 12h88c6.627 0 12-5.373 12-12v-8c0-6.627-5.373-12-12-12h-23.473L243.833 39.796A12 12 0 0 0 232.594 32zm-87.958 263.34l75.696-201.241c1.5-3.857 2.714-7.827 3.668-11.427.95 3.589 2.159 7.544 3.651 11.382l75.098 201.286H144.636z\"\/><\/svg>\t\t\t\t\t<\/div>\n\t\t\t\t<\/div>\n\t\t\t<\/div>\n\t\t\t\t<div class=\"icon-box-text last-reset\">\n\t\t\t<h5 class=\"uppercase\">Cambiar el nombre de las pesta\u00f1as<\/h5>\t\t\t\t\t\tCambie el nombre de la Informaci\u00f3n Adicional, la Descripci\u00f3n o la Ficha de Revisi\u00f3n con facilidad.\t\t<\/div>\n\t<\/div>\n\t\n\t\t\t<\/div>\n\t\t\t\t\t<\/div>\n\n\t\n\t<div id=\"col-683388923\" class=\"col medium-4 small-12 large-4\"  >\n\t\t\t\t<div class=\"col-inner\"  >\n\t\t\t\n\t\t\t\n\t\t<div class=\"icon-box featured-box icon-box-center text-center\"  >\n\t\t\t\t\t<div class=\"icon-box-img\" style=\"width: 61px\">\n\t\t\t\t<div class=\"icon\">\n\t\t\t\t\t<div class=\"icon-inner\" style=\"color:rgb(101, 28, 255);\">\n\t\t\t\t\t\t<svg xmlns=\"http:\/\/www.w3.org\/2000\/svg\" viewBox=\"0 0 496 512\"><path d=\"M248 8C111 8 0 119 0 256s111 248 248 248 248-111 248-248S385 8 248 8zm0 464c-119.1 0-216-96.9-216-216S128.9 40 248 40s216 96.9 216 216-96.9 216-216 216zm90.2-146.2C315.8 352.6 282.9 368 248 368s-67.8-15.4-90.2-42.2c-5.7-6.8-15.8-7.7-22.5-2-6.8 5.7-7.7 15.7-2 22.5C161.7 380.4 203.6 400 248 400s86.3-19.6 114.8-53.8c5.7-6.8 4.8-16.9-2-22.5-6.8-5.6-16.9-4.7-22.6 2.1zM168 240c17.7 0 32-14.3 32-32s-14.3-32-32-32-32 14.3-32 32 14.3 32 32 32zm160 0c17.7 0 32-14.3 32-32s-14.3-32-32-32-32 14.3-32 32 14.3 32 32 32z\"\/><\/svg>\t\t\t\t\t<\/div>\n\t\t\t\t<\/div>\n\t\t\t<\/div>\n\t\t\t\t<div class=\"icon-box-text last-reset\">\n\t\t\t<h5 class=\"uppercase\">Iconos y estilos personalizados<\/h5>\t\t\t\t\t\tA\u00f1ade iconos a tus pesta\u00f1as personalizadas y habilita algunos estilos m\u00e1s. Establecer un color de texto personalizado, color de fondo \/ imagen.\t\t<\/div>\n\t<\/div>\n\t\n\t\t\t<\/div>\n\t\t\t\t\t<\/div>\n\n\t<\/div>\t\t<\/div>\n\n\t\t\n<style>\n#section_1195249728 {\n  padding-top: 30px;\n  padding-bottom: 30px;\n}\n<\/style>\n\t<\/section>\n\t\n\t<section class=\"section dark\" id=\"section_1701554319\">\n\t\t<div class=\"section-bg fill\" >\n\t\t\t\t\t\t\t\t\t<div class=\"section-bg-overlay absolute fill\"><\/div>\n\t\t\t\n\n\t\t<\/div>\n\n\t\t\n\n\t\t<div class=\"section-content relative\">\n\t\t\t<div class=\"row align-middle align-center\"  id=\"row-1647815313\">\n\t<div id=\"col-1357131772\" class=\"col medium-12 small-12 large-6\"  >\n\t\t\t\t<div class=\"col-inner\"  >\n\t\t\t\n\t\t\t\n<h2>Crear pesta\u00f1as personalizadas de WooCommerce con facilidad<\/h2>\n<p>Odiar las pesta\u00f1as est\u00e1ndar de WooCommerce? &#8211; No est\u00e1s solo.Todos los propietarios de tiendas WooCommerce saben que elegir los temas WooCommerce adecuados para los diferentes nichos de productos, es vital para impulsar las ventas. Lamentablemente las pesta\u00f1as incluidas en muchos temas de WooCommerce, simplemente no son tan intuitivas como muchos propietarios de tiendas quisieran que fueran.Afortunadamente, con el nuevo plugin Ultimate Tabs WooCommerce, los propietarios de tiendas pueden ahora crear pesta\u00f1as interactivas personalizadas para complementar las p\u00e1ginas de productos de la tienda.Los administradores del sitio pueden crear pesta\u00f1as de WooCommerce que aparezcan debajo de las p\u00e1ginas de productos y que muestren productos similares por categor\u00eda de producto. Alternativamente, el plugin Ultimate Tabs WooCommerce puede ser usado para crear pesta\u00f1as completamente personalizadas que presenten informaci\u00f3n extra espec\u00edfica del producto como gu\u00edas de usuario del producto.\t\t<\/div>\n\t\t\t\t\t<\/div>\n\n\t\n\t<div id=\"col-818553385\" class=\"col medium-12 small-12 large-6\"  >\n\t\t\t\t<div class=\"col-inner text-center\"  >\n\t\t\t\n\t\t\t<div class=\"video video-fit mb\" style=\"padding-top:56.25%;\"><p><iframe title=\"WooCommerce Custom Tabs\" width=\"1020\" height=\"574\" src=\"https:\/\/www.youtube.com\/embed\/UhkRK4GC5lg?feature=oembed\" frameborder=\"0\" allow=\"accelerometer; autoplay; encrypted-media; gyroscope; picture-in-picture\" allowfullscreen><\/iframe><\/p>\n<\/div>\t\t<\/div>\n\t\t\t\t\t<\/div>\n\n\t<\/div>\t\t<\/div>\n\n\t\t\n<style>\n#section_1701554319 {\n  padding-top: 40px;\n  padding-bottom: 40px;\n}\n#section_1701554319 .section-bg-overlay {\n  background-color: rgb(49, 113, 238);\n}\n@media (min-width:550px) {\n  #section_1701554319 {\n    padding-top: 50px;\n    padding-bottom: 50px;\n  }\n}\n@media (min-width:850px) {\n  #section_1701554319 {\n    padding-top: 80px;\n    padding-bottom: 80px;\n  }\n}\n<\/style>\n\t<\/section>\n\t\n\t<section class=\"section\" id=\"section_680020341\">\n\t\t<div class=\"section-bg fill\" >\n\t\t\t\t\t\t\t\t\t\n\t\t\t\n\n\t\t<\/div>\n\n\t\t\n\n\t\t<div class=\"section-content relative\">\n\t\t\t<div class=\"row align-middle align-center\"  id=\"row-744060764\">\n\t<div id=\"col-525205962\" class=\"col medium-12 small-12 large-6\"  >\n\t\t\t\t<div class=\"col-inner text-center\"  >\n\t\t\t\n\t\t\t\t<div class=\"img has-hover x md-x lg-x y md-y lg-y\" id=\"image_946721326\">\n\t\t\t\t\t\t<div data-animate=\"fadeInLeft\">\t\t<div class=\"img-inner box-shadow-2 box-shadow-3-hover dark\" >\n\t\t\t<img loading=\"lazy\" decoding=\"async\" width=\"1020\" height=\"525\" src=\"https:\/\/www.welaunch.io\/es\/wp-content\/uploads\/sites\/12\/2020\/07\/global-product-tabs-1024x527.png\" class=\"attachment-large size-large\" alt=\"global product tabs\" srcset=\"https:\/\/www.welaunch.io\/es\/wp-content\/uploads\/sites\/12\/2020\/07\/global-product-tabs-1024x527.png 1024w, https:\/\/www.welaunch.io\/es\/wp-content\/uploads\/sites\/12\/2020\/07\/global-product-tabs-500x257.png 500w, https:\/\/www.welaunch.io\/es\/wp-content\/uploads\/sites\/12\/2020\/07\/global-product-tabs-1000x515.png 1000w, https:\/\/www.welaunch.io\/es\/wp-content\/uploads\/sites\/12\/2020\/07\/global-product-tabs-300x154.png 300w, https:\/\/www.welaunch.io\/es\/wp-content\/uploads\/sites\/12\/2020\/07\/global-product-tabs-768x395.png 768w, https:\/\/www.welaunch.io\/es\/wp-content\/uploads\/sites\/12\/2020\/07\/global-product-tabs-1536x791.png 1536w, https:\/\/www.welaunch.io\/es\/wp-content\/uploads\/sites\/12\/2020\/07\/global-product-tabs-2048x1054.png 2048w\" sizes=\"auto, (max-width: 1020px) 100vw, 1020px\" \/>\t\t\t\t\t\t\n\t\t\t\t\t<\/div>\n\t\t<\/div>\t\t\t\t\t\t\n<style>\n#image_946721326 {\n  width: 100%;\n}\n<\/style>\n\t<\/div>\n\t\t\t<\/div>\n\t\t\t\t\t<\/div>\n\n\t\n\t<div id=\"col-1500635063\" class=\"col medium-12 small-12 large-6 medium-col-first\"  >\n\t\t\t\t<div class=\"col-inner\"  >\n\t\t\t\n\t\t\t\n<h2>Fichas de productos globales<\/h2>\n<p>Con el plugin Ultimate Tabs WooCommerce, los propietarios de tiendas pueden crear pesta\u00f1as globales que aparecen en todas las p\u00e1ginas de productos.Mediante el uso de pesta\u00f1as globales, se puede animar a los visitantes del sitio de WooCommerce a examinar diferentes listados de productos. Al hacerlo, el plugin Ultimate Tabs WooCommerce ayuda a aumentar la duraci\u00f3n media de las sesiones de la p\u00e1gina web, a reducir las tasas de rebote y a ganar exposici\u00f3n adicional para los productos de la tienda.<a href=\"https:\/\/demos.welaunch.io\/woocommerce-ultimate-tabs\/product\/happy-ninja\/\" target=\"_blank\" class=\"button primary is-link\" rel=\"noopener\">\n\t\t<span>Ver demostraci\u00f3n<\/span>\n\t<\/a>\n\t\t<\/div>\n\t\t\t\t\t<\/div>\n\n\t<\/div>\t\t<\/div>\n\n\t\t\n<style>\n#section_680020341 {\n  padding-top: 20px;\n  padding-bottom: 20px;\n}\n@media (min-width:550px) {\n  #section_680020341 {\n    padding-top: 50px;\n    padding-bottom: 50px;\n  }\n}\n@media (min-width:850px) {\n  #section_680020341 {\n    padding-top: 80px;\n    padding-bottom: 80px;\n  }\n}\n<\/style>\n\t<\/section>\n\t\n\t<section class=\"section dark\" id=\"section_1808134462\">\n\t\t<div class=\"section-bg fill\" >\n\t\t\t\t\t\t\t\t\t<div class=\"section-bg-overlay absolute fill\"><\/div>\n\t\t\t\n\n\t\t<\/div>\n\n\t\t\n\n\t\t<div class=\"section-content relative\">\n\t\t\t<div class=\"row align-middle align-center\"  id=\"row-1046312580\">\n\t<div id=\"col-558182558\" class=\"col medium-12 small-12 large-6\"  >\n\t\t\t\t<div class=\"col-inner\"  >\n\t\t\t\n\t\t\t\n<h2>Fichas de categor\u00edas<\/h2>\n<p>Con el fin de aumentar la exposici\u00f3n de los productos de la tienda WooCommerce, el plugin Ultimate Tabs WooCommerce se puede utilizar para crear pesta\u00f1as de productos espec\u00edficos de la categor\u00eda.A diferencia de las pesta\u00f1as globales, las pesta\u00f1as espec\u00edficas de la categor\u00eda pueden configurarse para que s\u00f3lo aparezcan en las p\u00e1ginas de la tienda que ya presentan listados de productos de la misma categor\u00eda de la tienda. Esto permite a los clientes examinar y comparar diferentes art\u00edculos de inter\u00e9s. &#8211; Todo ello sin tener que avanzar y retroceder entre las diferentes p\u00e1ginas de productos.<a href=\"https:\/\/demos.welaunch.io\/woocommerce-ultimate-tabs\/product\/ninja-silhouette-2\/\" target=\"_blank\" class=\"button white is-link\" rel=\"noopener\">\n\t\t<span>Ver demostraci\u00f3n<\/span>\n\t<\/a>\n\t\t<\/div>\n\t\t\t\t\t<\/div>\n\n\t\n\t<div id=\"col-1164787588\" class=\"col medium-12 small-12 large-6\"  >\n\t\t\t\t<div class=\"col-inner text-center\"  >\n\t\t\t\n\t\t\t\t<div class=\"img has-hover x md-x lg-x y md-y lg-y\" id=\"image_662228570\">\n\t\t\t\t\t\t<div data-animate=\"fadeInRight\">\t\t<div class=\"img-inner box-shadow-2 box-shadow-3-hover dark\" >\n\t\t\t<img loading=\"lazy\" decoding=\"async\" width=\"1020\" height=\"560\" src=\"https:\/\/www.welaunch.io\/es\/wp-content\/uploads\/sites\/12\/2020\/07\/product-category-tabs-1024x562.png\" class=\"attachment-large size-large\" alt=\"product category tabs\" srcset=\"https:\/\/www.welaunch.io\/es\/wp-content\/uploads\/sites\/12\/2020\/07\/product-category-tabs-1024x562.png 1024w, https:\/\/www.welaunch.io\/es\/wp-content\/uploads\/sites\/12\/2020\/07\/product-category-tabs-500x275.png 500w, https:\/\/www.welaunch.io\/es\/wp-content\/uploads\/sites\/12\/2020\/07\/product-category-tabs-1000x549.png 1000w, https:\/\/www.welaunch.io\/es\/wp-content\/uploads\/sites\/12\/2020\/07\/product-category-tabs-300x165.png 300w, https:\/\/www.welaunch.io\/es\/wp-content\/uploads\/sites\/12\/2020\/07\/product-category-tabs-768x422.png 768w, https:\/\/www.welaunch.io\/es\/wp-content\/uploads\/sites\/12\/2020\/07\/product-category-tabs-1536x844.png 1536w, https:\/\/www.welaunch.io\/es\/wp-content\/uploads\/sites\/12\/2020\/07\/product-category-tabs-2048x1125.png 2048w\" sizes=\"auto, (max-width: 1020px) 100vw, 1020px\" \/>\t\t\t\t\t\t\n\t\t\t\t\t<\/div>\n\t\t<\/div>\t\t\t\t\t\t\n<style>\n#image_662228570 {\n  width: 100%;\n}\n<\/style>\n\t<\/div>\n\t\t\t<\/div>\n\t\t\t\t\t<\/div>\n\n\t<\/div>\t\t<\/div>\n\n\t\t\n<style>\n#section_1808134462 {\n  padding-top: 40px;\n  padding-bottom: 40px;\n}\n#section_1808134462 .section-bg-overlay {\n  background-color: #3171ee;\n}\n@media (min-width:550px) {\n  #section_1808134462 {\n    padding-top: 50px;\n    padding-bottom: 50px;\n  }\n}\n@media (min-width:850px) {\n  #section_1808134462 {\n    padding-top: 80px;\n    padding-bottom: 80px;\n  }\n}\n<\/style>\n\t<\/section>\n\t\n\t<section class=\"section\" id=\"section_241291306\">\n\t\t<div class=\"section-bg fill\" >\n\t\t\t\t\t\t\t\t\t\n\t\t\t\n\n\t\t<\/div>\n\n\t\t\n\n\t\t<div class=\"section-content relative\">\n\t\t\t<div class=\"row align-middle align-center\"  id=\"row-1860638584\">\n\t<div id=\"col-2104333234\" class=\"col medium-12 small-12 large-6\"  >\n\t\t\t\t<div class=\"col-inner text-center\"  >\n\t\t\t\n\t\t\t\t<div class=\"img has-hover x md-x lg-x y md-y lg-y\" id=\"image_428379035\">\n\t\t\t\t\t\t<div data-animate=\"fadeInLeft\">\t\t<div class=\"img-inner box-shadow-2 box-shadow-3-hover dark\" >\n\t\t\t<img loading=\"lazy\" decoding=\"async\" width=\"1020\" height=\"687\" src=\"https:\/\/www.welaunch.io\/es\/wp-content\/uploads\/sites\/12\/2020\/07\/woocommerce-custom-product-tabs-1024x690.png\" class=\"attachment-large size-large\" alt=\"WooCommerce custom product tabs\" srcset=\"https:\/\/www.welaunch.io\/es\/wp-content\/uploads\/sites\/12\/2020\/07\/woocommerce-custom-product-tabs-1024x690.png 1024w, https:\/\/www.welaunch.io\/es\/wp-content\/uploads\/sites\/12\/2020\/07\/woocommerce-custom-product-tabs-500x337.png 500w, https:\/\/www.welaunch.io\/es\/wp-content\/uploads\/sites\/12\/2020\/07\/woocommerce-custom-product-tabs-1000x673.png 1000w, https:\/\/www.welaunch.io\/es\/wp-content\/uploads\/sites\/12\/2020\/07\/woocommerce-custom-product-tabs-300x202.png 300w, https:\/\/www.welaunch.io\/es\/wp-content\/uploads\/sites\/12\/2020\/07\/woocommerce-custom-product-tabs-768x517.png 768w, https:\/\/www.welaunch.io\/es\/wp-content\/uploads\/sites\/12\/2020\/07\/woocommerce-custom-product-tabs-1536x1034.png 1536w, https:\/\/www.welaunch.io\/es\/wp-content\/uploads\/sites\/12\/2020\/07\/woocommerce-custom-product-tabs-2048x1379.png 2048w\" sizes=\"auto, (max-width: 1020px) 100vw, 1020px\" \/>\t\t\t\t\t\t\n\t\t\t\t\t<\/div>\n\t\t<\/div>\t\t\t\t\t\t\n<style>\n#image_428379035 {\n  width: 100%;\n}\n<\/style>\n\t<\/div>\n\t\t\t<\/div>\n\t\t\t\t\t<\/div>\n\n\t\n\t<div id=\"col-1736965548\" class=\"col medium-12 small-12 large-6 medium-col-first\"  >\n\t\t\t\t<div class=\"col-inner\"  >\n\t\t\t\n\t\t\t\n<h2>Fichas de productos personalizadas<\/h2>\n<p>Adem\u00e1s de las pesta\u00f1as globales y espec\u00edficas de cada categor\u00eda, el plugin Ultimate Tabs WooCommerce permite a los propietarios de tiendas crear pesta\u00f1as completamente personalizadas.Usando Ultimate Tabs, los administradores del sitio pueden cambiar las pesta\u00f1as por defecto asociadas a los propios temas de WooCommerce reordenando, renombrando y deshabilitando diferentes pesta\u00f1as. Al mismo tiempo, se pueden crear pesta\u00f1as personalizadas completamente nuevas que aparecen tanto a nivel global como en p\u00e1ginas de productos predefinidas.Totalmente personalizables y tematizables, las pesta\u00f1as personalizadas pueden complementar los listados de productos proporcionando a los clientes enlaces a manuales de productos y parafernalia similar. Por otra parte, las pesta\u00f1as personalizadas pueden utilizarse para promocionar art\u00edculos espec\u00edficos de la tienda en virtud de promociones espec\u00edficas de la tienda o del producto por tiempo limitado.<a href=\"https:\/\/demos.welaunch.io\/woocommerce-ultimate-tabs\/product\/woo-album-2\/\" target=\"_blank\" class=\"button primary is-link\" rel=\"noopener\">\n\t\t<span>Ver demostraci\u00f3n<\/span>\n\t<\/a>\n\t\t<\/div>\n\t\t\t\t\t<\/div>\n\n\t<\/div>\t\t<\/div>\n\n\t\t\n<style>\n#section_241291306 {\n  padding-top: 40px;\n  padding-bottom: 40px;\n}\n@media (min-width:550px) {\n  #section_241291306 {\n    padding-top: 50px;\n    padding-bottom: 50px;\n  }\n}\n@media (min-width:850px) {\n  #section_241291306 {\n    padding-top: 80px;\n    padding-bottom: 80px;\n  }\n}\n<\/style>\n\t<\/section>\n\t\n","protected":false},"excerpt":{"rendered":"<p>Con WooCommerce Ultimate Tabs tendr\u00e1s el \u00fanico plugin de pesta\u00f1as personalizadas, que cumplir\u00e1 con todas tus necesidades. Puedes reordenar, renombrar, deshabilitar pesta\u00f1as, crear pesta\u00f1as globales o dependientes de la categor\u00eda o incluso pesta\u00f1as personalizadas de un solo producto.<\/p>\n","protected":false},"featured_media":2647,"comment_status":"open","ping_status":"closed","template":"","meta":{"inline_featured_image":false},"product_brand":[],"product_cat":[43,41],"product_tag":[],"class_list":{"0":"post-4424","1":"product","2":"type-product","3":"status-publish","4":"has-post-thumbnail","6":"product_cat-woocommerce-plugins","7":"product_cat-plugins","9":"first","10":"instock","11":"downloadable","12":"virtual","13":"purchasable","14":"product-type-simple"},"_links":{"self":[{"href":"https:\/\/www.welaunch.io\/es\/wp-json\/wp\/v2\/product\/4424","targetHints":{"allow":["GET"]}}],"collection":[{"href":"https:\/\/www.welaunch.io\/es\/wp-json\/wp\/v2\/product"}],"about":[{"href":"https:\/\/www.welaunch.io\/es\/wp-json\/wp\/v2\/types\/product"}],"replies":[{"embeddable":true,"href":"https:\/\/www.welaunch.io\/es\/wp-json\/wp\/v2\/comments?post=4424"}],"wp:featuredmedia":[{"embeddable":true,"href":"https:\/\/www.welaunch.io\/es\/wp-json\/wp\/v2\/media\/2647"}],"wp:attachment":[{"href":"https:\/\/www.welaunch.io\/es\/wp-json\/wp\/v2\/media?parent=4424"}],"wp:term":[{"taxonomy":"product_brand","embeddable":true,"href":"https:\/\/www.welaunch.io\/es\/wp-json\/wp\/v2\/product_brand?post=4424"},{"taxonomy":"product_cat","embeddable":true,"href":"https:\/\/www.welaunch.io\/es\/wp-json\/wp\/v2\/product_cat?post=4424"},{"taxonomy":"product_tag","embeddable":true,"href":"https:\/\/www.welaunch.io\/es\/wp-json\/wp\/v2\/product_tag?post=4424"}],"curies":[{"name":"wp","href":"https:\/\/api.w.org\/{rel}","templated":true}]}}