{"id":2652,"date":"2020-06-18T16:47:08","date_gmt":"2020-06-18T14:47:08","guid":{"rendered":"https:\/\/www.welaunch.io\/es\/?post_type=product&#038;p=2652"},"modified":"2023-04-11T15:24:45","modified_gmt":"2023-04-11T13:24:45","slug":"woocommerce-guia-de-compra","status":"publish","type":"product","link":"https:\/\/www.welaunch.io\/es\/product\/woocommerce-guia-de-compra\/","title":{"rendered":"Gu\u00eda de compra de WooCommerce"},"content":{"rendered":"\n\t<section class=\"section\" id=\"section_1278303776\">\n\t\t<div class=\"section-bg fill\" >\n\t\t\t\t\t\t\t\t\t\n\t\t\t\n\n\t\t<\/div>\n\n\t\t\n\n\t\t<div class=\"section-content relative\">\n\t\t\t<div class=\"row row-solid\"  id=\"row-1711707806\">\n\t<div id=\"col-142194170\" class=\"col medium-4 small-12 large-4\"  >\n\t\t\t\t<div class=\"col-inner text-center\"  >\n\t\t\t\n\t\t\t\n\t\t<div class=\"icon-box featured-box icon-box-center text-center\"  >\n\t\t\t\t\t<div class=\"icon-box-img\" style=\"width: 50px\">\n\t\t\t\t<div class=\"icon\">\n\t\t\t\t\t<div class=\"icon-inner\" style=\"color:rgb(101, 28, 255);\">\n\t\t\t\t\t\t<svg xmlns=\"http:\/\/www.w3.org\/2000\/svg\" viewBox=\"0 0 576 512\"><path d=\"M569.354 231.631C512.969 135.948 407.808 72 288 72 168.14 72 63.004 135.994 6.646 231.63a47.999 47.999 0 0 0 0 48.739C63.032 376.053 168.192 440 288 440c119.86 0 224.996-63.994 281.354-159.631a48.002 48.002 0 0 0 0-48.738zM416 228c0 68.483-57.308 124-128 124s-128-55.517-128-124 57.308-124 128-124 128 55.517 128 124zm125.784 36.123C489.837 352.277 393.865 408 288 408c-106.291 0-202.061-56.105-253.784-143.876a16.006 16.006 0 0 1 0-16.247c29.072-49.333 73.341-90.435 127.66-115.887C140.845 158.191 128 191.568 128 228c0 85.818 71.221 156 160 156 88.77 0 160-70.178 160-156 0-36.411-12.833-69.794-33.875-96.01 53.76 25.189 98.274 66.021 127.66 115.887a16.006 16.006 0 0 1-.001 16.246zM224 224c0-10.897 2.727-21.156 7.53-30.137v.02c0 14.554 11.799 26.353 26.353 26.353 14.554 0 26.353-11.799 26.353-26.353s-11.799-26.353-26.353-26.353h-.02c8.981-4.803 19.24-7.53 30.137-7.53 35.346 0 64 28.654 64 64s-28.654 64-64 64-64-28.654-64-64z\"\/><\/svg>\t\t\t\t\t<\/div>\n\t\t\t\t<\/div>\n\t\t\t<\/div>\n\t\t\t\t<div class=\"icon-box-text last-reset\">\n\t\t\t<h5 class=\"uppercase\">Preguntas ilimitadas<\/h5>\t\t\t\t\t\tCree un n\u00famero ilimitado de preguntas, a\u00f1ada textos de introducci\u00f3n y muestre a sus usuarios informaci\u00f3n sobre herramientas para cada pregunta.\t\t<\/div>\n\t<\/div>\n\t\n\t\t\t<\/div>\n\t\t\t\t\t<\/div>\n\n\t\n\t<div id=\"col-1820311805\" class=\"col medium-4 small-12 large-4\"  >\n\t\t\t\t<div class=\"col-inner\"  >\n\t\t\t\n\t\t\t\n\t\t<div class=\"icon-box featured-box icon-box-center text-center\"  >\n\t\t\t\t\t<div class=\"icon-box-img\" style=\"width: 50px\">\n\t\t\t\t<div class=\"icon\">\n\t\t\t\t\t<div class=\"icon-inner\" style=\"color:rgb(101, 28, 255);\">\n\t\t\t\t\t\t<svg xmlns=\"http:\/\/www.w3.org\/2000\/svg\" viewBox=\"0 0 512 512\"><path d=\"M0 80v352c0 26.51 21.49 48 48 48h416c26.51 0 48-21.49 48-48V80c0-26.51-21.49-48-48-48H48C21.49 32 0 53.49 0 80zm480 0v90.667H192V64h272c8.837 0 16 7.163 16 16zm0 229.333H192V202.667h288v106.666zM32 202.667h128v106.667H32V202.667zM160 64v106.667H32V80c0-8.837 7.163-16 16-16h112zM32 432v-90.667h128V448H48c-8.837 0-16-7.163-16-16zm160 16V341.333h288V432c0 8.837-7.163 16-16 16H192z\"\/><\/svg>\t\t\t\t\t<\/div>\n\t\t\t\t<\/div>\n\t\t\t<\/div>\n\t\t\t\t<div class=\"icon-box-text last-reset\">\n\t\t\t<h5 class=\"uppercase\">Crear opciones<\/h5>\t\t\t\t\t\tCrear opciones para cada pregunta de forma manual o autom\u00e1tica por atributos. Establezca un nombre de elecci\u00f3n, un icono, asigne productos y a\u00f1ada una informaci\u00f3n sobre la herramienta si lo desea.\t\t<\/div>\n\t<\/div>\n\t\n\t\t\t<\/div>\n\t\t\t\t\t<\/div>\n\n\t\n\t<div id=\"col-943852564\" class=\"col medium-4 small-12 large-4\"  >\n\t\t\t\t<div class=\"col-inner\"  >\n\t\t\t\n\t\t\t\n\t\t<div class=\"icon-box featured-box icon-box-center text-center\"  >\n\t\t\t\t\t<div class=\"icon-box-img\" style=\"width: 61px\">\n\t\t\t\t<div class=\"icon\">\n\t\t\t\t\t<div class=\"icon-inner\" style=\"color:rgb(101, 28, 255);\">\n\t\t\t\t\t\t<?xml version=\"1.0\" encoding=\"iso-8859-1\"?>\r\n<!-- Generator: Adobe Illustrator 16.0.0, SVG Export Plug-In . SVG Version: 6.00 Build 0)  -->\r\n<!DOCTYPE svg PUBLIC \"-\/\/W3C\/\/DTD SVG 1.1\/\/EN\" \"http:\/\/www.w3.org\/Graphics\/SVG\/1.1\/DTD\/svg11.dtd\">\r\n<svg version=\"1.1\" id=\"Capa_1\" xmlns=\"http:\/\/www.w3.org\/2000\/svg\" xmlns:xlink=\"http:\/\/www.w3.org\/1999\/xlink\" x=\"0px\" y=\"0px\"\r\n\t width=\"470.586px\" height=\"470.586px\" viewBox=\"0 0 470.586 470.586\" style=\"enable-background:new 0 0 470.586 470.586;\"\r\n\t xml:space=\"preserve\">\r\n<g>\r\n\t<path d=\"M327.081,0H90.234c-15.9,0-28.853,12.959-28.853,28.859v412.863c0,15.924,12.953,28.863,28.853,28.863H380.35\r\n\t\tc15.917,0,28.855-12.939,28.855-28.863V89.234L327.081,0z M333.891,43.184l35.996,39.121h-35.996V43.184z M384.972,441.723\r\n\t\tc0,2.542-2.081,4.629-4.635,4.629H90.234c-2.547,0-4.619-2.087-4.619-4.629V28.859c0-2.548,2.072-4.613,4.619-4.613h219.411v70.181\r\n\t\tc0,6.682,5.443,12.099,12.129,12.099h63.198V441.723z M111.593,359.871h236.052v48.421H111.593V359.871z\"\/>\r\n<\/g>\r\n<g>\r\n<\/g>\r\n<g>\r\n<\/g>\r\n<g>\r\n<\/g>\r\n<g>\r\n<\/g>\r\n<g>\r\n<\/g>\r\n<g>\r\n<\/g>\r\n<g>\r\n<\/g>\r\n<g>\r\n<\/g>\r\n<g>\r\n<\/g>\r\n<g>\r\n<\/g>\r\n<g>\r\n<\/g>\r\n<g>\r\n<\/g>\r\n<g>\r\n<\/g>\r\n<g>\r\n<\/g>\r\n<g>\r\n<\/g>\r\n<\/svg>\r\n\t\t\t\t\t<\/div>\n\t\t\t\t<\/div>\n\t\t\t<\/div>\n\t\t\t\t<div class=\"icon-box-text last-reset\">\n\t\t\t<h5 class=\"uppercase\">3 Estilos<\/h5>\t\t\t\t\t\tElija para cada gu\u00eda de compra, el estilo que desea utilizar. Elija entre texto simple, imagen de lujo o estilo modal \/ popup individualmente.\t\t<\/div>\n\t<\/div>\n\t\n\t\t\t<\/div>\n\t\t\t\t\t<\/div>\n\n\t\n<style>\n#row-1711707806 > .col > .col-inner {\n  padding: 20px 20px 20px 20px;\n}\n<\/style>\n<\/div>\t\t<\/div>\n\n\t\t\n<style>\n#section_1278303776 {\n  padding-top: 30px;\n  padding-bottom: 30px;\n}\n<\/style>\n\t<\/section>\n\t\n\t<section class=\"section dark\" id=\"section_1378445682\">\n\t\t<div class=\"section-bg fill\" >\n\t\t\t\t\t\t\t\t\t<div class=\"section-bg-overlay absolute fill\"><\/div>\n\t\t\t\n\n\t\t<\/div>\n\n\t\t\n\n\t\t<div class=\"section-content relative\">\n\t\t\t<div class=\"row align-middle align-center\"  id=\"row-1551011497\">\n\t<div id=\"col-2139386134\" class=\"col medium-12 small-12 large-6\"  >\n\t\t\t\t<div class=\"col-inner\"  >\n\t\t\t\n\t\t\t\n<h2>Venta guiada de WooCommerce<\/h2>\n<p>Gu\u00ede a sus usuarios hacia el producto correcto con facilidad. Si tiene muchos productos o productos complejos, sus clientes pueden verse abrumados por su surtido. Aqu\u00ed es donde entra en juego nuestro plugin de gu\u00eda de compra.<\/p>\n<ul>\n<li>Crear preguntas y respuestas<\/li>\n<li>Asignar productos a las opciones<\/li>\n<li>Mostrar los productos m\u00e1s adecuados al final<\/li>\n<\/ul>\n\t\t<\/div>\n\t\t\t\t\t<\/div>\n\n\t\n\t<div id=\"col-1869689453\" class=\"col medium-12 small-12 large-6\"  >\n\t\t\t\t<div class=\"col-inner text-center\"  >\n\t\t\t\n\t\t\t\t<div class=\"img has-hover x md-x lg-x y md-y lg-y\" id=\"image_664718284\">\n\t\t\t\t\t\t<div data-animate=\"fadeInRight\">\t\t<div class=\"img-inner box-shadow-2 box-shadow-3-hover dark\" >\n\t\t\t<img loading=\"lazy\" decoding=\"async\" width=\"1020\" height=\"518\" src=\"https:\/\/www.welaunch.io\/es\/wp-content\/uploads\/sites\/12\/2020\/07\/guided-selling-image-style-1024x520.png\" class=\"attachment-large size-large\" alt=\"guided selling image style\" srcset=\"https:\/\/www.welaunch.io\/es\/wp-content\/uploads\/sites\/12\/2020\/07\/guided-selling-image-style-1024x520.png 1024w, https:\/\/www.welaunch.io\/es\/wp-content\/uploads\/sites\/12\/2020\/07\/guided-selling-image-style-500x254.jpg 500w, https:\/\/www.welaunch.io\/es\/wp-content\/uploads\/sites\/12\/2020\/07\/guided-selling-image-style-1000x508.jpg 1000w, https:\/\/www.welaunch.io\/es\/wp-content\/uploads\/sites\/12\/2020\/07\/guided-selling-image-style-300x152.png 300w, https:\/\/www.welaunch.io\/es\/wp-content\/uploads\/sites\/12\/2020\/07\/guided-selling-image-style-768x390.png 768w, https:\/\/www.welaunch.io\/es\/wp-content\/uploads\/sites\/12\/2020\/07\/guided-selling-image-style-1536x780.jpg 1536w, https:\/\/www.welaunch.io\/es\/wp-content\/uploads\/sites\/12\/2020\/07\/guided-selling-image-style-2048x1040.jpg 2048w\" sizes=\"auto, (max-width: 1020px) 100vw, 1020px\" \/>\t\t\t\t\t\t\n\t\t\t\t\t<\/div>\n\t\t<\/div>\t\t\t\t\t\t\n<style>\n#image_664718284 {\n  width: 100%;\n}\n<\/style>\n\t<\/div>\n\t\t\t<\/div>\n\t\t\t\t\t<\/div>\n\n\t<\/div>\t\t<\/div>\n\n\t\t\n<style>\n#section_1378445682 {\n  padding-top: 40px;\n  padding-bottom: 40px;\n}\n#section_1378445682 .section-bg-overlay {\n  background-color: #3171ee;\n}\n@media (min-width:550px) {\n  #section_1378445682 {\n    padding-top: 50px;\n    padding-bottom: 50px;\n  }\n}\n@media (min-width:850px) {\n  #section_1378445682 {\n    padding-top: 80px;\n    padding-bottom: 80px;\n  }\n}\n<\/style>\n\t<\/section>\n\t\n\t<section class=\"section\" id=\"section_797833361\">\n\t\t<div class=\"section-bg fill\" >\n\t\t\t\t\t\t\t\t\t\n\t\t\t\n\n\t\t<\/div>\n\n\t\t\n\n\t\t<div class=\"section-content relative\">\n\t\t\t<div class=\"row align-middle align-center\"  id=\"row-475295432\">\n\t<div id=\"col-867702962\" class=\"col medium-12 small-12 large-6\"  >\n\t\t\t\t<div class=\"col-inner text-center\"  >\n\t\t\t\n\t\t\t\t<div class=\"img has-hover x md-x lg-x y md-y lg-y\" id=\"image_940747328\">\n\t\t\t\t\t\t<div data-animate=\"fadeInLeft\">\t\t<div class=\"img-inner box-shadow-2 box-shadow-3-hover dark\" >\n\t\t\t<img loading=\"lazy\" decoding=\"async\" width=\"1020\" height=\"541\" src=\"https:\/\/www.welaunch.io\/es\/wp-content\/uploads\/sites\/12\/2020\/07\/start-buying-guide-1024x543.png\" class=\"attachment-large size-large\" alt=\"start buying guide\" srcset=\"https:\/\/www.welaunch.io\/es\/wp-content\/uploads\/sites\/12\/2020\/07\/start-buying-guide-1024x543.png 1024w, https:\/\/www.welaunch.io\/es\/wp-content\/uploads\/sites\/12\/2020\/07\/start-buying-guide-500x265.png 500w, https:\/\/www.welaunch.io\/es\/wp-content\/uploads\/sites\/12\/2020\/07\/start-buying-guide-1000x531.png 1000w, https:\/\/www.welaunch.io\/es\/wp-content\/uploads\/sites\/12\/2020\/07\/start-buying-guide-300x159.png 300w, https:\/\/www.welaunch.io\/es\/wp-content\/uploads\/sites\/12\/2020\/07\/start-buying-guide-768x407.png 768w, https:\/\/www.welaunch.io\/es\/wp-content\/uploads\/sites\/12\/2020\/07\/start-buying-guide-1536x815.png 1536w, https:\/\/www.welaunch.io\/es\/wp-content\/uploads\/sites\/12\/2020\/07\/start-buying-guide-2048x1087.png 2048w\" sizes=\"auto, (max-width: 1020px) 100vw, 1020px\" \/>\t\t\t\t\t\t\n\t\t\t\t\t<\/div>\n\t\t<\/div>\t\t\t\t\t\t\n<style>\n#image_940747328 {\n  width: 100%;\n}\n<\/style>\n\t<\/div>\n\t\t\t<\/div>\n\t\t\t\t\t<\/div>\n\n\t\n\t<div id=\"col-1427700636\" class=\"col medium-12 small-12 large-6 medium-col-first\"  >\n\t\t\t\t<div class=\"col-inner\"  >\n\t\t\t\n\t\t\t\n<h2>Opciones de la gu\u00eda de compra<\/h2>\n<p>Las gu\u00edas de compra de WooCommerce pueden tener m\u00faltiples dise\u00f1os y opciones. Nuestro plugin ofrece m\u00e1s de 3 dise\u00f1os diferentes, navegaci\u00f3n con migas de pan y la opci\u00f3n de mostrar las elecciones realizadas al final.<\/p>\n<ul>\n<li>M\u00faltiples dise\u00f1os<\/li>\n<li>Las opciones \/ respuestas pueden tener im\u00e1genes<\/li>\n<li>Filtrado en directo<\/li>\n<li>Migas de pan<\/li>\n<\/ul>\n\t\t<\/div>\n\t\t\t\t\t<\/div>\n\n\t<\/div>\t\t<\/div>\n\n\t\t\n<style>\n#section_797833361 {\n  padding-top: 20px;\n  padding-bottom: 20px;\n}\n@media (min-width:550px) {\n  #section_797833361 {\n    padding-top: 50px;\n    padding-bottom: 50px;\n  }\n}\n@media (min-width:850px) {\n  #section_797833361 {\n    padding-top: 80px;\n    padding-bottom: 80px;\n  }\n}\n<\/style>\n\t<\/section>\n\t\n\t<section class=\"section dark\" id=\"section_1229127713\">\n\t\t<div class=\"section-bg fill\" >\n\t\t\t\t\t\t\t\t\t<div class=\"section-bg-overlay absolute fill\"><\/div>\n\t\t\t\n\n\t\t<\/div>\n\n\t\t\n\n\t\t<div class=\"section-content relative\">\n\t\t\t<div class=\"row align-middle align-center\"  id=\"row-751883253\">\n\t<div id=\"col-1594712414\" class=\"col medium-12 small-12 large-6\"  >\n\t\t\t\t<div class=\"col-inner\"  >\n\t\t\t\n\t\t\t\n<h2>Informaci\u00f3n sobre herramientas y descripciones<\/h2>\n<p>Tanto las preguntas como las opciones pueden tener textos descriptivos. Para las opciones tambi\u00e9n puede crear informaci\u00f3n sobre herramientas para cada una de ellas para explicar m\u00e1s sobre el elemento seleccionable.\t\t<\/div>\n\t\t\t\t\t<\/div>\n\n\t\n\t<div id=\"col-1551136\" class=\"col medium-12 small-12 large-6\"  >\n\t\t\t\t<div class=\"col-inner text-center\"  >\n\t\t\t\n\t\t\t\t<div class=\"img has-hover x md-x lg-x y md-y lg-y\" id=\"image_494505875\">\n\t\t\t\t\t\t<div data-animate=\"fadeInRight\">\t\t<div class=\"img-inner box-shadow-2 box-shadow-3-hover dark\" >\n\t\t\t<img loading=\"lazy\" decoding=\"async\" width=\"1020\" height=\"666\" src=\"https:\/\/www.welaunch.io\/es\/wp-content\/uploads\/sites\/12\/2020\/07\/woocommerce-guided-selling-example-1024x669.png\" class=\"attachment-large size-large\" alt=\"WooCommerce guided selling example\" srcset=\"https:\/\/www.welaunch.io\/es\/wp-content\/uploads\/sites\/12\/2020\/07\/woocommerce-guided-selling-example-1024x669.png 1024w, https:\/\/www.welaunch.io\/es\/wp-content\/uploads\/sites\/12\/2020\/07\/woocommerce-guided-selling-example-500x327.jpg 500w, https:\/\/www.welaunch.io\/es\/wp-content\/uploads\/sites\/12\/2020\/07\/woocommerce-guided-selling-example-1000x654.jpg 1000w, https:\/\/www.welaunch.io\/es\/wp-content\/uploads\/sites\/12\/2020\/07\/woocommerce-guided-selling-example-300x196.png 300w, https:\/\/www.welaunch.io\/es\/wp-content\/uploads\/sites\/12\/2020\/07\/woocommerce-guided-selling-example-768x502.png 768w, https:\/\/www.welaunch.io\/es\/wp-content\/uploads\/sites\/12\/2020\/07\/woocommerce-guided-selling-example-1536x1004.jpg 1536w, https:\/\/www.welaunch.io\/es\/wp-content\/uploads\/sites\/12\/2020\/07\/woocommerce-guided-selling-example-2048x1339.jpg 2048w\" sizes=\"auto, (max-width: 1020px) 100vw, 1020px\" \/>\t\t\t\t\t\t\n\t\t\t\t\t<\/div>\n\t\t<\/div>\t\t\t\t\t\t\n<style>\n#image_494505875 {\n  width: 100%;\n}\n<\/style>\n\t<\/div>\n\t\t\t<\/div>\n\t\t\t\t\t<\/div>\n\n\t<\/div>\t\t<\/div>\n\n\t\t\n<style>\n#section_1229127713 {\n  padding-top: 40px;\n  padding-bottom: 40px;\n}\n#section_1229127713 .section-bg-overlay {\n  background-color: #3171ee;\n}\n@media (min-width:550px) {\n  #section_1229127713 {\n    padding-top: 50px;\n    padding-bottom: 50px;\n  }\n}\n@media (min-width:850px) {\n  #section_1229127713 {\n    padding-top: 80px;\n    padding-bottom: 80px;\n  }\n}\n<\/style>\n\t<\/section>\n\t\n\t<section class=\"section\" id=\"section_1832976949\">\n\t\t<div class=\"section-bg fill\" >\n\t\t\t\t\t\t\t\t\t\n\t\t\t\n\n\t\t<\/div>\n\n\t\t\n\n\t\t<div class=\"section-content relative\">\n\t\t\t<div class=\"row align-middle align-center\"  id=\"row-993838216\">\n\t<div id=\"col-125090027\" class=\"col medium-12 small-12 large-6\"  >\n\t\t\t\t<div class=\"col-inner text-center\"  >\n\t\t\t\n\t\t\t\t<div class=\"img has-hover x md-x lg-x y md-y lg-y\" id=\"image_1579215342\">\n\t\t\t\t\t\t<div data-animate=\"fadeInLeft\">\t\t<div class=\"img-inner box-shadow-2 box-shadow-3-hover dark\" >\n\t\t\t<img loading=\"lazy\" decoding=\"async\" width=\"1020\" height=\"689\" src=\"https:\/\/www.welaunch.io\/es\/wp-content\/uploads\/sites\/12\/2020\/07\/images-as-choices-1024x692.png\" class=\"attachment-large size-large\" alt=\"images as choices\" srcset=\"https:\/\/www.welaunch.io\/es\/wp-content\/uploads\/sites\/12\/2020\/07\/images-as-choices-1024x692.png 1024w, https:\/\/www.welaunch.io\/es\/wp-content\/uploads\/sites\/12\/2020\/07\/images-as-choices-500x338.png 500w, https:\/\/www.welaunch.io\/es\/wp-content\/uploads\/sites\/12\/2020\/07\/images-as-choices-1000x675.png 1000w, https:\/\/www.welaunch.io\/es\/wp-content\/uploads\/sites\/12\/2020\/07\/images-as-choices-300x203.png 300w, https:\/\/www.welaunch.io\/es\/wp-content\/uploads\/sites\/12\/2020\/07\/images-as-choices-768x519.png 768w, https:\/\/www.welaunch.io\/es\/wp-content\/uploads\/sites\/12\/2020\/07\/images-as-choices-1536x1037.png 1536w, https:\/\/www.welaunch.io\/es\/wp-content\/uploads\/sites\/12\/2020\/07\/images-as-choices-2048x1383.png 2048w\" sizes=\"auto, (max-width: 1020px) 100vw, 1020px\" \/>\t\t\t\t\t\t\n\t\t\t\t\t<\/div>\n\t\t<\/div>\t\t\t\t\t\t\n<style>\n#image_1579215342 {\n  width: 100%;\n}\n<\/style>\n\t<\/div>\n\t\t\t<\/div>\n\t\t\t\t\t<\/div>\n\n\t\n\t<div id=\"col-736560182\" class=\"col medium-12 small-12 large-6 medium-col-first\"  >\n\t\t\t\t<div class=\"col-inner\"  >\n\t\t\t\n\t\t\t\n<h2>Las im\u00e1genes como opciones<\/h2>\n<p>Adem\u00e1s de mostrar las opciones autom\u00e1ticamente en base a los atributos de WooCommerce, tambi\u00e9n puedes usar im\u00e1genes como opciones.Y junto con nuestro plugin de im\u00e1genes de atributos, puede mostrar autom\u00e1ticamente las im\u00e1genes de atributos en los pasos de venta guiada.\t\t<\/div>\n\t\t\t\t\t<\/div>\n\n\t<\/div>\t\t<\/div>\n\n\t\t\n<style>\n#section_1832976949 {\n  padding-top: 20px;\n  padding-bottom: 20px;\n}\n@media (min-width:550px) {\n  #section_1832976949 {\n    padding-top: 50px;\n    padding-bottom: 50px;\n  }\n}\n@media (min-width:850px) {\n  #section_1832976949 {\n    padding-top: 80px;\n    padding-bottom: 80px;\n  }\n}\n<\/style>\n\t<\/section>\n\t\n\t<section class=\"section dark\" id=\"section_1891569333\">\n\t\t<div class=\"section-bg fill\" >\n\t\t\t\t\t\t\t\t\t<div class=\"section-bg-overlay absolute fill\"><\/div>\n\t\t\t\n\n\t\t<\/div>\n\n\t\t\n\n\t\t<div class=\"section-content relative\">\n\t\t\t<div class=\"row align-middle align-center\"  id=\"row-612906294\">\n\t<div id=\"col-455726323\" class=\"col medium-12 small-12 large-6\"  >\n\t\t\t\t<div class=\"col-inner\"  >\n\t\t\t\n\t\t\t\n<h2>Asesor de productos emergentes<\/h2>\n<p>Uno de los m\u00e1s de 3 estilos es el estilo popup. Simple y eficaz para aconsejar a sus clientes sobre el producto adecuado sin tener que abandonar la p\u00e1gina.\t\t<\/div>\n\t\t\t\t\t<\/div>\n\n\t\n\t<div id=\"col-445974886\" class=\"col medium-12 small-12 large-6\"  >\n\t\t\t\t<div class=\"col-inner text-center\"  >\n\t\t\t\n\t\t\t\t<div class=\"img has-hover x md-x lg-x y md-y lg-y\" id=\"image_1759982096\">\n\t\t\t\t\t\t<div data-animate=\"fadeInRight\">\t\t<div class=\"img-inner box-shadow-2 box-shadow-3-hover dark\" >\n\t\t\t<img loading=\"lazy\" decoding=\"async\" width=\"1020\" height=\"420\" src=\"https:\/\/www.welaunch.io\/es\/wp-content\/uploads\/sites\/12\/2020\/07\/buying-guide-popup-1024x422.png\" class=\"attachment-large size-large\" alt=\"buying guide popup\" srcset=\"https:\/\/www.welaunch.io\/es\/wp-content\/uploads\/sites\/12\/2020\/07\/buying-guide-popup-1024x422.png 1024w, https:\/\/www.welaunch.io\/es\/wp-content\/uploads\/sites\/12\/2020\/07\/buying-guide-popup-500x206.png 500w, https:\/\/www.welaunch.io\/es\/wp-content\/uploads\/sites\/12\/2020\/07\/buying-guide-popup-1000x412.png 1000w, https:\/\/www.welaunch.io\/es\/wp-content\/uploads\/sites\/12\/2020\/07\/buying-guide-popup-300x124.png 300w, https:\/\/www.welaunch.io\/es\/wp-content\/uploads\/sites\/12\/2020\/07\/buying-guide-popup-768x316.png 768w, https:\/\/www.welaunch.io\/es\/wp-content\/uploads\/sites\/12\/2020\/07\/buying-guide-popup-1536x633.png 1536w, https:\/\/www.welaunch.io\/es\/wp-content\/uploads\/sites\/12\/2020\/07\/buying-guide-popup.png 1792w\" sizes=\"auto, (max-width: 1020px) 100vw, 1020px\" \/>\t\t\t\t\t\t\n\t\t\t\t\t<\/div>\n\t\t<\/div>\t\t\t\t\t\t\n<style>\n#image_1759982096 {\n  width: 100%;\n}\n<\/style>\n\t<\/div>\n\t\t\t<\/div>\n\t\t\t\t\t<\/div>\n\n\t<\/div>\t\t<\/div>\n\n\t\t\n<style>\n#section_1891569333 {\n  padding-top: 40px;\n  padding-bottom: 40px;\n}\n#section_1891569333 .section-bg-overlay {\n  background-color: #3171ee;\n}\n@media (min-width:550px) {\n  #section_1891569333 {\n    padding-top: 50px;\n    padding-bottom: 50px;\n  }\n}\n@media (min-width:850px) {\n  #section_1891569333 {\n    padding-top: 80px;\n    padding-bottom: 80px;\n  }\n}\n<\/style>\n\t<\/section>\n\t\n","protected":false},"excerpt":{"rendered":"<p>Tus clientes necesitan asesoramiento, porque la mayor\u00eda de las veces no saben cu\u00e1l es el mejor producto para sus necesidades. Nuestro plugin de venta guiada para WooCommerce te ayuda con eso. Piensa en qu\u00e9 preguntas tienen tus compradores y empieza a crear tu asesor de productos.<\/p>\n","protected":false},"featured_media":2643,"comment_status":"open","ping_status":"closed","template":"","meta":{"inline_featured_image":false},"product_brand":[],"product_cat":[43,41],"product_tag":[],"class_list":{"0":"post-2652","1":"product","2":"type-product","3":"status-publish","4":"has-post-thumbnail","6":"product_cat-woocommerce-plugins","7":"product_cat-plugins","9":"first","10":"instock","11":"downloadable","12":"virtual","13":"purchasable","14":"product-type-simple"},"_links":{"self":[{"href":"https:\/\/www.welaunch.io\/es\/wp-json\/wp\/v2\/product\/2652","targetHints":{"allow":["GET"]}}],"collection":[{"href":"https:\/\/www.welaunch.io\/es\/wp-json\/wp\/v2\/product"}],"about":[{"href":"https:\/\/www.welaunch.io\/es\/wp-json\/wp\/v2\/types\/product"}],"replies":[{"embeddable":true,"href":"https:\/\/www.welaunch.io\/es\/wp-json\/wp\/v2\/comments?post=2652"}],"wp:featuredmedia":[{"embeddable":true,"href":"https:\/\/www.welaunch.io\/es\/wp-json\/wp\/v2\/media\/2643"}],"wp:attachment":[{"href":"https:\/\/www.welaunch.io\/es\/wp-json\/wp\/v2\/media?parent=2652"}],"wp:term":[{"taxonomy":"product_brand","embeddable":true,"href":"https:\/\/www.welaunch.io\/es\/wp-json\/wp\/v2\/product_brand?post=2652"},{"taxonomy":"product_cat","embeddable":true,"href":"https:\/\/www.welaunch.io\/es\/wp-json\/wp\/v2\/product_cat?post=2652"},{"taxonomy":"product_tag","embeddable":true,"href":"https:\/\/www.welaunch.io\/es\/wp-json\/wp\/v2\/product_tag?post=2652"}],"curies":[{"name":"wp","href":"https:\/\/api.w.org\/{rel}","templated":true}]}}