{"id":643,"date":"2018-09-11T13:17:53","date_gmt":"2018-09-11T11:17:53","guid":{"rendered":"https:\/\/www.welaunch.io\/es\/?page_id=643"},"modified":"2021-11-15T08:56:25","modified_gmt":"2021-11-15T07:56:25","slug":"woocommerce","status":"publish","type":"page","link":"https:\/\/www.welaunch.io\/es\/services\/woocommerce\/","title":{"rendered":"Desarrollo y optimizaci\u00f3n de tiendas WooCommerce"},"content":{"rendered":"[vc_row full_width=&#8221;stretch_row&#8221; typography_style=&#8221;white&#8221; wpex_fixed_bg=&#8221;fixed-top&#8221; css=&#8221;.vc_custom_1542881324767{padding-top: 20% !important;background: #006cff url(https:\/\/www.welaunch.io\/en\/wp-content\/uploads\/sites\/4\/2018\/11\/background.png?id=890) !important;background-position: center !important;background-repeat: no-repeat !important;background-size: cover !important;}&#8221; wpex_bg_position=&#8221;top top&#8221; el_id=&#8221;home-intro&#8221;][vc_column width=&#8221;1\/2&#8243;][vc_column_text]\n<h1 style=\"text-align: left;\">Desarrollo y optimizaci\u00f3n de WooCommerce<\/h1>\n<p>Somos su agencia para la creaci\u00f3n u optimizaci\u00f3n de su tienda online WooCommerce.Vender productos en l\u00ednea y aumentar las ventas: eso parece sencillo. Tambi\u00e9n lo es! Con el sistema de tienda online WooCommerce. Esto le ofrece una interfaz de usuario sencilla e intuitiva, un dise\u00f1o moderno y varias interfaces. Con nosotros a su lado, su tienda ser\u00e1 un \u00e9xito.[\/vc_column_text][vcex_button url=&#8221;https:\/\/www.welaunch.io\/en\/contact\/&#8221; css_wrap=&#8221;.vc_custom_1536664896640{margin-top: 20px !important;}&#8221;]Empezamos con WooCommerce[\/vcex_button][\/vc_column][vc_column width=&#8221;1\/2&#8243;][vc_single_image image=&#8221;614&#8243;][\/vc_column][\/vc_row][vc_row gap=&#8221;20&#8243; css=&#8221;.vc_custom_1517475397769{padding-top: 4% !important;padding-bottom: 4% !important;}&#8221;][vc_column css_animation=&#8221;none&#8221; width=&#8221;1\/3&#8243;][livicon_evo_vc]\n<p style=\"text-align: center;\">[livicon_evo name=&#8221;shoppingcart.svg&#8221; style=&#8221;lines&#8221; size=&#8221;80px&#8221; stroke_style=&#8221;original&#8221; stroke_width=&#8221;original&#8221; try_to_sharpen=&#8221;true&#8221; rotate=&#8221;none&#8221; flip_horizontal=&#8221;false&#8221; flip_vertical=&#8221;false&#8221; stroke_color=&#8221;#006cff&#8221; stroke_color_action=&#8221;#b3421b&#8221; stroke_color_alt=&#8221;#F9B32F&#8221; stroke_color_alt_action=&#8221;#ab69c6&#8243; fill_color=&#8221;#91e9ff&#8221; fill_color_action=&#8221;#ff926b&#8221; solid_color=&#8221;#6C7A89&#8243; solid_color_action=&#8221;#4C5A69&#8243; solid_color_bg=&#8221;#ffffff&#8221; solid_color_bg_action=&#8221;#ffffff&#8221; colors_on_hover=&#8221;none&#8221; colors_hover_time=&#8221;0.3&#8243; colors_when_morph=&#8221;none&#8221; brightness=&#8221;0.1&#8243; saturation=&#8221;0.07&#8243; morph_state=&#8221;start&#8221; morph_image=&#8221;none&#8221; allow_morph_image_transform=&#8221;false&#8221; stroke_width_factor_on_hover=&#8221;none&#8221; stroke_width_on_hover_time=&#8221;0.3&#8243; keep_stroke_width_on_resize=&#8221;false&#8221; animated=&#8221;true&#8221; event_type=&#8221;hover&#8221; event_on=&#8221;self&#8221; auto_play=&#8221;false&#8221; delay=&#8221;0&#8243; duration=&#8221;default&#8221; repeat=&#8221;default&#8221; repeat_delay=&#8221;default&#8221; draw_on_viewport=&#8221;true&#8221; viewport_shift=&#8221;full&#8221; draw_delay=&#8221;0&#8243; draw_time=&#8221;1&#8243; draw_stagger=&#8221;0.1&#8243; draw_start_point=&#8221;middle&#8221; draw_color=&#8221;same&#8221; draw_color_time=&#8221;1&#8243; draw_reversed=&#8221;false&#8221; draw_ease=&#8221;Power1.easeOut&#8221; erase_delay=&#8221;0&#8243; erase_time=&#8221;1&#8243; erase_stagger=&#8221;0.1&#8243; erase_start_point=&#8221;middle&#8221; erase_reversed=&#8221;true&#8221; erase_ease=&#8221;Power1.easeOut&#8221; touch_events=&#8221;false&#8221;][\/livicon_evo]\n[\/livicon_evo_vc][vcex_icon_box style=&#8221;two&#8221; alignment=&#8221;center&#8221; heading=&#8221;Comercio electr\u00f3nico con WooCommerce&#8221; heading_type=&#8221;h3&#8243; icon_type=&#8221;linecons&#8221; url_wrap=&#8221;true&#8221; icon_color=&#8221;#333333&#8243; icon_size=&#8221;48px&#8221;]Creamos su propia tienda de comercio electr\u00f3nico basada en WooCommerce. Se crear\u00e1 un rendimiento r\u00e1pido, una conexi\u00f3n f\u00e1cil con sus sistemas ERP y unas funciones atractivas de acuerdo con sus deseos.[\/vcex_icon_box][\/vc_column][vc_column width=&#8221;1\/3&#8243;][livicon_evo_vc]\n<p style=\"text-align: center;\">[livicon_evo name=&#8221;lightning.svg&#8221; style=&#8221;lines&#8221; size=&#8221;80px&#8221; stroke_style=&#8221;original&#8221; stroke_width=&#8221;original&#8221; try_to_sharpen=&#8221;true&#8221; rotate=&#8221;none&#8221; flip_horizontal=&#8221;false&#8221; flip_vertical=&#8221;false&#8221; stroke_color=&#8221;#006cff&#8221; stroke_color_action=&#8221;#b3421b&#8221; stroke_color_alt=&#8221;#F9B32F&#8221; stroke_color_alt_action=&#8221;#ab69c6&#8243; fill_color=&#8221;#91e9ff&#8221; fill_color_action=&#8221;#ff926b&#8221; solid_color=&#8221;#6C7A89&#8243; solid_color_action=&#8221;#4C5A69&#8243; solid_color_bg=&#8221;#ffffff&#8221; solid_color_bg_action=&#8221;#ffffff&#8221; colors_on_hover=&#8221;none&#8221; colors_hover_time=&#8221;0.3&#8243; colors_when_morph=&#8221;none&#8221; brightness=&#8221;0.1&#8243; saturation=&#8221;0.07&#8243; morph_state=&#8221;start&#8221; morph_image=&#8221;none&#8221; allow_morph_image_transform=&#8221;false&#8221; stroke_width_factor_on_hover=&#8221;none&#8221; stroke_width_on_hover_time=&#8221;0.3&#8243; keep_stroke_width_on_resize=&#8221;false&#8221; animated=&#8221;true&#8221; event_type=&#8221;hover&#8221; event_on=&#8221;self&#8221; auto_play=&#8221;false&#8221; delay=&#8221;0&#8243; duration=&#8221;default&#8221; repeat=&#8221;default&#8221; repeat_delay=&#8221;default&#8221; draw_on_viewport=&#8221;true&#8221; viewport_shift=&#8221;oneHalf&#8221; draw_delay=&#8221;0&#8243; draw_time=&#8221;1&#8243; draw_stagger=&#8221;0.1&#8243; draw_start_point=&#8221;middle&#8221; draw_color=&#8221;same&#8221; draw_color_time=&#8221;1&#8243; draw_reversed=&#8221;false&#8221; draw_ease=&#8221;Power1.easeOut&#8221; erase_delay=&#8221;0&#8243; erase_time=&#8221;1&#8243; erase_stagger=&#8221;0.1&#8243; erase_start_point=&#8221;middle&#8221; erase_reversed=&#8221;true&#8221; erase_ease=&#8221;Power1.easeOut&#8221; touch_events=&#8221;false&#8221;][\/livicon_evo]\n[\/livicon_evo_vc][vcex_icon_box style=&#8221;two&#8221; alignment=&#8221;center&#8221; heading=&#8221;Optimizaci\u00f3n de la tienda virtual&#8221; heading_type=&#8221;h3&#8243; icon_type=&#8221;linecons&#8221; url_wrap=&#8221;true&#8221; icon_color=&#8221;#333333&#8243; icon_size=&#8221;48px&#8221;]Ya tienes una tienda online pero es demasiado lenta para ti? Analizamos su tienda actual, hacemos recomendaciones y las ponemos en pr\u00e1ctica con usted. Consiga una velocidad de p\u00e1gina superior al 90% y aumente las conversiones, las ventas y una mejor experiencia de compra.[\/vcex_icon_box][\/vc_column][vc_column width=&#8221;1\/3&#8243;][livicon_evo_vc]\n<p style=\"text-align: center;\">[livicon_evo name=&#8221;rocket.svg&#8221; style=&#8221;lines&#8221; size=&#8221;80px&#8221; stroke_style=&#8221;original&#8221; stroke_width=&#8221;original&#8221; try_to_sharpen=&#8221;true&#8221; rotate=&#8221;none&#8221; flip_horizontal=&#8221;false&#8221; flip_vertical=&#8221;false&#8221; stroke_color=&#8221;#006cff&#8221; stroke_color_action=&#8221;#b3421b&#8221; stroke_color_alt=&#8221;#F9B32F&#8221; stroke_color_alt_action=&#8221;#ab69c6&#8243; fill_color=&#8221;#91e9ff&#8221; fill_color_action=&#8221;#ff926b&#8221; solid_color=&#8221;#6C7A89&#8243; solid_color_action=&#8221;#4C5A69&#8243; solid_color_bg=&#8221;#ffffff&#8221; solid_color_bg_action=&#8221;#ffffff&#8221; colors_on_hover=&#8221;none&#8221; colors_hover_time=&#8221;0.3&#8243; colors_when_morph=&#8221;none&#8221; brightness=&#8221;0.1&#8243; saturation=&#8221;0.07&#8243; morph_state=&#8221;start&#8221; morph_image=&#8221;none&#8221; allow_morph_image_transform=&#8221;false&#8221; stroke_width_factor_on_hover=&#8221;none&#8221; stroke_width_on_hover_time=&#8221;0.3&#8243; keep_stroke_width_on_resize=&#8221;false&#8221; animated=&#8221;true&#8221; event_type=&#8221;hover&#8221; event_on=&#8221;self&#8221; auto_play=&#8221;false&#8221; delay=&#8221;0&#8243; duration=&#8221;default&#8221; repeat=&#8221;default&#8221; repeat_delay=&#8221;default&#8221; draw_on_viewport=&#8221;true&#8221; viewport_shift=&#8221;oneHalf&#8221; draw_delay=&#8221;0&#8243; draw_time=&#8221;1&#8243; draw_stagger=&#8221;0.1&#8243; draw_start_point=&#8221;middle&#8221; draw_color=&#8221;same&#8221; draw_color_time=&#8221;1&#8243; draw_reversed=&#8221;false&#8221; draw_ease=&#8221;Power1.easeOut&#8221; erase_delay=&#8221;0&#8243; erase_time=&#8221;1&#8243; erase_stagger=&#8221;0.1&#8243; erase_start_point=&#8221;middle&#8221; erase_reversed=&#8221;true&#8221; erase_ease=&#8221;Power1.easeOut&#8221; touch_events=&#8221;false&#8221;][\/livicon_evo]\n[\/livicon_evo_vc][vcex_icon_box style=&#8221;two&#8221; alignment=&#8221;center&#8221; heading=&#8221;Clasificaci\u00f3n de Google&#8221; heading_type=&#8221;h3&#8243; icon_type=&#8221;linecons&#8221; url_wrap=&#8221;true&#8221; icon_color=&#8221;#333333&#8243; icon_size=&#8221;48px&#8221;]Aumentar su clasificaci\u00f3n en Google y, por tanto, su tr\u00e1fico SEO. Llevamos a cabo con usted medidas integrales de SEO y SEA para dar un verdadero impulso a su tienda online.[\/vcex_icon_box][\/vc_column][\/vc_row][vc_row full_width=&#8221;stretch_row&#8221; css=&#8221;.vc_custom_1536587220574{padding-top: 5% !important;background-color: #f7f7f7 !important;}&#8221;][vc_column width=&#8221;1\/2&#8243;][vc_column_text]Buscando plugins para WooCommerce?Con m\u00e1s de 20 plugins de WooCommerce en nuestra cartera, hemos desarrollado una amplia gama de extensiones de Woo para ayudarle a crear su tienda online.Ning\u00fan plugin para usted? Lo desarrollamos![\/vc_column_text][vcex_button url=&#8221;https:\/\/www.welaunch.io\/plugins\/woocommerce\/&#8221; css_wrap=&#8221;.vc_custom_1536850289000{margin-top: 20px !important;}&#8221;]Ver nuestros plugins de WooCommerce[\/vcex_button][\/vc_column][vc_column width=&#8221;1\/2&#8243;][vc_single_image image=&#8221;614&#8243;][\/vc_column][\/vc_row]\n","protected":false},"excerpt":{"rendered":"[vc_row full_width=&#8221;stretch_row&#8221; typography_style=&#8221;white&#8221; wpex_fixed_bg=&#8221;fixed-top&#8221; css=&#8221;.vc_custom_1542881324767{padding-top: 20% !important;background: #006cff url(https:\/\/www.welaunch.io\/en\/wp-content\/uploads\/sites\/4\/2018\/11\/background.png?id=890) !important;background-position: center !important;background-repeat: no-repeat !important;background-size: cover !important;}&#8221; wpex_bg_position=&#8221;top top&#8221; el_id=&#8221;home-intro&#8221;][vc_column width=&#8221;1\/2&#8243;][vc_column_text] Desarrollo y optimizaci\u00f3n de WooCommerce Somos su agencia para la creaci\u00f3n u optimizaci\u00f3n de su tienda online WooCommerce.Vender productos en l\u00ednea y aumentar las ventas: eso parece sencillo. Tambi\u00e9n lo es! Con el sistema de&#8230;<\/p>\n","protected":false},"author":1,"featured_media":0,"parent":617,"menu_order":0,"comment_status":"closed","ping_status":"closed","template":"","meta":{"inline_featured_image":false,"footnotes":""},"class_list":["post-643","page","type-page","status-publish","hentry"],"_links":{"self":[{"href":"https:\/\/www.welaunch.io\/es\/wp-json\/wp\/v2\/pages\/643","targetHints":{"allow":["GET"]}}],"collection":[{"href":"https:\/\/www.welaunch.io\/es\/wp-json\/wp\/v2\/pages"}],"about":[{"href":"https:\/\/www.welaunch.io\/es\/wp-json\/wp\/v2\/types\/page"}],"author":[{"embeddable":true,"href":"https:\/\/www.welaunch.io\/es\/wp-json\/wp\/v2\/users\/1"}],"replies":[{"embeddable":true,"href":"https:\/\/www.welaunch.io\/es\/wp-json\/wp\/v2\/comments?post=643"}],"version-history":[{"count":7,"href":"https:\/\/www.welaunch.io\/es\/wp-json\/wp\/v2\/pages\/643\/revisions"}],"predecessor-version":[{"id":8635,"href":"https:\/\/www.welaunch.io\/es\/wp-json\/wp\/v2\/pages\/643\/revisions\/8635"}],"up":[{"embeddable":true,"href":"https:\/\/www.welaunch.io\/es\/wp-json\/wp\/v2\/pages\/617"}],"wp:attachment":[{"href":"https:\/\/www.welaunch.io\/es\/wp-json\/wp\/v2\/media?parent=643"}],"curies":[{"name":"wp","href":"https:\/\/api.w.org\/{rel}","templated":true}]}}