{"id":617,"date":"2018-09-11T12:28:32","date_gmt":"2018-09-11T10:28:32","guid":{"rendered":"https:\/\/www.welaunch.io\/es\/?page_id=617"},"modified":"2021-11-15T08:56:10","modified_gmt":"2021-11-15T07:56:10","slug":"services","status":"publish","type":"page","link":"https:\/\/www.welaunch.io\/es\/services\/","title":{"rendered":"Su agencia digital de servicio completo"},"content":{"rendered":"\n\t<section class=\"section dark has-scroll-for-more\" id=\"section_977052526\">\n\t\t<div class=\"section-bg fill\" >\n\t\t\t\t\t\t\t\t\t<button class=\"scroll-for-more z-5 icon absolute bottom h-center\" aria-label=\"Despl\u00e1cese para m\u00e1s\"><i class=\"icon-angle-down\" aria-hidden=\"true\" style=\"font-size:42px;\"><\/i><\/button>\n\t\t\t\n\n\t\t<\/div>\n\n\t\t\n\n\t\t<div class=\"section-content relative\">\n\t\t\t<div class=\"row\"  id=\"row-1536606237\">\n\t<div id=\"col-1751817692\" class=\"col medium-12 small-12 large-6\"  >\n\t\t\t\t<div class=\"col-inner\"  >\n\t\t\t\n\t\t\t\n<h1>Has llamado a Digital? C\u00f3mo podemos ayudar?<\/h1>\n<p>Si est\u00e1 buscando un socio de marketing digital, ha llegado al lugar adecuado Creamos sitios web, nos ocupamos de la estrategia digital y dirigimos el tr\u00e1fico a su sitio web a trav\u00e9s de la publicidad<\/p>\n\t\t<\/div>\n\t\t\t\t\t<\/div>\n\n\t<\/div>\t\t<\/div>\n\n\t\t\n<style>\n#section_977052526 {\n  padding-top: 100px;\n  padding-bottom: 100px;\n  min-height: 90%;\n  background-color: rgb(49, 113, 238);\n}\n@media (min-width:550px) {\n  #section_977052526 {\n    padding-top: 140px;\n    padding-bottom: 140px;\n  }\n}\n@media (min-width:850px) {\n  #section_977052526 {\n    padding-top: 180px;\n    padding-bottom: 180px;\n  }\n}\n<\/style>\n\t<\/section>\n\t\n\t<section class=\"section\" id=\"section_446409807\">\n\t\t<div class=\"section-bg fill\" >\n\t\t\t\t\t\t\t\t\t\n\t\t\t\n\n\t\t<\/div>\n\n\t\t\n\n\t\t<div class=\"section-content relative\">\n\t\t\t<div class=\"row align-center row-solid\"  id=\"row-525515693\">\n\t<div id=\"col-68354838\" class=\"col medium-2 small-12 large-2\"  >\n\t\t\t\t<div class=\"col-inner text-center\"  >\n\t\t\t\n\t\t\t<a href=\"#wordpress\" class=\"button primary is-link\" >\n\t\t<span>WordPress<\/span>\n\t<\/a>\n\t\t<\/div>\n\t\t\t\t\t<\/div>\n\n\t\n\t<div id=\"col-1601359288\" class=\"col medium-2 small-12 large-2\"  >\n\t\t\t\t<div class=\"col-inner text-center\"  >\n\t\t\t\n\t\t\t<a href=\"#publicidad\" class=\"button primary is-link\" >\n\t\t<span>Publicidad<\/span>\n\t<\/a>\n\t\t<\/div>\n\t\t\t\t\t<\/div>\n\n\t\n\t<div id=\"col-1577912457\" class=\"col medium-2 small-12 large-2\"  >\n\t\t\t\t<div class=\"col-inner text-center\"  >\n\t\t\t\n\t\t\t<a href=\"#seo\" class=\"button primary is-link\" >\n\t\t<span>SEO<\/span>\n\t<\/a>\n\t\t<\/div>\n\t\t\t\t\t<\/div>\n\n\t\n\t<div id=\"col-1659905242\" class=\"col medium-2 small-12 large-2\"  >\n\t\t\t\t<div class=\"col-inner text-center\"  >\n\t\t\t\n\t\t\t<a href=\"#webdesign\" class=\"button primary is-link\" >\n\t\t<span>Dise\u00f1o web<\/span>\n\t<\/a>\n\t\t<\/div>\n\t\t\t\t\t<\/div>\n\n\t\n\t<div id=\"col-2016037919\" class=\"col medium-2 small-12 large-2\"  >\n\t\t\t\t<div class=\"col-inner text-center\"  >\n\t\t\t\n\t\t\t<a href=\"#consultor\u00eda\" class=\"button primary is-link\" >\n\t\t<span>Consultor\u00eda<\/span>\n\t<\/a>\n\t\t<\/div>\n\t\t\t\t\t<\/div>\n\n\t\n<style>\n#row-525515693 > .col > .col-inner {\n  padding: 10px 0px 0px 0px;\n}\n<\/style>\n<\/div>\t\t<\/div>\n\n\t\t\n<style>\n#section_446409807 {\n  padding-top: 30px;\n  padding-bottom: 30px;\n}\n<\/style>\n\t<\/section>\n\t\n\t<section class=\"section has-scroll-for-more\" id=\"section_1175421160\">\n\t\t<div class=\"section-bg fill\" >\n\t\t\t\t\t\t\t\t\t<button class=\"scroll-for-more z-5 icon absolute bottom h-center\" aria-label=\"Despl\u00e1cese para m\u00e1s\"><i class=\"icon-angle-down\" aria-hidden=\"true\" style=\"font-size:42px;\"><\/i><\/button>\n\t\t\t\n\n\t\t<\/div>\n\n\t\t\n\n\t\t<div class=\"section-content relative\">\n\t\t\t<span class=\"scroll-to\" data-label=\"Scroll to: #wordpress\" data-bullet=\"false\" data-link=\"#wordpress\" data-title=\"wordpress\"><a name=\"wordpress\"><\/a><\/span><div class=\"row\"  id=\"row-1108661588\">\n\t<div id=\"col-1355349966\" class=\"col medium-8 small-12 large-8\"  >\n\t\t\t\t<div class=\"col-inner text-left\"  >\n\t\t\t\n\t\t\t<div class=\"is-divider divider clearfix\" style=\"max-width:50px;height:2px;background-color:rgb(49, 113, 238);\"><\/div>\n<h2>WordPress y WooCommerce<\/h2>\n<p>Desde hace m\u00e1s de 6 a\u00f1os creamos plugins de WordPress y WooCommerce y sitios web con pasi\u00f3n Nuestra cartera incluye m\u00e1s de 20 WooCommerce y m\u00e1s de 10 plugins de WordPress<\/p>\n<a href=\"https:\/\/www.welaunch.io\/en\/services\/wordpress\/\" class=\"button primary is-link\" >\n\t\t<span>Servicios de WordPress y WooCommerce<\/span>\n\t<\/a>\n\t\t<\/div>\n\t\t\t\t\t<\/div>\n\n\t\n\t<div id=\"col-1530400828\" class=\"col medium-4 small-12 large-4\"  >\n\t\t\t\t<div class=\"col-inner\"  >\n\t\t\t\n\t\t\t\t<div class=\"img has-hover x md-x lg-x y md-y lg-y\" id=\"image_1187438949\">\n\t\t\t\t\t\t\t\t<div class=\"img-inner dark\" >\n\t\t\t<img loading=\"lazy\" decoding=\"async\" width=\"1020\" height=\"858\" src=\"https:\/\/www.welaunch.io\/es\/wp-content\/uploads\/sites\/12\/2018\/09\/wordpress-1024x861.png\" class=\"attachment-large size-large\" alt=\"Your WordPress Agency - Plugin &amp; Theme Development\" srcset=\"https:\/\/www.welaunch.io\/es\/wp-content\/uploads\/sites\/12\/2018\/09\/wordpress-1024x861.png 1024w, https:\/\/www.welaunch.io\/es\/wp-content\/uploads\/sites\/12\/2018\/09\/wordpress-500x421.png 500w, https:\/\/www.welaunch.io\/es\/wp-content\/uploads\/sites\/12\/2018\/09\/wordpress-1000x841.png 1000w, https:\/\/www.welaunch.io\/es\/wp-content\/uploads\/sites\/12\/2018\/09\/wordpress-300x252.png 300w, https:\/\/www.welaunch.io\/es\/wp-content\/uploads\/sites\/12\/2018\/09\/wordpress-768x646.png 768w, https:\/\/www.welaunch.io\/es\/wp-content\/uploads\/sites\/12\/2018\/09\/wordpress.png 1145w\" sizes=\"auto, (max-width: 1020px) 100vw, 1020px\" \/>\t\t\t\t\t\t\n\t\t\t\t\t<\/div>\n\t\t\t\t\t\t\t\t\n<style>\n#image_1187438949 {\n  width: 80%;\n}\n<\/style>\n\t<\/div>\n\t\t\t<\/div>\n\t\t\t\t\t<\/div>\n\n\t<\/div>\t\t<\/div>\n\n\t\t\n<style>\n#section_1175421160 {\n  padding-top: 50px;\n  padding-bottom: 50px;\n}\n<\/style>\n\t<\/section>\n\t\n\t<section class=\"section dark has-scroll-for-more\" id=\"section_425262246\">\n\t\t<div class=\"section-bg fill\" >\n\t\t\t\t\t\t\t\t\t<div class=\"section-bg-overlay absolute fill\"><\/div><button class=\"scroll-for-more z-5 icon absolute bottom h-center\" aria-label=\"Despl\u00e1cese para m\u00e1s\"><i class=\"icon-angle-down\" aria-hidden=\"true\" style=\"font-size:42px;\"><\/i><\/button>\n\t\t\t\n\n\t\t<\/div>\n\n\t\t\n\n\t\t<div class=\"section-content relative\">\n\t\t\t<span class=\"scroll-to\" data-label=\"Scroll to: #publicidad\" data-bullet=\"false\" data-link=\"#publicidad\" data-title=\"publicidad\"><a name=\"publicidad\"><\/a><\/span><div class=\"row\"  id=\"row-1211012072\">\n\t<div id=\"col-229742339\" class=\"col medium-8 small-12 large-8\"  >\n\t\t\t\t<div class=\"col-inner\"  >\n\t\t\t\n\t\t\t<div class=\"is-divider divider clearfix\" style=\"max-width:50px;height:2px;background-color:rgb(255, 255, 255);\"><\/div>\n<h2>Publicidad digital<\/h2>\n<p>Una tienda online sin tr\u00e1fico y ventas no sirve de nada Nos ocupamos de su estrategia de publicidad digital Junto con Google Ads (SEA), Social Media Marketing Facebook &#038; Instagram<\/p>\n<a href=\"https:\/\/www.welaunch.io\/en\/services\/publicidad\/\" class=\"button white is-link\" >\n\t\t<span>Publicidad digital<\/span>\n\t<\/a>\n\t\t<\/div>\n\t\t\t\t\t<\/div>\n\n\t\n\t<div id=\"col-1137327190\" class=\"col medium-4 small-12 large-4\"  >\n\t\t\t\t<div class=\"col-inner\"  >\n\t\t\t\n\t\t\t\t<div class=\"img has-hover x md-x lg-x y md-y lg-y\" id=\"image_698208311\">\n\t\t\t\t\t\t\t\t<div class=\"img-inner dark\" >\n\t\t\t<img loading=\"lazy\" decoding=\"async\" width=\"1020\" height=\"588\" src=\"https:\/\/www.welaunch.io\/es\/wp-content\/uploads\/sites\/12\/2018\/09\/SEA-1024x590.png\" class=\"attachment-large size-large\" alt=\"Your Google AdWords Experts for SEA\" srcset=\"https:\/\/www.welaunch.io\/es\/wp-content\/uploads\/sites\/12\/2018\/09\/SEA-1024x590.png 1024w, https:\/\/www.welaunch.io\/es\/wp-content\/uploads\/sites\/12\/2018\/09\/SEA-500x288.png 500w, https:\/\/www.welaunch.io\/es\/wp-content\/uploads\/sites\/12\/2018\/09\/SEA-1000x576.png 1000w, https:\/\/www.welaunch.io\/es\/wp-content\/uploads\/sites\/12\/2018\/09\/SEA-300x173.png 300w, https:\/\/www.welaunch.io\/es\/wp-content\/uploads\/sites\/12\/2018\/09\/SEA-768x443.png 768w, https:\/\/www.welaunch.io\/es\/wp-content\/uploads\/sites\/12\/2018\/09\/SEA.png 1268w\" sizes=\"auto, (max-width: 1020px) 100vw, 1020px\" \/>\t\t\t\t\t\t\n\t\t\t\t\t<\/div>\n\t\t\t\t\t\t\t\t\n<style>\n#image_698208311 {\n  width: 100%;\n}\n<\/style>\n\t<\/div>\n\t\t\t<\/div>\n\t\t\t\t\t<\/div>\n\n\t<\/div>\t\t<\/div>\n\n\t\t\n<style>\n#section_425262246 {\n  padding-top: 80px;\n  padding-bottom: 80px;\n}\n#section_425262246 .section-bg-overlay {\n  background-color: #3171ee;\n}\n<\/style>\n\t<\/section>\n\t\n\t<section class=\"section has-scroll-for-more\" id=\"section_174071190\">\n\t\t<div class=\"section-bg fill\" >\n\t\t\t\t\t\t\t\t\t<button class=\"scroll-for-more z-5 icon absolute bottom h-center\" aria-label=\"Despl\u00e1cese para m\u00e1s\"><i class=\"icon-angle-down\" aria-hidden=\"true\" style=\"font-size:42px;\"><\/i><\/button>\n\t\t\t\n\n\t\t<\/div>\n\n\t\t\n\n\t\t<div class=\"section-content relative\">\n\t\t\t<span class=\"scroll-to\" data-label=\"Scroll to: #seo\" data-bullet=\"false\" data-link=\"#seo\" data-title=\"SEO\"><a name=\"seo\"><\/a><\/span><div class=\"row\"  id=\"row-2142933013\">\n\t<div id=\"col-940320773\" class=\"col medium-8 small-12 large-8\"  >\n\t\t\t\t<div class=\"col-inner\"  >\n\t\t\t\n\t\t\t<div class=\"is-divider divider clearfix\" style=\"max-width:50px;height:2px;background-color:rgb(49, 113, 238);\"><\/div>\n<h2>Optimizaci\u00f3n de los motores de b\u00fasqueda<\/h2>\n<p>El tr\u00e1fico gratuito no s\u00f3lo es el m\u00e1s barato, sino el mejor a largo plazo Que para que usted necesita para clasificar primero en la b\u00fasqueda de Google Eso requiere una investigaci\u00f3n de palabras clave de calidad y una estrategia de marketing de contenidos bien pensada<\/p>\n<a href=\"https:\/\/www.welaunch.io\/en\/services\/seo\/\" class=\"button primary is-link\" >\n\t\t<span>Optimizaci\u00f3n de los motores de b\u00fasqueda<\/span>\n\t<\/a>\n\t\t<\/div>\n\t\t\t\t\t<\/div>\n\n\t\n\t<div id=\"col-697775146\" class=\"col medium-4 small-12 large-4\"  >\n\t\t\t\t<div class=\"col-inner\"  >\n\t\t\t\n\t\t\t\t<div class=\"img has-hover x md-x lg-x y md-y lg-y\" id=\"image_1717888661\">\n\t\t\t\t\t\t\t\t<div class=\"img-inner dark\" >\n\t\t\t<img loading=\"lazy\" decoding=\"async\" width=\"1020\" height=\"550\" src=\"https:\/\/www.welaunch.io\/es\/wp-content\/uploads\/sites\/12\/2018\/09\/SEO-1024x552.png\" class=\"attachment-large size-large\" alt=\"SEO Expert - Professional Search Engine Optimization\" srcset=\"https:\/\/www.welaunch.io\/es\/wp-content\/uploads\/sites\/12\/2018\/09\/SEO-1024x552.png 1024w, https:\/\/www.welaunch.io\/es\/wp-content\/uploads\/sites\/12\/2018\/09\/SEO-500x270.png 500w, https:\/\/www.welaunch.io\/es\/wp-content\/uploads\/sites\/12\/2018\/09\/SEO-1000x539.png 1000w, https:\/\/www.welaunch.io\/es\/wp-content\/uploads\/sites\/12\/2018\/09\/SEO-300x162.png 300w, https:\/\/www.welaunch.io\/es\/wp-content\/uploads\/sites\/12\/2018\/09\/SEO-768x414.png 768w, https:\/\/www.welaunch.io\/es\/wp-content\/uploads\/sites\/12\/2018\/09\/SEO.png 1298w\" sizes=\"auto, (max-width: 1020px) 100vw, 1020px\" \/>\t\t\t\t\t\t\n\t\t\t\t\t<\/div>\n\t\t\t\t\t\t\t\t\n<style>\n#image_1717888661 {\n  width: 100%;\n}\n<\/style>\n\t<\/div>\n\t\t\t<\/div>\n\t\t\t\t\t<\/div>\n\n\t<\/div>\t\t<\/div>\n\n\t\t\n<style>\n#section_174071190 {\n  padding-top: 80px;\n  padding-bottom: 80px;\n}\n<\/style>\n\t<\/section>\n\t\n\t<section class=\"section dark has-scroll-for-more\" id=\"section_361809899\">\n\t\t<div class=\"section-bg fill\" >\n\t\t\t\t\t\t\t\t\t<div class=\"section-bg-overlay absolute fill\"><\/div><button class=\"scroll-for-more z-5 icon absolute bottom h-center\" aria-label=\"Despl\u00e1cese para m\u00e1s\"><i class=\"icon-angle-down\" aria-hidden=\"true\" style=\"font-size:42px;\"><\/i><\/button>\n\t\t\t\n\n\t\t<\/div>\n\n\t\t\n\n\t\t<div class=\"section-content relative\">\n\t\t\t<span class=\"scroll-to\" data-label=\"Scroll to: #dise\u00f1o-web\" data-bullet=\"false\" data-link=\"#dise\u00f1o-web\" data-title=\"Dise\u00f1o web\"><a name=\"dise\u00f1o-web\"><\/a><\/span><div class=\"row\"  id=\"row-510969050\">\n\t<div id=\"col-455337962\" class=\"col medium-8 small-12 large-8\"  >\n\t\t\t\t<div class=\"col-inner\"  >\n\t\t\t\n\t\t\t<div class=\"is-divider divider clearfix\" style=\"max-width:50px;height:2px;background-color:rgb(255, 255, 255);\"><\/div>\n<h2>Dise\u00f1o y desarrollo web<\/h2>\n<p>Internet evoluciona, y los sitios web tambi\u00e9n Le ayudamos a crear sitios web estables, \u00fanicos y preparados para el futuro Adem\u00e1s, nos encargamos de migrar y redise\u00f1ar los sitios web existentes con facilidad<\/p>\n<a href=\"https:\/\/www.welaunch.io\/en\/services\/website\/\" class=\"button white is-link\" >\n\t\t<span>Dise\u00f1o y desarrollo web<\/span>\n\t<\/a>\n\t\t<\/div>\n\t\t\t\t\t<\/div>\n\n\t\n\t<div id=\"col-1016377528\" class=\"col medium-4 small-12 large-4\"  >\n\t\t\t\t<div class=\"col-inner\"  >\n\t\t\t\n\t\t\t\t<div class=\"img has-hover x md-x lg-x y md-y lg-y\" id=\"image_81671151\">\n\t\t\t\t\t\t\t\t<div class=\"img-inner dark\" >\n\t\t\t<img loading=\"lazy\" decoding=\"async\" width=\"1020\" height=\"663\" src=\"https:\/\/www.welaunch.io\/es\/wp-content\/uploads\/sites\/12\/2018\/09\/webdevelopment-1024x666.png\" class=\"attachment-large size-large\" alt=\"PHP Web Development &amp; Programming\" srcset=\"https:\/\/www.welaunch.io\/es\/wp-content\/uploads\/sites\/12\/2018\/09\/webdevelopment-1024x666.png 1024w, https:\/\/www.welaunch.io\/es\/wp-content\/uploads\/sites\/12\/2018\/09\/webdevelopment-500x325.png 500w, https:\/\/www.welaunch.io\/es\/wp-content\/uploads\/sites\/12\/2018\/09\/webdevelopment-1000x651.png 1000w, https:\/\/www.welaunch.io\/es\/wp-content\/uploads\/sites\/12\/2018\/09\/webdevelopment-300x195.png 300w, https:\/\/www.welaunch.io\/es\/wp-content\/uploads\/sites\/12\/2018\/09\/webdevelopment-768x500.png 768w, https:\/\/www.welaunch.io\/es\/wp-content\/uploads\/sites\/12\/2018\/09\/webdevelopment.png 1125w\" sizes=\"auto, (max-width: 1020px) 100vw, 1020px\" \/>\t\t\t\t\t\t\n\t\t\t\t\t<\/div>\n\t\t\t\t\t\t\t\t\n<style>\n#image_81671151 {\n  width: 100%;\n}\n<\/style>\n\t<\/div>\n\t\t\t<\/div>\n\t\t\t\t\t<\/div>\n\n\t<\/div>\t\t<\/div>\n\n\t\t\n<style>\n#section_361809899 {\n  padding-top: 80px;\n  padding-bottom: 80px;\n}\n#section_361809899 .section-bg-overlay {\n  background-color: #3171ee;\n}\n<\/style>\n\t<\/section>\n\t\n\t<section class=\"section has-scroll-for-more\" id=\"section_1448398382\">\n\t\t<div class=\"section-bg fill\" >\n\t\t\t\t\t\t\t\t\t<button class=\"scroll-for-more z-5 icon absolute bottom h-center\" aria-label=\"Despl\u00e1cese para m\u00e1s\"><i class=\"icon-angle-down\" aria-hidden=\"true\" style=\"font-size:42px;\"><\/i><\/button>\n\t\t\t\n\n\t\t<\/div>\n\n\t\t\n\n\t\t<div class=\"section-content relative\">\n\t\t\t<span class=\"scroll-to\" data-label=\"Scroll to: #consultor\u00eda\" data-bullet=\"false\" data-link=\"#consultor\u00eda\" data-title=\"consultor\u00eda\"><a name=\"consultor\u00eda\"><\/a><\/span><div class=\"row\"  id=\"row-978406563\">\n\t<div id=\"col-824253627\" class=\"col medium-8 small-12 large-8\"  >\n\t\t\t\t<div class=\"col-inner\"  >\n\t\t\t\n\t\t\t<div class=\"is-divider divider clearfix\" style=\"max-width:50px;height:2px;background-color:rgb(49, 113, 238);\"><\/div>\n<h2>Consultor\u00eda de marketing en Internet<\/h2>\n<p>En los tiempos que cambian r\u00e1pidamente, es posible que se pierdan tecnolog\u00edas o informaci\u00f3n importantes en torno al marketing digital Perm\u00edtanos ayudarle a recuperar los \u00faltimos conocimientos de la web Analizamos y reelaboramos su estrategia de marketing digital Obtenga los \u00faltimos conocimientos, as\u00ed como recomendaciones para mejorar su empresa y evitar que la competencia le supere<\/p>\n\t\t<\/div>\n\t\t\t\t\t<\/div>\n\n\t\n\t<div id=\"col-1167542460\" class=\"col medium-4 small-12 large-4\"  >\n\t\t\t\t<div class=\"col-inner\"  >\n\t\t\t\n\t\t\t\t<div class=\"img has-hover x md-x lg-x y md-y lg-y\" id=\"image_1633820916\">\n\t\t\t\t\t\t\t\t<div class=\"img-inner dark\" >\n\t\t\t<img loading=\"lazy\" decoding=\"async\" width=\"1020\" height=\"550\" src=\"https:\/\/www.welaunch.io\/es\/wp-content\/uploads\/sites\/12\/2018\/09\/SEO-1024x552.png\" class=\"attachment-large size-large\" alt=\"SEO Expert - Professional Search Engine Optimization\" srcset=\"https:\/\/www.welaunch.io\/es\/wp-content\/uploads\/sites\/12\/2018\/09\/SEO-1024x552.png 1024w, https:\/\/www.welaunch.io\/es\/wp-content\/uploads\/sites\/12\/2018\/09\/SEO-500x270.png 500w, https:\/\/www.welaunch.io\/es\/wp-content\/uploads\/sites\/12\/2018\/09\/SEO-1000x539.png 1000w, https:\/\/www.welaunch.io\/es\/wp-content\/uploads\/sites\/12\/2018\/09\/SEO-300x162.png 300w, https:\/\/www.welaunch.io\/es\/wp-content\/uploads\/sites\/12\/2018\/09\/SEO-768x414.png 768w, https:\/\/www.welaunch.io\/es\/wp-content\/uploads\/sites\/12\/2018\/09\/SEO.png 1298w\" sizes=\"auto, (max-width: 1020px) 100vw, 1020px\" \/>\t\t\t\t\t\t\n\t\t\t\t\t<\/div>\n\t\t\t\t\t\t\t\t\n<style>\n#image_1633820916 {\n  width: 100%;\n}\n<\/style>\n\t<\/div>\n\t\t\t<\/div>\n\t\t\t\t\t<\/div>\n\n\t<\/div>\t\t<\/div>\n\n\t\t\n<style>\n#section_1448398382 {\n  padding-top: 80px;\n  padding-bottom: 80px;\n}\n<\/style>\n\t<\/section>\n\t\n","protected":false},"excerpt":{"rendered":"","protected":false},"author":1,"featured_media":0,"parent":0,"menu_order":0,"comment_status":"closed","ping_status":"closed","template":"","meta":{"inline_featured_image":false,"footnotes":""},"class_list":["post-617","page","type-page","status-publish","hentry"],"_links":{"self":[{"href":"https:\/\/www.welaunch.io\/es\/wp-json\/wp\/v2\/pages\/617","targetHints":{"allow":["GET"]}}],"collection":[{"href":"https:\/\/www.welaunch.io\/es\/wp-json\/wp\/v2\/pages"}],"about":[{"href":"https:\/\/www.welaunch.io\/es\/wp-json\/wp\/v2\/types\/page"}],"author":[{"embeddable":true,"href":"https:\/\/www.welaunch.io\/es\/wp-json\/wp\/v2\/users\/1"}],"replies":[{"embeddable":true,"href":"https:\/\/www.welaunch.io\/es\/wp-json\/wp\/v2\/comments?post=617"}],"version-history":[{"count":10,"href":"https:\/\/www.welaunch.io\/es\/wp-json\/wp\/v2\/pages\/617\/revisions"}],"predecessor-version":[{"id":8631,"href":"https:\/\/www.welaunch.io\/es\/wp-json\/wp\/v2\/pages\/617\/revisions\/8631"}],"wp:attachment":[{"href":"https:\/\/www.welaunch.io\/es\/wp-json\/wp\/v2\/media?parent=617"}],"curies":[{"name":"wp","href":"https:\/\/api.w.org\/{rel}","templated":true}]}}