{"id":14,"date":"2017-03-06T11:59:57","date_gmt":"2017-03-06T10:59:57","guid":{"rendered":"https:\/\/www.welaunch.io\/es\/?page_id=14"},"modified":"2021-11-15T08:51:04","modified_gmt":"2021-11-15T07:51:04","slug":"about-us","status":"publish","type":"page","link":"https:\/\/www.welaunch.io\/es\/about-us\/","title":{"rendered":"Acerca de nuestra agencia de marketing"},"content":{"rendered":"\n\t<section class=\"section dark has-scroll-for-more\" id=\"section_789354887\">\n\t\t<div class=\"section-bg fill\" >\n\t\t\t\t\t\t\t\t\t<div class=\"section-bg-overlay absolute fill\"><\/div><button class=\"scroll-for-more z-5 icon absolute bottom h-center\" aria-label=\"Despl\u00e1cese para m\u00e1s\"><i class=\"icon-angle-down\" aria-hidden=\"true\" style=\"font-size:42px;\"><\/i><\/button>\n\t\t\t\n\n\t\t<\/div>\n\n\t\t\n\n\t\t<div class=\"section-content relative\">\n\t\t\t<div class=\"row\"  id=\"row-1959584518\">\n\t<div id=\"col-1324169742\" class=\"col medium-12 small-12 large-6\"  >\n\t\t\t\t<div class=\"col-inner\"  >\n\t\t\t\n\t\t\t\n<h1>Impulsando proyectos digitales desde 2014<\/h1>\n<p>La experiencia es lo que nos hace \u00fanicos Desde hace a\u00f1os nos centramos en mejorar la estrategia digital de nuestros clientes En estos a\u00f1os hemos aprendido mucho &#8211; tanto que podemos ayudarle a evitar cometer los mismos errores para ahorrar tiempo y dinero<\/p>\n\t\t<\/div>\n\t\t\t\t\t<\/div>\n\n\t<\/div>\t\t<\/div>\n\n\t\t\n<style>\n#section_789354887 {\n  padding-top: 100px;\n  padding-bottom: 100px;\n}\n#section_789354887 .section-bg-overlay {\n  background-color: #3171ee;\n}\n@media (min-width:550px) {\n  #section_789354887 {\n    padding-top: 140px;\n    padding-bottom: 140px;\n  }\n}\n@media (min-width:850px) {\n  #section_789354887 {\n    padding-top: 180px;\n    padding-bottom: 180px;\n  }\n}\n<\/style>\n\t<\/section>\n\t\n\t<section class=\"section\" id=\"section_1201086377\">\n\t\t<div class=\"section-bg fill\" >\n\t\t\t\t\t\t\t\t\t\n\t\t\t\n\n\t\t<\/div>\n\n\t\t\n\n\t\t<div class=\"section-content relative\">\n\t\t\t<div class=\"row row-solid\"  id=\"row-1628424526\">\n\t<div id=\"col-38025245\" class=\"col medium-4 small-12 large-4\"  >\n\t\t\t\t<div class=\"col-inner text-center\"  >\n\t\t\t\n\t\t\t<a href=\"#introducci\u00f3n\" class=\"button primary is-link\" >\n\t\t<span>Introducci\u00f3n<\/span>\n\t<\/a>\n\t\t<\/div>\n\t\t\t\t\t<\/div>\n\n\t\n\t<div id=\"col-230041820\" class=\"col medium-4 small-12 large-4\"  >\n\t\t\t\t<div class=\"col-inner text-center\"  >\n\t\t\t\n\t\t\t<a href=\"#servicios\" class=\"button primary is-link\" >\n\t\t<span>Servicios<\/span>\n\t<\/a>\n\t\t<\/div>\n\t\t\t\t\t<\/div>\n\n\t\n\t<div id=\"col-1011272789\" class=\"col medium-4 small-12 large-4\"  >\n\t\t\t\t<div class=\"col-inner text-center\"  >\n\t\t\t\n\t\t\t<a href=\"#testimonials\" class=\"button primary is-link\" >\n\t\t<span>Servicios<\/span>\n\t<\/a>\n\t\t<\/div>\n\t\t\t\t\t<\/div>\n\n\t\n<style>\n#row-1628424526 > .col > .col-inner {\n  padding: 10px 0px 0px 0px;\n}\n<\/style>\n<\/div>\t\t<\/div>\n\n\t\t\n<style>\n#section_1201086377 {\n  padding-top: 30px;\n  padding-bottom: 30px;\n}\n<\/style>\n\t<\/section>\n\t\n\t<section class=\"section\" id=\"section_1017623291\">\n\t\t<div class=\"section-bg fill\" >\n\t\t\t\t\t\t\t\t\t\n\t\t\t\n\n\t\t<\/div>\n\n\t\t\n\n\t\t<div class=\"section-content relative\">\n\t\t\t<div class=\"row\"  id=\"row-832810370\">\n\t<div id=\"col-2040304139\" class=\"col small-12 large-12\"  >\n\t\t\t\t<div class=\"col-inner\"  >\n\t\t\t\n\t\t\t<div class=\"is-divider divider clearfix\" style=\"max-width:50px;height:2px;background-color:rgb(49, 113, 238);\"><\/div><span class=\"scroll-to\" data-label=\"Scroll to: #introducci\u00f3n\" data-bullet=\"false\" data-link=\"#introducci\u00f3n\" data-title=\"introducci\u00f3n\"><a name=\"introducci\u00f3n\"><\/a><\/span>\n<h2>Somos una agencia de marketing digital orientada al dise\u00f1o<\/h2>\n\t\t<\/div>\n\t\t\t\t\t<\/div>\n\n\t<\/div><div class=\"row align-right\"  id=\"row-1701870111\">\n\t<div id=\"col-1320014513\" class=\"col medium-6 small-12 large-6\"  >\n\t\t\t\t<div class=\"col-inner\"  >\n\t\t\t\n\t\t\t\n<p>&#8220;Impulsar su negocio en l\u00ednea&#8221;: este es nuestro principal objetivo En todo momento No importa si usted es un restaurante que busca m\u00e1s visitantes o tiene una tienda online, que quiere aumentar las ventas Somos el socio para impulsar su negocio a trav\u00e9s de las tecnolog\u00edas digitales<\/p>\n\t\t<\/div>\n\t\t\t\t\t<\/div>\n\n\t\n\t<div id=\"col-623480990\" class=\"col medium-6 small-12 large-6\"  >\n\t\t\t\t<div class=\"col-inner text-center\"  >\n\t\t\t\n\t\t\t\n<p><img decoding=\"async\" style=\"margin-right: 5px;\" title=\"Autor Nivel 9\" src=\"https:\/\/www.welaunch.io\/en\/wp-content\/uploads\/sites\/8\/2020\/06\/Weekly-Top-Seller.svg\" alt=\"Autor Nivel 9\" width=\"50px\" \/><img decoding=\"async\" style=\"margin-right: 5px;\" title=\"El m\u00e1s vendido de la semana\" src=\"https:\/\/www.welaunch.io\/en\/wp-content\/uploads\/sites\/8\/2020\/06\/Had-trendsetting-item.svg\" alt=\"El m\u00e1s vendido de la semana\" width=\"50px\" \/><img decoding=\"async\" style=\"margin-right: 5px;\" title=\"Ten\u00eda un art\u00edculo que marcaba tendencia\" src=\"https:\/\/www.welaunch.io\/en\/wp-content\/uploads\/sites\/8\/2020\/06\/Monthly-Top-Author.svg\" alt=\"Ten\u00eda un art\u00edculo que marcaba tendencia\" width=\"50px\" \/><img decoding=\"async\" style=\"margin-right: 5px;\" title=\"Autor principal del mes\" src=\"https:\/\/www.welaunch.io\/en\/wp-content\/uploads\/sites\/8\/2020\/06\/German-Quality.svg\" alt=\"Autor principal del mes\" width=\"50px\" \/><img decoding=\"async\" style=\"margin-right: 5px;\" title=\"Calidad alemana\" src=\"https:\/\/www.welaunch.io\/en\/wp-content\/uploads\/sites\/8\/2020\/06\/Featured-Author.svg\" alt=\"Calidad alemana\" width=\"50px\" \/><img decoding=\"async\" style=\"margin-right: 5px;\" title=\"Autor destacado\" src=\"https:\/\/www.welaunch.io\/en\/wp-content\/uploads\/sites\/8\/2020\/06\/Exclusive-Author.svg\" alt=\"Autor destacado\" width=\"50px\" \/><img decoding=\"async\" style=\"margin-right: 5px;\" title=\"Autor exclusivo\" src=\"https:\/\/www.welaunch.io\/en\/wp-content\/uploads\/sites\/8\/2020\/06\/Envato-Elite-Author.svg\" alt=\"Autor exclusivo\" width=\"50px\" \/><img decoding=\"async\" style=\"margin-right: 5px;\" title=\"Autor de Envato Elite\" src=\"https:\/\/www.welaunch.io\/en\/wp-content\/uploads\/sites\/8\/2020\/06\/Author-Level-9.svg\" alt=\"Autor de Envato Elite\" width=\"50px\" \/><\/p>\n<a href=\"https:\/\/codecanyon.net\/user\/welaunch\/portfolio\" target=\"_blank\" class=\"button primary is-link is-smaller\" rel=\"noopener\">\n\t\t<span>Visite nuestra cartera de CodeCanyon<\/span>\n\t<\/a>\n\t\t<\/div>\n\t\t\t\t\t<\/div>\n\n\t<\/div>\t\t<\/div>\n\n\t\t\n<style>\n#section_1017623291 {\n  padding-top: 0px;\n  padding-bottom: 0px;\n}\n<\/style>\n\t<\/section>\n\t\n\t<section class=\"section has-scroll-for-more\" id=\"section_1331989579\">\n\t\t<div class=\"section-bg fill\" >\n\t\t\t\t\t\t\t\t\t<button class=\"scroll-for-more z-5 icon absolute bottom h-center\" aria-label=\"Despl\u00e1cese para m\u00e1s\"><i class=\"icon-angle-down\" aria-hidden=\"true\" style=\"font-size:42px;\"><\/i><\/button>\n\t\t\t\n\n\t\t<\/div>\n\n\t\t\n\n\t\t<div class=\"section-content relative\">\n\t\t\t<div class=\"row row-solid\"  id=\"row-1163519345\">\n\t<div id=\"col-166452476\" class=\"col medium-4 small-12 large-4\"  >\n\t\t\t\t<div class=\"col-inner text-center\"  >\n\t\t\t\n\t\t\t\n<h2 style=\"font-size: 200%;margin-bottom:0;\">+40<\/h2>\n<p>Websites developed<span style=\"font-size: 75%;\">(and 30+ Happy Customers)<\/span><\/p>\n\t\t<\/div>\n\t\t\t\t\t<\/div>\n\n\t\n\t<div id=\"col-584122082\" class=\"col medium-4 small-12 large-4\"  >\n\t\t\t\t<div class=\"col-inner text-center\"  >\n\t\t\t\n\t\t\t\n<h2 style=\"font-size: 200%;margin-bottom:0;\">+14.000<\/h2>\n<p>Plugins Sold<span style=\"font-size: 75%;\">(based on 38 Plugins on CodeCanyon)<\/span><\/p>\n\t\t<\/div>\n\t\t\t\t\t<\/div>\n\n\t\n\t<div id=\"col-1388623483\" class=\"col medium-4 small-12 large-4\"  >\n\t\t\t\t<div class=\"col-inner text-center\"  >\n\t\t\t\n\t\t\t\n<h2 style=\"font-size: 200%;margin-bottom:0;\">4.84\/5<\/h2>\n<p>Average Rating <span style=\"font-size: 75%;\">(based on 398 ratings)<\/span><\/p>\n\t\t<\/div>\n\t\t\t\t\t<\/div>\n\n\t<\/div>\t\t<\/div>\n\n\t\t\n<style>\n#section_1331989579 {\n  padding-top: 60px;\n  padding-bottom: 60px;\n}\n<\/style>\n\t<\/section>\n\t\n\t<section class=\"section dark\" id=\"section_1750717251\">\n\t\t<div class=\"section-bg fill\" >\n\t\t\t\t\t\t\t\t\t<div class=\"section-bg-overlay absolute fill\"><\/div>\n\t\t\t\n\n\t\t<\/div>\n\n\t\t\n\n\t\t<div class=\"section-content relative\">\n\t\t\t<div class=\"row\"  id=\"row-450492663\">\n\t<div id=\"col-1486640582\" class=\"col small-12 large-12\"  >\n\t\t\t\t<div class=\"col-inner text-left\"  >\n\t\t\t\n\t\t\t<span class=\"scroll-to\" data-label=\"Scroll to: #servicios\" data-bullet=\"false\" data-link=\"#servicios\" data-title=\"servicios\"><a name=\"servicios\"><\/a><\/span><div class=\"is-divider divider clearfix\" style=\"max-width:50px;height:2px;background-color:rgb(255, 255, 255);\"><\/div>\n<h2>Qu\u00e9 hacemos<\/h2>\n\t\t<\/div>\n\t\t\t\t\t<\/div>\n\n\t<\/div><div class=\"row\"  id=\"row-2056423639\">\n\t<div id=\"col-410958852\" class=\"col medium-6 small-12 large-6\"  >\n\t\t\t\t<div class=\"col-inner\"  >\n\t\t\t\n\t\t\t<div class=\"container section-title-container\" style=\"margin-top:5px;margin-bottom:5px;\"><h3 class=\"section-title section-title-normal\"><b aria-hidden=\"true\"><\/b><span class=\"section-title-main\" style=\"font-size:80%;color:rgb(247, 247, 247);\">01 - Servicios digitales<\/span><b aria-hidden=\"true\"><\/b><\/h3><\/div>\n<p>Una tienda online sin tr\u00e1fico y ventas no sirve de nada Nos ocupamos de su estrategia de publicidad digital Junto con Google Ads (SEA), Social Media Marketing Facebook &#038; Instagram<\/p>\n<a href=\"https:\/\/www.welaunch.io\/en\/servicios\/\" class=\"button white is-link\">\n\t\t<span>Explorar los servicios<\/span>\n\t<\/a>\n\t\t<\/div>\n\t\t\t\t\t<\/div>\n\n\t\n\t<div id=\"col-617325081\" class=\"col medium-12 small-12 large-6\"  >\n\t\t\t\t<div class=\"col-inner\"  >\n\t\t\t\n\t\t\t<div class=\"container section-title-container\" style=\"margin-top:5px;margin-bottom:5px;\"><h3 class=\"section-title section-title-normal\"><b aria-hidden=\"true\"><\/b><span class=\"section-title-main\" style=\"font-size:80%;color:rgb(247, 247, 247);\">02 - WP &amp; WooCommerce Plugins<\/span><b aria-hidden=\"true\"><\/b><\/h3><\/div>\n<p>Desde hace m\u00e1s de 10 a\u00f1os creamos plugins de WordPress y WooCommerce y sitios web con pasi\u00f3n Nuestra cartera incluye m\u00e1s de 20 WooCommerce y m\u00e1s de 10 plugins de WordPress<\/p>\n<a href=\"https:\/\/www.welaunch.io\/en\/shop\/plugins\/\" class=\"button white is-link\">\n\t\t<span>Explorar los plugins<\/span>\n\t<\/a>\n\t\t<\/div>\n\t\t\t\t\t<\/div>\n\n\t<\/div>\t\t<\/div>\n\n\t\t\n<style>\n#section_1750717251 {\n  padding-top: 80px;\n  padding-bottom: 80px;\n  background-color: rgb(247, 245, 244);\n}\n#section_1750717251 .section-bg-overlay {\n  background-color: #3171ee;\n}\n<\/style>\n\t<\/section>\n\t\n\t<section class=\"section\" id=\"section_1510046911\">\n\t\t<div class=\"section-bg fill\" >\n\t\t\t\t\t\t\t\t\t\n\t\t\t\n\n\t\t<\/div>\n\n\t\t\n\n\t\t<div class=\"section-content relative\">\n\t\t\t<div class=\"row\"  id=\"row-624020751\">\n\t<div id=\"col-142777570\" class=\"col small-12 large-12\"  >\n\t\t\t\t<div class=\"col-inner\"  >\n\t\t\t\n\t\t\t<div class=\"is-divider divider clearfix\" style=\"max-width:50px;height:2px;background-color:rgb(49, 113, 238);\"><\/div><span class=\"scroll-to\" data-label=\"Scroll to: #servicios\" data-bullet=\"false\" data-link=\"#servicios\" data-title=\"servicios\"><a name=\"servicios\"><\/a><\/span>\n<h2>Comentarios de los clientes<\/h2>\n\t\t<\/div>\n\t\t\t\t\t<\/div>\n\n\t<\/div>\t<div id=\"gap-599603884\" class=\"gap-element clearfix\" style=\"display:block; height:auto;\">\n\t\t\n<style>\n#gap-599603884 {\n  padding-top: 60px;\n}\n<\/style>\n\t<\/div>\n\t<div class=\"row align-center\"  id=\"row-1730380287\">\n\t<div id=\"col-712285643\" class=\"col medium-4 small-12 large-4\"  >\n\t\t\t\t<div class=\"col-inner\" style=\"background-color:rgb(255, 255, 255);\" >\n\t\t\t\n\t\t\t  <div class=\"icon-box testimonial-box icon-box-center text-center\">\n                <div class=\"icon-box-img testimonial-image circle\" style=\"width: 80px\">\n              <img loading=\"lazy\" decoding=\"async\" width=\"150\" height=\"150\" src=\"https:\/\/www.welaunch.io\/es\/wp-content\/uploads\/sites\/12\/2020\/06\/Pingel_Kalle_-8321r_web-800x534-1-150x150.jpg\" class=\"attachment-thumbnail size-thumbnail\" alt=\"Kalle Pingel - funeral service Lingen\" srcset=\"https:\/\/www.welaunch.io\/es\/wp-content\/uploads\/sites\/12\/2020\/06\/Pingel_Kalle_-8321r_web-800x534-1-150x150.jpg 150w, https:\/\/www.welaunch.io\/es\/wp-content\/uploads\/sites\/12\/2020\/06\/Pingel_Kalle_-8321r_web-800x534-1-100x100.jpg 100w\" sizes=\"auto, (max-width: 150px) 100vw, 150px\" \/>        <\/div>\n                <div class=\"icon-box-text p-last-0\">\n          <div class=\"star-rating\" role=\"img\" aria-label=\"Rated 5 out of 5\"><span style=\"width:100%\"><strong class=\"rating\"><\/strong><\/span><\/div>  \t\t\t\t<div class=\"testimonial-text line-height-small italic test_text first-reset last-reset is-italic\">\n            \n<h3>Una agencia en la que puede confiar<\/h3>\n<p>Nosotros, como empresa de servicios funerarios, tenemos una relaci\u00f3n a largo plazo con weLaunch Para nosotros es una agencia de marketing en la que se puede confiar<\/p>\n<h5>Karl-Hermann Pingel &#8211; Funeral Pingel<\/h5>\n          <\/div>\n          <div class=\"testimonial-meta pt-half\">\n             <strong class=\"testimonial-name test_name\"><\/strong>\n                          <span class=\"testimonial-company test_company\"><\/span>\n          <\/div>\n        <\/div>\n  <\/div>\n\n  \t\t<\/div>\n\t\t\t\t\t<\/div>\n\n\t\n\t<div id=\"col-1053646354\" class=\"col medium-4 small-12 large-4\"  >\n\t\t\t\t<div class=\"col-inner\" style=\"background-color:rgb(255, 255, 255);\" >\n\t\t\t\n\t\t\t  <div class=\"icon-box testimonial-box icon-box-center text-center\">\n                <div class=\"icon-box-img testimonial-image circle\" style=\"width: 80px\">\n              <img loading=\"lazy\" decoding=\"async\" width=\"150\" height=\"150\" src=\"https:\/\/www.welaunch.io\/es\/wp-content\/uploads\/sites\/12\/2020\/06\/17426144_10155017563383257_8343296751971916844_n-150x150.jpg\" class=\"attachment-thumbnail size-thumbnail\" alt=\"Rainer Appel\" srcset=\"https:\/\/www.welaunch.io\/es\/wp-content\/uploads\/sites\/12\/2020\/06\/17426144_10155017563383257_8343296751971916844_n-150x150.jpg 150w, https:\/\/www.welaunch.io\/es\/wp-content\/uploads\/sites\/12\/2020\/06\/17426144_10155017563383257_8343296751971916844_n-100x100.jpg 100w, https:\/\/www.welaunch.io\/es\/wp-content\/uploads\/sites\/12\/2020\/06\/17426144_10155017563383257_8343296751971916844_n-300x300.jpg 300w, https:\/\/www.welaunch.io\/es\/wp-content\/uploads\/sites\/12\/2020\/06\/17426144_10155017563383257_8343296751971916844_n-200x200.jpg 200w, https:\/\/www.welaunch.io\/es\/wp-content\/uploads\/sites\/12\/2020\/06\/17426144_10155017563383257_8343296751971916844_n.jpg 320w\" sizes=\"auto, (max-width: 150px) 100vw, 150px\" \/>        <\/div>\n                <div class=\"icon-box-text p-last-0\">\n          <div class=\"star-rating\" role=\"img\" aria-label=\"Rated 5 out of 5\"><span style=\"width:100%\"><strong class=\"rating\"><\/strong><\/span><\/div>  \t\t\t\t<div class=\"testimonial-text line-height-small italic test_text first-reset last-reset is-italic\">\n            \n<h3>Asistencia profesional para tiendas web<\/h3>\n<p>Nuestra tienda online WooCommerce sindibaba es apoyada por weLaunch desde hace unos a\u00f1os Desde entonces hemos tenido el mejor mes de ventas B2C en mayo de 2020<\/p>\n<h5>Rainer Appel &#8211; Sindibaba<\/h5>\n          <\/div>\n          <div class=\"testimonial-meta pt-half\">\n             <strong class=\"testimonial-name test_name\"><\/strong>\n                          <span class=\"testimonial-company test_company\"><\/span>\n          <\/div>\n        <\/div>\n  <\/div>\n\n  \t\t<\/div>\n\t\t\t\t\t<\/div>\n\n\t\n\t<div id=\"col-1183936661\" class=\"col medium-4 small-12 large-4\"  >\n\t\t\t\t<div class=\"col-inner\" style=\"background-color:rgb(255, 255, 255);\" >\n\t\t\t\n\t\t\t  <div class=\"icon-box testimonial-box icon-box-center text-center\">\n                <div class=\"icon-box-img testimonial-image circle\" style=\"width: 80px\">\n              <img loading=\"lazy\" decoding=\"async\" width=\"150\" height=\"150\" src=\"https:\/\/www.welaunch.io\/es\/wp-content\/uploads\/sites\/12\/2020\/07\/Melanie-Moxhet-150x150.jpg\" class=\"attachment-thumbnail size-thumbnail\" alt=\"Melanie Moxhet\" srcset=\"https:\/\/www.welaunch.io\/es\/wp-content\/uploads\/sites\/12\/2020\/07\/Melanie-Moxhet-150x150.jpg 150w, https:\/\/www.welaunch.io\/es\/wp-content\/uploads\/sites\/12\/2020\/07\/Melanie-Moxhet-100x100.jpg 100w, https:\/\/www.welaunch.io\/es\/wp-content\/uploads\/sites\/12\/2020\/07\/Melanie-Moxhet.jpg 200w\" sizes=\"auto, (max-width: 150px) 100vw, 150px\" \/>        <\/div>\n                <div class=\"icon-box-text p-last-0\">\n          <div class=\"star-rating\" role=\"img\" aria-label=\"Rated 5 out of 5\"><span style=\"width:100%\"><strong class=\"rating\"><\/strong><\/span><\/div>  \t\t\t\t<div class=\"testimonial-text line-height-small italic test_text first-reset last-reset is-italic\">\n            \n<h3>Maestros de WordPress<\/h3>\n<p>Fue un placer trabajar con weLaunch durante el redise\u00f1o de nuestro sitio web de B Medical Systems Discusiones duras, pero siempre se encontr\u00f3 una soluci\u00f3n<\/p>\n<h5>Melanie Moxhet &#8211; B Medical Systems<\/h5>\n          <\/div>\n          <div class=\"testimonial-meta pt-half\">\n             <strong class=\"testimonial-name test_name\"><\/strong>\n                          <span class=\"testimonial-company test_company\"><\/span>\n          <\/div>\n        <\/div>\n  <\/div>\n\n  \t\t<\/div>\n\t\t\t\t\t<\/div>\n\n\t\n\t<div id=\"col-2136682099\" class=\"col \/en\/portfolio\/ small-12 large-12\"  >\n\t\t\t\t<div class=\"col-inner text-center\"  >\n\t\t\t\n\t\t\t<a href=\"https:\/\/www.welaunch.io\/en\/portfolio\/\" class=\"button primary is-link\">\n\t\t<span>Explorar la cartera<\/span>\n\t<\/a>\n\t\t<\/div>\n\t\t\t\t\t<\/div>\n\n\t<\/div>\t\t<\/div>\n\n\t\t\n<style>\n#section_1510046911 {\n  padding-top: 80px;\n  padding-bottom: 80px;\n}\n<\/style>\n\t<\/section>\n\t\n\t<section class=\"section dark\" id=\"section_1237269009\">\n\t\t<div class=\"section-bg fill\" >\n\t\t\t\t\t\t\t\t\t<div class=\"section-bg-overlay absolute fill\"><\/div>\n\t\t\t\n\n\t\t<\/div>\n\n\t\t\n\n\t\t<div class=\"section-content relative\">\n\t\t\t<div class=\"row row-collapse align-center\"  id=\"row-1365755988\">\n\t<div id=\"col-1832070735\" class=\"col medium-7 small-10 large-10\"  >\n\t\t\t\t<div class=\"col-inner text-center\"  >\n\t\t\t\n\t\t\t\n<h2 style=\"font-size: 400%; line-height: 130%;\">Nuestra MISI\u00d3N es aumentar sus ventas online<\/h2>\n\t\t<\/div>\n\t\t\t\t\t<\/div>\n\n\t<\/div>\t\t<\/div>\n\n\t\t\n<style>\n#section_1237269009 {\n  padding-top: 80px;\n  padding-bottom: 80px;\n  background-color: rgb(247, 245, 244);\n}\n#section_1237269009 .section-bg-overlay {\n  background-color: #3171ee;\n}\n<\/style>\n\t<\/section>\n\t\n","protected":false},"excerpt":{"rendered":"","protected":false},"author":1,"featured_media":0,"parent":0,"menu_order":0,"comment_status":"closed","ping_status":"closed","template":"","meta":{"inline_featured_image":false,"footnotes":""},"class_list":["post-14","page","type-page","status-publish","hentry"],"_links":{"self":[{"href":"https:\/\/www.welaunch.io\/es\/wp-json\/wp\/v2\/pages\/14","targetHints":{"allow":["GET"]}}],"collection":[{"href":"https:\/\/www.welaunch.io\/es\/wp-json\/wp\/v2\/pages"}],"about":[{"href":"https:\/\/www.welaunch.io\/es\/wp-json\/wp\/v2\/types\/page"}],"author":[{"embeddable":true,"href":"https:\/\/www.welaunch.io\/es\/wp-json\/wp\/v2\/users\/1"}],"replies":[{"embeddable":true,"href":"https:\/\/www.welaunch.io\/es\/wp-json\/wp\/v2\/comments?post=14"}],"version-history":[{"count":10,"href":"https:\/\/www.welaunch.io\/es\/wp-json\/wp\/v2\/pages\/14\/revisions"}],"predecessor-version":[{"id":8612,"href":"https:\/\/www.welaunch.io\/es\/wp-json\/wp\/v2\/pages\/14\/revisions\/8612"}],"wp:attachment":[{"href":"https:\/\/www.welaunch.io\/es\/wp-json\/wp\/v2\/media?parent=14"}],"curies":[{"name":"wp","href":"https:\/\/api.w.org\/{rel}","templated":true}]}}