{"id":13,"date":"2017-03-06T11:59:42","date_gmt":"2017-03-06T10:59:42","guid":{"rendered":"https:\/\/www.welaunch.io\/es\/?page_id=13"},"modified":"2022-02-24T14:14:46","modified_gmt":"2022-02-24T13:14:46","slug":"contact","status":"publish","type":"page","link":"https:\/\/www.welaunch.io\/es\/contact\/","title":{"rendered":"P\u00f3ngase en contacto con nuestra agencia hoy mismo"},"content":{"rendered":"\n\t<section class=\"section dark has-scroll-for-more\" id=\"section_129719362\">\n\t\t<div class=\"section-bg fill\" >\n\t\t\t\t\t\t\t\t\t<button class=\"scroll-for-more z-5 icon absolute bottom h-center\" aria-label=\"Despl\u00e1cese para m\u00e1s\"><i class=\"icon-angle-down\" aria-hidden=\"true\" style=\"font-size:42px;\"><\/i><\/button>\n\t\t\t\n\n\t\t<\/div>\n\n\t\t\n\n\t\t<div class=\"section-content relative\">\n\t\t\t\n<div class=\"row\"  id=\"row-1175725397\">\n\n\t<div id=\"col-1785786862\" class=\"col medium-12 small-12 large-6\"  >\n\t\t\t\t<div class=\"col-inner\"  >\n\t\t\t\n\t\t\t\n<h1>Hablemos<\/h1>\n<p>\u00a1Impresionante \u00bfQuieres hablar con nosotros sobre tu pr\u00f3ximo gran proyecto Entonces, adelante, p\u00f3ngase en contacte cono con nosotros y deje que hagamos de su proyecto digital un \u00e9xito<\/p>\n\t\t<\/div>\n\t\t\t\t\t<\/div>\n\n\t\n<\/div>\n\t\t<\/div>\n\n\t\t\n<style>\n#section_129719362 {\n  padding-top: 100px;\n  padding-bottom: 100px;\n  min-height: 90%;\n  background-color: rgb(49, 113, 238);\n}\n@media (min-width:550px) {\n  #section_129719362 {\n    padding-top: 140px;\n    padding-bottom: 140px;\n  }\n}\n@media (min-width:850px) {\n  #section_129719362 {\n    padding-top: 210px;\n    padding-bottom: 210px;\n  }\n}\n<\/style>\n\t<\/section>\n\t\n\n\t<section class=\"section\" id=\"section_2095527498\">\n\t\t<div class=\"section-bg fill\" >\n\t\t\t\t\t\t\t\t\t\n\t\t\t\n\n\t\t<\/div>\n\n\t\t\n\n\t\t<div class=\"section-content relative\">\n\t\t\t\n<div class=\"row\"  id=\"row-305961617\">\n\n\t<div id=\"col-1524883183\" class=\"col small-12 large-12\"  >\n\t\t\t\t<div class=\"col-inner text-left\"  >\n\t\t\t\n\t\t\t\n<div class=\"is-divider divider clearfix\" style=\"max-width:50px;height:2px;background-color:rgb(255, 255, 255);\"><\/div>\n<div class=\"is-divider divider clearfix\" style=\"max-width:50px;height:2px;background-color:rgb(49, 113, 238);\"><\/div>\n<h2>\u00bfD\u00f3nde necesita apoyo?<\/h2>\n\t\t<\/div>\n\t\t\t\t\t<\/div>\n\n\t\n<\/div>\n<div class=\"row\"  id=\"row-1076645647\">\n\n\t<div id=\"col-1994114188\" class=\"col medium-12 small-12 large-6\"  >\n\t\t\t\t<div class=\"col-inner\"  >\n\t\t\t\n\t\t\t\n<span class=\"scroll-to\" data-label=\"Scroll to: #new-ticket\" data-bullet=\"false\" data-link=\"#new-ticket\" data-title=\"Nuevo billete\"><a name=\"new-ticket\"><\/a><\/span>\n<div class=\"container section-title-container\" style=\"margin-top:5px;margin-bottom:5px;\"><h3 class=\"section-title section-title-normal\"><b aria-hidden=\"true\"><\/b><span class=\"section-title-main\" style=\"font-size:80%;\">Soporte de plugins<\/span><b aria-hidden=\"true\"><\/b><\/h3><\/div>\n<p>Por favor, aseg\u00farese de que ha consultado nuestra documentaci\u00f3n y preguntas frecuentes antes de enviar un ticket de soporte del plugin<\/p>\n\t<div id=\"gap-742472327\" class=\"gap-element clearfix\" style=\"display:block; height:auto;\">\n\t\t\n<style>\n#gap-742472327 {\n  padding-top: 30px;\n}\n<\/style>\n\t<\/div>\n\t\n<div class=\"wordpress-helpdesk\"><div class=\"wordpress-helpdesk-row\">                <div class=\"wordpress-helpdesk-col-sm-4 wordpress-helpdesk-sidebar\">\n                    <li id=\"faq_topics-2\" class=\"widget widget_faq_topics\"><h2 class=\"widgettitle\">Topics<\/h2><ul class=\"wordpress-helpdesk-topic-list wordpress-helpdesk-faq-list\"><li><a href=\"https:\/\/www.welaunch.io\/es\/knowledge-base\/topics\/buying-plugins\/\"><i class=\"fa fa-file-alt fa-4x wordpress-helpdesk-faq-topic-icon\" aria-hidden=\"true\"><\/i>Buying Plugins<\/a><\/li><li><a href=\"https:\/\/www.welaunch.io\/es\/knowledge-base\/topics\/cf7\/\"><i class=\"fa fa-envelope fa-4x wordpress-helpdesk-faq-topic-icon\" aria-hidden=\"true\"><\/i>Contact Form 7 Documentation<\/a><\/li><li><a href=\"https:\/\/www.welaunch.io\/es\/knowledge-base\/topics\/dokan\/\"><i class=\"fa fa-users fa-4x wordpress-helpdesk-faq-topic-icon\" aria-hidden=\"true\"><\/i>Dokan Documentation<\/a><\/li><li><a href=\"https:\/\/www.welaunch.io\/es\/knowledge-base\/topics\/general\/\"><i class=\"fa fa-question fa-4x wordpress-helpdesk-faq-topic-icon\" aria-hidden=\"true\"><\/i>General<\/a><\/li><li><a href=\"https:\/\/www.welaunch.io\/es\/knowledge-base\/topics\/themes\/\"><i class=\"fa fa-file-alt fa-4x wordpress-helpdesk-faq-topic-icon\" aria-hidden=\"true\"><\/i>Themes<\/a><\/li><li><a href=\"https:\/\/www.welaunch.io\/es\/knowledge-base\/topics\/visual-composer\/\"><i class=\"fa fa-pen fa-4x wordpress-helpdesk-faq-topic-icon\" aria-hidden=\"true\"><\/i>Visual Composer Documentation<\/a><\/li><li><a href=\"https:\/\/www.welaunch.io\/es\/knowledge-base\/topics\/woocommerce\/\"><i class=\"fa fa-shopping-cart fa-4x wordpress-helpdesk-faq-topic-icon\" aria-hidden=\"true\"><\/i>WooCommerce Plugin Documentation<\/a><\/li><li><a href=\"https:\/\/www.welaunch.io\/es\/knowledge-base\/topics\/wordpress\/\"><i class=\"fab fa-wordpress-simple fa-4x wordpress-helpdesk-faq-topic-icon\" aria-hidden=\"true\"><\/i>WordPress Plugins Documentation<\/a><\/li><\/ul><\/li><li id=\"faq_dynamic_posts-3\" class=\"widget widget_faq_dynamic_posts\"><h2 class=\"widgettitle\">Popular FAQs<\/h2><ul class=\"wordpress-helpdesk-faq-list\"><li><i class=\"fa fa-file-alt fa-1x\"><\/i> <a href=\"https:\/\/www.welaunch.io\/es\/knowledge-base\/faq\/ticket-system-shortcodes\/\">Sistema de tickets Shortcodes<\/a><\/li><li><i class=\"fa fa-file-alt fa-1x\"><\/i> <a href=\"https:\/\/www.welaunch.io\/es\/knowledge-base\/faq\/setup-wordpress-helpdesk\/\">Configurar el servicio de asistencia de WordPress<\/a><\/li><li><i class=\"fa fa-file-alt fa-1x\"><\/i> <a href=\"https:\/\/www.welaunch.io\/es\/knowledge-base\/faq\/wordpress-store-locator-shortcodes\/\">WordPress Localizador de tiendas Shortcodes<\/a><\/li><li><i class=\"fa fa-file-alt fa-1x\"><\/i> <a href=\"https:\/\/www.welaunch.io\/es\/knowledge-base\/faq\/setup-wordpress-store-locator\/\">Setup the WordPress Store Locator Plugin<\/a><\/li><li><i class=\"fa fa-file-alt fa-1x\"><\/i> <a href=\"https:\/\/www.welaunch.io\/es\/knowledge-base\/faq\/create-ticket-status-types-projects\/\">Crear estado de ticket, tipos y proyectos<\/a><\/li><\/ul><\/li>                <\/div>\n                <div class=\"wordpress-helpdesk-col-sm-8\"><a href=\"https:\/\/www.welaunch.io\/es\/my-tickets\/\" id=\"wordpress_helpdesk_back_to_my_tickets\" class=\"wordpress_helpdesk_back_to_my_tickets\">&lt; volver a Mis Consultas<\/a><form action=\"\/es\/wp-json\/wp\/v2\/pages\/13\" enctype=\"multipart\/form-data\" class=\"wordpress-helpdesk-form wordpress-helpdesk-Envato\" autocomplete=\"off\" method=\"post\"><input class=\"form-control\" name=\"helpdesk_form\" type=\"hidden\" value=\"Envato\"><div class=\"form-group\"><label for=\"helpdesk_username\">Tu nombre  *<\/label><input class=\"form-control\" type=\"text\" required name=\"helpdesk_username\" pattern=\"[a-zA-Z0-9 \\u00C0-\\u00ff]+\" value=\"\" size=\"40\" \/><\/div><div class=\"form-group\"><label for=\"helpdesk_email\">Tu correo electr\u00f3nico  *<\/label><input class=\"form-control\" required type=\"email\" name=\"helpdesk_email\" value=\"\" size=\"40\" \/><\/div><div class=\"form-group\"><label for=\"helpdesk_\">C\u00f3digo de compra *<\/label><input class=\"form-control\" type=\"text\" required name=\"helpdesk_purchase_code\" pattern=\"[a-zA-Z0-9\\-]+\" value=\"\" size=\"40\" \/><\/div><div class=\"form-group helpdesk-form-text\"><label>Issue URL *<input class=\"form-control\" required type=\"text\" name=\"issue_url\" value=\"\" \/><\/label><\/div><div class=\"form-group helpdesk-form-text\"><label>WP Admin URL<input class=\"form-control\" type=\"text\" name=\"wp_admin_url\" value=\"\" \/><\/label><\/div><div class=\"form-group helpdesk-form-text\"><label>WP Admin Username<input class=\"form-control\" type=\"text\" name=\"wp_admin_username\" value=\"\" \/><\/label><\/div><div class=\"form-group helpdesk-form-text\"><label>WP Admin Password<input class=\"form-control\" type=\"text\" name=\"wp_admin_password\" value=\"\" \/><\/label><\/div><div class=\"form-group\"><label for=\"helpdesk_subject\">Sujeto *<\/label><input class=\"form-control wordpress-helpdesk-faq-searchterm \" required type=\"text\" name=\"helpdesk_subject\" value=\"\" \/><div class=\"wordpress-helpdesk-faq-live-search-results\" style=\"display: none;\"><\/div><\/div><div class=\"form-group helpdesk-url\"><label for=\"helpdesk_website_url\">P\u00e1gina web (URL)<\/label><input class=\"form-control\" type=\"url\" name=\"helpdesk_website_url\" value=\"\" \/><\/div><div class=\"form-group helpdesk-attachments\"><label for=\"helpdesk-attachments\">Archivos adjuntos<\/label><input name=\"helpdesk-attachments[]\" type=\"file\" multiple><\/div><div class=\"form-group\"><label for=\"helpdesk_message\">Mensaje *<\/label><div id=\"wp-helpdesk_message-wrap\" class=\"wp-core-ui wp-editor-wrap tmce-active\"><link rel='stylesheet' id='dashicons-css' href='https:\/\/www.welaunch.io\/es\/wp-includes\/css\/dashicons.min.css?ver=6.9.4' type='text\/css' media='all' \/>\n<link rel='stylesheet' id='editor-buttons-css' href='https:\/\/www.welaunch.io\/es\/wp-includes\/css\/editor.min.css?ver=6.9.4' type='text\/css' media='all' \/>\n<div id=\"wp-helpdesk_message-editor-tools\" class=\"wp-editor-tools hide-if-no-js\"><div class=\"wp-editor-tabs\"><button type=\"button\" id=\"helpdesk_message-tmce\" aria-pressed=\"true\" class=\"wp-switch-editor switch-tmce\" data-wp-editor-id=\"helpdesk_message\">Visual<\/button>\n<button type=\"button\" id=\"helpdesk_message-html\" class=\"wp-switch-editor switch-html\" data-wp-editor-id=\"helpdesk_message\">C\u00f3digo<\/button>\n<\/div>\n<\/div>\n<div id=\"wp-helpdesk_message-editor-container\" class=\"wp-editor-container\"><div id=\"qt_helpdesk_message_toolbar\" class=\"quicktags-toolbar hide-if-no-js\"><\/div><textarea class=\"wp-editor-area\" rows=\"15\" autocomplete=\"off\" cols=\"40\" name=\"helpdesk_message\" id=\"helpdesk_message\"><\/textarea><\/div>\n<\/div>\n\n<\/div><div class=\"form-group helpdesk-privacy\"><label for=\"helpdesk_privacy\"><input id=\"helpdesk_privacy\" name=\"helpdesk_privacy\" type=\"checkbox\" required>He le\u00eddo y acepto las<a href=\"https:\/\/www.welaunch.io\/es\/privacy-policy\/\" target=\"_blank\">Pol\u00edtica de privacidad<\/a> *<\/label><\/div><div class=\"form-group\"><input type=\"submit\" name=\"helpdesk_submitted\" value=\"Enviar Consulta\"\/><\/div><\/form><\/div><\/div><\/div>\n\t\t<\/div>\n\t\t\t\t\t<\/div>\n\n\t\n\n\t<div id=\"col-25293448\" class=\"col medium-6 small-12 large-6\"  >\n\t\t\t\t<div class=\"col-inner\"  >\n\t\t\t\n\t\t\t\n<span class=\"scroll-to\" data-label=\"Scroll to: #contacte con\" data-bullet=\"false\" data-link=\"#contacte con\" data-title=\"contacte con\"><a name=\"contacte con\"><\/a><\/span>\n<div class=\"container section-title-container\" style=\"margin-top:5px;margin-bottom:5px;\"><h3 class=\"section-title section-title-normal\"><b aria-hidden=\"true\"><\/b><span class=\"section-title-main\" style=\"font-size:80%;\">Asistencia para el sitio web y la personalizaci\u00f3n<\/span><b aria-hidden=\"true\"><\/b><\/h3><\/div>\n<p>Si desea recibir asistencia para el sitio web, general o de personalizaci\u00f3n, utilice este formulario<\/p>\n\t<div id=\"gap-431150069\" class=\"gap-element clearfix\" style=\"display:block; height:auto;\">\n\t\t\n<style>\n#gap-431150069 {\n  padding-top: 30px;\n}\n<\/style>\n\t<\/div>\n\t\n\n<div class=\"wpcf7 no-js\" id=\"wpcf7-f375-o1\" lang=\"en-US\" dir=\"ltr\" data-wpcf7-id=\"375\">\n<div class=\"screen-reader-response\"><p role=\"status\" aria-live=\"polite\" aria-atomic=\"true\"><\/p> <ul><\/ul><\/div>\n<form action=\"\/es\/wp-json\/wp\/v2\/pages\/13#wpcf7-f375-o1\" method=\"post\" class=\"wpcf7-form init\" aria-label=\"Contact form\" novalidate=\"novalidate\" data-status=\"init\">\n<fieldset class=\"hidden-fields-container\"><input type=\"hidden\" name=\"_wpcf7\" value=\"375\" \/><input type=\"hidden\" name=\"_wpcf7_version\" value=\"6.1.5\" \/><input type=\"hidden\" name=\"_wpcf7_locale\" value=\"en_US\" \/><input type=\"hidden\" name=\"_wpcf7_unit_tag\" value=\"wpcf7-f375-o1\" \/><input type=\"hidden\" name=\"_wpcf7_container_post\" value=\"0\" \/><input type=\"hidden\" name=\"_wpcf7_posted_data_hash\" value=\"\" \/>\n<\/fieldset>\n<div class=\"row\">\n\t<div class=\"col small-12 large-6\">\n\t\t<p><label> First name *<br \/>\n<span class=\"wpcf7-form-control-wrap\" data-name=\"your-first-name\"><input size=\"40\" maxlength=\"400\" class=\"wpcf7-form-control wpcf7-text wpcf7-validates-as-required\" aria-required=\"true\" aria-invalid=\"false\" value=\"\" type=\"text\" name=\"your-first-name\" \/><\/span><br \/>\n<\/label>\n\t\t<\/p>\n\t<\/div>\n\t<div class=\"col small-12 large-6\">\n\t\t<p><label> Last name *<br \/>\n<span class=\"wpcf7-form-control-wrap\" data-name=\"your-last-name\"><input size=\"40\" maxlength=\"400\" class=\"wpcf7-form-control wpcf7-text wpcf7-validates-as-required\" aria-required=\"true\" aria-invalid=\"false\" value=\"\" type=\"text\" name=\"your-last-name\" \/><\/span><br \/>\n<\/label>\n\t\t<\/p>\n\t<\/div>\n<\/div>\n<div class=\"row\">\n\t<div class=\"col small-12 large-6\">\n\t\t<p><label> Email *<br \/>\n<span class=\"wpcf7-form-control-wrap\" data-name=\"your-email\"><input size=\"40\" maxlength=\"400\" class=\"wpcf7-form-control wpcf7-email wpcf7-validates-as-required wpcf7-text wpcf7-validates-as-email\" aria-required=\"true\" aria-invalid=\"false\" value=\"\" type=\"email\" name=\"your-email\" \/><\/span><br \/>\n<\/label>\n\t\t<\/p>\n\t<\/div>\n\t<div class=\"col small-12 large-6\">\n\t\t<p><label> Phone number<br \/>\n<span class=\"wpcf7-form-control-wrap\" data-name=\"your-phone\"><input size=\"40\" maxlength=\"400\" class=\"wpcf7-form-control wpcf7-tel wpcf7-text wpcf7-validates-as-tel\" aria-invalid=\"false\" value=\"\" type=\"tel\" name=\"your-phone\" \/><\/span><br \/>\n<\/label>\n\t\t<\/p>\n\t<\/div>\n<\/div>\n<div class=\"row\">\n\t<div class=\"col small-12 large-6\">\n\t\t<p><label> Website URL *<br \/>\n<span class=\"wpcf7-form-control-wrap\" data-name=\"your-company\"><input size=\"40\" maxlength=\"400\" class=\"wpcf7-form-control wpcf7-text wpcf7-validates-as-required\" aria-required=\"true\" aria-invalid=\"false\" value=\"\" type=\"text\" name=\"your-company\" \/><\/span><br \/>\n<\/label>\n\t\t<\/p>\n\t<\/div>\n\t<div class=\"col small-12 large-6\">\n\t\t<p><label> Job title<br \/>\n<span class=\"wpcf7-form-control-wrap\" data-name=\"your-position\"><input size=\"40\" maxlength=\"400\" class=\"wpcf7-form-control wpcf7-text\" aria-invalid=\"false\" value=\"\" type=\"text\" name=\"your-position\" \/><\/span><br \/>\n<\/label>\n\t\t<\/p>\n\t<\/div>\n<\/div>\n<div class=\"row\">\n\t<div class=\"col small-12\">\n\t\t<p><label> Subject<br \/>\n<span class=\"wpcf7-form-control-wrap\" data-name=\"subject\"><select class=\"wpcf7-form-control wpcf7-select wpcf7-validates-as-required\" aria-required=\"true\" aria-invalid=\"false\" name=\"subject\"><option value=\"Website Development\">Website Development<\/option><option value=\"Plugin Customization\">Plugin Customization<\/option><option value=\"Digital Advertising\">Digital Advertising<\/option><option value=\"Search Engine Optimization\">Search Engine Optimization<\/option><option value=\"Other\">Other<\/option><\/select><\/span><br \/>\n<\/label>\n\t\t<\/p>\n\t<\/div>\n<\/div>\n<div class=\"row\">\n\t<div class=\"col small-12\">\n\t\t<p><label> Detailed Request<br \/>\n<span class=\"wpcf7-form-control-wrap\" data-name=\"message\"><textarea cols=\"40\" rows=\"10\" maxlength=\"2000\" class=\"wpcf7-form-control wpcf7-textarea\" aria-invalid=\"false\" name=\"message\"><\/textarea><\/span><br \/>\n<\/label>\n\t\t<\/p>\n\t\t<p><span class=\"wpcf7-form-control-wrap\" data-name=\"acceptance-144\"><span class=\"wpcf7-form-control wpcf7-acceptance\"><span class=\"wpcf7-list-item\"><label><input type=\"checkbox\" name=\"acceptance-144\" value=\"1\" aria-invalid=\"false\" \/><span class=\"wpcf7-list-item-label\">I agree to the <a href=\"\/en\/privacy-policy\/\" target=\"_blank\">Privacy Policy<\/a>.<\/span><\/label><\/span><\/span><\/span>\n\t\t<\/p>\n\t\t<p><input class=\"wpcf7-form-control wpcf7-submit has-spinner\" type=\"submit\" value=\"Send\" \/>\n\t\t<\/p>\n\t<\/div>\n<\/div><input type=\"hidden\" id=\"ct_checkjs_cf7_ab817c9349cf9c4f6877e1894a1faa00\" name=\"ct_checkjs_cf7\" value=\"0\" \/><script >setTimeout(function(){var ct_input_name = \"ct_checkjs_cf7_ab817c9349cf9c4f6877e1894a1faa00\";if (document.getElementById(ct_input_name) !== null) {var ct_input_value = document.getElementById(ct_input_name).value;document.getElementById(ct_input_name).value = document.getElementById(ct_input_name).value.replace(ct_input_value, 'da9f2496a88f00b47758f58a9b018e4712129214e4e2e4934eaee6e75b12edc1');}}, 1000);<\/script><input\n                    class=\"apbct_special_field apbct_email_id__wp_contact_form_7\"\n                    name=\"apbct__email_id__wp_contact_form_7\"\n                    aria-label=\"apbct__label_id__wp_contact_form_7\"\n                    type=\"text\" size=\"30\" maxlength=\"200\" autocomplete=\"off\"\n                    value=\"\"\n                \/><div class=\"wpcf7-response-output\" aria-hidden=\"true\"><\/div>\n<\/form>\n<\/div>\n\n\t\t<\/div>\n\t\t\t\t\t<\/div>\n\n\t\n<\/div>\n\t\t<\/div>\n\n\t\t\n<style>\n#section_2095527498 {\n  padding-top: 50px;\n  padding-bottom: 50px;\n}\n<\/style>\n\t<\/section>\n\t\n","protected":false},"excerpt":{"rendered":"","protected":false},"author":1,"featured_media":0,"parent":0,"menu_order":0,"comment_status":"closed","ping_status":"closed","template":"","meta":{"inline_featured_image":false,"footnotes":""},"class_list":["post-13","page","type-page","status-publish","hentry"],"_links":{"self":[{"href":"https:\/\/www.welaunch.io\/es\/wp-json\/wp\/v2\/pages\/13","targetHints":{"allow":["GET"]}}],"collection":[{"href":"https:\/\/www.welaunch.io\/es\/wp-json\/wp\/v2\/pages"}],"about":[{"href":"https:\/\/www.welaunch.io\/es\/wp-json\/wp\/v2\/types\/page"}],"author":[{"embeddable":true,"href":"https:\/\/www.welaunch.io\/es\/wp-json\/wp\/v2\/users\/1"}],"replies":[{"embeddable":true,"href":"https:\/\/www.welaunch.io\/es\/wp-json\/wp\/v2\/comments?post=13"}],"version-history":[{"count":10,"href":"https:\/\/www.welaunch.io\/es\/wp-json\/wp\/v2\/pages\/13\/revisions"}],"predecessor-version":[{"id":8671,"href":"https:\/\/www.welaunch.io\/es\/wp-json\/wp\/v2\/pages\/13\/revisions\/8671"}],"wp:attachment":[{"href":"https:\/\/www.welaunch.io\/es\/wp-json\/wp\/v2\/media?parent=13"}],"curies":[{"name":"wp","href":"https:\/\/api.w.org\/{rel}","templated":true}]}}