{"id":6528,"date":"2021-05-15T21:51:50","date_gmt":"2021-05-15T19:51:50","guid":{"rendered":"https:\/\/www.welaunch.io\/en\/?post_type=product&#038;p=8545"},"modified":"2025-08-28T12:09:10","modified_gmt":"2025-08-28T10:09:10","slug":"woocommerce-ultimate-pricing","status":"publish","type":"product","link":"https:\/\/www.welaunch.io\/de\/product\/woocommerce-ultimate-pricing\/","title":{"rendered":"WooCommerce Preis &#038; Rabatte Plugin"},"content":{"rendered":"\n\t<section class=\"section\" id=\"section_1806232595\">\n\t\t<div class=\"section-bg fill\" >\n\t\t\t\t\t\t\t\t\t\n\t\t\t\n\n\t\t<\/div>\n\n\t\t\n\n\t\t<div class=\"section-content relative\">\n\t\t\t<div class=\"row row-solid\"  id=\"row-8764769\">\n\t<div id=\"col-1197637878\" class=\"col medium-4 small-12 large-4\"  >\n\t\t\t\t<div class=\"col-inner text-center\"  >\n\t\t\t\n\t\t\t\n\t\t<div class=\"icon-box featured-box icon-box-center text-center\"  >\n\t\t\t\t\t<div class=\"icon-box-img\" style=\"width: 46px\">\n\t\t\t\t<div class=\"icon\">\n\t\t\t\t\t<div class=\"icon-inner\" style=\"color:rgb(101, 28, 255);\">\n\t\t\t\t\t\t<svg xmlns=\"http:\/\/www.w3.org\/2000\/svg\" viewBox=\"0 0 320 512\"><path d=\"M317.66 132.28c3.12-3.12 3.12-8.19 0-11.31l-22.63-22.63c-3.12-3.12-8.19-3.12-11.31 0L2.34 379.71c-3.12 3.12-3.12 8.19 0 11.31l22.63 22.63c3.12 3.12 8.19 3.12 11.31 0L296.5 153.44l21.16-21.16zM64 224c16.38 0 32.76-6.25 45.25-18.74 24.99-24.99 24.99-65.52 0-90.51C96.76 102.25 80.38 96 64 96s-32.76 6.25-45.26 18.75c-24.99 24.99-24.99 65.52 0 90.51C31.24 217.75 47.62 224 64 224zm-22.62-86.63C47.42 131.33 55.45 128 64 128s16.58 3.33 22.63 9.37c12.48 12.48 12.47 32.78 0 45.25C80.59 188.67 72.55 192 64 192c-8.55 0-16.58-3.33-22.62-9.37-12.48-12.48-12.48-32.78 0-45.26zM256 288c-16.38 0-32.76 6.25-45.26 18.75-24.99 24.99-24.99 65.52 0 90.51C223.24 409.75 239.62 416 256 416s32.76-6.25 45.25-18.74c24.99-24.99 24.99-65.52 0-90.51C288.76 294.25 272.38 288 256 288zm22.63 86.63c-6.04 6.04-14.08 9.37-22.63 9.37-8.55 0-16.58-3.33-22.62-9.37-12.48-12.48-12.48-32.78 0-45.26 6.04-6.04 14.08-9.37 22.62-9.37 8.55 0 16.58 3.33 22.63 9.37 12.48 12.48 12.47 32.78 0 45.26z\"\/><\/svg>\t\t\t\t\t<\/div>\n\t\t\t\t<\/div>\n\t\t\t<\/div>\n\t\t\t\t<div class=\"icon-box-text last-reset\">\n\t\t\t<h5 class=\"uppercase\">Produkt Preisnachl\u00e4sse<\/h5>\t\t\t\t\t\tGew\u00e4hrung von Preisnachl\u00e4ssen auf Produkte basierend auf mehreren Parametern wie Benutzerrolle, Kategorie, geschriebene Bewertungen oder Start- und Enddatum.\t\t<\/div>\n\t<\/div>\n\t\n\t\t\t<\/div>\n\t\t\t\t\t<\/div>\n\n\t\n\t<div id=\"col-1803932200\" class=\"col medium-4 small-12 large-4\"  >\n\t\t\t\t<div class=\"col-inner\"  >\n\t\t\t\n\t\t\t\n\t\t<div class=\"icon-box featured-box icon-box-center text-center\"  >\n\t\t\t\t\t<div class=\"icon-box-img\" style=\"width: 79px\">\n\t\t\t\t<div class=\"icon\">\n\t\t\t\t\t<div class=\"icon-inner\" style=\"color:rgb(101, 28, 255);\">\n\t\t\t\t\t\t<svg xmlns=\"http:\/\/www.w3.org\/2000\/svg\" viewBox=\"0 0 640 512\"><path d=\"M624 224H480V16c0-8.8-7.2-16-16-16H176c-8.8 0-16 7.2-16 16v208H16c-8.8 0-16 7.2-16 16v256c0 8.8 7.2 16 16 16h608c8.8 0 16-7.2 16-16V240c0-8.8-7.2-16-16-16zm-176 32h64v62.3l-32-10.7-32 10.7V256zM352 32v62.3l-32-10.7-32 10.7V32h64zm-160 0h64v106.7l64-21.3 64 21.3V32h64v192H192V32zm0 224v62.3l-32-10.7-32 10.7V256h64zm-160 0h64v106.7l64-21.3 64 21.3V256h80v224H32V256zm576 224H336V256h80v106.7l64-21.3 64 21.3V256h64v224z\"\/><\/svg>\t\t\t\t\t<\/div>\n\t\t\t\t<\/div>\n\t\t\t<\/div>\n\t\t\t\t<div class=\"icon-box-text last-reset\">\n\t\t\t<h5 class=\"uppercase\">Gestaffelte Preisgestaltung<\/h5>\t\t\t\t\t\tMotivieren Sie Ihre Kunden zum Kauf gr\u00f6\u00dferer Mengen, indem Sie mengenabh\u00e4ngige Rabatte \u00fcber Preisstufen gew\u00e4hren.\t\t<\/div>\n\t<\/div>\n\t\n\t\t\t<\/div>\n\t\t\t\t\t<\/div>\n\n\t\n\t<div id=\"col-1811994590\" class=\"col medium-4 small-12 large-4\"  >\n\t\t\t\t<div class=\"col-inner\"  >\n\t\t\t\n\t\t\t\n\t\t<div class=\"icon-box featured-box icon-box-center text-center\"  >\n\t\t\t\t\t<div class=\"icon-box-img\" style=\"width: 71px\">\n\t\t\t\t<div class=\"icon\">\n\t\t\t\t\t<div class=\"icon-inner\" style=\"color:rgb(101, 28, 255);\">\n\t\t\t\t\t\t<svg xmlns=\"http:\/\/www.w3.org\/2000\/svg\" viewBox=\"0 0 576 512\"><path d=\"M551.991 64H129.28l-8.329-44.423C118.822 8.226 108.911 0 97.362 0H12C5.373 0 0 5.373 0 12v8c0 6.627 5.373 12 12 12h78.72l69.927 372.946C150.305 416.314 144 431.42 144 448c0 35.346 28.654 64 64 64s64-28.654 64-64a63.681 63.681 0 0 0-8.583-32h145.167a63.681 63.681 0 0 0-8.583 32c0 35.346 28.654 64 64 64 35.346 0 64-28.654 64-64 0-17.993-7.435-34.24-19.388-45.868C506.022 391.891 496.76 384 485.328 384H189.28l-12-64h331.381c11.368 0 21.177-7.976 23.496-19.105l43.331-208C578.592 77.991 567.215 64 551.991 64zM464 416c17.645 0 32 14.355 32 32s-14.355 32-32 32-32-14.355-32-32 14.355-32 32-32zm-256 0c17.645 0 32 14.355 32 32s-14.355 32-32 32-32-14.355-32-32 14.355-32 32-32zm294.156-128H171.28l-36-192h406.876l-40 192zM272 196v-8c0-6.627 5.373-12 12-12h36v-36c0-6.627 5.373-12 12-12h8c6.627 0 12 5.373 12 12v36h36c6.627 0 12 5.373 12 12v8c0 6.627-5.373 12-12 12h-36v36c0 6.627-5.373 12-12 12h-8c-6.627 0-12-5.373-12-12v-36h-36c-6.627 0-12-5.373-12-12z\"\/><\/svg>\t\t\t\t\t<\/div>\n\t\t\t\t<\/div>\n\t\t\t<\/div>\n\t\t\t\t<div class=\"icon-box-text last-reset\">\n\t\t\t<h5 class=\"uppercase\">Warenkorb-Rabatte<\/h5>\t\t\t\t\t\tWarenkorbbasierte Rabatte &#038; Gratisprodukte basierend auf Artikeln im Warenkorb, Zwischensumme, Produktkategorien und mehr hinzuf\u00fcgen.\t\t<\/div>\n\t<\/div>\n\t\n\t\t\t<\/div>\n\t\t\t\t\t<\/div>\n\n\t<\/div>\t\t<\/div>\n\n\t\t\n<style>\n#section_1806232595 {\n  padding-top: 30px;\n  padding-bottom: 30px;\n}\n<\/style>\n\t<\/section>\n\t\n\t<section class=\"section dark\" id=\"section_316418729\">\n\t\t<div class=\"section-bg fill\" >\n\t\t\t\t\t\t\t\t\t<div class=\"section-bg-overlay absolute fill\"><\/div>\n\t\t\t\n\n\t\t<\/div>\n\n\t\t\n\n\t\t<div class=\"section-content relative\">\n\t\t\t<div class=\"row align-middle align-center\"  id=\"row-53420195\">\n\t<div id=\"col-578500151\" class=\"col medium-12 small-12 large-6\"  >\n\t\t\t\t<div class=\"col-inner\"  >\n\t\t\t\n\t\t\t\n<h2>Dynamische Preisgestaltung f\u00fcr WooCommerce<\/h2>\n<p>Es gibt nichts, was einen Kunden mehr \u00fcberzeugt, als wenn er Preisnachl\u00e4sse erh\u00e4lt. Nutzen Sie dies als Vorteil mit unserem Plugin f\u00fcr dynamische Preisgestaltung f\u00fcr WooCommerce. Richten Sie m\u00fchelos Produktpreis- oder Warenkorbrabatte ein, die auf mehreren Parametern basieren:<\/p>\n<ul>\n<li>10% Rabatt auf alle Hoodies an diesem Wochenende<\/li>\n<li>Kaufen Sie 10 St\u00fcck und erhalten Sie 5% Rabatt<\/li>\n<li>Warenkorbwert \u00fcber 100\u20ac erh\u00e4lt 20% Rabatt<\/li>\n<li>B2B-Benutzer erhalten 10% Rabatt auf alle T-Shirts<\/li>\n<\/ul>\n<p>Sie sehen, dass fast alle m\u00f6glichen Preisszenarien m\u00f6glich sind. Und das Beste? Alles kann \u00fcber ein einziges Einstellungsfeld verwaltet werden, einschlie\u00dflich Preisim- und -exporte.<a href=\"http:\/\/demos.welaunch.io\/woocommerce-ultimate-pricing\/\" target=\"_blank\" class=\"button white is-link\" rel=\"WooCommerce Ultimate pricing Demo noopener\">\n\t\t<span>Demo ansehen<\/span>\n\t<\/a>\n\t\t<\/div>\n\t\t\t\t\t<\/div>\n\n\t\n\t<div id=\"col-1188163356\" class=\"col medium-12 small-12 large-6\"  >\n\t\t\t\t<div class=\"col-inner text-center\"  >\n\t\t\t\n\t\t\t<div class=\"video video-fit mb box-shadow-2 box-shadow-3-hover\" style=\"padding-top:56.25%;\"><p><iframe title=\"WooCommerce Ultimate Pricing Plugin\" width=\"1020\" height=\"574\" src=\"https:\/\/www.youtube.com\/embed\/IdglIHl5Gp8?feature=oembed\" frameborder=\"0\" allow=\"accelerometer; autoplay; clipboard-write; encrypted-media; gyroscope; picture-in-picture\" allowfullscreen><\/iframe><\/p>\n<\/div>\t\t<\/div>\n\t\t\t\t\t<\/div>\n\n\t<\/div>\t\t<\/div>\n\n\t\t\n<style>\n#section_316418729 {\n  padding-top: 40px;\n  padding-bottom: 40px;\n}\n#section_316418729 .section-bg-overlay {\n  background-color: rgb(49, 113, 238);\n}\n@media (min-width:550px) {\n  #section_316418729 {\n    padding-top: 50px;\n    padding-bottom: 50px;\n  }\n}\n@media (min-width:850px) {\n  #section_316418729 {\n    padding-top: 80px;\n    padding-bottom: 80px;\n  }\n}\n<\/style>\n\t<\/section>\n\t\n\t<section class=\"section\" id=\"section_1156592372\">\n\t\t<div class=\"section-bg fill\" >\n\t\t\t\t\t\t\t\t\t\n\t\t\t\n\n\t\t<\/div>\n\n\t\t\n\n\t\t<div class=\"section-content relative\">\n\t\t\t<div class=\"row align-middle align-center\"  id=\"row-1363875325\">\n\t<div id=\"col-632117168\" class=\"col medium-12 small-12 large-6\"  >\n\t\t\t\t<div class=\"col-inner text-center\"  >\n\t\t\t\n\t\t\t\t<div class=\"img has-hover x md-x lg-x y md-y lg-y\" id=\"image_1496874882\">\n\t\t\t\t\t\t<div data-animate=\"fadeInLeft\">\t\t<div class=\"img-inner dark\" >\n\t\t\t<img loading=\"lazy\" decoding=\"async\" width=\"1020\" height=\"838\" src=\"https:\/\/www.welaunch.io\/de\/wp-content\/uploads\/sites\/11\/2021\/11\/woocommerce-dynamic-pricing-1024x841.png\" class=\"attachment-large size-large\" alt=\"\" srcset=\"https:\/\/www.welaunch.io\/de\/wp-content\/uploads\/sites\/11\/2021\/11\/woocommerce-dynamic-pricing-1024x841.png 1024w, https:\/\/www.welaunch.io\/de\/wp-content\/uploads\/sites\/11\/2021\/11\/woocommerce-dynamic-pricing-300x246.png 300w, https:\/\/www.welaunch.io\/de\/wp-content\/uploads\/sites\/11\/2021\/11\/woocommerce-dynamic-pricing-768x631.png 768w, https:\/\/www.welaunch.io\/de\/wp-content\/uploads\/sites\/11\/2021\/11\/woocommerce-dynamic-pricing-1536x1261.png 1536w, https:\/\/www.welaunch.io\/de\/wp-content\/uploads\/sites\/11\/2021\/11\/woocommerce-dynamic-pricing-500x411.png 500w, https:\/\/www.welaunch.io\/de\/wp-content\/uploads\/sites\/11\/2021\/11\/woocommerce-dynamic-pricing-1000x821.png 1000w, https:\/\/www.welaunch.io\/de\/wp-content\/uploads\/sites\/11\/2021\/11\/woocommerce-dynamic-pricing.png 2040w\" sizes=\"auto, (max-width: 1020px) 100vw, 1020px\" \/>\t\t\t\t\t\t\n\t\t\t\t\t<\/div>\n\t\t<\/div>\t\t\t\t\t\t\n<style>\n#image_1496874882 {\n  width: 100%;\n}\n<\/style>\n\t<\/div>\n\t\t\t<\/div>\n\t\t\t\t\t<\/div>\n\n\t\n\t<div id=\"col-1195151087\" class=\"col medium-12 small-12 large-6 medium-col-first\"  >\n\t\t\t\t<div class=\"col-inner\"  >\n\t\t\t\n\t\t\t\n<h2>Unbegrenzte Preisszenarien<\/h2>\n<p>W\u00e4hlen Sie zwischen mehr als 7 verschiedenen Parametern, um Ihre individuellen Produktpreis-Szenarien zu konfigurieren. Verwenden Sie Produktkategorien, Tags, Benutzerrollen, erstellte Bewertungen\/Bestellungen oder sogar Produkte selbst. Aktivieren Sie dann feste oder prozentuale Produktrabatte, die auf die zuvor gew\u00e4hlten Parameter angewendet werden.<\/p>\n<ul>\n<li>5% auf alle Hoodies<\/li>\n<li>10% f\u00fcr alle Nutzer, die mehr als 5 Bewertungen geschrieben haben<\/li>\n<li>20% auf T-Shirts f\u00fcr B2B-Benutzerrollen, die mehr als 10 Bestellungen get\u00e4tigt haben<\/li>\n<li>5 $ fester Rabatt w\u00e4hrend des 4 Juli<\/li>\n<\/ul>\n<a href=\"http:\/\/demos.welaunch.io\/woocommerce-ultimate-pricing\/\" target=\"_blank\" class=\"button primary is-link\" rel=\"WooCommerce pricing scenarios noopener\">\n\t\t<span>Demo ansehen<\/span>\n\t<\/a>\n\t\t<\/div>\n\t\t\t\t\t<\/div>\n\n\t<\/div>\t\t<\/div>\n\n\t\t\n<style>\n#section_1156592372 {\n  padding-top: 20px;\n  padding-bottom: 20px;\n}\n@media (min-width:550px) {\n  #section_1156592372 {\n    padding-top: 50px;\n    padding-bottom: 50px;\n  }\n}\n@media (min-width:850px) {\n  #section_1156592372 {\n    padding-top: 80px;\n    padding-bottom: 80px;\n  }\n}\n<\/style>\n\t<\/section>\n\t\n\t<section class=\"section dark\" id=\"section_1354530472\">\n\t\t<div class=\"section-bg fill\" >\n\t\t\t\t\t\t\t\t\t<div class=\"section-bg-overlay absolute fill\"><\/div>\n\t\t\t\n\n\t\t<\/div>\n\n\t\t\n\n\t\t<div class=\"section-content relative\">\n\t\t\t<div class=\"row align-middle align-center\"  id=\"row-1863731008\">\n\t<div id=\"col-2052918906\" class=\"col medium-12 small-12 large-6\"  >\n\t\t\t\t<div class=\"col-inner\"  >\n\t\t\t\n\t\t\t\n<h2>Benutzerdefinierte Preise f\u00fcr Benutzerrollen<\/h2>\n<p>Loyale oder B2B-Kunden haben oft besondere Preiskonditionen, auf die Sie eingehen m\u00fcssen. Um dies zu unterst\u00fctzen, m\u00fcssen wir entsprechende Funktionalit\u00e4ten bereitstellen:<\/p>\n<ul>\n<li>Globale Rabattregeln f\u00fcr Benutzerrollen verwendene.g. alle B2B-Benutzer erhalten 10% Rabatt<\/li>\n<li>Benutzerdefinierte Preise pro Benutzerrolle auf Produktebene festlegen<\/li>\n<\/ul>\n<p>Nat\u00fcrlich ist es viel Arbeit, f\u00fcr jedes Produkt eigene Benutzerrollenpreise festzulegen. Aus diesem Grund kann die integrierte Preisimportfunktionalit\u00e4t auch mit Benutzerrollenpreisen umgehen. Laden Sie einfach den Excel-Preisexport herunter, f\u00fcgen Sie die Preise f\u00fcr die Benutzerrolle hinzu und importieren Sie sie problemlos erneut.<a href=\"http:\/\/demos.welaunch.io\/woocommerce-ultimate-pricing\/wp-admin\/\" target=\"_blank\" class=\"button white is-link\" rel=\"Verwalter-Demo noopener\">\n\t\t<span>Verwalter-Demo<\/span>\n\t<\/a>\n\t\t<\/div>\n\t\t\t\t\t<\/div>\n\n\t\n\t<div id=\"col-2026078076\" class=\"col medium-12 small-12 large-6\"  >\n\t\t\t\t<div class=\"col-inner text-center\"  >\n\t\t\t\n\t\t\t\t<div class=\"img has-hover x md-x lg-x y md-y lg-y\" id=\"image_429118425\">\n\t\t<a class=\"image-lightbox lightbox-gallery\" title=\"\" href=\"https:\/\/www.welaunch.io\/de\/wp-content\/uploads\/sites\/11\/2021\/11\/custom-user-role-pricing-in-WooCommerce-1024x821.png\">\t\t\t\t<div data-animate=\"fadeInRight\">\t\t<div class=\"img-inner box-shadow-2 box-shadow-3-hover dark\" >\n\t\t\t<img loading=\"lazy\" decoding=\"async\" width=\"1020\" height=\"818\" src=\"https:\/\/www.welaunch.io\/de\/wp-content\/uploads\/sites\/11\/2021\/11\/custom-user-role-pricing-in-WooCommerce-1024x821.png\" class=\"attachment-large size-large\" alt=\"\" srcset=\"https:\/\/www.welaunch.io\/de\/wp-content\/uploads\/sites\/11\/2021\/11\/custom-user-role-pricing-in-WooCommerce-1024x821.png 1024w, https:\/\/www.welaunch.io\/de\/wp-content\/uploads\/sites\/11\/2021\/11\/custom-user-role-pricing-in-WooCommerce-300x240.png 300w, https:\/\/www.welaunch.io\/de\/wp-content\/uploads\/sites\/11\/2021\/11\/custom-user-role-pricing-in-WooCommerce-768x616.png 768w, https:\/\/www.welaunch.io\/de\/wp-content\/uploads\/sites\/11\/2021\/11\/custom-user-role-pricing-in-WooCommerce-500x401.png 500w, https:\/\/www.welaunch.io\/de\/wp-content\/uploads\/sites\/11\/2021\/11\/custom-user-role-pricing-in-WooCommerce-1000x802.png 1000w, https:\/\/www.welaunch.io\/de\/wp-content\/uploads\/sites\/11\/2021\/11\/custom-user-role-pricing-in-WooCommerce.png 1522w\" sizes=\"auto, (max-width: 1020px) 100vw, 1020px\" \/>\t\t\t\t\t\t\n\t\t\t\t\t<\/div>\n\t\t<\/div>\t\t\t\t<\/a>\t\t\n<style>\n#image_429118425 {\n  width: 100%;\n}\n<\/style>\n\t<\/div>\n\t\t\t<\/div>\n\t\t\t\t\t<\/div>\n\n\t<\/div>\t\t<\/div>\n\n\t\t\n<style>\n#section_1354530472 {\n  padding-top: 40px;\n  padding-bottom: 40px;\n}\n#section_1354530472 .section-bg-overlay {\n  background-color: #3171ee;\n}\n@media (min-width:550px) {\n  #section_1354530472 {\n    padding-top: 50px;\n    padding-bottom: 50px;\n  }\n}\n@media (min-width:850px) {\n  #section_1354530472 {\n    padding-top: 80px;\n    padding-bottom: 80px;\n  }\n}\n<\/style>\n\t<\/section>\n\t\n\t<section class=\"section\" id=\"section_1264050315\">\n\t\t<div class=\"section-bg fill\" >\n\t\t\t\t\t\t\t\t\t\n\t\t\t\n\n\t\t<\/div>\n\n\t\t\n\n\t\t<div class=\"section-content relative\">\n\t\t\t<div class=\"row align-middle align-center\"  id=\"row-1060621270\">\n\t<div id=\"col-165033205\" class=\"col medium-12 small-12 large-6\"  >\n\t\t\t\t<div class=\"col-inner text-center\"  >\n\t\t\t\n\t\t\t\t<div class=\"img has-hover x md-x lg-x y md-y lg-y\" id=\"image_228151777\">\n\t\t\t\t\t\t<div data-animate=\"fadeInLeft\">\t\t<div class=\"img-inner box-shadow-2 box-shadow-3-hover dark\" >\n\t\t\t<img loading=\"lazy\" decoding=\"async\" width=\"1020\" height=\"510\" src=\"https:\/\/www.welaunch.io\/de\/wp-content\/uploads\/sites\/11\/2021\/11\/tiered-product-pricing-1024x512.png\" class=\"attachment-large size-large\" alt=\"\" srcset=\"https:\/\/www.welaunch.io\/de\/wp-content\/uploads\/sites\/11\/2021\/11\/tiered-product-pricing-1024x512.png 1024w, https:\/\/www.welaunch.io\/de\/wp-content\/uploads\/sites\/11\/2021\/11\/tiered-product-pricing-300x150.png 300w, https:\/\/www.welaunch.io\/de\/wp-content\/uploads\/sites\/11\/2021\/11\/tiered-product-pricing-768x384.png 768w, https:\/\/www.welaunch.io\/de\/wp-content\/uploads\/sites\/11\/2021\/11\/tiered-product-pricing-1536x767.png 1536w, https:\/\/www.welaunch.io\/de\/wp-content\/uploads\/sites\/11\/2021\/11\/tiered-product-pricing-2048x1023.png 2048w, https:\/\/www.welaunch.io\/de\/wp-content\/uploads\/sites\/11\/2021\/11\/tiered-product-pricing-500x250.png 500w, https:\/\/www.welaunch.io\/de\/wp-content\/uploads\/sites\/11\/2021\/11\/tiered-product-pricing-1000x500.png 1000w\" sizes=\"auto, (max-width: 1020px) 100vw, 1020px\" \/>\t\t\t\t\t\t\n\t\t\t\t\t<\/div>\n\t\t<\/div>\t\t\t\t\t\t\n<style>\n#image_228151777 {\n  width: 100%;\n}\n<\/style>\n\t<\/div>\n\t\t\t<\/div>\n\t\t\t\t\t<\/div>\n\n\t\n\t<div id=\"col-1388615057\" class=\"col medium-12 small-12 large-6 medium-col-first\"  >\n\t\t\t\t<div class=\"col-inner\"  >\n\t\t\t\n\t\t\t\n<h2>Gestaffelte Produktpreisgestaltung<\/h2>\n<p>Die Anpassung des Preises an die Menge, die ein Nutzer kaufen m\u00f6chte, f\u00fchrt oft zu h\u00f6heren Auftragswerten. Dies liegt daran, dass die Kunden mehr als n\u00f6tig kaufen, um die entsprechenden Rabatte zu erhalten.In unserem Preisplugin f\u00fcr WooCommerce haben wir ein gestaffeltes Preissystem eingebaut, das Sie auf zwei Arten nutzen k\u00f6nnen.<\/p>\n<ol>\n<li>Globale \/ kategoriebasierte Preisstaffelung<\/li>\n<li>Preisstaffelung pro Produkt<\/li>\n<\/ol>\n<p>Die globale oder kategoriebasierte Preisstaffelung macht es Ihnen leicht, mit nur wenigen Klicks Staffeln f\u00fcr alle Kapuzenpullis einzurichten, zum Beispiel. W\u00e4hlen Sie zwischen prozentualem oder festem Betragsrabatt und das war&#8217;s. Eine sch\u00f6ne Preistabelle zeigt dem Benutzer die verf\u00fcgbaren Stufen je nach der Menge, die er kauft.<a href=\"https:\/\/demos.welaunch.io\/woocommerce-ultimate-pricing\/product\/ninja-silhouette-2\/\" target=\"_blank\" class=\"button primary is-link\" rel=\"WooCommerce Tiered product pricing noopener\">\n\t\t<span>Demo ansehen<\/span>\n\t<\/a>\n\t\t<\/div>\n\t\t\t\t\t<\/div>\n\n\t<\/div>\t\t<\/div>\n\n\t\t\n<style>\n#section_1264050315 {\n  padding-top: 40px;\n  padding-bottom: 40px;\n}\n@media (min-width:550px) {\n  #section_1264050315 {\n    padding-top: 50px;\n    padding-bottom: 50px;\n  }\n}\n@media (min-width:850px) {\n  #section_1264050315 {\n    padding-top: 80px;\n    padding-bottom: 80px;\n  }\n}\n<\/style>\n\t<\/section>\n\t\n\t<section class=\"section dark\" id=\"section_209347547\">\n\t\t<div class=\"section-bg fill\" >\n\t\t\t\t\t\t\t\t\t<div class=\"section-bg-overlay absolute fill\"><\/div>\n\t\t\t\n\n\t\t<\/div>\n\n\t\t\n\n\t\t<div class=\"section-content relative\">\n\t\t\t<div class=\"row align-middle align-center\"  id=\"row-1238906754\">\n\t<div id=\"col-1113686575\" class=\"col medium-12 small-12 large-6 medium-col-first\"  >\n\t\t\t\t<div class=\"col-inner\"  >\n\t\t\t\n\t\t\t\n<h2>Warenkorb-Rabatte &#038; kostenlose Produkte<\/h2>\n<p>Neben Produktpreisrabatten und Preisstaffeln bietet unser Plugin auch Warenkorbrabatte. Diese Art von Rabatten erm\u00f6glicht es Ihnen, prozentuale oder feste Rabatte auf den gesamten Warenkorb des Benutzers anzuwenden, wenn bestimmte Parameter \u00fcbereinstimmen.<\/p>\n<ul>\n<li>10% Rabatt auf die Gesamtsumme des Warenkorbs bei 10 Artikeln im Warenkorb<\/li>\n<li>Genie\u00dfen Sie ein kostenloses Produkt als Geschenk, wenn 100\u20ac Warenkorb Zwischensumme erreicht<\/li>\n<\/ul>\n<p>Au\u00dferdem k\u00f6nnen Sie kostenlose Produkte als Geschenk in den Warenkorb legen.<a href=\"https:\/\/demos.welaunch.io\/woocommerce-ultimate-pricing\/cart\/\" target=\"_blank\" class=\"button white is-link\" rel=\"WooCommerce Warenkorb-Rabatte Demo noopener\">\n\t\t<span>Demo ansehen<\/span>\n\t<\/a>\n\t\t<\/div>\n\t\t\t\t\t<\/div>\n\n\t\n\t<div id=\"col-817731515\" class=\"col medium-12 small-12 large-6 small-col-first\"  >\n\t\t\t\t<div class=\"col-inner text-center\"  >\n\t\t\t\n\t\t\t\t<div class=\"img has-hover x md-x lg-x y md-y lg-y\" id=\"image_1322495537\">\n\t\t\t\t\t\t<div data-animate=\"fadeInRight\">\t\t<div class=\"img-inner box-shadow-3 dark\" >\n\t\t\t<img loading=\"lazy\" decoding=\"async\" width=\"1020\" height=\"328\" src=\"https:\/\/www.welaunch.io\/de\/wp-content\/uploads\/sites\/11\/2021\/11\/woocommerce-cart-discounts-free-products-1024x329.png\" class=\"attachment-large size-large\" alt=\"\" srcset=\"https:\/\/www.welaunch.io\/de\/wp-content\/uploads\/sites\/11\/2021\/11\/woocommerce-cart-discounts-free-products-1024x329.png 1024w, https:\/\/www.welaunch.io\/de\/wp-content\/uploads\/sites\/11\/2021\/11\/woocommerce-cart-discounts-free-products-300x96.png 300w, https:\/\/www.welaunch.io\/de\/wp-content\/uploads\/sites\/11\/2021\/11\/woocommerce-cart-discounts-free-products-768x247.png 768w, https:\/\/www.welaunch.io\/de\/wp-content\/uploads\/sites\/11\/2021\/11\/woocommerce-cart-discounts-free-products-1536x494.png 1536w, https:\/\/www.welaunch.io\/de\/wp-content\/uploads\/sites\/11\/2021\/11\/woocommerce-cart-discounts-free-products-2048x659.png 2048w, https:\/\/www.welaunch.io\/de\/wp-content\/uploads\/sites\/11\/2021\/11\/woocommerce-cart-discounts-free-products-500x161.png 500w, https:\/\/www.welaunch.io\/de\/wp-content\/uploads\/sites\/11\/2021\/11\/woocommerce-cart-discounts-free-products-1000x322.png 1000w\" sizes=\"auto, (max-width: 1020px) 100vw, 1020px\" \/>\t\t\t\t\t\t\n\t\t\t\t\t<\/div>\n\t\t<\/div>\t\t\t\t\t\t\n<style>\n#image_1322495537 {\n  width: 100%;\n}\n<\/style>\n\t<\/div>\n\t\t\t<\/div>\n\t\t\t\t\t<\/div>\n\n\t<\/div>\t\t<\/div>\n\n\t\t\n<style>\n#section_209347547 {\n  padding-top: 40px;\n  padding-bottom: 40px;\n}\n#section_209347547 .section-bg-overlay {\n  background-color: #3171ee;\n}\n@media (min-width:550px) {\n  #section_209347547 {\n    padding-top: 50px;\n    padding-bottom: 50px;\n  }\n}\n@media (min-width:850px) {\n  #section_209347547 {\n    padding-top: 80px;\n    padding-bottom: 80px;\n  }\n}\n<\/style>\n\t<\/section>\n\t\n\t<section class=\"section\" id=\"section_1658665373\">\n\t\t<div class=\"section-bg fill\" >\n\t\t\t\t\t\t\t\t\t\n\t\t\t\n\n\t\t<\/div>\n\n\t\t\n\n\t\t<div class=\"section-content relative\">\n\t\t\t<div class=\"row align-middle align-center\"  id=\"row-1345038128\">\n\t<div id=\"col-13772633\" class=\"col medium-12 small-12 large-6\"  >\n\t\t\t\t<div class=\"col-inner text-center\"  >\n\t\t\t\n\t\t\t\t<div class=\"img has-hover x md-x lg-x y md-y lg-y\" id=\"image_1303849139\">\n\t\t\t\t\t\t<div data-animate=\"fadeInLeft\">\t\t<div class=\"img-inner dark\" >\n\t\t\t<img loading=\"lazy\" decoding=\"async\" width=\"1020\" height=\"838\" src=\"https:\/\/www.welaunch.io\/de\/wp-content\/uploads\/sites\/11\/2021\/11\/im-export-woocommerce-prices-1024x841.png\" class=\"attachment-large size-large\" alt=\"\" srcset=\"https:\/\/www.welaunch.io\/de\/wp-content\/uploads\/sites\/11\/2021\/11\/im-export-woocommerce-prices-1024x841.png 1024w, https:\/\/www.welaunch.io\/de\/wp-content\/uploads\/sites\/11\/2021\/11\/im-export-woocommerce-prices-300x246.png 300w, https:\/\/www.welaunch.io\/de\/wp-content\/uploads\/sites\/11\/2021\/11\/im-export-woocommerce-prices-768x631.png 768w, https:\/\/www.welaunch.io\/de\/wp-content\/uploads\/sites\/11\/2021\/11\/im-export-woocommerce-prices-1536x1261.png 1536w, https:\/\/www.welaunch.io\/de\/wp-content\/uploads\/sites\/11\/2021\/11\/im-export-woocommerce-prices-500x411.png 500w, https:\/\/www.welaunch.io\/de\/wp-content\/uploads\/sites\/11\/2021\/11\/im-export-woocommerce-prices-1000x821.png 1000w, https:\/\/www.welaunch.io\/de\/wp-content\/uploads\/sites\/11\/2021\/11\/im-export-woocommerce-prices.png 2040w\" sizes=\"auto, (max-width: 1020px) 100vw, 1020px\" \/>\t\t\t\t\t\t\n\t\t\t\t\t<\/div>\n\t\t<\/div>\t\t\t\t\t\t\n<style>\n#image_1303849139 {\n  width: 100%;\n}\n<\/style>\n\t<\/div>\n\t\t\t<\/div>\n\t\t\t\t\t<\/div>\n\n\t\n\t<div id=\"col-489756489\" class=\"col medium-12 small-12 large-6 medium-col-first\"  >\n\t\t\t\t<div class=\"col-inner\"  >\n\t\t\t\n\t\t\t\n<h2>Ex- &#038; Importpreise mit Leichtigkeit<\/h2>\n<p>Keine Notwendigkeit f\u00fcr zus\u00e4tzliche Plugins. Unser Plugin kommt mit einer eingebauten Excel (xls oder xlsx) Ex- &#038; Import Preise Funktionalit\u00e4t. Laden Sie einfach eine bestehende Preisexportdatei mit allen Produkten, Standard- und Benutzerrollenpreisen herunter, passen Sie die Preise nach Belieben an und importieren Sie sie erneut.<\/p>\n<ul>\n<li>Regul\u00e4re &#038; Verkaufspreise importieren<\/li>\n<li>Preise f\u00fcr Benutzerrollen importieren<\/li>\n<\/ul>\n<p>Die Importfunktionalit\u00e4t ist AJAX-basiert, so dass sie eine unbegrenzte Anzahl von Produktreihen verarbeiten kann.<a href=\"https:\/\/demos.welaunch.io\/woocommerce-ultimate-pricing\/wp-admin\/\" target=\"_blank\" class=\"button primary is-link\" rel=\"Verwalter-Demo noopener\">\n\t\t<span>Demo ansehen<\/span>\n\t<\/a>\n\t\t<\/div>\n\t\t\t\t\t<\/div>\n\n\t<\/div>\t\t<\/div>\n\n\t\t\n<style>\n#section_1658665373 {\n  padding-top: 40px;\n  padding-bottom: 40px;\n}\n@media (min-width:550px) {\n  #section_1658665373 {\n    padding-top: 50px;\n    padding-bottom: 50px;\n  }\n}\n@media (min-width:850px) {\n  #section_1658665373 {\n    padding-top: 80px;\n    padding-bottom: 80px;\n  }\n}\n<\/style>\n\t<\/section>\n\t\n","protected":false},"excerpt":{"rendered":"<p>Holen Sie sich die ultimative alles in einem Preisgestaltung Plugin f\u00fcr WooCommerce: Benutzerrolle &amp; dynamische Preisgestaltung, abgestufte Preise und Warenkorb + Produkt Rabatte.<\/p>\n","protected":false},"featured_media":7503,"comment_status":"open","ping_status":"closed","template":"","meta":{"inline_featured_image":false},"product_brand":[],"product_cat":[43,41],"product_tag":[],"class_list":{"0":"post-6528","1":"product","2":"type-product","3":"status-publish","4":"has-post-thumbnail","6":"product_cat-woocommerce-plugins","7":"product_cat-plugins","9":"first","10":"instock","11":"shipping-taxable","12":"purchasable","13":"product-type-variable"},"_links":{"self":[{"href":"https:\/\/www.welaunch.io\/de\/wp-json\/wp\/v2\/product\/6528","targetHints":{"allow":["GET"]}}],"collection":[{"href":"https:\/\/www.welaunch.io\/de\/wp-json\/wp\/v2\/product"}],"about":[{"href":"https:\/\/www.welaunch.io\/de\/wp-json\/wp\/v2\/types\/product"}],"replies":[{"embeddable":true,"href":"https:\/\/www.welaunch.io\/de\/wp-json\/wp\/v2\/comments?post=6528"}],"wp:featuredmedia":[{"embeddable":true,"href":"https:\/\/www.welaunch.io\/de\/wp-json\/wp\/v2\/media\/7503"}],"wp:attachment":[{"href":"https:\/\/www.welaunch.io\/de\/wp-json\/wp\/v2\/media?parent=6528"}],"wp:term":[{"taxonomy":"product_brand","embeddable":true,"href":"https:\/\/www.welaunch.io\/de\/wp-json\/wp\/v2\/product_brand?post=6528"},{"taxonomy":"product_cat","embeddable":true,"href":"https:\/\/www.welaunch.io\/de\/wp-json\/wp\/v2\/product_cat?post=6528"},{"taxonomy":"product_tag","embeddable":true,"href":"https:\/\/www.welaunch.io\/de\/wp-json\/wp\/v2\/product_tag?post=6528"}],"curies":[{"name":"wp","href":"https:\/\/api.w.org\/{rel}","templated":true}]}}