{"id":6204,"date":"2021-02-12T11:23:33","date_gmt":"2021-02-12T10:23:33","guid":{"rendered":"https:\/\/www.welaunch.io\/en\/?post_type=product&#038;p=7771"},"modified":"2025-08-28T13:17:42","modified_gmt":"2025-08-28T11:17:42","slug":"woocommerce-shop-look","status":"publish","type":"product","link":"https:\/\/www.welaunch.io\/de\/product\/woocommerce-shop-look\/","title":{"rendered":"WooCommerce Shop the Look"},"content":{"rendered":"\n\t<section class=\"section\" id=\"section_1067360524\">\n\t\t<div class=\"section-bg fill\" >\n\t\t\t\t\t\t\t\t\t\n\t\t\t\n\n\t\t<\/div>\n\n\t\t\n\n\t\t<div class=\"section-content relative\">\n\t\t\t\n<div class=\"row row-solid\"  id=\"row-357440460\">\n\n\t<div id=\"col-2093857614\" class=\"col medium-4 small-12 large-4\"  >\n\t\t\t\t<div class=\"col-inner text-center\"  >\n\t\t\t\n\t\t\t\n\n\t\t<div class=\"icon-box featured-box icon-box-center text-center\"  >\n\t\t\t\t\t<div class=\"icon-box-img\" style=\"width: 69px\">\n\t\t\t\t<div class=\"icon\">\n\t\t\t\t\t<div class=\"icon-inner\" style=\"color:rgb(101, 28, 255);\">\n\t\t\t\t\t\t<svg xmlns=\"http:\/\/www.w3.org\/2000\/svg\" viewBox=\"0 0 24 24\"><path d=\"M3.105,12.447a1,1,0,0,0,1.45.385L6,11.869V21a1,1,0,0,0,1,1H17a1,1,0,0,0,1-1V11.869l1.445.963a1,1,0,0,0,1.45-.385l2-4a1,1,0,0,0-.114-1.072l-4-5A1,1,0,0,0,18,2H15a1,1,0,0,0-1,1,2,2,0,0,1-4,0A1,1,0,0,0,9,2H6a1,1,0,0,0-.781.375l-4,5a1,1,0,0,0-.114,1.072ZM6.48,4H8.127a4,4,0,0,0,7.746,0H17.52l3.3,4.125L19.612,10.54,17.555,9.168A1,1,0,0,0,16,10V20H8V10a1,1,0,0,0-1.555-.832L4.388,10.54,3.181,8.125Z\"\/><\/svg>\t\t\t\t\t<\/div>\n\t\t\t\t<\/div>\n\t\t\t<\/div>\n\t\t\t\t<div class=\"icon-box-text last-reset\">\n\t\t\t<h5 class=\"uppercase\">Get the Look<\/h5>\t\t\t\t\t\t\n<p>Erstellen Sie Shop-the-Look-Produkte in WooCommerce und verkaufen Sie komplette Outfits mit Leichtigkeit.<\/p>\n\t\t<\/div>\n\t<\/div>\n\t\n\t\n\t\t<\/div>\n\t\t\t\t\t<\/div>\n\n\t\n\n\t<div id=\"col-686413787\" class=\"col medium-4 small-12 large-4\"  >\n\t\t\t\t<div class=\"col-inner\"  >\n\t\t\t\n\t\t\t\n\n\t\t<div class=\"icon-box featured-box icon-box-center text-center\"  >\n\t\t\t\t\t<div class=\"icon-box-img\" style=\"width: 71px\">\n\t\t\t\t<div class=\"icon\">\n\t\t\t\t\t<div class=\"icon-inner\" style=\"color:rgb(101, 28, 255);\">\n\t\t\t\t\t\t<svg xmlns=\"http:\/\/www.w3.org\/2000\/svg\" viewBox=\"0 0 24 24\"><path d=\"M22,5H19c-.191-2.242.533-4-1-4C15.4,1,6.215.992,5.939,1.01A1.006,1.006,0,0,0,5,2V5H2A1,1,0,0,0,1,6V22a1,1,0,0,0,1,1H22a1,1,0,0,0,1-1V6A1,1,0,0,0,22,5ZM15.2,6.48l-1.208-.6L17,3.868V7.382ZM12.939,16.646l-.939.94-.939-.94L11.867,11h.266ZM7,7.382V3.868l3.011,2.008L8.8,6.48ZM12.465,9h-.93l-.824-1.237L12,7.118l1.29.645ZM14.7,3,12,4.8,9.3,3ZM21,21H3V7H5V9a1,1,0,0,0,1,1c.411,0,.437-.138,2.908-1.336l1.048,1.573L9.01,16.858a1,1,0,0,0,.283.849l2,2a1,1,0,0,0,1.414,0l2-2a1,1,0,0,0,.283-.849l-.946-6.622,1.048-1.572C17.515,9.839,17.587,10,18,10a1,1,0,0,0,1-1V7h2Zm-1-8a1,1,0,0,1-1,1H17a1,1,0,0,1,0-2h2A1,1,0,0,1,20,13Z\"\/><\/svg>\t\t\t\t\t<\/div>\n\t\t\t\t<\/div>\n\t\t\t<\/div>\n\t\t\t\t<div class=\"icon-box-text last-reset\">\n\t\t\t<h5 class=\"uppercase\">Live-AJAX Warenkorb<\/h5>\t\t\t\t\t\t\n<p>Hinzuf\u00fcgen eines oder aller Produkte in den Warenkorb \u00fcber Live-AJAX-Funktionalit\u00e4t.<\/p>\n\t\t<\/div>\n\t<\/div>\n\t\n\t\n\t\t<\/div>\n\t\t\t\t\t<\/div>\n\n\t\n\n\t<div id=\"col-299562100\" class=\"col medium-4 small-12 large-4\"  >\n\t\t\t\t<div class=\"col-inner\"  >\n\t\t\t\n\t\t\t\n\n\t\t<div class=\"icon-box featured-box icon-box-center text-center\"  >\n\t\t\t\t\t<div class=\"icon-box-img\" style=\"width: 79px\">\n\t\t\t\t<div class=\"icon\">\n\t\t\t\t\t<div class=\"icon-inner\" style=\"color:rgb(101, 28, 255);\">\n\t\t\t\t\t\t<svg xmlns=\"http:\/\/www.w3.org\/2000\/svg\" viewBox=\"0 0 24 24\"><path d=\"M18.764,8a2.252,2.252,0,0,1-1-.236L10.447,4.105a1,1,0,0,0-1.153.187A5.865,5.865,0,0,1,6,6,5.865,5.865,0,0,1,2.706,4.292,1,1,0,0,0,1,5V19a1,1,0,0,0,1,1H22a1,1,0,0,0,1-1V12.236A4.24,4.24,0,0,0,18.764,8ZM3,7.032A5.932,5.932,0,0,0,6,8a7.068,7.068,0,0,0,4.161-1.8l6.708,3.354A4.251,4.251,0,0,0,18.764,10,2.238,2.238,0,0,1,21,12.236V14H3ZM21,18H3V16H21Z\"\/><\/svg>\t\t\t\t\t<\/div>\n\t\t\t\t<\/div>\n\t\t\t<\/div>\n\t\t\t\t<div class=\"icon-box-text last-reset\">\n\t\t\t<h5 class=\"uppercase\">Variationsunterst\u00fctzung<\/h5>\t\t\t\t\t\t\n<p>Variable und ihre Variationsprodukte wie z.B. Gr\u00f6\u00dfe + Farbe werden voll unterst\u00fctzt.<\/p>\n\t\t<\/div>\n\t<\/div>\n\t\n\t\n\t\t<\/div>\n\t\t\t\t\t<\/div>\n\n\t\n<\/div>\n\t\t<\/div>\n\n\t\t\n<style>\n#section_1067360524 {\n  padding-top: 30px;\n  padding-bottom: 30px;\n}\n<\/style>\n\t<\/section>\n\t\n\n\t<section class=\"section dark\" id=\"section_832442626\">\n\t\t<div class=\"section-bg fill\" >\n\t\t\t\t\t\t\t\t\t<div class=\"section-bg-overlay absolute fill\"><\/div>\n\t\t\t\n\n\t\t<\/div>\n\n\t\t\n\n\t\t<div class=\"section-content relative\">\n\t\t\t\n<div class=\"row align-middle align-center\"  id=\"row-1694113862\">\n\n\t<div id=\"col-1155903192\" class=\"col medium-12 small-12 large-6\"  >\n\t\t\t\t<div class=\"col-inner\"  >\n\t\t\t\n\t\t\t\n<h2>Showcase Shoppable Lookbooks<\/h2>\n<p>Zalando und mehrere andere gro\u00dfe Modemarken sowie M\u00f6belgesch\u00e4fte verkaufen shoppable Lookbooks. Nutzen Sie es als Inspiration f\u00fcr Ihre Kunden. Wenn sie einen Look sehen, der ihnen gef\u00e4llt, sei es ein Esszimmer oder ein Frauenoutfit, wollen sie ihn kaufen.Anstatt eine Liste mit 5 Produkten zu zeigen, erstellen Sie 1 Shop das Aussehen Outfit, das diese 5 Produkte enth\u00e4lt und verkaufen Sie alle in einem Batch. Kunden lieben es, zu sehen, wie Kleidung oder Produkte im Allgemeinen in echt aussehen. Nutzen Sie diesen Vorteil!<\/p>\n<a href=\"https:\/\/demos.welaunch.io\/woocommerce-shop-look\/\" target=\"_blank\" class=\"button white is-link\" rel=\"noopener\">\n\t\t<span>Demo anzeigen<\/span>\n\t<\/a>\n\n\t\t<\/div>\n\t\t\t\t\t<\/div>\n\n\t\n\n\t<div id=\"col-266363311\" class=\"col medium-12 small-12 large-6\"  >\n\t\t\t\t<div class=\"col-inner text-center\"  >\n\t\t\t\n\t\t\t\n<div class=\"video video-fit mb box-shadow-2 box-shadow-3-hover\" style=\"padding-top:56.25%;\"><p><iframe title=\"WooCommere Shop the Look\" width=\"1020\" height=\"574\" src=\"https:\/\/www.youtube.com\/embed\/EZl8VbHjejc?feature=oembed\" frameborder=\"0\" allow=\"accelerometer; autoplay; clipboard-write; encrypted-media; gyroscope; picture-in-picture\" allowfullscreen><\/iframe><\/p>\n<\/div>\n\t\t<\/div>\n\t\t\t\t\t<\/div>\n\n\t\n<\/div>\n\t\t<\/div>\n\n\t\t\n<style>\n#section_832442626 {\n  padding-top: 40px;\n  padding-bottom: 40px;\n}\n#section_832442626 .section-bg-overlay {\n  background-color: rgb(49, 113, 238);\n}\n@media (min-width:550px) {\n  #section_832442626 {\n    padding-top: 50px;\n    padding-bottom: 50px;\n  }\n}\n@media (min-width:850px) {\n  #section_832442626 {\n    padding-top: 80px;\n    padding-bottom: 80px;\n  }\n}\n<\/style>\n\t<\/section>\n\t\n\n\t<section class=\"section\" id=\"section_1854971657\">\n\t\t<div class=\"section-bg fill\" >\n\t\t\t\t\t\t\t\t\t\n\t\t\t\n\n\t\t<\/div>\n\n\t\t\n\n\t\t<div class=\"section-content relative\">\n\t\t\t\n<div class=\"row align-middle align-center\"  id=\"row-1929976950\">\n\n\t<div id=\"col-1968402875\" class=\"col medium-12 small-12 large-6\"  >\n\t\t\t\t<div class=\"col-inner text-center\"  >\n\t\t\t\n\t\t\t\n\t<div class=\"img has-hover x md-x lg-x y md-y lg-y\" id=\"image_1119024689\">\n\t\t\t\t\t\t<div data-animate=\"fadeInLeft\">\t\t<div class=\"img-inner box-shadow-2 box-shadow-3-hover dark\" >\n\t\t\t<img loading=\"lazy\" decoding=\"async\" width=\"1020\" height=\"788\" src=\"https:\/\/www.welaunch.io\/de\/wp-content\/uploads\/sites\/11\/2021\/02\/complete-the-look-example-2048x1582-1-1024x791.jpg\" class=\"attachment-large size-large\" alt=\"\" srcset=\"https:\/\/www.welaunch.io\/de\/wp-content\/uploads\/sites\/11\/2021\/02\/complete-the-look-example-2048x1582-1-1024x791.jpg 1024w, https:\/\/www.welaunch.io\/de\/wp-content\/uploads\/sites\/11\/2021\/02\/complete-the-look-example-2048x1582-1-300x232.jpg 300w, https:\/\/www.welaunch.io\/de\/wp-content\/uploads\/sites\/11\/2021\/02\/complete-the-look-example-2048x1582-1-768x593.jpg 768w, https:\/\/www.welaunch.io\/de\/wp-content\/uploads\/sites\/11\/2021\/02\/complete-the-look-example-2048x1582-1-1536x1187.jpg 1536w, https:\/\/www.welaunch.io\/de\/wp-content\/uploads\/sites\/11\/2021\/02\/complete-the-look-example-2048x1582-1-500x386.jpg 500w, https:\/\/www.welaunch.io\/de\/wp-content\/uploads\/sites\/11\/2021\/02\/complete-the-look-example-2048x1582-1-1000x772.jpg 1000w, https:\/\/www.welaunch.io\/de\/wp-content\/uploads\/sites\/11\/2021\/02\/complete-the-look-example-2048x1582-1.jpg 2048w\" sizes=\"auto, (max-width: 1020px) 100vw, 1020px\" \/>\t\t\t\t\t\t\n\t\t\t\t\t<\/div>\n\t\t<\/div>\t\t\t\t\t\t\n<style>\n#image_1119024689 {\n  width: 100%;\n}\n<\/style>\n\t<\/div>\n\t\n\t\t<\/div>\n\t\t\t\t\t<\/div>\n\n\t\n\n\t<div id=\"col-1491476760\" class=\"col medium-12 small-12 large-6 medium-col-first\"  >\n\t\t\t\t<div class=\"col-inner\"  >\n\t\t\t\n\t\t\t\n<h2>Verkaufen Sie die komplette Outfits<\/h2>\n<p>Nutzen Sie unser Plugin, um Get the Look Outfits in Ihrem WooCommerce Fashion Shop zu erstellen. Laden Sie Models ein, Ihre Produkte zu tragen, lassen Sie sie Fotos machen und verkaufen Sie die kompletten Outfits anschlie\u00dfend in Ihrem eCommerce-Shop.Kunden k\u00f6nnen ihre Gr\u00f6\u00dfe, Farbe und die gew\u00fcnschten Produkte ausw\u00e4hlen. Zus\u00e4tzlich k\u00f6nnen sie auch die Checkboxen verwenden, um alle Produkte in den Warenkorb zu legen.<\/p>\n<a href=\"https:\/\/demos.welaunch.io\/woocommerce-shop-look\/product\/feminine-business\/\" target=\"_blank\" class=\"button primary is-link\" rel=\"WooCommerce Get the Look outfit noopener\">\n\t\t<span>Demo anzeigen<\/span>\n\t<\/a>\n\n\t\t<\/div>\n\t\t\t\t\t<\/div>\n\n\t\n<\/div>\n\t\t<\/div>\n\n\t\t\n<style>\n#section_1854971657 {\n  padding-top: 20px;\n  padding-bottom: 20px;\n}\n@media (min-width:550px) {\n  #section_1854971657 {\n    padding-top: 50px;\n    padding-bottom: 50px;\n  }\n}\n@media (min-width:850px) {\n  #section_1854971657 {\n    padding-top: 80px;\n    padding-bottom: 80px;\n  }\n}\n<\/style>\n\t<\/section>\n\t\n\n\t<section class=\"section dark\" id=\"section_1897315900\">\n\t\t<div class=\"section-bg fill\" >\n\t\t\t\t\t\t\t\t\t<div class=\"section-bg-overlay absolute fill\"><\/div>\n\t\t\t\n\n\t\t<\/div>\n\n\t\t\n\n\t\t<div class=\"section-content relative\">\n\t\t\t\n<div class=\"row align-middle align-center\"  id=\"row-2029565182\">\n\n\t<div id=\"col-1095286635\" class=\"col medium-12 small-12 large-6\"  >\n\t\t\t\t<div class=\"col-inner\"  >\n\t\t\t\n\t\t\t\n<h2>Einfaches Erstellen von Lookbooks<\/h2>\n<p>Nat\u00fcrlich k\u00f6nnen Sie unser Woo-Plugin nutzen, um Lookbooks f\u00fcr alle m\u00f6glichen Anwendungen zu erstellen. Stellen Sie sich vor, Sie besitzen ein M\u00f6belgesch\u00e4ft und wollen alle Produkte bewerben, die die Leute in Ihrem eingerichteten Esszimmer sehen k\u00f6nnen.Schie\u00dfen Sie ein gro\u00dfartiges Bild, erstellen Sie das Lookbook-Produkt und ordnen Sie diesem Lookbook Produkte zu, damit Kunden das gleiche Esszimmer bei sich zu Hause haben k\u00f6nnen.<\/p>\n<a href=\"https:\/\/demos.welaunch.io\/woocommerce-shop-look\/product\/dining-room\/\" target=\"_blank\" class=\"button white is-link\" rel=\"WooCommerce Furniture Lookbook Example noopener\">\n\t\t<span>Demo anzeigen<\/span>\n\t<\/a>\n\n\t\t<\/div>\n\t\t\t\t\t<\/div>\n\n\t\n\n\t<div id=\"col-1845200970\" class=\"col medium-12 small-12 large-6\"  >\n\t\t\t\t<div class=\"col-inner text-center\"  >\n\t\t\t\n\t\t\t\n\t<div class=\"img has-hover x md-x lg-x y md-y lg-y\" id=\"image_1848520452\">\n\t\t<a class=\"image-lightbox lightbox-gallery\" title=\"\" href=\"https:\/\/www.welaunch.io\/de\/wp-content\/uploads\/sites\/11\/2021\/02\/furniture-lookbook-1024x911-1.jpg\">\t\t\t\t<div data-animate=\"fadeInRight\">\t\t<div class=\"img-inner box-shadow-2 box-shadow-3-hover dark\" >\n\t\t\t<img loading=\"lazy\" decoding=\"async\" width=\"1020\" height=\"907\" src=\"https:\/\/www.welaunch.io\/de\/wp-content\/uploads\/sites\/11\/2021\/02\/furniture-lookbook-1024x911-1.jpg\" class=\"attachment-large size-large\" alt=\"\" srcset=\"https:\/\/www.welaunch.io\/de\/wp-content\/uploads\/sites\/11\/2021\/02\/furniture-lookbook-1024x911-1.jpg 1024w, https:\/\/www.welaunch.io\/de\/wp-content\/uploads\/sites\/11\/2021\/02\/furniture-lookbook-1024x911-1-300x267.jpg 300w, https:\/\/www.welaunch.io\/de\/wp-content\/uploads\/sites\/11\/2021\/02\/furniture-lookbook-1024x911-1-768x683.jpg 768w, https:\/\/www.welaunch.io\/de\/wp-content\/uploads\/sites\/11\/2021\/02\/furniture-lookbook-1024x911-1-500x445.jpg 500w, https:\/\/www.welaunch.io\/de\/wp-content\/uploads\/sites\/11\/2021\/02\/furniture-lookbook-1024x911-1-1000x890.jpg 1000w\" sizes=\"auto, (max-width: 1020px) 100vw, 1020px\" \/>\t\t\t\t\t\t\n\t\t\t\t\t<\/div>\n\t\t<\/div>\t\t\t\t<\/a>\t\t\n<style>\n#image_1848520452 {\n  width: 100%;\n}\n<\/style>\n\t<\/div>\n\t\n\t\t<\/div>\n\t\t\t\t\t<\/div>\n\n\t\n<\/div>\n\t\t<\/div>\n\n\t\t\n<style>\n#section_1897315900 {\n  padding-top: 40px;\n  padding-bottom: 40px;\n}\n#section_1897315900 .section-bg-overlay {\n  background-color: #3171ee;\n}\n@media (min-width:550px) {\n  #section_1897315900 {\n    padding-top: 50px;\n    padding-bottom: 50px;\n  }\n}\n@media (min-width:850px) {\n  #section_1897315900 {\n    padding-top: 80px;\n    padding-bottom: 80px;\n  }\n}\n<\/style>\n\t<\/section>\n\t\n\n\t<section class=\"section\" id=\"section_947642413\">\n\t\t<div class=\"section-bg fill\" >\n\t\t\t\t\t\t\t\t\t\n\t\t\t\n\n\t\t<\/div>\n\n\t\t\n\n\t\t<div class=\"section-content relative\">\n\t\t\t\n<div class=\"row align-middle align-center\"  id=\"row-907360167\">\n\n\t<div id=\"col-74741026\" class=\"col medium-12 small-12 large-6\"  >\n\t\t\t\t<div class=\"col-inner text-center\"  >\n\t\t\t\n\t\t\t\n\t<div class=\"img has-hover x md-x lg-x y md-y lg-y\" id=\"image_335345447\">\n\t\t\t\t\t\t<div data-animate=\"fadeInLeft\">\t\t<div class=\"img-inner box-shadow-2 box-shadow-3-hover dark\" >\n\t\t\t<img loading=\"lazy\" decoding=\"async\" width=\"1020\" height=\"701\" src=\"https:\/\/www.welaunch.io\/de\/wp-content\/uploads\/sites\/11\/2021\/02\/office-get-the-look-2048x1407-1-1024x704.jpg\" class=\"attachment-large size-large\" alt=\"\" srcset=\"https:\/\/www.welaunch.io\/de\/wp-content\/uploads\/sites\/11\/2021\/02\/office-get-the-look-2048x1407-1-1024x704.jpg 1024w, https:\/\/www.welaunch.io\/de\/wp-content\/uploads\/sites\/11\/2021\/02\/office-get-the-look-2048x1407-1-300x206.jpg 300w, https:\/\/www.welaunch.io\/de\/wp-content\/uploads\/sites\/11\/2021\/02\/office-get-the-look-2048x1407-1-768x528.jpg 768w, https:\/\/www.welaunch.io\/de\/wp-content\/uploads\/sites\/11\/2021\/02\/office-get-the-look-2048x1407-1-1536x1055.jpg 1536w, https:\/\/www.welaunch.io\/de\/wp-content\/uploads\/sites\/11\/2021\/02\/office-get-the-look-2048x1407-1-500x344.jpg 500w, https:\/\/www.welaunch.io\/de\/wp-content\/uploads\/sites\/11\/2021\/02\/office-get-the-look-2048x1407-1-1000x687.jpg 1000w, https:\/\/www.welaunch.io\/de\/wp-content\/uploads\/sites\/11\/2021\/02\/office-get-the-look-2048x1407-1.jpg 2048w\" sizes=\"auto, (max-width: 1020px) 100vw, 1020px\" \/>\t\t\t\t\t\t\n\t\t\t\t\t<\/div>\n\t\t<\/div>\t\t\t\t\t\t\n<style>\n#image_335345447 {\n  width: 100%;\n}\n<\/style>\n\t<\/div>\n\t\n\t\t<\/div>\n\t\t\t\t\t<\/div>\n\n\t\n\n\t<div id=\"col-1363396848\" class=\"col medium-12 small-12 large-6 medium-col-first\"  >\n\t\t\t\t<div class=\"col-inner\"  >\n\t\t\t\n\t\t\t\n<h2>Steigern Sie Ihren Umsatz<\/h2>\n<p>Unser Plugin wird, wenn es richtig eingerichtet ist, Ihre Verk\u00e4ufe dramatisch steigern. Es ist erwiesen, dass Menschen mehr Produkte kaufen, wenn sie ein Gef\u00fchl daf\u00fcr bekommen, wie sie in realen Beispielen aussehen. Nutzen Sie dies als Vorteil und verbessern Sie Cross-Sells mit Leichtigkeit.<\/p>\n<a href=\"https:\/\/demos.welaunch.io\/woocommerce-shop-look\/product\/profi-workspace\/\" target=\"_blank\" class=\"button primary is-link\" rel=\"Electronic Lookbook noopener\">\n\t\t<span>Demo anzeigen<\/span>\n\t<\/a>\n\n\t\t<\/div>\n\t\t\t\t\t<\/div>\n\n\t\n<\/div>\n\t\t<\/div>\n\n\t\t\n<style>\n#section_947642413 {\n  padding-top: 40px;\n  padding-bottom: 40px;\n}\n@media (min-width:550px) {\n  #section_947642413 {\n    padding-top: 50px;\n    padding-bottom: 50px;\n  }\n}\n@media (min-width:850px) {\n  #section_947642413 {\n    padding-top: 80px;\n    padding-bottom: 80px;\n  }\n}\n<\/style>\n\t<\/section>\n\t\n\n\t<section class=\"section dark\" id=\"section_205117266\">\n\t\t<div class=\"section-bg fill\" >\n\t\t\t\t\t\t\t\t\t<div class=\"section-bg-overlay absolute fill\"><\/div>\n\t\t\t\n\n\t\t<\/div>\n\n\t\t\n\n\t\t<div class=\"section-content relative\">\n\t\t\t\n<div class=\"row align-middle align-center\"  id=\"row-5711119\">\n\n\t<div id=\"col-467726770\" class=\"col medium-12 small-12 large-6 medium-col-first\"  >\n\t\t\t\t<div class=\"col-inner\"  >\n\t\t\t\n\t\t\t\n<h2>Vollst\u00e4ndig anpassbar<\/h2>\n<p>Nat\u00fcrlich ist unser Plugin vollst\u00e4ndig anpassbar. Sie k\u00f6nnen Texte und Farben \u00e4ndern und alle im Frontend angezeigten Daten aktivieren oder deaktivieren, um die Produkte zu vervollst\u00e4ndigen.<\/p>\n<a href=\"https:\/\/demos.welaunch.io\/woocommerce-shop-look\/wp-admin\" target=\"_blank\" class=\"button white is-link\" rel=\"WooCommerce Shop the look Admin Demo noopener\">\n\t\t<span>Admin-Demo anzeigen<\/span>\n\t<\/a>\n\n\t\t<\/div>\n\t\t\t\t\t<\/div>\n\n\t\n\n\t<div id=\"col-1959693770\" class=\"col medium-12 small-12 large-6 small-col-first\"  >\n\t\t\t\t<div class=\"col-inner text-center\"  >\n\t\t\t\n\t\t\t\n\t<div class=\"img has-hover x md-x lg-x y md-y lg-y\" id=\"image_882385188\">\n\t\t\t\t\t\t<div data-animate=\"fadeInRight\">\t\t<div class=\"img-inner box-shadow-3 dark\" >\n\t\t\t<img loading=\"lazy\" decoding=\"async\" width=\"1020\" height=\"517\" src=\"https:\/\/www.welaunch.io\/de\/wp-content\/uploads\/sites\/11\/2021\/02\/shop-the-look-customizable-2048x1038-1-1024x519.png\" class=\"attachment-large size-large\" alt=\"\" srcset=\"https:\/\/www.welaunch.io\/de\/wp-content\/uploads\/sites\/11\/2021\/02\/shop-the-look-customizable-2048x1038-1-1024x519.png 1024w, https:\/\/www.welaunch.io\/de\/wp-content\/uploads\/sites\/11\/2021\/02\/shop-the-look-customizable-2048x1038-1-300x152.png 300w, https:\/\/www.welaunch.io\/de\/wp-content\/uploads\/sites\/11\/2021\/02\/shop-the-look-customizable-2048x1038-1-768x389.png 768w, https:\/\/www.welaunch.io\/de\/wp-content\/uploads\/sites\/11\/2021\/02\/shop-the-look-customizable-2048x1038-1-1536x779.png 1536w, https:\/\/www.welaunch.io\/de\/wp-content\/uploads\/sites\/11\/2021\/02\/shop-the-look-customizable-2048x1038-1-500x253.png 500w, https:\/\/www.welaunch.io\/de\/wp-content\/uploads\/sites\/11\/2021\/02\/shop-the-look-customizable-2048x1038-1-1000x507.png 1000w, https:\/\/www.welaunch.io\/de\/wp-content\/uploads\/sites\/11\/2021\/02\/shop-the-look-customizable-2048x1038-1.png 2048w\" sizes=\"auto, (max-width: 1020px) 100vw, 1020px\" \/>\t\t\t\t\t\t\n\t\t\t\t\t<\/div>\n\t\t<\/div>\t\t\t\t\t\t\n<style>\n#image_882385188 {\n  width: 100%;\n}\n<\/style>\n\t<\/div>\n\t\n\t\t<\/div>\n\t\t\t\t\t<\/div>\n\n\t\n<\/div>\n\t\t<\/div>\n\n\t\t\n<style>\n#section_205117266 {\n  padding-top: 40px;\n  padding-bottom: 40px;\n}\n#section_205117266 .section-bg-overlay {\n  background-color: #3171ee;\n}\n@media (min-width:550px) {\n  #section_205117266 {\n    padding-top: 50px;\n    padding-bottom: 50px;\n  }\n}\n@media (min-width:850px) {\n  #section_205117266 {\n    padding-top: 80px;\n    padding-bottom: 80px;\n  }\n}\n<\/style>\n\t<\/section>\n\t\n","protected":false},"excerpt":{"rendered":"<p>Verwenden Sie unser Plugin, um mit Leichtigkeit komplette &#8220;Get the Look&#8221;-Produkte in WooCommerce zu erstellen. Verkaufen Sie Outfits oder Pakete, indem Sie unsere Get-the-Look-Funktionalit\u00e4t nutzen und Ihren durchschnittlichen Bestellwert erh\u00f6hen.<\/p>\n","protected":false},"featured_media":6210,"comment_status":"open","ping_status":"closed","template":"","meta":{"inline_featured_image":false},"product_brand":[],"product_cat":[43,41],"product_tag":[],"class_list":{"0":"post-6204","1":"product","2":"type-product","3":"status-publish","4":"has-post-thumbnail","6":"product_cat-woocommerce-plugins","7":"product_cat-plugins","9":"first","10":"instock","11":"shipping-taxable","12":"purchasable","13":"product-type-variable"},"_links":{"self":[{"href":"https:\/\/www.welaunch.io\/de\/wp-json\/wp\/v2\/product\/6204","targetHints":{"allow":["GET"]}}],"collection":[{"href":"https:\/\/www.welaunch.io\/de\/wp-json\/wp\/v2\/product"}],"about":[{"href":"https:\/\/www.welaunch.io\/de\/wp-json\/wp\/v2\/types\/product"}],"replies":[{"embeddable":true,"href":"https:\/\/www.welaunch.io\/de\/wp-json\/wp\/v2\/comments?post=6204"}],"wp:featuredmedia":[{"embeddable":true,"href":"https:\/\/www.welaunch.io\/de\/wp-json\/wp\/v2\/media\/6210"}],"wp:attachment":[{"href":"https:\/\/www.welaunch.io\/de\/wp-json\/wp\/v2\/media?parent=6204"}],"wp:term":[{"taxonomy":"product_brand","embeddable":true,"href":"https:\/\/www.welaunch.io\/de\/wp-json\/wp\/v2\/product_brand?post=6204"},{"taxonomy":"product_cat","embeddable":true,"href":"https:\/\/www.welaunch.io\/de\/wp-json\/wp\/v2\/product_cat?post=6204"},{"taxonomy":"product_tag","embeddable":true,"href":"https:\/\/www.welaunch.io\/de\/wp-json\/wp\/v2\/product_tag?post=6204"}],"curies":[{"name":"wp","href":"https:\/\/api.w.org\/{rel}","templated":true}]}}