{"id":6202,"date":"2021-02-06T12:37:49","date_gmt":"2021-02-06T11:37:49","guid":{"rendered":"https:\/\/www.welaunch.io\/en\/?post_type=product&#038;p=7688"},"modified":"2025-08-28T13:35:48","modified_gmt":"2025-08-28T11:35:48","slug":"woocommerce-dark-pattern","status":"publish","type":"product","link":"https:\/\/www.welaunch.io\/de\/product\/woocommerce-dark-pattern\/","title":{"rendered":"WooCommerce Dark Pattern"},"content":{"rendered":"\n\t<section class=\"section\" id=\"section_608862137\">\n\t\t<div class=\"section-bg fill\" >\n\t\t\t\t\t\t\t\t\t\n\t\t\t\n\n\t\t<\/div>\n\n\t\t\n\n\t\t<div class=\"section-content relative\">\n\t\t\t\n<div class=\"row row-solid\"  id=\"row-1179964691\">\n\n\t<div id=\"col-1934197666\" class=\"col medium-4 small-12 large-4\"  >\n\t\t\t\t<div class=\"col-inner text-center\"  >\n\t\t\t\n\t\t\t\n\n\t\t<div class=\"icon-box featured-box icon-box-center text-center\"  >\n\t\t\t\t\t<div class=\"icon-box-img\" style=\"width: 56px\">\n\t\t\t\t<div class=\"icon\">\n\t\t\t\t\t<div class=\"icon-inner\" style=\"color:rgb(101, 28, 255);\">\n\t\t\t\t\t\t\t\t\t\t\t<\/div>\n\t\t\t\t<\/div>\n\t\t\t<\/div>\n\t\t\t\t<div class=\"icon-box-text last-reset\">\n\t\t\t<h5 class=\"uppercase\">Verkaufs-Countdowns<\/h5>\t\t\t\t\t\t\n<p>Verwenden Sie den Countdown-Timer f\u00fcr das Ende und den Beginn des Verkaufs, um Ihren Umsatz mit Leichtigkeit zu steigern.<\/p>\n\t\t<\/div>\n\t<\/div>\n\t\n\t\n\t\t<\/div>\n\t\t\t\t\t<\/div>\n\n\t\n\n\t<div id=\"col-1857175081\" class=\"col medium-4 small-12 large-4\"  >\n\t\t\t\t<div class=\"col-inner\"  >\n\t\t\t\n\t\t\t\n\n\t\t<div class=\"icon-box featured-box icon-box-center text-center\"  >\n\t\t\t\t\t<div class=\"icon-box-img\" style=\"width: 71px\">\n\t\t\t\t<div class=\"icon\">\n\t\t\t\t\t<div class=\"icon-inner\" style=\"color:rgb(101, 28, 255);\">\n\t\t\t\t\t\t\t\t\t\t\t<\/div>\n\t\t\t\t<\/div>\n\t\t\t<\/div>\n\t\t\t\t<div class=\"icon-box-text last-reset\">\n\t\t\t<h5 class=\"uppercase\">In den Korb schleichen<\/h5>\t\t\t\t\t\t\n<p>Automatisches Hinzuf\u00fcgen von Produkten zum Warenkorb, wenn ein bestimmtes Produkt hinzugef\u00fcgt wurde.<\/p>\n\t\t<\/div>\n\t<\/div>\n\t\n\t\n\t\t<\/div>\n\t\t\t\t\t<\/div>\n\n\t\n\n\t<div id=\"col-301652909\" class=\"col medium-4 small-12 large-4\"  >\n\t\t\t\t<div class=\"col-inner\"  >\n\t\t\t\n\t\t\t\n\n\t\t<div class=\"icon-box featured-box icon-box-center text-center\"  >\n\t\t\t\t\t<div class=\"icon-box-img\" style=\"width: 79px\">\n\t\t\t\t<div class=\"icon\">\n\t\t\t\t\t<div class=\"icon-inner\" style=\"color:rgb(101, 28, 255);\">\n\t\t\t\t\t\t\t\t\t\t\t<\/div>\n\t\t\t\t<\/div>\n\t\t\t<\/div>\n\t\t\t\t<div class=\"icon-box-text last-reset\">\n\t\t\t<h5 class=\"uppercase\">Lager links Leisten<\/h5>\t\t\t\t\t\t\n<p>Animierte linke Bestandsfortschrittsbalken anzeigen, die den Bestand von Zeit zu Zeit automatisch verringern.<\/p>\n\t\t<\/div>\n\t<\/div>\n\t\n\t\n\t\t<\/div>\n\t\t\t\t\t<\/div>\n\n\t\n<\/div>\n\t\t<\/div>\n\n\t\t\n<style>\n#section_608862137 {\n  padding-top: 30px;\n  padding-bottom: 30px;\n}\n<\/style>\n\t<\/section>\n\t\n\n\t<section class=\"section dark\" id=\"section_98154143\">\n\t\t<div class=\"section-bg fill\" >\n\t\t\t\t\t\t\t\t\t<div class=\"section-bg-overlay absolute fill\"><\/div>\n\t\t\t\n\n\t\t<\/div>\n\n\t\t\n\n\t\t<div class=\"section-content relative\">\n\t\t\t\n<div class=\"row align-middle align-center\"  id=\"row-284717909\">\n\n\t<div id=\"col-1243319941\" class=\"col medium-12 small-12 large-6\"  >\n\t\t\t\t<div class=\"col-inner\"  >\n\t\t\t\n\t\t\t\n<h2>Intuitive Verkaufstrigger<\/h2>\n<p>Amazon, Booking.com und viele andere eCommerce-Unternehmen verwenden seit Jahren dark Pattern im eCommerce. Dies ist eine gebr\u00e4uchliche Methode, den Umsatz durch psychologische Verkaufsausl\u00f6ser zu steigern. Einige Beispiele:<\/p>\n<ul>\n<li>Zeigen Sie einen Angebots-Countdown an, um Kunden zum Kauf zu dr\u00e4ngen<\/li>\n<li>Verwenden Sie &#8220;X Personen sehen sich diese Produkt gerade an&#8221;, um eine hohe Nachfrage zu suggerieren<\/li>\n<li>Anzeige von Restbest\u00e4nden und Verkaufsbadges, um die Vorteile des Sofortkaufs zu zeigen<\/li>\n<\/ul>\n<a href=\"https:\/\/demos.welaunch.io\/woocommerce-dark-pattern\/\" target=\"_blank\" class=\"button white is-link\" rel=\"noopener\">\n\t\t<span>Demo anzeigen<\/span>\n\t<\/a>\n\n\t\t<\/div>\n\t\t\t\t\t<\/div>\n\n\t\n\n\t<div id=\"col-1571741976\" class=\"col medium-12 small-12 large-6\"  >\n\t\t\t\t<div class=\"col-inner text-center\"  >\n\t\t\t\n\t\t\t\n<div class=\"video video-fit mb box-shadow-2 box-shadow-3-hover\" style=\"padding-top:56.25%;\"><p><iframe title=\"WooCommerce Dark &amp; Sale Pattern\" width=\"1020\" height=\"574\" src=\"https:\/\/www.youtube.com\/embed\/Lpt60gqvKo0?feature=oembed\" frameborder=\"0\" allow=\"accelerometer; autoplay; clipboard-write; encrypted-media; gyroscope; picture-in-picture\" allowfullscreen><\/iframe><\/p>\n<\/div>\n\t\t<\/div>\n\t\t\t\t\t<\/div>\n\n\t\n<\/div>\n\t\t<\/div>\n\n\t\t\n<style>\n#section_98154143 {\n  padding-top: 40px;\n  padding-bottom: 40px;\n}\n#section_98154143 .section-bg-overlay {\n  background-color: rgb(49, 113, 238);\n}\n@media (min-width:550px) {\n  #section_98154143 {\n    padding-top: 50px;\n    padding-bottom: 50px;\n  }\n}\n@media (min-width:850px) {\n  #section_98154143 {\n    padding-top: 80px;\n    padding-bottom: 80px;\n  }\n}\n<\/style>\n\t<\/section>\n\t\n\n\t<section class=\"section\" id=\"section_119543786\">\n\t\t<div class=\"section-bg fill\" >\n\t\t\t\t\t\t\t\t\t\n\t\t\t\n\n\t\t<\/div>\n\n\t\t\n\n\t\t<div class=\"section-content relative\">\n\t\t\t\n<div class=\"row align-middle align-center\"  id=\"row-1737567109\">\n\n\t<div id=\"col-1542711884\" class=\"col medium-12 small-12 large-6\"  >\n\t\t\t\t<div class=\"col-inner text-center\"  >\n\t\t\t\n\t\t\t\n\t<div class=\"img has-hover x md-x lg-x y md-y lg-y\" id=\"image_1577787728\">\n\t\t\t\t\t\t<div data-animate=\"fadeInLeft\">\t\t<div class=\"img-inner box-shadow-2 box-shadow-3-hover dark\" >\n\t\t\t<img loading=\"lazy\" decoding=\"async\" width=\"1020\" height=\"566\" src=\"https:\/\/www.welaunch.io\/de\/wp-content\/uploads\/sites\/11\/2021\/02\/woocommerce-category-sales-trigger-2048x1136-1-1024x568.png\" class=\"attachment-large size-large\" alt=\"\" srcset=\"https:\/\/www.welaunch.io\/de\/wp-content\/uploads\/sites\/11\/2021\/02\/woocommerce-category-sales-trigger-2048x1136-1-1024x568.png 1024w, https:\/\/www.welaunch.io\/de\/wp-content\/uploads\/sites\/11\/2021\/02\/woocommerce-category-sales-trigger-2048x1136-1-300x166.png 300w, https:\/\/www.welaunch.io\/de\/wp-content\/uploads\/sites\/11\/2021\/02\/woocommerce-category-sales-trigger-2048x1136-1-768x426.png 768w, https:\/\/www.welaunch.io\/de\/wp-content\/uploads\/sites\/11\/2021\/02\/woocommerce-category-sales-trigger-2048x1136-1-1536x852.png 1536w, https:\/\/www.welaunch.io\/de\/wp-content\/uploads\/sites\/11\/2021\/02\/woocommerce-category-sales-trigger-2048x1136-1-500x277.png 500w, https:\/\/www.welaunch.io\/de\/wp-content\/uploads\/sites\/11\/2021\/02\/woocommerce-category-sales-trigger-2048x1136-1-1000x555.png 1000w, https:\/\/www.welaunch.io\/de\/wp-content\/uploads\/sites\/11\/2021\/02\/woocommerce-category-sales-trigger-2048x1136-1.png 2048w\" sizes=\"auto, (max-width: 1020px) 100vw, 1020px\" \/>\t\t\t\t\t\t\n\t\t\t\t\t<\/div>\n\t\t<\/div>\t\t\t\t\t\t\n<style>\n#image_1577787728 {\n  width: 100%;\n}\n<\/style>\n\t<\/div>\n\t\n\t\t<\/div>\n\t\t\t\t\t<\/div>\n\n\t\n\n\t<div id=\"col-367378522\" class=\"col medium-12 small-12 large-6 medium-col-first\"  >\n\t\t\t\t<div class=\"col-inner\"  >\n\t\t\t\n\t\t\t\n<h2>Produktkategorie Verkaufsausl\u00f6ser<\/h2>\n<p>Veranlassen Sie Kunden zum Kauf Ihrer Sale-Produkte, indem Sie ihnen einen Countdown, ein Sale-Badge \u00fcber die Ersparnis und die aktuelle Lagermenge anzeigen.Diese Kategorie-Trigger, sollten Ihre Kunden beeinflussen und ihnen direkt zeigen, welche Produkte im Angebot sind.<\/p>\n<a href=\"https:\/\/demos.welaunch.io\/woocommerce-dark-pattern\/\" target=\"_blank\" class=\"button primary is-link\" rel=\"noopener\">\n\t\t<span>Demo anzeigen<\/span>\n\t<\/a>\n\n\t\t<\/div>\n\t\t\t\t\t<\/div>\n\n\t\n<\/div>\n\t\t<\/div>\n\n\t\t\n<style>\n#section_119543786 {\n  padding-top: 20px;\n  padding-bottom: 20px;\n}\n@media (min-width:550px) {\n  #section_119543786 {\n    padding-top: 50px;\n    padding-bottom: 50px;\n  }\n}\n@media (min-width:850px) {\n  #section_119543786 {\n    padding-top: 80px;\n    padding-bottom: 80px;\n  }\n}\n<\/style>\n\t<\/section>\n\t\n\n\t<section class=\"section dark\" id=\"section_1493452995\">\n\t\t<div class=\"section-bg fill\" >\n\t\t\t\t\t\t\t\t\t<div class=\"section-bg-overlay absolute fill\"><\/div>\n\t\t\t\n\n\t\t<\/div>\n\n\t\t\n\n\t\t<div class=\"section-content relative\">\n\t\t\t\n<div class=\"row align-middle align-center\"  id=\"row-1857992019\">\n\n\t<div id=\"col-136795297\" class=\"col medium-12 small-12 large-6\"  >\n\t\t\t\t<div class=\"col-inner\"  >\n\t\t\t\n\t\t\t\n<h2>Dunkle Muster auf Produktseiten<\/h2>\n<p>In Anlehnung an die Kategorie-Trigger k\u00f6nnen alle dunklen Muster nat\u00fcrlich auch problemlos auf einzelnen Produktseiten angezeigt werden.Live-Countdown, abnehmende Restpostenbalken und aktuelle Informationen motivieren Ihre Kunden, Ihre Produkte schneller zu kaufen.<\/p>\n<a href=\"https:\/\/demos.welaunch.io\/woocommerce-dark-pattern\/product\/beanie\/\" target=\"_blank\" class=\"button white is-link\" rel=\"noopener\">\n\t\t<span>Demo anzeigen<\/span>\n\t<\/a>\n\n\t\t<\/div>\n\t\t\t\t\t<\/div>\n\n\t\n\n\t<div id=\"col-67245212\" class=\"col medium-12 small-12 large-6\"  >\n\t\t\t\t<div class=\"col-inner text-center\"  >\n\t\t\t\n\t\t\t\n\t<div class=\"img has-hover x md-x lg-x y md-y lg-y\" id=\"image_1545175399\">\n\t\t<a class=\"image-lightbox lightbox-gallery\" title=\"\" href=\"https:\/\/www.welaunch.io\/de\/wp-content\/uploads\/sites\/11\/2021\/02\/product-page-ecom-pattern-1024x616-1.png\">\t\t\t\t<div data-animate=\"fadeInRight\">\t\t<div class=\"img-inner box-shadow-2 box-shadow-3-hover dark\" >\n\t\t\t<img loading=\"lazy\" decoding=\"async\" width=\"1020\" height=\"614\" src=\"https:\/\/www.welaunch.io\/de\/wp-content\/uploads\/sites\/11\/2021\/02\/product-page-ecom-pattern-1024x616-1.png\" class=\"attachment-large size-large\" alt=\"Dark Pattern auf Produktseiten\" srcset=\"https:\/\/www.welaunch.io\/de\/wp-content\/uploads\/sites\/11\/2021\/02\/product-page-ecom-pattern-1024x616-1.png 1024w, https:\/\/www.welaunch.io\/de\/wp-content\/uploads\/sites\/11\/2021\/02\/product-page-ecom-pattern-1024x616-1-300x180.png 300w, https:\/\/www.welaunch.io\/de\/wp-content\/uploads\/sites\/11\/2021\/02\/product-page-ecom-pattern-1024x616-1-768x462.png 768w, https:\/\/www.welaunch.io\/de\/wp-content\/uploads\/sites\/11\/2021\/02\/product-page-ecom-pattern-1024x616-1-500x301.png 500w, https:\/\/www.welaunch.io\/de\/wp-content\/uploads\/sites\/11\/2021\/02\/product-page-ecom-pattern-1024x616-1-1000x602.png 1000w\" sizes=\"auto, (max-width: 1020px) 100vw, 1020px\" \/>\t\t\t\t\t\t\n\t\t\t\t\t<\/div>\n\t\t<\/div>\t\t\t\t<\/a>\t\t\n<style>\n#image_1545175399 {\n  width: 100%;\n}\n<\/style>\n\t<\/div>\n\t\n\t\t<\/div>\n\t\t\t\t\t<\/div>\n\n\t\n<\/div>\n\t\t<\/div>\n\n\t\t\n<style>\n#section_1493452995 {\n  padding-top: 40px;\n  padding-bottom: 40px;\n}\n#section_1493452995 .section-bg-overlay {\n  background-color: #3171ee;\n}\n@media (min-width:550px) {\n  #section_1493452995 {\n    padding-top: 50px;\n    padding-bottom: 50px;\n  }\n}\n@media (min-width:850px) {\n  #section_1493452995 {\n    padding-top: 80px;\n    padding-bottom: 80px;\n  }\n}\n<\/style>\n\t<\/section>\n\t\n\n\t<section class=\"section\" id=\"section_581113700\">\n\t\t<div class=\"section-bg fill\" >\n\t\t\t\t\t\t\t\t\t\n\t\t\t\n\n\t\t<\/div>\n\n\t\t\n\n\t\t<div class=\"section-content relative\">\n\t\t\t\n<div class=\"row align-middle align-center\"  id=\"row-1464036048\">\n\n\t<div id=\"col-935141144\" class=\"col medium-12 small-12 large-6\"  >\n\t\t\t\t<div class=\"col-inner text-center\"  >\n\t\t\t\n\t\t\t\n\t<div class=\"img has-hover x md-x lg-x y md-y lg-y\" id=\"image_286048649\">\n\t\t\t\t\t\t<div data-animate=\"fadeInLeft\">\t\t<div class=\"img-inner box-shadow-2 box-shadow-3-hover dark\" >\n\t\t\t<img loading=\"lazy\" decoding=\"async\" width=\"1020\" height=\"423\" src=\"https:\/\/www.welaunch.io\/de\/wp-content\/uploads\/sites\/11\/2021\/02\/dark-pattern-in-woocommerce-cart-2048x850-1-1024x425.png\" class=\"attachment-large size-large\" alt=\"Automatisch Produkte in den Warenkorb legen\" srcset=\"https:\/\/www.welaunch.io\/de\/wp-content\/uploads\/sites\/11\/2021\/02\/dark-pattern-in-woocommerce-cart-2048x850-1-1024x425.png 1024w, https:\/\/www.welaunch.io\/de\/wp-content\/uploads\/sites\/11\/2021\/02\/dark-pattern-in-woocommerce-cart-2048x850-1-300x125.png 300w, https:\/\/www.welaunch.io\/de\/wp-content\/uploads\/sites\/11\/2021\/02\/dark-pattern-in-woocommerce-cart-2048x850-1-768x319.png 768w, https:\/\/www.welaunch.io\/de\/wp-content\/uploads\/sites\/11\/2021\/02\/dark-pattern-in-woocommerce-cart-2048x850-1-1536x638.png 1536w, https:\/\/www.welaunch.io\/de\/wp-content\/uploads\/sites\/11\/2021\/02\/dark-pattern-in-woocommerce-cart-2048x850-1-500x208.png 500w, https:\/\/www.welaunch.io\/de\/wp-content\/uploads\/sites\/11\/2021\/02\/dark-pattern-in-woocommerce-cart-2048x850-1-1000x415.png 1000w, https:\/\/www.welaunch.io\/de\/wp-content\/uploads\/sites\/11\/2021\/02\/dark-pattern-in-woocommerce-cart-2048x850-1.png 2048w\" sizes=\"auto, (max-width: 1020px) 100vw, 1020px\" \/>\t\t\t\t\t\t\n\t\t\t\t\t<\/div>\n\t\t<\/div>\t\t\t\t\t\t\n<style>\n#image_286048649 {\n  width: 100%;\n}\n<\/style>\n\t<\/div>\n\t\n\t\t<\/div>\n\t\t\t\t\t<\/div>\n\n\t\n\n\t<div id=\"col-1279572038\" class=\"col medium-12 small-12 large-6 medium-col-first\"  >\n\t\t\t\t<div class=\"col-inner\"  >\n\t\t\t\n\t\t\t\n<h2>Automatisch Produkte in den Warenkorb legen<\/h2>\n<p>Steigern Sie Cross-Sales durch automatisches Hinzuf\u00fcgen von Produkten in den Warenkorb mit unserem Modul &#8220;Sneak into Basket. Sie k\u00f6nnen auch die Funktion &#8220;Warenkorb reserviert&#8221; aktivieren, um sicherzustellen, dass der aktuelle Verkaufspreis f\u00fcr den Kunden f\u00fcr bestimmte Minuten gespeichert wird.Zus\u00e4tzlich k\u00f6nnen Sie alle dunklen Muster auch im Warenkorb &amp; Checkout-Prozess verwenden. Wie die Anzeige der Countdown-Timer oder des Lagerbestandsstatus.<\/p>\n<a href=\"https:\/\/demos.welaunch.io\/woocommerce-dark-pattern\/cart\/\" target=\"_blank\" class=\"button primary is-link\" rel=\"noopener\">\n\t\t<span>Demo anzeigen<\/span>\n\t<\/a>\n\n\t\t<\/div>\n\t\t\t\t\t<\/div>\n\n\t\n<\/div>\n\t\t<\/div>\n\n\t\t\n<style>\n#section_581113700 {\n  padding-top: 40px;\n  padding-bottom: 40px;\n}\n@media (min-width:550px) {\n  #section_581113700 {\n    padding-top: 50px;\n    padding-bottom: 50px;\n  }\n}\n@media (min-width:850px) {\n  #section_581113700 {\n    padding-top: 80px;\n    padding-bottom: 80px;\n  }\n}\n<\/style>\n\t<\/section>\n\t\n\n\t<section class=\"section dark\" id=\"section_1962874086\">\n\t\t<div class=\"section-bg fill\" >\n\t\t\t\t\t\t\t\t\t<div class=\"section-bg-overlay absolute fill\"><\/div>\n\t\t\t\n\n\t\t<\/div>\n\n\t\t\n\n\t\t<div class=\"section-content relative\">\n\t\t\t\n<div class=\"row align-middle align-center\"  id=\"row-1779578698\">\n\n\t<div id=\"col-1631063405\" class=\"col medium-12 small-12 large-6 medium-col-first\"  >\n\t\t\t\t<div class=\"col-inner\"  >\n\t\t\t\n\t\t\t\n<h2>Vollst\u00e4ndig anpassbar<\/h2>\n<p>Alle Module k\u00f6nnen separat ein- oder ausgeschaltet und im Detail konfiguriert werden. Sie k\u00f6nnen definieren, wo welches Modul angezeigt werden soll und Texte nach Belieben gestalten\/\u00e4ndern.<\/p>\n<a href=\"https:\/\/demos.welaunch.io\/woocommerce-dark-pattern\/wp-admin\" target=\"_blank\" class=\"button white is-link\" rel=\"Dark Pattern Admin Demo noopener\">\n\t\t<span>Admin-Demo anzeigen<\/span>\n\t<\/a>\n\n\t\t<\/div>\n\t\t\t\t\t<\/div>\n\n\t\n\n\t<div id=\"col-1994147288\" class=\"col medium-12 small-12 large-6 small-col-first\"  >\n\t\t\t\t<div class=\"col-inner text-center\"  >\n\t\t\t\n\t\t\t\n\t<div class=\"img has-hover x md-x lg-x y md-y lg-y\" id=\"image_982057781\">\n\t\t\t\t\t\t<div data-animate=\"fadeInRight\">\t\t<div class=\"img-inner box-shadow-3 dark\" >\n\t\t\t<img loading=\"lazy\" decoding=\"async\" width=\"1020\" height=\"625\" src=\"https:\/\/www.welaunch.io\/de\/wp-content\/uploads\/sites\/11\/2021\/02\/woocommerce-sales-pattern-admin-settings-2048x1253-1-1024x627.png\" class=\"attachment-large size-large\" alt=\"Dark Pattern customization\" srcset=\"https:\/\/www.welaunch.io\/de\/wp-content\/uploads\/sites\/11\/2021\/02\/woocommerce-sales-pattern-admin-settings-2048x1253-1-1024x627.png 1024w, https:\/\/www.welaunch.io\/de\/wp-content\/uploads\/sites\/11\/2021\/02\/woocommerce-sales-pattern-admin-settings-2048x1253-1-300x184.png 300w, https:\/\/www.welaunch.io\/de\/wp-content\/uploads\/sites\/11\/2021\/02\/woocommerce-sales-pattern-admin-settings-2048x1253-1-768x470.png 768w, https:\/\/www.welaunch.io\/de\/wp-content\/uploads\/sites\/11\/2021\/02\/woocommerce-sales-pattern-admin-settings-2048x1253-1-1536x940.png 1536w, https:\/\/www.welaunch.io\/de\/wp-content\/uploads\/sites\/11\/2021\/02\/woocommerce-sales-pattern-admin-settings-2048x1253-1-500x306.png 500w, https:\/\/www.welaunch.io\/de\/wp-content\/uploads\/sites\/11\/2021\/02\/woocommerce-sales-pattern-admin-settings-2048x1253-1-1000x612.png 1000w, https:\/\/www.welaunch.io\/de\/wp-content\/uploads\/sites\/11\/2021\/02\/woocommerce-sales-pattern-admin-settings-2048x1253-1.png 2048w\" sizes=\"auto, (max-width: 1020px) 100vw, 1020px\" \/>\t\t\t\t\t\t\n\t\t\t\t\t<\/div>\n\t\t<\/div>\t\t\t\t\t\t\n<style>\n#image_982057781 {\n  width: 100%;\n}\n<\/style>\n\t<\/div>\n\t\n\t\t<\/div>\n\t\t\t\t\t<\/div>\n\n\t\n<\/div>\n\t\t<\/div>\n\n\t\t\n<style>\n#section_1962874086 {\n  padding-top: 40px;\n  padding-bottom: 40px;\n}\n#section_1962874086 .section-bg-overlay {\n  background-color: #3171ee;\n}\n@media (min-width:550px) {\n  #section_1962874086 {\n    padding-top: 50px;\n    padding-bottom: 50px;\n  }\n}\n@media (min-width:850px) {\n  #section_1962874086 {\n    padding-top: 80px;\n    padding-bottom: 80px;\n  }\n}\n<\/style>\n\t<\/section>\n\t\n\n\t<section class=\"section\" id=\"section_946750587\">\n\t\t<div class=\"section-bg fill\" >\n\t\t\t\t\t\t\t\t\t\n\t\t\t\n\n\t\t<\/div>\n\n\t\t\n\n\t\t<div class=\"section-content relative\">\n\t\t\t\n<div class=\"row align-middle align-center\"  id=\"row-1051162742\">\n\n\t<div id=\"col-845807354\" class=\"col medium-12 small-12 large-6\"  >\n\t\t\t\t<div class=\"col-inner text-center\"  >\n\t\t\t\n\t\t\t\n\t<div class=\"img has-hover x md-x lg-x y md-y lg-y\" id=\"image_2076680755\">\n\t\t\t\t\t\t<div data-animate=\"fadeInLeft\">\t\t<div class=\"img-inner box-shadow-2 box-shadow-3-hover dark\" >\n\t\t\t<img loading=\"lazy\" decoding=\"async\" width=\"1020\" height=\"887\" src=\"https:\/\/www.welaunch.io\/de\/wp-content\/uploads\/sites\/11\/2021\/02\/woocommerce-sale-automations-2048x1780-1-1024x890.png\" class=\"attachment-large size-large\" alt=\"Verkaufspreis-Automatisierungen\" srcset=\"https:\/\/www.welaunch.io\/de\/wp-content\/uploads\/sites\/11\/2021\/02\/woocommerce-sale-automations-2048x1780-1-1024x890.png 1024w, https:\/\/www.welaunch.io\/de\/wp-content\/uploads\/sites\/11\/2021\/02\/woocommerce-sale-automations-2048x1780-1-300x261.png 300w, https:\/\/www.welaunch.io\/de\/wp-content\/uploads\/sites\/11\/2021\/02\/woocommerce-sale-automations-2048x1780-1-768x668.png 768w, https:\/\/www.welaunch.io\/de\/wp-content\/uploads\/sites\/11\/2021\/02\/woocommerce-sale-automations-2048x1780-1-1536x1335.png 1536w, https:\/\/www.welaunch.io\/de\/wp-content\/uploads\/sites\/11\/2021\/02\/woocommerce-sale-automations-2048x1780-1-500x435.png 500w, https:\/\/www.welaunch.io\/de\/wp-content\/uploads\/sites\/11\/2021\/02\/woocommerce-sale-automations-2048x1780-1-1000x869.png 1000w, https:\/\/www.welaunch.io\/de\/wp-content\/uploads\/sites\/11\/2021\/02\/woocommerce-sale-automations-2048x1780-1.png 2048w\" sizes=\"auto, (max-width: 1020px) 100vw, 1020px\" \/>\t\t\t\t\t\t\n\t\t\t\t\t<\/div>\n\t\t<\/div>\t\t\t\t\t\t\n<style>\n#image_2076680755 {\n  width: 100%;\n}\n<\/style>\n\t<\/div>\n\t\n\t\t<\/div>\n\t\t\t\t\t<\/div>\n\n\t\n\n\t<div id=\"col-2051664676\" class=\"col medium-12 small-12 large-6 medium-col-first\"  >\n\t\t\t\t<div class=\"col-inner\"  >\n\t\t\t\n\t\t\t\n<h2>Angebotspreis Automatisierungen<\/h2>\n<p>Produkte automatisch zu einem wiederkehrenden Zeitpunkt in den Verkauf bringen, ohne sie manuell anfassen zu m\u00fcssen. Schalten Sie einfach eine unserer Verkaufspreis-Automatisierungen ein und legen Sie prozentual zum regul\u00e4ren Preis einen Verkaufspreis pro Tag, Woche, Monat oder einer anderen Wiederholung fest.Legen Sie zum Beispiel jede Woche einen Verkaufspreis von 5% nur f\u00fcr Ihre Produktkategorie T-Shirt fest. Jede neue Woche werden weitere 10 x T-Shirts mit einem Rabatt versehen.<\/p>\n<a href=\"https:\/\/demos.welaunch.io\/woocommerce-dark-pattern\/wp-admin\" target=\"_blank\" class=\"button primary is-link\" rel=\"noopener\">\n\t\t<span>Demo anzeigen<\/span>\n\t<\/a>\n\n\t\t<\/div>\n\t\t\t\t\t<\/div>\n\n\t\n<\/div>\n\t\t<\/div>\n\n\t\t\n<style>\n#section_946750587 {\n  padding-top: 40px;\n  padding-bottom: 40px;\n}\n@media (min-width:550px) {\n  #section_946750587 {\n    padding-top: 50px;\n    padding-bottom: 50px;\n  }\n}\n@media (min-width:850px) {\n  #section_946750587 {\n    padding-top: 80px;\n    padding-bottom: 80px;\n  }\n}\n<\/style>\n\t<\/section>\n\t\n","protected":false},"excerpt":{"rendered":"<p>Dark Pattern sind eine g\u00e4ngige Methode im eCommerce, um den Umsatz in Ihren Shops mit Leichtigkeit zu steigern. Mit unserem Plugin ist dies nun auch in WooCommerce m\u00f6glich. Verwenden Sie Verkaufs-Countdowns, Lagerbestand-Triggers oder &#8220;derzeit aktive Besucher&#8221;, um Ihre Kunden zu motivieren, Ihre Produkte schneller zu kaufen.<\/p>\n","protected":false},"featured_media":6212,"comment_status":"open","ping_status":"closed","template":"","meta":{"inline_featured_image":false},"product_brand":[],"product_cat":[43,41],"product_tag":[],"class_list":{"0":"post-6202","1":"product","2":"type-product","3":"status-publish","4":"has-post-thumbnail","6":"product_cat-woocommerce-plugins","7":"product_cat-plugins","9":"first","10":"instock","11":"shipping-taxable","12":"purchasable","13":"product-type-variable"},"_links":{"self":[{"href":"https:\/\/www.welaunch.io\/de\/wp-json\/wp\/v2\/product\/6202","targetHints":{"allow":["GET"]}}],"collection":[{"href":"https:\/\/www.welaunch.io\/de\/wp-json\/wp\/v2\/product"}],"about":[{"href":"https:\/\/www.welaunch.io\/de\/wp-json\/wp\/v2\/types\/product"}],"replies":[{"embeddable":true,"href":"https:\/\/www.welaunch.io\/de\/wp-json\/wp\/v2\/comments?post=6202"}],"wp:featuredmedia":[{"embeddable":true,"href":"https:\/\/www.welaunch.io\/de\/wp-json\/wp\/v2\/media\/6212"}],"wp:attachment":[{"href":"https:\/\/www.welaunch.io\/de\/wp-json\/wp\/v2\/media?parent=6202"}],"wp:term":[{"taxonomy":"product_brand","embeddable":true,"href":"https:\/\/www.welaunch.io\/de\/wp-json\/wp\/v2\/product_brand?post=6202"},{"taxonomy":"product_cat","embeddable":true,"href":"https:\/\/www.welaunch.io\/de\/wp-json\/wp\/v2\/product_cat?post=6202"},{"taxonomy":"product_tag","embeddable":true,"href":"https:\/\/www.welaunch.io\/de\/wp-json\/wp\/v2\/product_tag?post=6202"}],"curies":[{"name":"wp","href":"https:\/\/api.w.org\/{rel}","templated":true}]}}