{"id":6195,"date":"2020-10-05T14:03:16","date_gmt":"2020-10-05T12:03:16","guid":{"rendered":"https:\/\/www.welaunch.io\/en\/?post_type=product&#038;p=6070"},"modified":"2025-08-30T12:43:37","modified_gmt":"2025-08-30T10:43:37","slug":"woocommerce-gallery-images","status":"publish","type":"product","link":"https:\/\/www.welaunch.io\/de\/product\/woocommerce-gallery-images\/","title":{"rendered":"WooCommerce Bildergalerie f\u00fcr Variable Produkte"},"content":{"rendered":"\n\t<section class=\"section\" id=\"section_1656183809\">\n\t\t<div class=\"section-bg fill\" >\n\t\t\t\t\t\t\t\t\t\n\t\t\t\n\n\t\t<\/div>\n\n\t\t\n\n\t\t<div class=\"section-content relative\">\n\t\t\t\n<div class=\"row row-solid\"  id=\"row-447466677\">\n\n\t<div id=\"col-381808792\" class=\"col medium-4 small-12 large-4\"  >\n\t\t\t\t<div class=\"col-inner text-center\"  >\n\t\t\t\n\t\t\t\n\n\t\t<div class=\"icon-box featured-box icon-box-center text-center\"  >\n\t\t\t\t\t<div class=\"icon-box-img\" style=\"width: 79px\">\n\t\t\t\t<div class=\"icon\">\n\t\t\t\t\t<div class=\"icon-inner\" style=\"color:rgb(101, 28, 255);\">\n\t\t\t\t\t\t\t\t\t\t\t<\/div>\n\t\t\t\t<\/div>\n\t\t\t<\/div>\n\t\t\t\t<div class=\"icon-box-text last-reset\">\n\t\t\t<h5 class=\"uppercase\">Bilder der Variationsgalerie hinzuf\u00fcgen<\/h5>\t\t\t\t\t\t\n<p>Zeigen Sie mehrere Bilder f\u00fcr jede WooCommerce-Variante Produkt mit Leichtigkeit.<\/p>\n\t\t<\/div>\n\t<\/div>\n\t\n\t\n\t\t<\/div>\n\t\t\t\t\t<\/div>\n\n\t\n\n\t<div id=\"col-1457234675\" class=\"col medium-4 small-12 large-4\"  >\n\t\t\t\t<div class=\"col-inner\"  >\n\t\t\t\n\t\t\t\n\n\t\t<div class=\"icon-box featured-box icon-box-center text-center\"  >\n\t\t\t\t\t<div class=\"icon-box-img\" style=\"width: 77px\">\n\t\t\t\t<div class=\"icon\">\n\t\t\t\t\t<div class=\"icon-inner\" style=\"color:rgb(101, 28, 255);\">\n\t\t\t\t\t\t<img loading=\"lazy\" decoding=\"async\" width=\"300\" height=\"134\" src=\"https:\/\/www.welaunch.io\/de\/wp-content\/uploads\/sites\/11\/2020\/10\/Bildschirmfoto-2020-10-03-um-18.11.41-300x134.png\" class=\"attachment-medium size-medium\" alt=\"\" srcset=\"https:\/\/www.welaunch.io\/de\/wp-content\/uploads\/sites\/11\/2020\/10\/Bildschirmfoto-2020-10-03-um-18.11.41-300x134.png 300w, https:\/\/www.welaunch.io\/de\/wp-content\/uploads\/sites\/11\/2020\/10\/Bildschirmfoto-2020-10-03-um-18.11.41-1024x457.png 1024w, https:\/\/www.welaunch.io\/de\/wp-content\/uploads\/sites\/11\/2020\/10\/Bildschirmfoto-2020-10-03-um-18.11.41-768x343.png 768w, https:\/\/www.welaunch.io\/de\/wp-content\/uploads\/sites\/11\/2020\/10\/Bildschirmfoto-2020-10-03-um-18.11.41-1536x686.png 1536w, https:\/\/www.welaunch.io\/de\/wp-content\/uploads\/sites\/11\/2020\/10\/Bildschirmfoto-2020-10-03-um-18.11.41-500x223.png 500w, https:\/\/www.welaunch.io\/de\/wp-content\/uploads\/sites\/11\/2020\/10\/Bildschirmfoto-2020-10-03-um-18.11.41-1000x447.png 1000w, https:\/\/www.welaunch.io\/de\/wp-content\/uploads\/sites\/11\/2020\/10\/Bildschirmfoto-2020-10-03-um-18.11.41.png 2002w\" sizes=\"auto, (max-width: 300px) 100vw, 300px\" \/>\t\t\t\t\t<\/div>\n\t\t\t\t<\/div>\n\t\t\t<\/div>\n\t\t\t\t<div class=\"icon-box-text last-reset\">\n\t\t\t<h5 class=\"uppercase\">Galerie-Funktionalit\u00e4ten<\/h5>\t\t\t\t\t\t\n<p>Aktivieren Sie die Optionen Leuchtkasten, Zoom, Vollbild oder Navigation der Produktgalerie mit einem einzigen Klick.<\/p>\n\t\t<\/div>\n\t<\/div>\n\t\n\t\n\t\t<\/div>\n\t\t\t\t\t<\/div>\n\n\t\n\n\t<div id=\"col-313278855\" class=\"col medium-4 small-12 large-4\"  >\n\t\t\t\t<div class=\"col-inner\"  >\n\t\t\t\n\t\t\t\n\n\t\t<div class=\"icon-box featured-box icon-box-center text-center\"  >\n\t\t\t\t\t<div class=\"icon-box-img\" style=\"width: 61px\">\n\t\t\t\t<div class=\"icon\">\n\t\t\t\t\t<div class=\"icon-inner\" style=\"color:rgb(101, 28, 255);\">\n\t\t\t\t\t\t\t\t\t\t\t<\/div>\n\t\t\t\t<\/div>\n\t\t\t<\/div>\n\t\t\t\t<div class=\"icon-box-text last-reset\">\n\t\t\t<h5 class=\"uppercase\">Leistung Laden<\/h5>\t\t\t\t\t\t\n<p>Im Gegensatz zu anderen Plugins verwenden wir performantes AJAX-Laden, um alle Bilddateien zu erhalten.<\/p>\n\t\t<\/div>\n\t<\/div>\n\t\n\t\n\t\t<\/div>\n\t\t\t\t\t<\/div>\n\n\t\n<\/div>\n\t\t<\/div>\n\n\t\t\n<style>\n#section_1656183809 {\n  padding-top: 30px;\n  padding-bottom: 30px;\n}\n<\/style>\n\t<\/section>\n\t\n\n\t<section class=\"section dark\" id=\"section_1283086122\">\n\t\t<div class=\"section-bg fill\" >\n\t\t\t\t\t\t\t\t\t<div class=\"section-bg-overlay absolute fill\"><\/div>\n\t\t\t\n\n\t\t<\/div>\n\n\t\t\n\n\t\t<div class=\"section-content relative\">\n\t\t\t\n<div class=\"row align-middle align-center\"  id=\"row-377598028\">\n\n\t<div id=\"col-894305567\" class=\"col medium-12 small-12 large-6\"  >\n\t\t\t\t<div class=\"col-inner\"  >\n\t\t\t\n\t\t\t\n<h2>Variationsbilder hinzuf\u00fcgen<\/h2>\n<p>Zus\u00e4tzliche Galeriebilder erh\u00f6hen oft Ihre Shop-Ums\u00e4tze. Kunden k\u00f6nnen Details Ihrer Produkte sehen, verschiedene Blickwinkel und Materialien inspizieren.Leider bietet WooCommerce nicht die M\u00f6glichkeit, mehrere Bilder zu Produkten mit einer Variation hinzuzuf\u00fcgen. An dieser Stelle springt unser Plugin ein. Nach der Installation k\u00f6nnen Sie einfach so viele Variationsdetails hinzuf\u00fcgen, wie Sie m\u00f6chten.<\/p>\n<ul>\n<li>Unbegrenzte Variationen von Galeriebildern<\/li>\n<li>Galeriebilder in der Shop-Schleife anzeigen (Single Variation Plugin erforderlich)<\/li>\n<li>Mehrere Galerie-Optionen<\/li>\n<\/ul>\n<a href=\"https:\/\/demos.welaunch.io\/woocommerce-variation-gallery-images\/product\/variable-t-shirt\/?attribute_pa_color=red\" target=\"_blank\" class=\"button white is-link\" rel=\"noopener\">\n\t\t<span>Demo anzeigen<\/span>\n\t<\/a>\n\n\t\t<\/div>\n\t\t\t\t\t<\/div>\n\n\t\n\n\t<div id=\"col-900534040\" class=\"col medium-12 small-12 large-6\"  >\n\t\t\t\t<div class=\"col-inner text-center\"  >\n\t\t\t\n\t\t\t\n<div class=\"video video-fit mb box-shadow-2 box-shadow-3-hover\" style=\"padding-top:56.25%;\"><p><iframe title=\"WooCommerce Variation Gallery Images\" width=\"1020\" height=\"574\" src=\"https:\/\/www.youtube.com\/embed\/_ury1jtPDcw?feature=oembed\" frameborder=\"0\" allow=\"accelerometer; autoplay; clipboard-write; encrypted-media; gyroscope; picture-in-picture\" allowfullscreen><\/iframe><\/p>\n<\/div>\n\t\t<\/div>\n\t\t\t\t\t<\/div>\n\n\t\n<\/div>\n\t\t<\/div>\n\n\t\t\n<style>\n#section_1283086122 {\n  padding-top: 40px;\n  padding-bottom: 40px;\n}\n#section_1283086122 .section-bg-overlay {\n  background-color: rgb(49, 113, 238);\n}\n@media (min-width:550px) {\n  #section_1283086122 {\n    padding-top: 50px;\n    padding-bottom: 50px;\n  }\n}\n@media (min-width:850px) {\n  #section_1283086122 {\n    padding-top: 80px;\n    padding-bottom: 80px;\n  }\n}\n<\/style>\n\t<\/section>\n\t\n\n\t<section class=\"section\" id=\"section_403783040\">\n\t\t<div class=\"section-bg fill\" >\n\t\t\t\t\t\t\t\t\t\n\t\t\t\n\n\t\t<\/div>\n\n\t\t\n\n\t\t<div class=\"section-content relative\">\n\t\t\t\n<div class=\"row align-middle align-center\"  id=\"row-596470766\">\n\n\t<div id=\"col-1453158741\" class=\"col medium-12 small-12 large-6\"  >\n\t\t\t\t<div class=\"col-inner text-center\"  >\n\t\t\t\n\t\t\t\n\t<div class=\"img has-hover x md-x lg-x y md-y lg-y\" id=\"image_1350499700\">\n\t\t\t\t\t\t<div data-animate=\"fadeInLeft\">\t\t<div class=\"img-inner dark\" >\n\t\t\t<img loading=\"lazy\" decoding=\"async\" width=\"1020\" height=\"403\" src=\"https:\/\/www.welaunch.io\/de\/wp-content\/uploads\/sites\/11\/2021\/02\/Show-Variation-Gallery-images-in-Shop-Loop-amp-Categories-1024x405.jpg\" class=\"attachment-large size-large\" alt=\"\" srcset=\"https:\/\/www.welaunch.io\/de\/wp-content\/uploads\/sites\/11\/2021\/02\/Show-Variation-Gallery-images-in-Shop-Loop-amp-Categories-1024x405.jpg 1024w, https:\/\/www.welaunch.io\/de\/wp-content\/uploads\/sites\/11\/2021\/02\/Show-Variation-Gallery-images-in-Shop-Loop-amp-Categories-300x119.jpg 300w, https:\/\/www.welaunch.io\/de\/wp-content\/uploads\/sites\/11\/2021\/02\/Show-Variation-Gallery-images-in-Shop-Loop-amp-Categories-768x304.jpg 768w, https:\/\/www.welaunch.io\/de\/wp-content\/uploads\/sites\/11\/2021\/02\/Show-Variation-Gallery-images-in-Shop-Loop-amp-Categories-500x198.jpg 500w, https:\/\/www.welaunch.io\/de\/wp-content\/uploads\/sites\/11\/2021\/02\/Show-Variation-Gallery-images-in-Shop-Loop-amp-Categories-1000x396.jpg 1000w, https:\/\/www.welaunch.io\/de\/wp-content\/uploads\/sites\/11\/2021\/02\/Show-Variation-Gallery-images-in-Shop-Loop-amp-Categories.jpg 1157w\" sizes=\"auto, (max-width: 1020px) 100vw, 1020px\" \/>\t\t\t\t\t\t\n\t\t\t\t\t<\/div>\n\t\t<\/div>\t\t\t\t\t\t\n<style>\n#image_1350499700 {\n  width: 100%;\n}\n<\/style>\n\t<\/div>\n\t\n\t\t<\/div>\n\t\t\t\t\t<\/div>\n\n\t\n\n\t<div id=\"col-788071611\" class=\"col medium-12 small-12 large-6 medium-col-first\"  >\n\t\t\t\t<div class=\"col-inner\"  >\n\t\t\t\n\t\t\t\n<h2>Variantenbilder in Produktkategorien anzeigen<\/h2>\n<p>Wenn Sie bereits unser Plugin &#8220;WooCommerce Show single variations&#8221; verwenden, dann k\u00f6nnen Sie unser Plugin &#8220;Gallery images&#8221; verwenden, um das zweite Galeriebild direkt in Ihren Produktkategorien anzuzeigen (e.g. bei Hover). Wenn Sie ein beliebtes Theme wie Flatsome verwenden, dann funktioniert es ohne Komplikationen.<\/p>\n<a href=\"https:\/\/demos.welaunch.io\/woocommerce-variation-gallery-images\/\" target=\"_blank\" class=\"button primary is-link\" rel=\"noopener\">\n\t\t<span>Demo anzeigen<\/span>\n\t<\/a>\n\n\t\t<\/div>\n\t\t\t\t\t<\/div>\n\n\t\n<\/div>\n\t\t<\/div>\n\n\t\t\n<style>\n#section_403783040 {\n  padding-top: 20px;\n  padding-bottom: 20px;\n}\n@media (min-width:550px) {\n  #section_403783040 {\n    padding-top: 50px;\n    padding-bottom: 50px;\n  }\n}\n@media (min-width:850px) {\n  #section_403783040 {\n    padding-top: 80px;\n    padding-bottom: 80px;\n  }\n}\n<\/style>\n\t<\/section>\n\t\n\n\t<section class=\"section dark\" id=\"section_1580754763\">\n\t\t<div class=\"section-bg fill\" >\n\t\t\t\t\t\t\t\t\t<div class=\"section-bg-overlay absolute fill\"><\/div>\n\t\t\t\n\n\t\t<\/div>\n\n\t\t\n\n\t\t<div class=\"section-content relative\">\n\t\t\t\n<div class=\"row align-middle align-center\"  id=\"row-1933641403\">\n\n\t<div id=\"col-665185265\" class=\"col medium-12 small-12 large-6\"  >\n\t\t\t\t<div class=\"col-inner\"  >\n\t\t\t\n\t\t\t\n<h2>Unz\u00e4hlige WooCommerce Galerie Bilder Optionen<\/h2>\n<p>Da wir eines der beliebtesten Karussell-Plugins verwenden, haben wir es m\u00f6glich gemacht, dass Sie alle Optionen nutzen k\u00f6nnen. Aktivieren oder deaktivieren Sie Optionen in den Plugin-Einstellungen mit Leichtigkeit und Sie werden alle \u00c4nderungen live sehen.<\/p>\n<ul>\n<li>Pfeilnavigation<\/li>\n<li>Seiten per Punktnavigation<\/li>\n<li>Vollbildfunktionalit\u00e4t<\/li>\n<li>Komplettes ersetzen der Standard Gallerie<\/li>\n<\/ul>\n<a href=\"https:\/\/demos.welaunch.io\/woocommerce-variation-gallery-images\/product\/variable-t-shirt\/\" target=\"_blank\" class=\"button white is-link\" rel=\"noopener\">\n\t\t<span>Demo anzeigen<\/span>\n\t<\/a>\n\n\t\t<\/div>\n\t\t\t\t\t<\/div>\n\n\t\n\n\t<div id=\"col-810514973\" class=\"col medium-12 small-12 large-6\"  >\n\t\t\t\t<div class=\"col-inner text-center\"  >\n\t\t\t\n\t\t\t\n\t<div class=\"img has-hover x md-x lg-x y md-y lg-y\" id=\"image_1662244138\">\n\t\t<a class=\"image-lightbox lightbox-gallery\" title=\"\" href=\"https:\/\/www.welaunch.io\/de\/wp-content\/uploads\/sites\/11\/2021\/02\/Multiple-WooCommerce-Gallery-Images-Options-1024x512-1.png\">\t\t\t\t<div data-animate=\"fadeInRight\">\t\t<div class=\"img-inner box-shadow-3-hover dark\" >\n\t\t\t<img loading=\"lazy\" decoding=\"async\" width=\"1020\" height=\"510\" src=\"https:\/\/www.welaunch.io\/de\/wp-content\/uploads\/sites\/11\/2021\/02\/Multiple-WooCommerce-Gallery-Images-Options-1024x512-1.png\" class=\"attachment-large size-large\" alt=\"\" srcset=\"https:\/\/www.welaunch.io\/de\/wp-content\/uploads\/sites\/11\/2021\/02\/Multiple-WooCommerce-Gallery-Images-Options-1024x512-1.png 1024w, https:\/\/www.welaunch.io\/de\/wp-content\/uploads\/sites\/11\/2021\/02\/Multiple-WooCommerce-Gallery-Images-Options-1024x512-1-300x150.png 300w, https:\/\/www.welaunch.io\/de\/wp-content\/uploads\/sites\/11\/2021\/02\/Multiple-WooCommerce-Gallery-Images-Options-1024x512-1-768x384.png 768w, https:\/\/www.welaunch.io\/de\/wp-content\/uploads\/sites\/11\/2021\/02\/Multiple-WooCommerce-Gallery-Images-Options-1024x512-1-500x250.png 500w, https:\/\/www.welaunch.io\/de\/wp-content\/uploads\/sites\/11\/2021\/02\/Multiple-WooCommerce-Gallery-Images-Options-1024x512-1-1000x500.png 1000w\" sizes=\"auto, (max-width: 1020px) 100vw, 1020px\" \/>\t\t\t\t\t\t\n\t\t\t\t\t<\/div>\n\t\t<\/div>\t\t\t\t<\/a>\t\t\n<style>\n#image_1662244138 {\n  width: 100%;\n}\n<\/style>\n\t<\/div>\n\t\n\t\t<\/div>\n\t\t\t\t\t<\/div>\n\n\t\n<\/div>\n\t\t<\/div>\n\n\t\t\n<style>\n#section_1580754763 {\n  padding-top: 40px;\n  padding-bottom: 40px;\n}\n#section_1580754763 .section-bg-overlay {\n  background-color: #3171ee;\n}\n@media (min-width:550px) {\n  #section_1580754763 {\n    padding-top: 50px;\n    padding-bottom: 50px;\n  }\n}\n@media (min-width:850px) {\n  #section_1580754763 {\n    padding-top: 80px;\n    padding-bottom: 80px;\n  }\n}\n<\/style>\n\t<\/section>\n\t\n\n\t<section class=\"section\" id=\"section_331505408\">\n\t\t<div class=\"section-bg fill\" >\n\t\t\t\t\t\t\t\t\t\n\t\t\t\n\n\t\t<\/div>\n\n\t\t\n\n\t\t<div class=\"section-content relative\">\n\t\t\t\n<div class=\"row align-middle align-center\"  id=\"row-599559281\">\n\n\t<div id=\"col-867430960\" class=\"col medium-12 small-12 large-6\"  >\n\t\t\t\t<div class=\"col-inner text-center\"  >\n\t\t\t\n\t\t\t\n\t<div class=\"img has-hover x md-x lg-x y md-y lg-y\" id=\"image_1231739860\">\n\t\t\t\t\t\t<div data-animate=\"fadeInLeft\">\t\t<div class=\"img-inner dark\" >\n\t\t\t<img loading=\"lazy\" decoding=\"async\" width=\"1020\" height=\"552\" src=\"https:\/\/www.welaunch.io\/de\/wp-content\/uploads\/sites\/11\/2021\/02\/Keep-Variable-gallery-images-2048x1107-1-1024x554.jpg\" class=\"attachment-large size-large\" alt=\"\" srcset=\"https:\/\/www.welaunch.io\/de\/wp-content\/uploads\/sites\/11\/2021\/02\/Keep-Variable-gallery-images-2048x1107-1-1024x554.jpg 1024w, https:\/\/www.welaunch.io\/de\/wp-content\/uploads\/sites\/11\/2021\/02\/Keep-Variable-gallery-images-2048x1107-1-300x162.jpg 300w, https:\/\/www.welaunch.io\/de\/wp-content\/uploads\/sites\/11\/2021\/02\/Keep-Variable-gallery-images-2048x1107-1-768x415.jpg 768w, https:\/\/www.welaunch.io\/de\/wp-content\/uploads\/sites\/11\/2021\/02\/Keep-Variable-gallery-images-2048x1107-1-1536x830.jpg 1536w, https:\/\/www.welaunch.io\/de\/wp-content\/uploads\/sites\/11\/2021\/02\/Keep-Variable-gallery-images-2048x1107-1-500x270.jpg 500w, https:\/\/www.welaunch.io\/de\/wp-content\/uploads\/sites\/11\/2021\/02\/Keep-Variable-gallery-images-2048x1107-1-1000x541.jpg 1000w, https:\/\/www.welaunch.io\/de\/wp-content\/uploads\/sites\/11\/2021\/02\/Keep-Variable-gallery-images-2048x1107-1.jpg 2048w\" sizes=\"auto, (max-width: 1020px) 100vw, 1020px\" \/>\t\t\t\t\t\t\n\t\t\t\t\t<\/div>\n\t\t<\/div>\t\t\t\t\t\t\n<style>\n#image_1231739860 {\n  width: 100%;\n}\n<\/style>\n\t<\/div>\n\t\n\t\t<\/div>\n\t\t\t\t\t<\/div>\n\n\t\n\n\t<div id=\"col-1123796023\" class=\"col medium-12 small-12 large-6 medium-col-first\"  >\n\t\t\t\t<div class=\"col-inner\"  >\n\t\t\t\n\t\t\t\n<h2>Variable Galeriebilder beibehalten<\/h2>\n<p>Andere Plugins entfernen oft die Standard-Variable Produktgalerie. Wir haben eine Option, um diese Bilder zu behalten. Damit k\u00f6nnen Sie weiterhin allgemeine Produktdetailbilder f\u00fcr jede Variante anzeigen, anstatt sie jeder Variante manuell zuzuordnen.<\/p>\n<a href=\"https:\/\/demos.welaunch.io\/woocommerce-variation-gallery-images\/product\/variable-t-shirt\/\" target=\"_blank\" class=\"button primary is-link\" rel=\"noopener\">\n\t\t<span>Demo anzeigen<\/span>\n\t<\/a>\n\n\t\t<\/div>\n\t\t\t\t\t<\/div>\n\n\t\n<\/div>\n\t\t<\/div>\n\n\t\t\n<style>\n#section_331505408 {\n  padding-top: 40px;\n  padding-bottom: 40px;\n}\n@media (min-width:550px) {\n  #section_331505408 {\n    padding-top: 50px;\n    padding-bottom: 50px;\n  }\n}\n@media (min-width:850px) {\n  #section_331505408 {\n    padding-top: 80px;\n    padding-bottom: 80px;\n  }\n}\n<\/style>\n\t<\/section>\n\t\n\n\t<section class=\"section dark\" id=\"section_1333490234\">\n\t\t<div class=\"section-bg fill\" >\n\t\t\t\t\t\t\t\t\t<div class=\"section-bg-overlay absolute fill\"><\/div>\n\t\t\t\n\n\t\t<\/div>\n\n\t\t\n\n\t\t<div class=\"section-content relative\">\n\t\t\t\n<div class=\"row align-middle align-center\"  id=\"row-250084628\">\n\n\t<div id=\"col-639745414\" class=\"col medium-12 small-12 large-6 medium-col-first\"  >\n\t\t\t\t<div class=\"col-inner\"  >\n\t\t\t\n\t\t\t\n<h2>Alle Variationsbilder in der Variablengalerie anzeigen<\/h2>\n<p>Mit der Aktivierung einer Einstellung k\u00f6nnen Sie alle Variationsbilder in Ihrer variablen Produktgalerie anzeigen. Keine manuelle Zuordnung von Galeriebildern zu jeder Variation und Variable mehr.<\/p>\n<a href=\"https:\/\/demos.welaunch.io\/woocommerce-variation-gallery-images\/product\/variable-t-shirt\/\" target=\"_blank\" class=\"button white is-link\" rel=\"noopener\">\n\t\t<span>Admin-Demo anzeigen<\/span>\n\t<\/a>\n\n\t\t<\/div>\n\t\t\t\t\t<\/div>\n\n\t\n\n\t<div id=\"col-455157858\" class=\"col medium-12 small-12 large-6 small-col-first\"  >\n\t\t\t\t<div class=\"col-inner text-center\"  >\n\t\t\t\n\t\t\t\n\t<div class=\"img has-hover x md-x lg-x y md-y lg-y\" id=\"image_1731452422\">\n\t\t\t\t\t\t<div data-animate=\"fadeInRight\">\t\t<div class=\"img-inner box-shadow-3 dark\" >\n\t\t\t<img loading=\"lazy\" decoding=\"async\" width=\"1020\" height=\"631\" src=\"https:\/\/www.welaunch.io\/de\/wp-content\/uploads\/sites\/11\/2021\/02\/show-all-variation-images-in-Variable-Gallery-1024x633.png\" class=\"attachment-large size-large\" alt=\"\" srcset=\"https:\/\/www.welaunch.io\/de\/wp-content\/uploads\/sites\/11\/2021\/02\/show-all-variation-images-in-Variable-Gallery-1024x633.png 1024w, https:\/\/www.welaunch.io\/de\/wp-content\/uploads\/sites\/11\/2021\/02\/show-all-variation-images-in-Variable-Gallery-300x185.png 300w, https:\/\/www.welaunch.io\/de\/wp-content\/uploads\/sites\/11\/2021\/02\/show-all-variation-images-in-Variable-Gallery-768x475.png 768w, https:\/\/www.welaunch.io\/de\/wp-content\/uploads\/sites\/11\/2021\/02\/show-all-variation-images-in-Variable-Gallery-500x309.png 500w, https:\/\/www.welaunch.io\/de\/wp-content\/uploads\/sites\/11\/2021\/02\/show-all-variation-images-in-Variable-Gallery-1000x618.png 1000w, https:\/\/www.welaunch.io\/de\/wp-content\/uploads\/sites\/11\/2021\/02\/show-all-variation-images-in-Variable-Gallery.png 1225w\" sizes=\"auto, (max-width: 1020px) 100vw, 1020px\" \/>\t\t\t\t\t\t\n\t\t\t\t\t<\/div>\n\t\t<\/div>\t\t\t\t\t\t\n<style>\n#image_1731452422 {\n  width: 100%;\n}\n<\/style>\n\t<\/div>\n\t\n\t\t<\/div>\n\t\t\t\t\t<\/div>\n\n\t\n<\/div>\n\t\t<\/div>\n\n\t\t\n<style>\n#section_1333490234 {\n  padding-top: 40px;\n  padding-bottom: 40px;\n}\n#section_1333490234 .section-bg-overlay {\n  background-color: #3171ee;\n}\n@media (min-width:550px) {\n  #section_1333490234 {\n    padding-top: 50px;\n    padding-bottom: 50px;\n  }\n}\n@media (min-width:850px) {\n  #section_1333490234 {\n    padding-top: 80px;\n    padding-bottom: 80px;\n  }\n}\n<\/style>\n\t<\/section>\n\t\n\n\t<section class=\"section\" id=\"section_1295199241\">\n\t\t<div class=\"section-bg fill\" >\n\t\t\t\t\t\t\t\t\t\n\t\t\t\n\n\t\t<\/div>\n\n\t\t\n\n\t\t<div class=\"section-content relative\">\n\t\t\t\n<div class=\"row align-middle align-center\"  id=\"row-2064268691\">\n\n\t<div id=\"col-416351212\" class=\"col medium-12 small-12 large-6\"  >\n\t\t\t\t<div class=\"col-inner text-center\"  >\n\t\t\t\n\t\t\t\n\t<div class=\"img has-hover x md-x lg-x y md-y lg-y\" id=\"image_1505474673\">\n\t\t<a class=\"image-lightbox lightbox-gallery\" title=\"\" href=\"https:\/\/www.welaunch.io\/de\/wp-content\/uploads\/sites\/11\/2021\/02\/variation-gallery-images-admin-panel.png\">\t\t\t\t\t\t<div class=\"img-inner box-shadow-2 box-shadow-3-hover dark\" >\n\t\t\t<img loading=\"lazy\" decoding=\"async\" width=\"986\" height=\"716\" src=\"https:\/\/www.welaunch.io\/de\/wp-content\/uploads\/sites\/11\/2021\/02\/variation-gallery-images-admin-panel.png\" class=\"attachment-large size-large\" alt=\"\" srcset=\"https:\/\/www.welaunch.io\/de\/wp-content\/uploads\/sites\/11\/2021\/02\/variation-gallery-images-admin-panel.png 986w, https:\/\/www.welaunch.io\/de\/wp-content\/uploads\/sites\/11\/2021\/02\/variation-gallery-images-admin-panel-300x218.png 300w, https:\/\/www.welaunch.io\/de\/wp-content\/uploads\/sites\/11\/2021\/02\/variation-gallery-images-admin-panel-768x558.png 768w, https:\/\/www.welaunch.io\/de\/wp-content\/uploads\/sites\/11\/2021\/02\/variation-gallery-images-admin-panel-500x363.png 500w\" sizes=\"auto, (max-width: 986px) 100vw, 986px\" \/>\t\t\t\t\t\t\n\t\t\t\t\t<\/div>\n\t\t\t\t\t\t<\/a>\t\t\n<style>\n#image_1505474673 {\n  width: 100%;\n}\n<\/style>\n\t<\/div>\n\t\n\t\t<\/div>\n\t\t\t\t\t<\/div>\n\n\t\n\n\t<div id=\"col-889083755\" class=\"col medium-12 small-12 large-6 medium-col-first\"  >\n\t\t\t\t<div class=\"col-inner\"  >\n\t\t\t\n\t\t\t\n<h2>Voll anpassbar &amp; Individuell<\/h2>\n<p>Alle Funktionen unseres Plugins sind unabh\u00e4ngig voneinander und k\u00f6nnen nach Belieben ein- oder ausgeschaltet werden. So passt sich unser Plugin perfekt Ihrem derzeitigen Shop look &amp; feel an.<\/p>\n<a href=\"https:\/\/demos.welaunch.io\/woocommerce-variation-gallery-images\/wp-admin\/admin.php?page=woocommerce_variation_gallery_images_options_options\" target=\"_blank\" class=\"button primary is-link\" rel=\"noopener\">\n\t\t<span>Admin-Demo anzeigen<\/span>\n\t<\/a>\n\n\t\t<\/div>\n\t\t\t\t\t<\/div>\n\n\t\n<\/div>\n\t\t<\/div>\n\n\t\t\n<style>\n#section_1295199241 {\n  padding-top: 20px;\n  padding-bottom: 20px;\n}\n@media (min-width:550px) {\n  #section_1295199241 {\n    padding-top: 50px;\n    padding-bottom: 50px;\n  }\n}\n@media (min-width:850px) {\n  #section_1295199241 {\n    padding-top: 80px;\n    padding-bottom: 80px;\n  }\n}\n<\/style>\n\t<\/section>\n\t\n","protected":false},"excerpt":{"rendered":"<p>Steigern Sie den Umsatz und zeigen Sie alle Ihre Produktdetails mit einer neuen \/ intuitiven WooCommerce Produktgalerie. F\u00fcgen Sie mit Leichtigkeit unbegrenzte Galeriebilder zu Ihren WooCommerce-Variationsprodukten hinzu.<\/p>\n","protected":false},"featured_media":6196,"comment_status":"open","ping_status":"closed","template":"","meta":{"inline_featured_image":false},"product_brand":[],"product_cat":[43,41],"product_tag":[],"class_list":{"0":"post-6195","1":"product","2":"type-product","3":"status-publish","4":"has-post-thumbnail","6":"product_cat-woocommerce-plugins","7":"product_cat-plugins","9":"first","10":"instock","11":"shipping-taxable","12":"purchasable","13":"product-type-variable"},"_links":{"self":[{"href":"https:\/\/www.welaunch.io\/de\/wp-json\/wp\/v2\/product\/6195","targetHints":{"allow":["GET"]}}],"collection":[{"href":"https:\/\/www.welaunch.io\/de\/wp-json\/wp\/v2\/product"}],"about":[{"href":"https:\/\/www.welaunch.io\/de\/wp-json\/wp\/v2\/types\/product"}],"replies":[{"embeddable":true,"href":"https:\/\/www.welaunch.io\/de\/wp-json\/wp\/v2\/comments?post=6195"}],"wp:featuredmedia":[{"embeddable":true,"href":"https:\/\/www.welaunch.io\/de\/wp-json\/wp\/v2\/media\/6196"}],"wp:attachment":[{"href":"https:\/\/www.welaunch.io\/de\/wp-json\/wp\/v2\/media?parent=6195"}],"wp:term":[{"taxonomy":"product_brand","embeddable":true,"href":"https:\/\/www.welaunch.io\/de\/wp-json\/wp\/v2\/product_brand?post=6195"},{"taxonomy":"product_cat","embeddable":true,"href":"https:\/\/www.welaunch.io\/de\/wp-json\/wp\/v2\/product_cat?post=6195"},{"taxonomy":"product_tag","embeddable":true,"href":"https:\/\/www.welaunch.io\/de\/wp-json\/wp\/v2\/product_tag?post=6195"}],"curies":[{"name":"wp","href":"https:\/\/api.w.org\/{rel}","templated":true}]}}