{"id":4652,"date":"2020-07-08T14:10:11","date_gmt":"2020-07-08T12:10:11","guid":{"rendered":"https:\/\/www.welaunch.io\/de\/?post_type=product&#038;p=4652"},"modified":"2025-08-28T13:56:47","modified_gmt":"2025-08-28T11:56:47","slug":"wordpress-multisite-sync","status":"publish","type":"product","link":"https:\/\/www.welaunch.io\/de\/product\/wordpress-multisite-sync\/","title":{"rendered":"WordPress Multisite-Synchronisation"},"content":{"rendered":"\n\t<section class=\"section\" id=\"section_470392016\">\n\t\t<div class=\"section-bg fill\" >\n\t\t\t\t\t\t\t\t\t\n\t\t\t\n\n\t\t<\/div>\n\n\t\t\n\n\t\t<div class=\"section-content relative\">\n\t\t\t<div class=\"row row-solid\"  id=\"row-562452532\">\n\t<div id=\"col-160145359\" class=\"col medium-4 small-12 large-4\"  >\n\t\t\t\t<div class=\"col-inner text-center\"  >\n\t\t\t\n\t\t\t\n\t\t<div class=\"icon-box featured-box icon-box-center text-center\"  >\n\t\t\t\t\t<div class=\"icon-box-img\" style=\"width: 59px\">\n\t\t\t\t<div class=\"icon\">\n\t\t\t\t\t<div class=\"icon-inner\" style=\"color:rgb(101, 28, 255);\">\n\t\t\t\t\t\t<svg xmlns=\"http:\/\/www.w3.org\/2000\/svg\" viewBox=\"0 0 576 512\"><path d=\"M160 416h64v-32h-64v32zm32-192c-17.7 0-32 14.3-32 32s14.3 32 32 32 32-14.3 32-32-14.3-32-32-32zm192 0c-17.7 0-32 14.3-32 32s14.3 32 32 32 32-14.3 32-32-14.3-32-32-32zm160 0h-32v-32c0-53-43-96-96-96H304V16c0-8.8-7.2-16-16-16s-16 7.2-16 16v80H160c-53 0-96 43-96 96v32H32c-17.7 0-32 14.3-32 32v128c0 17.7 14.3 32 32 32h32v32c0 35.3 28.7 64 64 64h320c35.3 0 64-28.7 64-64v-32h32c17.7 0 32-14.3 32-32V256c0-17.7-14.3-32-32-32zM64 384H32V256h32v128zm416 64c0 17.6-14.4 32-32 32H128c-17.6 0-32-14.4-32-32V192c0-35.3 28.7-64 64-64h256c35.3 0 64 28.7 64 64v256zm64-64h-32V256h32v128zm-192 32h64v-32h-64v32zm-96 0h64v-32h-64v32z\"\/><\/svg>\t\t\t\t\t<\/div>\n\t\t\t\t<\/div>\n\t\t\t<\/div>\n\t\t\t\t<div class=\"icon-box-text last-reset\">\n\t\t\t<h5 class=\"uppercase\">Sync Cronjobs<\/h5>\t\t\t\t\t\tAusf\u00fchren mehrerer Cronjobs von einer Unterwebsite, um Beitr\u00e4ge oder Seiten mit einer oder mehreren anderen Unterwebsites zu synchronisieren.\t\t<\/div>\n\t<\/div>\n\t\n\t\t\t<\/div>\n\t\t\t\t\t<\/div>\n\n\t\n\t<div id=\"col-82425363\" class=\"col medium-4 small-12 large-4\"  >\n\t\t\t\t<div class=\"col-inner text-center\"  >\n\t\t\t\n\t\t\t\n\t\t<div class=\"icon-box featured-box icon-box-center text-center\"  >\n\t\t\t\t\t<div class=\"icon-box-img\" style=\"width: 59px\">\n\t\t\t\t<div class=\"icon\">\n\t\t\t\t\t<div class=\"icon-inner\" style=\"color:rgb(101, 28, 255);\">\n\t\t\t\t\t\t<svg xmlns=\"http:\/\/www.w3.org\/2000\/svg\" viewBox=\"0 0 512 512\"><path d=\"M492 8h-10c-6.627 0-12 5.373-12 12v110.627C426.929 57.261 347.224 8 256 8 123.228 8 14.824 112.338 8.31 243.493 7.971 250.311 13.475 256 20.301 256h10.016c6.353 0 11.646-4.949 11.977-11.293C48.157 132.216 141.097 42 256 42c82.862 0 154.737 47.077 190.289 116H332c-6.627 0-12 5.373-12 12v10c0 6.627 5.373 12 12 12h160c6.627 0 12-5.373 12-12V20c0-6.627-5.373-12-12-12zm-.301 248h-10.015c-6.352 0-11.647 4.949-11.977 11.293C463.841 380.158 370.546 470 256 470c-82.608 0-154.672-46.952-190.299-116H180c6.627 0 12-5.373 12-12v-10c0-6.627-5.373-12-12-12H20c-6.627 0-12 5.373-12 12v160c0 6.627 5.373 12 12 12h10c6.627 0 12-5.373 12-12V381.373C85.071 454.739 164.777 504 256 504c132.773 0 241.176-104.338 247.69-235.493.339-6.818-5.165-12.507-11.991-12.507z\"\/><\/svg>\t\t\t\t\t<\/div>\n\t\t\t\t<\/div>\n\t\t\t<\/div>\n\t\t\t\t<div class=\"icon-box-text last-reset\">\n\t\t\t<h5 class=\"uppercase\">Erstellen \/ Aktualisieren oder L\u00f6schen<\/h5>\t\t\t\t\t\tErstellen, aktualisieren oder l\u00f6schen Sie Beitr\u00e4ge automatisch innerhalb Ihrer WordPress-Multisite.\t\t<\/div>\n\t<\/div>\n\t\n\t\t\t<\/div>\n\t\t\t\t\t<\/div>\n\n\t\n\t<div id=\"col-564881994\" class=\"col medium-4 small-12 large-4\"  >\n\t\t\t\t<div class=\"col-inner text-center\"  >\n\t\t\t\n\t\t\t\n\t\t<div class=\"icon-box featured-box icon-box-center text-center\"  >\n\t\t\t\t\t<div class=\"icon-box-img\" style=\"width: 59px\">\n\t\t\t\t<div class=\"icon\">\n\t\t\t\t\t<div class=\"icon-inner\" style=\"color:rgb(101, 28, 255);\">\n\t\t\t\t\t\t<svg xmlns=\"http:\/\/www.w3.org\/2000\/svg\" viewBox=\"0 0 576 512\"><path d=\"M528.1 171.5L382 150.2 316.7 17.8c-11.7-23.6-45.6-23.9-57.4 0L194 150.2 47.9 171.5c-26.2 3.8-36.7 36.1-17.7 54.6l105.7 103-25 145.5c-4.5 26.3 23.2 46 46.4 33.7L288 439.6l130.7 68.7c23.2 12.2 50.9-7.4 46.4-33.7l-25-145.5 105.7-103c19-18.5 8.5-50.8-17.7-54.6zM405.8 317.9l27.8 162L288 403.5 142.5 480l27.8-162L52.5 203.1l162.7-23.6L288 32l72.8 147.5 162.7 23.6-117.7 114.8z\"\/><\/svg>\t\t\t\t\t<\/div>\n\t\t\t\t<\/div>\n\t\t\t<\/div>\n\t\t\t\t<div class=\"icon-box-text last-reset\">\n\t\t\t<h5 class=\"uppercase\">Alle Stellentypen werden unterst\u00fctzt<\/h5>\t\t\t\t\t\tBeitr\u00e4ge, Seiten und alle allgemeinen Beitragstypen werden unterst\u00fctzt. Dasselbe f\u00fcr WooCommerce-Produkte.\t\t<\/div>\n\t<\/div>\n\t\n\t\t\t<\/div>\n\t\t\t\t\t<\/div>\n\n\t<\/div>\t\t<\/div>\n\n\t\t\n<style>\n#section_470392016 {\n  padding-top: 30px;\n  padding-bottom: 30px;\n}\n<\/style>\n\t<\/section>\n\t\n\t<section class=\"section dark\" id=\"section_718484880\">\n\t\t<div class=\"section-bg fill\" >\n\t\t\t\t\t\t\t\t\t<div class=\"section-bg-overlay absolute fill\"><\/div>\n\t\t\t\n\n\t\t<\/div>\n\n\t\t\n\n\t\t<div class=\"section-content relative\">\n\t\t\t<div class=\"row align-middle align-center\"  id=\"row-593536125\">\n\t<div id=\"col-775055526\" class=\"col medium-12 small-12 large-6\"  >\n\t\t\t\t<div class=\"col-inner\"  >\n\t\t\t\n\t\t\t\n<h2>Synchronisieren von Beitr\u00e4gen innerhalb Ihrer WordPress Multisite<\/h2>\n<p>Halten Sie Ihre Beitr\u00e4ge innerhalb Ihrer WP-Multisite synchron. W\u00e4hlen Sie einfach einen Quellstandort und mehrere Zielstandorte aus, zu denen die Beitr\u00e4ge synchronisiert werden. Unser Plugin kann Folgendes erstellen, l\u00f6schen oder aktualisieren. Die H\u00e4ufigkeit kann auf verschiedene Werte wie st\u00fcndlich, t\u00e4glich, alle 10 Minuten ge\u00e4ndert werden, und jeder Posttyp kann separat eingestellt werden.<\/p>\n<ul>\n<li>Synchronisierung bei Ver\u00f6ffentlichung oder Aktualisierung ausf\u00fchren<\/li>\n<li>Synchronisieren von einem zu mehreren Standorten<\/li>\n<li>Cronjob-Wiederholung \u00e4ndern<\/li>\n<li>W\u00e4hlen Sie benutzerdefinierte Posttypen und Status zur Synchronisierung<\/li>\n<li>Synchronisieren Sie alle Daten (Begriffe, Metafelder, Taxonomien usw) einschlie\u00dflich Bilder<\/li>\n<\/ul>\n\t\t<\/div>\n\t\t\t\t\t<\/div>\n\n\t\n\t<div id=\"col-1529985696\" class=\"col medium-12 small-12 large-6\"  >\n\t\t\t\t<div class=\"col-inner text-center\"  >\n\t\t\t\n\t\t\t\t<div class=\"img has-hover x md-x lg-x y md-y lg-y\" id=\"image_639871756\">\n\t\t\t\t\t\t<div data-animate=\"fadeInRight\">\t\t<div class=\"img-inner box-shadow-2 box-shadow-3-hover dark\" >\n\t\t\t<img loading=\"lazy\" decoding=\"async\" width=\"1020\" height=\"569\" src=\"https:\/\/www.welaunch.io\/de\/wp-content\/uploads\/sites\/11\/2020\/07\/wordpress-multisite-sync-settings-1024x571.png\" class=\"attachment-large size-large\" alt=\"wordpress multisite sync settings\" srcset=\"https:\/\/www.welaunch.io\/de\/wp-content\/uploads\/sites\/11\/2020\/07\/wordpress-multisite-sync-settings-1024x571.png 1024w, https:\/\/www.welaunch.io\/de\/wp-content\/uploads\/sites\/11\/2020\/07\/wordpress-multisite-sync-settings-300x167.png 300w, https:\/\/www.welaunch.io\/de\/wp-content\/uploads\/sites\/11\/2020\/07\/wordpress-multisite-sync-settings-768x428.png 768w, https:\/\/www.welaunch.io\/de\/wp-content\/uploads\/sites\/11\/2020\/07\/wordpress-multisite-sync-settings-500x279.png 500w, https:\/\/www.welaunch.io\/de\/wp-content\/uploads\/sites\/11\/2020\/07\/wordpress-multisite-sync-settings-1000x558.png 1000w, https:\/\/www.welaunch.io\/de\/wp-content\/uploads\/sites\/11\/2020\/07\/wordpress-multisite-sync-settings.png 1078w\" sizes=\"auto, (max-width: 1020px) 100vw, 1020px\" \/>\t\t\t\t\t\t\n\t\t\t\t\t<\/div>\n\t\t<\/div>\t\t\t\t\t\t\n<style>\n#image_639871756 {\n  width: 100%;\n}\n<\/style>\n\t<\/div>\n\t\t\t<\/div>\n\t\t\t\t\t<\/div>\n\n\t<\/div>\t\t<\/div>\n\n\t\t\n<style>\n#section_718484880 {\n  padding-top: 40px;\n  padding-bottom: 40px;\n}\n#section_718484880 .section-bg-overlay {\n  background-color: rgb(49, 113, 238);\n}\n@media (min-width:550px) {\n  #section_718484880 {\n    padding-top: 50px;\n    padding-bottom: 50px;\n  }\n}\n@media (min-width:850px) {\n  #section_718484880 {\n    padding-top: 80px;\n    padding-bottom: 80px;\n  }\n}\n<\/style>\n\t<\/section>\n\t\n","protected":false},"excerpt":{"rendered":"<p>Synchronisieren Sie Ihre Beitr\u00e4ge, Seiten, Produkte und mehr innerhalb Ihrer WordPress Multisite. Erstellen Sie bis zu 10 verschiedene Cronjobs, w\u00e4hlen Sie Quelle &amp; Zielseite(n) und die Daten, die Sie synchronisieren m\u00f6chten.<\/p>\n","protected":false},"featured_media":4891,"comment_status":"open","ping_status":"closed","template":"","meta":{"inline_featured_image":false},"product_brand":[],"product_cat":[41,44],"product_tag":[],"class_list":{"0":"post-4652","1":"product","2":"type-product","3":"status-publish","4":"has-post-thumbnail","6":"product_cat-plugins","7":"product_cat-wordpress-plugins","9":"first","10":"instock","11":"shipping-taxable","12":"purchasable","13":"product-type-variable"},"_links":{"self":[{"href":"https:\/\/www.welaunch.io\/de\/wp-json\/wp\/v2\/product\/4652","targetHints":{"allow":["GET"]}}],"collection":[{"href":"https:\/\/www.welaunch.io\/de\/wp-json\/wp\/v2\/product"}],"about":[{"href":"https:\/\/www.welaunch.io\/de\/wp-json\/wp\/v2\/types\/product"}],"replies":[{"embeddable":true,"href":"https:\/\/www.welaunch.io\/de\/wp-json\/wp\/v2\/comments?post=4652"}],"wp:featuredmedia":[{"embeddable":true,"href":"https:\/\/www.welaunch.io\/de\/wp-json\/wp\/v2\/media\/4891"}],"wp:attachment":[{"href":"https:\/\/www.welaunch.io\/de\/wp-json\/wp\/v2\/media?parent=4652"}],"wp:term":[{"taxonomy":"product_brand","embeddable":true,"href":"https:\/\/www.welaunch.io\/de\/wp-json\/wp\/v2\/product_brand?post=4652"},{"taxonomy":"product_cat","embeddable":true,"href":"https:\/\/www.welaunch.io\/de\/wp-json\/wp\/v2\/product_cat?post=4652"},{"taxonomy":"product_tag","embeddable":true,"href":"https:\/\/www.welaunch.io\/de\/wp-json\/wp\/v2\/product_tag?post=4652"}],"curies":[{"name":"wp","href":"https:\/\/api.w.org\/{rel}","templated":true}]}}