{"id":4631,"date":"2020-07-06T15:59:23","date_gmt":"2020-07-06T13:59:23","guid":{"rendered":"https:\/\/www.welaunch.io\/de\/?post_type=product&#038;p=4631"},"modified":"2023-03-14T02:10:20","modified_gmt":"2023-03-14T01:10:20","slug":"vc-restaurant-menu","status":"publish","type":"product","link":"https:\/\/www.welaunch.io\/de\/product\/vc-restaurant-menu\/","title":{"rendered":"WPBakery Page Builder Restaurant-Men\u00fc"},"content":{"rendered":"\n\t<section class=\"section\" id=\"section_1991264831\">\n\t\t<div class=\"section-bg fill\" >\n\t\t\t\t\t\t\t\t\t\n\t\t\t\n\n\t\t<\/div>\n\n\t\t\n\n\t\t<div class=\"section-content relative\">\n\t\t\t<div class=\"row row-solid\"  id=\"row-526333311\">\n\t<div id=\"col-1307083591\" class=\"col medium-4 small-12 large-4\"  >\n\t\t\t\t<div class=\"col-inner text-center\"  >\n\t\t\t\n\t\t\t\n\t\t<div class=\"icon-box featured-box icon-box-center text-center\"  >\n\t\t\t\t\t<div class=\"icon-box-img\" style=\"width: 50px\">\n\t\t\t\t<div class=\"icon\">\n\t\t\t\t\t<div class=\"icon-inner\" style=\"color:rgb(101, 28, 255);\">\n\t\t\t\t\t\t<svg xmlns=\"http:\/\/www.w3.org\/2000\/svg\" viewBox=\"0 0 448 512\"><path d=\"M224 32c106 0 192 28.75 192 64v32c0 35.25-86 64-192 64S32 163.25 32 128V96c0-35.25 86-64 192-64m192 149.5V224c0 35.25-86 64-192 64S32 259.25 32 224v-42.5c41.25 29 116.75 42.5 192 42.5s150.749-13.5 192-42.5m0 96V320c0 35.25-86 64-192 64S32 355.25 32 320v-42.5c41.25 29 116.75 42.5 192 42.5s150.749-13.5 192-42.5m0 96V416c0 35.25-86 64-192 64S32 451.25 32 416v-42.5c41.25 29 116.75 42.5 192 42.5s150.749-13.5 192-42.5M224 0C145.858 0 0 18.801 0 96v320c0 77.338 146.096 96 224 96 78.142 0 224-18.801 224-96V96c0-77.338-146.096-96-224-96z\"\/><\/svg>\t\t\t\t\t<\/div>\n\t\t\t\t<\/div>\n\t\t\t<\/div>\n\t\t\t\t<div class=\"icon-box-text last-reset\">\n\t\t\t<h5 class=\"uppercase\">Men\u00fcnummer, Name &amp;Ampel; Preis<\/h5>\t\t\t\t\t\tErstellen von Men\u00fcpunkten einschlie\u00dflich Anzahl, Name, Preis und Beschreibung mit WPBakery Page Builder.\t\t<\/div>\n\t<\/div>\n\t\n\t\t\t<\/div>\n\t\t\t\t\t<\/div>\n\n\t\n\t<div id=\"col-1311490729\" class=\"col medium-4 small-12 large-4\"  >\n\t\t\t\t<div class=\"col-inner\"  >\n\t\t\t\n\t\t\t\n\t\t<div class=\"icon-box featured-box icon-box-center text-center\"  >\n\t\t\t\t\t<div class=\"icon-box-img\" style=\"width: 69px\">\n\t\t\t\t<div class=\"icon\">\n\t\t\t\t\t<div class=\"icon-inner\" style=\"color:rgb(101, 28, 255);\">\n\t\t\t\t\t\t<svg xmlns=\"http:\/\/www.w3.org\/2000\/svg\" viewBox=\"0 0 576 512\"><path d=\"M528 32H112c-26.51 0-48 21.49-48 48v16H48c-26.51 0-48 21.49-48 48v288c0 26.51 21.49 48 48 48h416c26.51 0 48-21.49 48-48v-16h16c26.51 0 48-21.49 48-48V80c0-26.51-21.49-48-48-48zm-48 400c0 8.822-7.178 16-16 16H48c-8.822 0-16-7.178-16-16V144c0-8.822 7.178-16 16-16h16v240c0 26.51 21.49 48 48 48h368v16zm64-64c0 8.822-7.178 16-16 16H112c-8.822 0-16-7.178-16-16V80c0-8.822 7.178-16 16-16h416c8.822 0 16 7.178 16 16v288zM176 200c30.928 0 56-25.072 56-56s-25.072-56-56-56-56 25.072-56 56 25.072 56 56 56zm0-80c13.234 0 24 10.766 24 24s-10.766 24-24 24-24-10.766-24-24 10.766-24 24-24zm240.971 23.029c-9.373-9.373-24.568-9.373-33.941 0L288 238.059l-31.029-31.03c-9.373-9.373-24.569-9.373-33.941 0l-88 88A24.002 24.002 0 0 0 128 312v28c0 6.627 5.373 12 12 12h360c6.627 0 12-5.373 12-12v-92c0-6.365-2.529-12.47-7.029-16.971l-88-88zM480 320H160v-4.686l80-80 48 48 112-112 80 80V320z\"\/><\/svg>\t\t\t\t\t<\/div>\n\t\t\t\t<\/div>\n\t\t\t<\/div>\n\t\t\t\t<div class=\"icon-box-text last-reset\">\n\t\t\t<h5 class=\"uppercase\">Bilder anzeigen &amp; Etiketten<\/h5>\t\t\t\t\t\tF\u00fcgen Sie Bilder zu Ihren Men\u00fcs oder Etiketten wie HOT oder NEW.\t\t<\/div>\n\t<\/div>\n\t\n\t\t\t<\/div>\n\t\t\t\t\t<\/div>\n\n\t\n\t<div id=\"col-687527171\" class=\"col medium-4 small-12 large-4\"  >\n\t\t\t\t<div class=\"col-inner\"  >\n\t\t\t\n\t\t\t\n\t\t<div class=\"icon-box featured-box icon-box-center text-center\"  >\n\t\t\t\t\t<div class=\"icon-box-img\" style=\"width: 54px\">\n\t\t\t\t<div class=\"icon\">\n\t\t\t\t\t<div class=\"icon-inner\" style=\"color:rgb(101, 28, 255);\">\n\t\t\t\t\t\t<svg xmlns=\"http:\/\/www.w3.org\/2000\/svg\" viewBox=\"0 0 512 512\"><path d=\"M464 64c8.823 0 16 7.178 16 16v352c0 8.822-7.177 16-16 16H48c-8.823 0-16-7.178-16-16V80c0-8.822 7.177-16 16-16h416m0-32H48C21.49 32 0 53.49 0 80v352c0 26.51 21.49 48 48 48h416c26.51 0 48-21.49 48-48V80c0-26.51-21.49-48-48-48zm-336 96c-17.673 0-32 14.327-32 32s14.327 32 32 32 32-14.327 32-32-14.327-32-32-32zm0 96c-17.673 0-32 14.327-32 32s14.327 32 32 32 32-14.327 32-32-14.327-32-32-32zm0 96c-17.673 0-32 14.327-32 32s14.327 32 32 32 32-14.327 32-32-14.327-32-32-32zm288-148v-24a6 6 0 0 0-6-6H198a6 6 0 0 0-6 6v24a6 6 0 0 0 6 6h212a6 6 0 0 0 6-6zm0 96v-24a6 6 0 0 0-6-6H198a6 6 0 0 0-6 6v24a6 6 0 0 0 6 6h212a6 6 0 0 0 6-6zm0 96v-24a6 6 0 0 0-6-6H198a6 6 0 0 0-6 6v24a6 6 0 0 0 6 6h212a6 6 0 0 0 6-6z\"\/><\/svg>\t\t\t\t\t<\/div>\n\t\t\t\t<\/div>\n\t\t\t<\/div>\n\t\t\t\t<div class=\"icon-box-text last-reset\">\n\t\t\t<h5 class=\"uppercase\">Dynamische Preise &amp; Styling<\/h5>\t\t\t\t\t\t\n<div class=\"wpb_column vc_column_container vc_col-sm-4\">\n<div class=\"vc_column-inner\">\n<div class=\"wpb_wrapper\">\n<div class=\"vcex-module vcex-icon-box clr vcex-icon-box-one\">\n<div class=\"vcex-icon-box-content clr\">Mehrere Preise anzeigen e.g. f\u00fcr 2 Personen $10 und gestalten Sie die Men\u00fcpunkte ganz nach Ihren W\u00fcnschen.<\/div>\n<\/div>\n<\/div>\n<\/div>\n<\/div>\n\t\t<\/div>\n\t<\/div>\n\t\n\t\t\t<\/div>\n\t\t\t\t\t<\/div>\n\n\t<\/div>\t\t<\/div>\n\n\t\t\n<style>\n#section_1991264831 {\n  padding-top: 30px;\n  padding-bottom: 30px;\n}\n<\/style>\n\t<\/section>\n\t\n\t<section class=\"section dark\" id=\"section_1061803974\">\n\t\t<div class=\"section-bg fill\" >\n\t\t\t\t\t\t\t\t\t<div class=\"section-bg-overlay absolute fill\"><\/div>\n\t\t\t\n\n\t\t<\/div>\n\n\t\t\n\n\t\t<div class=\"section-content relative\">\n\t\t\t<div class=\"row align-middle align-center\"  id=\"row-2064734343\">\n\t<div id=\"col-1721098241\" class=\"col medium-12 small-12 large-6\"  >\n\t\t\t\t<div class=\"col-inner\"  >\n\t\t\t\n\t\t\t\n<h2>Zeigen Sie Ihr Online-Men\u00fc<\/h2>\n<p>Erstellen Sie in wenigen Schritten eine Online-Restaurantmen\u00fckarte mit WPBakery Page Builder und unserer Erweiterung. Holen Sie sich das VC-Plugin f\u00fcr WordPress und unsere Men\u00fcerweiterung. Installieren Sie beides und beginnen Sie mit der Erstellung Ihrer Online-Gerichte. Verwenden Sie Drag &amp; Drop, Live-Bearbeitung und kopieren Sie Elemente, wenn Sie m\u00f6chten.<\/p>\n<ul>\n<li>Schnelle Installation und Einrichtung<\/li>\n<li>Einfache und schnelle Erstellung von Men\u00fcpunkten<\/li>\n<li>Drag &amp; Live-Builder fallen lassen<\/li>\n<\/ul>\n<a href=\"https:\/\/demos.welaunch.io\/vc-restaurant-menu\/\" target=\"_blank\" class=\"button white is-link\" rel=\"noopener\">\n\t\t<span>Demo ansehen<\/span>\n\t<\/a>\n\t\t<\/div>\n\t\t\t\t\t<\/div>\n\n\t\n\t<div id=\"col-1316868542\" class=\"col medium-12 small-12 large-6\"  >\n\t\t\t\t<div class=\"col-inner text-center\"  >\n\t\t\t\n\t\t\t\t<div class=\"img has-hover x md-x lg-x y md-y lg-y\" id=\"image_613659207\">\n\t\t\t\t\t\t<div data-animate=\"fadeInRight\">\t\t<div class=\"img-inner box-shadow-2 box-shadow-3-hover dark\" >\n\t\t\t<img loading=\"lazy\" decoding=\"async\" width=\"1020\" height=\"589\" src=\"https:\/\/www.welaunch.io\/de\/wp-content\/uploads\/sites\/11\/2020\/07\/visual-composer-restaurant-menu-extension-1024x591.png\" class=\"attachment-large size-large\" alt=\"visual composer restaurant menu extension\" srcset=\"https:\/\/www.welaunch.io\/de\/wp-content\/uploads\/sites\/11\/2020\/07\/visual-composer-restaurant-menu-extension-1024x591.png 1024w, https:\/\/www.welaunch.io\/de\/wp-content\/uploads\/sites\/11\/2020\/07\/visual-composer-restaurant-menu-extension-500x289.png 500w, https:\/\/www.welaunch.io\/de\/wp-content\/uploads\/sites\/11\/2020\/07\/visual-composer-restaurant-menu-extension-1000x577.png 1000w, https:\/\/www.welaunch.io\/de\/wp-content\/uploads\/sites\/11\/2020\/07\/visual-composer-restaurant-menu-extension-300x173.png 300w, https:\/\/www.welaunch.io\/de\/wp-content\/uploads\/sites\/11\/2020\/07\/visual-composer-restaurant-menu-extension-768x443.png 768w, https:\/\/www.welaunch.io\/de\/wp-content\/uploads\/sites\/11\/2020\/07\/visual-composer-restaurant-menu-extension-1536x887.png 1536w, https:\/\/www.welaunch.io\/de\/wp-content\/uploads\/sites\/11\/2020\/07\/visual-composer-restaurant-menu-extension-2048x1182.png 2048w\" sizes=\"auto, (max-width: 1020px) 100vw, 1020px\" \/>\t\t\t\t\t\t\n\t\t\t\t\t<\/div>\n\t\t<\/div>\t\t\t\t\t\t\n<style>\n#image_613659207 {\n  width: 100%;\n}\n<\/style>\n\t<\/div>\n\t\t\t<\/div>\n\t\t\t\t\t<\/div>\n\n\t<\/div>\t\t<\/div>\n\n\t\t\n<style>\n#section_1061803974 {\n  padding-top: 40px;\n  padding-bottom: 40px;\n}\n#section_1061803974 .section-bg-overlay {\n  background-color: rgb(49, 113, 238);\n}\n@media (min-width:550px) {\n  #section_1061803974 {\n    padding-top: 50px;\n    padding-bottom: 50px;\n  }\n}\n@media (min-width:850px) {\n  #section_1061803974 {\n    padding-top: 80px;\n    padding-bottom: 80px;\n  }\n}\n<\/style>\n\t<\/section>\n\t\n\t<section class=\"section\" id=\"section_875401356\">\n\t\t<div class=\"section-bg fill\" >\n\t\t\t\t\t\t\t\t\t\n\t\t\t\n\n\t\t<\/div>\n\n\t\t\n\n\t\t<div class=\"section-content relative\">\n\t\t\t<div class=\"row align-middle align-center\"  id=\"row-168338476\">\n\t<div id=\"col-1128341088\" class=\"col medium-12 small-12 large-6\"  >\n\t\t\t\t<div class=\"col-inner text-center\"  >\n\t\t\t\n\t\t\t\t<div class=\"img has-hover x md-x lg-x y md-y lg-y\" id=\"image_941924927\">\n\t\t\t\t\t\t<div data-animate=\"fadeInLeft\">\t\t<div class=\"img-inner box-shadow-2 box-shadow-3-hover dark\" >\n\t\t\t<img loading=\"lazy\" decoding=\"async\" width=\"1020\" height=\"587\" src=\"https:\/\/www.welaunch.io\/de\/wp-content\/uploads\/sites\/11\/2020\/07\/visual-composer-restaurant-menu-admin-1024x589.png\" class=\"attachment-large size-large\" alt=\"visual composer restaurant menu admin\" srcset=\"https:\/\/www.welaunch.io\/de\/wp-content\/uploads\/sites\/11\/2020\/07\/visual-composer-restaurant-menu-admin-1024x589.png 1024w, https:\/\/www.welaunch.io\/de\/wp-content\/uploads\/sites\/11\/2020\/07\/visual-composer-restaurant-menu-admin-500x288.png 500w, https:\/\/www.welaunch.io\/de\/wp-content\/uploads\/sites\/11\/2020\/07\/visual-composer-restaurant-menu-admin-1000x575.png 1000w, https:\/\/www.welaunch.io\/de\/wp-content\/uploads\/sites\/11\/2020\/07\/visual-composer-restaurant-menu-admin-300x173.png 300w, https:\/\/www.welaunch.io\/de\/wp-content\/uploads\/sites\/11\/2020\/07\/visual-composer-restaurant-menu-admin-768x442.png 768w, https:\/\/www.welaunch.io\/de\/wp-content\/uploads\/sites\/11\/2020\/07\/visual-composer-restaurant-menu-admin-1536x884.png 1536w, https:\/\/www.welaunch.io\/de\/wp-content\/uploads\/sites\/11\/2020\/07\/visual-composer-restaurant-menu-admin-2048x1179.png 2048w\" sizes=\"auto, (max-width: 1020px) 100vw, 1020px\" \/>\t\t\t\t\t\t\n\t\t\t\t\t<\/div>\n\t\t<\/div>\t\t\t\t\t\t\n<style>\n#image_941924927 {\n  width: 100%;\n}\n<\/style>\n\t<\/div>\n\t\t\t<\/div>\n\t\t\t\t\t<\/div>\n\n\t\n\t<div id=\"col-750229154\" class=\"col medium-12 small-12 large-6 medium-col-first\"  >\n\t\t\t\t<div class=\"col-inner\"  >\n\t\t\t\n\t\t\t\n<h2>Mehrere Backend-Restaurantmen\u00fc-Einstellungen<\/h2>\n<p>Einfaches Hinzuf\u00fcgen von Men\u00fcnummer, Name, Preisen und Beschreibungen. Sie k\u00f6nnen auch Bilder an Men\u00fcpunkte anh\u00e4ngen und jedem Punkt Bezeichnungen wie &#8220;HOT&#8221; oder &#8220;NEW&#8221; zuweisen. Au\u00dferdem k\u00f6nnen Sie dynamische Preise vorf\u00fchren (e.g. Fritten mit Mayo 3\u20ac \/ ohne Mayo 2\u20ac) und gestalten Sie die Artikel nach Belieben.<a href=\"https:\/\/demos.welaunch.io\/vc-restaurant-menu\/\" target=\"_blank\" class=\"button primary is-link\" rel=\"noopener\">\n\t\t<span>Demo ansehen<\/span>\n\t<\/a>\n\t\t<\/div>\n\t\t\t\t\t<\/div>\n\n\t<\/div>\t\t<\/div>\n\n\t\t\n<style>\n#section_875401356 {\n  padding-top: 20px;\n  padding-bottom: 20px;\n}\n@media (min-width:550px) {\n  #section_875401356 {\n    padding-top: 50px;\n    padding-bottom: 50px;\n  }\n}\n@media (min-width:850px) {\n  #section_875401356 {\n    padding-top: 80px;\n    padding-bottom: 80px;\n  }\n}\n<\/style>\n\t<\/section>\n\t\n\t<section class=\"section dark\" id=\"section_1642192993\">\n\t\t<div class=\"section-bg fill\" >\n\t\t\t\t\t\t\t\t\t<div class=\"section-bg-overlay absolute fill\"><\/div>\n\t\t\t\n\n\t\t<\/div>\n\n\t\t\n\n\t\t<div class=\"section-content relative\">\n\t\t\t<div class=\"row align-middle align-center\"  id=\"row-217677341\">\n\t<div id=\"col-1398878877\" class=\"col medium-12 small-12 large-6\"  >\n\t\t\t\t<div class=\"col-inner\"  >\n\t\t\t\n\t\t\t\n<h2>Das griechische Restaurant Syrtaki verwendet unser Plugin mit Erfolg<\/h2>\n<p>Das Geek-Restaurant Syrtaki verwendet unser Plugin seit Jahren mit Erfolg. Sie zeigen ihre kompletten Gerichte mit Nummer, Namensbeschreibung und Preisen in einer sch\u00f6nen, ansprechenden Online-Men\u00fckarte.<a href=\"https:\/\/www.syrtaki-lingen.de\/speisekarte\/vorspeisen\/\" target=\"_blank\" class=\"button white is-link\" rel=\"noopener\">\n\t\t<span>Men\u00fc des Restaurants Syrtaki ansehen<\/span>\n\t<\/a>\n\t\t<\/div>\n\t\t\t\t\t<\/div>\n\n\t\n\t<div id=\"col-689625454\" class=\"col medium-12 small-12 large-6\"  >\n\t\t\t\t<div class=\"col-inner text-center\"  >\n\t\t\t\n\t\t\t\t<div class=\"img has-hover x md-x lg-x y md-y lg-y\" id=\"image_304910953\">\n\t\t\t\t\t\t<div data-animate=\"fadeInRight\">\t\t<div class=\"img-inner box-shadow-2 box-shadow-3-hover dark\" >\n\t\t\t<img loading=\"lazy\" decoding=\"async\" width=\"1020\" height=\"927\" src=\"https:\/\/www.welaunch.io\/de\/wp-content\/uploads\/sites\/11\/2020\/07\/syrtaki-online-menu-1024x931.png\" class=\"attachment-large size-large\" alt=\"syrtaki online menu\" srcset=\"https:\/\/www.welaunch.io\/de\/wp-content\/uploads\/sites\/11\/2020\/07\/syrtaki-online-menu-1024x931.png 1024w, https:\/\/www.welaunch.io\/de\/wp-content\/uploads\/sites\/11\/2020\/07\/syrtaki-online-menu-500x454.png 500w, https:\/\/www.welaunch.io\/de\/wp-content\/uploads\/sites\/11\/2020\/07\/syrtaki-online-menu-1000x909.png 1000w, https:\/\/www.welaunch.io\/de\/wp-content\/uploads\/sites\/11\/2020\/07\/syrtaki-online-menu-300x273.png 300w, https:\/\/www.welaunch.io\/de\/wp-content\/uploads\/sites\/11\/2020\/07\/syrtaki-online-menu-768x698.png 768w, https:\/\/www.welaunch.io\/de\/wp-content\/uploads\/sites\/11\/2020\/07\/syrtaki-online-menu-1536x1396.png 1536w, https:\/\/www.welaunch.io\/de\/wp-content\/uploads\/sites\/11\/2020\/07\/syrtaki-online-menu-2048x1861.png 2048w\" sizes=\"auto, (max-width: 1020px) 100vw, 1020px\" \/>\t\t\t\t\t\t\n\t\t\t\t\t<\/div>\n\t\t<\/div>\t\t\t\t\t\t\n<style>\n#image_304910953 {\n  width: 100%;\n}\n<\/style>\n\t<\/div>\n\t\t\t<\/div>\n\t\t\t\t\t<\/div>\n\n\t<\/div>\t\t<\/div>\n\n\t\t\n<style>\n#section_1642192993 {\n  padding-top: 40px;\n  padding-bottom: 40px;\n}\n#section_1642192993 .section-bg-overlay {\n  background-color: #3171ee;\n}\n@media (min-width:550px) {\n  #section_1642192993 {\n    padding-top: 50px;\n    padding-bottom: 50px;\n  }\n}\n@media (min-width:850px) {\n  #section_1642192993 {\n    padding-top: 80px;\n    padding-bottom: 80px;\n  }\n}\n<\/style>\n\t<\/section>\n\t\n","protected":false},"excerpt":{"rendered":"<p>Eine frische Restaurant-Website, die auf dem WPBakery Page Builder basiert, bedeutet, dass Sie Ihre Speisekarten anzeigen sollten. Mit unserer VC-Erweiterung k\u00f6nnen Sie diese Men\u00fcs ganz nach Ihren W\u00fcnschen gestalten.<\/p>\n","protected":false},"featured_media":4632,"comment_status":"open","ping_status":"closed","template":"","meta":{"inline_featured_image":false},"product_brand":[],"product_cat":[41,45],"product_tag":[],"class_list":{"0":"post-4631","1":"product","2":"type-product","3":"status-publish","4":"has-post-thumbnail","6":"product_cat-plugins","7":"product_cat-wpbakery-page-builder-plugins","9":"first","10":"instock","11":"downloadable","12":"virtual","13":"purchasable","14":"product-type-simple"},"_links":{"self":[{"href":"https:\/\/www.welaunch.io\/de\/wp-json\/wp\/v2\/product\/4631","targetHints":{"allow":["GET"]}}],"collection":[{"href":"https:\/\/www.welaunch.io\/de\/wp-json\/wp\/v2\/product"}],"about":[{"href":"https:\/\/www.welaunch.io\/de\/wp-json\/wp\/v2\/types\/product"}],"replies":[{"embeddable":true,"href":"https:\/\/www.welaunch.io\/de\/wp-json\/wp\/v2\/comments?post=4631"}],"wp:featuredmedia":[{"embeddable":true,"href":"https:\/\/www.welaunch.io\/de\/wp-json\/wp\/v2\/media\/4632"}],"wp:attachment":[{"href":"https:\/\/www.welaunch.io\/de\/wp-json\/wp\/v2\/media?parent=4631"}],"wp:term":[{"taxonomy":"product_brand","embeddable":true,"href":"https:\/\/www.welaunch.io\/de\/wp-json\/wp\/v2\/product_brand?post=4631"},{"taxonomy":"product_cat","embeddable":true,"href":"https:\/\/www.welaunch.io\/de\/wp-json\/wp\/v2\/product_cat?post=4631"},{"taxonomy":"product_tag","embeddable":true,"href":"https:\/\/www.welaunch.io\/de\/wp-json\/wp\/v2\/product_tag?post=4631"}],"curies":[{"name":"wp","href":"https:\/\/api.w.org\/{rel}","templated":true}]}}