{"id":4621,"date":"2020-07-06T09:14:11","date_gmt":"2020-07-06T07:14:11","guid":{"rendered":"https:\/\/www.welaunch.io\/de\/?post_type=product&#038;p=4621"},"modified":"2025-08-28T14:24:02","modified_gmt":"2025-08-28T12:24:02","slug":"woocommerce-quick-view","status":"publish","type":"product","link":"https:\/\/www.welaunch.io\/de\/product\/woocommerce-quick-view\/","title":{"rendered":"WooCommerce Produkt Schnellansicht"},"content":{"rendered":"\n\t<section class=\"section\" id=\"section_284400848\">\n\t\t<div class=\"section-bg fill\" >\n\t\t\t\t\t\t\t\t\t\n\t\t\t\n\n\t\t<\/div>\n\n\t\t\n\n\t\t<div class=\"section-content relative\">\n\t\t\t<div class=\"row row-solid\"  id=\"row-1800123719\">\n\t<div id=\"col-1062771240\" class=\"col medium-4 small-12 large-4\"  >\n\t\t\t\t<div class=\"col-inner text-center\"  >\n\t\t\t\n\t\t\t\n\t\t<div class=\"icon-box featured-box icon-box-center text-center\"  >\n\t\t\t\t\t<div class=\"icon-box-img\" style=\"width: 50px\">\n\t\t\t\t<div class=\"icon\">\n\t\t\t\t\t<div class=\"icon-inner\" style=\"color:rgb(101, 28, 255);\">\n\t\t\t\t\t\t<svg xmlns=\"http:\/\/www.w3.org\/2000\/svg\" viewBox=\"0 0 384 512\"><path d=\"M369.9 97.9L286 14C277 5 264.8-.1 252.1-.1H48C21.5 0 0 21.5 0 48v416c0 26.5 21.5 48 48 48h288c26.5 0 48-21.5 48-48V131.9c0-12.7-5.1-25-14.1-34zm-22.6 22.7c2.1 2.1 3.5 4.6 4.2 7.4H256V32.5c2.8.7 5.3 2.1 7.4 4.2l83.9 83.9zM336 480H48c-8.8 0-16-7.2-16-16V48c0-8.8 7.2-16 16-16h176v104c0 13.3 10.7 24 24 24h104v304c0 8.8-7.2 16-16 16zm-22-171.2c-13.5-13.3-55-9.2-73.7-6.7-21.2-12.8-35.2-30.4-45.1-56.6 4.3-18 12-47.2 6.4-64.9-4.4-28.1-39.7-24.7-44.6-6.8-5 18.3-.3 44.4 8.4 77.8-11.9 28.4-29.7 66.9-42.1 88.6-20.8 10.7-54.1 29.3-58.8 52.4-3.5 16.8 22.9 39.4 53.1 6.4 9.1-9.9 19.3-24.8 31.3-45.5 26.7-8.8 56.1-19.8 82-24 21.9 12 47.6 19.9 64.6 19.9 27.7.1 28.9-30.2 18.5-40.6zm-229.2 89c5.9-15.9 28.6-34.4 35.5-40.8-22.1 35.3-35.5 41.5-35.5 40.8zM180 175.5c8.7 0 7.8 37.5 2.1 47.6-5.2-16.3-5-47.6-2.1-47.6zm-28.4 159.3c11.3-19.8 21-43.2 28.8-63.7 9.7 17.7 22.1 31.7 35.1 41.5-24.3 4.7-45.4 15.1-63.9 22.2zm153.4-5.9s-5.8 7-43.5-9.1c41-3 47.7 6.4 43.5 9.1z\"\/><\/svg>\t\t\t\t\t<\/div>\n\t\t\t\t<\/div>\n\t\t\t<\/div>\n\t\t\t\t<div class=\"icon-box-text last-reset\">\n\t\t\t<h5 class=\"uppercase\">Modale oder Inline-Ansicht<\/h5>\t\t\t\t\t\tLassen Sie Kunden Ihre Produkte schnell per Popup oder Inline anzeigen. Sie k\u00f6nnen entscheiden.\t\t<\/div>\n\t<\/div>\n\t\n\t\t\t<\/div>\n\t\t\t\t\t<\/div>\n\n\t\n\t<div id=\"col-1679397273\" class=\"col medium-4 small-12 large-4\"  >\n\t\t\t\t<div class=\"col-inner\"  >\n\t\t\t\n\t\t\t\n\t\t<div class=\"icon-box featured-box icon-box-center text-center\"  >\n\t\t\t\t\t<div class=\"icon-box-img\" style=\"width: 63px\">\n\t\t\t\t<div class=\"icon\">\n\t\t\t\t\t<div class=\"icon-inner\" style=\"color:rgb(101, 28, 255);\">\n\t\t\t\t\t\t<svg xmlns=\"http:\/\/www.w3.org\/2000\/svg\" viewBox=\"0 0 512 512\"><path d=\"M455.59 0c-15.81 0-30.62 6.99-41.93 17.15C195.73 211.82 169.77 216.5 179.98 281.99c-41.52 4.96-78.59 24.05-100.32 81.32-2.68 7.08-9.12 11.38-16.64 11.38-12.67 0-51.85-31.56-63.02-39.19C0 429.45 43.26 512 146 512c117.18 0 152.72-87.75 145.06-145.89 56.9-7.01 97.15-62.51 206.45-266.49C505.2 84.65 512 68.48 512 51.66 512 21.52 484.89 0 455.59 0zM236.52 445.55C216.47 468.41 186.02 480 146 480c-63.78 0-92.29-38.83-104.75-78.69 8.02 3.65 14.98 5.39 21.77 5.39 20.92 0 39.2-12.58 46.56-32.03 6.65-17.52 16.05-53.95 83.76-62.04l65.08 50.62c4.03 30.68-1.25 58.75-21.9 82.3zM469.31 84.5c-118.4 220.96-143.69 245.11-194.08 251.31l-62-48.22c-8.8-56.43-14.8-35.28 221.82-246.64 6.33-5.69 13.81-8.95 20.54-8.95C467.38 32 480 39.9 480 51.66c0 10.58-5.54 22.79-10.69 32.84z\"\/><\/svg>\t\t\t\t\t<\/div>\n\t\t\t\t<\/div>\n\t\t\t<\/div>\n\t\t\t\t<div class=\"icon-box-text last-reset\">\n\t\t\t<h5 class=\"uppercase\">V\u00f6llig anpassbar<\/h5>\t\t\t\t\t\t\u00c4ndern Sie den Schaltfl\u00e4chentext, f\u00fcgen Sie ein benutzerdefiniertes Symbol hinzu, \u00e4ndern Sie die Modalfarben oder deaktivieren Sie die Anzeige von Daten.\t\t<\/div>\n\t<\/div>\n\t\n\t\t\t<\/div>\n\t\t\t\t\t<\/div>\n\n\t\n\t<div id=\"col-48232777\" class=\"col medium-4 small-12 large-4\"  >\n\t\t\t\t<div class=\"col-inner\"  >\n\t\t\t\n\t\t\t\n\t\t<div class=\"icon-box featured-box icon-box-center text-center\"  >\n\t\t\t\t\t<div class=\"icon-box-img\" style=\"width: 61px\">\n\t\t\t\t<div class=\"icon\">\n\t\t\t\t\t<div class=\"icon-inner\" style=\"color:rgb(101, 28, 255);\">\n\t\t\t\t\t\t<svg xmlns=\"http:\/\/www.w3.org\/2000\/svg\" viewBox=\"0 0 512 512\"><path d=\"M464 64c8.823 0 16 7.178 16 16v352c0 8.822-7.177 16-16 16H48c-8.823 0-16-7.178-16-16V80c0-8.822 7.177-16 16-16h416m0-32H48C21.49 32 0 53.49 0 80v352c0 26.51 21.49 48 48 48h416c26.51 0 48-21.49 48-48V80c0-26.51-21.49-48-48-48zm-336 96c-17.673 0-32 14.327-32 32s14.327 32 32 32 32-14.327 32-32-14.327-32-32-32zm0 96c-17.673 0-32 14.327-32 32s14.327 32 32 32 32-14.327 32-32-14.327-32-32-32zm0 96c-17.673 0-32 14.327-32 32s14.327 32 32 32 32-14.327 32-32-14.327-32-32-32zm288-148v-24a6 6 0 0 0-6-6H198a6 6 0 0 0-6 6v24a6 6 0 0 0 6 6h212a6 6 0 0 0 6-6zm0 96v-24a6 6 0 0 0-6-6H198a6 6 0 0 0-6 6v24a6 6 0 0 0 6 6h212a6 6 0 0 0 6-6zm0 96v-24a6 6 0 0 0-6-6H198a6 6 0 0 0-6 6v24a6 6 0 0 0 6 6h212a6 6 0 0 0 6-6z\"\/><\/svg>\t\t\t\t\t<\/div>\n\t\t\t\t<\/div>\n\t\t\t<\/div>\n\t\t\t\t<div class=\"icon-box-text last-reset\">\n\t\t\t<h5 class=\"uppercase\">Klebrige Schnellansicht<\/h5>\t\t\t\t\t\tVerwenden Sie unser Klebesymbol, um die Schnellansicht von Produkten noch einfacher zu gestalten. Geben Sie einfach eine SKU oder einen Produktnamen ein und Sie erhalten Produktinformationen.\t\t<\/div>\n\t<\/div>\n\t\n\t\t\t<\/div>\n\t\t\t\t\t<\/div>\n\n\t\n\t<div id=\"col-1717327979\" class=\"col medium-4 small-12 large-4\"  >\n\t\t\t\t<div class=\"col-inner\"  >\n\t\t\t\n\t\t\t\n\t\t<div class=\"icon-box featured-box icon-box-center text-center\"  >\n\t\t\t\t\t<div class=\"icon-box-img\" style=\"width: 45px\">\n\t\t\t\t<div class=\"icon\">\n\t\t\t\t\t<div class=\"icon-inner\" style=\"color:rgb(101, 28, 255);\">\n\t\t\t\t\t\t<svg xmlns=\"http:\/\/www.w3.org\/2000\/svg\" viewBox=\"0 0 448 512\"><path d=\"M304.51 64.201h47.851v175.07H95.639V64.201h47.851c6.627 0 12-5.373 12-12V44c0-6.627-5.373-12-12-12H13.698c-6.627 0-12 5.373-12 12v8.201c0 6.627 5.373 12 12 12h47.851v383.603H13.698c-6.627 0-12 5.373-12 12v8.2c0 6.627 5.373 12 12 12H143.49c6.627 0 12-5.373 12-12v-8.2c0-6.627-5.373-12-12-12H95.639V271.473h256.722v176.331H304.51c-6.627 0-12 5.373-12 12v8.2c0 6.627 5.373 12 12 12h129.792c6.627 0 12-5.373 12-12v-8.2c0-6.627-5.373-12-12-12h-47.851V64.201h47.851c6.627 0 12-5.373 12-12V44c0-6.627-5.373-12-12-12H304.51c-6.627 0-12 5.373-12 12v8.201c0 6.628 5.373 12 12 12z\"\/><\/svg>\t\t\t\t\t<\/div>\n\t\t\t\t<\/div>\n\t\t\t<\/div>\n\t\t\t\t<div class=\"icon-box-text last-reset\">\n\t\t\t<h5 class=\"uppercase\">Benutzerdefinierte Variationstitel<\/h5>\t\t\t\t\t\tLegen Sie einen benutzerdefinierten Titel f\u00fcr jede einzelne Variante fest, um mehr SEO-Traffic zu erzielen.\t\t<\/div>\n\t<\/div>\n\t\n\t\t\t<\/div>\n\t\t\t\t\t<\/div>\n\n\t\n\t<div id=\"col-937811932\" class=\"col medium-4 small-12 large-4\"  >\n\t\t\t\t<div class=\"col-inner\"  >\n\t\t\t\n\t\t\t\n\t\t<div class=\"icon-box featured-box icon-box-center text-center\"  >\n\t\t\t\t\t<div class=\"icon-box-img\" style=\"width: 53px\">\n\t\t\t\t<div class=\"icon\">\n\t\t\t\t\t<div class=\"icon-inner\" style=\"color:rgb(101, 28, 255);\">\n\t\t\t\t\t\t<svg xmlns=\"http:\/\/www.w3.org\/2000\/svg\" viewBox=\"0 0 512 512\"><path d=\"M479.968 0H32.038C3.613 0-10.729 34.487 9.41 54.627L192 237.255V424a31.996 31.996 0 0 0 10.928 24.082l64 55.983c20.438 17.883 53.072 3.68 53.072-24.082V237.255L502.595 54.627C522.695 34.528 508.45 0 479.968 0zM288 224v256l-64-56V224L32 32h448L288 224z\"\/><\/svg>\t\t\t\t\t<\/div>\n\t\t\t\t<\/div>\n\t\t\t<\/div>\n\t\t\t\t<div class=\"icon-box-text last-reset\">\n\t\t\t<h5 class=\"uppercase\">Unterst\u00fctzung f\u00fcr WooCommerce-Filter<\/h5>\t\t\t\t\t\tStandard WooCommerce-Filter-Widget, Anzahl der Unterkategorien und andere Funktionen werden von unserem Plugin unterst\u00fctzt.\t\t<\/div>\n\t<\/div>\n\t\n\t\t\t<\/div>\n\t\t\t\t\t<\/div>\n\n\t\n\t<div id=\"col-1585926841\" class=\"col medium-4 small-12 large-4\"  >\n\t\t\t\t<div class=\"col-inner\"  >\n\t\t\t\n\t\t\t\n\t\t<div class=\"icon-box featured-box icon-box-center text-center\"  >\n\t\t\t\t\t<div class=\"icon-box-img\" style=\"width: 61px\">\n\t\t\t\t<div class=\"icon\">\n\t\t\t\t\t<div class=\"icon-inner\" style=\"color:rgb(101, 28, 255);\">\n\t\t\t\t\t\t<svg xmlns=\"http:\/\/www.w3.org\/2000\/svg\" viewBox=\"0 0 576 512\"><path d=\"M321.496 406.121l21.718 29.272A331.764 331.764 0 0 1 288 440C168.14 440 63.003 376.006 6.646 280.369a47.999 47.999 0 0 1 0-48.739c25.834-43.84 61.913-81.01 104.943-108.427l19.125 25.777c-39.83 24.942-73.004 59.027-96.499 98.896a16.008 16.008 0 0 0 0 16.246C86.163 352.277 182.135 408 288 408c11.298 0 22.476-.64 33.496-1.879zM141.972 164.155C133.037 183.57 128 205.19 128 228c0 85.822 71.23 156 160 156 5.566 0 11.063-.277 16.479-.815l-23.266-31.359C213.676 348.408 160 294.277 160 228a120.48 120.48 0 0 1 4.664-33.26l-22.692-30.585zM569.354 280.37c-33.709 57.202-84.861 103.039-146.143 130.673l56.931 76.732c4 5.391 2.872 13.004-2.519 17.004l-6.507 4.828c-5.391 4-13.004 2.872-17.003-2.519L95.859 24.225c-4-5.391-2.872-13.004 2.519-17.004l6.507-4.828c5.391-4 13.004-2.872 17.003 2.519l62.189 83.82C216.741 77.883 251.696 72 288 72c119.86 0 224.996 63.994 281.354 159.63a48.005 48.005 0 0 1 0 48.74zM416 228c0-68.483-57.308-124-128-124-28.059 0-54.002 8.754-75.095 23.588l34.709 46.782c20.339-16.584 48.244-18.755 70.523-6.84h-.02c-14.554 0-26.353 11.799-26.353 26.353s11.799 26.353 26.353 26.353c14.554 0 26.353-11.799 26.353-26.353v-.02c15.223 28.465 6.889 64.554-20.679 83.18l38.514 51.911C394.803 306.465 416 269.638 416 228zm125.785 19.877c-29.072-49.333-73.341-90.435-127.66-115.887 55.405 69.029 41.701 170.413-32.734 222.688l22.238 29.973c57.564-24.305 106.246-66.38 138.155-120.527a16.008 16.008 0 0 0 .001-16.247z\"\/><\/svg>\t\t\t\t\t<\/div>\n\t\t\t\t<\/div>\n\t\t\t<\/div>\n\t\t\t\t<div class=\"icon-box-text last-reset\">\n\t\t\t<h5 class=\"uppercase\">Elternteil ausblenden \/ Variable Produkte<\/h5>\t\t\t\t\t\tAusblenden des Hauptmutterprodukts, wenn Variationen vorhanden sind.\t\t<\/div>\n\t<\/div>\n\t\n\t\t\t<\/div>\n\t\t\t\t\t<\/div>\n\n\t<\/div>\t\t<\/div>\n\n\t\t\n<style>\n#section_284400848 {\n  padding-top: 30px;\n  padding-bottom: 30px;\n}\n<\/style>\n\t<\/section>\n\t\n\t<section class=\"section dark\" id=\"section_1882520528\">\n\t\t<div class=\"section-bg fill\" >\n\t\t\t\t\t\t\t\t\t<div class=\"section-bg-overlay absolute fill\"><\/div>\n\t\t\t\n\n\t\t<\/div>\n\n\t\t\n\n\t\t<div class=\"section-content relative\">\n\t\t\t<div class=\"row align-middle align-center\"  id=\"row-1538466589\">\n\t<div id=\"col-1988119888\" class=\"col medium-12 small-12 large-6\"  >\n\t\t\t\t<div class=\"col-inner\"  >\n\t\t\t\n\t\t\t\n<h2>Schnellansicht von Produkten mit Leichtigkeit<\/h2>\n<p>Woocommerce ist seit mehr als sechs Jahren auf dem Markt und hat das Vertrauen von Hunderten von Menschen gewonnen, die sich entschlossen haben, mit kleinen oder gro\u00dfen Unternehmen zu starten. Es ist nicht gerade eine freie Software, aber jeden Tag wetten mehr Leute darauf  jetzt ist alles besser dank der Schnellansicht. Aber was gibt es zu wissen?Quick View ist eine Erweiterung f\u00fcr Woocommerce, mit der Sie sehr schnell die Details eines Produkts durch ein Pop-up-Fenster sehen k\u00f6nnen.Woocommerce erm\u00f6glicht es dem Kunden, am Online-Shop interessiert zu bleiben, ohne viele Male klicken zu m\u00fcssen, daher sind die Kaufoptionen h\u00f6her.\t\t<\/div>\n\t\t\t\t\t<\/div>\n\n\t\n\t<div id=\"col-69959137\" class=\"col medium-12 small-12 large-6\"  >\n\t\t\t\t<div class=\"col-inner text-center\"  >\n\t\t\t\n\t\t\t<div class=\"video video-fit mb\" style=\"padding-top:56.25%;\"><p><iframe title=\"WooCommerce Quick View\" width=\"1020\" height=\"574\" src=\"https:\/\/www.youtube.com\/embed\/yE7RpixyrVQ?feature=oembed\" frameborder=\"0\" allow=\"accelerometer; autoplay; encrypted-media; gyroscope; picture-in-picture\" allowfullscreen><\/iframe><\/p>\n<\/div>\t\t<\/div>\n\t\t\t\t\t<\/div>\n\n\t<\/div>\t\t<\/div>\n\n\t\t\n<style>\n#section_1882520528 {\n  padding-top: 40px;\n  padding-bottom: 40px;\n}\n#section_1882520528 .section-bg-overlay {\n  background-color: rgb(49, 113, 238);\n}\n@media (min-width:550px) {\n  #section_1882520528 {\n    padding-top: 50px;\n    padding-bottom: 50px;\n  }\n}\n@media (min-width:850px) {\n  #section_1882520528 {\n    padding-top: 80px;\n    padding-bottom: 80px;\n  }\n}\n<\/style>\n\t<\/section>\n\t\n\t<section class=\"section\" id=\"section_1640706361\">\n\t\t<div class=\"section-bg fill\" >\n\t\t\t\t\t\t\t\t\t\n\t\t\t\n\n\t\t<\/div>\n\n\t\t\n\n\t\t<div class=\"section-content relative\">\n\t\t\t<div class=\"row align-middle align-center\"  id=\"row-1718546668\">\n\t<div id=\"col-196884613\" class=\"col medium-12 small-12 large-6\"  >\n\t\t\t\t<div class=\"col-inner text-center\"  >\n\t\t\t\n\t\t\t\t<div class=\"img has-hover x md-x lg-x y md-y lg-y\" id=\"image_945775026\">\n\t\t\t\t\t\t<div data-animate=\"fadeInLeft\">\t\t<div class=\"img-inner box-shadow-2 box-shadow-3-hover dark\" >\n\t\t\t<img loading=\"lazy\" decoding=\"async\" width=\"1020\" height=\"620\" src=\"https:\/\/www.welaunch.io\/de\/wp-content\/uploads\/sites\/11\/2020\/07\/modal-popup-quick-view-1024x622.png\" class=\"attachment-large size-large\" alt=\"modal popup quick view\" srcset=\"https:\/\/www.welaunch.io\/de\/wp-content\/uploads\/sites\/11\/2020\/07\/modal-popup-quick-view-1024x622.png 1024w, https:\/\/www.welaunch.io\/de\/wp-content\/uploads\/sites\/11\/2020\/07\/modal-popup-quick-view-500x304.png 500w, https:\/\/www.welaunch.io\/de\/wp-content\/uploads\/sites\/11\/2020\/07\/modal-popup-quick-view-1000x608.png 1000w, https:\/\/www.welaunch.io\/de\/wp-content\/uploads\/sites\/11\/2020\/07\/modal-popup-quick-view-300x182.png 300w, https:\/\/www.welaunch.io\/de\/wp-content\/uploads\/sites\/11\/2020\/07\/modal-popup-quick-view-768x467.png 768w, https:\/\/www.welaunch.io\/de\/wp-content\/uploads\/sites\/11\/2020\/07\/modal-popup-quick-view-1536x933.png 1536w, https:\/\/www.welaunch.io\/de\/wp-content\/uploads\/sites\/11\/2020\/07\/modal-popup-quick-view.png 1952w\" sizes=\"auto, (max-width: 1020px) 100vw, 1020px\" \/>\t\t\t\t\t\t\n\t\t\t\t\t<\/div>\n\t\t<\/div>\t\t\t\t\t\t\n<style>\n#image_945775026 {\n  width: 100%;\n}\n<\/style>\n\t<\/div>\n\t\t\t<\/div>\n\t\t\t\t\t<\/div>\n\n\t\n\t<div id=\"col-1470777850\" class=\"col medium-12 small-12 large-6 medium-col-first\"  >\n\t\t\t\t<div class=\"col-inner\"  >\n\t\t\t\n\t\t\t\n<h2>Modale oder Inline-Ansicht<\/h2>\n<p>Just at the moment the client is searching for his product, he must click on the small<strong>\u201cQuick\u201d<\/strong>box.<em>Modal open<\/em>allows you to have a suspended horizontal view where it appears: the name of the product, the price (on sale or not), the rating of one or more stars, the description, the category and the option to add to the cart. While<em>inline open<\/em>shows the same thing vertically and much faster.Es ist nicht so, dass es einen besseren oder einen schlechteren gibt, es sind einfach zwei verschiedene Arten, das Produkt zu zeigen.<a href=\"https:\/\/demos.welaunch.io\/woocommerce-quick-view\/\" target=\"_blank\" class=\"button primary is-link\" rel=\"noopener\">\n\t\t<span>Demo ansehen<\/span>\n\t<\/a>\n\t\t<\/div>\n\t\t\t\t\t<\/div>\n\n\t<\/div>\t\t<\/div>\n\n\t\t\n<style>\n#section_1640706361 {\n  padding-top: 20px;\n  padding-bottom: 20px;\n}\n@media (min-width:550px) {\n  #section_1640706361 {\n    padding-top: 50px;\n    padding-bottom: 50px;\n  }\n}\n@media (min-width:850px) {\n  #section_1640706361 {\n    padding-top: 80px;\n    padding-bottom: 80px;\n  }\n}\n<\/style>\n\t<\/section>\n\t\n\t<section class=\"section dark\" id=\"section_455982539\">\n\t\t<div class=\"section-bg fill\" >\n\t\t\t\t\t\t\t\t\t<div class=\"section-bg-overlay absolute fill\"><\/div>\n\t\t\t\n\n\t\t<\/div>\n\n\t\t\n\n\t\t<div class=\"section-content relative\">\n\t\t\t<div class=\"row align-middle align-center\"  id=\"row-1908537459\">\n\t<div id=\"col-1017656206\" class=\"col medium-12 small-12 large-6 medium-col-first\"  >\n\t\t\t\t<div class=\"col-inner\"  >\n\t\t\t\n\t\t\t\n<h2>Reaktionsf\u00e4hig<\/h2>\n<p>Unabh\u00e4ngig davon, ob sich der Kunde oder der Verk\u00e4ufer f\u00fcr dieses Plugin entscheidet, k\u00f6nnen beide die Vorteile auf jedem Ger\u00e4t genie\u00dfen, im Gegensatz zu anderen Plugins, die leider je nach Ger\u00e4t \u00c4nderungen erfahren.<a href=\"https:\/\/demos.welaunch.io\/woocommerce-quick-view\/\" target=\"_blank\" class=\"button white is-link\" rel=\"noopener\">\n\t\t<span>Demo ansehen<\/span>\n\t<\/a>\n\t\t<\/div>\n\t\t\t\t\t<\/div>\n\n\t\n\t<div id=\"col-1153465234\" class=\"col medium-12 small-12 large-6 small-col-first\"  >\n\t\t\t\t<div class=\"col-inner text-center\"  >\n\t\t\t\n\t\t\t\t<div class=\"img has-hover x md-x lg-x y md-y lg-y\" id=\"image_647874991\">\n\t\t\t\t\t\t<div data-animate=\"fadeInRight\">\t\t<div class=\"img-inner box-shadow-2 box-shadow-3-hover dark\" >\n\t\t\t<img loading=\"lazy\" decoding=\"async\" width=\"1020\" height=\"537\" src=\"https:\/\/www.welaunch.io\/de\/wp-content\/uploads\/sites\/11\/2020\/07\/quick-view-buttons-in-shop-loop-1024x539.png\" class=\"attachment-large size-large\" alt=\"quick view buttons in shop loop\" srcset=\"https:\/\/www.welaunch.io\/de\/wp-content\/uploads\/sites\/11\/2020\/07\/quick-view-buttons-in-shop-loop-1024x539.png 1024w, https:\/\/www.welaunch.io\/de\/wp-content\/uploads\/sites\/11\/2020\/07\/quick-view-buttons-in-shop-loop-500x263.png 500w, https:\/\/www.welaunch.io\/de\/wp-content\/uploads\/sites\/11\/2020\/07\/quick-view-buttons-in-shop-loop-1000x526.png 1000w, https:\/\/www.welaunch.io\/de\/wp-content\/uploads\/sites\/11\/2020\/07\/quick-view-buttons-in-shop-loop-300x158.png 300w, https:\/\/www.welaunch.io\/de\/wp-content\/uploads\/sites\/11\/2020\/07\/quick-view-buttons-in-shop-loop-768x404.png 768w, https:\/\/www.welaunch.io\/de\/wp-content\/uploads\/sites\/11\/2020\/07\/quick-view-buttons-in-shop-loop-1536x809.png 1536w, https:\/\/www.welaunch.io\/de\/wp-content\/uploads\/sites\/11\/2020\/07\/quick-view-buttons-in-shop-loop-2048x1078.png 2048w\" sizes=\"auto, (max-width: 1020px) 100vw, 1020px\" \/>\t\t\t\t\t\t\n\t\t\t\t\t<\/div>\n\t\t<\/div>\t\t\t\t\t\t\n<style>\n#image_647874991 {\n  width: 100%;\n}\n<\/style>\n\t<\/div>\n\t\t\t<\/div>\n\t\t\t\t\t<\/div>\n\n\t<\/div>\t\t<\/div>\n\n\t\t\n<style>\n#section_455982539 {\n  padding-top: 40px;\n  padding-bottom: 40px;\n}\n#section_455982539 .section-bg-overlay {\n  background-color: #3171ee;\n}\n@media (min-width:550px) {\n  #section_455982539 {\n    padding-top: 50px;\n    padding-bottom: 50px;\n  }\n}\n@media (min-width:850px) {\n  #section_455982539 {\n    padding-top: 80px;\n    padding-bottom: 80px;\n  }\n}\n<\/style>\n\t<\/section>\n\t\n\t<section class=\"section\" id=\"section_591059527\">\n\t\t<div class=\"section-bg fill\" >\n\t\t\t\t\t\t\t\t\t\n\t\t\t\n\n\t\t<\/div>\n\n\t\t\n\n\t\t<div class=\"section-content relative\">\n\t\t\t<div class=\"row align-middle align-center\"  id=\"row-1556743529\">\n\t<div id=\"col-1115259036\" class=\"col medium-12 small-12 large-6\"  >\n\t\t\t\t<div class=\"col-inner text-center\"  >\n\t\t\t\n\t\t\t\t<div class=\"img has-hover x md-x lg-x y md-y lg-y\" id=\"image_1154482513\">\n\t\t\t\t\t\t<div data-animate=\"fadeInLeft\">\t\t<div class=\"img-inner box-shadow-2 box-shadow-3-hover dark\" >\n\t\t\t<img loading=\"lazy\" decoding=\"async\" width=\"1020\" height=\"627\" src=\"https:\/\/www.welaunch.io\/de\/wp-content\/uploads\/sites\/11\/2020\/07\/inline-quick-view-1024x629.png\" class=\"attachment-large size-large\" alt=\"inline quick view\" srcset=\"https:\/\/www.welaunch.io\/de\/wp-content\/uploads\/sites\/11\/2020\/07\/inline-quick-view-1024x629.png 1024w, https:\/\/www.welaunch.io\/de\/wp-content\/uploads\/sites\/11\/2020\/07\/inline-quick-view-500x307.png 500w, https:\/\/www.welaunch.io\/de\/wp-content\/uploads\/sites\/11\/2020\/07\/inline-quick-view-1000x615.png 1000w, https:\/\/www.welaunch.io\/de\/wp-content\/uploads\/sites\/11\/2020\/07\/inline-quick-view-300x184.png 300w, https:\/\/www.welaunch.io\/de\/wp-content\/uploads\/sites\/11\/2020\/07\/inline-quick-view-768x472.png 768w, https:\/\/www.welaunch.io\/de\/wp-content\/uploads\/sites\/11\/2020\/07\/inline-quick-view-1536x944.png 1536w, https:\/\/www.welaunch.io\/de\/wp-content\/uploads\/sites\/11\/2020\/07\/inline-quick-view-2048x1259.png 2048w\" sizes=\"auto, (max-width: 1020px) 100vw, 1020px\" \/>\t\t\t\t\t\t\n\t\t\t\t\t<\/div>\n\t\t<\/div>\t\t\t\t\t\t\n<style>\n#image_1154482513 {\n  width: 100%;\n}\n<\/style>\n\t<\/div>\n\t\t\t<\/div>\n\t\t\t\t\t<\/div>\n\n\t\n\t<div id=\"col-612095169\" class=\"col medium-12 small-12 large-6 medium-col-first\"  >\n\t\t\t\t<div class=\"col-inner\"  >\n\t\t\t\n\t\t\t\n<h2>Leistung<\/h2>\n<p>Mit dem Laden von AJAX m\u00fcssen Ihre Kunden nicht lange warten, bis sie Ihre Produktinformationen erhalten. Antwortzeiten unter 600 ms &#8211; das ist unser Versprechen.Both sellers and consumers seek efficiency for their sales and purchases, a point in favor of<strong>Woocommerce Quick View.<\/strong>Niemand verliert in den ersten Sekunden das Interesse, sondern hat stattdessen verschiedene Gr\u00fcnde zu bleiben.<a href=\"https:\/\/demos.welaunch.io\/woocommerce-quick-view\/\" target=\"_blank\" class=\"button primary is-link\" rel=\"noopener\">\n\t\t<span>Demo ansehen<\/span>\n\t<\/a>\n\t\t<\/div>\n\t\t\t\t\t<\/div>\n\n\t<\/div>\t\t<\/div>\n\n\t\t\n<style>\n#section_591059527 {\n  padding-top: 20px;\n  padding-bottom: 20px;\n}\n@media (min-width:550px) {\n  #section_591059527 {\n    padding-top: 50px;\n    padding-bottom: 50px;\n  }\n}\n@media (min-width:850px) {\n  #section_591059527 {\n    padding-top: 80px;\n    padding-bottom: 80px;\n  }\n}\n<\/style>\n\t<\/section>\n\t\n\t<section class=\"section dark\" id=\"section_240630201\">\n\t\t<div class=\"section-bg fill\" >\n\t\t\t\t\t\t\t\t\t<div class=\"section-bg-overlay absolute fill\"><\/div>\n\t\t\t\n\n\t\t<\/div>\n\n\t\t\n\n\t\t<div class=\"section-content relative\">\n\t\t\t<div class=\"row align-middle align-center\"  id=\"row-1032791664\">\n\t<div id=\"col-1902987738\" class=\"col medium-12 small-12 large-6\"  >\n\t\t\t\t<div class=\"col-inner\"  >\n\t\t\t\n\t\t\t\n<h2>Anpassbar<\/h2>\n<p>Die Texte des Buttons, die Icons, die Farben, die Typographien, was Sie zeigen wollen und was nicht dem Geschmack des Verk\u00e4ufers unterliegt. That is where our pluginfits the vision of who undertakes and truly provides a great experience to who buys.Au\u00dferdem k\u00f6nnen Sie mehrere Produktinformationsbl\u00f6cke aktivieren oder deaktivieren. Sie k\u00f6nnen auch Ihre eigene Vorlage erstellen, indem Sie unsere innerhalb des Themas Ihres Kindes \u00fcberschreiben, zum Beispiel.\t\t<\/div>\n\t\t\t\t\t<\/div>\n\n\t\n\t<div id=\"col-878050365\" class=\"col medium-12 small-12 large-6\"  >\n\t\t\t\t<div class=\"col-inner text-center\"  >\n\t\t\t\n\t\t\t\t<div class=\"img has-hover x md-x lg-x y md-y lg-y\" id=\"image_256397591\">\n\t\t\t\t\t\t<div data-animate=\"fadeInLeft\">\t\t<div class=\"img-inner box-shadow-2 box-shadow-3-hover dark\" >\n\t\t\t<img loading=\"lazy\" decoding=\"async\" width=\"1020\" height=\"651\" src=\"https:\/\/www.welaunch.io\/de\/wp-content\/uploads\/sites\/11\/2020\/07\/customizable-admin-settings-1024x654.png\" class=\"attachment-large size-large\" alt=\"customizable admin settings\" srcset=\"https:\/\/www.welaunch.io\/de\/wp-content\/uploads\/sites\/11\/2020\/07\/customizable-admin-settings-1024x654.png 1024w, https:\/\/www.welaunch.io\/de\/wp-content\/uploads\/sites\/11\/2020\/07\/customizable-admin-settings-500x319.png 500w, https:\/\/www.welaunch.io\/de\/wp-content\/uploads\/sites\/11\/2020\/07\/customizable-admin-settings-1000x639.png 1000w, https:\/\/www.welaunch.io\/de\/wp-content\/uploads\/sites\/11\/2020\/07\/customizable-admin-settings-300x192.png 300w, https:\/\/www.welaunch.io\/de\/wp-content\/uploads\/sites\/11\/2020\/07\/customizable-admin-settings-768x490.png 768w, https:\/\/www.welaunch.io\/de\/wp-content\/uploads\/sites\/11\/2020\/07\/customizable-admin-settings-1536x981.png 1536w, https:\/\/www.welaunch.io\/de\/wp-content\/uploads\/sites\/11\/2020\/07\/customizable-admin-settings-2048x1308.png 2048w\" sizes=\"auto, (max-width: 1020px) 100vw, 1020px\" \/>\t\t\t\t\t\t\n\t\t\t\t\t<\/div>\n\t\t<\/div>\t\t\t\t\t\t\n<style>\n#image_256397591 {\n  width: 100%;\n}\n<\/style>\n\t<\/div>\n\t\t\t<\/div>\n\t\t\t\t\t<\/div>\n\n\t<\/div>\t\t<\/div>\n\n\t\t\n<style>\n#section_240630201 {\n  padding-top: 40px;\n  padding-bottom: 40px;\n}\n#section_240630201 .section-bg-overlay {\n  background-color: #3171ee;\n}\n@media (min-width:550px) {\n  #section_240630201 {\n    padding-top: 50px;\n    padding-bottom: 50px;\n  }\n}\n@media (min-width:850px) {\n  #section_240630201 {\n    padding-top: 80px;\n    padding-bottom: 80px;\n  }\n}\n<\/style>\n\t<\/section>\n\t\n","protected":false},"excerpt":{"rendered":"<p>Stellen Sie sich vor, Sie haben Kunden, die sich Ihre Produkte schnell ansehen m\u00fcssen: Wie schlimm w\u00e4re es, wenn jeder Kunde sie in einem neuen Tab oder Fenster \u00f6ffnen m\u00fcsste? An dieser Stelle springt unser Plugin ein. Mit unserem WooCommerce Quick View Plugin k\u00f6nnen Ihre Kunden Produktinformationen \u00fcber AJAX anzeigen, ohne die Produktseite zu \u00f6ffnen.<\/p>\n","protected":false},"featured_media":2646,"comment_status":"open","ping_status":"closed","template":"","meta":{"inline_featured_image":false},"product_brand":[],"product_cat":[43,41],"product_tag":[],"class_list":{"0":"post-4621","1":"product","2":"type-product","3":"status-publish","4":"has-post-thumbnail","6":"product_cat-woocommerce-plugins","7":"product_cat-plugins","9":"first","10":"instock","11":"shipping-taxable","12":"purchasable","13":"product-type-variable"},"_links":{"self":[{"href":"https:\/\/www.welaunch.io\/de\/wp-json\/wp\/v2\/product\/4621","targetHints":{"allow":["GET"]}}],"collection":[{"href":"https:\/\/www.welaunch.io\/de\/wp-json\/wp\/v2\/product"}],"about":[{"href":"https:\/\/www.welaunch.io\/de\/wp-json\/wp\/v2\/types\/product"}],"replies":[{"embeddable":true,"href":"https:\/\/www.welaunch.io\/de\/wp-json\/wp\/v2\/comments?post=4621"}],"wp:featuredmedia":[{"embeddable":true,"href":"https:\/\/www.welaunch.io\/de\/wp-json\/wp\/v2\/media\/2646"}],"wp:attachment":[{"href":"https:\/\/www.welaunch.io\/de\/wp-json\/wp\/v2\/media?parent=4621"}],"wp:term":[{"taxonomy":"product_brand","embeddable":true,"href":"https:\/\/www.welaunch.io\/de\/wp-json\/wp\/v2\/product_brand?post=4621"},{"taxonomy":"product_cat","embeddable":true,"href":"https:\/\/www.welaunch.io\/de\/wp-json\/wp\/v2\/product_cat?post=4621"},{"taxonomy":"product_tag","embeddable":true,"href":"https:\/\/www.welaunch.io\/de\/wp-json\/wp\/v2\/product_tag?post=4621"}],"curies":[{"name":"wp","href":"https:\/\/api.w.org\/{rel}","templated":true}]}}