{"id":4542,"date":"2020-07-01T22:43:48","date_gmt":"2020-07-01T20:43:48","guid":{"rendered":"https:\/\/www.welaunch.io\/de\/?post_type=product&#038;p=4542"},"modified":"2025-08-28T15:11:00","modified_gmt":"2025-08-28T13:11:00","slug":"woocommerce-product-accessories","status":"publish","type":"product","link":"https:\/\/www.welaunch.io\/de\/product\/woocommerce-product-accessories\/","title":{"rendered":"WooCommerce Produkt Zubeh\u00f6r"},"content":{"rendered":"\n\t<section class=\"section\" id=\"section_1835809901\">\n\t\t<div class=\"section-bg fill\" >\n\t\t\t\t\t\t\t\t\t\n\t\t\t\n\n\t\t<\/div>\n\n\t\t\n\n\t\t<div class=\"section-content relative\">\n\t\t\t<div class=\"row row-solid\"  id=\"row-2139075044\">\n\t<div id=\"col-101461344\" class=\"col medium-4 small-12 large-4\"  >\n\t\t\t\t<div class=\"col-inner text-center\"  >\n\t\t\t\n\t\t\t\n\t\t<div class=\"icon-box featured-box icon-box-center text-center\"  >\n\t\t\t\t\t<div class=\"icon-box-img\" style=\"width: 50px\">\n\t\t\t\t<div class=\"icon\">\n\t\t\t\t\t<div class=\"icon-inner\" style=\"color:rgb(101, 28, 255);\">\n\t\t\t\t\t\t<svg xmlns=\"http:\/\/www.w3.org\/2000\/svg\" viewBox=\"0 0 511.9 512\"><path d=\"M501.8 19.1c-1.1-4.4-4.5-7.8-8.8-8.8C453.7.7 442.5 0 408 0c-68.6 0-128.1 44.9-173.8 96H106.7c-11.4 0-21.9 6-27.6 15.9l-74.7 128C-8 261.2 7.4 288 32 288h82.7c-8.6 19.1-14.3 33.5-18.6 44.6-1.7 4.4-.7 9.5 2.7 12.8l67.7 67.7c3.4 3.4 8.4 4.4 12.8 2.7 11.2-4.3 25.5-10 44.6-18.6V480c0 24.7 26.8 40.1 48.1 27.6l128-74.7c9.8-5.7 15.9-16.3 15.9-27.6V277.8c51.1-45.7 96-105.2 96-173.8.1-34.5-.6-45.8-10.1-84.9zM32 256l74.7-128h101.1c-32.5 42.6-58.6 88.3-78.1 128H32zm224 224v-97.7c39.7-19.5 85.4-45.5 128-78.1v101.1L256 480zm-76.1-98.7l-49.1-49.1C177.6 215.9 283.8 32 408.1 32c24.7 0 37.3 0 65.5 6.5C480 66.7 480 79.2 480 104c0 124.3-184.1 230.5-300.1 277.3zM368 88c-30.9 0-56 25.1-56 56s25.1 56 56 56 56-25.1 56-56-25.1-56-56-56zm0 80c-13.2 0-24-10.8-24-24s10.8-24 24-24 24 10.8 24 24-10.8 24-24 24z\"\/><\/svg>\t\t\t\t\t<\/div>\n\t\t\t\t<\/div>\n\t\t\t<\/div>\n\t\t\t\t<div class=\"icon-box-text last-reset\">\n\t\t\t<h5 class=\"uppercase\">Obligatorisches Zubeh\u00f6r<\/h5>\t\t\t\t\t\tF\u00fcgen Sie Ihren Produkten obligatorisches \/ erforderliches Zubeh\u00f6r hinzu. Diese werden automatisch in den Benutzerkorb gelegt.\t\t<\/div>\n\t<\/div>\n\t\n\t\t\t<\/div>\n\t\t\t\t\t<\/div>\n\n\t\n\t<div id=\"col-287478672\" class=\"col medium-4 small-12 large-4\"  >\n\t\t\t\t<div class=\"col-inner\"  >\n\t\t\t\n\t\t\t\n\t\t<div class=\"icon-box featured-box icon-box-center text-center\"  >\n\t\t\t\t\t<div class=\"icon-box-img\" style=\"width: 63px\">\n\t\t\t\t<div class=\"icon\">\n\t\t\t\t\t<div class=\"icon-inner\" style=\"color:rgb(101, 28, 255);\">\n\t\t\t\t\t\t<svg xmlns=\"http:\/\/www.w3.org\/2000\/svg\" viewBox=\"0 0 576 512\"><path d=\"M564 192h-76.875L347.893 37.297c-5.91-6.568-16.027-7.101-22.596-1.189s-7.101 16.028-1.189 22.596L444.075 192h-312.15L251.893 58.703c5.912-6.567 5.379-16.685-1.189-22.596-6.569-5.912-16.686-5.38-22.596 1.189L88.875 192H12c-6.627 0-12 5.373-12 12v8c0 6.627 5.373 12 12 12h16.444L58.25 438.603C61.546 462.334 81.836 480 105.794 480h364.412c23.958 0 44.248-17.666 47.544-41.397L547.556 224H564c6.627 0 12-5.373 12-12v-8c0-6.627-5.373-12-12-12zm-77.946 242.201c-1.093 7.867-7.906 13.799-15.848 13.799H105.794c-7.942 0-14.755-5.932-15.848-13.799L60.752 224h454.497l-29.195 210.201zM304 280v112c0 8.837-7.163 16-16 16-8.836 0-16-7.163-16-16V280c0-8.837 7.164-16 16-16 8.837 0 16 7.163 16 16zm112 0v112c0 8.837-7.163 16-16 16s-16-7.163-16-16V280c0-8.837 7.163-16 16-16s16 7.163 16 16zm-224 0v112c0 8.837-7.164 16-16 16s-16-7.163-16-16V280c0-8.837 7.164-16 16-16s16 7.163 16 16z\"\/><\/svg>\t\t\t\t\t<\/div>\n\t\t\t\t<\/div>\n\t\t\t<\/div>\n\t\t\t\t<div class=\"icon-box-text last-reset\">\n\t\t\t<h5 class=\"uppercase\">Optionales Zubeh\u00f6r<\/h5>\t\t\t\t\t\tZeigen Sie optionales Zubeh\u00f6r und steigern Sie Ihre Verk\u00e4ufe, indem Sie Produkte verkaufen, die Ihre Kunden ben\u00f6tigen k\u00f6nnten.\t\t<\/div>\n\t<\/div>\n\t\n\t\t\t<\/div>\n\t\t\t\t\t<\/div>\n\n\t\n\t<div id=\"col-1509050215\" class=\"col medium-4 small-12 large-4\"  >\n\t\t\t\t<div class=\"col-inner\"  >\n\t\t\t\n\t\t\t\n\t\t<div class=\"icon-box featured-box icon-box-center text-center\"  >\n\t\t\t\t\t<div class=\"icon-box-img\" style=\"width: 61px\">\n\t\t\t\t<div class=\"icon\">\n\t\t\t\t\t<div class=\"icon-inner\" style=\"color:rgb(101, 28, 255);\">\n\t\t\t\t\t\t<svg xmlns=\"http:\/\/www.w3.org\/2000\/svg\" viewBox=\"0 0 576 512\"><path d=\"M551.991 64H129.28l-8.329-44.423C118.822 8.226 108.911 0 97.362 0H12C5.373 0 0 5.373 0 12v8c0 6.627 5.373 12 12 12h78.72l69.927 372.946C150.305 416.314 144 431.42 144 448c0 35.346 28.654 64 64 64s64-28.654 64-64a63.681 63.681 0 0 0-8.583-32h145.167a63.681 63.681 0 0 0-8.583 32c0 35.346 28.654 64 64 64 35.346 0 64-28.654 64-64 0-17.993-7.435-34.24-19.388-45.868C506.022 391.891 496.76 384 485.328 384H189.28l-12-64h331.381c11.368 0 21.177-7.976 23.496-19.105l43.331-208C578.592 77.991 567.215 64 551.991 64zM240 448c0 17.645-14.355 32-32 32s-32-14.355-32-32 14.355-32 32-32 32 14.355 32 32zm224 32c-17.645 0-32-14.355-32-32s14.355-32 32-32 32 14.355 32 32-14.355 32-32 32zm38.156-192H171.28l-36-192h406.876l-40 192zm-106.641-75.515l-51.029 51.029c-4.686 4.686-12.284 4.686-16.971 0l-51.029-51.029c-7.56-7.56-2.206-20.485 8.485-20.485H320v-52c0-6.627 5.373-12 12-12h8c6.627 0 12 5.373 12 12v52h35.029c10.691 0 16.045 12.926 8.486 20.485z\"\/><\/svg>\t\t\t\t\t<\/div>\n\t\t\t\t<\/div>\n\t\t\t<\/div>\n\t\t\t\t<div class=\"icon-box-text last-reset\">\n\t\t\t<h5 class=\"uppercase\">Automatische Wagen-Aktualisierung<\/h5>\t\t\t\t\t\tBeim Hinzuf\u00fcgen\/Entfernen von Hauptprodukten aus dem Warenkorb wird automatisch das erforderliche Zubeh\u00f6r hinzugef\u00fcgt\/entfernt.\t\t<\/div>\n\t<\/div>\n\t\n\t\t\t<\/div>\n\t\t\t\t\t<\/div>\n\n\t<\/div>\t\t<\/div>\n\n\t\t\n<style>\n#section_1835809901 {\n  padding-top: 30px;\n  padding-bottom: 30px;\n}\n<\/style>\n\t<\/section>\n\t\n\t<section class=\"section dark\" id=\"section_643109211\">\n\t\t<div class=\"section-bg fill\" >\n\t\t\t\t\t\t\t\t\t<div class=\"section-bg-overlay absolute fill\"><\/div>\n\t\t\t\n\n\t\t<\/div>\n\n\t\t\n\n\t\t<div class=\"section-content relative\">\n\t\t\t<div class=\"row align-middle align-center\"  id=\"row-1201127134\">\n\t<div id=\"col-1232901101\" class=\"col medium-12 small-12 large-6\"  >\n\t\t\t\t<div class=\"col-inner\"  >\n\t\t\t\n\t\t\t\n<h2>WooCommerce Produkt-Addons<\/h2>\n<p>WooCommerce-Produktseiten sind wie digitale Schauk\u00e4sten f\u00fcr Ihre Produkte. Aber die K\u00e4ufer m\u00f6chten auch gerne Accessoires erwerben und die Vorteile von Paketen nutzen. Das WooCommerce-Plugin f\u00fcr Produktzubeh\u00f6r erm\u00f6glicht es den Shopbesitzern daher, obligatorisches und optionales Zubeh\u00f6r zusammen mit \u00fcbergeordneten Produkten zu b\u00fcndeln.Wenn Sie die WooCommerce-Produktseiten durchsehen, zeigen die Seiten selbst visuelle Add-on- und Zubeh\u00f6rideen, die den Kauf erg\u00e4nzen. Dies spiegelt reale Einkaufserlebnisse wider und hilft Ladenbesitzern, zus\u00e4tzliches Inventar effektiver zu verkaufen.\t\t<\/div>\n\t\t\t\t\t<\/div>\n\n\t\n\t<div id=\"col-1044617170\" class=\"col medium-12 small-12 large-6\"  >\n\t\t\t\t<div class=\"col-inner text-center\"  >\n\t\t\t\n\t\t\t<div class=\"video video-fit mb\" style=\"padding-top:56.25%;\"><p><iframe title=\"WooCommerce Product Accessories\" width=\"1020\" height=\"765\" src=\"https:\/\/www.youtube.com\/embed\/wW6inMB2fPM?feature=oembed\" frameborder=\"0\" allow=\"accelerometer; autoplay; encrypted-media; gyroscope; picture-in-picture\" allowfullscreen><\/iframe><\/p>\n<\/div>\t\t<\/div>\n\t\t\t\t\t<\/div>\n\n\t<\/div>\t\t<\/div>\n\n\t\t\n<style>\n#section_643109211 {\n  padding-top: 40px;\n  padding-bottom: 40px;\n}\n#section_643109211 .section-bg-overlay {\n  background-color: rgb(49, 113, 238);\n}\n@media (min-width:550px) {\n  #section_643109211 {\n    padding-top: 50px;\n    padding-bottom: 50px;\n  }\n}\n@media (min-width:850px) {\n  #section_643109211 {\n    padding-top: 80px;\n    padding-bottom: 80px;\n  }\n}\n<\/style>\n\t<\/section>\n\t\n\t<section class=\"section\" id=\"section_108373841\">\n\t\t<div class=\"section-bg fill\" >\n\t\t\t\t\t\t\t\t\t\n\t\t\t\n\n\t\t<\/div>\n\n\t\t\n\n\t\t<div class=\"section-content relative\">\n\t\t\t<div class=\"row align-middle align-center\"  id=\"row-1085866460\">\n\t<div id=\"col-1218738992\" class=\"col medium-12 small-12 large-6\"  >\n\t\t\t\t<div class=\"col-inner text-center\"  >\n\t\t\t\n\t\t\t\t<div class=\"img has-hover x md-x lg-x y md-y lg-y\" id=\"image_1104448842\">\n\t\t\t\t\t\t<div data-animate=\"fadeInLeft\">\t\t<div class=\"img-inner box-shadow-2 box-shadow-3-hover dark\" >\n\t\t\t<img loading=\"lazy\" decoding=\"async\" width=\"1020\" height=\"882\" src=\"https:\/\/www.welaunch.io\/de\/wp-content\/uploads\/sites\/11\/2020\/07\/Mandatory-WooCommerce-Product-Addons-1024x885.jpg\" class=\"attachment-large size-large\" alt=\"Mandatory WooCommerce Product Addons\" srcset=\"https:\/\/www.welaunch.io\/de\/wp-content\/uploads\/sites\/11\/2020\/07\/Mandatory-WooCommerce-Product-Addons-1024x885.jpg 1024w, https:\/\/www.welaunch.io\/de\/wp-content\/uploads\/sites\/11\/2020\/07\/Mandatory-WooCommerce-Product-Addons-500x432.jpg 500w, https:\/\/www.welaunch.io\/de\/wp-content\/uploads\/sites\/11\/2020\/07\/Mandatory-WooCommerce-Product-Addons-1000x864.jpg 1000w, https:\/\/www.welaunch.io\/de\/wp-content\/uploads\/sites\/11\/2020\/07\/Mandatory-WooCommerce-Product-Addons-300x259.jpg 300w, https:\/\/www.welaunch.io\/de\/wp-content\/uploads\/sites\/11\/2020\/07\/Mandatory-WooCommerce-Product-Addons-768x664.jpg 768w, https:\/\/www.welaunch.io\/de\/wp-content\/uploads\/sites\/11\/2020\/07\/Mandatory-WooCommerce-Product-Addons-1536x1327.jpg 1536w, https:\/\/www.welaunch.io\/de\/wp-content\/uploads\/sites\/11\/2020\/07\/Mandatory-WooCommerce-Product-Addons-2048x1770.jpg 2048w\" sizes=\"auto, (max-width: 1020px) 100vw, 1020px\" \/>\t\t\t\t\t\t\n\t\t\t\t\t<\/div>\n\t\t<\/div>\t\t\t\t\t\t\n<style>\n#image_1104448842 {\n  width: 100%;\n}\n<\/style>\n\t<\/div>\n\t\t\t<\/div>\n\t\t\t\t\t<\/div>\n\n\t\n\t<div id=\"col-1141237795\" class=\"col medium-12 small-12 large-6 medium-col-first\"  >\n\t\t\t\t<div class=\"col-inner\"  >\n\t\t\t\n\t\t\t\n<h2>Notwendiges Zubeh\u00f6r anzeigen<\/h2>\n<p>Die Idee von obligatorischem WooCommerce-Produktzubeh\u00f6r kann abschreckend klingen. Es gibt jedoch mehrere Kontexte, in denen das Hinzuf\u00fcgen von obligatorischen WooCommerce-Produktzus\u00e4tzen einen Mehrwert bietet.F\u00fcr den Betrieb von Produkten wie Kameras und Smartphones sind spezielle Kabel und Ger\u00e4teladeger\u00e4te erforderlich. In den meisten F\u00e4llen ben\u00f6tigen Elternprodukte daher mindestens ein obligatorisches Zubeh\u00f6rteil, um erwartungsgem\u00e4\u00df zu funktionieren.Anstatt separate Artikel in Produktbeschreibungen zu empfehlen, erm\u00f6glicht das WooCommerce-Plugin f\u00fcr Produktzubeh\u00f6r den Ladenbesitzern, den Produktlisten automatisch obligatorisches Zubeh\u00f6r hinzuzuf\u00fcgen.<\/p>\n<ul>\n<li>Site-Administratoren w\u00e4hlen obligatorisches Zubeh\u00f6r zur Paarung mit Produkten im Plugin-Backoffice<\/li>\n<li>Zubeh\u00f6r kann nach wie vor als Einzelprodukt \u00fcber ihre eigenen WooCommerce-Produktseiten verkauft werden<\/li>\n<li>Bei der Auswahl von Elternprodukten wird obligatorisches Zubeh\u00f6r automatisch in den Einkaufswagen der Kunden gelegt<\/li>\n<\/ul>\n<p>Ob von Verbrauchern manuell ausgew\u00e4hlt oder nicht, obligatorisches Zubeh\u00f6r wird in den Einkaufswagen der WooCommerce-Shops angezeigt, wenn Kunden zum Abschluss des Kaufs klicken. Noch wichtiger ist, dass eine klare Zubeh\u00f6rbeschriftung auf den Produktseiten die K\u00e4ufer im Voraus dar\u00fcber informiert, dass Zubeh\u00f6rk\u00e4ufe obligatorisch sind.\t\t<\/div>\n\t\t\t\t\t<\/div>\n\n\t<\/div>\t\t<\/div>\n\n\t\t\n<style>\n#section_108373841 {\n  padding-top: 20px;\n  padding-bottom: 20px;\n}\n@media (min-width:550px) {\n  #section_108373841 {\n    padding-top: 50px;\n    padding-bottom: 50px;\n  }\n}\n@media (min-width:850px) {\n  #section_108373841 {\n    padding-top: 80px;\n    padding-bottom: 80px;\n  }\n}\n<\/style>\n\t<\/section>\n\t\n\t<section class=\"section dark\" id=\"section_2029501512\">\n\t\t<div class=\"section-bg fill\" >\n\t\t\t\t\t\t\t\t\t<div class=\"section-bg-overlay absolute fill\"><\/div>\n\t\t\t\n\n\t\t<\/div>\n\n\t\t\n\n\t\t<div class=\"section-content relative\">\n\t\t\t<div class=\"row align-middle align-center\"  id=\"row-983161699\">\n\t<div id=\"col-1300793211\" class=\"col medium-12 small-12 large-6\"  >\n\t\t\t\t<div class=\"col-inner\"  >\n\t\t\t\n\t\t\t\n<h2>Optionale WooCommerce Produkt-Addons<\/h2>\n<p>Das WooCommerce-Produkt-Zubeh\u00f6r-Plugin hilft Ladenbesitzern beim Cross-Selling einer Vielzahl sonst getrennter Ladenartikel. Insbesondere durch Empfehlung von Artikeln, die den Kauf von Mutterprodukten erg\u00e4nzen k\u00f6nnen. Zu den \u00fcblichen optionalen Zubeh\u00f6rteilen geh\u00f6ren daher beispielsweise Smartphone-Geh\u00e4use und nicht unbedingt erforderliche Peripherieger\u00e4te f\u00fcr elektronische Ger\u00e4te.<\/p>\n<ul>\n<li>Im Backoffice des WooCommerce-Produktzubeh\u00f6r-Plugins bestimmen die Ladenbesitzer, welches optionale Zubeh\u00f6r auf den \u00fcbergeordneten Produktseiten aufgef\u00fchrt werden soll<\/li>\n<li>WooCommerce-Produktauflistungen und Einkaufswagen zeigen den Verbrauchern Ideen f\u00fcr Accessoires<\/li>\n<li>Cross-Selling-M\u00f6glichkeiten nehmen zu. Insbesondere dank der Tatsache, dass sich K\u00e4ufer oft begeistert f\u00fchlen, wenn sie von der gleichen (oder einer verwandten) Produktfamilie kaufen<\/li>\n<\/ul>\n<p>Um das Beste aus dem Cross-Selling mit WooCommerce-Produktzubeh\u00f6r zu machen, sollte optionales Zubeh\u00f6r immer einen Mehrwert f\u00fcr die Mutterprodukte bieten. Gegenst\u00e4nde wie Mikro-SD-Karten sollten zum Beispiel immer mit geeigneten elektronischen Ger\u00e4ten gepaart werden.\t\t<\/div>\n\t\t\t\t\t<\/div>\n\n\t\n\t<div id=\"col-1856169168\" class=\"col medium-12 small-12 large-6\"  >\n\t\t\t\t<div class=\"col-inner text-center\"  >\n\t\t\t\n\t\t\t\t<div class=\"img has-hover x md-x lg-x y md-y lg-y\" id=\"image_513735731\">\n\t\t\t\t\t\t<div data-animate=\"fadeInRight\">\t\t<div class=\"img-inner box-shadow-2 box-shadow-3-hover dark\" >\n\t\t\t<img loading=\"lazy\" decoding=\"async\" width=\"1020\" height=\"498\" src=\"https:\/\/www.welaunch.io\/de\/wp-content\/uploads\/sites\/11\/2020\/07\/Optional-product-accessories-1024x500.jpg\" class=\"attachment-large size-large\" alt=\"Optional product accessories\" srcset=\"https:\/\/www.welaunch.io\/de\/wp-content\/uploads\/sites\/11\/2020\/07\/Optional-product-accessories-1024x500.jpg 1024w, https:\/\/www.welaunch.io\/de\/wp-content\/uploads\/sites\/11\/2020\/07\/Optional-product-accessories-500x244.jpg 500w, https:\/\/www.welaunch.io\/de\/wp-content\/uploads\/sites\/11\/2020\/07\/Optional-product-accessories-1000x489.jpg 1000w, https:\/\/www.welaunch.io\/de\/wp-content\/uploads\/sites\/11\/2020\/07\/Optional-product-accessories-300x147.jpg 300w, https:\/\/www.welaunch.io\/de\/wp-content\/uploads\/sites\/11\/2020\/07\/Optional-product-accessories-768x375.jpg 768w, https:\/\/www.welaunch.io\/de\/wp-content\/uploads\/sites\/11\/2020\/07\/Optional-product-accessories-1536x750.jpg 1536w, https:\/\/www.welaunch.io\/de\/wp-content\/uploads\/sites\/11\/2020\/07\/Optional-product-accessories-2048x1001.jpg 2048w\" sizes=\"auto, (max-width: 1020px) 100vw, 1020px\" \/>\t\t\t\t\t\t\n\t\t\t\t\t<\/div>\n\t\t<\/div>\t\t\t\t\t\t\n<style>\n#image_513735731 {\n  width: 100%;\n}\n<\/style>\n\t<\/div>\n\t\t\t<\/div>\n\t\t\t\t\t<\/div>\n\n\t<\/div>\t\t<\/div>\n\n\t\t\n<style>\n#section_2029501512 {\n  padding-top: 40px;\n  padding-bottom: 40px;\n}\n#section_2029501512 .section-bg-overlay {\n  background-color: #3171ee;\n}\n@media (min-width:550px) {\n  #section_2029501512 {\n    padding-top: 50px;\n    padding-bottom: 50px;\n  }\n}\n@media (min-width:850px) {\n  #section_2029501512 {\n    padding-top: 80px;\n    padding-bottom: 80px;\n  }\n}\n<\/style>\n\t<\/section>\n\t\n\t<section class=\"section\" id=\"section_2041375224\">\n\t\t<div class=\"section-bg fill\" >\n\t\t\t\t\t\t\t\t\t\n\t\t\t\n\n\t\t<\/div>\n\n\t\t\n\n\t\t<div class=\"section-content relative\">\n\t\t\t<div class=\"row align-middle align-center\"  id=\"row-415173129\">\n\t<div id=\"col-406335581\" class=\"col medium-12 small-12 large-12 medium-col-first\"  >\n\t\t\t\t<div class=\"col-inner\"  >\n\t\t\t\n\t\t\t\n<h2>Automatische Aktualisierungen des Warenkorbs<\/h2>\n<p>Optionales Zubeh\u00f6r f\u00f6rdert das Cross-Selling, indem es zu Impulsk\u00e4ufen ermutigt. Wie bei jedem Impulskauf k\u00f6nnen Verbraucher jedoch im letzten Moment ihre Meinung \u00e4ndern.Vor der Best\u00e4tigung von K\u00e4ufen auf den Warenkorb-Kassenseiten erhalten WooCommerce-Kunden einen \u00dcberblick \u00fcber ihre vollst\u00e4ndige Bestellung. Hier k\u00f6nnen Eink\u00e4ufer optionales Zubeh\u00f6r entfernen, ohne die Elternprodukte zu entfernen. Umgekehrt bleiben die obligatorischen WooCommerce-Produkterg\u00e4nzungen bestehen, es sei denn, die Elternprodukte werden ebenfalls aus dem Einkaufswagen entfernt.<\/p>\n<ul>\n<li>Die automatische Aktualisierung der Einkaufswagen verhindert, dass Verbraucher versehentlich obligatorisches Zubeh\u00f6r kaufen, wenn die wichtigsten Produktk\u00e4ufe aufgegeben werden<\/li>\n<li>Optionales Zubeh\u00f6r kann einzeln aus den Einkaufswagen entfernt werden<\/li>\n<li>Vor dem Erreichen der Kassenbereiche werden die Einkaufswagen automatisch aktualisiert, da die K\u00e4ufer verschiedene Artikel aus- und abw\u00e4hlen<\/li>\n<\/ul>\n<p>Genau wie Empfehlungen von Ladenbesuchern aus dem wirklichen Leben inspiriert das WooCommerce-Produktzubeh\u00f6r zu zus\u00e4tzlichen K\u00e4ufen und erh\u00f6ht den Wert des Einkaufserlebnisses. Jetzt herunterladen oder hier klicken, um eine Live-Demonstration zu sehen.\t<div class=\"img has-hover x md-x lg-x y md-y lg-y\" id=\"image_558957060\">\n\t\t\t\t\t\t<div data-animate=\"fadeInLeft\">\t\t<div class=\"img-inner box-shadow-2 box-shadow-3-hover dark\" >\n\t\t\t<img loading=\"lazy\" decoding=\"async\" width=\"1020\" height=\"306\" src=\"https:\/\/www.welaunch.io\/de\/wp-content\/uploads\/sites\/11\/2020\/07\/accessories-cart-update-1024x307.png\" class=\"attachment-large size-large\" alt=\"accessories cart update\" srcset=\"https:\/\/www.welaunch.io\/de\/wp-content\/uploads\/sites\/11\/2020\/07\/accessories-cart-update-1024x307.png 1024w, https:\/\/www.welaunch.io\/de\/wp-content\/uploads\/sites\/11\/2020\/07\/accessories-cart-update-500x150.png 500w, https:\/\/www.welaunch.io\/de\/wp-content\/uploads\/sites\/11\/2020\/07\/accessories-cart-update-1000x299.png 1000w, https:\/\/www.welaunch.io\/de\/wp-content\/uploads\/sites\/11\/2020\/07\/accessories-cart-update-300x90.png 300w, https:\/\/www.welaunch.io\/de\/wp-content\/uploads\/sites\/11\/2020\/07\/accessories-cart-update-768x230.png 768w, https:\/\/www.welaunch.io\/de\/wp-content\/uploads\/sites\/11\/2020\/07\/accessories-cart-update-1536x460.png 1536w, https:\/\/www.welaunch.io\/de\/wp-content\/uploads\/sites\/11\/2020\/07\/accessories-cart-update-2048x613.png 2048w\" sizes=\"auto, (max-width: 1020px) 100vw, 1020px\" \/>\t\t\t\t\t\t\n\t\t\t\t\t<\/div>\n\t\t<\/div>\t\t\t\t\t\t\n<style>\n#image_558957060 {\n  width: 100%;\n}\n<\/style>\n\t<\/div>\n\t\t\t<\/div>\n\t\t\t\t\t<\/div>\n\n\t<\/div>\t\t<\/div>\n\n\t\t\n<style>\n#section_2041375224 {\n  padding-top: 40px;\n  padding-bottom: 40px;\n}\n@media (min-width:550px) {\n  #section_2041375224 {\n    padding-top: 50px;\n    padding-bottom: 50px;\n  }\n}\n@media (min-width:850px) {\n  #section_2041375224 {\n    padding-top: 80px;\n    padding-bottom: 80px;\n  }\n}\n<\/style>\n\t<\/section>\n\t\n\t<section class=\"section dark\" id=\"section_130658723\">\n\t\t<div class=\"section-bg fill\" >\n\t\t\t\t\t\t\t\t\t<div class=\"section-bg-overlay absolute fill\"><\/div>\n\t\t\t\n\n\t\t<\/div>\n\n\t\t\n\n\t\t<div class=\"section-content relative\">\n\t\t\t<div class=\"row align-middle align-center\"  id=\"row-1232900781\">\n\t<div id=\"col-1823651114\" class=\"col medium-12 small-12 large-6\"  >\n\t\t\t\t<div class=\"col-inner\"  >\n\t\t\t\n\t\t\t\n<h2>Einfache Backend-Einstellungen<\/h2>\n<p>Um obligatorisches oder optionales Zubeh\u00f6r in WooCommerce hinzuzuf\u00fcgen, bearbeiten Sie einfach ein Produkt im Backend. Dann gehen Sie nach unten zum Abschnitt &#8220;Verkn\u00fcpfte Produkte&#8221;. Wenn Sie diesen Abschnitt \u00f6ffnen, sehen Sie zwei neue Felder, eines f\u00fcr obligatorisch &amp; eines f\u00fcr optionales Zubeh\u00f6r.Geben Sie dort den Produktnamen oder SKU ein. Die Live-Suche fragt alle Ihre Produkte ab und Sie k\u00f6nnen dann einen der vorgeschlagenen Artikel ausw\u00e4hlen.\t\t<\/div>\n\t\t\t\t\t<\/div>\n\n\t\n\t<div id=\"col-546999016\" class=\"col medium-12 small-12 large-6\"  >\n\t\t\t\t<div class=\"col-inner text-center\"  >\n\t\t\t\n\t\t\t\t<div class=\"img has-hover x md-x lg-x y md-y lg-y\" id=\"image_554001893\">\n\t\t\t\t\t\t<div data-animate=\"fadeInRight\">\t\t<div class=\"img-inner box-shadow-2 box-shadow-3-hover dark\" >\n\t\t\t<img loading=\"lazy\" decoding=\"async\" width=\"982\" height=\"411\" src=\"https:\/\/www.welaunch.io\/de\/wp-content\/uploads\/sites\/11\/2020\/07\/woo-accessory-admin-panel.png\" class=\"attachment-large size-large\" alt=\"WooCommerce mange accessories in backend\" srcset=\"https:\/\/www.welaunch.io\/de\/wp-content\/uploads\/sites\/11\/2020\/07\/woo-accessory-admin-panel.png 982w, https:\/\/www.welaunch.io\/de\/wp-content\/uploads\/sites\/11\/2020\/07\/woo-accessory-admin-panel-300x126.png 300w, https:\/\/www.welaunch.io\/de\/wp-content\/uploads\/sites\/11\/2020\/07\/woo-accessory-admin-panel-768x321.png 768w, https:\/\/www.welaunch.io\/de\/wp-content\/uploads\/sites\/11\/2020\/07\/woo-accessory-admin-panel-500x209.png 500w\" sizes=\"auto, (max-width: 982px) 100vw, 982px\" \/>\t\t\t\t\t\t\n\t\t\t\t\t<\/div>\n\t\t<\/div>\t\t\t\t\t\t\n<style>\n#image_554001893 {\n  width: 100%;\n}\n<\/style>\n\t<\/div>\n\t\t\t<\/div>\n\t\t\t\t\t<\/div>\n\n\t<\/div>\t\t<\/div>\n\n\t\t\n<style>\n#section_130658723 {\n  padding-top: 40px;\n  padding-bottom: 40px;\n}\n#section_130658723 .section-bg-overlay {\n  background-color: #3171ee;\n}\n@media (min-width:550px) {\n  #section_130658723 {\n    padding-top: 50px;\n    padding-bottom: 50px;\n  }\n}\n@media (min-width:850px) {\n  #section_130658723 {\n    padding-top: 80px;\n    padding-bottom: 80px;\n  }\n}\n<\/style>\n\t<\/section>\n\t\n","protected":false},"excerpt":{"rendered":"<p>F\u00fcgen Sie notwendiges &amp; optionales Zubeh\u00f6r zu Ihren WooCommerce Produkten hinzu. Steigern Sie mit unserem Plugin Ihre Verk\u00e4ufe und bieten Sie zus\u00e4tzliche Produkte an.<\/p>\n","protected":false},"featured_media":2633,"comment_status":"open","ping_status":"closed","template":"","meta":{"inline_featured_image":false},"product_brand":[],"product_cat":[43,41],"product_tag":[],"class_list":{"0":"post-4542","1":"product","2":"type-product","3":"status-publish","4":"has-post-thumbnail","6":"product_cat-woocommerce-plugins","7":"product_cat-plugins","9":"first","10":"instock","11":"shipping-taxable","12":"purchasable","13":"product-type-variable"},"_links":{"self":[{"href":"https:\/\/www.welaunch.io\/de\/wp-json\/wp\/v2\/product\/4542","targetHints":{"allow":["GET"]}}],"collection":[{"href":"https:\/\/www.welaunch.io\/de\/wp-json\/wp\/v2\/product"}],"about":[{"href":"https:\/\/www.welaunch.io\/de\/wp-json\/wp\/v2\/types\/product"}],"replies":[{"embeddable":true,"href":"https:\/\/www.welaunch.io\/de\/wp-json\/wp\/v2\/comments?post=4542"}],"wp:featuredmedia":[{"embeddable":true,"href":"https:\/\/www.welaunch.io\/de\/wp-json\/wp\/v2\/media\/2633"}],"wp:attachment":[{"href":"https:\/\/www.welaunch.io\/de\/wp-json\/wp\/v2\/media?parent=4542"}],"wp:term":[{"taxonomy":"product_brand","embeddable":true,"href":"https:\/\/www.welaunch.io\/de\/wp-json\/wp\/v2\/product_brand?post=4542"},{"taxonomy":"product_cat","embeddable":true,"href":"https:\/\/www.welaunch.io\/de\/wp-json\/wp\/v2\/product_cat?post=4542"},{"taxonomy":"product_tag","embeddable":true,"href":"https:\/\/www.welaunch.io\/de\/wp-json\/wp\/v2\/product_tag?post=4542"}],"curies":[{"name":"wp","href":"https:\/\/api.w.org\/{rel}","templated":true}]}}