{"id":2652,"date":"2020-06-18T16:47:08","date_gmt":"2020-06-18T14:47:08","guid":{"rendered":"https:\/\/www.welaunch.io\/de\/?post_type=product&#038;p=2652"},"modified":"2023-04-11T15:24:45","modified_gmt":"2023-04-11T13:24:45","slug":"woocommerce-buying-guide","status":"publish","type":"product","link":"https:\/\/www.welaunch.io\/de\/product\/woocommerce-buying-guide\/","title":{"rendered":"WooCommerce Produkt Berater"},"content":{"rendered":"\n\t<section class=\"section\" id=\"section_1525140101\">\n\t\t<div class=\"section-bg fill\" >\n\t\t\t\t\t\t\t\t\t\n\t\t\t\n\n\t\t<\/div>\n\n\t\t\n\n\t\t<div class=\"section-content relative\">\n\t\t\t<div class=\"row row-solid\"  id=\"row-1326254119\">\n\t<div id=\"col-867991620\" class=\"col medium-4 small-12 large-4\"  >\n\t\t\t\t<div class=\"col-inner text-center\"  >\n\t\t\t\n\t\t\t\n\t\t<div class=\"icon-box featured-box icon-box-center text-center\"  >\n\t\t\t\t\t<div class=\"icon-box-img\" style=\"width: 50px\">\n\t\t\t\t<div class=\"icon\">\n\t\t\t\t\t<div class=\"icon-inner\" style=\"color:rgb(101, 28, 255);\">\n\t\t\t\t\t\t<svg xmlns=\"http:\/\/www.w3.org\/2000\/svg\" viewBox=\"0 0 576 512\"><path d=\"M569.354 231.631C512.969 135.948 407.808 72 288 72 168.14 72 63.004 135.994 6.646 231.63a47.999 47.999 0 0 0 0 48.739C63.032 376.053 168.192 440 288 440c119.86 0 224.996-63.994 281.354-159.631a48.002 48.002 0 0 0 0-48.738zM416 228c0 68.483-57.308 124-128 124s-128-55.517-128-124 57.308-124 128-124 128 55.517 128 124zm125.784 36.123C489.837 352.277 393.865 408 288 408c-106.291 0-202.061-56.105-253.784-143.876a16.006 16.006 0 0 1 0-16.247c29.072-49.333 73.341-90.435 127.66-115.887C140.845 158.191 128 191.568 128 228c0 85.818 71.221 156 160 156 88.77 0 160-70.178 160-156 0-36.411-12.833-69.794-33.875-96.01 53.76 25.189 98.274 66.021 127.66 115.887a16.006 16.006 0 0 1-.001 16.246zM224 224c0-10.897 2.727-21.156 7.53-30.137v.02c0 14.554 11.799 26.353 26.353 26.353 14.554 0 26.353-11.799 26.353-26.353s-11.799-26.353-26.353-26.353h-.02c8.981-4.803 19.24-7.53 30.137-7.53 35.346 0 64 28.654 64 64s-28.654 64-64 64-64-28.654-64-64z\"\/><\/svg>\t\t\t\t\t<\/div>\n\t\t\t\t<\/div>\n\t\t\t<\/div>\n\t\t\t\t<div class=\"icon-box-text last-reset\">\n\t\t\t<h5 class=\"uppercase\">Unbegrenzte Fragen<\/h5>\t\t\t\t\t\tErstellen Sie unbegrenzt viele Fragen, f\u00fcgen Sie Einf\u00fchrungstexte hinzu und zeigen Sie Ihren Benutzern Tooltips f\u00fcr jede Frage.\t\t<\/div>\n\t<\/div>\n\t\n\t\t\t<\/div>\n\t\t\t\t\t<\/div>\n\n\t\n\t<div id=\"col-1903142777\" class=\"col medium-4 small-12 large-4\"  >\n\t\t\t\t<div class=\"col-inner\"  >\n\t\t\t\n\t\t\t\n\t\t<div class=\"icon-box featured-box icon-box-center text-center\"  >\n\t\t\t\t\t<div class=\"icon-box-img\" style=\"width: 50px\">\n\t\t\t\t<div class=\"icon\">\n\t\t\t\t\t<div class=\"icon-inner\" style=\"color:rgb(101, 28, 255);\">\n\t\t\t\t\t\t<svg xmlns=\"http:\/\/www.w3.org\/2000\/svg\" viewBox=\"0 0 512 512\"><path d=\"M0 80v352c0 26.51 21.49 48 48 48h416c26.51 0 48-21.49 48-48V80c0-26.51-21.49-48-48-48H48C21.49 32 0 53.49 0 80zm480 0v90.667H192V64h272c8.837 0 16 7.163 16 16zm0 229.333H192V202.667h288v106.666zM32 202.667h128v106.667H32V202.667zM160 64v106.667H32V80c0-8.837 7.163-16 16-16h112zM32 432v-90.667h128V448H48c-8.837 0-16-7.163-16-16zm160 16V341.333h288V432c0 8.837-7.163 16-16 16H192z\"\/><\/svg>\t\t\t\t\t<\/div>\n\t\t\t\t<\/div>\n\t\t\t<\/div>\n\t\t\t\t<div class=\"icon-box-text last-reset\">\n\t\t\t<h5 class=\"uppercase\">Auswahlm\u00f6glichkeiten erstellen<\/h5>\t\t\t\t\t\tErstellen von Auswahlm\u00f6glichkeiten f\u00fcr jede Frage manuell oder automatisch nach Attributen. Legen Sie einen Auswahlnamen und ein Symbol fest, weisen Sie Produkte zu und f\u00fcgen Sie einen Tooltip hinzu, wenn Sie m\u00f6chten.\t\t<\/div>\n\t<\/div>\n\t\n\t\t\t<\/div>\n\t\t\t\t\t<\/div>\n\n\t\n\t<div id=\"col-1865319800\" class=\"col medium-4 small-12 large-4\"  >\n\t\t\t\t<div class=\"col-inner\"  >\n\t\t\t\n\t\t\t\n\t\t<div class=\"icon-box featured-box icon-box-center text-center\"  >\n\t\t\t\t\t<div class=\"icon-box-img\" style=\"width: 61px\">\n\t\t\t\t<div class=\"icon\">\n\t\t\t\t\t<div class=\"icon-inner\" style=\"color:rgb(101, 28, 255);\">\n\t\t\t\t\t\t<?xml version=\"1.0\" encoding=\"iso-8859-1\"?>\r\n<!-- Generator: Adobe Illustrator 16.0.0, SVG Export Plug-In . SVG Version: 6.00 Build 0)  -->\r\n<!DOCTYPE svg PUBLIC \"-\/\/W3C\/\/DTD SVG 1.1\/\/EN\" \"http:\/\/www.w3.org\/Graphics\/SVG\/1.1\/DTD\/svg11.dtd\">\r\n<svg version=\"1.1\" id=\"Capa_1\" xmlns=\"http:\/\/www.w3.org\/2000\/svg\" xmlns:xlink=\"http:\/\/www.w3.org\/1999\/xlink\" x=\"0px\" y=\"0px\"\r\n\t width=\"470.586px\" height=\"470.586px\" viewBox=\"0 0 470.586 470.586\" style=\"enable-background:new 0 0 470.586 470.586;\"\r\n\t xml:space=\"preserve\">\r\n<g>\r\n\t<path d=\"M327.081,0H90.234c-15.9,0-28.853,12.959-28.853,28.859v412.863c0,15.924,12.953,28.863,28.853,28.863H380.35\r\n\t\tc15.917,0,28.855-12.939,28.855-28.863V89.234L327.081,0z M333.891,43.184l35.996,39.121h-35.996V43.184z M384.972,441.723\r\n\t\tc0,2.542-2.081,4.629-4.635,4.629H90.234c-2.547,0-4.619-2.087-4.619-4.629V28.859c0-2.548,2.072-4.613,4.619-4.613h219.411v70.181\r\n\t\tc0,6.682,5.443,12.099,12.129,12.099h63.198V441.723z M111.593,359.871h236.052v48.421H111.593V359.871z\"\/>\r\n<\/g>\r\n<g>\r\n<\/g>\r\n<g>\r\n<\/g>\r\n<g>\r\n<\/g>\r\n<g>\r\n<\/g>\r\n<g>\r\n<\/g>\r\n<g>\r\n<\/g>\r\n<g>\r\n<\/g>\r\n<g>\r\n<\/g>\r\n<g>\r\n<\/g>\r\n<g>\r\n<\/g>\r\n<g>\r\n<\/g>\r\n<g>\r\n<\/g>\r\n<g>\r\n<\/g>\r\n<g>\r\n<\/g>\r\n<g>\r\n<\/g>\r\n<\/svg>\r\n\t\t\t\t\t<\/div>\n\t\t\t\t<\/div>\n\t\t\t<\/div>\n\t\t\t\t<div class=\"icon-box-text last-reset\">\n\t\t\t<h5 class=\"uppercase\">3 Stile<\/h5>\t\t\t\t\t\tW\u00e4hlen Sie f\u00fcr jeden Einkaufsf\u00fchrer, welchen Stil Sie verwenden m\u00f6chten. W\u00e4hlen Sie individuell zwischen einfachem Text, ausgefallenem Bild oder modalem \/ Popup-Stil.\t\t<\/div>\n\t<\/div>\n\t\n\t\t\t<\/div>\n\t\t\t\t\t<\/div>\n\n\t\n<style>\n#row-1326254119 > .col > .col-inner {\n  padding: 20px 20px 20px 20px;\n}\n<\/style>\n<\/div>\t\t<\/div>\n\n\t\t\n<style>\n#section_1525140101 {\n  padding-top: 30px;\n  padding-bottom: 30px;\n}\n<\/style>\n\t<\/section>\n\t\n\t<section class=\"section dark\" id=\"section_1785287093\">\n\t\t<div class=\"section-bg fill\" >\n\t\t\t\t\t\t\t\t\t<div class=\"section-bg-overlay absolute fill\"><\/div>\n\t\t\t\n\n\t\t<\/div>\n\n\t\t\n\n\t\t<div class=\"section-content relative\">\n\t\t\t<div class=\"row align-middle align-center\"  id=\"row-1661413316\">\n\t<div id=\"col-1343223057\" class=\"col medium-12 small-12 large-6\"  >\n\t\t\t\t<div class=\"col-inner\"  >\n\t\t\t\n\t\t\t\n<h2>WooCommerce Gef\u00fchrtes Verkaufen<\/h2>\n<p>F\u00fchren Sie Ihre Benutzer m\u00fchelos zum richtigen Produkt. Wenn Sie viele oder komplexe Produkte haben, k\u00f6nnen Ihre Kunden von Ihrem Sortiment \u00fcberw\u00e4ltigt werden. An dieser Stelle kommt unser Plugin f\u00fcr den Kaufratgeber ins Spiel.<\/p>\n<ul>\n<li>Fragen und Antworten erstellen<\/li>\n<li>Produkte zu Auswahlm\u00f6glichkeiten zuweisen<\/li>\n<li>Am Ende das\/die am besten passende(n) Produkt(e) anzeigen<\/li>\n<\/ul>\n\t\t<\/div>\n\t\t\t\t\t<\/div>\n\n\t\n\t<div id=\"col-1425843818\" class=\"col medium-12 small-12 large-6\"  >\n\t\t\t\t<div class=\"col-inner text-center\"  >\n\t\t\t\n\t\t\t\t<div class=\"img has-hover x md-x lg-x y md-y lg-y\" id=\"image_978649893\">\n\t\t\t\t\t\t<div data-animate=\"fadeInRight\">\t\t<div class=\"img-inner box-shadow-2 box-shadow-3-hover dark\" >\n\t\t\t<img loading=\"lazy\" decoding=\"async\" width=\"1020\" height=\"518\" src=\"https:\/\/www.welaunch.io\/de\/wp-content\/uploads\/sites\/11\/2020\/07\/guided-selling-image-style-1024x520.png\" class=\"attachment-large size-large\" alt=\"guided selling image style\" srcset=\"https:\/\/www.welaunch.io\/de\/wp-content\/uploads\/sites\/11\/2020\/07\/guided-selling-image-style-1024x520.png 1024w, https:\/\/www.welaunch.io\/de\/wp-content\/uploads\/sites\/11\/2020\/07\/guided-selling-image-style-500x254.jpg 500w, https:\/\/www.welaunch.io\/de\/wp-content\/uploads\/sites\/11\/2020\/07\/guided-selling-image-style-1000x508.jpg 1000w, https:\/\/www.welaunch.io\/de\/wp-content\/uploads\/sites\/11\/2020\/07\/guided-selling-image-style-300x152.png 300w, https:\/\/www.welaunch.io\/de\/wp-content\/uploads\/sites\/11\/2020\/07\/guided-selling-image-style-768x390.png 768w, https:\/\/www.welaunch.io\/de\/wp-content\/uploads\/sites\/11\/2020\/07\/guided-selling-image-style-1536x780.jpg 1536w, https:\/\/www.welaunch.io\/de\/wp-content\/uploads\/sites\/11\/2020\/07\/guided-selling-image-style-2048x1040.jpg 2048w\" sizes=\"auto, (max-width: 1020px) 100vw, 1020px\" \/>\t\t\t\t\t\t\n\t\t\t\t\t<\/div>\n\t\t<\/div>\t\t\t\t\t\t\n<style>\n#image_978649893 {\n  width: 100%;\n}\n<\/style>\n\t<\/div>\n\t\t\t<\/div>\n\t\t\t\t\t<\/div>\n\n\t<\/div>\t\t<\/div>\n\n\t\t\n<style>\n#section_1785287093 {\n  padding-top: 40px;\n  padding-bottom: 40px;\n}\n#section_1785287093 .section-bg-overlay {\n  background-color: #3171ee;\n}\n@media (min-width:550px) {\n  #section_1785287093 {\n    padding-top: 50px;\n    padding-bottom: 50px;\n  }\n}\n@media (min-width:850px) {\n  #section_1785287093 {\n    padding-top: 80px;\n    padding-bottom: 80px;\n  }\n}\n<\/style>\n\t<\/section>\n\t\n\t<section class=\"section\" id=\"section_1758286563\">\n\t\t<div class=\"section-bg fill\" >\n\t\t\t\t\t\t\t\t\t\n\t\t\t\n\n\t\t<\/div>\n\n\t\t\n\n\t\t<div class=\"section-content relative\">\n\t\t\t<div class=\"row align-middle align-center\"  id=\"row-2062238008\">\n\t<div id=\"col-500634773\" class=\"col medium-12 small-12 large-6\"  >\n\t\t\t\t<div class=\"col-inner text-center\"  >\n\t\t\t\n\t\t\t\t<div class=\"img has-hover x md-x lg-x y md-y lg-y\" id=\"image_628789939\">\n\t\t\t\t\t\t<div data-animate=\"fadeInLeft\">\t\t<div class=\"img-inner box-shadow-2 box-shadow-3-hover dark\" >\n\t\t\t<img loading=\"lazy\" decoding=\"async\" width=\"1020\" height=\"541\" src=\"https:\/\/www.welaunch.io\/de\/wp-content\/uploads\/sites\/11\/2020\/07\/start-buying-guide-1024x543.png\" class=\"attachment-large size-large\" alt=\"start buying guide\" srcset=\"https:\/\/www.welaunch.io\/de\/wp-content\/uploads\/sites\/11\/2020\/07\/start-buying-guide-1024x543.png 1024w, https:\/\/www.welaunch.io\/de\/wp-content\/uploads\/sites\/11\/2020\/07\/start-buying-guide-500x265.png 500w, https:\/\/www.welaunch.io\/de\/wp-content\/uploads\/sites\/11\/2020\/07\/start-buying-guide-1000x531.png 1000w, https:\/\/www.welaunch.io\/de\/wp-content\/uploads\/sites\/11\/2020\/07\/start-buying-guide-300x159.png 300w, https:\/\/www.welaunch.io\/de\/wp-content\/uploads\/sites\/11\/2020\/07\/start-buying-guide-768x407.png 768w, https:\/\/www.welaunch.io\/de\/wp-content\/uploads\/sites\/11\/2020\/07\/start-buying-guide-1536x815.png 1536w, https:\/\/www.welaunch.io\/de\/wp-content\/uploads\/sites\/11\/2020\/07\/start-buying-guide-2048x1087.png 2048w\" sizes=\"auto, (max-width: 1020px) 100vw, 1020px\" \/>\t\t\t\t\t\t\n\t\t\t\t\t<\/div>\n\t\t<\/div>\t\t\t\t\t\t\n<style>\n#image_628789939 {\n  width: 100%;\n}\n<\/style>\n\t<\/div>\n\t\t\t<\/div>\n\t\t\t\t\t<\/div>\n\n\t\n\t<div id=\"col-824650816\" class=\"col medium-12 small-12 large-6 medium-col-first\"  >\n\t\t\t\t<div class=\"col-inner\"  >\n\t\t\t\n\t\t\t\n<h2>Kaufberatung Optionen<\/h2>\n<p>Die WooCommerce-Einkaufsf\u00fchrer k\u00f6nnen mehrere Layouts und Optionen haben. Unser Plugin bietet mehr als 3 verschiedene Layouts, Brotkrume-Navigation und die M\u00f6glichkeit, die am Ende getroffene Auswahl anzuzeigen.<\/p>\n<ul>\n<li>Mehrere Layouts<\/li>\n<li>Wahlm\u00f6glichkeiten \/ Antworten k\u00f6nnen Bilder haben<\/li>\n<li>Live-Filterung<\/li>\n<li>Brotkrume<\/li>\n<\/ul>\n\t\t<\/div>\n\t\t\t\t\t<\/div>\n\n\t<\/div>\t\t<\/div>\n\n\t\t\n<style>\n#section_1758286563 {\n  padding-top: 20px;\n  padding-bottom: 20px;\n}\n@media (min-width:550px) {\n  #section_1758286563 {\n    padding-top: 50px;\n    padding-bottom: 50px;\n  }\n}\n@media (min-width:850px) {\n  #section_1758286563 {\n    padding-top: 80px;\n    padding-bottom: 80px;\n  }\n}\n<\/style>\n\t<\/section>\n\t\n\t<section class=\"section dark\" id=\"section_1373955445\">\n\t\t<div class=\"section-bg fill\" >\n\t\t\t\t\t\t\t\t\t<div class=\"section-bg-overlay absolute fill\"><\/div>\n\t\t\t\n\n\t\t<\/div>\n\n\t\t\n\n\t\t<div class=\"section-content relative\">\n\t\t\t<div class=\"row align-middle align-center\"  id=\"row-2034339372\">\n\t<div id=\"col-1349177533\" class=\"col medium-12 small-12 large-6\"  >\n\t\t\t\t<div class=\"col-inner\"  >\n\t\t\t\n\t\t\t\n<h2>Tooltips &amp; Beschreibungen<\/h2>\n<p>Sowohl Fragen als auch Auswahlm\u00f6glichkeiten k\u00f6nnen beschreibende Texte haben. F\u00fcr Auswahlm\u00f6glichkeiten k\u00f6nnen Sie auch Tooltips f\u00fcr jede dieser Optionen erstellen, um mehr \u00fcber das ausw\u00e4hlbare Element zu erkl\u00e4ren.\t\t<\/div>\n\t\t\t\t\t<\/div>\n\n\t\n\t<div id=\"col-1865915436\" class=\"col medium-12 small-12 large-6\"  >\n\t\t\t\t<div class=\"col-inner text-center\"  >\n\t\t\t\n\t\t\t\t<div class=\"img has-hover x md-x lg-x y md-y lg-y\" id=\"image_653347648\">\n\t\t\t\t\t\t<div data-animate=\"fadeInRight\">\t\t<div class=\"img-inner box-shadow-2 box-shadow-3-hover dark\" >\n\t\t\t<img loading=\"lazy\" decoding=\"async\" width=\"1020\" height=\"666\" src=\"https:\/\/www.welaunch.io\/de\/wp-content\/uploads\/sites\/11\/2020\/07\/woocommerce-guided-selling-example-1024x669.png\" class=\"attachment-large size-large\" alt=\"WooCommerce guided selling example\" srcset=\"https:\/\/www.welaunch.io\/de\/wp-content\/uploads\/sites\/11\/2020\/07\/woocommerce-guided-selling-example-1024x669.png 1024w, https:\/\/www.welaunch.io\/de\/wp-content\/uploads\/sites\/11\/2020\/07\/woocommerce-guided-selling-example-500x327.jpg 500w, https:\/\/www.welaunch.io\/de\/wp-content\/uploads\/sites\/11\/2020\/07\/woocommerce-guided-selling-example-1000x654.jpg 1000w, https:\/\/www.welaunch.io\/de\/wp-content\/uploads\/sites\/11\/2020\/07\/woocommerce-guided-selling-example-300x196.png 300w, https:\/\/www.welaunch.io\/de\/wp-content\/uploads\/sites\/11\/2020\/07\/woocommerce-guided-selling-example-768x502.png 768w, https:\/\/www.welaunch.io\/de\/wp-content\/uploads\/sites\/11\/2020\/07\/woocommerce-guided-selling-example-1536x1004.jpg 1536w, https:\/\/www.welaunch.io\/de\/wp-content\/uploads\/sites\/11\/2020\/07\/woocommerce-guided-selling-example-2048x1339.jpg 2048w\" sizes=\"auto, (max-width: 1020px) 100vw, 1020px\" \/>\t\t\t\t\t\t\n\t\t\t\t\t<\/div>\n\t\t<\/div>\t\t\t\t\t\t\n<style>\n#image_653347648 {\n  width: 100%;\n}\n<\/style>\n\t<\/div>\n\t\t\t<\/div>\n\t\t\t\t\t<\/div>\n\n\t<\/div>\t\t<\/div>\n\n\t\t\n<style>\n#section_1373955445 {\n  padding-top: 40px;\n  padding-bottom: 40px;\n}\n#section_1373955445 .section-bg-overlay {\n  background-color: #3171ee;\n}\n@media (min-width:550px) {\n  #section_1373955445 {\n    padding-top: 50px;\n    padding-bottom: 50px;\n  }\n}\n@media (min-width:850px) {\n  #section_1373955445 {\n    padding-top: 80px;\n    padding-bottom: 80px;\n  }\n}\n<\/style>\n\t<\/section>\n\t\n\t<section class=\"section\" id=\"section_108188427\">\n\t\t<div class=\"section-bg fill\" >\n\t\t\t\t\t\t\t\t\t\n\t\t\t\n\n\t\t<\/div>\n\n\t\t\n\n\t\t<div class=\"section-content relative\">\n\t\t\t<div class=\"row align-middle align-center\"  id=\"row-2141865793\">\n\t<div id=\"col-1125395724\" class=\"col medium-12 small-12 large-6\"  >\n\t\t\t\t<div class=\"col-inner text-center\"  >\n\t\t\t\n\t\t\t\t<div class=\"img has-hover x md-x lg-x y md-y lg-y\" id=\"image_956558224\">\n\t\t\t\t\t\t<div data-animate=\"fadeInLeft\">\t\t<div class=\"img-inner box-shadow-2 box-shadow-3-hover dark\" >\n\t\t\t<img loading=\"lazy\" decoding=\"async\" width=\"1020\" height=\"689\" src=\"https:\/\/www.welaunch.io\/de\/wp-content\/uploads\/sites\/11\/2020\/07\/images-as-choices-1024x692.png\" class=\"attachment-large size-large\" alt=\"images as choices\" srcset=\"https:\/\/www.welaunch.io\/de\/wp-content\/uploads\/sites\/11\/2020\/07\/images-as-choices-1024x692.png 1024w, https:\/\/www.welaunch.io\/de\/wp-content\/uploads\/sites\/11\/2020\/07\/images-as-choices-500x338.png 500w, https:\/\/www.welaunch.io\/de\/wp-content\/uploads\/sites\/11\/2020\/07\/images-as-choices-1000x675.png 1000w, https:\/\/www.welaunch.io\/de\/wp-content\/uploads\/sites\/11\/2020\/07\/images-as-choices-300x203.png 300w, https:\/\/www.welaunch.io\/de\/wp-content\/uploads\/sites\/11\/2020\/07\/images-as-choices-768x519.png 768w, https:\/\/www.welaunch.io\/de\/wp-content\/uploads\/sites\/11\/2020\/07\/images-as-choices-1536x1037.png 1536w, https:\/\/www.welaunch.io\/de\/wp-content\/uploads\/sites\/11\/2020\/07\/images-as-choices-2048x1383.png 2048w\" sizes=\"auto, (max-width: 1020px) 100vw, 1020px\" \/>\t\t\t\t\t\t\n\t\t\t\t\t<\/div>\n\t\t<\/div>\t\t\t\t\t\t\n<style>\n#image_956558224 {\n  width: 100%;\n}\n<\/style>\n\t<\/div>\n\t\t\t<\/div>\n\t\t\t\t\t<\/div>\n\n\t\n\t<div id=\"col-351015880\" class=\"col medium-12 small-12 large-6 medium-col-first\"  >\n\t\t\t\t<div class=\"col-inner\"  >\n\t\t\t\n\t\t\t\n<h2>Bilder als Auswahlm\u00f6glichkeiten<\/h2>\n<p>Neben der automatischen Anzeige von Auswahlm\u00f6glichkeiten, die auf WooCommerce-Attributen basieren, k\u00f6nnen Sie auch Bilder als Auswahlm\u00f6glichkeiten verwenden.And in conjunction to our <a href=\"https:\/\/www.welaunch.io\/de\/product\/woocommerce-attribute-images\/\">Attribute images plugin<\/a>, you can automatically show attribute images in the guided selling steps.\t\t<\/div>\n\t\t\t\t\t<\/div>\n\n\t<\/div>\t\t<\/div>\n\n\t\t\n<style>\n#section_108188427 {\n  padding-top: 20px;\n  padding-bottom: 20px;\n}\n@media (min-width:550px) {\n  #section_108188427 {\n    padding-top: 50px;\n    padding-bottom: 50px;\n  }\n}\n@media (min-width:850px) {\n  #section_108188427 {\n    padding-top: 80px;\n    padding-bottom: 80px;\n  }\n}\n<\/style>\n\t<\/section>\n\t\n\t<section class=\"section dark\" id=\"section_2080996658\">\n\t\t<div class=\"section-bg fill\" >\n\t\t\t\t\t\t\t\t\t<div class=\"section-bg-overlay absolute fill\"><\/div>\n\t\t\t\n\n\t\t<\/div>\n\n\t\t\n\n\t\t<div class=\"section-content relative\">\n\t\t\t<div class=\"row align-middle align-center\"  id=\"row-1991584807\">\n\t<div id=\"col-667396098\" class=\"col medium-12 small-12 large-6\"  >\n\t\t\t\t<div class=\"col-inner\"  >\n\t\t\t\n\t\t\t\n<h2>Popup-Produkt-Berater<\/h2>\n<p>Einer von mehr als 3 Stilen ist der Popup-Stil. Einfach und effektiv, um Ihre Kunden zum richtigen Produkt zu beraten, ohne die Seite verlassen zu m\u00fcssen.\t\t<\/div>\n\t\t\t\t\t<\/div>\n\n\t\n\t<div id=\"col-800042289\" class=\"col medium-12 small-12 large-6\"  >\n\t\t\t\t<div class=\"col-inner text-center\"  >\n\t\t\t\n\t\t\t\t<div class=\"img has-hover x md-x lg-x y md-y lg-y\" id=\"image_361079158\">\n\t\t\t\t\t\t<div data-animate=\"fadeInRight\">\t\t<div class=\"img-inner box-shadow-2 box-shadow-3-hover dark\" >\n\t\t\t<img loading=\"lazy\" decoding=\"async\" width=\"1020\" height=\"420\" src=\"https:\/\/www.welaunch.io\/de\/wp-content\/uploads\/sites\/11\/2020\/07\/buying-guide-popup-1024x422.png\" class=\"attachment-large size-large\" alt=\"buying guide popup\" srcset=\"https:\/\/www.welaunch.io\/de\/wp-content\/uploads\/sites\/11\/2020\/07\/buying-guide-popup-1024x422.png 1024w, https:\/\/www.welaunch.io\/de\/wp-content\/uploads\/sites\/11\/2020\/07\/buying-guide-popup-500x206.png 500w, https:\/\/www.welaunch.io\/de\/wp-content\/uploads\/sites\/11\/2020\/07\/buying-guide-popup-1000x412.png 1000w, https:\/\/www.welaunch.io\/de\/wp-content\/uploads\/sites\/11\/2020\/07\/buying-guide-popup-300x124.png 300w, https:\/\/www.welaunch.io\/de\/wp-content\/uploads\/sites\/11\/2020\/07\/buying-guide-popup-768x316.png 768w, https:\/\/www.welaunch.io\/de\/wp-content\/uploads\/sites\/11\/2020\/07\/buying-guide-popup-1536x633.png 1536w, https:\/\/www.welaunch.io\/de\/wp-content\/uploads\/sites\/11\/2020\/07\/buying-guide-popup.png 1792w\" sizes=\"auto, (max-width: 1020px) 100vw, 1020px\" \/>\t\t\t\t\t\t\n\t\t\t\t\t<\/div>\n\t\t<\/div>\t\t\t\t\t\t\n<style>\n#image_361079158 {\n  width: 100%;\n}\n<\/style>\n\t<\/div>\n\t\t\t<\/div>\n\t\t\t\t\t<\/div>\n\n\t<\/div>\t\t<\/div>\n\n\t\t\n<style>\n#section_2080996658 {\n  padding-top: 40px;\n  padding-bottom: 40px;\n}\n#section_2080996658 .section-bg-overlay {\n  background-color: #3171ee;\n}\n@media (min-width:550px) {\n  #section_2080996658 {\n    padding-top: 50px;\n    padding-bottom: 50px;\n  }\n}\n@media (min-width:850px) {\n  #section_2080996658 {\n    padding-top: 80px;\n    padding-bottom: 80px;\n  }\n}\n<\/style>\n\t<\/section>\n\t\n","protected":false},"excerpt":{"rendered":"<p>Ihre Kunden brauchen Beratung, weil sie meist nicht wissen, welches das beste Produkt f\u00fcr ihre Bed\u00fcrfnisse ist. Unser WooCommerce Produkt Berater Plugin f\u00fcr den gef\u00fchrten Verkauf hilft Ihnen dabei. Denken Sie dar\u00fcber nach, welche Fragen Ihre K\u00e4ufer haben, und beginnen Sie mit der Erstellung Ihres Produktberaters.<\/p>\n","protected":false},"featured_media":2643,"comment_status":"open","ping_status":"closed","template":"","meta":{"inline_featured_image":false},"product_brand":[],"product_cat":[43,41],"product_tag":[],"class_list":{"0":"post-2652","1":"product","2":"type-product","3":"status-publish","4":"has-post-thumbnail","6":"product_cat-woocommerce-plugins","7":"product_cat-plugins","9":"first","10":"instock","11":"downloadable","12":"virtual","13":"purchasable","14":"product-type-simple"},"_links":{"self":[{"href":"https:\/\/www.welaunch.io\/de\/wp-json\/wp\/v2\/product\/2652","targetHints":{"allow":["GET"]}}],"collection":[{"href":"https:\/\/www.welaunch.io\/de\/wp-json\/wp\/v2\/product"}],"about":[{"href":"https:\/\/www.welaunch.io\/de\/wp-json\/wp\/v2\/types\/product"}],"replies":[{"embeddable":true,"href":"https:\/\/www.welaunch.io\/de\/wp-json\/wp\/v2\/comments?post=2652"}],"wp:featuredmedia":[{"embeddable":true,"href":"https:\/\/www.welaunch.io\/de\/wp-json\/wp\/v2\/media\/2643"}],"wp:attachment":[{"href":"https:\/\/www.welaunch.io\/de\/wp-json\/wp\/v2\/media?parent=2652"}],"wp:term":[{"taxonomy":"product_brand","embeddable":true,"href":"https:\/\/www.welaunch.io\/de\/wp-json\/wp\/v2\/product_brand?post=2652"},{"taxonomy":"product_cat","embeddable":true,"href":"https:\/\/www.welaunch.io\/de\/wp-json\/wp\/v2\/product_cat?post=2652"},{"taxonomy":"product_tag","embeddable":true,"href":"https:\/\/www.welaunch.io\/de\/wp-json\/wp\/v2\/product_tag?post=2652"}],"curies":[{"name":"wp","href":"https:\/\/api.w.org\/{rel}","templated":true}]}}