{"id":637,"date":"2018-09-11T13:06:36","date_gmt":"2018-09-11T11:06:36","guid":{"rendered":"https:\/\/www.welaunch.io\/de\/?page_id=637"},"modified":"2025-05-16T13:44:28","modified_gmt":"2025-05-16T11:44:28","slug":"website","status":"publish","type":"page","link":"https:\/\/www.welaunch.io\/de\/services\/website\/","title":{"rendered":"Wir erstellen Ihre Website &#8211; Webdesign &#038; Webentwicklung"},"content":{"rendered":"\n\t<section class=\"section dark has-scroll-for-more\" id=\"section_360089418\">\n\t\t<div class=\"section-bg fill\" >\n\t\t\t<img loading=\"lazy\" decoding=\"async\" width=\"2560\" height=\"1440\" src=\"https:\/\/www.welaunch.io\/de\/wp-content\/uploads\/sites\/11\/2024\/03\/banner-neu-Kopie-2.png\" class=\"bg attachment-original size-original\" alt=\"\" \/>\t\t\t\t\t\t<button class=\"scroll-for-more z-5 icon absolute bottom h-center\" aria-label=\"Scrollen f\u00fcr mehr\"><i class=\"icon-angle-down\" aria-hidden=\"true\" style=\"font-size:42px;\"><\/i><\/button>\n\t\t\t\n\n\t\t<\/div>\n\n\t\t\n\n\t\t<div class=\"section-content relative\">\n\t\t\t\n<div class=\"row\"  id=\"row-1024414261\">\n\n\t<div id=\"col-281520613\" class=\"col medium-12 small-12 large-6\"  >\n\t\t\t\t<div class=\"col-inner\"  >\n\t\t\t\n\t\t\t\n<h1>Webdesign &amp; Webseite erstellen<\/h1>\n<p>Sie ben\u00f6tigen eine neue Webseite? Dann sind Sie bei uns an der richtigen Adresse! Seit \u00fcber 10 Jahren erstellen wir Webdesigns &amp; Internetseiten f\u00fcr Lingen (Emsland) und Umgebung.\u00a0<\/p>\n\t\t<\/div>\n\t\t\t\t\t<\/div>\n\n\t\n<\/div>\n\t\t<\/div>\n\n\t\t\n<style>\n#section_360089418 {\n  padding-top: 100px;\n  padding-bottom: 100px;\n  min-height: 90%;\n  background-color: rgb(49, 113, 238);\n}\n@media (min-width:550px) {\n  #section_360089418 {\n    padding-top: 140px;\n    padding-bottom: 140px;\n  }\n}\n@media (min-width:850px) {\n  #section_360089418 {\n    padding-top: 180px;\n    padding-bottom: 180px;\n  }\n}\n<\/style>\n\t<\/section>\n\t\n\n\t<section class=\"section has-scroll-for-more\" id=\"section_1449778612\">\n\t\t<div class=\"section-bg fill\" >\n\t\t\t\t\t\t\t\t\t<button class=\"scroll-for-more z-5 icon absolute bottom h-center\" aria-label=\"Scrollen f\u00fcr mehr\"><i class=\"icon-angle-down\" aria-hidden=\"true\" style=\"font-size:42px;\"><\/i><\/button>\n\t\t\t\n\n\t\t<\/div>\n\n\t\t\n\n\t\t<div class=\"section-content relative\">\n\t\t\t\n<span class=\"scroll-to\" data-label=\"Scroll to: #wordpress\" data-bullet=\"false\" data-link=\"#wordpress\" data-title=\"wordpress\"><a name=\"wordpress\"><\/a><\/span>\n<div class=\"row\"  id=\"row-1440115646\">\n\n\t<div id=\"col-108524684\" class=\"col medium-6 small-12 large-6\"  >\n\t\t\t\t<div class=\"col-inner\"  >\n\t\t\t\n\t\t\t\n<div class=\"is-divider divider clearfix\" style=\"max-width:50px;height:2px;background-color:rgb(49, 113, 238);\"><\/div>\n<h2>Darum ist eine Webseite wichtig<\/h2>\n<p>In unserer digitalisierten Welt ist eine professionelle Webseite das Aush\u00e4ngeschild Ihres Unternehmens. Sie bietet die erste Gelegenheit, bei potenziellen Kunden einen bleibenden Eindruck zu hinterlassen. Unsere Experten in Webdesign und -entwicklung verstehen es, Ihre Unternehmenswerte und Ihre Markenidentit\u00e4t in ein visuell ansprechendes und benutzerfreundliches Webdesign zu \u00fcbersetz<\/p>\n\t\t<\/div>\n\t\t\t\t\t<\/div>\n\n\t\n\n\t<div id=\"col-2027765404\" class=\"col medium-6 small-12 large-6\"  >\n\t\t\t\t<div class=\"col-inner\"  >\n\t\t\t\n\t\t\t\n\t<div class=\"img has-hover x md-x lg-x y md-y lg-y\" id=\"image_960757747\">\n\t\t\t\t\t\t<div data-animate=\"fadeInRight\">\t\t<div class=\"img-inner dark\" >\n\t\t\t<img loading=\"lazy\" decoding=\"async\" width=\"1020\" height=\"550\" src=\"https:\/\/www.welaunch.io\/de\/wp-content\/uploads\/sites\/11\/2018\/09\/SEO-1024x552.png\" class=\"attachment-large size-large\" alt=\"SEO Expert - Professional Search Engine Optimization\" srcset=\"https:\/\/www.welaunch.io\/de\/wp-content\/uploads\/sites\/11\/2018\/09\/SEO-1024x552.png 1024w, https:\/\/www.welaunch.io\/de\/wp-content\/uploads\/sites\/11\/2018\/09\/SEO-500x270.png 500w, https:\/\/www.welaunch.io\/de\/wp-content\/uploads\/sites\/11\/2018\/09\/SEO-1000x539.png 1000w, https:\/\/www.welaunch.io\/de\/wp-content\/uploads\/sites\/11\/2018\/09\/SEO-300x162.png 300w, https:\/\/www.welaunch.io\/de\/wp-content\/uploads\/sites\/11\/2018\/09\/SEO-768x414.png 768w, https:\/\/www.welaunch.io\/de\/wp-content\/uploads\/sites\/11\/2018\/09\/SEO.png 1298w\" sizes=\"auto, (max-width: 1020px) 100vw, 1020px\" \/>\t\t\t\t\t\t\n\t\t\t\t\t<\/div>\n\t\t<\/div>\t\t\t\t\t\t\n<style>\n#image_960757747 {\n  width: 100%;\n}\n<\/style>\n\t<\/div>\n\t\n\t\t<\/div>\n\t\t\t\t\t<\/div>\n\n\t\n<\/div>\n\t\t<\/div>\n\n\t\t\n<style>\n#section_1449778612 {\n  padding-top: 50px;\n  padding-bottom: 50px;\n}\n<\/style>\n\t<\/section>\n\t\n\n\t<section class=\"section dark has-scroll-for-more\" id=\"section_1073548581\">\n\t\t<div class=\"section-bg fill\" >\n\t\t\t\t\t\t\t\t\t<button class=\"scroll-for-more z-5 icon absolute bottom h-center\" aria-label=\"Scrollen f\u00fcr mehr\"><i class=\"icon-angle-down\" aria-hidden=\"true\" style=\"font-size:42px;\"><\/i><\/button>\n\t\t\t\n\n\t\t<\/div>\n\n\t\t\n\n\t\t<div class=\"section-content relative\">\n\t\t\t\n<div class=\"row\"  id=\"row-289944114\">\n\n\t<div id=\"col-682583408\" class=\"col medium-6 small-12 large-6\"  >\n\t\t\t\t<div class=\"col-inner\"  >\n\t\t\t\n\t\t\t\n\t<div class=\"img has-hover x md-x lg-x y md-y lg-y\" id=\"image_403327466\">\n\t\t\t\t\t\t<div data-animate=\"fadeInRight\">\t\t<div class=\"img-inner dark\" >\n\t\t\t<img loading=\"lazy\" decoding=\"async\" width=\"1020\" height=\"858\" src=\"https:\/\/www.welaunch.io\/de\/wp-content\/uploads\/sites\/11\/2018\/09\/wordpress-1024x861.png\" class=\"attachment-large size-large\" alt=\"Your WordPress Agency - Plugin &amp; Theme Development\" srcset=\"https:\/\/www.welaunch.io\/de\/wp-content\/uploads\/sites\/11\/2018\/09\/wordpress-1024x861.png 1024w, https:\/\/www.welaunch.io\/de\/wp-content\/uploads\/sites\/11\/2018\/09\/wordpress-500x421.png 500w, https:\/\/www.welaunch.io\/de\/wp-content\/uploads\/sites\/11\/2018\/09\/wordpress-1000x841.png 1000w, https:\/\/www.welaunch.io\/de\/wp-content\/uploads\/sites\/11\/2018\/09\/wordpress-300x252.png 300w, https:\/\/www.welaunch.io\/de\/wp-content\/uploads\/sites\/11\/2018\/09\/wordpress-768x646.png 768w, https:\/\/www.welaunch.io\/de\/wp-content\/uploads\/sites\/11\/2018\/09\/wordpress.png 1145w\" sizes=\"auto, (max-width: 1020px) 100vw, 1020px\" \/>\t\t\t\t\t\t\n\t\t\t\t\t<\/div>\n\t\t<\/div>\t\t\t\t\t\t\n<style>\n#image_403327466 {\n  width: 100%;\n}\n<\/style>\n\t<\/div>\n\t\n\t\t<\/div>\n\t\t\t\t\t<\/div>\n\n\t\n\n\t<div id=\"col-204644782\" class=\"col medium-6 small-12 large-6\"  >\n\t\t\t\t<div class=\"col-inner\"  >\n\t\t\t\n\t\t\t\n<h2>Damit Sie eigenst\u00e4ndig Inhalte \u00e4ndern k\u00f6nnen<\/h2>\n<p>Wir setzen bei der Erstellung Ihrer Website auf WordPress, das weltweit f\u00fchrende Content-Management-System. WordPress ist bekannt f\u00fcr seine Flexibilit\u00e4t und Benutzerfreundlichkeit, wodurch wir in der Lage sind, Ihre individuellen W\u00fcnsche effizient und effektiv umzusetzen. Ob Sie ein kleines Unternehmen in Lingen, ein mittelst\u00e4ndisches Unternehmen in Meppen, eine Organisation im Kreis Emsland oder einen Online-Shop in Nordhorn betreiben \u2013 wir gestalten eine Website, die zu Ihrem Gesch\u00e4ftsmodell passt.<\/p>\n\t\t<\/div>\n\t\t\t\t\t<\/div>\n\n\t\n<\/div>\n\t\t<\/div>\n\n\t\t\n<style>\n#section_1073548581 {\n  padding-top: 50px;\n  padding-bottom: 50px;\n  background-color: #3171ee;\n}\n<\/style>\n\t<\/section>\n\t\n\n\t<section class=\"section has-scroll-for-more\" id=\"section_2134314761\">\n\t\t<div class=\"section-bg fill\" >\n\t\t\t\t\t\t\t\t\t<button class=\"scroll-for-more z-5 icon absolute bottom h-center\" aria-label=\"Scrollen f\u00fcr mehr\"><i class=\"icon-angle-down\" aria-hidden=\"true\" style=\"font-size:42px;\"><\/i><\/button>\n\t\t\t\n\n\t\t<\/div>\n\n\t\t\n\n\t\t<div class=\"section-content relative\">\n\t\t\t\n<div class=\"row\"  id=\"row-394688131\">\n\n\t<div id=\"col-68763940\" class=\"col medium-6 small-12 large-6\"  >\n\t\t\t\t<div class=\"col-inner\"  >\n\t\t\t\n\t\t\t\n<h2>Lokale Expertise in Lingen, Meppen, Nordhorn und dem Kreis Emsland<\/h2>\n<p>Als lokaler Anbieter im Bereich Webdesign und Webseiten-Erstellung verstehen wir die Bedeutung regionaler Besonderheiten f\u00fcr Ihr Gesch\u00e4ft. Wir kennen die Marktdynamiken in Lingen, Meppen, Nordhorn und dem gesamten Kreis Emsland und passen Ihr Webdesign an die spezifischen Anforderungen Ihrer Zielgruppe an.<\/p>\n\t\t<\/div>\n\t\t\t\t\t<\/div>\n\n\t\n\n\t<div id=\"col-182276955\" class=\"col medium-6 small-12 large-6\"  >\n\t\t\t\t<div class=\"col-inner\"  >\n\t\t\t\n\t\t\t\n\t<div class=\"img has-hover x md-x lg-x y md-y lg-y\" id=\"image_385481897\">\n\t\t\t\t\t\t<div data-animate=\"fadeInRight\">\t\t<div class=\"img-inner dark\" >\n\t\t\t<img loading=\"lazy\" decoding=\"async\" width=\"1000\" height=\"667\" src=\"https:\/\/www.welaunch.io\/de\/wp-content\/uploads\/sites\/11\/2020\/06\/syrtaki.png\" class=\"attachment-large size-large\" alt=\"Syrtaki website\" srcset=\"https:\/\/www.welaunch.io\/de\/wp-content\/uploads\/sites\/11\/2020\/06\/syrtaki.png 1000w, https:\/\/www.welaunch.io\/de\/wp-content\/uploads\/sites\/11\/2020\/06\/syrtaki-500x334.png 500w, https:\/\/www.welaunch.io\/de\/wp-content\/uploads\/sites\/11\/2020\/06\/syrtaki-300x200.png 300w, https:\/\/www.welaunch.io\/de\/wp-content\/uploads\/sites\/11\/2020\/06\/syrtaki-768x512.png 768w, https:\/\/www.welaunch.io\/de\/wp-content\/uploads\/sites\/11\/2020\/06\/syrtaki-510x340.png 510w\" sizes=\"auto, (max-width: 1000px) 100vw, 1000px\" \/>\t\t\t\t\t\t\n\t\t\t\t\t<\/div>\n\t\t<\/div>\t\t\t\t\t\t\n<style>\n#image_385481897 {\n  width: 100%;\n}\n<\/style>\n\t<\/div>\n\t\n\t\t<\/div>\n\t\t\t\t\t<\/div>\n\n\t\n<\/div>\n\t\t<\/div>\n\n\t\t\n<style>\n#section_2134314761 {\n  padding-top: 50px;\n  padding-bottom: 50px;\n}\n<\/style>\n\t<\/section>\n\t\n\n\t<section class=\"section dark has-scroll-for-more\" id=\"section_1452299411\">\n\t\t<div class=\"section-bg fill\" >\n\t\t\t\t\t\t\t\t\t<div class=\"section-bg-overlay absolute fill\"><\/div><div class=\"loading-spin centered\"><\/div><button class=\"scroll-for-more z-5 icon absolute bottom h-center\" aria-label=\"Scrollen f\u00fcr mehr\"><i class=\"icon-angle-down\" aria-hidden=\"true\" style=\"font-size:42px;\"><\/i><\/button>\n\t\t\t\n\n\t\t<\/div>\n\n\t\t\n\n\t\t<div class=\"section-content relative\">\n\t\t\t\n<div class=\"row\"  id=\"row-52752387\">\n\n\t<div id=\"col-1546078567\" class=\"col small-12 large-12\"  >\n\t\t\t\t<div class=\"col-inner text-left\"  >\n\t\t\t\n\t\t\t\n<h2>Unser Service<\/h2>\n\t\t<\/div>\n\t\t\t\t\t<\/div>\n\n\t\n<\/div>\n<div class=\"row\"  id=\"row-728704416\">\n\n\t<div id=\"col-1187593818\" class=\"col medium-12 small-12 large-4\"  >\n\t\t\t\t<div class=\"col-inner\"  >\n\t\t\t\n\t\t\t\n<div class=\"container section-title-container\" style=\"margin-top:5px;margin-bottom:5px;\"><h3 class=\"section-title section-title-normal\"><b aria-hidden=\"true\"><\/b><span class=\"section-title-main\" style=\"color:rgb(247, 247, 247);\">Individuelles und responsive Webdesign<\/span><b aria-hidden=\"true\"><\/b><\/h3><\/div>\n<p>Kein standard von der Stange. Alle Internetseiten von uns sind einzigartig und angepasst auf ihr Corporate Design.<\/p>\n\t\t<\/div>\n\t\t\t\t\t<\/div>\n\n\t\n\n\t<div id=\"col-931367029\" class=\"col medium-6 small-12 large-4\"  >\n\t\t\t\t<div class=\"col-inner\"  >\n\t\t\t\n\t\t\t\n<div class=\"container section-title-container\" style=\"margin-top:5px;margin-bottom:5px;\"><h3 class=\"section-title section-title-normal\"><b aria-hidden=\"true\"><\/b><span class=\"section-title-main\" style=\"color:rgb(247, 247, 247);\">Professionelle Webseiten-Erstellung<\/span><b aria-hidden=\"true\"><\/b><\/h3><\/div>\n<p>Eine Webseite erstellen Sie nicht jeden Tag. Deshalb bieten wir von Anfang an ein profi Webdesign, dass \u00fcber Jahre Bestand hat. Damit sich Ihre Investition auch lohnt.<\/p>\n\t\t<\/div>\n\t\t\t\t\t<\/div>\n\n\t\n\n\t<div id=\"col-1918004557\" class=\"col medium-6 small-12 large-4\"  >\n\t\t\t\t<div class=\"col-inner\"  >\n\t\t\t\n\t\t\t\n<div class=\"container section-title-container\" style=\"margin-top:5px;margin-bottom:5px;\"><h3 class=\"section-title section-title-normal\"><b aria-hidden=\"true\"><\/b><span class=\"section-title-main\" style=\"color:rgb(247, 247, 247);\">Suchmaschinenoptimierung (SEO) f\u00fcr bessere Sichtbarkeit<\/span><b aria-hidden=\"true\"><\/b><\/h3><\/div>\n<p>Damit Ihre Webseite auch bei Google gefunden wird, k\u00fcmmern wir uns bei der Erstellung Ihrer Website um die n\u00f6tigen SEO Optimierungen.\u00a0<\/p>\n\t\t<\/div>\n\t\t\t\t\t<\/div>\n\n\t\n\n\t<div id=\"col-2045973722\" class=\"col medium-6 small-12 large-4\"  >\n\t\t\t\t<div class=\"col-inner\"  >\n\t\t\t\n\t\t\t\n<div class=\"container section-title-container\" style=\"margin-top:5px;margin-bottom:5px;\"><h3 class=\"section-title section-title-normal\"><b aria-hidden=\"true\"><\/b><span class=\"section-title-main\" style=\"color:rgb(247, 247, 247);\">Pers\u00f6nliche Beratung und Betreuung<\/span><b aria-hidden=\"true\"><\/b><\/h3><\/div>\n<p>Vor Ort oder Remote immer f\u00fcr Sie da. Egal wann, egal wie sp\u00e4t. Wir k\u00fcmmern uns darum, dass Ihre Seite l\u00e4uft.<\/p>\n\t\t<\/div>\n\t\t\t\t\t<\/div>\n\n\t\n\n\t<div id=\"col-1687129232\" class=\"col medium-6 small-12 large-4\"  >\n\t\t\t\t<div class=\"col-inner\"  >\n\t\t\t\n\t\t\t\n<div class=\"container section-title-container\" style=\"margin-top:5px;margin-bottom:5px;\"><h3 class=\"section-title section-title-normal\"><b aria-hidden=\"true\"><\/b><span class=\"section-title-main\" style=\"color:rgb(247, 247, 247);\">Schnelle und zuverl\u00e4ssige Umsetzung Ihrer Projekte<\/span><b aria-hidden=\"true\"><\/b><\/h3><\/div>\n<p>Nicht lange warten, weLaunch fragen. Kein langes Bla Bla, sondern konkrete Kosten &amp; Leistungen nach Ihren W\u00fcnschen. Das macht uns aus!<\/p>\n\t\t<\/div>\n\t\t\t\t\t<\/div>\n\n\t\n\n\t<div id=\"col-1552718826\" class=\"col medium-6 small-12 large-4\"  >\n\t\t\t\t<div class=\"col-inner\"  >\n\t\t\t\n\t\t\t\n<div class=\"container section-title-container\" style=\"margin-top:5px;margin-bottom:5px;\"><h3 class=\"section-title section-title-normal\"><b aria-hidden=\"true\"><\/b><span class=\"section-title-main\" style=\"color:rgb(247, 247, 247);\">SChnelle Ladezeiten<\/span><b aria-hidden=\"true\"><\/b><\/h3><\/div>\n<p>Performance ist ein Key Faktor von einer Seite, sonst springen Kunden ab. Genau deshalb laden unsere Seiten schneller als der Blitz.\u00a0<\/p>\n\t\t<\/div>\n\t\t\t\t\t<\/div>\n\n\t\n<\/div>\n\t\t<\/div>\n\n\t\t\n<style>\n#section_1452299411 {\n  padding-top: 80px;\n  padding-bottom: 80px;\n}\n#section_1452299411 .section-bg-overlay {\n  background-color: #3171ee;\n}\n<\/style>\n\t<\/section>\n\t\n<span class=\"scroll-to\" data-label=\"Scroll to: #optimizations\" data-bullet=\"false\" data-link=\"#optimizations\" data-title=\"SEO-Optimierungen\"><a name=\"optimizations\"><\/a><\/span>\n<span class=\"scroll-to\" data-label=\"Scroll to: #monitoring\" data-bullet=\"false\" data-link=\"#monitoring\" data-title=\"SEO-\u00dcberwachung\"><a name=\"monitoring\"><\/a><\/span>\n\n\t<section class=\"section\" id=\"section_662291163\">\n\t\t<div class=\"section-bg fill\" >\n\t\t\t\t\t\t\t\t\t\n\t\t\t\n\n\t\t<\/div>\n\n\t\t\n\n\t\t<div class=\"section-content relative\">\n\t\t\t\n<div class=\"row\"  id=\"row-1716730940\">\n\n\t<div id=\"col-1367237644\" class=\"col small-12 large-12\"  >\n\t\t\t\t<div class=\"col-inner text-center\"  >\n\t\t\t\n\t\t\t\n<h2>Sie befinden sich in guter Gesellschaft<\/h2>\n<p>Die folgenden Kundenzitate unterstreichen unsere Qualit\u00e4t.<\/p>\n\t\t<\/div>\n\t\t\t\t\n<style>\n#col-1367237644 > .col-inner {\n  margin: 40px 0px 0px 0px;\n}\n<\/style>\n\t<\/div>\n\n\t\n<\/div>\n<div class=\"row align-equal\"  id=\"row-1272125061\">\n\n\t<div id=\"col-1644287685\" class=\"col medium-6 small-12 large-6\"  >\n\t\t\t\t<div class=\"col-inner dark\" style=\"background-color:#3171ee;\" >\n\t\t\t\n\t\t\t\n<blockquote style=\"font-size: 100%; font-style: normal;\">\n<p>Wir sind mit der Zusammenarbeit mit weLaunch au\u00dferordentlich zufrieden. Unsere neue Website entspricht genau unseren Vorstellungen: modern, w\u00fcrdevoll und benutzerfreundlich.<\/p>\n<\/blockquote>\n\n\t\t<div class=\"icon-box featured-box circle icon-box-left text-left is-small\"  >\n\t\t\t\t\t<div class=\"icon-box-img\" style=\"width: 61px\">\n\t\t\t\t<div class=\"icon\">\n\t\t\t\t\t<div class=\"icon-inner\" >\n\t\t\t\t\t\t<img loading=\"lazy\" decoding=\"async\" width=\"150\" height=\"150\" src=\"https:\/\/www.welaunch.io\/de\/wp-content\/uploads\/sites\/11\/2020\/06\/Pingel_Kalle_-8321r_web-800x534-1-150x150-1.jpg\" class=\"attachment-medium size-medium\" alt=\"Karl-Hermann Pingel\" srcset=\"https:\/\/www.welaunch.io\/de\/wp-content\/uploads\/sites\/11\/2020\/06\/Pingel_Kalle_-8321r_web-800x534-1-150x150-1.jpg 150w, https:\/\/www.welaunch.io\/de\/wp-content\/uploads\/sites\/11\/2020\/06\/Pingel_Kalle_-8321r_web-800x534-1-150x150-1-100x100.jpg 100w\" sizes=\"auto, (max-width: 150px) 100vw, 150px\" \/>\t\t\t\t\t<\/div>\n\t\t\t\t<\/div>\n\t\t\t<\/div>\n\t\t\t\t<div class=\"icon-box-text last-reset\">\n\t\t\t\t\t\t\t\t\t\n<h3 style=\"margin-bottom: 0px;\">Karl-Hermann Pingel<\/h3>\n<p>Besattungshaus Pingel<\/p>\n\t\t<\/div>\n\t<\/div>\n\t\n\t\n\t\t<\/div>\n\t\t\t\t\t<\/div>\n\n\t\n\n\t<div id=\"col-1806867857\" class=\"col medium-6 small-12 large-6\"  >\n\t\t\t\t<div class=\"col-inner dark\" style=\"background-color:#3171ee;\" >\n\t\t\t\n\t\t\t\n<blockquote style=\"font-size: 100%; font-style: normal;\">\n<p>F\u00fcr unser Matratzengesch\u00e4ft CUMO suchten wir eine Agentur, die uns ein gef\u00fchrtes Verkaufstool in PHP erstellen konnte. weLaunch hat uns einen ma\u00dfgeschneiderten Einkaufsf\u00fchrer f\u00fcr unsere Kunden zur Verf\u00fcgung gestellt.<\/p>\n<\/blockquote>\n\n\t\t<div class=\"icon-box featured-box circle icon-box-left text-left is-small\"  >\n\t\t\t\t\t<div class=\"icon-box-img\" style=\"width: 60px\">\n\t\t\t\t<div class=\"icon\">\n\t\t\t\t\t<div class=\"icon-inner\" >\n\t\t\t\t\t\t<img loading=\"lazy\" decoding=\"async\" width=\"298\" height=\"300\" src=\"https:\/\/www.welaunch.io\/de\/wp-content\/uploads\/sites\/11\/2020\/07\/Drawert-1-298x300.jpg\" class=\"attachment-medium size-medium\" alt=\"Sebastian Drawer\" srcset=\"https:\/\/www.welaunch.io\/de\/wp-content\/uploads\/sites\/11\/2020\/07\/Drawert-1-298x300.jpg 298w, https:\/\/www.welaunch.io\/de\/wp-content\/uploads\/sites\/11\/2020\/07\/Drawert-1-150x150.jpg 150w, https:\/\/www.welaunch.io\/de\/wp-content\/uploads\/sites\/11\/2020\/07\/Drawert-1-100x100.jpg 100w, https:\/\/www.welaunch.io\/de\/wp-content\/uploads\/sites\/11\/2020\/07\/Drawert-1.jpg 381w\" sizes=\"auto, (max-width: 298px) 100vw, 298px\" \/>\t\t\t\t\t<\/div>\n\t\t\t\t<\/div>\n\t\t\t<\/div>\n\t\t\t\t<div class=\"icon-box-text last-reset\">\n\t\t\t\t\t\t\t\t\t\n<h3 style=\"margin-bottom: 0px;\">Sebastian Drawert<\/h3>\n<p>CUMO<\/p>\n\t\t<\/div>\n\t<\/div>\n\t\n\t\n\t\t<\/div>\n\t\t\t\t\t<\/div>\n\n\t\n\n<style>\n#row-1272125061 > .col > .col-inner {\n  padding: 40px 40px 40px 40px;\n  background-color: rgb(255,255,255);\n}\n<\/style>\n<\/div>\n\t\t<\/div>\n\n\t\t\n<style>\n#section_662291163 {\n  padding-top: 30px;\n  padding-bottom: 30px;\n}\n<\/style>\n\t<\/section>\n\t\n\n\t<section class=\"section dark\" id=\"section_1976463339\">\n\t\t<div class=\"section-bg fill\" >\n\t\t\t\t\t\t\t\t\t<div class=\"section-bg-overlay absolute fill\"><\/div>\n\t\t\t\n\n\t\t<\/div>\n\n\t\t\n\n\t\t<div class=\"section-content relative\">\n\t\t\t\n\n<div class=\"row align-center\"  id=\"row-1318335744\">\n\n\n\t<div id=\"col-644057086\" class=\"col medium-8 small-10 large-7\"  >\n\t\t\t\t<div class=\"col-inner text-center\"  >\n\t\t\t\n\t\t\t\n\n<h2>Jetzt kontaktieren<\/h2>\n<p>Kontaktieren Sie mich noch heute f\u00fcr ein kostenloses Erstgespr\u00e4ch.<\/p>\n\n\t\t<\/div>\n\t\t\t\t\t<\/div>\n\n\t\n\n<\/div>\n\n\t\t<\/div>\n\n\t\t\n<style>\n#section_1976463339 {\n  padding-top: 100px;\n  padding-bottom: 100px;\n}\n#section_1976463339 .section-bg-overlay {\n  background-color: #3171ee;\n}\n<\/style>\n\t<\/section>\n\t\n<div class=\"row align-center\"  id=\"row-941792120\">\n\n\n\t<div id=\"col-1558272739\" class=\"col medium-10 small-12 large-10\"  >\n\t\t\t\t<div class=\"col-inner box-shadow-2 box-shadow-3-hover\"  >\n\t\t\t\n\t\t\t\n\n<div class=\"row row-large\"  id=\"row-1165048958\">\n\n\n\t<div id=\"col-1224177909\" class=\"col small-12 large-12\"  >\n\t\t\t\t<div class=\"col-inner\"  >\n\t\t\t\n\t\t\t\n\n\n\n<iframe src='https:\/\/outlook.office.com\/book\/Booking@welaunch.io\/?ismsaljsauthenabled' width='100%' height='500px' scrolling='yes' style='border:0'><\/iframe>\n\n\n\t\t<\/div>\n\t\t\t\t\n<style>\n#col-1224177909 > .col-inner {\n  border-radius: 18px;\n}\n<\/style>\n\t<\/div>\n\n\t\n\n\n<\/div>\n\n\t\t<\/div>\n\t\t\t\t\n<style>\n#col-1558272739 > .col-inner {\n  margin: -150px 0px 0px 0px;\n  border-radius: 10px;\n}\n<\/style>\n\t<\/div>\n\n\t\n\n\n<style>\n#row-941792120 > .col > .col-inner {\n  padding: 20px 20px 20px 20px;\n  background-color: rgb(255,255,255);\n}\n<\/style>\n<\/div>\n","protected":false},"excerpt":{"rendered":"","protected":false},"author":1,"featured_media":0,"parent":617,"menu_order":0,"comment_status":"closed","ping_status":"closed","template":"","meta":{"inline_featured_image":false,"footnotes":""},"class_list":["post-637","page","type-page","status-publish","hentry"],"_links":{"self":[{"href":"https:\/\/www.welaunch.io\/de\/wp-json\/wp\/v2\/pages\/637","targetHints":{"allow":["GET"]}}],"collection":[{"href":"https:\/\/www.welaunch.io\/de\/wp-json\/wp\/v2\/pages"}],"about":[{"href":"https:\/\/www.welaunch.io\/de\/wp-json\/wp\/v2\/types\/page"}],"author":[{"embeddable":true,"href":"https:\/\/www.welaunch.io\/de\/wp-json\/wp\/v2\/users\/1"}],"replies":[{"embeddable":true,"href":"https:\/\/www.welaunch.io\/de\/wp-json\/wp\/v2\/comments?post=637"}],"version-history":[{"count":11,"href":"https:\/\/www.welaunch.io\/de\/wp-json\/wp\/v2\/pages\/637\/revisions"}],"predecessor-version":[{"id":7551,"href":"https:\/\/www.welaunch.io\/de\/wp-json\/wp\/v2\/pages\/637\/revisions\/7551"}],"up":[{"embeddable":true,"href":"https:\/\/www.welaunch.io\/de\/wp-json\/wp\/v2\/pages\/617"}],"wp:attachment":[{"href":"https:\/\/www.welaunch.io\/de\/wp-json\/wp\/v2\/media?parent=637"}],"curies":[{"name":"wp","href":"https:\/\/api.w.org\/{rel}","templated":true}]}}