{"id":635,"date":"2018-09-11T13:01:11","date_gmt":"2018-09-11T11:01:11","guid":{"rendered":"https:\/\/www.welaunch.io\/de\/?page_id=635"},"modified":"2021-11-17T14:55:04","modified_gmt":"2021-11-17T13:55:04","slug":"seo","status":"publish","type":"page","link":"https:\/\/www.welaunch.io\/de\/services\/seo\/","title":{"rendered":"SEO-Experte &#8211; Professionelle Suchmaschinen-Optimierung"},"content":{"rendered":"\n\t<section class=\"section dark has-scroll-for-more\" id=\"section_969626174\">\n\t\t<div class=\"section-bg fill\" >\n\t\t\t\t\t\t\t\t\t<button class=\"scroll-for-more z-5 icon absolute bottom h-center\" aria-label=\"Scrollen f\u00fcr mehr\"><i class=\"icon-angle-down\" aria-hidden=\"true\" style=\"font-size:42px;\"><\/i><\/button>\n\t\t\t\n\n\t\t<\/div>\n\n\t\t\n\n\t\t<div class=\"section-content relative\">\n\t\t\t<div class=\"row\"  id=\"row-1021860116\">\n\t<div id=\"col-1722105661\" class=\"col medium-12 small-12 large-6\"  >\n\t\t\t\t<div class=\"col-inner\"  >\n\t\t\t\n\t\t\t<h1>Suchmaschinen-Optimierung<\/h1><p>Im Bereich der Suchmaschinenoptimierung, kurz SEO, gibt es viele Fallstricke, auf die man achten muss, um an die Spitze der Suchergebnisse von Google zu gelangen. Wir k\u00fcmmern uns um Schl\u00fcsselwortanalyse, technische Aspekte und korrektes SEO-Marketing in allen Bereichen.<\/p>\t\t<\/div>\n\t\t\t\t\t<\/div>\n\n\t<\/div>\t\t<\/div>\n\n\t\t\n<style>\n#section_969626174 {\n  padding-top: 100px;\n  padding-bottom: 100px;\n  min-height: 90%;\n  background-color: rgb(49, 113, 238);\n}\n@media (min-width:550px) {\n  #section_969626174 {\n    padding-top: 140px;\n    padding-bottom: 140px;\n  }\n}\n@media (min-width:850px) {\n  #section_969626174 {\n    padding-top: 180px;\n    padding-bottom: 180px;\n  }\n}\n<\/style>\n\t<\/section>\n\t\n\t<section class=\"section has-scroll-for-more\" id=\"section_879333526\">\n\t\t<div class=\"section-bg fill\" >\n\t\t\t\t\t\t\t\t\t<button class=\"scroll-for-more z-5 icon absolute bottom h-center\" aria-label=\"Scrollen f\u00fcr mehr\"><i class=\"icon-angle-down\" aria-hidden=\"true\" style=\"font-size:42px;\"><\/i><\/button>\n\t\t\t\n\n\t\t<\/div>\n\n\t\t\n\n\t\t<div class=\"section-content relative\">\n\t\t\t<span class=\"scroll-to\" data-label=\"Scroll to: #wordpress\" data-bullet=\"false\" data-link=\"#wordpress\" data-title=\"wordpress\"><a name=\"wordpress\"><\/a><\/span><div class=\"row\"  id=\"row-845441279\">\n\t<div id=\"col-1413304714\" class=\"col medium-8 small-12 large-8\"  >\n\t\t\t\t<div class=\"col-inner\"  >\n\t\t\t\n\t\t\t<div class=\"is-divider divider clearfix\" style=\"max-width:50px;height:2px;background-color:rgb(49, 113, 238);\"><\/div><h2>Who does not want <br \/>to be ranked 1st on Google?<\/h2><p>Jeden Tag erhalten Sie Spam-Mails mit &#8220;Wir werden Sie f\u00fcr 10 Dollar auf Platz 1 bei Google setzen&#8221;. Vertrauen Sie ihnen? Wir haben nicht. Aber wie kommt man bei Google auf Platz 1? Kurze Antwort: Es gibt mehr als 99 Werte, die den Google-Ranking-Algorithmus beeinflussen. Nicht alle haben das gleiche Gewicht, aber alle werden Sie in der Rangliste aufsteigen lassen. Wir konzentrieren uns auf alle Aspekte, um Sie an die Spitze von Google zu bringen. Erfahren Sie unten mehr dar\u00fcber, wie wir das machen.<\/p>\t\t<\/div>\n\t\t\t\t\t<\/div>\n\n\t\n\t<div id=\"col-783949520\" class=\"col medium-4 small-12 large-4\"  >\n\t\t\t\t<div class=\"col-inner\"  >\n\t\t\t\n\t\t\t\t<div class=\"img has-hover x md-x lg-x y md-y lg-y\" id=\"image_1082043827\">\n\t\t\t\t\t\t<div data-animate=\"fadeInRight\">\t\t<div class=\"img-inner dark\" >\n\t\t\t<img loading=\"lazy\" decoding=\"async\" width=\"1020\" height=\"550\" src=\"https:\/\/www.welaunch.io\/de\/wp-content\/uploads\/sites\/11\/2018\/09\/SEO-1024x552.png\" class=\"attachment-large size-large\" alt=\"SEO Expert - Professional Search Engine Optimization\" srcset=\"https:\/\/www.welaunch.io\/de\/wp-content\/uploads\/sites\/11\/2018\/09\/SEO-1024x552.png 1024w, https:\/\/www.welaunch.io\/de\/wp-content\/uploads\/sites\/11\/2018\/09\/SEO-500x270.png 500w, https:\/\/www.welaunch.io\/de\/wp-content\/uploads\/sites\/11\/2018\/09\/SEO-1000x539.png 1000w, https:\/\/www.welaunch.io\/de\/wp-content\/uploads\/sites\/11\/2018\/09\/SEO-300x162.png 300w, https:\/\/www.welaunch.io\/de\/wp-content\/uploads\/sites\/11\/2018\/09\/SEO-768x414.png 768w, https:\/\/www.welaunch.io\/de\/wp-content\/uploads\/sites\/11\/2018\/09\/SEO.png 1298w\" sizes=\"auto, (max-width: 1020px) 100vw, 1020px\" \/>\t\t\t\t\t\t\n\t\t\t\t\t<\/div>\n\t\t<\/div>\t\t\t\t\t\t\n<style>\n#image_1082043827 {\n  width: 100%;\n}\n<\/style>\n\t<\/div>\n\t\t\t<\/div>\n\t\t\t\t\t<\/div>\n\n\t<\/div>\t\t<\/div>\n\n\t\t\n<style>\n#section_879333526 {\n  padding-top: 50px;\n  padding-bottom: 50px;\n}\n<\/style>\n\t<\/section>\n\t\n\t<section class=\"section dark has-scroll-for-more\" id=\"section_300941937\">\n\t\t<div class=\"section-bg fill\" >\n\t\t\t\t\t\t\t\t\t<div class=\"section-bg-overlay absolute fill\"><\/div><div class=\"loading-spin centered\"><\/div><button class=\"scroll-for-more z-5 icon absolute bottom h-center\" aria-label=\"Scrollen f\u00fcr mehr\"><i class=\"icon-angle-down\" aria-hidden=\"true\" style=\"font-size:42px;\"><\/i><\/button>\n\t\t\t\n\n\t\t<\/div>\n\n\t\t\n\n\t\t<div class=\"section-content relative\">\n\t\t\t<div class=\"row\"  id=\"row-297489613\">\n\t<div id=\"col-2038834271\" class=\"col small-12 large-12\"  >\n\t\t\t\t<div class=\"col-inner text-left\"  >\n\t\t\t\n\t\t\t<div class=\"is-divider divider clearfix\" style=\"max-width:50px;height:2px;background-color:rgb(255, 255, 255);\"><\/div><h2>3 Schritte zum Erfolg<\/h2>\t\t<\/div>\n\t\t\t\t\t<\/div>\n\n\t<\/div><div class=\"row\"  id=\"row-1272649924\">\n\t<div id=\"col-155542147\" class=\"col medium-12 small-12 large-4\"  >\n\t\t\t\t<div class=\"col-inner\"  >\n\t\t\t\n\t\t\t<div class=\"container section-title-container\" style=\"margin-top:5px;margin-bottom:5px;\"><h3 class=\"section-title section-title-normal\"><b aria-hidden=\"true\"><\/b><span class=\"section-title-main\" style=\"color:rgb(247, 247, 247);\">01 Analysieren<\/span><b aria-hidden=\"true\"><\/b><\/h3><\/div><p>Beim allerersten Start werden wir Ihre Website analysieren. Wir beginnen mit technischen Aspekten (wie https \/ korrekte Verwendung von HTML-Tags \/ Meta-Tags). Dann analysieren wir Ihren aktuellen Inhalt und erstellen eine Stichwort-Recherche. Die SEO-Analyse Ihrer Website ist von entscheidender Bedeutung, da sie Ihnen zeigen wird, welche Ma\u00dfnahmen erforderlich sind.<\/p><a href=\"#analysis\" class=\"button white is-link\" >\n\t\t<span>SEO-Analyse erforschen<\/span>\n\t<\/a>\n\t\t<\/div>\n\t\t\t\t\t<\/div>\n\n\t\n\t<div id=\"col-502566073\" class=\"col medium-6 small-12 large-4\"  >\n\t\t\t\t<div class=\"col-inner\"  >\n\t\t\t\n\t\t\t<div class=\"container section-title-container\" style=\"margin-top:5px;margin-bottom:5px;\"><h3 class=\"section-title section-title-normal\"><b aria-hidden=\"true\"><\/b><span class=\"section-title-main\" style=\"color:rgb(247, 247, 247);\">02 Optimieren<\/span><b aria-hidden=\"true\"><\/b><\/h3><\/div><p>Basierend auf fr\u00fcheren SEO-Analysen geben wir Ihnen eine Liste von Aktionspunkten. Diese werden in hohe, mittlere und niedrige Priorit\u00e4ten eingeteilt. Wir empfehlen Ihnen einige Teile und erkl\u00e4ren die Punkte im Detail. Aber am Ende k\u00f6nnen Sie entscheiden, was Sie von uns getan haben wollen. Warum? Denn dies ist immer eine Frage des Budgets.<\/p><a href=\"#optimizations\" class=\"button white is-link\" >\n\t\t<span>SEO-Optimierung erforschen<\/span>\n\t<\/a>\n\t\t<\/div>\n\t\t\t\t\t<\/div>\n\n\t\n\t<div id=\"col-327040349\" class=\"col medium-6 small-12 large-4\"  >\n\t\t\t\t<div class=\"col-inner\"  >\n\t\t\t\n\t\t\t<div class=\"container section-title-container\" style=\"margin-top:5px;margin-bottom:5px;\"><h3 class=\"section-title section-title-normal\"><b aria-hidden=\"true\"><\/b><span class=\"section-title-main\" style=\"color:rgb(247, 247, 247);\">03 \u00dcberwachen<\/span><b aria-hidden=\"true\"><\/b><\/h3><\/div><p>SEO h\u00f6rt nicht auf, wenn Sie Ihre Website optimiert haben. Eine kontinuierliche \u00dcberwachung von Schl\u00fcsselw\u00f6rtern und technischen Aspekten ist notwendig, solange Ihre Website lebt. Wir richten f\u00fcr Sie Stichwortverfolgung, automatische Berichte und Korrekturen bei Fehlern ein. Kurz gesagt, wir sorgen daf\u00fcr, dass Ihr SEO stets optimiert wird.<\/p><a href=\"#monitoring\" class=\"button white is-link\" >\n\t\t<span>SEO-\u00dcberwachung erforschen<\/span>\n\t<\/a>\n\t\t<\/div>\n\t\t\t\t\t<\/div>\n\n\t<\/div>\t\t<\/div>\n\n\t\t\n<style>\n#section_300941937 {\n  padding-top: 80px;\n  padding-bottom: 80px;\n}\n#section_300941937 .section-bg-overlay {\n  background-color: #3171ee;\n}\n<\/style>\n\t<\/section>\n\t\n\t<section class=\"section has-scroll-for-more\" id=\"section_1604797030\">\n\t\t<div class=\"section-bg fill\" >\n\t\t\t\t\t\t\t\t\t<button class=\"scroll-for-more z-5 icon absolute bottom h-center\" aria-label=\"Scrollen f\u00fcr mehr\"><i class=\"icon-angle-down\" aria-hidden=\"true\" style=\"font-size:42px;\"><\/i><\/button>\n\t\t\t\n\n\t\t<\/div>\n\n\t\t\n\n\t\t<div class=\"section-content relative\">\n\t\t\t<span class=\"scroll-to\" data-label=\"Scroll to: #analysis\" data-bullet=\"false\" data-link=\"#analysis\" data-title=\"SEO-Analyse\"><a name=\"analysis\"><\/a><\/span><div class=\"row\"  id=\"row-326760115\">\n\t<div id=\"col-1751743750\" class=\"col medium-12 small-12 large-6\"  >\n\t\t\t\t<div class=\"col-inner\"  >\n\t\t\t\n\t\t\t<div class=\"is-divider divider clearfix\" style=\"max-width:50px;height:2px;background-color:rgb(49, 113, 238);\"><\/div><h2>SEO-Analyse<\/h2><p>Ausgangspunkt aller SEO-Optimierungen ist die Analyse. Wir bereiten f\u00fcr Sie eine Pr\u00e4sentation mit mehr als 50 Folien vor, die alle SEO-Details durchgehen und aufh\u00f6ren, was Sie gut und was Sie schlecht machen \/ wo Sie sich verbessern k\u00f6nnen.<\/p><p>Was Sie bekommen:<\/p><ul><li>SEO-Analyse Presentation<\/li><li>Enth\u00e4lt mehr als 50 Folien<\/li><li>Aktionsliste mit hoher, mittlerer und niedriger Priorit\u00e4t<\/li><li>Stichwort Analyse mit Potenzialen<\/li><\/ul>\t\t<\/div>\n\t\t\t\t\t<\/div>\n\n\t\n\t<div id=\"col-1072052816\" class=\"col medium-6 small-12 large-6\"  >\n\t\t\t\t<div class=\"col-inner\"  >\n\t\t\t\n\t\t\t\t<div class=\"img has-hover x md-x lg-x y md-y lg-y\" id=\"image_430908856\">\n\t\t\t\t\t\t<div data-animate=\"fadeInRight\">\t\t<div class=\"img-inner dark\" >\n\t\t\t<img loading=\"lazy\" decoding=\"async\" width=\"1020\" height=\"641\" src=\"https:\/\/www.welaunch.io\/de\/wp-content\/uploads\/sites\/11\/2020\/06\/seo-analysis-1.png\" class=\"attachment-large size-large\" alt=\"SEO analysis\" srcset=\"https:\/\/www.welaunch.io\/de\/wp-content\/uploads\/sites\/11\/2020\/06\/seo-analysis-1.png 1024w, https:\/\/www.welaunch.io\/de\/wp-content\/uploads\/sites\/11\/2020\/06\/seo-analysis-1-500x314.png 500w, https:\/\/www.welaunch.io\/de\/wp-content\/uploads\/sites\/11\/2020\/06\/seo-analysis-1-1000x629.png 1000w, https:\/\/www.welaunch.io\/de\/wp-content\/uploads\/sites\/11\/2020\/06\/seo-analysis-1-300x189.png 300w, https:\/\/www.welaunch.io\/de\/wp-content\/uploads\/sites\/11\/2020\/06\/seo-analysis-1-768x483.png 768w\" sizes=\"auto, (max-width: 1020px) 100vw, 1020px\" \/>\t\t\t\t\t\t\n\t\t\t\t\t<\/div>\n\t\t<\/div>\t\t\t\t\t\t\n<style>\n#image_430908856 {\n  width: 100%;\n}\n<\/style>\n\t<\/div>\n\t\t\t<\/div>\n\t\t\t\t\t<\/div>\n\n\t<\/div>\t\t<\/div>\n\n\t\t\n<style>\n#section_1604797030 {\n  padding-top: 80px;\n  padding-bottom: 80px;\n}\n<\/style>\n\t<\/section>\n\t<span class=\"scroll-to\" data-label=\"Scroll to: #optimizations\" data-bullet=\"false\" data-link=\"#optimizations\" data-title=\"SEO-Optimierungen\"><a name=\"optimizations\"><\/a><\/span>\n\t<section class=\"section dark has-scroll-for-more\" id=\"section_1973388522\">\n\t\t<div class=\"section-bg fill\" >\n\t\t\t\t\t\t\t\t\t<div class=\"section-bg-overlay absolute fill\"><\/div><button class=\"scroll-for-more z-5 icon absolute bottom h-center\" aria-label=\"Scrollen f\u00fcr mehr\"><i class=\"icon-angle-down\" aria-hidden=\"true\" style=\"font-size:42px;\"><\/i><\/button>\n\t\t\t\n\n\t\t<\/div>\n\n\t\t\n\n\t\t<div class=\"section-content relative\">\n\t\t\t<div class=\"row\"  id=\"row-1104311861\">\n\t<div id=\"col-1357251045\" class=\"col medium-12 small-12 large-6\"  >\n\t\t\t\t<div class=\"col-inner\"  >\n\t\t\t\n\t\t\t<div class=\"is-divider divider clearfix\" style=\"max-width:50px;height:2px;background-color:rgb(255, 255, 255);\"><\/div><h2>SEO-Optimierungen<\/h2><p>Die Analyse ist abgeschlossen, und jetzt haben wir eine gro\u00dfe Aktionsliste. Auf der Grundlage unserer Empfehlungen und Ihrer Entscheidung beginnen wir nun mit der Optimierung Ihrer Website.<\/p><p>Was Sie bekommen:<\/p><ul><li>HTML &#038; Meta Tag Optimizations<\/li><li>Strategieplan f\u00fcr SEO-Inhalte<\/li><li>Technische Optimierungen<\/li><li>Leistungsverbesserungen<\/li><\/ul>\t\t<\/div>\n\t\t\t\t\t<\/div>\n\n\t\n\t<div id=\"col-1582146661\" class=\"col medium-6 small-12 large-6\"  >\n\t\t\t\t<div class=\"col-inner\"  >\n\t\t\t\n\t\t\t\t<div class=\"img has-hover x md-x lg-x y md-y lg-y\" id=\"image_779593971\">\n\t\t\t\t\t\t<div data-animate=\"fadeInRight\">\t\t<div class=\"img-inner dark\" >\n\t\t\t<img loading=\"lazy\" decoding=\"async\" width=\"1020\" height=\"641\" src=\"https:\/\/www.welaunch.io\/de\/wp-content\/uploads\/sites\/11\/2020\/06\/seo-optimizations.png\" class=\"attachment-large size-large\" alt=\"SEO optimizations\" srcset=\"https:\/\/www.welaunch.io\/de\/wp-content\/uploads\/sites\/11\/2020\/06\/seo-optimizations.png 1024w, https:\/\/www.welaunch.io\/de\/wp-content\/uploads\/sites\/11\/2020\/06\/seo-optimizations-500x314.png 500w, https:\/\/www.welaunch.io\/de\/wp-content\/uploads\/sites\/11\/2020\/06\/seo-optimizations-1000x629.png 1000w, https:\/\/www.welaunch.io\/de\/wp-content\/uploads\/sites\/11\/2020\/06\/seo-optimizations-300x189.png 300w, https:\/\/www.welaunch.io\/de\/wp-content\/uploads\/sites\/11\/2020\/06\/seo-optimizations-768x483.png 768w\" sizes=\"auto, (max-width: 1020px) 100vw, 1020px\" \/>\t\t\t\t\t\t\n\t\t\t\t\t<\/div>\n\t\t<\/div>\t\t\t\t\t\t\n<style>\n#image_779593971 {\n  width: 100%;\n}\n<\/style>\n\t<\/div>\n\t\t\t<\/div>\n\t\t\t\t\t<\/div>\n\n\t<\/div>\t\t<\/div>\n\n\t\t\n<style>\n#section_1973388522 {\n  padding-top: 80px;\n  padding-bottom: 80px;\n}\n#section_1973388522 .section-bg-overlay {\n  background-color: #3171ee;\n}\n<\/style>\n\t<\/section>\n\t<span class=\"scroll-to\" data-label=\"Scroll to: #monitoring\" data-bullet=\"false\" data-link=\"#monitoring\" data-title=\"SEO-\u00dcberwachung\"><a name=\"monitoring\"><\/a><\/span>\n\t<section class=\"section has-scroll-for-more\" id=\"section_321830902\">\n\t\t<div class=\"section-bg fill\" >\n\t\t\t\t\t\t\t\t\t<button class=\"scroll-for-more z-5 icon absolute bottom h-center\" aria-label=\"Scrollen f\u00fcr mehr\"><i class=\"icon-angle-down\" aria-hidden=\"true\" style=\"font-size:42px;\"><\/i><\/button>\n\t\t\t\n\n\t\t<\/div>\n\n\t\t\n\n\t\t<div class=\"section-content relative\">\n\t\t\t<div class=\"row\"  id=\"row-1834886930\">\n\t<div id=\"col-764450310\" class=\"col medium-12 small-12 large-6\"  >\n\t\t\t\t<div class=\"col-inner\"  >\n\t\t\t\n\t\t\t<div class=\"is-divider divider clearfix\" style=\"max-width:50px;height:2px;background-color:rgb(49, 113, 238);\"><\/div><h2>SEO-\u00dcberwachung<\/h2><p>Glauben Sie nicht, dass Sie, wenn die Optimierungen abgeschlossen sind, direkt auf Platz 1 von Google rangieren werden. Das wird in den meisten F\u00e4llen nie geschehen. Es kann Wochen oder Monate dauern, bis Sie Ver\u00e4nderungen sehen, und dann m\u00fcssen Sie immer noch ein Auge darauf haben.<\/p><p>Was Sie bekommen:<\/p><ul><li>Schl\u00fcsselwort-\u00dcberwachung<\/li><li>Website-Audits (monatlich oder w\u00f6chentlich)<\/li><li>Monatliche Optimierungen<\/li><li>Zugang zu unseren Schl\u00fcsselwort-\u00dcberwachungstools<\/li><\/ul>\t\t<\/div>\n\t\t\t\t\t<\/div>\n\n\t\n\t<div id=\"col-1580026333\" class=\"col medium-6 small-12 large-6\"  >\n\t\t\t\t<div class=\"col-inner\"  >\n\t\t\t\n\t\t\t\t<div class=\"img has-hover x md-x lg-x y md-y lg-y\" id=\"image_773481495\">\n\t\t\t\t\t\t<div data-animate=\"fadeInRight\">\t\t<div class=\"img-inner dark\" >\n\t\t\t<img loading=\"lazy\" decoding=\"async\" width=\"1020\" height=\"641\" src=\"https:\/\/www.welaunch.io\/de\/wp-content\/uploads\/sites\/11\/2020\/06\/seo-monitoring.png\" class=\"attachment-large size-large\" alt=\"SEO monitoring\" srcset=\"https:\/\/www.welaunch.io\/de\/wp-content\/uploads\/sites\/11\/2020\/06\/seo-monitoring.png 1024w, https:\/\/www.welaunch.io\/de\/wp-content\/uploads\/sites\/11\/2020\/06\/seo-monitoring-500x314.png 500w, https:\/\/www.welaunch.io\/de\/wp-content\/uploads\/sites\/11\/2020\/06\/seo-monitoring-1000x629.png 1000w, https:\/\/www.welaunch.io\/de\/wp-content\/uploads\/sites\/11\/2020\/06\/seo-monitoring-300x189.png 300w, https:\/\/www.welaunch.io\/de\/wp-content\/uploads\/sites\/11\/2020\/06\/seo-monitoring-768x483.png 768w\" sizes=\"auto, (max-width: 1020px) 100vw, 1020px\" \/>\t\t\t\t\t\t\n\t\t\t\t\t<\/div>\n\t\t<\/div>\t\t\t\t\t\t\n<style>\n#image_773481495 {\n  width: 100%;\n}\n<\/style>\n\t<\/div>\n\t\t\t<\/div>\n\t\t\t\t\t<\/div>\n\n\t<\/div>\t\t<\/div>\n\n\t\t\n<style>\n#section_321830902 {\n  padding-top: 80px;\n  padding-bottom: 80px;\n}\n<\/style>\n\t<\/section>\n\t\n\t<section class=\"section\" id=\"section_857875231\">\n\t\t<div class=\"section-bg fill\" >\n\t\t\t\t\t\t\t\t\t\n\t\t\t\n\n\t\t<\/div>\n\n\t\t\n\n\t\t<div class=\"section-content relative\">\n\t\t\t<div class=\"row\"  id=\"row-1573355359\">\n\t<div id=\"col-1223800537\" class=\"col small-12 large-12\"  >\n\t\t\t\t<div class=\"col-inner text-center\"  >\n\t\t\t\n\t\t\t<h2>Sie befinden sich in guter Gesellschaft<\/h2><p>Die folgenden Kundenzitate unterstreichen unsere Qualit\u00e4t.<\/p>\t\t<\/div>\n\t\t\t\t\n<style>\n#col-1223800537 > .col-inner {\n  margin: 40px 0px 0px 0px;\n}\n<\/style>\n\t<\/div>\n\n\t<\/div><div class=\"row align-equal\"  id=\"row-2009880740\">\n\t<div id=\"col-825849304\" class=\"col medium-6 small-12 large-6\"  >\n\t\t\t\t<div class=\"col-inner dark\" style=\"background-color:#3171ee;\" >\n\t\t\t\n\t\t\t<blockquote style=\"font-size: 100%; font-style: normal;\"><p>Seit 2 Jahren optimiert weLaunch unserer Website f\u00fcr SEO. Sie analysierten unseren Webshop sindibaba.com, erstellte einen Aktions- und Inhaltsplan und schloss eine Stichwort-Recherche von mehr als 1000 Potenzialen ab.<\/p><\/blockquote>\n\t\t<div class=\"icon-box featured-box circle icon-box-left text-left is-small\"  >\n\t\t\t\t\t<div class=\"icon-box-img\" style=\"width: 61px\">\n\t\t\t\t<div class=\"icon\">\n\t\t\t\t\t<div class=\"icon-inner\" >\n\t\t\t\t\t\t<img loading=\"lazy\" decoding=\"async\" width=\"300\" height=\"300\" src=\"https:\/\/www.welaunch.io\/de\/wp-content\/uploads\/sites\/11\/2020\/06\/17426144_10155017563383257_8343296751971916844_n-300x300.jpg\" class=\"attachment-medium size-medium\" alt=\"Rainer Appel\" srcset=\"https:\/\/www.welaunch.io\/de\/wp-content\/uploads\/sites\/11\/2020\/06\/17426144_10155017563383257_8343296751971916844_n-300x300.jpg 300w, https:\/\/www.welaunch.io\/de\/wp-content\/uploads\/sites\/11\/2020\/06\/17426144_10155017563383257_8343296751971916844_n-100x100.jpg 100w, https:\/\/www.welaunch.io\/de\/wp-content\/uploads\/sites\/11\/2020\/06\/17426144_10155017563383257_8343296751971916844_n-150x150.jpg 150w, https:\/\/www.welaunch.io\/de\/wp-content\/uploads\/sites\/11\/2020\/06\/17426144_10155017563383257_8343296751971916844_n-200x200.jpg 200w, https:\/\/www.welaunch.io\/de\/wp-content\/uploads\/sites\/11\/2020\/06\/17426144_10155017563383257_8343296751971916844_n.jpg 320w\" sizes=\"auto, (max-width: 300px) 100vw, 300px\" \/>\t\t\t\t\t<\/div>\n\t\t\t\t<\/div>\n\t\t\t<\/div>\n\t\t\t\t<div class=\"icon-box-text last-reset\">\n\t\t\t\t\t\t\t\t\t<h3 style=\"margin-bottom: 0px;\">Rainer Appel<\/h3><p>Sindibaba<\/p>\t\t<\/div>\n\t<\/div>\n\t\n\t\t\t<\/div>\n\t\t\t\t\t<\/div>\n\n\t\n\t<div id=\"col-1048178114\" class=\"col medium-6 small-12 large-6\"  >\n\t\t\t\t<div class=\"col-inner dark\" style=\"background-color:#3171ee;\" >\n\t\t\t\n\t\t\t<blockquote style=\"font-size: 100%; font-style: normal;\"><p>Als einer von drei Bestattungsdiensten in unserer Stadt wollten wir der 1 bei Google sein. Innerhalb von 6 Monaten rangieren wir nun f\u00fcr mehr als 80% unserer Schl\u00fcsselw\u00f6rter auf dem ersten Platz. Wenn Sie auf der Suche nach einem lokalen SEO-Partner sind, k\u00f6nnen Sie die Suche jetzt beenden.<\/p><\/blockquote>\n\t\t<div class=\"icon-box featured-box circle icon-box-left text-left is-small\"  >\n\t\t\t\t\t<div class=\"icon-box-img\" style=\"width: 60px\">\n\t\t\t\t<div class=\"icon\">\n\t\t\t\t\t<div class=\"icon-inner\" >\n\t\t\t\t\t\t<img loading=\"lazy\" decoding=\"async\" width=\"150\" height=\"150\" src=\"https:\/\/www.welaunch.io\/de\/wp-content\/uploads\/sites\/11\/2020\/06\/Pingel_Kalle_-8321r_web-800x534-1-150x150-1.jpg\" class=\"attachment-medium size-medium\" alt=\"Karl-Hermann Pingel\" srcset=\"https:\/\/www.welaunch.io\/de\/wp-content\/uploads\/sites\/11\/2020\/06\/Pingel_Kalle_-8321r_web-800x534-1-150x150-1.jpg 150w, https:\/\/www.welaunch.io\/de\/wp-content\/uploads\/sites\/11\/2020\/06\/Pingel_Kalle_-8321r_web-800x534-1-150x150-1-100x100.jpg 100w\" sizes=\"auto, (max-width: 150px) 100vw, 150px\" \/>\t\t\t\t\t<\/div>\n\t\t\t\t<\/div>\n\t\t\t<\/div>\n\t\t\t\t<div class=\"icon-box-text last-reset\">\n\t\t\t\t\t\t\t\t\t<h3 style=\"margin-bottom: 0px;\">Karl-Hermann Pingel<\/h3><p>Pingel<\/p>\t\t<\/div>\n\t<\/div>\n\t\n\t\t\t<\/div>\n\t\t\t\t\t<\/div>\n\n\t\n<style>\n#row-2009880740 > .col > .col-inner {\n  padding: 40px 40px 40px 40px;\n  background-color: rgb(255,255,255);\n}\n<\/style>\n<\/div>\t\t<\/div>\n\n\t\t\n<style>\n#section_857875231 {\n  padding-top: 30px;\n  padding-bottom: 30px;\n}\n<\/style>\n\t<\/section>\n\t\n\t<section class=\"section dark\" id=\"section_1547821618\">\n\t\t<div class=\"section-bg fill\" >\n\t\t\t\t\t\t\t\t\t<div class=\"section-bg-overlay absolute fill\"><\/div>\n\t\t\t\n\n\t\t<\/div>\n\n\t\t\n\n\t\t<div class=\"section-content relative\">\n\t\t\t\n\n<div class=\"row align-center\"  id=\"row-2128148955\">\n\n\n\t<div id=\"col-1289951669\" class=\"col medium-8 small-10 large-7\"  >\n\t\t\t\t<div class=\"col-inner text-center\"  >\n\t\t\t\n\t\t\t\n\n<h2>Jetzt kontaktieren<\/h2>\n<p>Kontaktieren Sie mich noch heute f\u00fcr ein kostenloses Erstgespr\u00e4ch.<\/p>\n\n\t\t<\/div>\n\t\t\t\t\t<\/div>\n\n\t\n\n<\/div>\n\n\t\t<\/div>\n\n\t\t\n<style>\n#section_1547821618 {\n  padding-top: 100px;\n  padding-bottom: 100px;\n}\n#section_1547821618 .section-bg-overlay {\n  background-color: #3171ee;\n}\n<\/style>\n\t<\/section>\n\t\n<div class=\"row align-center\"  id=\"row-660073013\">\n\n\n\t<div id=\"col-1225721253\" class=\"col medium-10 small-12 large-10\"  >\n\t\t\t\t<div class=\"col-inner box-shadow-2 box-shadow-3-hover\"  >\n\t\t\t\n\t\t\t\n\n<div class=\"row row-large\"  id=\"row-1753899382\">\n\n\n\t<div id=\"col-1761334497\" class=\"col small-12 large-12\"  >\n\t\t\t\t<div class=\"col-inner\"  >\n\t\t\t\n\t\t\t\n\n\n\n<iframe src='https:\/\/outlook.office.com\/book\/Booking@welaunch.io\/?ismsaljsauthenabled' width='100%' height='500px' scrolling='yes' style='border:0'><\/iframe>\n\n\n\t\t<\/div>\n\t\t\t\t\n<style>\n#col-1761334497 > .col-inner {\n  border-radius: 18px;\n}\n<\/style>\n\t<\/div>\n\n\t\n\n\n<\/div>\n\n\t\t<\/div>\n\t\t\t\t\n<style>\n#col-1225721253 > .col-inner {\n  margin: -150px 0px 0px 0px;\n  border-radius: 10px;\n}\n<\/style>\n\t<\/div>\n\n\t\n\n\n<style>\n#row-660073013 > .col > .col-inner {\n  padding: 20px 20px 20px 20px;\n  background-color: rgb(255,255,255);\n}\n<\/style>\n<\/div>","protected":false},"excerpt":{"rendered":"","protected":false},"author":1,"featured_media":0,"parent":617,"menu_order":0,"comment_status":"closed","ping_status":"closed","template":"","meta":{"inline_featured_image":false,"footnotes":""},"class_list":["post-635","page","type-page","status-publish","hentry"],"_links":{"self":[{"href":"https:\/\/www.welaunch.io\/de\/wp-json\/wp\/v2\/pages\/635","targetHints":{"allow":["GET"]}}],"collection":[{"href":"https:\/\/www.welaunch.io\/de\/wp-json\/wp\/v2\/pages"}],"about":[{"href":"https:\/\/www.welaunch.io\/de\/wp-json\/wp\/v2\/types\/page"}],"author":[{"embeddable":true,"href":"https:\/\/www.welaunch.io\/de\/wp-json\/wp\/v2\/users\/1"}],"replies":[{"embeddable":true,"href":"https:\/\/www.welaunch.io\/de\/wp-json\/wp\/v2\/comments?post=635"}],"version-history":[{"count":10,"href":"https:\/\/www.welaunch.io\/de\/wp-json\/wp\/v2\/pages\/635\/revisions"}],"predecessor-version":[{"id":5853,"href":"https:\/\/www.welaunch.io\/de\/wp-json\/wp\/v2\/pages\/635\/revisions\/5853"}],"up":[{"embeddable":true,"href":"https:\/\/www.welaunch.io\/de\/wp-json\/wp\/v2\/pages\/617"}],"wp:attachment":[{"href":"https:\/\/www.welaunch.io\/de\/wp-json\/wp\/v2\/media?parent=635"}],"curies":[{"name":"wp","href":"https:\/\/api.w.org\/{rel}","templated":true}]}}