{"id":627,"date":"2018-09-11T12:36:48","date_gmt":"2018-09-11T10:36:48","guid":{"rendered":"https:\/\/www.welaunch.io\/de\/?page_id=627"},"modified":"2024-04-15T09:11:02","modified_gmt":"2024-04-15T07:11:02","slug":"sea","status":"publish","type":"page","link":"https:\/\/www.welaunch.io\/de\/services\/sea\/","title":{"rendered":"Ihre Agentur f\u00fcr Online-Werbung"},"content":{"rendered":"\r\n\n\t<section class=\"section dark has-scroll-for-more\" id=\"section_852432942\">\n\t\t<div class=\"section-bg fill\" >\n\t\t\t\t\t\t\t\t\t<button class=\"scroll-for-more z-5 icon absolute bottom h-center\" aria-label=\"Scrollen f\u00fcr mehr\"><i class=\"icon-angle-down\" aria-hidden=\"true\" style=\"font-size:42px;\"><\/i><\/button>\n\t\t\t\n\n\t\t<\/div>\n\n\t\t\n\n\t\t<div class=\"section-content relative\">\n\t\t\t<div class=\"row\"  id=\"row-1982076833\">\n\t<div id=\"col-2012304514\" class=\"col medium-12 small-12 large-6\"  >\n\t\t\t\t<div class=\"col-inner\"  >\n\t\t\t\n\t\t\t\r\n<h1>Digital Advertising<\/h1>\r\n<p>Hurra, Sie haben gerade Ihren neuen Webshop er\u00f6ffnet. Aber wie geht es weiter? Erwarten Sie keine Verk\u00e4ufe und keinen Verkehr wie von Zauberhand. Sie m\u00fcssen in Werbung investieren &#8211; wo Sie k\u00f6nnen und wie Sie k\u00f6nnen. Geben Sie uns das Zepter der Werbung in die Hand und wir treiben den Verkehr und die Verk\u00e4ufe auf Ihrer Website mit Erfolg voran.<\/p>\r\n\t\t<\/div>\n\t\t\t\t\t<\/div>\n\n\t<\/div>\t\t<\/div>\n\n\t\t\n<style>\n#section_852432942 {\n  padding-top: 100px;\n  padding-bottom: 100px;\n  min-height: 90%;\n  background-color: rgb(49, 113, 238);\n}\n@media (min-width:550px) {\n  #section_852432942 {\n    padding-top: 140px;\n    padding-bottom: 140px;\n  }\n}\n@media (min-width:850px) {\n  #section_852432942 {\n    padding-top: 180px;\n    padding-bottom: 180px;\n  }\n}\n<\/style>\n\t<\/section>\n\t\n\t<section class=\"section has-scroll-for-more\" id=\"section_1427365108\">\n\t\t<div class=\"section-bg fill\" >\n\t\t\t\t\t\t\t\t\t<button class=\"scroll-for-more z-5 icon absolute bottom h-center\" aria-label=\"Scrollen f\u00fcr mehr\"><i class=\"icon-angle-down\" aria-hidden=\"true\" style=\"font-size:42px;\"><\/i><\/button>\n\t\t\t\n\n\t\t<\/div>\n\n\t\t\n\n\t\t<div class=\"section-content relative\">\n\t\t\t<span class=\"scroll-to\" data-label=\"Scroll to: #wordpress\" data-bullet=\"false\" data-link=\"#wordpress\" data-title=\"wordpress\"><a name=\"wordpress\"><\/a><\/span><div class=\"row\"  id=\"row-1124664998\">\n\t<div id=\"col-833108182\" class=\"col medium-8 small-12 large-8\"  >\n\t\t\t\t<div class=\"col-inner\"  >\n\t\t\t\n\t\t\t<div class=\"is-divider divider clearfix\" style=\"max-width:50px;height:2px;background-color:rgb(49, 113, 238);\"><\/div>\r\n<h2>M\u00f6chten Sie Umsatz und Verkehr steigern?<\/h2>\r\n<p>Der schnellste Weg, mehr Verk\u00e4ufe, Verkehr und Konversionen zu generieren, ist die Investition in Werbung. Aber Sie m\u00fcssen klug investieren:<\/p>\r\n<ul>\r\n<li>100 Dollar investieren und 500 Dollar Umsatz erzielen. Niemals 100 Dollar investieren und 50 Dollar bekommen.<\/li>\r\n<li>W\u00e4hlen Sie die richtigen Werbeplattformen (SEA, SMM oder Affiliate)<\/li>\r\n<li>Verfolgen und analysieren<\/li>\r\n<\/ul>\r\n<p>Wir helfen Ihnen bei der Erstellung einer digitalen Werbestrategie.<\/p>\r\n\t\t<\/div>\n\t\t\t\t\t<\/div>\n\n\t\n\t<div id=\"col-1783091833\" class=\"col medium-4 small-12 large-4\"  >\n\t\t\t\t<div class=\"col-inner\"  >\n\t\t\t\n\t\t\t\t<div class=\"img has-hover x md-x lg-x y md-y lg-y\" id=\"image_189240513\">\n\t\t\t\t\t\t<div data-animate=\"fadeInRight\">\t\t<div class=\"img-inner dark\" >\n\t\t\t<img loading=\"lazy\" decoding=\"async\" width=\"1020\" height=\"550\" src=\"https:\/\/www.welaunch.io\/de\/wp-content\/uploads\/sites\/11\/2018\/09\/SEO-1024x552.png\" class=\"attachment-large size-large\" alt=\"SEO Expert - Professional Search Engine Optimization\" srcset=\"https:\/\/www.welaunch.io\/de\/wp-content\/uploads\/sites\/11\/2018\/09\/SEO-1024x552.png 1024w, https:\/\/www.welaunch.io\/de\/wp-content\/uploads\/sites\/11\/2018\/09\/SEO-500x270.png 500w, https:\/\/www.welaunch.io\/de\/wp-content\/uploads\/sites\/11\/2018\/09\/SEO-1000x539.png 1000w, https:\/\/www.welaunch.io\/de\/wp-content\/uploads\/sites\/11\/2018\/09\/SEO-300x162.png 300w, https:\/\/www.welaunch.io\/de\/wp-content\/uploads\/sites\/11\/2018\/09\/SEO-768x414.png 768w, https:\/\/www.welaunch.io\/de\/wp-content\/uploads\/sites\/11\/2018\/09\/SEO.png 1298w\" sizes=\"auto, (max-width: 1020px) 100vw, 1020px\" \/>\t\t\t\t\t\t\n\t\t\t\t\t<\/div>\n\t\t<\/div>\t\t\t\t\t\t\n<style>\n#image_189240513 {\n  width: 100%;\n}\n<\/style>\n\t<\/div>\n\t\t\t<\/div>\n\t\t\t\t\t<\/div>\n\n\t<\/div>\t\t<\/div>\n\n\t\t\n<style>\n#section_1427365108 {\n  padding-top: 50px;\n  padding-bottom: 50px;\n}\n<\/style>\n\t<\/section>\n\t\n\t<section class=\"section dark has-scroll-for-more\" id=\"section_185617334\">\n\t\t<div class=\"section-bg fill\" >\n\t\t\t\t\t\t\t\t\t<div class=\"section-bg-overlay absolute fill\"><\/div><div class=\"loading-spin centered\"><\/div><button class=\"scroll-for-more z-5 icon absolute bottom h-center\" aria-label=\"Scrollen f\u00fcr mehr\"><i class=\"icon-angle-down\" aria-hidden=\"true\" style=\"font-size:42px;\"><\/i><\/button>\n\t\t\t\n\n\t\t<\/div>\n\n\t\t\n\n\t\t<div class=\"section-content relative\">\n\t\t\t<div class=\"row\"  id=\"row-944979978\">\n\t<div id=\"col-1894114344\" class=\"col small-12 large-12\"  >\n\t\t\t\t<div class=\"col-inner text-left\"  >\n\t\t\t\n\t\t\t<div class=\"is-divider divider clearfix\" style=\"max-width:50px;height:2px;background-color:rgb(255, 255, 255);\"><\/div>\r\n<h2>3 Schritte zum Erfolg<\/h2>\r\n\t\t<\/div>\n\t\t\t\t\t<\/div>\n\n\t<\/div><div class=\"row\"  id=\"row-2012331406\">\n\t<div id=\"col-2074864012\" class=\"col medium-12 small-12 large-4\"  >\n\t\t\t\t<div class=\"col-inner\"  >\n\t\t\t\n\t\t\t<div class=\"container section-title-container\" style=\"margin-top:5px;margin-bottom:5px;\"><h3 class=\"section-title section-title-normal\"><b aria-hidden=\"true\"><\/b><span class=\"section-title-main\" style=\"color:rgb(247, 247, 247);\">01 Definieren Sie Ihr Ziel<\/span><b aria-hidden=\"true\"><\/b><\/h3><\/div>\r\n<p>Was m\u00f6chten Sie werben? Jede Agentur wird Ihnen diese Frage stellen. Es kann ein Produkt, eine Produktkategorie, eine Landinpage oder eine Dienstleistung sein. Am Anfang ist es wichtig zu wissen, was Sie erreichen wollen. Diese so genannten Ziele sind wichtig, und sie sollten nachvollziehbar und messbar sein.<\/p>\r\n<a href=\"#goal\" class=\"button white is-link\" >\n\t\t<span>Zieldefinition erforschen<\/span>\n\t<\/a>\n\t\t<\/div>\n\t\t\t\t\t<\/div>\n\n\t\n\t<div id=\"col-1502766150\" class=\"col medium-6 small-12 large-4\"  >\n\t\t\t\t<div class=\"col-inner\"  >\n\t\t\t\n\t\t\t<div class=\"container section-title-container\" style=\"margin-top:5px;margin-bottom:5px;\"><h3 class=\"section-title section-title-normal\"><b aria-hidden=\"true\"><\/b><span class=\"section-title-main\" style=\"color:rgb(247, 247, 247);\">02 Anzeigenentwicklung<\/span><b aria-hidden=\"true\"><\/b><\/h3><\/div>\r\n<p>Je nachdem, was Sie erreichen wollen, richten wir die Anzeigen f\u00fcr Sie ein. Wenn Sie Ihre Markenbekanntheit erh\u00f6hen m\u00f6chten, implementieren wir Display Ads. Wenn Sie Ihre Verk\u00e4ufe steigern m\u00f6chten, verwenden wir SEA, was zu einer speziellen Landingpage f\u00fchrt und sp\u00e4ter zu einem Remarketing. Alle ma\u00dfgeschneidert auf Ihren Gesch\u00e4ftstyp.<\/p>\r\n<a href=\"#optimizations\" class=\"button white is-link\" >\n\t\t<span>Anzeigenentwicklung erforschen<\/span>\n\t<\/a>\n\t\t<\/div>\n\t\t\t\t\t<\/div>\n\n\t\n\t<div id=\"col-1563918442\" class=\"col medium-6 small-12 large-4\"  >\n\t\t\t\t<div class=\"col-inner\"  >\n\t\t\t\n\t\t\t<div class=\"container section-title-container\" style=\"margin-top:5px;margin-bottom:5px;\"><h3 class=\"section-title section-title-normal\"><b aria-hidden=\"true\"><\/b><span class=\"section-title-main\" style=\"color:rgb(247, 247, 247);\">03 \u00dcberwachen &amp; Optimieren<\/span><b aria-hidden=\"true\"><\/b><\/h3><\/div>\r\n<p>Die Anzeigen laufen jetzt &#8211; aber glauben Sie nicht, dass die Arbeit getan ist. Jetzt beginnt die Arbeit! Warum funktioniert Ad X nicht? Sollten wir dieses Schl\u00fcsselwort entfernen? Wir k\u00fcmmern uns um die \u00dcberwachung und Optimierung Ihrer Anzeigenkampagne w\u00e4hrend der gesamten Laufzeit. Dar\u00fcber hinaus senden wir Ihnen Berichte und Empfehlungen.<\/p>\r\n<a href=\"#monitoring\" class=\"button white is-link\" >\n\t\t<span>\u00dcberwachung erforschen<\/span>\n\t<\/a>\n\t\t<\/div>\n\t\t\t\t\t<\/div>\n\n\t<\/div>\t\t<\/div>\n\n\t\t\n<style>\n#section_185617334 {\n  padding-top: 80px;\n  padding-bottom: 80px;\n}\n#section_185617334 .section-bg-overlay {\n  background-color: #3171ee;\n}\n<\/style>\n\t<\/section>\n\t\n\t<section class=\"section has-scroll-for-more\" id=\"section_762007939\">\n\t\t<div class=\"section-bg fill\" >\n\t\t\t\t\t\t\t\t\t<button class=\"scroll-for-more z-5 icon absolute bottom h-center\" aria-label=\"Scrollen f\u00fcr mehr\"><i class=\"icon-angle-down\" aria-hidden=\"true\" style=\"font-size:42px;\"><\/i><\/button>\n\t\t\t\n\n\t\t<\/div>\n\n\t\t\n\n\t\t<div class=\"section-content relative\">\n\t\t\t<span class=\"scroll-to\" data-label=\"Scroll to: #goal\" data-bullet=\"false\" data-link=\"#goal\" data-title=\"Goal Definition\"><a name=\"goal\"><\/a><\/span><div class=\"row\"  id=\"row-1497351093\">\n\t<div id=\"col-1115095937\" class=\"col medium-12 small-12 large-6\"  >\n\t\t\t\t<div class=\"col-inner\"  >\n\t\t\t\n\t\t\t<div class=\"is-divider divider clearfix\" style=\"max-width:50px;height:2px;background-color:rgb(49, 113, 238);\"><\/div>\r\n<h2>Ziel-Definition<\/h2>\r\n<p>Fragen Sie sich, was Sie f\u00f6rdern wollen. Ein besonderes neues Produkt, das Sie gerade auf den Markt gebracht haben. Oder ein bestehendes Cash-Cow-Produkt, bei dem pl\u00f6tzlich ein Konkurrent ein St\u00fcck von Ihrem Kuchen abhaben wird? Was auch immer der Grund oder das Produkt ist, Sie sollten sich dar\u00fcber im Klaren sein, wof\u00fcr Sie werben wollen und wie Sie Ihren Erfolg messen wollen. In den meisten F\u00e4llen handelt es sich um einen Online-Kauf, aber manchmal kann es sich auch nur um einen E-Mail-Lead handeln.<\/p>\r\n<ul>\r\n<li>Sie wissen, was Sie f\u00f6rdern wollen<\/li>\r\n<li>Wir analysieren die besten Werbemittel f\u00fcr Ihr Produkt<\/li>\r\n<li>Wir definieren Ihre Ziele und wie Sie diese messen k\u00f6nnen<\/li>\r\n<\/ul>\r\n\t\t<\/div>\n\t\t\t\t\t<\/div>\n\n\t\n\t<div id=\"col-933415337\" class=\"col medium-6 small-12 large-6\"  >\n\t\t\t\t<div class=\"col-inner\"  >\n\t\t\t\n\t\t\t\t<div class=\"img has-hover x md-x lg-x y md-y lg-y\" id=\"image_581355956\">\n\t\t\t\t\t\t<div data-animate=\"fadeInRight\">\t\t<div class=\"img-inner dark\" >\n\t\t\t<img loading=\"lazy\" decoding=\"async\" width=\"1020\" height=\"574\" src=\"https:\/\/www.welaunch.io\/de\/wp-content\/uploads\/sites\/11\/2020\/07\/digital-advertising-goals-1024x576.png\" class=\"attachment-large size-large\" alt=\"digital advertising goals\" srcset=\"https:\/\/www.welaunch.io\/de\/wp-content\/uploads\/sites\/11\/2020\/07\/digital-advertising-goals-1024x576.png 1024w, https:\/\/www.welaunch.io\/de\/wp-content\/uploads\/sites\/11\/2020\/07\/digital-advertising-goals-500x281.png 500w, https:\/\/www.welaunch.io\/de\/wp-content\/uploads\/sites\/11\/2020\/07\/digital-advertising-goals-1000x563.png 1000w, https:\/\/www.welaunch.io\/de\/wp-content\/uploads\/sites\/11\/2020\/07\/digital-advertising-goals-300x169.png 300w, https:\/\/www.welaunch.io\/de\/wp-content\/uploads\/sites\/11\/2020\/07\/digital-advertising-goals-768x432.png 768w, https:\/\/www.welaunch.io\/de\/wp-content\/uploads\/sites\/11\/2020\/07\/digital-advertising-goals-1536x864.png 1536w, https:\/\/www.welaunch.io\/de\/wp-content\/uploads\/sites\/11\/2020\/07\/digital-advertising-goals.png 1920w\" sizes=\"auto, (max-width: 1020px) 100vw, 1020px\" \/>\t\t\t\t\t\t\n\t\t\t\t\t<\/div>\n\t\t<\/div>\t\t\t\t\t\t\n<style>\n#image_581355956 {\n  width: 100%;\n}\n<\/style>\n\t<\/div>\n\t\t\t<\/div>\n\t\t\t\t\t<\/div>\n\n\t<\/div>\t\t<\/div>\n\n\t\t\n<style>\n#section_762007939 {\n  padding-top: 80px;\n  padding-bottom: 80px;\n}\n<\/style>\n\t<\/section>\n\t<span class=\"scroll-to\" data-label=\"Scroll to: #optimizations\" data-bullet=\"false\" data-link=\"#optimizations\" data-title=\"SEO Optimizations\"><a name=\"optimizations\"><\/a><\/span>\n\t<section class=\"section dark has-scroll-for-more\" id=\"section_723975769\">\n\t\t<div class=\"section-bg fill\" >\n\t\t\t\t\t\t\t\t\t<div class=\"section-bg-overlay absolute fill\"><\/div><button class=\"scroll-for-more z-5 icon absolute bottom h-center\" aria-label=\"Scrollen f\u00fcr mehr\"><i class=\"icon-angle-down\" aria-hidden=\"true\" style=\"font-size:42px;\"><\/i><\/button>\n\t\t\t\n\n\t\t<\/div>\n\n\t\t\n\n\t\t<div class=\"section-content relative\">\n\t\t\t<div class=\"row\"  id=\"row-1424381345\">\n\t<div id=\"col-248121592\" class=\"col medium-12 small-12 large-6\"  >\n\t\t\t\t<div class=\"col-inner\"  >\n\t\t\t\n\t\t\t<div class=\"is-divider divider clearfix\" style=\"max-width:50px;height:2px;background-color:rgb(255, 255, 255);\"><\/div>\r\n<h2>Entwicklung von Anzeigen<\/h2>\r\n<p>After getting to know your product &amp; goals, we will analyse according keywords. Danach beginnen wir mit der Erstellung ansprechender Anzeigen in den von uns empfohlenen Kan\u00e4len. Um den meisten Verkehr auf Ihrer Website zu lenken, sollten Ihre Anzeigen f\u00fcr die suchenden Kunden interessant sein.<\/p>\r\n<p>Sie bekommen:<\/p>\r\n<ul>\r\n<li>Schl\u00fcsselwort-Setup<\/li>\r\n<li>Gut geschriebene Anzeigentexte<\/li>\r\n<li>Ansprechende Web-Banner<\/li>\r\n<li>HTML5-Reaktionswerbung<\/li>\r\n<\/ul>\r\n\t\t<\/div>\n\t\t\t\t\t<\/div>\n\n\t\n\t<div id=\"col-1427214682\" class=\"col medium-6 small-12 large-6\"  >\n\t\t\t\t<div class=\"col-inner\"  >\n\t\t\t\n\t\t\t\t<div class=\"img has-hover x md-x lg-x y md-y lg-y\" id=\"image_1513035695\">\n\t\t\t\t\t\t<div data-animate=\"fadeInRight\">\t\t<div class=\"img-inner dark\" >\n\t\t\t<img loading=\"lazy\" decoding=\"async\" width=\"1020\" height=\"574\" src=\"https:\/\/www.welaunch.io\/de\/wp-content\/uploads\/sites\/11\/2020\/07\/ad-development-1024x576.png\" class=\"attachment-large size-large\" alt=\"ad development\" srcset=\"https:\/\/www.welaunch.io\/de\/wp-content\/uploads\/sites\/11\/2020\/07\/ad-development-1024x576.png 1024w, https:\/\/www.welaunch.io\/de\/wp-content\/uploads\/sites\/11\/2020\/07\/ad-development-500x281.png 500w, https:\/\/www.welaunch.io\/de\/wp-content\/uploads\/sites\/11\/2020\/07\/ad-development-1000x563.png 1000w, https:\/\/www.welaunch.io\/de\/wp-content\/uploads\/sites\/11\/2020\/07\/ad-development-300x169.png 300w, https:\/\/www.welaunch.io\/de\/wp-content\/uploads\/sites\/11\/2020\/07\/ad-development-768x432.png 768w, https:\/\/www.welaunch.io\/de\/wp-content\/uploads\/sites\/11\/2020\/07\/ad-development-1536x864.png 1536w, https:\/\/www.welaunch.io\/de\/wp-content\/uploads\/sites\/11\/2020\/07\/ad-development.png 1920w\" sizes=\"auto, (max-width: 1020px) 100vw, 1020px\" \/>\t\t\t\t\t\t\n\t\t\t\t\t<\/div>\n\t\t<\/div>\t\t\t\t\t\t\n<style>\n#image_1513035695 {\n  width: 100%;\n}\n<\/style>\n\t<\/div>\n\t\t\t<\/div>\n\t\t\t\t\t<\/div>\n\n\t<\/div>\t\t<\/div>\n\n\t\t\n<style>\n#section_723975769 {\n  padding-top: 80px;\n  padding-bottom: 80px;\n}\n#section_723975769 .section-bg-overlay {\n  background-color: #3171ee;\n}\n<\/style>\n\t<\/section>\n\t<span class=\"scroll-to\" data-label=\"Scroll to: #monitoring\" data-bullet=\"false\" data-link=\"#monitoring\" data-title=\"SEO Monitoring\"><a name=\"monitoring\"><\/a><\/span>\n\t<section class=\"section has-scroll-for-more\" id=\"section_1271307784\">\n\t\t<div class=\"section-bg fill\" >\n\t\t\t\t\t\t\t\t\t<button class=\"scroll-for-more z-5 icon absolute bottom h-center\" aria-label=\"Scrollen f\u00fcr mehr\"><i class=\"icon-angle-down\" aria-hidden=\"true\" style=\"font-size:42px;\"><\/i><\/button>\n\t\t\t\n\n\t\t<\/div>\n\n\t\t\n\n\t\t<div class=\"section-content relative\">\n\t\t\t<div class=\"row\"  id=\"row-1435089470\">\n\t<div id=\"col-254866041\" class=\"col medium-12 small-12 large-6\"  >\n\t\t\t\t<div class=\"col-inner\"  >\n\t\t\t\n\t\t\t<div class=\"is-divider divider clearfix\" style=\"max-width:50px;height:2px;background-color:rgb(49, 113, 238);\"><\/div>\r\n<h2>Monitor &amp; Optimize<\/h2>\r\n<p>Nachdem Sie die Schaltfl\u00e4che &#8220;Anzeigen ausf\u00fchren&#8221; gedr\u00fcckt haben, sollten Sie sich nicht zur\u00fccklehnen. Jetzt beginnt die Arbeit an der Optimierung &amp; Analyse Ihrer Werbekampagnen.<\/p>\r\n<ul>\r\n<li>Keyword monitoring &amp; optimizing<\/li>\r\n<li>Anzeigen verbessern (hinzuf\u00fcgen, stoppen, anpassen)<\/li>\r\n<li>Vergleich der Umwandlungen mit dem ausgegebenen Geld (ROI)<\/li>\r\n<\/ul>\r\n\t\t<\/div>\n\t\t\t\t\t<\/div>\n\n\t\n\t<div id=\"col-980387268\" class=\"col medium-6 small-12 large-6\"  >\n\t\t\t\t<div class=\"col-inner\"  >\n\t\t\t\n\t\t\t\t<div class=\"img has-hover x md-x lg-x y md-y lg-y\" id=\"image_1590137387\">\n\t\t\t\t\t\t<div data-animate=\"fadeInRight\">\t\t<div class=\"img-inner dark\" >\n\t\t\t<img loading=\"lazy\" decoding=\"async\" width=\"1020\" height=\"641\" src=\"https:\/\/www.welaunch.io\/de\/wp-content\/uploads\/sites\/11\/2020\/06\/seo-monitoring.png\" class=\"attachment-large size-large\" alt=\"SEO monitoring\" srcset=\"https:\/\/www.welaunch.io\/de\/wp-content\/uploads\/sites\/11\/2020\/06\/seo-monitoring.png 1024w, https:\/\/www.welaunch.io\/de\/wp-content\/uploads\/sites\/11\/2020\/06\/seo-monitoring-500x314.png 500w, https:\/\/www.welaunch.io\/de\/wp-content\/uploads\/sites\/11\/2020\/06\/seo-monitoring-1000x629.png 1000w, https:\/\/www.welaunch.io\/de\/wp-content\/uploads\/sites\/11\/2020\/06\/seo-monitoring-300x189.png 300w, https:\/\/www.welaunch.io\/de\/wp-content\/uploads\/sites\/11\/2020\/06\/seo-monitoring-768x483.png 768w\" sizes=\"auto, (max-width: 1020px) 100vw, 1020px\" \/>\t\t\t\t\t\t\n\t\t\t\t\t<\/div>\n\t\t<\/div>\t\t\t\t\t\t\n<style>\n#image_1590137387 {\n  width: 100%;\n}\n<\/style>\n\t<\/div>\n\t\t\t<\/div>\n\t\t\t\t\t<\/div>\n\n\t<\/div>\t\t<\/div>\n\n\t\t\n<style>\n#section_1271307784 {\n  padding-top: 80px;\n  padding-bottom: 80px;\n}\n<\/style>\n\t<\/section>\n\t\n\t<section class=\"section\" id=\"section_1017396015\">\n\t\t<div class=\"section-bg fill\" >\n\t\t\t\t\t\t\t\t\t\n\t\t\t\n\n\t\t<\/div>\n\n\t\t\n\n\t\t<div class=\"section-content relative\">\n\t\t\t<div class=\"row\"  id=\"row-1410377073\">\n\t<div id=\"col-473491879\" class=\"col small-12 large-12\"  >\n\t\t\t\t<div class=\"col-inner text-center\"  >\n\t\t\t\n\t\t\t\r\n<h2>Sie befinden sich in guter Gesellschaft<\/h2>\r\n<p>Die folgenden Kundenzitate unterstreichen unsere Qualit\u00e4t.<\/p>\r\n\t\t<\/div>\n\t\t\t\t\n<style>\n#col-473491879 > .col-inner {\n  margin: 40px 0px 0px 0px;\n}\n<\/style>\n\t<\/div>\n\n\t<\/div><div class=\"row align-equal\"  id=\"row-1784507865\">\n\t<div id=\"col-1161526735\" class=\"col medium-6 small-12 large-6\"  >\n\t\t\t\t<div class=\"col-inner dark\" style=\"background-color:#3171ee;\" >\n\t\t\t\n\t\t\t\r\n<blockquote style=\"font-size: 100%; font-style: normal;\">\r\n<p>Bei der ersten Einf\u00fchrung haben wir keine Werbung f\u00fcr unser Babyspielzeuggesch\u00e4ft sindibaba. Jetzt schalten wir Anzeigen bei Google Ads, Google Shopping, Facebook &amp; Instagram. Es sind einige Tests erforderlich, bevor Sie den wertvollsten Kanal finden, aber jetzt generieren wir mehr Umsatz als je zuvor.<\/p>\r\n<\/blockquote>\r\n\n\t\t<div class=\"icon-box featured-box circle icon-box-left text-left is-small\"  >\n\t\t\t\t\t<div class=\"icon-box-img\" style=\"width: 61px\">\n\t\t\t\t<div class=\"icon\">\n\t\t\t\t\t<div class=\"icon-inner\" >\n\t\t\t\t\t\t<img loading=\"lazy\" decoding=\"async\" width=\"300\" height=\"300\" src=\"https:\/\/www.welaunch.io\/de\/wp-content\/uploads\/sites\/11\/2020\/06\/17426144_10155017563383257_8343296751971916844_n-300x300.jpg\" class=\"attachment-medium size-medium\" alt=\"Rainer Appel\" srcset=\"https:\/\/www.welaunch.io\/de\/wp-content\/uploads\/sites\/11\/2020\/06\/17426144_10155017563383257_8343296751971916844_n-300x300.jpg 300w, https:\/\/www.welaunch.io\/de\/wp-content\/uploads\/sites\/11\/2020\/06\/17426144_10155017563383257_8343296751971916844_n-100x100.jpg 100w, https:\/\/www.welaunch.io\/de\/wp-content\/uploads\/sites\/11\/2020\/06\/17426144_10155017563383257_8343296751971916844_n-150x150.jpg 150w, https:\/\/www.welaunch.io\/de\/wp-content\/uploads\/sites\/11\/2020\/06\/17426144_10155017563383257_8343296751971916844_n-200x200.jpg 200w, https:\/\/www.welaunch.io\/de\/wp-content\/uploads\/sites\/11\/2020\/06\/17426144_10155017563383257_8343296751971916844_n.jpg 320w\" sizes=\"auto, (max-width: 300px) 100vw, 300px\" \/>\t\t\t\t\t<\/div>\n\t\t\t\t<\/div>\n\t\t\t<\/div>\n\t\t\t\t<div class=\"icon-box-text last-reset\">\n\t\t\t\t\t\t\t\t\t\r\n<h3 style=\"margin-bottom: 0px;\">Rainer Appel<\/h3>\r\n<p>Sindibaba<\/p>\r\n\t\t<\/div>\n\t<\/div>\n\t\n\t\t\t<\/div>\n\t\t\t\t\t<\/div>\n\n\t\n\t<div id=\"col-2116537130\" class=\"col medium-6 small-12 large-6\"  >\n\t\t\t\t<div class=\"col-inner dark\" style=\"background-color:#3171ee;\" >\n\t\t\t\n\t\t\t\r\n<blockquote style=\"font-size: 100%; font-style: normal;\">\r\n<p>Zusammen mit weLaunch werben wir mit grossem Erfolg f\u00fcr unseren soeben gestarteten Online-Shop zum Kauf von provisorischen Vollmachtsdokumenten. Unsere Verkaufszahlen steigen, und im Vergleich zu den ausgegebenen Geldern k\u00f6nnen wir zu dem Schluss kommen, dass es die richtige Entscheidung war.<\/p>\r\n<\/blockquote>\r\n\n\t\t<div class=\"icon-box featured-box circle icon-box-left text-left is-small\"  >\n\t\t\t\t\t<div class=\"icon-box-img\" style=\"width: 60px\">\n\t\t\t\t<div class=\"icon\">\n\t\t\t\t\t<div class=\"icon-inner\" >\n\t\t\t\t\t\t<img loading=\"lazy\" decoding=\"async\" width=\"256\" height=\"256\" src=\"https:\/\/www.welaunch.io\/de\/wp-content\/uploads\/sites\/11\/2020\/07\/mathias-kropp.256x256.jpg\" class=\"attachment-medium size-medium\" alt=\"Mathias Kropp\" srcset=\"https:\/\/www.welaunch.io\/de\/wp-content\/uploads\/sites\/11\/2020\/07\/mathias-kropp.256x256.jpg 256w, https:\/\/www.welaunch.io\/de\/wp-content\/uploads\/sites\/11\/2020\/07\/mathias-kropp.256x256-100x100.jpg 100w, https:\/\/www.welaunch.io\/de\/wp-content\/uploads\/sites\/11\/2020\/07\/mathias-kropp.256x256-150x150.jpg 150w\" sizes=\"auto, (max-width: 256px) 100vw, 256px\" \/>\t\t\t\t\t<\/div>\n\t\t\t\t<\/div>\n\t\t\t<\/div>\n\t\t\t\t<div class=\"icon-box-text last-reset\">\n\t\t\t\t\t\t\t\t\t\r\n<h3 style=\"margin-bottom: 0px;\">Mathias Kropp<\/h3>\r\n<p>Vorsorgevollmacht-24<\/p>\r\n\t\t<\/div>\n\t<\/div>\n\t\n\t\t\t<\/div>\n\t\t\t\t\t<\/div>\n\n\t\n<style>\n#row-1784507865 > .col > .col-inner {\n  padding: 40px 40px 40px 40px;\n  background-color: rgb(255,255,255);\n}\n<\/style>\n<\/div>\t\t<\/div>\n\n\t\t\n<style>\n#section_1017396015 {\n  padding-top: 30px;\n  padding-bottom: 30px;\n}\n<\/style>\n\t<\/section>\n\t\n\t<section class=\"section dark\" id=\"section_1096603172\">\n\t\t<div class=\"section-bg fill\" >\n\t\t\t\t\t\t\t\t\t<div class=\"section-bg-overlay absolute fill\"><\/div>\n\t\t\t\n\n\t\t<\/div>\n\n\t\t\n\n\t\t<div class=\"section-content relative\">\n\t\t\t\n\n<div class=\"row align-center\"  id=\"row-1678624815\">\n\n\n\t<div id=\"col-785712145\" class=\"col medium-8 small-10 large-7\"  >\n\t\t\t\t<div class=\"col-inner text-center\"  >\n\t\t\t\n\t\t\t\n\n<h2>Jetzt kontaktieren<\/h2>\n<p>Kontaktieren Sie mich noch heute f\u00fcr ein kostenloses Erstgespr\u00e4ch.<\/p>\n\n\t\t<\/div>\n\t\t\t\t\t<\/div>\n\n\t\n\n<\/div>\n\n\t\t<\/div>\n\n\t\t\n<style>\n#section_1096603172 {\n  padding-top: 100px;\n  padding-bottom: 100px;\n}\n#section_1096603172 .section-bg-overlay {\n  background-color: #3171ee;\n}\n<\/style>\n\t<\/section>\n\t\n<div class=\"row align-center\"  id=\"row-1453257937\">\n\n\n\t<div id=\"col-1691274077\" class=\"col medium-10 small-12 large-10\"  >\n\t\t\t\t<div class=\"col-inner box-shadow-2 box-shadow-3-hover\"  >\n\t\t\t\n\t\t\t\n\n<div class=\"row row-large\"  id=\"row-1825011105\">\n\n\n\t<div id=\"col-1692014993\" class=\"col small-12 large-12\"  >\n\t\t\t\t<div class=\"col-inner\"  >\n\t\t\t\n\t\t\t\n\n\n\n<iframe src='https:\/\/outlook.office.com\/book\/Booking@welaunch.io\/?ismsaljsauthenabled' width='100%' height='500px' scrolling='yes' style='border:0'><\/iframe>\n\n\n\t\t<\/div>\n\t\t\t\t\n<style>\n#col-1692014993 > .col-inner {\n  border-radius: 18px;\n}\n<\/style>\n\t<\/div>\n\n\t\n\n\n<\/div>\n\n\t\t<\/div>\n\t\t\t\t\n<style>\n#col-1691274077 > .col-inner {\n  margin: -150px 0px 0px 0px;\n  border-radius: 10px;\n}\n<\/style>\n\t<\/div>\n\n\t\n\n\n<style>\n#row-1453257937 > .col > .col-inner {\n  padding: 20px 20px 20px 20px;\n  background-color: rgb(255,255,255);\n}\n<\/style>\n<\/div>\r\n","protected":false},"excerpt":{"rendered":"","protected":false},"author":1,"featured_media":0,"parent":617,"menu_order":0,"comment_status":"closed","ping_status":"closed","template":"","meta":{"inline_featured_image":false,"footnotes":""},"class_list":["post-627","page","type-page","status-publish","hentry"],"_links":{"self":[{"href":"https:\/\/www.welaunch.io\/de\/wp-json\/wp\/v2\/pages\/627","targetHints":{"allow":["GET"]}}],"collection":[{"href":"https:\/\/www.welaunch.io\/de\/wp-json\/wp\/v2\/pages"}],"about":[{"href":"https:\/\/www.welaunch.io\/de\/wp-json\/wp\/v2\/types\/page"}],"author":[{"embeddable":true,"href":"https:\/\/www.welaunch.io\/de\/wp-json\/wp\/v2\/users\/1"}],"replies":[{"embeddable":true,"href":"https:\/\/www.welaunch.io\/de\/wp-json\/wp\/v2\/comments?post=627"}],"version-history":[{"count":10,"href":"https:\/\/www.welaunch.io\/de\/wp-json\/wp\/v2\/pages\/627\/revisions"}],"predecessor-version":[{"id":7337,"href":"https:\/\/www.welaunch.io\/de\/wp-json\/wp\/v2\/pages\/627\/revisions\/7337"}],"up":[{"embeddable":true,"href":"https:\/\/www.welaunch.io\/de\/wp-json\/wp\/v2\/pages\/617"}],"wp:attachment":[{"href":"https:\/\/www.welaunch.io\/de\/wp-json\/wp\/v2\/media?parent=627"}],"curies":[{"name":"wp","href":"https:\/\/api.w.org\/{rel}","templated":true}]}}