{"id":295,"date":"2017-03-07T10:17:07","date_gmt":"2017-03-07T09:17:07","guid":{"rendered":"https:\/\/www.welaunch.io\/de\/?page_id=295"},"modified":"2023-06-28T13:33:12","modified_gmt":"2023-06-28T11:33:12","slug":"impressum","status":"publish","type":"page","link":"https:\/\/www.welaunch.io\/de\/impressum\/","title":{"rendered":"Impressum"},"content":{"rendered":"\n\t<section class=\"section\" id=\"section_405097470\">\n\t\t<div class=\"section-bg fill\" >\n\t\t\t\t\t\t\t\t\t\n\t\t\t\n\n\t\t<\/div>\n\n\t\t\n\n\t\t<div class=\"section-content relative\">\n\t\t\t\n<div class=\"row\"  id=\"row-635196492\">\n\n\t<div id=\"col-713777458\" class=\"col small-12 large-12\"  >\n\t\t\t\t<div class=\"col-inner\"  >\n\t\t\t\n\t\t\t\n<h1>Impressum<\/h1>\n<h4>Informationen in \u00dcbereinstimmung mit Abschnitt 5 TMG<\/h4>\n<p>weLaunch<br \/>Am Biener Esch 8<br \/>49808 Lingen<br \/>Germany<\/p>\n<p><strong>USt-ID:<\/strong>\u00a0DE320741735<br \/><strong>Steuernummer:<\/strong>\u00a061\/102\/05552<\/p>\n<h4><strong>Contact<\/strong><\/h4>\n<p>E-Mail: <a href=\"mailto:in**@******ch.io\" data-original-string=\"NM1\/0GbFP1m\/HeE0GOSi2Q==e89ob3U7YeCUKXDPmAhUWnk758peYwnuCraSt\/boXIcfbQ=\" title=\"Dieser Kontakt wurde von Anti-Spam by CleanTalk verschl\u00fcsselt. Klicken Sie hier, um ihn zu entschl\u00fcsseln. Um die Entschl\u00fcsselung abzuschlie\u00dfen, stellen Sie sicher, dass JavaScript in Ihrem Browser aktiviert ist.\"><span \n                data-original-string='ytyTrmzNIk24wxr\/O2cX5g==e89v05qvjRdtYYjyL4sUdT97sHXMHBqZ33Ic6UzyYnLBeo='\n                class='apbct-email-encoder'\n                title='Dieser Kontakt wurde von Anti-Spam by CleanTalk verschl\u00fcsselt. Klicken Sie hier, um ihn zu entschl\u00fcsseln. Um die Entschl\u00fcsselung abzuschlie\u00dfen, stellen Sie sicher, dass JavaScript in Ihrem Browser aktiviert ist.'>in<span class=\"apbct-blur\">**<\/span>@<span class=\"apbct-blur\">******<\/span>ch.io<\/span><\/a><br \/>Website: <a href=\"https:\/\/www.welaunch.io\" target=\"_blank\" rel=\"noopener noreferrer\">https:\/\/www.welaunch.io<\/a><\/p>\n<h2>Haftungsausschluss<\/h2>\n<p>Accountability for content<br \/>The contents of our pages have been created with the utmost care. However, we cannot guarantee the contents&#8217; accuracy, completeness or topicality. According to statutory provisions, we are furthermore responsible for our own content on these web pages. In this context, please note that we are accordingly not obliged to monitor merely the transmitted or saved information of third parties, or investigate circumstances pointing to illegal activity. Our obligations to remove or block the use of information under generally applicable laws remain unaffected by this as per \u00a7\u00a7 8 to 10 of the Telemedia Act (TMG).<\/p>\n<p>Accountability for links<br \/>Responsibility for the content of external links (to web pages of third parties) lies solely with the operators of the linked pages. No violations were evident to us at the time of linking. Should any legal infringement become known to us, we will remove the respective link immediately.<\/p>\n<p>Copyright<br \/>Our web pages and their contents are subject to German copyright law. Unless expressly permitted by law (\u00a7 44a et seq. of the copyright law), every form of utilizing, reproducing or processing works subject to copyright protection on our web pages requires the prior consent of the respective owner of the rights. Individual reproductions of a work are allowed only for private use, so must not serve either directly or indirectly for earnings. Unauthorized utilization of copyrighted works is punishable (\u00a7 106 of the copyright law).<\/p>\n\t\t<\/div>\n\t\t\t\t\t<\/div>\n\n\t\n<\/div>\n\t\t<\/div>\n\n\t\t\n<style>\n#section_405097470 {\n  padding-top: 30px;\n  padding-bottom: 30px;\n}\n<\/style>\n\t<\/section>\n\t\n","protected":false},"excerpt":{"rendered":"","protected":false},"author":1,"featured_media":0,"parent":0,"menu_order":0,"comment_status":"closed","ping_status":"closed","template":"","meta":{"inline_featured_image":false,"footnotes":""},"class_list":["post-295","page","type-page","status-publish","hentry"],"_links":{"self":[{"href":"https:\/\/www.welaunch.io\/de\/wp-json\/wp\/v2\/pages\/295","targetHints":{"allow":["GET"]}}],"collection":[{"href":"https:\/\/www.welaunch.io\/de\/wp-json\/wp\/v2\/pages"}],"about":[{"href":"https:\/\/www.welaunch.io\/de\/wp-json\/wp\/v2\/types\/page"}],"author":[{"embeddable":true,"href":"https:\/\/www.welaunch.io\/de\/wp-json\/wp\/v2\/users\/1"}],"replies":[{"embeddable":true,"href":"https:\/\/www.welaunch.io\/de\/wp-json\/wp\/v2\/comments?post=295"}],"version-history":[{"count":10,"href":"https:\/\/www.welaunch.io\/de\/wp-json\/wp\/v2\/pages\/295\/revisions"}],"predecessor-version":[{"id":7005,"href":"https:\/\/www.welaunch.io\/de\/wp-json\/wp\/v2\/pages\/295\/revisions\/7005"}],"wp:attachment":[{"href":"https:\/\/www.welaunch.io\/de\/wp-json\/wp\/v2\/media?parent=295"}],"curies":[{"name":"wp","href":"https:\/\/api.w.org\/{rel}","templated":true}]}}