{"id":14,"date":"2017-03-06T11:59:57","date_gmt":"2017-03-06T10:59:57","guid":{"rendered":"https:\/\/www.welaunch.io\/de\/?page_id=14"},"modified":"2021-01-06T08:12:36","modified_gmt":"2021-01-06T07:12:36","slug":"ueber","status":"publish","type":"page","link":"https:\/\/www.welaunch.io\/de\/ueber\/","title":{"rendered":"\u00dcber unsere Marketingagentur"},"content":{"rendered":"\n\t<section class=\"section dark has-scroll-for-more\" id=\"section_1840949080\">\n\t\t<div class=\"section-bg fill\" >\n\t\t\t\t\t\t\t\t\t<div class=\"section-bg-overlay absolute fill\"><\/div><button class=\"scroll-for-more z-5 icon absolute bottom h-center\" aria-label=\"Scrollen f\u00fcr mehr\"><i class=\"icon-angle-down\" aria-hidden=\"true\" style=\"font-size:42px;\"><\/i><\/button>\n\t\t\t\n\n\t\t<\/div>\n\n\t\t\n\n\t\t<div class=\"section-content relative\">\n\t\t\t\n<div class=\"row\"  id=\"row-1073245153\">\n\n\t<div id=\"col-1457245296\" class=\"col medium-12 small-12 large-6\"  >\n\t\t\t\t<div class=\"col-inner\"  >\n\t\t\t\n\t\t\t\n<h1>Digitale Projekte seit 2014<\/h1>\n<p>Erfahrung ist was uns ausmacht. Seit 2014 konzentrieren wir uns darauf, die digitale Strategie unserer Kunden stetig zu verbessern. In diesen Jahren haben wir viel gelernt &#8211; so viel, dass wir Ihnen helfen k\u00f6nnen, die gleichen Fehler zu vermeiden, um Zeit und Geld zu sparen.<\/p>\n\t\t<\/div>\n\t\t\t\t\t<\/div>\n\n\t\n<\/div>\n\t\t<\/div>\n\n\t\t\n<style>\n#section_1840949080 {\n  padding-top: 100px;\n  padding-bottom: 100px;\n}\n#section_1840949080 .section-bg-overlay {\n  background-color: #3171ee;\n}\n@media (min-width:550px) {\n  #section_1840949080 {\n    padding-top: 140px;\n    padding-bottom: 140px;\n  }\n}\n@media (min-width:850px) {\n  #section_1840949080 {\n    padding-top: 180px;\n    padding-bottom: 180px;\n  }\n}\n<\/style>\n\t<\/section>\n\t\n\n\t<section class=\"section\" id=\"section_1012954895\">\n\t\t<div class=\"section-bg fill\" >\n\t\t\t\t\t\t\t\t\t\n\t\t\t\n\n\t\t<\/div>\n\n\t\t\n\n\t\t<div class=\"section-content relative\">\n\t\t\t\n<div class=\"row row-solid\"  id=\"row-64892680\">\n\n\t<div id=\"col-561196857\" class=\"col medium-4 small-12 large-4\"  >\n\t\t\t\t<div class=\"col-inner text-center\"  >\n\t\t\t\n\t\t\t\n<a href=\"#introduction\" class=\"button primary is-link\" >\n\t\t<span>Einf\u00fchrung<\/span>\n\t<\/a>\n\n\t\t<\/div>\n\t\t\t\t\t<\/div>\n\n\t\n\n\t<div id=\"col-1044970982\" class=\"col medium-4 small-12 large-4\"  >\n\t\t\t\t<div class=\"col-inner text-center\"  >\n\t\t\t\n\t\t\t\n<a href=\"#services\" class=\"button primary is-link\" >\n\t\t<span>Dienstleistungen<\/span>\n\t<\/a>\n\n\t\t<\/div>\n\t\t\t\t\t<\/div>\n\n\t\n\n\t<div id=\"col-2113445023\" class=\"col medium-4 small-12 large-4\"  >\n\t\t\t\t<div class=\"col-inner text-center\"  >\n\t\t\t\n\t\t\t\n<a href=\"#testimonials\" class=\"button primary is-link\" >\n\t\t<span>Dienstleistungen<\/span>\n\t<\/a>\n\n\t\t<\/div>\n\t\t\t\t\t<\/div>\n\n\t\n\n<style>\n#row-64892680 > .col > .col-inner {\n  padding: 10px 0px 0px 0px;\n}\n<\/style>\n<\/div>\n\t\t<\/div>\n\n\t\t\n<style>\n#section_1012954895 {\n  padding-top: 30px;\n  padding-bottom: 30px;\n}\n<\/style>\n\t<\/section>\n\t\n\n\t<section class=\"section\" id=\"section_899547303\">\n\t\t<div class=\"section-bg fill\" >\n\t\t\t\t\t\t\t\t\t\n\t\t\t\n\n\t\t<\/div>\n\n\t\t\n\n\t\t<div class=\"section-content relative\">\n\t\t\t\n<div class=\"row\"  id=\"row-1119741676\">\n\n\t<div id=\"col-66265882\" class=\"col small-12 large-12\"  >\n\t\t\t\t<div class=\"col-inner\"  >\n\t\t\t\n\t\t\t\n<div class=\"is-divider divider clearfix\" style=\"max-width:50px;height:2px;background-color:rgb(49, 113, 238);\"><\/div>\n<span class=\"scroll-to\" data-label=\"Scroll to: #introduction\" data-bullet=\"false\" data-link=\"#introduction\" data-title=\"introduction\"><a name=\"introduction\"><\/a><\/span>\n<h2>We are a Design-Driven <br \/>Digital Marketing Agency<\/h2>\n\t\t<\/div>\n\t\t\t\t\t<\/div>\n\n\t\n<\/div>\n<div class=\"row align-right\"  id=\"row-1669085512\">\n\n\t<div id=\"col-145256637\" class=\"col medium-6 small-12 large-6\"  >\n\t\t\t\t<div class=\"col-inner\"  >\n\t\t\t\n\t\t\t\n<p>&quot;Ihr Online-Gesch\u00e4ft ankurbeln&quot; &#8211; das ist unser Hauptziel. Die ganze Zeit. Ganz gleich, ob Sie ein Restaurant sind, das nach mehr Besuchern sucht, oder einen Online-Shop besitzen, der seine Ums\u00e4tze steigern m\u00f6chte. Wir sind der Partner, um Ihr Gesch\u00e4ft durch digitale Technologien anzukurbeln.<\/p>\n\t\t<\/div>\n\t\t\t\t\t<\/div>\n\n\t\n\n\t<div id=\"col-749633706\" class=\"col medium-6 small-12 large-6\"  >\n\t\t\t\t<div class=\"col-inner text-center\"  >\n\t\t\t\n\t\t\t\n<p><img decoding=\"async\" style=\"margin-right: 5px;\" title=\"Author Level 9\" src=\"https:\/\/www.welaunch.io\/de\/wp-content\/uploads\/sites\/8\/2020\/06\/Weekly-Top-Seller.svg\" alt=\"Author Level 9\" width=\"50px\" \/><img decoding=\"async\" style=\"margin-right: 5px;\" title=\"Weekly Top Seller\" src=\"https:\/\/www.welaunch.io\/de\/wp-content\/uploads\/sites\/8\/2020\/06\/Had-trendsetting-item.svg\" alt=\"Weekly Top Seller\" width=\"50px\" \/><img decoding=\"async\" style=\"margin-right: 5px;\" title=\"Had trendsetting item\" src=\"https:\/\/www.welaunch.io\/de\/wp-content\/uploads\/sites\/8\/2020\/06\/Monthly-Top-Author.svg\" alt=\"Had trendsetting item\" width=\"50px\" \/><img decoding=\"async\" style=\"margin-right: 5px;\" title=\"Monthly Top Author\" src=\"https:\/\/www.welaunch.io\/de\/wp-content\/uploads\/sites\/8\/2020\/06\/German-Quality.svg\" alt=\"Monthly Top Author\" width=\"50px\" \/><img decoding=\"async\" style=\"margin-right: 5px;\" title=\"German Quality\" src=\"https:\/\/www.welaunch.io\/de\/wp-content\/uploads\/sites\/8\/2020\/06\/Featured-Author.svg\" alt=\"German Quality\" width=\"50px\" \/><img decoding=\"async\" style=\"margin-right: 5px;\" title=\"Featured Author\" src=\"https:\/\/www.welaunch.io\/de\/wp-content\/uploads\/sites\/8\/2020\/06\/Exclusive-Author.svg\" alt=\"Featured Author\" width=\"50px\" \/><img decoding=\"async\" style=\"margin-right: 5px;\" title=\"Exclusive Author\" src=\"https:\/\/www.welaunch.io\/de\/wp-content\/uploads\/sites\/8\/2020\/06\/Envato-Elite-Author.svg\" alt=\"Exclusive Author\" width=\"50px\" \/><img decoding=\"async\" style=\"margin-right: 5px;\" title=\"Envato Elite Author\" src=\"https:\/\/www.welaunch.io\/de\/wp-content\/uploads\/sites\/8\/2020\/06\/Author-Level-9.svg\" alt=\"Envato Elite Author\" width=\"50px\" \/><\/p>\n<a href=\"https:\/\/codecanyon.net\/user\/welaunch\/portfolio\" target=\"_blank\" class=\"button primary is-link is-smaller\" rel=\"noopener\">\n\t\t<span>Besuchen Sie unser CodeCanyon Portfolio<\/span>\n\t<\/a>\n\n\t\t<\/div>\n\t\t\t\t\t<\/div>\n\n\t\n<\/div>\n\t\t<\/div>\n\n\t\t\n<style>\n#section_899547303 {\n  padding-top: 0px;\n  padding-bottom: 0px;\n}\n<\/style>\n\t<\/section>\n\t\n\n\t<section class=\"section has-scroll-for-more\" id=\"section_586325797\">\n\t\t<div class=\"section-bg fill\" >\n\t\t\t\t\t\t\t\t\t<button class=\"scroll-for-more z-5 icon absolute bottom h-center\" aria-label=\"Scrollen f\u00fcr mehr\"><i class=\"icon-angle-down\" aria-hidden=\"true\" style=\"font-size:42px;\"><\/i><\/button>\n\t\t\t\n\n\t\t<\/div>\n\n\t\t\n\n\t\t<div class=\"section-content relative\">\n\t\t\t\n<div class=\"row row-solid\"  id=\"row-1394177036\">\n\n\t<div id=\"col-1395532973\" class=\"col medium-4 small-12 large-4\"  >\n\t\t\t\t<div class=\"col-inner text-center\"  >\n\t\t\t\n\t\t\t\n<h2 style=\"font-size: 200%;margin-bottom:0;\">+40<\/h2>\n<p>Entwickelte Websites<br \/><span style=\"font-size: 75%;\">(und \u00fcber 30 gl\u00fcckliche Kunden)<\/span><\/p>\n\t\t<\/div>\n\t\t\t\t\t<\/div>\n\n\t\n\n\t<div id=\"col-766550786\" class=\"col medium-4 small-12 large-4\"  >\n\t\t\t\t<div class=\"col-inner text-center\"  >\n\t\t\t\n\t\t\t\n<h2 style=\"font-size: 200%;margin-bottom:0;\">+14.000<\/h2>\n<p>Verkaufte Plugins<br \/><span style=\"font-size: 75%;\">(basierend auf 38 Plugins auf CodeCanyon)<\/span><\/p>\n\t\t<\/div>\n\t\t\t\t\t<\/div>\n\n\t\n\n\t<div id=\"col-167440075\" class=\"col medium-4 small-12 large-4\"  >\n\t\t\t\t<div class=\"col-inner text-center\"  >\n\t\t\t\n\t\t\t\n<h2 style=\"font-size: 200%;margin-bottom:0;\">4.84\/5<\/h2>\n<p>Durchschnittliche Bewertung <br \/><span style=\"font-size: 75%;\">(basierend auf 398 Bewertungen)<\/span><\/p>\n\t\t<\/div>\n\t\t\t\t\t<\/div>\n\n\t\n<\/div>\n\t\t<\/div>\n\n\t\t\n<style>\n#section_586325797 {\n  padding-top: 60px;\n  padding-bottom: 60px;\n}\n<\/style>\n\t<\/section>\n\t\n\n\t<section class=\"section dark\" id=\"section_1398444231\">\n\t\t<div class=\"section-bg fill\" >\n\t\t\t\t\t\t\t\t\t<div class=\"section-bg-overlay absolute fill\"><\/div>\n\t\t\t\n\n\t\t<\/div>\n\n\t\t\n\n\t\t<div class=\"section-content relative\">\n\t\t\t\n<div class=\"row\"  id=\"row-1728344862\">\n\n\t<div id=\"col-237750210\" class=\"col small-12 large-12\"  >\n\t\t\t\t<div class=\"col-inner text-left\"  >\n\t\t\t\n\t\t\t\n<span class=\"scroll-to\" data-label=\"Scroll to: #services\" data-bullet=\"false\" data-link=\"#services\" data-title=\"services\"><a name=\"services\"><\/a><\/span>\n<div class=\"is-divider divider clearfix\" style=\"max-width:50px;height:2px;background-color:rgb(255, 255, 255);\"><\/div>\n<h2>Was wir tun<\/h2>\n\t\t<\/div>\n\t\t\t\t\t<\/div>\n\n\t\n<\/div>\n<div class=\"row\"  id=\"row-1375333368\">\n\n\t<div id=\"col-893292162\" class=\"col medium-6 small-12 large-6\"  >\n\t\t\t\t<div class=\"col-inner\"  >\n\t\t\t\n\t\t\t\n<div class=\"container section-title-container\" style=\"margin-top:5px;margin-bottom:5px;\"><h3 class=\"section-title section-title-normal\"><b aria-hidden=\"true\"><\/b><span class=\"section-title-main\" style=\"font-size:80%;color:rgb(247, 247, 247);\">01 \u2013 Digital Dienstleistungen<\/span><b aria-hidden=\"true\"><\/b><\/h3><\/div>\n<p>Ein Webshop ohne Traffic &amp; Verk\u00e4ufe ist nutzlos. Wir k\u00fcmmern uns um Ihre digitale Werbestrategie. Zusammen mit Google Ads (SEA), Social Media Marketing Facebook &amp; Instagram.<\/p>\n<a href=\"https:\/\/www.welaunch.io\/de\/services\/\" class=\"button white is-link\">\n\t\t<span>Explore Dienstleistungen<\/span>\n\t<\/a>\n\n\t\t<\/div>\n\t\t\t\t\t<\/div>\n\n\t\n\n\t<div id=\"col-1965618467\" class=\"col medium-12 small-12 large-6\"  >\n\t\t\t\t<div class=\"col-inner\"  >\n\t\t\t\n\t\t\t\n<div class=\"container section-title-container\" style=\"margin-top:5px;margin-bottom:5px;\"><h3 class=\"section-title section-title-normal\"><b aria-hidden=\"true\"><\/b><span class=\"section-title-main\" style=\"font-size:80%;color:rgb(247, 247, 247);\">02 \u2013 WP &amp; WooCommerce Plugins<\/span><b aria-hidden=\"true\"><\/b><\/h3><\/div>\n<p>Seit mehr als 10 Jahren erstellen wir mit Leidenschaft WordPress &amp; WooCommerce Plugins &amp; Websites. Unser Portfolio umfasst mehr als 20 WooCommerce- und mehr als 10 WordPress-Plugins.<\/p>\n<a href=\"https:\/\/www.welaunch.io\/de\/shop\/plugins\/\" class=\"button white is-link\">\n\t\t<span>Plugins erforschen<\/span>\n\t<\/a>\n\n\t\t<\/div>\n\t\t\t\t\t<\/div>\n\n\t\n<\/div>\n\t\t<\/div>\n\n\t\t\n<style>\n#section_1398444231 {\n  padding-top: 80px;\n  padding-bottom: 80px;\n  background-color: rgb(247, 245, 244);\n}\n#section_1398444231 .section-bg-overlay {\n  background-color: #3171ee;\n}\n<\/style>\n\t<\/section>\n\t\n\n\t<section class=\"section\" id=\"section_1623354872\">\n\t\t<div class=\"section-bg fill\" >\n\t\t\t\t\t\t\t\t\t\n\t\t\t\n\n\t\t<\/div>\n\n\t\t\n\n\t\t<div class=\"section-content relative\">\n\t\t\t\n<div class=\"row\"  id=\"row-1382962206\">\n\n\t<div id=\"col-2106017857\" class=\"col small-12 large-12\"  >\n\t\t\t\t<div class=\"col-inner\"  >\n\t\t\t\n\t\t\t\n<div class=\"is-divider divider clearfix\" style=\"max-width:50px;height:2px;background-color:rgb(49, 113, 238);\"><\/div>\n<span class=\"scroll-to\" data-label=\"Scroll to: #services\" data-bullet=\"false\" data-link=\"#services\" data-title=\"services\"><a name=\"services\"><\/a><\/span>\n<h2>Kunden-Feedback<\/h2>\n\t\t<\/div>\n\t\t\t\t\t<\/div>\n\n\t\n<\/div>\n\t<div id=\"gap-495800393\" class=\"gap-element clearfix\" style=\"display:block; height:auto;\">\n\t\t\n<style>\n#gap-495800393 {\n  padding-top: 60px;\n}\n<\/style>\n\t<\/div>\n\t\n<div class=\"row align-center\"  id=\"row-1641194526\">\n\n\t<div id=\"col-1691682385\" class=\"col medium-4 small-12 large-4\"  >\n\t\t\t\t<div class=\"col-inner\" style=\"background-color:rgb(255, 255, 255);\" >\n\t\t\t\n\t\t\t\n  <div class=\"icon-box testimonial-box icon-box-center text-center\">\n                <div class=\"icon-box-img testimonial-image circle\" style=\"width: 80px\">\n              <img loading=\"lazy\" decoding=\"async\" width=\"150\" height=\"150\" src=\"https:\/\/www.welaunch.io\/de\/wp-content\/uploads\/sites\/11\/2020\/06\/Pingel_Kalle_-8321r_web-800x534-1-150x150.jpg\" class=\"attachment-thumbnail size-thumbnail\" alt=\"Kalle Pingel - funeral service Lingen\" srcset=\"https:\/\/www.welaunch.io\/de\/wp-content\/uploads\/sites\/11\/2020\/06\/Pingel_Kalle_-8321r_web-800x534-1-150x150.jpg 150w, https:\/\/www.welaunch.io\/de\/wp-content\/uploads\/sites\/11\/2020\/06\/Pingel_Kalle_-8321r_web-800x534-1-100x100.jpg 100w\" sizes=\"auto, (max-width: 150px) 100vw, 150px\" \/>        <\/div>\n                <div class=\"icon-box-text p-last-0\">\n          <div class=\"star-rating\" role=\"img\" aria-label=\"Rated 5 out of 5\"><span style=\"width:100%\"><strong class=\"rating\"><\/strong><\/span><\/div>  \t\t\t\t<div class=\"testimonial-text line-height-small italic test_text first-reset last-reset is-italic\">\n            \n<h3>Eine Agentur, auf die Sie sich verlassen k\u00f6nnen<\/h3>\n<p>Wir als Bestattungsunternehmen haben eine langfristige Beziehung zu weLaunch. F\u00fcr uns ist weLaunch eine Marketingagentur, der Sie vertrauen und auf die Sie sich verlassen k\u00f6nnen.<\/p>\n<h5>Karl-Hermann Pingel &#8211; Beerdigung Pingel<\/h5>\n          <\/div>\n          <div class=\"testimonial-meta pt-half\">\n             <strong class=\"testimonial-name test_name\"><\/strong>\n                          <span class=\"testimonial-company test_company\"><\/span>\n          <\/div>\n        <\/div>\n  <\/div>\n\n  \n\t\t<\/div>\n\t\t\t\t\t<\/div>\n\n\t\n\n\t<div id=\"col-1953579386\" class=\"col medium-4 small-12 large-4\"  >\n\t\t\t\t<div class=\"col-inner\" style=\"background-color:rgb(255, 255, 255);\" >\n\t\t\t\n\t\t\t\n  <div class=\"icon-box testimonial-box icon-box-center text-center\">\n                <div class=\"icon-box-img testimonial-image circle\" style=\"width: 80px\">\n              <img loading=\"lazy\" decoding=\"async\" width=\"150\" height=\"150\" src=\"https:\/\/www.welaunch.io\/de\/wp-content\/uploads\/sites\/11\/2020\/06\/17426144_10155017563383257_8343296751971916844_n-150x150.jpg\" class=\"attachment-thumbnail size-thumbnail\" alt=\"Rainer Appel\" srcset=\"https:\/\/www.welaunch.io\/de\/wp-content\/uploads\/sites\/11\/2020\/06\/17426144_10155017563383257_8343296751971916844_n-150x150.jpg 150w, https:\/\/www.welaunch.io\/de\/wp-content\/uploads\/sites\/11\/2020\/06\/17426144_10155017563383257_8343296751971916844_n-100x100.jpg 100w, https:\/\/www.welaunch.io\/de\/wp-content\/uploads\/sites\/11\/2020\/06\/17426144_10155017563383257_8343296751971916844_n-300x300.jpg 300w, https:\/\/www.welaunch.io\/de\/wp-content\/uploads\/sites\/11\/2020\/06\/17426144_10155017563383257_8343296751971916844_n-200x200.jpg 200w, https:\/\/www.welaunch.io\/de\/wp-content\/uploads\/sites\/11\/2020\/06\/17426144_10155017563383257_8343296751971916844_n.jpg 320w\" sizes=\"auto, (max-width: 150px) 100vw, 150px\" \/>        <\/div>\n                <div class=\"icon-box-text p-last-0\">\n          <div class=\"star-rating\" role=\"img\" aria-label=\"Rated 5 out of 5\"><span style=\"width:100%\"><strong class=\"rating\"><\/strong><\/span><\/div>  \t\t\t\t<div class=\"testimonial-text line-height-small italic test_text first-reset last-reset is-italic\">\n            \n<h3>Professionelle Webshop-Unterst\u00fctzung<\/h3>\n<p>Unser WooCommerce-Onlineshop sindibaba wird seit einigen Jahren von weLaunch unterst\u00fctzt. Seitdem hatten wir im Mai 2020 den besten B2C-Verkaufsmonat aller Zeiten.<\/p>\n<h5>Rainer Appel &#8211; Sindibaba<\/h5>\n          <\/div>\n          <div class=\"testimonial-meta pt-half\">\n             <strong class=\"testimonial-name test_name\"><\/strong>\n                          <span class=\"testimonial-company test_company\"><\/span>\n          <\/div>\n        <\/div>\n  <\/div>\n\n  \n\t\t<\/div>\n\t\t\t\t\t<\/div>\n\n\t\n\n\t<div id=\"col-1324372604\" class=\"col medium-4 small-12 large-4\"  >\n\t\t\t\t<div class=\"col-inner\" style=\"background-color:rgb(255, 255, 255);\" >\n\t\t\t\n\t\t\t\n  <div class=\"icon-box testimonial-box icon-box-center text-center\">\n                <div class=\"icon-box-img testimonial-image circle\" style=\"width: 80px\">\n              <img loading=\"lazy\" decoding=\"async\" width=\"150\" height=\"150\" src=\"https:\/\/www.welaunch.io\/de\/wp-content\/uploads\/sites\/11\/2020\/07\/Melanie-Moxhet-150x150.jpg\" class=\"attachment-thumbnail size-thumbnail\" alt=\"Melanie Moxhet\" srcset=\"https:\/\/www.welaunch.io\/de\/wp-content\/uploads\/sites\/11\/2020\/07\/Melanie-Moxhet-150x150.jpg 150w, https:\/\/www.welaunch.io\/de\/wp-content\/uploads\/sites\/11\/2020\/07\/Melanie-Moxhet-100x100.jpg 100w, https:\/\/www.welaunch.io\/de\/wp-content\/uploads\/sites\/11\/2020\/07\/Melanie-Moxhet.jpg 200w\" sizes=\"auto, (max-width: 150px) 100vw, 150px\" \/>        <\/div>\n                <div class=\"icon-box-text p-last-0\">\n          <div class=\"star-rating\" role=\"img\" aria-label=\"Rated 5 out of 5\"><span style=\"width:100%\"><strong class=\"rating\"><\/strong><\/span><\/div>  \t\t\t\t<div class=\"testimonial-text line-height-small italic test_text first-reset last-reset is-italic\">\n            \n<h3>WordPress-Meister<\/h3>\n<p>Es war eine Freude, mit weLaunch bei der Neugestaltung unserer Website von B Medical Systems zusammenzuarbeiten. Harte Diskussionen, aber immer eine L\u00f6sung gefunden.<\/p>\n<h5>Melanie Moxhet &#8211; B Medizinische Systeme<\/h5>\n          <\/div>\n          <div class=\"testimonial-meta pt-half\">\n             <strong class=\"testimonial-name test_name\"><\/strong>\n                          <span class=\"testimonial-company test_company\"><\/span>\n          <\/div>\n        <\/div>\n  <\/div>\n\n  \n\t\t<\/div>\n\t\t\t\t\t<\/div>\n\n\t\n\n\t<div id=\"col-456683240\" class=\"col \/en\/portfolio\/ small-12 large-12\"  >\n\t\t\t\t<div class=\"col-inner text-center\"  >\n\t\t\t\n\t\t\t\n<a href=\"https:\/\/www.welaunch.io\/de\/portfolio\/\" class=\"button primary is-link\">\n\t\t<span>Portfolio erforschen<\/span>\n\t<\/a>\n\n\t\t<\/div>\n\t\t\t\t\t<\/div>\n\n\t\n<\/div>\n\t\t<\/div>\n\n\t\t\n<style>\n#section_1623354872 {\n  padding-top: 80px;\n  padding-bottom: 80px;\n}\n<\/style>\n\t<\/section>\n\t\n\n\t<section class=\"section dark\" id=\"section_1210785518\">\n\t\t<div class=\"section-bg fill\" >\n\t\t\t\t\t\t\t\t\t<div class=\"section-bg-overlay absolute fill\"><\/div>\n\t\t\t\n\n\t\t<\/div>\n\n\t\t\n\n\t\t<div class=\"section-content relative\">\n\t\t\t\n<div class=\"row row-collapse align-center\"  id=\"row-1233208819\">\n\n\t<div id=\"col-506189054\" class=\"col medium-7 small-10 large-10\"  >\n\t\t\t\t<div class=\"col-inner text-center\"  >\n\t\t\t\n\t\t\t\n<h2 style=\"font-size: 400%; line-height: 130%;\">Unsere MISSION ist es, Ihre Online Sales zu steigern<\/h2>\n\t\t<\/div>\n\t\t\t\t\t<\/div>\n\n\t\n<\/div>\n\t\t<\/div>\n\n\t\t\n<style>\n#section_1210785518 {\n  padding-top: 80px;\n  padding-bottom: 80px;\n  background-color: rgb(247, 245, 244);\n}\n#section_1210785518 .section-bg-overlay {\n  background-color: #3171ee;\n}\n<\/style>\n\t<\/section>\n\t\n","protected":false},"excerpt":{"rendered":"","protected":false},"author":1,"featured_media":0,"parent":0,"menu_order":0,"comment_status":"closed","ping_status":"closed","template":"","meta":{"inline_featured_image":false,"footnotes":""},"class_list":["post-14","page","type-page","status-publish","hentry"],"_links":{"self":[{"href":"https:\/\/www.welaunch.io\/de\/wp-json\/wp\/v2\/pages\/14","targetHints":{"allow":["GET"]}}],"collection":[{"href":"https:\/\/www.welaunch.io\/de\/wp-json\/wp\/v2\/pages"}],"about":[{"href":"https:\/\/www.welaunch.io\/de\/wp-json\/wp\/v2\/types\/page"}],"author":[{"embeddable":true,"href":"https:\/\/www.welaunch.io\/de\/wp-json\/wp\/v2\/users\/1"}],"replies":[{"embeddable":true,"href":"https:\/\/www.welaunch.io\/de\/wp-json\/wp\/v2\/comments?post=14"}],"version-history":[{"count":11,"href":"https:\/\/www.welaunch.io\/de\/wp-json\/wp\/v2\/pages\/14\/revisions"}],"predecessor-version":[{"id":6158,"href":"https:\/\/www.welaunch.io\/de\/wp-json\/wp\/v2\/pages\/14\/revisions\/6158"}],"wp:attachment":[{"href":"https:\/\/www.welaunch.io\/de\/wp-json\/wp\/v2\/media?parent=14"}],"curies":[{"name":"wp","href":"https:\/\/api.w.org\/{rel}","templated":true}]}}