{"id":13,"date":"2017-03-06T11:59:42","date_gmt":"2017-03-06T10:59:42","guid":{"rendered":"https:\/\/www.welaunch.io\/de\/?page_id=13"},"modified":"2023-11-21T18:40:17","modified_gmt":"2023-11-21T17:40:17","slug":"kontakt","status":"publish","type":"page","link":"https:\/\/www.welaunch.io\/de\/kontakt\/","title":{"rendered":"Kontakt"},"content":{"rendered":"\n\t<section class=\"section dark has-scroll-for-more\" id=\"section_1937095133\">\n\t\t<div class=\"section-bg fill\" >\n\t\t\t\t\t\t\t\t\t<button class=\"scroll-for-more z-5 icon absolute bottom h-center\" aria-label=\"Scrollen f\u00fcr mehr\"><i class=\"icon-angle-down\" aria-hidden=\"true\" style=\"font-size:42px;\"><\/i><\/button>\n\t\t\t\n\n\t\t<\/div>\n\n\t\t\n\n\t\t<div class=\"section-content relative\">\n\t\t\t\n<div class=\"row\"  id=\"row-1817167068\">\n\n\t<div id=\"col-1579466898\" class=\"col medium-12 small-12 large-6\"  >\n\t\t\t\t<div class=\"col-inner\"  >\n\t\t\t\n\t\t\t\n<h1>Lassen Sie<br \/>\nuns reden<\/h1>\n<p>Fantastisch! Sie wollen also mit uns \u00fcber Ihr n\u00e4chstes gro\u00dfes Ding sprechen? Dann lassen Sie uns heute noch anfangen und kontaktieren Sie uns, damit Ihr Projekt zum Erfolg wird.<\/p>\n\t\t<\/div>\n\t\t\t\t\t<\/div>\n\n\t\n<\/div>\n\t\t<\/div>\n\n\t\t\n<style>\n#section_1937095133 {\n  padding-top: 100px;\n  padding-bottom: 100px;\n  min-height: 90%;\n  background-color: rgb(49, 113, 238);\n}\n@media (min-width:550px) {\n  #section_1937095133 {\n    padding-top: 140px;\n    padding-bottom: 140px;\n  }\n}\n@media (min-width:850px) {\n  #section_1937095133 {\n    padding-top: 210px;\n    padding-bottom: 210px;\n  }\n}\n<\/style>\n\t<\/section>\n\t\n\n\t<section class=\"section\" id=\"section_456382878\">\n\t\t<div class=\"section-bg fill\" >\n\t\t\t\t\t\t\t\t\t\n\t\t\t\n\n\t\t<\/div>\n\n\t\t\n\n\t\t<div class=\"section-content relative\">\n\t\t\t\n<div class=\"row\"  id=\"row-132111119\">\n\n\t<div id=\"col-2086859633\" class=\"col small-12 large-12\"  >\n\t\t\t\t<div class=\"col-inner text-left\"  >\n\t\t\t\n\t\t\t\n<div class=\"is-divider divider clearfix\" style=\"max-width:50px;height:2px;background-color:rgb(255, 255, 255);\"><\/div>\n<div class=\"is-divider divider clearfix\" style=\"max-width:50px;height:2px;background-color:rgb(49, 113, 238);\"><\/div>\n<h2>Wo ben\u00f6tigen Sie Unterst\u00fctzung?<\/h2>\n\t\t<\/div>\n\t\t\t\t\t<\/div>\n\n\t\n<\/div>\n<div class=\"row\"  id=\"row-423038305\">\n\n\t<div id=\"col-906507628\" class=\"col medium-12 small-12 large-6\"  >\n\t\t\t\t<div class=\"col-inner\"  >\n\t\t\t\n\t\t\t\n<span class=\"scroll-to\" data-label=\"Scroll to: #new-ticket\" data-bullet=\"false\" data-link=\"#new-ticket\" data-title=\"New Ticket\"><a name=\"new-ticket\"><\/a><\/span>\n<div class=\"container section-title-container\" style=\"margin-top:5px;margin-bottom:5px;\"><h3 class=\"section-title section-title-normal\"><b aria-hidden=\"true\"><\/b><span class=\"section-title-main\" style=\"font-size:80%;\">Plugin-Unterst\u00fctzung<\/span><b aria-hidden=\"true\"><\/b><\/h3><\/div>\n<p>Bitte stellen Sie sicher, dass Sie unsere <a href=\"https:\/\/www.welaunch.io\/de\/wissensdatenbank\/\">Dokumentation &amp; FAQs<\/a> durchgesehen haben, bevor Sie ein Plugin-Support-Ticket einreichen.<\/p>\n\t<div id=\"gap-1706330205\" class=\"gap-element clearfix\" style=\"display:block; height:auto;\">\n\t\t\n<style>\n#gap-1706330205 {\n  padding-top: 30px;\n}\n<\/style>\n\t<\/div>\n\t\n<div class=\"wordpress-helpdesk\"><div class=\"wordpress-helpdesk-row\">                <div class=\"wordpress-helpdesk-col-sm-4 wordpress-helpdesk-sidebar\">\n                    <li id=\"text-4\" class=\"widget widget_text\">\t\t\t<div class=\"textwidget\">\n<\/div>\n\t\t<\/li><li id=\"faq_topics-2\" class=\"widget widget_faq_topics\"><h2 class=\"widgettitle\">Themen<\/h2><ul class=\"wordpress-helpdesk-topic-list wordpress-helpdesk-faq-list\"><li><a href=\"https:\/\/www.welaunch.io\/de\/wissensdatenbank\/topics\/allgemein\/\"><i class=\"fa fa-question fa-4x wordpress-helpdesk-faq-topic-icon\" aria-hidden=\"true\"><\/i>Allgemein<\/a><\/li><li><a href=\"https:\/\/www.welaunch.io\/de\/wissensdatenbank\/topics\/cf7\/\"><i class=\"fa fa-envelope fa-4x wordpress-helpdesk-faq-topic-icon\" aria-hidden=\"true\"><\/i>Contact Form 7 Dokumentation<\/a><\/li><li><a href=\"https:\/\/www.welaunch.io\/de\/wissensdatenbank\/topics\/dokan\/\"><i class=\"fa fa-users fa-4x wordpress-helpdesk-faq-topic-icon\" aria-hidden=\"true\"><\/i>Dokan Dokumentation<\/a><\/li><li><a href=\"https:\/\/www.welaunch.io\/de\/wissensdatenbank\/topics\/plugin-kaufen\/\"><i class=\"fa fa-file-text fa-1x fa-4x wordpress-helpdesk-faq-topic-icon\" aria-hidden=\"true\"><\/i>Plugin Kaufen<\/a><\/li><li><a href=\"https:\/\/www.welaunch.io\/de\/wissensdatenbank\/topics\/visual-composer\/\"><i class=\"fa fa-pen fa-4x wordpress-helpdesk-faq-topic-icon\" aria-hidden=\"true\"><\/i>Visual Composer Dokumentation<\/a><\/li><li><a href=\"https:\/\/www.welaunch.io\/de\/wissensdatenbank\/topics\/woocommerce\/\"><i class=\"fa fa-shopping-cart fa-4x wordpress-helpdesk-faq-topic-icon\" aria-hidden=\"true\"><\/i>WooCommerce Plugin Dokumentation<\/a><\/li><li><a href=\"https:\/\/www.welaunch.io\/de\/wissensdatenbank\/topics\/wordpress\/\"><i class=\"fab fa-wordpress-simple fa-4x wordpress-helpdesk-faq-topic-icon\" aria-hidden=\"true\"><\/i>WordPress-Plugins Dokumentation<\/a><\/li><\/ul><\/li><li id=\"faq_dynamic_posts-3\" class=\"widget widget_faq_dynamic_posts\"><h2 class=\"widgettitle\">Beliebte FAQs<\/h2><ul class=\"wordpress-helpdesk-faq-list\"><li><i class=\"fa fa-file-alt fa-1x\"><\/i> <a href=\"https:\/\/www.welaunch.io\/de\/wissensdatenbank\/faq\/ticket-system-shortcodes\/\">Ticket-System-K\u00fcrzel<\/a><\/li><li><i class=\"fa fa-file-alt fa-1x\"><\/i> <a href=\"https:\/\/www.welaunch.io\/de\/wissensdatenbank\/faq\/setup-wordpress-store-locator\/\">Setup the WordPress Store Locator Plugin<\/a><\/li><li><i class=\"fa fa-file-alt fa-1x\"><\/i> <a href=\"https:\/\/www.welaunch.io\/de\/wissensdatenbank\/faq\/wordpress-store-locator-kurzwahlen\/\">WordPress Shop-Locator-K\u00fcrzel<\/a><\/li><li><i class=\"fa fa-file-alt fa-1x\"><\/i> <a href=\"https:\/\/www.welaunch.io\/de\/wissensdatenbank\/faq\/setup-wordpress-helpdesk\/\">WordPress Helpdesk einrichten<\/a><\/li><li><i class=\"fa fa-file-alt fa-1x\"><\/i> <a href=\"https:\/\/www.welaunch.io\/de\/wissensdatenbank\/faq\/anfrage-wagen-korb\/\">WooCommerce-Anfrage Warenkorb &amp; Warenkorb<\/a><\/li><\/ul><\/li>                <\/div>\n                <div class=\"wordpress-helpdesk-col-sm-8\"><a href=\"https:\/\/www.welaunch.io\/de\/meine-tickets\/\" id=\"wordpress_helpdesk_back_to_my_tickets\" class=\"wordpress_helpdesk_back_to_my_tickets\">&lt; Zur\u00fcck zu meinen Tickets<\/a><form action=\"\/de\/wp-json\/wp\/v2\/pages\/13\" enctype=\"multipart\/form-data\" class=\"wordpress-helpdesk-form wordpress-helpdesk-Envato\" autocomplete=\"off\" method=\"post\"><input class=\"form-control\" name=\"helpdesk_form\" type=\"hidden\" value=\"Envato\"><div class=\"form-group\"><label for=\"helpdesk_username\">Name  *<\/label><input class=\"form-control\" type=\"text\" required name=\"helpdesk_username\" pattern=\"[a-zA-Z0-9 \\u00C0-\\u00ff]+\" value=\"\" size=\"40\" \/><\/div><div class=\"form-group\"><label for=\"helpdesk_email\">Deine E-Mail  *<\/label><input class=\"form-control\" required type=\"email\" name=\"helpdesk_email\" value=\"\" size=\"40\" \/><\/div><div class=\"form-group\"><label for=\"helpdesk_\">Kauf-Code *<\/label><input class=\"form-control\" type=\"text\" required name=\"helpdesk_purchase_code\" pattern=\"[a-zA-Z0-9\\-]+\" value=\"\" size=\"40\" \/><\/div><div class=\"form-group helpdesk-form-url\"><label>Fehler URL * *<input class=\"form-control\" required type=\"url\" name=\"fehler_url\" value=\"\" \/><\/label><\/div><div class=\"form-group helpdesk-form-url\"><label>WP Admin URL<input class=\"form-control\" type=\"url\" name=\"wp_admin_url\" value=\"\" \/><\/label><\/div><div class=\"form-group helpdesk-form-text\"><label>WP Admin Username<input class=\"form-control\" type=\"text\" name=\"wp_admin_username\" value=\"\" \/><\/label><\/div><div class=\"form-group helpdesk-form-text\"><label>WP Admin Password<input class=\"form-control\" type=\"text\" name=\"wp_admin_password\" value=\"\" \/><\/label><\/div><div class=\"form-group\"><label for=\"helpdesk_subject\">Betreff *<\/label><input class=\"form-control wordpress-helpdesk-faq-searchterm \" required type=\"text\" name=\"helpdesk_subject\" value=\"\" \/><div class=\"wordpress-helpdesk-faq-live-search-results\" style=\"display: none;\"><\/div><\/div><div class=\"form-group helpdesk-url\"><label for=\"helpdesk_website_url\">Textfeld \"Webseite \/ URL\"<\/label><input class=\"form-control\" type=\"url\" name=\"helpdesk_website_url\" value=\"\" \/><\/div><div class=\"form-group helpdesk-attachments\"><label for=\"helpdesk-attachments\">Dateiuploads<\/label><input name=\"helpdesk-attachments[]\" type=\"file\" multiple><\/div><div class=\"form-group\"><label for=\"helpdesk_message\">Nachricht*<\/label><div id=\"wp-helpdesk_message-wrap\" class=\"wp-core-ui wp-editor-wrap tmce-active\"><link rel='stylesheet' id='dashicons-css' href='https:\/\/www.welaunch.io\/de\/wp-includes\/css\/dashicons.min.css?ver=6.9.4' type='text\/css' media='all' \/>\n<link rel='stylesheet' id='editor-buttons-css' href='https:\/\/www.welaunch.io\/de\/wp-includes\/css\/editor.min.css?ver=6.9.4' type='text\/css' media='all' \/>\n<div id=\"wp-helpdesk_message-editor-tools\" class=\"wp-editor-tools hide-if-no-js\"><div class=\"wp-editor-tabs\"><button type=\"button\" id=\"helpdesk_message-tmce\" aria-pressed=\"true\" class=\"wp-switch-editor switch-tmce\" data-wp-editor-id=\"helpdesk_message\">Visuell<\/button>\n<button type=\"button\" id=\"helpdesk_message-html\" class=\"wp-switch-editor switch-html\" data-wp-editor-id=\"helpdesk_message\">Code<\/button>\n<\/div>\n<\/div>\n<div id=\"wp-helpdesk_message-editor-container\" class=\"wp-editor-container\"><div id=\"qt_helpdesk_message_toolbar\" class=\"quicktags-toolbar hide-if-no-js\"><\/div><textarea class=\"wp-editor-area\" rows=\"15\" autocomplete=\"off\" cols=\"40\" name=\"helpdesk_message\" id=\"helpdesk_message\"><\/textarea><\/div>\n<\/div>\n\n<\/div><div class=\"form-group helpdesk-privacy\"><label for=\"helpdesk_privacy\"><input id=\"helpdesk_privacy\" name=\"helpdesk_privacy\" type=\"checkbox\" required>Die <a href=\"https:\/\/www.welaunch.io\/de\/datenschutzerklaerung\/\" target=\"_blank\">Datenschutzrichtlinie<\/a> habe ich zur Kenntnis genommen und best\u00e4tige die Verarbeitung der Daten im Rahmen meiner Anfrage. *<\/label><\/div><div class=\"form-group helpdesk-text-before\"><p>Damit wir schneller Ihr Ticket l\u00f6sen k\u00f6nnen, f\u00fcgen Sie bitte direkt die Login-Daten eines Administrators hinzu.<\/p>\n<p>Stellen Sie sicher, dass Sie die Anmeldedaten testen, BEVOR Sie das Ticket erstellen.<\/p>\n<\/div><div class=\"form-group\"><input type=\"submit\" name=\"helpdesk_submitted\" value=\"Ticket erstellen\"\/><\/div><\/form><\/div><\/div><\/div>\n\t\t<\/div>\n\t\t\t\t\t<\/div>\n\n\t\n\n\t<div id=\"col-1786492652\" class=\"col medium-6 small-12 large-6\"  >\n\t\t\t\t<div class=\"col-inner\"  >\n\t\t\t\n\t\t\t\n<span class=\"scroll-to\" data-label=\"Scroll to: #contact\" data-bullet=\"false\" data-link=\"#contact\" data-title=\"contact\"><a name=\"contact\"><\/a><\/span>\n<div class=\"container section-title-container\" style=\"margin-top:5px;margin-bottom:5px;\"><h3 class=\"section-title section-title-normal\"><b aria-hidden=\"true\"><\/b><span class=\"section-title-main\" style=\"font-size:80%;\">Website &amp; Customization Support<\/span><b aria-hidden=\"true\"><\/b><\/h3><\/div>\n<p>F\u00fcr Website-, allgemeine oder kundenspezifische Unterst\u00fctzung verwenden Sie bitte dieses Formular.<\/p>\n\t<div id=\"gap-1570292285\" class=\"gap-element clearfix\" style=\"display:block; height:auto;\">\n\t\t\n<style>\n#gap-1570292285 {\n  padding-top: 30px;\n}\n<\/style>\n\t<\/div>\n\t\n\n<div class=\"wpcf7 no-js\" id=\"wpcf7-f375-o1\" lang=\"en-US\" dir=\"ltr\" data-wpcf7-id=\"375\">\n<div class=\"screen-reader-response\"><p role=\"status\" aria-live=\"polite\" aria-atomic=\"true\"><\/p> <ul><\/ul><\/div>\n<form action=\"\/de\/wp-json\/wp\/v2\/pages\/13#wpcf7-f375-o1\" method=\"post\" class=\"wpcf7-form init\" aria-label=\"Contact form\" novalidate=\"novalidate\" data-status=\"init\">\n<fieldset class=\"hidden-fields-container\"><input type=\"hidden\" name=\"_wpcf7\" value=\"375\" \/><input type=\"hidden\" name=\"_wpcf7_version\" value=\"6.1.5\" \/><input type=\"hidden\" name=\"_wpcf7_locale\" value=\"en_US\" \/><input type=\"hidden\" name=\"_wpcf7_unit_tag\" value=\"wpcf7-f375-o1\" \/><input type=\"hidden\" name=\"_wpcf7_container_post\" value=\"0\" \/><input type=\"hidden\" name=\"_wpcf7_posted_data_hash\" value=\"\" \/>\n<\/fieldset>\n<div class=\"row\">\n\t<div class=\"col small-12 large-6\">\n\t\t<p><label> Vorname *<br \/>\n<span class=\"wpcf7-form-control-wrap\" data-name=\"your-first-name\"><input size=\"40\" maxlength=\"400\" class=\"wpcf7-form-control wpcf7-text wpcf7-validates-as-required\" aria-required=\"true\" aria-invalid=\"false\" value=\"\" type=\"text\" name=\"your-first-name\" \/><\/span><br \/>\n<\/label>\n\t\t<\/p>\n\t<\/div>\n\t<div class=\"col small-12 large-6\">\n\t\t<p><label> Nachname *<br \/>\n<span class=\"wpcf7-form-control-wrap\" data-name=\"your-last-name\"><input size=\"40\" maxlength=\"400\" class=\"wpcf7-form-control wpcf7-text wpcf7-validates-as-required\" aria-required=\"true\" aria-invalid=\"false\" value=\"\" type=\"text\" name=\"your-last-name\" \/><\/span><br \/>\n<\/label>\n\t\t<\/p>\n\t<\/div>\n<\/div>\n<div class=\"row\">\n\t<div class=\"col small-12 large-6\">\n\t\t<p><label> Email *<br \/>\n<span class=\"wpcf7-form-control-wrap\" data-name=\"your-email\"><input size=\"40\" maxlength=\"400\" class=\"wpcf7-form-control wpcf7-email wpcf7-validates-as-required wpcf7-text wpcf7-validates-as-email\" aria-required=\"true\" aria-invalid=\"false\" value=\"\" type=\"email\" name=\"your-email\" \/><\/span><br \/>\n<\/label>\n\t\t<\/p>\n\t<\/div>\n\t<div class=\"col small-12 large-6\">\n\t\t<p><label> Telefonnummer<br \/>\n<span class=\"wpcf7-form-control-wrap\" data-name=\"your-phone\"><input size=\"40\" maxlength=\"400\" class=\"wpcf7-form-control wpcf7-tel wpcf7-text wpcf7-validates-as-tel\" aria-invalid=\"false\" value=\"\" type=\"tel\" name=\"your-phone\" \/><\/span><br \/>\n<\/label>\n\t\t<\/p>\n\t<\/div>\n<\/div>\n<div class=\"row\">\n\t<div class=\"col small-12 large-6\">\n\t\t<p><label> Webseite URL *<br \/>\n<span class=\"wpcf7-form-control-wrap\" data-name=\"your-company\"><input size=\"40\" maxlength=\"400\" class=\"wpcf7-form-control wpcf7-text wpcf7-validates-as-required\" aria-required=\"true\" aria-invalid=\"false\" value=\"\" type=\"text\" name=\"your-company\" \/><\/span><br \/>\n<\/label>\n\t\t<\/p>\n\t<\/div>\n\t<div class=\"col small-12 large-6\">\n\t\t<p><label> Job Position<br \/>\n<span class=\"wpcf7-form-control-wrap\" data-name=\"your-position\"><input size=\"40\" maxlength=\"400\" class=\"wpcf7-form-control wpcf7-text\" aria-invalid=\"false\" value=\"\" type=\"text\" name=\"your-position\" \/><\/span><br \/>\n<\/label>\n\t\t<\/p>\n\t<\/div>\n<\/div>\n<div class=\"row\">\n\t<div class=\"col small-12\">\n\t\t<p><label> Betreff<br \/>\n<span class=\"wpcf7-form-control-wrap\" data-name=\"subject\"><select class=\"wpcf7-form-control wpcf7-select wpcf7-validates-as-required\" aria-required=\"true\" aria-invalid=\"false\" name=\"subject\"><option value=\"Webseite Erstellen\">Webseite Erstellen<\/option><option value=\"Plugin Customization\">Plugin Customization<\/option><option value=\"Digitale Werbung (SEA)\">Digitale Werbung (SEA)<\/option><option value=\"Suchmaschinen-Optimierung (SEO)\">Suchmaschinen-Optimierung (SEO)<\/option><option value=\"Anderes\">Anderes<\/option><\/select><\/span><br \/>\n<\/label>\n\t\t<\/p>\n\t<\/div>\n<\/div>\n<div class=\"row\">\n\t<div class=\"col small-12\">\n\t\t<p><label> Detaillierte Projekt-Beschreibung<br \/>\n<span class=\"wpcf7-form-control-wrap\" data-name=\"message\"><textarea cols=\"40\" rows=\"10\" maxlength=\"2000\" class=\"wpcf7-form-control wpcf7-textarea\" aria-invalid=\"false\" name=\"message\"><\/textarea><\/span><br \/>\n<\/label>\n\t\t<\/p>\n\t\t<p><span class=\"wpcf7-form-control-wrap\" data-name=\"acceptance-144\"><span class=\"wpcf7-form-control wpcf7-acceptance\"><span class=\"wpcf7-list-item\"><label><input type=\"checkbox\" name=\"acceptance-144\" value=\"1\" aria-invalid=\"false\" \/><span class=\"wpcf7-list-item-label\">Ich stimme der <a href=\"\/de\/datenschutzerklaerung\/\" target=\"_blank\">Datenschutzkl\u00e4rung<\/a> zu.<\/span><\/label><\/span><\/span><\/span>\n\t\t<\/p>\n\t\t<p><input class=\"wpcf7-form-control wpcf7-submit has-spinner\" type=\"submit\" value=\"Senden\" \/>\n\t\t<\/p>\n\t<\/div>\n<\/div><input type=\"hidden\" id=\"ct_checkjs_cf7_2bcab9d935d219641434683dd9d18a03\" name=\"ct_checkjs_cf7\" value=\"0\" \/><script >setTimeout(function(){var ct_input_name = \"ct_checkjs_cf7_2bcab9d935d219641434683dd9d18a03\";if (document.getElementById(ct_input_name) !== null) {var ct_input_value = document.getElementById(ct_input_name).value;document.getElementById(ct_input_name).value = document.getElementById(ct_input_name).value.replace(ct_input_value, 'da9f2496a88f00b47758f58a9b018e4712129214e4e2e4934eaee6e75b12edc1');}}, 1000);<\/script><input\n                    class=\"apbct_special_field apbct_email_id__wp_contact_form_7\"\n                    name=\"apbct__email_id__wp_contact_form_7\"\n                    aria-label=\"apbct__label_id__wp_contact_form_7\"\n                    type=\"text\" size=\"30\" maxlength=\"200\" autocomplete=\"off\"\n                    value=\"\"\n                \/><div class=\"wpcf7-response-output\" aria-hidden=\"true\"><\/div>\n<\/form>\n<\/div>\n\n\t\t<\/div>\n\t\t\t\t\t<\/div>\n\n\t\n<\/div>\n\t\t<\/div>\n\n\t\t\n<style>\n#section_456382878 {\n  padding-top: 50px;\n  padding-bottom: 50px;\n}\n<\/style>\n\t<\/section>\n\t\n","protected":false},"excerpt":{"rendered":"","protected":false},"author":1,"featured_media":0,"parent":0,"menu_order":0,"comment_status":"closed","ping_status":"closed","template":"","meta":{"inline_featured_image":false,"footnotes":""},"class_list":["post-13","page","type-page","status-publish","hentry"],"_links":{"self":[{"href":"https:\/\/www.welaunch.io\/de\/wp-json\/wp\/v2\/pages\/13","targetHints":{"allow":["GET"]}}],"collection":[{"href":"https:\/\/www.welaunch.io\/de\/wp-json\/wp\/v2\/pages"}],"about":[{"href":"https:\/\/www.welaunch.io\/de\/wp-json\/wp\/v2\/types\/page"}],"author":[{"embeddable":true,"href":"https:\/\/www.welaunch.io\/de\/wp-json\/wp\/v2\/users\/1"}],"replies":[{"embeddable":true,"href":"https:\/\/www.welaunch.io\/de\/wp-json\/wp\/v2\/comments?post=13"}],"version-history":[{"count":10,"href":"https:\/\/www.welaunch.io\/de\/wp-json\/wp\/v2\/pages\/13\/revisions"}],"predecessor-version":[{"id":7075,"href":"https:\/\/www.welaunch.io\/de\/wp-json\/wp\/v2\/pages\/13\/revisions\/7075"}],"wp:attachment":[{"href":"https:\/\/www.welaunch.io\/de\/wp-json\/wp\/v2\/media?parent=13"}],"curies":[{"name":"wp","href":"https:\/\/api.w.org\/{rel}","templated":true}]}}